{"id":19624,"date":"2024-03-01T16:57:15","date_gmt":"2024-03-01T15:57:15","guid":{"rendered":"https:\/\/u15jnbdpoq.preview.infomaniak.website\/produit\/forma-de-bolo-de-cartao-branco-33-x-5-cm\/"},"modified":"2026-04-28T18:00:29","modified_gmt":"2026-04-28T16:00:29","slug":"forma-de-bolo-de-cartao-branco-33-x-5-cm","status":"publish","type":"product","link":"https:\/\/www.csj-emballages.com\/pt-pt\/produit\/forma-de-bolo-de-cartao-branco-33-x-5-cm\/","title":{"rendered":"Forma de bolo de cart\u00e3o branco 32 x 5 cm"},"content":{"rendered":"<h2>Caixa de bolo<\/h2>\n<hr>\n<h3>Descri\u00e7\u00e3o da caixa de cart\u00e3o branco para bolos 32 x 5 cm<\/h3>\n<p><!--more--><\/p>\n<p>Descubra a <strong>caixa para bolos em cart\u00e3o branco de 32 x 5 cm<\/strong>, a ferramenta perfeita para apresentar as suas deliciosas cria\u00e7\u00f5es de pastelaria. Concebida especificamente para profissionais de pastelaria, padaria e restaura\u00e7\u00e3o, combina solidez e eleg\u00e2ncia num formato concebido para as melhores sobremesas. <\/p>\n<p>Esta <strong>caixa<\/strong> <strong>de cart\u00e3o branca<\/strong>, com o seu <strong>estilo minimalista<\/strong> e despojado, destaca os seus bolos sem se desviar do elemento principal: o deleite. Com <g id=\"gid_3\">dimens\u00f5es de 32 cm<\/g> <g id=\"gid_4\">de comprimento<\/g> e <g id=\"gid_5\">5 cm de altura<\/g>, esta caixa \u00e9 ideal para bolos grandes, entremets prolongados, tartes delicadas ou mesmo troncos fora de \u00e9poca. O cart\u00e3o de qualidade alimentar garante uma robustez superior durante o transporte, protegendo eficazmente os seus pratos contra choques ou sujidade.  <\/p>\n<p>R\u00e1pido e f\u00e1cil de utilizar, simplifica n\u00e3o s\u00f3 a instala\u00e7\u00e3o da sobremesa, mas tamb\u00e9m a sua remo\u00e7\u00e3o pelos seus clientes. Gra\u00e7as ao seu design inteligente, \u00e9 f\u00e1cil de guardar em sacos. <\/p>\n<p>Este <strong>bolo em caixa<\/strong>, popular entre os artes\u00e3os e os entusiastas da pastelaria, destaca-se pelo seu car\u00e1cter neutro e pela sua capacidade de apresentar uma variedade de decora\u00e7\u00f5es. Quer se trate de uma sobremesa cl\u00e1ssica ou de uma inova\u00e7\u00e3o moderna, \u00e9 perfeito para todas as suas apresenta\u00e7\u00f5es. <\/p>\n<p>Em suma, a escolha desta <strong>forma<\/strong> <strong>de cart\u00e3o branco<\/strong> para bolos dar\u00e1 aos seus bolos uma embalagem verdadeiramente protetora e elegante.<\/p>\n<p><!--more--><\/p>\n<h4>Vantagens :<\/h4>\n<ul>\n<li><strong data-start=\"1532\" data-end=\"1550\">Cart\u00e3o robusto<\/strong> adequado para contacto com alimentos.<\/li>\n<li>Tamanho ideal para bolos e pastelaria.<\/li>\n<li><strong>Cor branca s\u00f3bria<\/strong>, f\u00e1cil de personalizar.<\/li>\n<li>Prote\u00e7\u00e3o eficaz contra o esmagamento.<\/li>\n<li>Adequado para utiliza\u00e7\u00e3o profissional e privada.<\/li>\n<\/ul>\n<p>&nbsp;<\/p>\n<p><!--more--><\/p>\n<div>\n<h4>Outras informa\u00e7\u00f5es :<\/h4>\n<ul>\n<li><strong>Embalagem<\/strong>: Por unidade<\/li>\n<li><strong>Dimens\u00f5es<\/strong>: 32 x 5 cm<\/li>\n<li><b>Cor <\/b>: Branco<\/li>\n<li><strong>Material<\/strong>: Cart\u00e3o<\/li>\n<\/ul>\n<p>&nbsp;<\/p>\n<\/div>\n<p><!--more--><\/p>\n<p>Esta forma de bolo est\u00e1 dispon\u00edvel em diferentes tamanhos: <span style=\"color: #d12727;\"><a style=\"color: #d12727;\" href=\"https:\/\/www.csj-emballages.com\/es\/produit\/molde-de-carton-blanco-14-x-6-cm\/\">14 x 6 cm<\/a><\/span> \/ <span style=\"color: #d12727;\"><a style=\"color: #d12727;\" href=\"https:\/\/www.csj-emballages.com\/es\/produit\/molde-de-carton-blanco-16-x-5-cm\/\">16 x 5 cm<\/a><\/span> \/ <span style=\"color: #d12727;\"><a style=\"color: #d12727;\" href=\"https:\/\/www.csj-emballages.com\/es\/produit\/molde-de-carton-blanco-18-x-5-cm\/\">18 x 5 cm<\/a><\/span> \/ <span style=\"color: #d12727;\"><a style=\"color: #d12727;\" href=\"https:\/\/www.csj-emballages.com\/es\/produit\/molde-de-carton-blanco-20-x-5-cm\/\">20 x 5 cm<\/a><\/span> \/ <span style=\"color: #d12727;\"><a style=\"color: #d12727;\" href=\"https:\/\/www.csj-emballages.com\/es\/produit\/molde-de-carton-blanco-23-x-5-cm\/\">23 x 5 cm<\/a> <\/span>\/ <span style=\"color: #d12727;\"><a style=\"color: #d12727;\" href=\"https:\/\/www.csj-emballages.com\/es\/produit\/caja-para-tartas-de-carton-blanco-26-x-5-cm\/\">26 x 5 cm<\/a><\/span> \/ <span style=\"color: #d12727;\"><a style=\"color: #d12727;\" href=\"https:\/\/www.csj-emballages.com\/es\/produit\/molde-de-carton-blanco-29-x-5-cm\/\">29 x 5 cm<\/a><\/span><\/p>\n<div>\n<div><\/div>\n<\/div>\n<p><!--more--><\/p>\n<p><a href=\"\/?product_cat=boite-charniere-pour-patisseries\">V\u00ea o resto da nossa gama de caixas de pastelaria com dobradi\u00e7as<\/a><\/p>\n","protected":false},"excerpt":{"rendered":"<p>Caixa de bolo Descri\u00e7\u00e3o da caixa de cart\u00e3o branco para bolos 32 x 5 cm<\/p>\n","protected":false},"featured_media":242389,"template":"","meta":{"_acf_changed":false},"product_brand":[],"product_cat":[1141,1177,1258,2156],"product_tag":[],"class_list":{"0":"post-19624","1":"product","2":"type-product","3":"status-publish","4":"has-post-thumbnail","6":"product_cat-embalagem-de-alimentos","7":"product_cat-padaria-e-pastelaria","8":"product_cat-caixas-de-pastelaria","9":"product_cat-caixa-de-pastelaria-branca-a-lunite","11":"first","12":"instock","13":"taxable","14":"shipping-taxable","15":"purchasable","16":"product-type-simple"},"acf":[],"yoast_head":"<!-- This site is optimized with the Yoast SEO Premium plugin v26.6 (Yoast SEO v26.6) - https:\/\/yoast.com\/wordpress\/plugins\/seo\/ -->\n<title>Caixa para bolos de cart\u00e3o branco 32 x 5 cm<\/title>\n<meta name=\"description\" content=\"Forma para bolos em cart\u00e3o branco de 32 x 5 cm: ideal para fatias de bolo, bolachas ou doces. Resistente e personaliz\u00e1vel.\" \/>\n<meta name=\"robots\" content=\"index, follow, max-snippet:-1, max-image-preview:large, max-video-preview:-1\" \/>\n<link rel=\"canonical\" href=\"https:\/\/www.csj-emballages.com\/pt-pt\/produit\/forma-de-bolo-de-cartao-branco-33-x-5-cm\/\" \/>\n<meta property=\"og:locale\" content=\"pt_PT\" \/>\n<meta property=\"og:type\" content=\"article\" \/>\n<meta property=\"og:title\" content=\"Forma de bolo de cart\u00e3o branco 32 x 5 cm\" \/>\n<meta property=\"og:description\" content=\"Forma para bolos em cart\u00e3o branco de 32 x 5 cm: ideal para fatias de bolo, bolachas ou doces. Resistente e personaliz\u00e1vel.\" \/>\n<meta property=\"og:url\" content=\"https:\/\/www.csj-emballages.com\/pt-pt\/produit\/forma-de-bolo-de-cartao-branco-33-x-5-cm\/\" \/>\n<meta property=\"og:site_name\" content=\"CSJ Emballages\" \/>\n<meta property=\"article:publisher\" content=\"https:\/\/www.facebook.com\/csjemballages\" \/>\n<meta property=\"article:modified_time\" content=\"2026-04-28T16:00:29+00:00\" \/>\n<meta property=\"og:image\" content=\"https:\/\/www.csj-emballages.com\/wp-content\/uploads\/2024\/03\/BG14X6BL.webp\" \/>\n\t<meta property=\"og:image:width\" content=\"800\" \/>\n\t<meta property=\"og:image:height\" content=\"800\" \/>\n\t<meta property=\"og:image:type\" content=\"image\/webp\" \/>\n<meta name=\"twitter:card\" content=\"summary_large_image\" \/>\n<meta name=\"twitter:label1\" content=\"Tempo estimado de leitura\" \/>\n\t<meta name=\"twitter:data1\" content=\"2 minutos\" \/>\n<script type=\"application\/ld+json\" class=\"yoast-schema-graph\">{\"@context\":\"https:\/\/schema.org\",\"@graph\":[{\"@type\":\"WebPage\",\"@id\":\"https:\/\/www.csj-emballages.com\/pt-pt\/produit\/forma-de-bolo-de-cartao-branco-33-x-5-cm\/\",\"url\":\"https:\/\/www.csj-emballages.com\/pt-pt\/produit\/forma-de-bolo-de-cartao-branco-33-x-5-cm\/\",\"name\":\"Caixa para bolos de cart\u00e3o branco 32 x 5 cm\",\"isPartOf\":{\"@id\":\"https:\/\/www.csj-emballages.com\/pt-pt\/#website\"},\"primaryImageOfPage\":{\"@id\":\"https:\/\/www.csj-emballages.com\/pt-pt\/produit\/forma-de-bolo-de-cartao-branco-33-x-5-cm\/#primaryimage\"},\"image\":{\"@id\":\"https:\/\/www.csj-emballages.com\/pt-pt\/produit\/forma-de-bolo-de-cartao-branco-33-x-5-cm\/#primaryimage\"},\"thumbnailUrl\":\"https:\/\/www.csj-emballages.com\/wp-content\/uploads\/2024\/03\/BG14X6BL.webp\",\"datePublished\":\"2024-03-01T15:57:15+00:00\",\"dateModified\":\"2026-04-28T16:00:29+00:00\",\"description\":\"Forma para bolos em cart\u00e3o branco de 32 x 5 cm: ideal para fatias de bolo, bolachas ou doces. Resistente e personaliz\u00e1vel.\",\"breadcrumb\":{\"@id\":\"https:\/\/www.csj-emballages.com\/pt-pt\/produit\/forma-de-bolo-de-cartao-branco-33-x-5-cm\/#breadcrumb\"},\"inLanguage\":\"pt-PT\",\"potentialAction\":[{\"@type\":\"ReadAction\",\"target\":[\"https:\/\/www.csj-emballages.com\/pt-pt\/produit\/forma-de-bolo-de-cartao-branco-33-x-5-cm\/\"]}]},{\"@type\":\"ImageObject\",\"inLanguage\":\"pt-PT\",\"@id\":\"https:\/\/www.csj-emballages.com\/pt-pt\/produit\/forma-de-bolo-de-cartao-branco-33-x-5-cm\/#primaryimage\",\"url\":\"https:\/\/www.csj-emballages.com\/wp-content\/uploads\/2024\/03\/BG14X6BL.webp\",\"contentUrl\":\"https:\/\/www.csj-emballages.com\/wp-content\/uploads\/2024\/03\/BG14X6BL.webp\",\"width\":800,\"height\":800,\"caption\":\"Boite g\u00e2teau\"},{\"@type\":\"BreadcrumbList\",\"@id\":\"https:\/\/www.csj-emballages.com\/pt-pt\/produit\/forma-de-bolo-de-cartao-branco-33-x-5-cm\/#breadcrumb\",\"itemListElement\":[{\"@type\":\"ListItem\",\"position\":1,\"name\":\"Acolhimento\",\"item\":\"https:\/\/www.csj-emballages.com\/pt-pt\/universo-das-embalagens-alimentares\/\"},{\"@type\":\"ListItem\",\"position\":2,\"name\":\"Shop\",\"item\":\"https:\/\/www.csj-emballages.com\/shop\/\"},{\"@type\":\"ListItem\",\"position\":3,\"name\":\"Forma de bolo de cart\u00e3o branco 32 x 5 cm\"}]},{\"@type\":\"WebSite\",\"@id\":\"https:\/\/www.csj-emballages.com\/pt-pt\/#website\",\"url\":\"https:\/\/www.csj-emballages.com\/pt-pt\/\",\"name\":\"CSJ Emballages\",\"description\":\"\",\"publisher\":{\"@id\":\"https:\/\/www.csj-emballages.com\/pt-pt\/#organization\"},\"potentialAction\":[{\"@type\":\"SearchAction\",\"target\":{\"@type\":\"EntryPoint\",\"urlTemplate\":\"https:\/\/www.csj-emballages.com\/pt-pt\/?s={search_term_string}\"},\"query-input\":{\"@type\":\"PropertyValueSpecification\",\"valueRequired\":true,\"valueName\":\"search_term_string\"}}],\"inLanguage\":\"pt-PT\"},{\"@type\":\"Organization\",\"@id\":\"https:\/\/www.csj-emballages.com\/pt-pt\/#Organization\/\",\"name\":\"CSJ Emballages\",\"url\":\"https:\/\/www.csj-emballages.com\/pt-pt\/\",\"logo\":{\"@type\":\"ImageObject\",\"inLanguage\":\"pt-PT\",\"@id\":\"https:\/\/www.csj-emballages.com\/pt-pt\/#\/schema\/logo\/image\/\",\"url\":\"https:\/\/www.csj-emballages.com\/wp-content\/uploads\/2023\/10\/logo_csj.webp\",\"contentUrl\":\"https:\/\/www.csj-emballages.com\/wp-content\/uploads\/2023\/10\/logo_csj.webp\",\"width\":250,\"height\":95,\"caption\":\"CSJ Emballages\"},\"image\":{\"@id\":\"https:\/\/www.csj-emballages.com\/pt-pt\/#\/schema\/logo\/image\/\"},\"sameAs\":[\"https:\/\/www.facebook.com\/csjemballages\"],\"address\":{\"@type\":\"PostalAddress\",\"streetAddress\":\"ZI La Lechere\",\"addressLocality\":\"Patornay\",\"postalCode\":\"39130\",\"addressCountry\":\"FR\"},\"contactPoint\":[{\"@type\":\"ContactPoint\",\"contactType\":\"Service client\",\"telephone\":\"0384254272\",\"email\":\"contact@csj-emballages.com\"}]}]}<\/script>\n<!-- \/ Yoast SEO Premium plugin. -->","yoast_head_json":{"title":"Caixa para bolos de cart\u00e3o branco 32 x 5 cm","description":"Forma para bolos em cart\u00e3o branco de 32 x 5 cm: ideal para fatias de bolo, bolachas ou doces. Resistente e personaliz\u00e1vel.","robots":{"index":"index","follow":"follow","max-snippet":"max-snippet:-1","max-image-preview":"max-image-preview:large","max-video-preview":"max-video-preview:-1"},"canonical":"https:\/\/www.csj-emballages.com\/pt-pt\/produit\/forma-de-bolo-de-cartao-branco-33-x-5-cm\/","og_locale":"pt_PT","og_type":"article","og_title":"Forma de bolo de cart\u00e3o branco 32 x 5 cm","og_description":"Forma para bolos em cart\u00e3o branco de 32 x 5 cm: ideal para fatias de bolo, bolachas ou doces. Resistente e personaliz\u00e1vel.","og_url":"https:\/\/www.csj-emballages.com\/pt-pt\/produit\/forma-de-bolo-de-cartao-branco-33-x-5-cm\/","og_site_name":"CSJ Emballages","article_publisher":"https:\/\/www.facebook.com\/csjemballages","article_modified_time":"2026-04-28T16:00:29+00:00","og_image":[{"width":800,"height":800,"url":"https:\/\/www.csj-emballages.com\/wp-content\/uploads\/2024\/03\/BG14X6BL.webp","type":"image\/webp"}],"twitter_card":"summary_large_image","twitter_misc":{"Tempo estimado de leitura":"2 minutos"},"schema":{"@context":"https:\/\/schema.org","@graph":[{"@type":"WebPage","@id":"https:\/\/www.csj-emballages.com\/pt-pt\/produit\/forma-de-bolo-de-cartao-branco-33-x-5-cm\/","url":"https:\/\/www.csj-emballages.com\/pt-pt\/produit\/forma-de-bolo-de-cartao-branco-33-x-5-cm\/","name":"Caixa para bolos de cart\u00e3o branco 32 x 5 cm","isPartOf":{"@id":"https:\/\/www.csj-emballages.com\/pt-pt\/#website"},"primaryImageOfPage":{"@id":"https:\/\/www.csj-emballages.com\/pt-pt\/produit\/forma-de-bolo-de-cartao-branco-33-x-5-cm\/#primaryimage"},"image":{"@id":"https:\/\/www.csj-emballages.com\/pt-pt\/produit\/forma-de-bolo-de-cartao-branco-33-x-5-cm\/#primaryimage"},"thumbnailUrl":"https:\/\/www.csj-emballages.com\/wp-content\/uploads\/2024\/03\/BG14X6BL.webp","datePublished":"2024-03-01T15:57:15+00:00","dateModified":"2026-04-28T16:00:29+00:00","description":"Forma para bolos em cart\u00e3o branco de 32 x 5 cm: ideal para fatias de bolo, bolachas ou doces. Resistente e personaliz\u00e1vel.","breadcrumb":{"@id":"https:\/\/www.csj-emballages.com\/pt-pt\/produit\/forma-de-bolo-de-cartao-branco-33-x-5-cm\/#breadcrumb"},"inLanguage":"pt-PT","potentialAction":[{"@type":"ReadAction","target":["https:\/\/www.csj-emballages.com\/pt-pt\/produit\/forma-de-bolo-de-cartao-branco-33-x-5-cm\/"]}]},{"@type":"ImageObject","inLanguage":"pt-PT","@id":"https:\/\/www.csj-emballages.com\/pt-pt\/produit\/forma-de-bolo-de-cartao-branco-33-x-5-cm\/#primaryimage","url":"https:\/\/www.csj-emballages.com\/wp-content\/uploads\/2024\/03\/BG14X6BL.webp","contentUrl":"https:\/\/www.csj-emballages.com\/wp-content\/uploads\/2024\/03\/BG14X6BL.webp","width":800,"height":800,"caption":"Boite g\u00e2teau"},{"@type":"BreadcrumbList","@id":"https:\/\/www.csj-emballages.com\/pt-pt\/produit\/forma-de-bolo-de-cartao-branco-33-x-5-cm\/#breadcrumb","itemListElement":[{"@type":"ListItem","position":1,"name":"Acolhimento","item":"https:\/\/www.csj-emballages.com\/pt-pt\/universo-das-embalagens-alimentares\/"},{"@type":"ListItem","position":2,"name":"Shop","item":"https:\/\/www.csj-emballages.com\/shop\/"},{"@type":"ListItem","position":3,"name":"Forma de bolo de cart\u00e3o branco 32 x 5 cm"}]},{"@type":"WebSite","@id":"https:\/\/www.csj-emballages.com\/pt-pt\/#website","url":"https:\/\/www.csj-emballages.com\/pt-pt\/","name":"CSJ Emballages","description":"","publisher":{"@id":"https:\/\/www.csj-emballages.com\/pt-pt\/#organization"},"potentialAction":[{"@type":"SearchAction","target":{"@type":"EntryPoint","urlTemplate":"https:\/\/www.csj-emballages.com\/pt-pt\/?s={search_term_string}"},"query-input":{"@type":"PropertyValueSpecification","valueRequired":true,"valueName":"search_term_string"}}],"inLanguage":"pt-PT"},{"@type":"Organization","@id":"https:\/\/www.csj-emballages.com\/pt-pt\/#Organization\/","name":"CSJ Emballages","url":"https:\/\/www.csj-emballages.com\/pt-pt\/","logo":{"@type":"ImageObject","inLanguage":"pt-PT","@id":"https:\/\/www.csj-emballages.com\/pt-pt\/#\/schema\/logo\/image\/","url":"https:\/\/www.csj-emballages.com\/wp-content\/uploads\/2023\/10\/logo_csj.webp","contentUrl":"https:\/\/www.csj-emballages.com\/wp-content\/uploads\/2023\/10\/logo_csj.webp","width":250,"height":95,"caption":"CSJ Emballages"},"image":{"@id":"https:\/\/www.csj-emballages.com\/pt-pt\/#\/schema\/logo\/image\/"},"sameAs":["https:\/\/www.facebook.com\/csjemballages"],"address":{"@type":"PostalAddress","streetAddress":"ZI La Lechere","addressLocality":"Patornay","postalCode":"39130","addressCountry":"FR"},"contactPoint":[{"@type":"ContactPoint","contactType":"Service client","telephone":"0384254272","email":"contact@csj-emballages.com"}]}]}},"df_price":1.21,"df_sale_price":"","df_regular_price":1.21,"df_image_link":"https:\/\/www.csj-emballages.com\/wp-content\/uploads\/2024\/03\/BG14X6BL-300x300.webp","tiered_pricing_type":"fixed","tiered_pricing_fixed_rules":[],"tiered_pricing_percentage_rules":[],"tiered_pricing_minimum":1,"tiered_pricing_roles_data":[],"_links":{"self":[{"href":"https:\/\/www.csj-emballages.com\/pt-pt\/wp-json\/wp\/v2\/product\/19624","targetHints":{"allow":["GET"]}}],"collection":[{"href":"https:\/\/www.csj-emballages.com\/pt-pt\/wp-json\/wp\/v2\/product"}],"about":[{"href":"https:\/\/www.csj-emballages.com\/pt-pt\/wp-json\/wp\/v2\/types\/product"}],"wp:featuredmedia":[{"embeddable":true,"href":"https:\/\/www.csj-emballages.com\/pt-pt\/wp-json\/wp\/v2\/media\/242389"}],"wp:attachment":[{"href":"https:\/\/www.csj-emballages.com\/pt-pt\/wp-json\/wp\/v2\/media?parent=19624"}],"wp:term":[{"taxonomy":"product_brand","embeddable":true,"href":"https:\/\/www.csj-emballages.com\/pt-pt\/wp-json\/wp\/v2\/product_brand?post=19624"},{"taxonomy":"product_cat","embeddable":true,"href":"https:\/\/www.csj-emballages.com\/pt-pt\/wp-json\/wp\/v2\/product_cat?post=19624"},{"taxonomy":"product_tag","embeddable":true,"href":"https:\/\/www.csj-emballages.com\/pt-pt\/wp-json\/wp\/v2\/product_tag?post=19624"}],"curies":[{"name":"wp","href":"https:\/\/api.w.org\/{rel}","templated":true}]}}