{"id":19586,"date":"2024-03-01T16:57:16","date_gmt":"2024-03-01T15:57:16","guid":{"rendered":"https:\/\/u15jnbdpoq.preview.infomaniak.website\/produit\/forma-de-bolo-de-cartao-branco-18-x-5-cm\/"},"modified":"2026-03-25T02:11:05","modified_gmt":"2026-03-25T01:11:05","slug":"forma-de-bolo-de-cartao-branco-18-x-5-cm","status":"publish","type":"product","link":"https:\/\/www.csj-emballages.com\/pt-pt\/produit\/forma-de-bolo-de-cartao-branco-18-x-5-cm\/","title":{"rendered":"Forma de bolo de cart\u00e3o branco 18 x 5 cm"},"content":{"rendered":"<h2>Caixa de bolo<\/h2>\n<hr>\n<h3>Descri\u00e7\u00e3o da caixa de cart\u00e3o branco para bolos de 18 x 5 cm<\/h3>\n<p><!--more--><\/p>\n<p>Descubra a <strong>caixa para bolos em cart\u00e3o branco de 18 x 5 cm<\/strong>, uma embalagem elegante e discreta concebida para valorizar os seus doces. A sua <strong>cor branca<\/strong> oferece um aspeto neutro que complementa todos os estilos, desde os doces cl\u00e1ssicos \u00e0s sobremesas contempor\u00e2neas e aos doces caseiros. Esta <strong>caixa para bolos<\/strong> compacta e bem organizada facilita o transporte de fatias de bolo, sobremesas individuais ou pequenas guloseimas para oferecer.  <\/p>\n<p>Fabricado em <strong>cart\u00e3o de qualidade alimentar<\/strong>, proporciona uma excelente prote\u00e7\u00e3o aos seus alimentos, mantendo-os frescos. A sua robustez evita qualquer perigo de esmagamento e proporciona a prote\u00e7\u00e3o de que necessita quando se desloca. Quer seja um padeiro, um pasteleiro, um fornecedor de catering ou simplesmente um amante de comida, esta <strong>caixa<\/strong> ir\u00e1 satisfazer as suas expectativas.  <\/p>\n<p><strong>Com 18 x 5 cm<\/strong>, \u00e9 perfeito para por\u00e7\u00f5es individuais ou pequenas quantidades. Gra\u00e7as ao seu tamanho reduzido, tamb\u00e9m poupa espa\u00e7o na arruma\u00e7\u00e3o. O seu <strong>aspeto minimalista<\/strong> pode ser adaptado com uma <strong>etiqueta<\/strong>, um autocolante ou mesmo uma fita para valorizar a sua marca e dar aos seus clientes um toque mais acolhedor.  <\/p>\n<p>\u00c9 uma op\u00e7\u00e3o pr\u00e1tica e eficiente para apresentar os seus bolos, garantindo uma desloca\u00e7\u00e3o sem complica\u00e7\u00f5es. Ofere\u00e7a aos seus clientes uma experi\u00eancia agrad\u00e1vel, desde a primeira impress\u00e3o at\u00e9 \u00e0 degusta\u00e7\u00e3o. <\/p>\n<p>&nbsp;<\/p>\n<p><!--more--><\/p>\n<h4>Vantagens :<\/h4>\n<ul>\n<li><strong data-start=\"1532\" data-end=\"1550\">Cart\u00e3o robusto<\/strong> adequado para contacto com alimentos.<\/li>\n<li>Tamanho ideal para fatias de bolo e pastelaria pequena.<\/li>\n<li><strong>Cor branca s\u00f3bria<\/strong>, f\u00e1cil de personalizar.<\/li>\n<li>Prote\u00e7\u00e3o eficaz contra o esmagamento.<\/li>\n<li>Adequado para utiliza\u00e7\u00e3o profissional e privada.<\/li>\n<\/ul>\n<p>&nbsp;<\/p>\n<p><!--more--><\/p>\n<div>\n<h4>Outras informa\u00e7\u00f5es :<\/h4>\n<ul>\n<li><strong>Embalagem<\/strong>: Por unidade<\/li>\n<li><strong>Dimens\u00f5es<\/strong>: 18 x 5 cm<\/li>\n<li><b>Cor <\/b>: Branco<\/li>\n<li><strong>Material<\/strong>: Cart\u00e3o<\/li>\n<\/ul>\n<p>&nbsp;<\/p>\n<\/div>\n<p><!--more--><\/p>\n<p>Esta forma de bolo est\u00e1 dispon\u00edvel em diferentes tamanhos: <span style=\"color: #d12727;\"><a style=\"color: #d12727;\" href=\"https:\/\/www.csj-emballages.com\/pt-pt\/produit\/forma-de-bolo-de-cartao-branco-14-x-6-cm\/\">14 x 6 cm<\/a><\/span> \/ <span style=\"color: #d12727;\"><a style=\"color: #d12727;\" href=\"https:\/\/www.csj-emballages.com\/pt-pt\/produit\/forma-de-bolo-de-cartao-branco-16-x-5-cm\/\">16 x 5 cm<\/a><\/span> \/ <span style=\"color: #d12727;\"><a style=\"color: #d12727;\" href=\"https:\/\/www.csj-emballages.com\/pt-pt\/produit\/forma-de-bolo-de-cartao-branco-20-x-5-cm\/\">20 x 5 cm<\/a><\/span> \/ <span style=\"color: #d12727;\"><a style=\"color: #d12727;\" href=\"https:\/\/www.csj-emballages.com\/pt-pt\/produit\/forma-de-bolo-de-cartao-branco-23-x-5-cm\/\">23 x 5 cm<\/a><\/span> \/ <span style=\"color: #d12727;\"><a style=\"color: #d12727;\" href=\"https:\/\/www.csj-emballages.com\/pt-pt\/produit\/caixa-de-cartao-branco-para-bolos-26-x-5-cm\/\">26 x 5 cm<\/a> <\/span>\/ <span style=\"color: #d12727;\"><a style=\"color: #d12727;\" href=\"https:\/\/www.csj-emballages.com\/pt-pt\/produit\/forma-de-bolo-de-cartao-branco-29-x-5-cm\/\">29 x 5 cm<\/a><\/span> \/ <span style=\"color: #d12727;\"><a style=\"color: #d12727;\" href=\"https:\/\/www.csj-emballages.com\/pt-pt\/produit\/forma-de-bolo-de-cartao-branco-33-x-5-cm\/\">33 x 5 cm<\/a><\/span><\/p>\n<div>\n<div><\/div>\n<\/div>\n<p><!--more--><\/p>\n<p><a href=\"\/?product_cat=boite-charniere-pour-patisseries\">V\u00ea o resto da nossa gama de caixas de pastelaria com dobradi\u00e7as<\/a><\/p>\n","protected":false},"excerpt":{"rendered":"<p>Caixa de bolo Descri\u00e7\u00e3o da caixa de cart\u00e3o branco para bolos de 18 x 5 cm<\/p>\n","protected":false},"featured_media":242389,"template":"","meta":{"_acf_changed":false},"product_brand":[],"product_cat":[1141,1177,1258,2156],"product_tag":[],"class_list":{"0":"post-19586","1":"product","2":"type-product","3":"status-publish","4":"has-post-thumbnail","6":"product_cat-embalagem-de-alimentos","7":"product_cat-padaria-e-pastelaria","8":"product_cat-caixas-de-pastelaria","9":"product_cat-caixa-de-pastelaria-branca-a-lunite","11":"first","12":"instock","13":"taxable","14":"shipping-taxable","15":"purchasable","16":"product-type-simple"},"acf":[],"yoast_head":"<!-- This site is optimized with the Yoast SEO Premium plugin v26.6 (Yoast SEO v26.6) - https:\/\/yoast.com\/wordpress\/plugins\/seo\/ -->\n<title>Caixa para bolos de cart\u00e3o branco 18 x 5 cm<\/title>\n<meta name=\"description\" content=\"Caixa para bolos em cart\u00e3o branco de 18 x 5 cm, s\u00f3lida e simples, ideal para proteger e apresentar os seus bolos e doces.\" \/>\n<meta name=\"robots\" content=\"index, follow, max-snippet:-1, max-image-preview:large, max-video-preview:-1\" \/>\n<link rel=\"canonical\" href=\"https:\/\/www.csj-emballages.com\/pt-pt\/produit\/forma-de-bolo-de-cartao-branco-18-x-5-cm\/\" \/>\n<meta property=\"og:locale\" content=\"pt_PT\" \/>\n<meta property=\"og:type\" content=\"article\" \/>\n<meta property=\"og:title\" content=\"Forma de bolo de cart\u00e3o branco 18 x 5 cm\" \/>\n<meta property=\"og:description\" content=\"Caixa para bolos em cart\u00e3o branco de 18 x 5 cm, s\u00f3lida e simples, ideal para proteger e apresentar os seus bolos e doces.\" \/>\n<meta property=\"og:url\" content=\"https:\/\/www.csj-emballages.com\/pt-pt\/produit\/forma-de-bolo-de-cartao-branco-18-x-5-cm\/\" \/>\n<meta property=\"og:site_name\" content=\"CSJ Emballages\" \/>\n<meta property=\"article:publisher\" content=\"https:\/\/www.facebook.com\/csjemballages\" \/>\n<meta property=\"article:modified_time\" content=\"2026-03-25T01:11:05+00:00\" \/>\n<meta property=\"og:image\" content=\"https:\/\/www.csj-emballages.com\/wp-content\/uploads\/2024\/03\/BG14X6BL.webp\" \/>\n\t<meta property=\"og:image:width\" content=\"800\" \/>\n\t<meta property=\"og:image:height\" content=\"800\" \/>\n\t<meta property=\"og:image:type\" content=\"image\/webp\" \/>\n<meta name=\"twitter:card\" content=\"summary_large_image\" \/>\n<meta name=\"twitter:label1\" content=\"Tempo estimado de leitura\" \/>\n\t<meta name=\"twitter:data1\" content=\"2 minutos\" \/>\n<script type=\"application\/ld+json\" class=\"yoast-schema-graph\">{\"@context\":\"https:\/\/schema.org\",\"@graph\":[{\"@type\":\"WebPage\",\"@id\":\"https:\/\/www.csj-emballages.com\/pt-pt\/produit\/forma-de-bolo-de-cartao-branco-18-x-5-cm\/\",\"url\":\"https:\/\/www.csj-emballages.com\/pt-pt\/produit\/forma-de-bolo-de-cartao-branco-18-x-5-cm\/\",\"name\":\"Caixa para bolos de cart\u00e3o branco 18 x 5 cm\",\"isPartOf\":{\"@id\":\"https:\/\/www.csj-emballages.com\/pt-pt\/#website\"},\"primaryImageOfPage\":{\"@id\":\"https:\/\/www.csj-emballages.com\/pt-pt\/produit\/forma-de-bolo-de-cartao-branco-18-x-5-cm\/#primaryimage\"},\"image\":{\"@id\":\"https:\/\/www.csj-emballages.com\/pt-pt\/produit\/forma-de-bolo-de-cartao-branco-18-x-5-cm\/#primaryimage\"},\"thumbnailUrl\":\"https:\/\/www.csj-emballages.com\/wp-content\/uploads\/2024\/03\/BG14X6BL.webp\",\"datePublished\":\"2024-03-01T15:57:16+00:00\",\"dateModified\":\"2026-03-25T01:11:05+00:00\",\"description\":\"Caixa para bolos em cart\u00e3o branco de 18 x 5 cm, s\u00f3lida e simples, ideal para proteger e apresentar os seus bolos e doces.\",\"breadcrumb\":{\"@id\":\"https:\/\/www.csj-emballages.com\/pt-pt\/produit\/forma-de-bolo-de-cartao-branco-18-x-5-cm\/#breadcrumb\"},\"inLanguage\":\"pt-PT\",\"potentialAction\":[{\"@type\":\"ReadAction\",\"target\":[\"https:\/\/www.csj-emballages.com\/pt-pt\/produit\/forma-de-bolo-de-cartao-branco-18-x-5-cm\/\"]}]},{\"@type\":\"ImageObject\",\"inLanguage\":\"pt-PT\",\"@id\":\"https:\/\/www.csj-emballages.com\/pt-pt\/produit\/forma-de-bolo-de-cartao-branco-18-x-5-cm\/#primaryimage\",\"url\":\"https:\/\/www.csj-emballages.com\/wp-content\/uploads\/2024\/03\/BG14X6BL.webp\",\"contentUrl\":\"https:\/\/www.csj-emballages.com\/wp-content\/uploads\/2024\/03\/BG14X6BL.webp\",\"width\":800,\"height\":800,\"caption\":\"Boite g\u00e2teau\"},{\"@type\":\"BreadcrumbList\",\"@id\":\"https:\/\/www.csj-emballages.com\/pt-pt\/produit\/forma-de-bolo-de-cartao-branco-18-x-5-cm\/#breadcrumb\",\"itemListElement\":[{\"@type\":\"ListItem\",\"position\":1,\"name\":\"Acolhimento\",\"item\":\"https:\/\/www.csj-emballages.com\/pt-pt\/universo-das-embalagens-alimentares\/\"},{\"@type\":\"ListItem\",\"position\":2,\"name\":\"Shop\",\"item\":\"https:\/\/www.csj-emballages.com\/shop\/\"},{\"@type\":\"ListItem\",\"position\":3,\"name\":\"Forma de bolo de cart\u00e3o branco 18 x 5 cm\"}]},{\"@type\":\"WebSite\",\"@id\":\"https:\/\/www.csj-emballages.com\/pt-pt\/#website\",\"url\":\"https:\/\/www.csj-emballages.com\/pt-pt\/\",\"name\":\"CSJ Emballages\",\"description\":\"\",\"publisher\":{\"@id\":\"https:\/\/www.csj-emballages.com\/pt-pt\/#organization\"},\"potentialAction\":[{\"@type\":\"SearchAction\",\"target\":{\"@type\":\"EntryPoint\",\"urlTemplate\":\"https:\/\/www.csj-emballages.com\/pt-pt\/?s={search_term_string}\"},\"query-input\":{\"@type\":\"PropertyValueSpecification\",\"valueRequired\":true,\"valueName\":\"search_term_string\"}}],\"inLanguage\":\"pt-PT\"},{\"@type\":\"Organization\",\"@id\":\"https:\/\/www.csj-emballages.com\/pt-pt\/#Organization\/\",\"name\":\"CSJ Emballages\",\"url\":\"https:\/\/www.csj-emballages.com\/pt-pt\/\",\"logo\":{\"@type\":\"ImageObject\",\"inLanguage\":\"pt-PT\",\"@id\":\"https:\/\/www.csj-emballages.com\/pt-pt\/#\/schema\/logo\/image\/\",\"url\":\"https:\/\/www.csj-emballages.com\/wp-content\/uploads\/2023\/10\/logo_csj.webp\",\"contentUrl\":\"https:\/\/www.csj-emballages.com\/wp-content\/uploads\/2023\/10\/logo_csj.webp\",\"width\":250,\"height\":95,\"caption\":\"CSJ Emballages\"},\"image\":{\"@id\":\"https:\/\/www.csj-emballages.com\/pt-pt\/#\/schema\/logo\/image\/\"},\"sameAs\":[\"https:\/\/www.facebook.com\/csjemballages\"],\"address\":{\"@type\":\"PostalAddress\",\"streetAddress\":\"ZI La Lechere\",\"addressLocality\":\"Patornay\",\"postalCode\":\"39130\",\"addressCountry\":\"FR\"},\"contactPoint\":[{\"@type\":\"ContactPoint\",\"contactType\":\"Service client\",\"telephone\":\"0384254272\",\"email\":\"contact@csj-emballages.com\"}]}]}<\/script>\n<!-- \/ Yoast SEO Premium plugin. -->","yoast_head_json":{"title":"Caixa para bolos de cart\u00e3o branco 18 x 5 cm","description":"Caixa para bolos em cart\u00e3o branco de 18 x 5 cm, s\u00f3lida e simples, ideal para proteger e apresentar os seus bolos e doces.","robots":{"index":"index","follow":"follow","max-snippet":"max-snippet:-1","max-image-preview":"max-image-preview:large","max-video-preview":"max-video-preview:-1"},"canonical":"https:\/\/www.csj-emballages.com\/pt-pt\/produit\/forma-de-bolo-de-cartao-branco-18-x-5-cm\/","og_locale":"pt_PT","og_type":"article","og_title":"Forma de bolo de cart\u00e3o branco 18 x 5 cm","og_description":"Caixa para bolos em cart\u00e3o branco de 18 x 5 cm, s\u00f3lida e simples, ideal para proteger e apresentar os seus bolos e doces.","og_url":"https:\/\/www.csj-emballages.com\/pt-pt\/produit\/forma-de-bolo-de-cartao-branco-18-x-5-cm\/","og_site_name":"CSJ Emballages","article_publisher":"https:\/\/www.facebook.com\/csjemballages","article_modified_time":"2026-03-25T01:11:05+00:00","og_image":[{"width":800,"height":800,"url":"https:\/\/www.csj-emballages.com\/wp-content\/uploads\/2024\/03\/BG14X6BL.webp","type":"image\/webp"}],"twitter_card":"summary_large_image","twitter_misc":{"Tempo estimado de leitura":"2 minutos"},"schema":{"@context":"https:\/\/schema.org","@graph":[{"@type":"WebPage","@id":"https:\/\/www.csj-emballages.com\/pt-pt\/produit\/forma-de-bolo-de-cartao-branco-18-x-5-cm\/","url":"https:\/\/www.csj-emballages.com\/pt-pt\/produit\/forma-de-bolo-de-cartao-branco-18-x-5-cm\/","name":"Caixa para bolos de cart\u00e3o branco 18 x 5 cm","isPartOf":{"@id":"https:\/\/www.csj-emballages.com\/pt-pt\/#website"},"primaryImageOfPage":{"@id":"https:\/\/www.csj-emballages.com\/pt-pt\/produit\/forma-de-bolo-de-cartao-branco-18-x-5-cm\/#primaryimage"},"image":{"@id":"https:\/\/www.csj-emballages.com\/pt-pt\/produit\/forma-de-bolo-de-cartao-branco-18-x-5-cm\/#primaryimage"},"thumbnailUrl":"https:\/\/www.csj-emballages.com\/wp-content\/uploads\/2024\/03\/BG14X6BL.webp","datePublished":"2024-03-01T15:57:16+00:00","dateModified":"2026-03-25T01:11:05+00:00","description":"Caixa para bolos em cart\u00e3o branco de 18 x 5 cm, s\u00f3lida e simples, ideal para proteger e apresentar os seus bolos e doces.","breadcrumb":{"@id":"https:\/\/www.csj-emballages.com\/pt-pt\/produit\/forma-de-bolo-de-cartao-branco-18-x-5-cm\/#breadcrumb"},"inLanguage":"pt-PT","potentialAction":[{"@type":"ReadAction","target":["https:\/\/www.csj-emballages.com\/pt-pt\/produit\/forma-de-bolo-de-cartao-branco-18-x-5-cm\/"]}]},{"@type":"ImageObject","inLanguage":"pt-PT","@id":"https:\/\/www.csj-emballages.com\/pt-pt\/produit\/forma-de-bolo-de-cartao-branco-18-x-5-cm\/#primaryimage","url":"https:\/\/www.csj-emballages.com\/wp-content\/uploads\/2024\/03\/BG14X6BL.webp","contentUrl":"https:\/\/www.csj-emballages.com\/wp-content\/uploads\/2024\/03\/BG14X6BL.webp","width":800,"height":800,"caption":"Boite g\u00e2teau"},{"@type":"BreadcrumbList","@id":"https:\/\/www.csj-emballages.com\/pt-pt\/produit\/forma-de-bolo-de-cartao-branco-18-x-5-cm\/#breadcrumb","itemListElement":[{"@type":"ListItem","position":1,"name":"Acolhimento","item":"https:\/\/www.csj-emballages.com\/pt-pt\/universo-das-embalagens-alimentares\/"},{"@type":"ListItem","position":2,"name":"Shop","item":"https:\/\/www.csj-emballages.com\/shop\/"},{"@type":"ListItem","position":3,"name":"Forma de bolo de cart\u00e3o branco 18 x 5 cm"}]},{"@type":"WebSite","@id":"https:\/\/www.csj-emballages.com\/pt-pt\/#website","url":"https:\/\/www.csj-emballages.com\/pt-pt\/","name":"CSJ Emballages","description":"","publisher":{"@id":"https:\/\/www.csj-emballages.com\/pt-pt\/#organization"},"potentialAction":[{"@type":"SearchAction","target":{"@type":"EntryPoint","urlTemplate":"https:\/\/www.csj-emballages.com\/pt-pt\/?s={search_term_string}"},"query-input":{"@type":"PropertyValueSpecification","valueRequired":true,"valueName":"search_term_string"}}],"inLanguage":"pt-PT"},{"@type":"Organization","@id":"https:\/\/www.csj-emballages.com\/pt-pt\/#Organization\/","name":"CSJ Emballages","url":"https:\/\/www.csj-emballages.com\/pt-pt\/","logo":{"@type":"ImageObject","inLanguage":"pt-PT","@id":"https:\/\/www.csj-emballages.com\/pt-pt\/#\/schema\/logo\/image\/","url":"https:\/\/www.csj-emballages.com\/wp-content\/uploads\/2023\/10\/logo_csj.webp","contentUrl":"https:\/\/www.csj-emballages.com\/wp-content\/uploads\/2023\/10\/logo_csj.webp","width":250,"height":95,"caption":"CSJ Emballages"},"image":{"@id":"https:\/\/www.csj-emballages.com\/pt-pt\/#\/schema\/logo\/image\/"},"sameAs":["https:\/\/www.facebook.com\/csjemballages"],"address":{"@type":"PostalAddress","streetAddress":"ZI La Lechere","addressLocality":"Patornay","postalCode":"39130","addressCountry":"FR"},"contactPoint":[{"@type":"ContactPoint","contactType":"Service client","telephone":"0384254272","email":"contact@csj-emballages.com"}]}]}},"df_price":0.62,"df_sale_price":"","df_regular_price":0.62,"df_image_link":"https:\/\/www.csj-emballages.com\/wp-content\/uploads\/2024\/03\/BG14X6BL-300x300.webp","tiered_pricing_type":"fixed","tiered_pricing_fixed_rules":[],"tiered_pricing_percentage_rules":[],"tiered_pricing_minimum":1,"tiered_pricing_roles_data":[],"_links":{"self":[{"href":"https:\/\/www.csj-emballages.com\/pt-pt\/wp-json\/wp\/v2\/product\/19586","targetHints":{"allow":["GET"]}}],"collection":[{"href":"https:\/\/www.csj-emballages.com\/pt-pt\/wp-json\/wp\/v2\/product"}],"about":[{"href":"https:\/\/www.csj-emballages.com\/pt-pt\/wp-json\/wp\/v2\/types\/product"}],"wp:featuredmedia":[{"embeddable":true,"href":"https:\/\/www.csj-emballages.com\/pt-pt\/wp-json\/wp\/v2\/media\/242389"}],"wp:attachment":[{"href":"https:\/\/www.csj-emballages.com\/pt-pt\/wp-json\/wp\/v2\/media?parent=19586"}],"wp:term":[{"taxonomy":"product_brand","embeddable":true,"href":"https:\/\/www.csj-emballages.com\/pt-pt\/wp-json\/wp\/v2\/product_brand?post=19586"},{"taxonomy":"product_cat","embeddable":true,"href":"https:\/\/www.csj-emballages.com\/pt-pt\/wp-json\/wp\/v2\/product_cat?post=19586"},{"taxonomy":"product_tag","embeddable":true,"href":"https:\/\/www.csj-emballages.com\/pt-pt\/wp-json\/wp\/v2\/product_tag?post=19586"}],"curies":[{"name":"wp","href":"https:\/\/api.w.org\/{rel}","templated":true}]}}