{"id":19538,"date":"2024-03-01T16:57:18","date_gmt":"2024-03-01T15:57:18","guid":{"rendered":"https:\/\/u15jnbdpoq.preview.infomaniak.website\/produit\/caixa-de-4-cupcakes-de-cartao-preto\/"},"modified":"2026-04-25T02:11:02","modified_gmt":"2026-04-25T00:11:02","slug":"caixa-de-4-cupcakes-de-cartao-preto","status":"publish","type":"product","link":"https:\/\/www.csj-emballages.com\/pt-pt\/produit\/caixa-de-4-cupcakes-de-cartao-preto\/","title":{"rendered":"Caixa de 4 cupcakes de cart\u00e3o preto"},"content":{"rendered":"<h2 style=\"text-align: left;\">Caixa de 4 cupcakes<\/h2>\n<hr>\n<h3 style=\"text-align: left;\"><span style=\"font-weight: bold;\">Descubra a nossa caixa de 4 cupcakes de cart\u00e3o preto 20 x 11 x 9 cm, embalagem de 25<\/span><\/h3>\n<p style=\"text-align: left;\"><!--more--><\/p>\n<p data-start=\"71\" data-end=\"572\">A <strong data-start=\"74\" data-end=\"109\">caixa preta de cart\u00e3o para 4 cupcakes<\/strong> \u00e9 a embalagem perfeita para mostrar as suas cria\u00e7\u00f5es de pastelaria e, ao mesmo tempo, proteg\u00ea-las. Fabricada em <g id=\"gid_1\">cart\u00e3o resistente e r\u00edgido<\/g>, garante o transporte seguro dos seus doces, sejam eles <g id=\"gid_2\">cupcakes<\/g>, muffins, brioches ou cupcakes decorados. O seu principal trunfo \u00e9 a sua <strong data-start=\"419\" data-end=\"459\">grande janela transparente em forma de sela<\/strong>, que oferece uma \u00f3ptima visibilidade dos seus produtos, tanto na montra da loja como quando s\u00e3o entregues ao cliente.  <\/p>\n<p data-start=\"574\" data-end=\"945\">Esta <strong data-start=\"580\" data-end=\"600\">caixa de pastelaria<\/strong> n\u00e3o \u00e9 apenas pr\u00e1tica, \u00e9 tamb\u00e9m elegante, gra\u00e7as \u00e0 sua cor <strong>preta intensa e elegante<\/strong>, que a torna adequada para qualquer tema: casamentos, anivers\u00e1rios, eventos empresariais ou apenas vendas numa loja. Permite-lhe apresentar os seus bolos como verdadeiras pe\u00e7as de cole\u00e7\u00e3o, sem ter de a abrir. <\/p>\n<p data-start=\"947\" data-end=\"1288\">A introdu\u00e7\u00e3o dos seus bolos \u00e9 facilitada por uma <strong data-start=\"1000\" data-end=\"1033\">abertura frontal engenhosa<\/strong>: n\u00e3o precisa de manusear excessivamente os seus bolos delicados, poupa tempo e evita o risco de danificar as suas decora\u00e7\u00f5es. Al\u00e9m disso, o cart\u00e3o de qualidade alimentar utilizado \u00e9 robusto e higi\u00e9nico, garantindo um contacto seguro com os seus produtos. <\/p>\n<p data-start=\"1290\" data-end=\"1638\">Esta <strong data-start=\"1296\" data-end=\"1316\">caixa para 4 bolos<\/strong> foi concebida para padeiros, pasteleiros e fornecedores, bem como para particulares apaixonados pela pastelaria que desejam oferecer as suas cria\u00e7\u00f5es numa caixa especialmente adaptada. Combina <strong data-start=\"1501\" data-end=\"1540\">praticidade, est\u00e9tica e prote\u00e7\u00e3o<\/strong>, tr\u00eas crit\u00e9rios essenciais para sublimar as suas sobremesas e garantir uma experi\u00eancia de sucesso para o cliente. <\/p>\n<p data-start=\"1640\" data-end=\"1797\">Em suma, trata-se de uma embalagem essencial para valorizar as suas realiza\u00e7\u00f5es, melhorar a sua apresenta\u00e7\u00e3o e refor\u00e7ar a imagem profissional da sua empresa.<\/p>\n<p style=\"text-align: left;\"><!--more--><\/p>\n<h4 style=\"text-align: left;\">As vantagens:<\/h4>\n<ul style=\"text-align: left;\">\n<li>Grande janela transparente para uma visualiza\u00e7\u00e3o \u00f3ptima.<\/li>\n<li>Abertura frontal pr\u00e1tica para uma inser\u00e7\u00e3o f\u00e1cil dos seus bolos.<\/li>\n<li>Cart\u00e3o r\u00edgido e higi\u00e9nico para prote\u00e7\u00e3o e seguran\u00e7a.<\/li>\n<li>Design elegante em preto para todas as ocasi\u00f5es.<\/li>\n<li>Ideal para pasteleiros, fornecedores de refei\u00e7\u00f5es e entusiastas da cozinha.<\/li>\n<\/ul>\n<p>&nbsp;<\/p>\n<p style=\"text-align: left;\"><!--more--><\/p>\n<h4 style=\"text-align: left;\">Outras informa\u00e7\u00f5es :<\/h4>\n<ul style=\"text-align: left;\">\n<li><strong>Embalagem<\/strong>: Por unidade<\/li>\n<li><b>Cor <\/b>: preto<\/li>\n<li><strong>Material<\/strong>: Cart\u00e3o<\/li>\n<li><strong>Dimens\u00f5es<\/strong>: 20 x 20 x 8 (C x L x A em cm)<\/li>\n<li><strong>Utiliza\u00e7\u00e3o<\/strong>: Cupcakes, muffins, mini-bolos, etc.<\/li>\n<\/ul>\n<p>&nbsp;<\/p>\n<p style=\"text-align: left;\"><!--more--><\/p>\n<p style=\"text-align: left;\">Este produto tamb\u00e9m est\u00e1 dispon\u00edvel em preto: <span style=\"color: #d12727;\"><a style=\"color: #d12727;\" href=\"https:\/\/www.csj-emballages.com\/produit\/boite-4-cupcakes-carton-blanche\/\">BCC4BL<\/a><\/span><\/p>\n<p>&nbsp;<\/p>\n<p style=\"text-align: left;\"><!--more--><\/p>\n<p style=\"text-align: left;\"><a href=\"https:\/\/www.csj-emballages.com\/pt-pt\/categorie-produit\/embalagem-de-alimentos\/padaria-e-pastelaria\/caixas-e-estojos\/caixas-para-cupcakes-pt-pt\/\">Veja o resto da nossa gama de caixas para cupcakes aqui<\/a><\/p>\n","protected":false},"excerpt":{"rendered":"<p>Caixa de 4 cupcakes Descubra a nossa caixa de 4 cupcakes de cart\u00e3o preto 20 x 11 x 9 cm, embalagem de 25<\/p>\n","protected":false},"featured_media":241644,"template":"","meta":{"_acf_changed":false},"product_brand":[],"product_cat":[1141,1177,2155,1178,1267],"product_tag":[],"class_list":{"0":"post-19538","1":"product","2":"type-product","3":"status-publish","4":"has-post-thumbnail","6":"product_cat-embalagem-de-alimentos","7":"product_cat-padaria-e-pastelaria","8":"product_cat-caixas-para-cupcakes-pt-pt","9":"product_cat-caixas-de-janela","10":"product_cat-descontos-promocoes","12":"first","13":"outofstock","14":"sale","15":"taxable","16":"shipping-taxable","17":"purchasable","18":"product-type-simple"},"acf":[],"yoast_head":"<!-- This site is optimized with the Yoast SEO Premium plugin v26.6 (Yoast SEO v26.6) - https:\/\/yoast.com\/wordpress\/plugins\/seo\/ -->\n<title>Caixa de 4 Cupcakes Cart\u00e3o preto 20 x 11 x 9 cm x 25<\/title>\n<meta name=\"description\" content=\"Caixa de cart\u00e3o preta para 4 cupcakes com uma grande janela transparente e uma abertura pr\u00e1tica. Elegante, resistente e ideal para as suas cria\u00e7\u00f5es de pastelaria.\" \/>\n<meta name=\"robots\" content=\"index, follow, max-snippet:-1, max-image-preview:large, max-video-preview:-1\" \/>\n<link rel=\"canonical\" href=\"https:\/\/www.csj-emballages.com\/pt-pt\/produit\/caixa-de-4-cupcakes-de-cartao-preto\/\" \/>\n<meta property=\"og:locale\" content=\"pt_PT\" \/>\n<meta property=\"og:type\" content=\"article\" \/>\n<meta property=\"og:title\" content=\"Caixa de 4 cupcakes de cart\u00e3o preto\" \/>\n<meta property=\"og:description\" content=\"Caixa de cart\u00e3o preta para 4 cupcakes com uma grande janela transparente e uma abertura pr\u00e1tica. Elegante, resistente e ideal para as suas cria\u00e7\u00f5es de pastelaria.\" \/>\n<meta property=\"og:url\" content=\"https:\/\/www.csj-emballages.com\/pt-pt\/produit\/caixa-de-4-cupcakes-de-cartao-preto\/\" \/>\n<meta property=\"og:site_name\" content=\"CSJ Emballages\" \/>\n<meta property=\"article:publisher\" content=\"https:\/\/www.facebook.com\/csjemballages\" \/>\n<meta property=\"article:modified_time\" content=\"2026-04-25T00:11:02+00:00\" \/>\n<meta property=\"og:image\" content=\"https:\/\/www.csj-emballages.com\/wp-content\/uploads\/2024\/03\/BCC4NOIR.webp\" \/>\n\t<meta property=\"og:image:width\" content=\"800\" \/>\n\t<meta property=\"og:image:height\" content=\"800\" \/>\n\t<meta property=\"og:image:type\" content=\"image\/webp\" \/>\n<meta name=\"twitter:card\" content=\"summary_large_image\" \/>\n<meta name=\"twitter:label1\" content=\"Tempo estimado de leitura\" \/>\n\t<meta name=\"twitter:data1\" content=\"2 minutos\" \/>\n<script type=\"application\/ld+json\" class=\"yoast-schema-graph\">{\"@context\":\"https:\/\/schema.org\",\"@graph\":[{\"@type\":\"WebPage\",\"@id\":\"https:\/\/www.csj-emballages.com\/pt-pt\/produit\/caixa-de-4-cupcakes-de-cartao-preto\/\",\"url\":\"https:\/\/www.csj-emballages.com\/pt-pt\/produit\/caixa-de-4-cupcakes-de-cartao-preto\/\",\"name\":\"Caixa de 4 Cupcakes Cart\u00e3o preto 20 x 11 x 9 cm x 25\",\"isPartOf\":{\"@id\":\"https:\/\/www.csj-emballages.com\/pt-pt\/#website\"},\"primaryImageOfPage\":{\"@id\":\"https:\/\/www.csj-emballages.com\/pt-pt\/produit\/caixa-de-4-cupcakes-de-cartao-preto\/#primaryimage\"},\"image\":{\"@id\":\"https:\/\/www.csj-emballages.com\/pt-pt\/produit\/caixa-de-4-cupcakes-de-cartao-preto\/#primaryimage\"},\"thumbnailUrl\":\"https:\/\/www.csj-emballages.com\/wp-content\/uploads\/2024\/03\/BCC4NOIR.webp\",\"datePublished\":\"2024-03-01T15:57:18+00:00\",\"dateModified\":\"2026-04-25T00:11:02+00:00\",\"description\":\"Caixa de cart\u00e3o preta para 4 cupcakes com uma grande janela transparente e uma abertura pr\u00e1tica. Elegante, resistente e ideal para as suas cria\u00e7\u00f5es de pastelaria.\",\"breadcrumb\":{\"@id\":\"https:\/\/www.csj-emballages.com\/pt-pt\/produit\/caixa-de-4-cupcakes-de-cartao-preto\/#breadcrumb\"},\"inLanguage\":\"pt-PT\",\"potentialAction\":[{\"@type\":\"ReadAction\",\"target\":[\"https:\/\/www.csj-emballages.com\/pt-pt\/produit\/caixa-de-4-cupcakes-de-cartao-preto\/\"]}]},{\"@type\":\"ImageObject\",\"inLanguage\":\"pt-PT\",\"@id\":\"https:\/\/www.csj-emballages.com\/pt-pt\/produit\/caixa-de-4-cupcakes-de-cartao-preto\/#primaryimage\",\"url\":\"https:\/\/www.csj-emballages.com\/wp-content\/uploads\/2024\/03\/BCC4NOIR.webp\",\"contentUrl\":\"https:\/\/www.csj-emballages.com\/wp-content\/uploads\/2024\/03\/BCC4NOIR.webp\",\"width\":800,\"height\":800,\"caption\":\"Boite 4 cupcakes\"},{\"@type\":\"BreadcrumbList\",\"@id\":\"https:\/\/www.csj-emballages.com\/pt-pt\/produit\/caixa-de-4-cupcakes-de-cartao-preto\/#breadcrumb\",\"itemListElement\":[{\"@type\":\"ListItem\",\"position\":1,\"name\":\"Acolhimento\",\"item\":\"https:\/\/www.csj-emballages.com\/pt-pt\/universo-das-embalagens-alimentares\/\"},{\"@type\":\"ListItem\",\"position\":2,\"name\":\"Shop\",\"item\":\"https:\/\/www.csj-emballages.com\/shop\/\"},{\"@type\":\"ListItem\",\"position\":3,\"name\":\"Caixa de 4 cupcakes de cart\u00e3o preto\"}]},{\"@type\":\"WebSite\",\"@id\":\"https:\/\/www.csj-emballages.com\/pt-pt\/#website\",\"url\":\"https:\/\/www.csj-emballages.com\/pt-pt\/\",\"name\":\"CSJ Emballages\",\"description\":\"\",\"publisher\":{\"@id\":\"https:\/\/www.csj-emballages.com\/pt-pt\/#organization\"},\"potentialAction\":[{\"@type\":\"SearchAction\",\"target\":{\"@type\":\"EntryPoint\",\"urlTemplate\":\"https:\/\/www.csj-emballages.com\/pt-pt\/?s={search_term_string}\"},\"query-input\":{\"@type\":\"PropertyValueSpecification\",\"valueRequired\":true,\"valueName\":\"search_term_string\"}}],\"inLanguage\":\"pt-PT\"},{\"@type\":\"Organization\",\"@id\":\"https:\/\/www.csj-emballages.com\/pt-pt\/#Organization\/\",\"name\":\"CSJ Emballages\",\"url\":\"https:\/\/www.csj-emballages.com\/pt-pt\/\",\"logo\":{\"@type\":\"ImageObject\",\"inLanguage\":\"pt-PT\",\"@id\":\"https:\/\/www.csj-emballages.com\/pt-pt\/#\/schema\/logo\/image\/\",\"url\":\"https:\/\/www.csj-emballages.com\/wp-content\/uploads\/2023\/10\/logo_csj.webp\",\"contentUrl\":\"https:\/\/www.csj-emballages.com\/wp-content\/uploads\/2023\/10\/logo_csj.webp\",\"width\":250,\"height\":95,\"caption\":\"CSJ Emballages\"},\"image\":{\"@id\":\"https:\/\/www.csj-emballages.com\/pt-pt\/#\/schema\/logo\/image\/\"},\"sameAs\":[\"https:\/\/www.facebook.com\/csjemballages\"],\"address\":{\"@type\":\"PostalAddress\",\"streetAddress\":\"ZI La Lechere\",\"addressLocality\":\"Patornay\",\"postalCode\":\"39130\",\"addressCountry\":\"FR\"},\"contactPoint\":[{\"@type\":\"ContactPoint\",\"contactType\":\"Service client\",\"telephone\":\"0384254272\",\"email\":\"contact@csj-emballages.com\"}]}]}<\/script>\n<!-- \/ Yoast SEO Premium plugin. -->","yoast_head_json":{"title":"Caixa de 4 Cupcakes Cart\u00e3o preto 20 x 11 x 9 cm x 25","description":"Caixa de cart\u00e3o preta para 4 cupcakes com uma grande janela transparente e uma abertura pr\u00e1tica. Elegante, resistente e ideal para as suas cria\u00e7\u00f5es de pastelaria.","robots":{"index":"index","follow":"follow","max-snippet":"max-snippet:-1","max-image-preview":"max-image-preview:large","max-video-preview":"max-video-preview:-1"},"canonical":"https:\/\/www.csj-emballages.com\/pt-pt\/produit\/caixa-de-4-cupcakes-de-cartao-preto\/","og_locale":"pt_PT","og_type":"article","og_title":"Caixa de 4 cupcakes de cart\u00e3o preto","og_description":"Caixa de cart\u00e3o preta para 4 cupcakes com uma grande janela transparente e uma abertura pr\u00e1tica. Elegante, resistente e ideal para as suas cria\u00e7\u00f5es de pastelaria.","og_url":"https:\/\/www.csj-emballages.com\/pt-pt\/produit\/caixa-de-4-cupcakes-de-cartao-preto\/","og_site_name":"CSJ Emballages","article_publisher":"https:\/\/www.facebook.com\/csjemballages","article_modified_time":"2026-04-25T00:11:02+00:00","og_image":[{"width":800,"height":800,"url":"https:\/\/www.csj-emballages.com\/wp-content\/uploads\/2024\/03\/BCC4NOIR.webp","type":"image\/webp"}],"twitter_card":"summary_large_image","twitter_misc":{"Tempo estimado de leitura":"2 minutos"},"schema":{"@context":"https:\/\/schema.org","@graph":[{"@type":"WebPage","@id":"https:\/\/www.csj-emballages.com\/pt-pt\/produit\/caixa-de-4-cupcakes-de-cartao-preto\/","url":"https:\/\/www.csj-emballages.com\/pt-pt\/produit\/caixa-de-4-cupcakes-de-cartao-preto\/","name":"Caixa de 4 Cupcakes Cart\u00e3o preto 20 x 11 x 9 cm x 25","isPartOf":{"@id":"https:\/\/www.csj-emballages.com\/pt-pt\/#website"},"primaryImageOfPage":{"@id":"https:\/\/www.csj-emballages.com\/pt-pt\/produit\/caixa-de-4-cupcakes-de-cartao-preto\/#primaryimage"},"image":{"@id":"https:\/\/www.csj-emballages.com\/pt-pt\/produit\/caixa-de-4-cupcakes-de-cartao-preto\/#primaryimage"},"thumbnailUrl":"https:\/\/www.csj-emballages.com\/wp-content\/uploads\/2024\/03\/BCC4NOIR.webp","datePublished":"2024-03-01T15:57:18+00:00","dateModified":"2026-04-25T00:11:02+00:00","description":"Caixa de cart\u00e3o preta para 4 cupcakes com uma grande janela transparente e uma abertura pr\u00e1tica. Elegante, resistente e ideal para as suas cria\u00e7\u00f5es de pastelaria.","breadcrumb":{"@id":"https:\/\/www.csj-emballages.com\/pt-pt\/produit\/caixa-de-4-cupcakes-de-cartao-preto\/#breadcrumb"},"inLanguage":"pt-PT","potentialAction":[{"@type":"ReadAction","target":["https:\/\/www.csj-emballages.com\/pt-pt\/produit\/caixa-de-4-cupcakes-de-cartao-preto\/"]}]},{"@type":"ImageObject","inLanguage":"pt-PT","@id":"https:\/\/www.csj-emballages.com\/pt-pt\/produit\/caixa-de-4-cupcakes-de-cartao-preto\/#primaryimage","url":"https:\/\/www.csj-emballages.com\/wp-content\/uploads\/2024\/03\/BCC4NOIR.webp","contentUrl":"https:\/\/www.csj-emballages.com\/wp-content\/uploads\/2024\/03\/BCC4NOIR.webp","width":800,"height":800,"caption":"Boite 4 cupcakes"},{"@type":"BreadcrumbList","@id":"https:\/\/www.csj-emballages.com\/pt-pt\/produit\/caixa-de-4-cupcakes-de-cartao-preto\/#breadcrumb","itemListElement":[{"@type":"ListItem","position":1,"name":"Acolhimento","item":"https:\/\/www.csj-emballages.com\/pt-pt\/universo-das-embalagens-alimentares\/"},{"@type":"ListItem","position":2,"name":"Shop","item":"https:\/\/www.csj-emballages.com\/shop\/"},{"@type":"ListItem","position":3,"name":"Caixa de 4 cupcakes de cart\u00e3o preto"}]},{"@type":"WebSite","@id":"https:\/\/www.csj-emballages.com\/pt-pt\/#website","url":"https:\/\/www.csj-emballages.com\/pt-pt\/","name":"CSJ Emballages","description":"","publisher":{"@id":"https:\/\/www.csj-emballages.com\/pt-pt\/#organization"},"potentialAction":[{"@type":"SearchAction","target":{"@type":"EntryPoint","urlTemplate":"https:\/\/www.csj-emballages.com\/pt-pt\/?s={search_term_string}"},"query-input":{"@type":"PropertyValueSpecification","valueRequired":true,"valueName":"search_term_string"}}],"inLanguage":"pt-PT"},{"@type":"Organization","@id":"https:\/\/www.csj-emballages.com\/pt-pt\/#Organization\/","name":"CSJ Emballages","url":"https:\/\/www.csj-emballages.com\/pt-pt\/","logo":{"@type":"ImageObject","inLanguage":"pt-PT","@id":"https:\/\/www.csj-emballages.com\/pt-pt\/#\/schema\/logo\/image\/","url":"https:\/\/www.csj-emballages.com\/wp-content\/uploads\/2023\/10\/logo_csj.webp","contentUrl":"https:\/\/www.csj-emballages.com\/wp-content\/uploads\/2023\/10\/logo_csj.webp","width":250,"height":95,"caption":"CSJ Emballages"},"image":{"@id":"https:\/\/www.csj-emballages.com\/pt-pt\/#\/schema\/logo\/image\/"},"sameAs":["https:\/\/www.facebook.com\/csjemballages"],"address":{"@type":"PostalAddress","streetAddress":"ZI La Lechere","addressLocality":"Patornay","postalCode":"39130","addressCountry":"FR"},"contactPoint":[{"@type":"ContactPoint","contactType":"Service client","telephone":"0384254272","email":"contact@csj-emballages.com"}]}]}},"df_price":0.55,"df_sale_price":0.55,"df_regular_price":0.65,"df_image_link":"https:\/\/www.csj-emballages.com\/wp-content\/uploads\/2024\/03\/BCC4NOIR-300x300.webp","tiered_pricing_type":"fixed","tiered_pricing_fixed_rules":[],"tiered_pricing_percentage_rules":[],"tiered_pricing_minimum":1,"tiered_pricing_roles_data":[],"_links":{"self":[{"href":"https:\/\/www.csj-emballages.com\/pt-pt\/wp-json\/wp\/v2\/product\/19538","targetHints":{"allow":["GET"]}}],"collection":[{"href":"https:\/\/www.csj-emballages.com\/pt-pt\/wp-json\/wp\/v2\/product"}],"about":[{"href":"https:\/\/www.csj-emballages.com\/pt-pt\/wp-json\/wp\/v2\/types\/product"}],"wp:featuredmedia":[{"embeddable":true,"href":"https:\/\/www.csj-emballages.com\/pt-pt\/wp-json\/wp\/v2\/media\/241644"}],"wp:attachment":[{"href":"https:\/\/www.csj-emballages.com\/pt-pt\/wp-json\/wp\/v2\/media?parent=19538"}],"wp:term":[{"taxonomy":"product_brand","embeddable":true,"href":"https:\/\/www.csj-emballages.com\/pt-pt\/wp-json\/wp\/v2\/product_brand?post=19538"},{"taxonomy":"product_cat","embeddable":true,"href":"https:\/\/www.csj-emballages.com\/pt-pt\/wp-json\/wp\/v2\/product_cat?post=19538"},{"taxonomy":"product_tag","embeddable":true,"href":"https:\/\/www.csj-emballages.com\/pt-pt\/wp-json\/wp\/v2\/product_tag?post=19538"}],"curies":[{"name":"wp","href":"https:\/\/api.w.org\/{rel}","templated":true}]}}