{"id":19512,"date":"2024-03-01T16:57:19","date_gmt":"2024-03-01T15:57:19","guid":{"rendered":"https:\/\/u15jnbdpoq.preview.infomaniak.website\/produit\/2-x-rolos-de-camurca-reciclada-de-2-camadas-1000-formatos-22-x-25-cm\/"},"modified":"2026-03-26T02:11:23","modified_gmt":"2026-03-26T01:11:23","slug":"2-x-rolos-de-camurca-reciclada-de-2-camadas-1000-formatos-22-x-25-cm","status":"publish","type":"product","link":"https:\/\/www.csj-emballages.com\/pt-pt\/produit\/2-x-rolos-de-camurca-reciclada-de-2-camadas-1000-formatos-22-x-25-cm\/","title":{"rendered":"Rolo de camur\u00e7a reciclada de 2 camadas 1000 formatos 22 x 25 cm, embalagem de 2"},"content":{"rendered":"<h2>Bobina de camur\u00e7a<\/h2>\n<hr>\n<h3>Descri\u00e7\u00e3o do nosso rolo de camur\u00e7a reciclada de 2 camadas 1000 formatos 22 x 25 cm por 2<\/h3>\n<p><!--more--><\/p>\n<p data-start=\"225\" data-end=\"588\">Esta <strong data-start=\"231\" data-end=\"258\">bobina camur\u00e7a reciclada<\/strong> foi concebida para responder \u00e0s necessidades do dia a dia, onde a efic\u00e1cia e a praticidade fazem realmente a diferen\u00e7a. Com as suas <strong data-start=\"383\" data-end=\"393\">2 folhas<\/strong>, oferece uma boa resist\u00eancia e uma absor\u00e7\u00e3o fi\u00e1vel, ideal para <strong>limpar, lavar ou secar rapidamente<\/strong> sem multiplicar as folhas. Ganha-se tempo e, sobretudo, evita-se o desperd\u00edcio.  <\/p>\n<p data-start=\"590\" data-end=\"1009\">Gra\u00e7as aos seus <strong data-start=\"602\" data-end=\"629\">1000 formatos por bobina<\/strong>, beneficia de uma grande autonomia. \u00c9 o tipo de produto que se instala e de que nos esquecemos, sabendo que estar\u00e1 l\u00e1 quando for necess\u00e1rio intervir, seja na cozinha, na oficina, em ambiente profissional ou em espa\u00e7os coletivos. O seu <strong data-start=\"878\" data-end=\"899\">formato de 22 x 25 cm<\/strong> \u00e9 perfeitamente equilibrado: nem demasiado grande, nem demasiado pequeno, apenas o suficiente para uma utiliza\u00e7\u00e3o eficaz.  <\/p>\n<p data-start=\"1011\" data-end=\"1273\">Fabricada a partir de <strong>papel<\/strong> <strong data-start=\"1040\" data-end=\"1051\">reciclado<\/strong>, esta bobina enquadra-se numa abordagem mais respons\u00e1vel, sem comprometer o desempenho. A sua <strong>tonalidade camur\u00e7a<\/strong> \u00e9 tamb\u00e9m uma mais-valia nos ambientes de trabalho, pois disfar\u00e7a melhor os vest\u00edgios de utiliza\u00e7\u00e3o. <\/p>\n<p data-start=\"1275\" data-end=\"1505\">Vendido <strong data-start=\"1281\" data-end=\"1297\">em lote de 2<\/strong>, esta embalagem permite proteger o seu stock, mantendo-se pr\u00e1tica de gerir. \u00c9 uma solu\u00e7\u00e3o fi\u00e1vel para os profissionais que procuram uma limpeza eficaz, duradoura e econ\u00f3mica no dia a dia. <\/p>\n<p data-start=\"1507\" data-end=\"1638\">Em resumo, esta <strong>bobina camur\u00e7a reciclada<\/strong> preenche todos os requisitos: resistente, absorvente, duradoura e pensada para uma utiliza\u00e7\u00e3o intensiva.<\/p>\n<p>&nbsp;<\/p>\n<p><!--more--><\/p>\n<h4>Vantagens :<\/h4>\n<ul>\n<li>Fabricada a partir de papel 100% reciclado.<\/li>\n<li>2 folhas para uma melhor resist\u00eancia e uma capacidade de absor\u00e7\u00e3o refor\u00e7ada.<\/li>\n<li>1000 formatos pr\u00e9-cortados (22 x 25 cm) para uma utiliza\u00e7\u00e3o f\u00e1cil.<\/li>\n<li>Lote de 2 bobinas para uma grande autonomia.<\/li>\n<li>Adequado para cozinhas profissionais, oficinas e ambientes industriais<\/li>\n<\/ul>\n<p>&nbsp;<\/p>\n<p><!--more--><\/p>\n<h4>Outras informa\u00e7\u00f5es :<\/h4>\n<ul>\n<li><strong>Embalagem<\/strong>: Pacote de 2<\/li>\n<li><strong>Dimens\u00f5es<\/strong>: 220 x 240 (h x \u00d8 em mm)<\/li>\n<li><b>N\u00famero de formatos <\/b>: 1000<\/li>\n<li><strong>N\u00famero de dobras<\/strong>: 2<\/li>\n<li><strong>Cor<\/strong>: castanho<\/li>\n<li><strong>Tipo<\/strong>: Industrial<\/li>\n<li><strong>Material <\/strong>: Camur\u00e7a<\/li>\n<\/ul>\n<p>&nbsp;<\/p>\n<p><!--more--><\/p>\n<p><span style=\"color: #d12727;\"><a style=\"color: #d12727;\" href=\"https:\/\/www.csj-emballages.com\/produit\/2-bobines-blanches-industrielles-eco-en-pure-ouate-1500-formats-2-plis\/\">Encontra aqui a nossa bobina industrial em puro algod\u00e3o<\/a><\/span><\/p>\n<p>&nbsp;<\/p>\n<p><!--more--><\/p>\n<p><a href=\"https:\/\/www.csj-emballages.com\/pt-pt\/categorie-produit\/higiene-e-manutencao\/limpar\/bobinas-industriais\/\">V\u00ea o resto da nossa gama de enroladores industriais<\/a><\/p>\n","protected":false},"excerpt":{"rendered":"<p>Bobina de camur\u00e7a Descri\u00e7\u00e3o do nosso rolo de camur\u00e7a reciclada de 2 camadas 1000 formatos 22 x 25 cm por 2<\/p>\n","protected":false},"featured_media":222100,"template":"","meta":{"_acf_changed":false},"product_brand":[],"product_cat":[1222,1382,2113],"product_tag":[],"class_list":{"0":"post-19512","1":"product","2":"type-product","3":"status-publish","4":"has-post-thumbnail","6":"product_cat-higiene-e-manutencao","7":"product_cat-limpar","8":"product_cat-bobinas-industriais","10":"first","11":"instock","12":"taxable","13":"shipping-taxable","14":"purchasable","15":"product-type-simple"},"acf":[],"yoast_head":"<!-- This site is optimized with the Yoast SEO Premium plugin v26.6 (Yoast SEO v26.6) - https:\/\/yoast.com\/wordpress\/plugins\/seo\/ -->\n<title>Bobina de camur\u00e7a reciclada de 2 camadas 1000 Tamanhos 22 x 25 cm<\/title>\n<meta name=\"description\" content=\"Rolo de camur\u00e7a reciclada de 2 camadas - 1000 formatos 22 x 25 cm. Absor\u00e7\u00e3o eficiente, ecol\u00f3gica e econ\u00f3mica. Ideal para profissionais e para a ind\u00fastria.\" \/>\n<meta name=\"robots\" content=\"index, follow, max-snippet:-1, max-image-preview:large, max-video-preview:-1\" \/>\n<link rel=\"canonical\" href=\"https:\/\/www.csj-emballages.com\/pt-pt\/produit\/2-x-rolos-de-camurca-reciclada-de-2-camadas-1000-formatos-22-x-25-cm\/\" \/>\n<meta property=\"og:locale\" content=\"pt_PT\" \/>\n<meta property=\"og:type\" content=\"article\" \/>\n<meta property=\"og:title\" content=\"Rolo de camur\u00e7a reciclada de 2 camadas 1000 formatos 22 x 25 cm, embalagem de 2\" \/>\n<meta property=\"og:description\" content=\"Rolo de camur\u00e7a reciclada de 2 camadas - 1000 formatos 22 x 25 cm. Absor\u00e7\u00e3o eficiente, ecol\u00f3gica e econ\u00f3mica. Ideal para profissionais e para a ind\u00fastria.\" \/>\n<meta property=\"og:url\" content=\"https:\/\/www.csj-emballages.com\/pt-pt\/produit\/2-x-rolos-de-camurca-reciclada-de-2-camadas-1000-formatos-22-x-25-cm\/\" \/>\n<meta property=\"og:site_name\" content=\"CSJ Emballages\" \/>\n<meta property=\"article:publisher\" content=\"https:\/\/www.facebook.com\/csjemballages\" \/>\n<meta property=\"article:modified_time\" content=\"2026-03-26T01:11:23+00:00\" \/>\n<meta property=\"og:image\" content=\"https:\/\/www.csj-emballages.com\/wp-content\/uploads\/2024\/03\/Bobine-chamois.webp\" \/>\n\t<meta property=\"og:image:width\" content=\"800\" \/>\n\t<meta property=\"og:image:height\" content=\"800\" \/>\n\t<meta property=\"og:image:type\" content=\"image\/webp\" \/>\n<meta name=\"twitter:card\" content=\"summary_large_image\" \/>\n<meta name=\"twitter:label1\" content=\"Tempo estimado de leitura\" \/>\n\t<meta name=\"twitter:data1\" content=\"2 minutos\" \/>\n<script type=\"application\/ld+json\" class=\"yoast-schema-graph\">{\"@context\":\"https:\/\/schema.org\",\"@graph\":[{\"@type\":\"WebPage\",\"@id\":\"https:\/\/www.csj-emballages.com\/pt-pt\/produit\/2-x-rolos-de-camurca-reciclada-de-2-camadas-1000-formatos-22-x-25-cm\/\",\"url\":\"https:\/\/www.csj-emballages.com\/pt-pt\/produit\/2-x-rolos-de-camurca-reciclada-de-2-camadas-1000-formatos-22-x-25-cm\/\",\"name\":\"Bobina de camur\u00e7a reciclada de 2 camadas 1000 Tamanhos 22 x 25 cm\",\"isPartOf\":{\"@id\":\"https:\/\/www.csj-emballages.com\/pt-pt\/#website\"},\"primaryImageOfPage\":{\"@id\":\"https:\/\/www.csj-emballages.com\/pt-pt\/produit\/2-x-rolos-de-camurca-reciclada-de-2-camadas-1000-formatos-22-x-25-cm\/#primaryimage\"},\"image\":{\"@id\":\"https:\/\/www.csj-emballages.com\/pt-pt\/produit\/2-x-rolos-de-camurca-reciclada-de-2-camadas-1000-formatos-22-x-25-cm\/#primaryimage\"},\"thumbnailUrl\":\"https:\/\/www.csj-emballages.com\/wp-content\/uploads\/2024\/03\/Bobine-chamois.webp\",\"datePublished\":\"2024-03-01T15:57:19+00:00\",\"dateModified\":\"2026-03-26T01:11:23+00:00\",\"description\":\"Rolo de camur\u00e7a reciclada de 2 camadas - 1000 formatos 22 x 25 cm. Absor\u00e7\u00e3o eficiente, ecol\u00f3gica e econ\u00f3mica. Ideal para profissionais e para a ind\u00fastria.\",\"breadcrumb\":{\"@id\":\"https:\/\/www.csj-emballages.com\/pt-pt\/produit\/2-x-rolos-de-camurca-reciclada-de-2-camadas-1000-formatos-22-x-25-cm\/#breadcrumb\"},\"inLanguage\":\"pt-PT\",\"potentialAction\":[{\"@type\":\"ReadAction\",\"target\":[\"https:\/\/www.csj-emballages.com\/pt-pt\/produit\/2-x-rolos-de-camurca-reciclada-de-2-camadas-1000-formatos-22-x-25-cm\/\"]}]},{\"@type\":\"ImageObject\",\"inLanguage\":\"pt-PT\",\"@id\":\"https:\/\/www.csj-emballages.com\/pt-pt\/produit\/2-x-rolos-de-camurca-reciclada-de-2-camadas-1000-formatos-22-x-25-cm\/#primaryimage\",\"url\":\"https:\/\/www.csj-emballages.com\/wp-content\/uploads\/2024\/03\/Bobine-chamois.webp\",\"contentUrl\":\"https:\/\/www.csj-emballages.com\/wp-content\/uploads\/2024\/03\/Bobine-chamois.webp\",\"width\":800,\"height\":800,\"caption\":\"Bobine chamois\"},{\"@type\":\"BreadcrumbList\",\"@id\":\"https:\/\/www.csj-emballages.com\/pt-pt\/produit\/2-x-rolos-de-camurca-reciclada-de-2-camadas-1000-formatos-22-x-25-cm\/#breadcrumb\",\"itemListElement\":[{\"@type\":\"ListItem\",\"position\":1,\"name\":\"Acolhimento\",\"item\":\"https:\/\/www.csj-emballages.com\/pt-pt\/universo-das-embalagens-alimentares\/\"},{\"@type\":\"ListItem\",\"position\":2,\"name\":\"Shop\",\"item\":\"https:\/\/www.csj-emballages.com\/shop\/\"},{\"@type\":\"ListItem\",\"position\":3,\"name\":\"Rolo de camur\u00e7a reciclada de 2 camadas 1000 formatos 22 x 25 cm, embalagem de 2\"}]},{\"@type\":\"WebSite\",\"@id\":\"https:\/\/www.csj-emballages.com\/pt-pt\/#website\",\"url\":\"https:\/\/www.csj-emballages.com\/pt-pt\/\",\"name\":\"CSJ Emballages\",\"description\":\"\",\"publisher\":{\"@id\":\"https:\/\/www.csj-emballages.com\/pt-pt\/#organization\"},\"potentialAction\":[{\"@type\":\"SearchAction\",\"target\":{\"@type\":\"EntryPoint\",\"urlTemplate\":\"https:\/\/www.csj-emballages.com\/pt-pt\/?s={search_term_string}\"},\"query-input\":{\"@type\":\"PropertyValueSpecification\",\"valueRequired\":true,\"valueName\":\"search_term_string\"}}],\"inLanguage\":\"pt-PT\"},{\"@type\":\"Organization\",\"@id\":\"https:\/\/www.csj-emballages.com\/pt-pt\/#Organization\/\",\"name\":\"CSJ Emballages\",\"url\":\"https:\/\/www.csj-emballages.com\/pt-pt\/\",\"logo\":{\"@type\":\"ImageObject\",\"inLanguage\":\"pt-PT\",\"@id\":\"https:\/\/www.csj-emballages.com\/pt-pt\/#\/schema\/logo\/image\/\",\"url\":\"https:\/\/www.csj-emballages.com\/wp-content\/uploads\/2023\/10\/logo_csj.webp\",\"contentUrl\":\"https:\/\/www.csj-emballages.com\/wp-content\/uploads\/2023\/10\/logo_csj.webp\",\"width\":250,\"height\":95,\"caption\":\"CSJ Emballages\"},\"image\":{\"@id\":\"https:\/\/www.csj-emballages.com\/pt-pt\/#\/schema\/logo\/image\/\"},\"sameAs\":[\"https:\/\/www.facebook.com\/csjemballages\"],\"address\":{\"@type\":\"PostalAddress\",\"streetAddress\":\"ZI La Lechere\",\"addressLocality\":\"Patornay\",\"postalCode\":\"39130\",\"addressCountry\":\"FR\"},\"contactPoint\":[{\"@type\":\"ContactPoint\",\"contactType\":\"Service client\",\"telephone\":\"0384254272\",\"email\":\"contact@csj-emballages.com\"}]}]}<\/script>\n<!-- \/ Yoast SEO Premium plugin. -->","yoast_head_json":{"title":"Bobina de camur\u00e7a reciclada de 2 camadas 1000 Tamanhos 22 x 25 cm","description":"Rolo de camur\u00e7a reciclada de 2 camadas - 1000 formatos 22 x 25 cm. Absor\u00e7\u00e3o eficiente, ecol\u00f3gica e econ\u00f3mica. Ideal para profissionais e para a ind\u00fastria.","robots":{"index":"index","follow":"follow","max-snippet":"max-snippet:-1","max-image-preview":"max-image-preview:large","max-video-preview":"max-video-preview:-1"},"canonical":"https:\/\/www.csj-emballages.com\/pt-pt\/produit\/2-x-rolos-de-camurca-reciclada-de-2-camadas-1000-formatos-22-x-25-cm\/","og_locale":"pt_PT","og_type":"article","og_title":"Rolo de camur\u00e7a reciclada de 2 camadas 1000 formatos 22 x 25 cm, embalagem de 2","og_description":"Rolo de camur\u00e7a reciclada de 2 camadas - 1000 formatos 22 x 25 cm. Absor\u00e7\u00e3o eficiente, ecol\u00f3gica e econ\u00f3mica. Ideal para profissionais e para a ind\u00fastria.","og_url":"https:\/\/www.csj-emballages.com\/pt-pt\/produit\/2-x-rolos-de-camurca-reciclada-de-2-camadas-1000-formatos-22-x-25-cm\/","og_site_name":"CSJ Emballages","article_publisher":"https:\/\/www.facebook.com\/csjemballages","article_modified_time":"2026-03-26T01:11:23+00:00","og_image":[{"width":800,"height":800,"url":"https:\/\/www.csj-emballages.com\/wp-content\/uploads\/2024\/03\/Bobine-chamois.webp","type":"image\/webp"}],"twitter_card":"summary_large_image","twitter_misc":{"Tempo estimado de leitura":"2 minutos"},"schema":{"@context":"https:\/\/schema.org","@graph":[{"@type":"WebPage","@id":"https:\/\/www.csj-emballages.com\/pt-pt\/produit\/2-x-rolos-de-camurca-reciclada-de-2-camadas-1000-formatos-22-x-25-cm\/","url":"https:\/\/www.csj-emballages.com\/pt-pt\/produit\/2-x-rolos-de-camurca-reciclada-de-2-camadas-1000-formatos-22-x-25-cm\/","name":"Bobina de camur\u00e7a reciclada de 2 camadas 1000 Tamanhos 22 x 25 cm","isPartOf":{"@id":"https:\/\/www.csj-emballages.com\/pt-pt\/#website"},"primaryImageOfPage":{"@id":"https:\/\/www.csj-emballages.com\/pt-pt\/produit\/2-x-rolos-de-camurca-reciclada-de-2-camadas-1000-formatos-22-x-25-cm\/#primaryimage"},"image":{"@id":"https:\/\/www.csj-emballages.com\/pt-pt\/produit\/2-x-rolos-de-camurca-reciclada-de-2-camadas-1000-formatos-22-x-25-cm\/#primaryimage"},"thumbnailUrl":"https:\/\/www.csj-emballages.com\/wp-content\/uploads\/2024\/03\/Bobine-chamois.webp","datePublished":"2024-03-01T15:57:19+00:00","dateModified":"2026-03-26T01:11:23+00:00","description":"Rolo de camur\u00e7a reciclada de 2 camadas - 1000 formatos 22 x 25 cm. Absor\u00e7\u00e3o eficiente, ecol\u00f3gica e econ\u00f3mica. Ideal para profissionais e para a ind\u00fastria.","breadcrumb":{"@id":"https:\/\/www.csj-emballages.com\/pt-pt\/produit\/2-x-rolos-de-camurca-reciclada-de-2-camadas-1000-formatos-22-x-25-cm\/#breadcrumb"},"inLanguage":"pt-PT","potentialAction":[{"@type":"ReadAction","target":["https:\/\/www.csj-emballages.com\/pt-pt\/produit\/2-x-rolos-de-camurca-reciclada-de-2-camadas-1000-formatos-22-x-25-cm\/"]}]},{"@type":"ImageObject","inLanguage":"pt-PT","@id":"https:\/\/www.csj-emballages.com\/pt-pt\/produit\/2-x-rolos-de-camurca-reciclada-de-2-camadas-1000-formatos-22-x-25-cm\/#primaryimage","url":"https:\/\/www.csj-emballages.com\/wp-content\/uploads\/2024\/03\/Bobine-chamois.webp","contentUrl":"https:\/\/www.csj-emballages.com\/wp-content\/uploads\/2024\/03\/Bobine-chamois.webp","width":800,"height":800,"caption":"Bobine chamois"},{"@type":"BreadcrumbList","@id":"https:\/\/www.csj-emballages.com\/pt-pt\/produit\/2-x-rolos-de-camurca-reciclada-de-2-camadas-1000-formatos-22-x-25-cm\/#breadcrumb","itemListElement":[{"@type":"ListItem","position":1,"name":"Acolhimento","item":"https:\/\/www.csj-emballages.com\/pt-pt\/universo-das-embalagens-alimentares\/"},{"@type":"ListItem","position":2,"name":"Shop","item":"https:\/\/www.csj-emballages.com\/shop\/"},{"@type":"ListItem","position":3,"name":"Rolo de camur\u00e7a reciclada de 2 camadas 1000 formatos 22 x 25 cm, embalagem de 2"}]},{"@type":"WebSite","@id":"https:\/\/www.csj-emballages.com\/pt-pt\/#website","url":"https:\/\/www.csj-emballages.com\/pt-pt\/","name":"CSJ Emballages","description":"","publisher":{"@id":"https:\/\/www.csj-emballages.com\/pt-pt\/#organization"},"potentialAction":[{"@type":"SearchAction","target":{"@type":"EntryPoint","urlTemplate":"https:\/\/www.csj-emballages.com\/pt-pt\/?s={search_term_string}"},"query-input":{"@type":"PropertyValueSpecification","valueRequired":true,"valueName":"search_term_string"}}],"inLanguage":"pt-PT"},{"@type":"Organization","@id":"https:\/\/www.csj-emballages.com\/pt-pt\/#Organization\/","name":"CSJ Emballages","url":"https:\/\/www.csj-emballages.com\/pt-pt\/","logo":{"@type":"ImageObject","inLanguage":"pt-PT","@id":"https:\/\/www.csj-emballages.com\/pt-pt\/#\/schema\/logo\/image\/","url":"https:\/\/www.csj-emballages.com\/wp-content\/uploads\/2023\/10\/logo_csj.webp","contentUrl":"https:\/\/www.csj-emballages.com\/wp-content\/uploads\/2023\/10\/logo_csj.webp","width":250,"height":95,"caption":"CSJ Emballages"},"image":{"@id":"https:\/\/www.csj-emballages.com\/pt-pt\/#\/schema\/logo\/image\/"},"sameAs":["https:\/\/www.facebook.com\/csjemballages"],"address":{"@type":"PostalAddress","streetAddress":"ZI La Lechere","addressLocality":"Patornay","postalCode":"39130","addressCountry":"FR"},"contactPoint":[{"@type":"ContactPoint","contactType":"Service client","telephone":"0384254272","email":"contact@csj-emballages.com"}]}]}},"df_price":13.6,"df_sale_price":"","df_regular_price":13.6,"df_image_link":"https:\/\/www.csj-emballages.com\/wp-content\/uploads\/2024\/03\/Bobine-chamois-300x300.webp","tiered_pricing_type":"fixed","tiered_pricing_fixed_rules":[],"tiered_pricing_percentage_rules":[],"tiered_pricing_minimum":1,"tiered_pricing_roles_data":[],"_links":{"self":[{"href":"https:\/\/www.csj-emballages.com\/pt-pt\/wp-json\/wp\/v2\/product\/19512","targetHints":{"allow":["GET"]}}],"collection":[{"href":"https:\/\/www.csj-emballages.com\/pt-pt\/wp-json\/wp\/v2\/product"}],"about":[{"href":"https:\/\/www.csj-emballages.com\/pt-pt\/wp-json\/wp\/v2\/types\/product"}],"wp:featuredmedia":[{"embeddable":true,"href":"https:\/\/www.csj-emballages.com\/pt-pt\/wp-json\/wp\/v2\/media\/222100"}],"wp:attachment":[{"href":"https:\/\/www.csj-emballages.com\/pt-pt\/wp-json\/wp\/v2\/media?parent=19512"}],"wp:term":[{"taxonomy":"product_brand","embeddable":true,"href":"https:\/\/www.csj-emballages.com\/pt-pt\/wp-json\/wp\/v2\/product_brand?post=19512"},{"taxonomy":"product_cat","embeddable":true,"href":"https:\/\/www.csj-emballages.com\/pt-pt\/wp-json\/wp\/v2\/product_cat?post=19512"},{"taxonomy":"product_tag","embeddable":true,"href":"https:\/\/www.csj-emballages.com\/pt-pt\/wp-json\/wp\/v2\/product_tag?post=19512"}],"curies":[{"name":"wp","href":"https:\/\/api.w.org\/{rel}","templated":true}]}}