{"id":19508,"date":"2024-03-01T16:57:18","date_gmt":"2024-03-01T15:57:18","guid":{"rendered":"https:\/\/u15jnbdpoq.preview.infomaniak.website\/produit\/25-caixas-de-cartao-laranja-para-bolos-20-x-11-x-9-cm\/"},"modified":"2026-03-25T02:11:01","modified_gmt":"2026-03-25T01:11:01","slug":"25-caixas-de-cartao-laranja-para-bolos-20-x-11-x-9-cm","status":"publish","type":"product","link":"https:\/\/www.csj-emballages.com\/pt-pt\/produit\/25-caixas-de-cartao-laranja-para-bolos-20-x-11-x-9-cm\/","title":{"rendered":"Caixa de cart\u00e3o laranja para cupcakes 20 x 11 x 9 cm, embalagem de 25"},"content":{"rendered":"<h2>Caixa de cupcakes<\/h2>\n<hr>\n<h3><span style=\"font-weight: bold;\">Descubra a nossa caixa de cart\u00e3o laranja para cupcakes 20 x 11 x 9 cm, embalagem de 25<\/span><\/h3>\n<p><!--more--><\/p>\n<p data-start=\"97\" data-end=\"626\">A <strong data-start=\"100\" data-end=\"154\">caixa de cart\u00e3o laranja para cupcakes 20 x 11 x 9 cm por 25<\/strong> \u00e9 a embalagem essencial para todos os profissionais de pastelaria, padaria e restaura\u00e7\u00e3o. Fabricada em <strong data-start=\"333\" data-end=\"355\">cart\u00e3o de qualidade alimentar<\/strong>, garante uma excelente fixa\u00e7\u00e3o e uma apresenta\u00e7\u00e3o cuidada das suas cria\u00e7\u00f5es. Com as suas dimens\u00f5es cuidadosamente concebidas, \u00e9 ideal para <strong data-start=\"522\" data-end=\"534\">cupcakes<\/strong>, <strong data-start=\"540\" data-end=\"561\">bolos individuais<\/strong>, <strong data-start=\"567\" data-end=\"579\">brioches<\/strong> e outros doces.  <\/p>\n<p data-start=\"628\" data-end=\"968\">A carater\u00edstica principal desta <strong data-start=\"652\" data-end=\"672\">forma para bolos<\/strong> \u00e9 a <strong data-start=\"688\" data-end=\"719\">grande janela transparente<\/strong> na parte superior. Esta atravessa a caixa, permitindo uma \u00f3ptima visibilidade dos seus produtos sem ter de a abrir. Os seus clientes podem admirar os seus bolos na montra ou nos seus expositores, o que os incita a comprar.  <\/p>\n<p data-start=\"970\" data-end=\"1257\">Esta pr\u00e1tica <strong>forma para cupcakes<\/strong> tem uma <strong data-start=\"1010\" data-end=\"1032\">abertura frontal<\/strong> que facilita a inser\u00e7\u00e3o e a remo\u00e7\u00e3o at\u00e9 dos bolos mais delicados. N\u00e3o \u00e9 necess\u00e1rio manusear excessivamente as suas sobremesas: poupa tempo preservando a qualidade e a est\u00e9tica das suas prepara\u00e7\u00f5es. <\/p>\n<p data-start=\"1259\" data-end=\"1620\">Dispon\u00edvel em embalagens de <strong data-start=\"1269\" data-end=\"1282\">25<\/strong> unidades, esta solu\u00e7\u00e3o de embalagem est\u00e1 perfeitamente adaptada \u00e0s necessidades dos profissionais. Leve, dobr\u00e1vel e f\u00e1cil de guardar, responde \u00e0s necessidades quotidianas dos artes\u00e3os, respeitando as normas alimentares. A sua cor <strong>laranja<\/strong> s\u00f3bria e elegante real\u00e7a as suas cria\u00e7\u00f5es e adapta-se a todos os estilos de pastelaria.  <\/p>\n<p data-start=\"1622\" data-end=\"1804\">Quer seja padeiro, pasteleiro ou dono de um restaurante, a <strong data-start=\"1678\" data-end=\"1710\">caixa de cart\u00e3o laranja para cupcakes<\/strong> \u00e9 uma forma segura de combinar <strong data-start=\"1746\" data-end=\"1801\">praticidade, higiene e apresenta\u00e7\u00e3o dos seus produtos<\/strong>.<\/p>\n<p><!--more--><\/p>\n<h4>As vantagens:<\/h4>\n<ul>\n<li><strong data-start=\"1831\" data-end=\"1855\">Janela transparente<\/strong>: visibilidade imediata dos seus bolos.<\/li>\n<li><strong data-start=\"1899\" data-end=\"1921\">Abertura frontal<\/strong>: inser\u00e7\u00e3o r\u00e1pida e f\u00e1cil.<\/li>\n<li><strong data-start=\"1956\" data-end=\"1973\">Cart\u00e3o s\u00f3lido<\/strong>: prote\u00e7\u00e3o \u00f3ptima do produto.<\/li>\n<li><strong data-start=\"2014\" data-end=\"2042\">Laranja brilhante<\/strong>: para real\u00e7ar as suas cria\u00e7\u00f5es.<\/li>\n<li><strong data-start=\"2073\" data-end=\"2097\">Embalagem econ\u00f3mica de 25 unidades<\/strong>: ideal para uso profissional.<\/li>\n<\/ul>\n<p>&nbsp;<\/p>\n<p><!--more--><\/p>\n<h4>Outras informa\u00e7\u00f5es :<\/h4>\n<ul>\n<li><strong>Embalagem<\/strong>: Pacote de 25<\/li>\n<li><b>Cor: <\/b>Laranja<\/li>\n<li><strong>Material<\/strong>: Cart\u00e3o<\/li>\n<li><strong>Dimens\u00f5es<\/strong>: 20 x 11 x 9 (C x L x A em cm)<\/li>\n<li><strong>Utiliza\u00e7\u00e3o<\/strong>: Cupcakes, muffins, mini-bolos, etc.<\/li>\n<\/ul>\n<p>&nbsp;<\/p>\n<p><!--more--><\/p>\n<p>Este produto est\u00e1 dispon\u00edvel em v\u00e1rias cores: <span style=\"color: #d12727;\"><a style=\"color: #d12727;\" href=\"https:\/\/www.csj-emballages.com\/pt-pt\/produit\/25-caixas-de-cartao-para-bolos-de-cacau-20-x-11-x-9-cm-2\/\">Cacau<\/a><\/span> \/ <span style=\"color: #d12727;\"><a style=\"color: #d12727;\" href=\"https:\/\/www.csj-emballages.com\/pt-pt\/produit\/25-formas-de-cartao-branco-para-bolos-20-x-11-x-9-cm\/\">Branco<\/a><\/span> \/ <span style=\"color: #d12727;\"><a style=\"color: #d12727;\" href=\"https:\/\/www.csj-emballages.com\/pt-pt\/produit\/25-caixas-de-cartao-kraft-para-bolos-20-x-11-x-9-cm\/\">Kraft<\/a><\/span> \/ <span style=\"color: #d12727;\"><a style=\"color: #d12727;\" href=\"https:\/\/www.csj-emballages.com\/produit\/25-boites-cakes-carton-vertes-20-x-11-x-9-cm\/\">Verde<\/a><\/span><\/p>\n<p>&nbsp;<\/p>\n<p><!--more--><\/p>\n<p>Encontre aqui o nosso inserto para 2 cupcakes compat\u00edvel com esta caixa: <span style=\"color: #d12727;\"><a style=\"color: #d12727;\" href=\"https:\/\/www.csj-emballages.com\/produit\/25-calages-2-cupcake-carton-blanc\/\">CALBCC2<\/a><\/span><\/p>\n<p>&nbsp;<\/p>\n<p><!--more--><\/p>\n<p><a href=\"https:\/\/www.csj-emballages.com\/pt-pt\/categorie-produit\/embalagem-de-alimentos\/padaria-e-pastelaria\/caixas-e-estojos\/caixas-para-cupcakes-pt-pt\/\">Veja o resto da nossa gama de caixas para cupcakes aqui<\/a><\/p>\n","protected":false},"excerpt":{"rendered":"<p>Caixa de cupcakes Descubra a nossa caixa de cart\u00e3o laranja para cupcakes 20 x 11 x 9 cm, embalagem de 25<\/p>\n","protected":false},"featured_media":241633,"template":"","meta":{"_acf_changed":false},"product_brand":[],"product_cat":[1141,1177,2155,1178],"product_tag":[],"class_list":{"0":"post-19508","1":"product","2":"type-product","3":"status-publish","4":"has-post-thumbnail","6":"product_cat-embalagem-de-alimentos","7":"product_cat-padaria-e-pastelaria","8":"product_cat-caixas-para-cupcakes-pt-pt","9":"product_cat-caixas-de-janela","11":"first","12":"instock","13":"taxable","14":"shipping-taxable","15":"purchasable","16":"product-type-simple"},"acf":[],"yoast_head":"<!-- This site is optimized with the Yoast SEO Premium plugin v26.6 (Yoast SEO v26.6) - https:\/\/yoast.com\/wordpress\/plugins\/seo\/ -->\n<title>Caixa para cupcakes laranja 20 x 11 x 9 cm por 25<\/title>\n<meta name=\"description\" content=\"Caixa para cupcakes em cart\u00e3o kraft 20 x 11 x 9 cm por 25, com janela e abertura frontal. Ideal para expor e proteger os seus bolos.\" \/>\n<meta name=\"robots\" content=\"index, follow, max-snippet:-1, max-image-preview:large, max-video-preview:-1\" \/>\n<link rel=\"canonical\" href=\"https:\/\/www.csj-emballages.com\/pt-pt\/produit\/25-caixas-de-cartao-laranja-para-bolos-20-x-11-x-9-cm\/\" \/>\n<meta property=\"og:locale\" content=\"pt_PT\" \/>\n<meta property=\"og:type\" content=\"article\" \/>\n<meta property=\"og:title\" content=\"Caixa de cart\u00e3o laranja para cupcakes 20 x 11 x 9 cm, embalagem de 25\" \/>\n<meta property=\"og:description\" content=\"Caixa para cupcakes em cart\u00e3o kraft 20 x 11 x 9 cm por 25, com janela e abertura frontal. Ideal para expor e proteger os seus bolos.\" \/>\n<meta property=\"og:url\" content=\"https:\/\/www.csj-emballages.com\/pt-pt\/produit\/25-caixas-de-cartao-laranja-para-bolos-20-x-11-x-9-cm\/\" \/>\n<meta property=\"og:site_name\" content=\"CSJ Emballages\" \/>\n<meta property=\"article:publisher\" content=\"https:\/\/www.facebook.com\/csjemballages\" \/>\n<meta property=\"article:modified_time\" content=\"2026-03-25T01:11:01+00:00\" \/>\n<meta property=\"og:image\" content=\"https:\/\/www.csj-emballages.com\/wp-content\/uploads\/2024\/03\/BCC2ORANG.webp\" \/>\n\t<meta property=\"og:image:width\" content=\"800\" \/>\n\t<meta property=\"og:image:height\" content=\"800\" \/>\n\t<meta property=\"og:image:type\" content=\"image\/webp\" \/>\n<meta name=\"twitter:card\" content=\"summary_large_image\" \/>\n<meta name=\"twitter:label1\" content=\"Tempo estimado de leitura\" \/>\n\t<meta name=\"twitter:data1\" content=\"2 minutos\" \/>\n<script type=\"application\/ld+json\" class=\"yoast-schema-graph\">{\"@context\":\"https:\/\/schema.org\",\"@graph\":[{\"@type\":\"WebPage\",\"@id\":\"https:\/\/www.csj-emballages.com\/pt-pt\/produit\/25-caixas-de-cartao-laranja-para-bolos-20-x-11-x-9-cm\/\",\"url\":\"https:\/\/www.csj-emballages.com\/pt-pt\/produit\/25-caixas-de-cartao-laranja-para-bolos-20-x-11-x-9-cm\/\",\"name\":\"Caixa para cupcakes laranja 20 x 11 x 9 cm por 25\",\"isPartOf\":{\"@id\":\"https:\/\/www.csj-emballages.com\/pt-pt\/#website\"},\"primaryImageOfPage\":{\"@id\":\"https:\/\/www.csj-emballages.com\/pt-pt\/produit\/25-caixas-de-cartao-laranja-para-bolos-20-x-11-x-9-cm\/#primaryimage\"},\"image\":{\"@id\":\"https:\/\/www.csj-emballages.com\/pt-pt\/produit\/25-caixas-de-cartao-laranja-para-bolos-20-x-11-x-9-cm\/#primaryimage\"},\"thumbnailUrl\":\"https:\/\/www.csj-emballages.com\/wp-content\/uploads\/2024\/03\/BCC2ORANG.webp\",\"datePublished\":\"2024-03-01T15:57:18+00:00\",\"dateModified\":\"2026-03-25T01:11:01+00:00\",\"description\":\"Caixa para cupcakes em cart\u00e3o kraft 20 x 11 x 9 cm por 25, com janela e abertura frontal. Ideal para expor e proteger os seus bolos.\",\"breadcrumb\":{\"@id\":\"https:\/\/www.csj-emballages.com\/pt-pt\/produit\/25-caixas-de-cartao-laranja-para-bolos-20-x-11-x-9-cm\/#breadcrumb\"},\"inLanguage\":\"pt-PT\",\"potentialAction\":[{\"@type\":\"ReadAction\",\"target\":[\"https:\/\/www.csj-emballages.com\/pt-pt\/produit\/25-caixas-de-cartao-laranja-para-bolos-20-x-11-x-9-cm\/\"]}]},{\"@type\":\"ImageObject\",\"inLanguage\":\"pt-PT\",\"@id\":\"https:\/\/www.csj-emballages.com\/pt-pt\/produit\/25-caixas-de-cartao-laranja-para-bolos-20-x-11-x-9-cm\/#primaryimage\",\"url\":\"https:\/\/www.csj-emballages.com\/wp-content\/uploads\/2024\/03\/BCC2ORANG.webp\",\"contentUrl\":\"https:\/\/www.csj-emballages.com\/wp-content\/uploads\/2024\/03\/BCC2ORANG.webp\",\"width\":800,\"height\":800,\"caption\":\"Boite cupcake\"},{\"@type\":\"BreadcrumbList\",\"@id\":\"https:\/\/www.csj-emballages.com\/pt-pt\/produit\/25-caixas-de-cartao-laranja-para-bolos-20-x-11-x-9-cm\/#breadcrumb\",\"itemListElement\":[{\"@type\":\"ListItem\",\"position\":1,\"name\":\"Acolhimento\",\"item\":\"https:\/\/www.csj-emballages.com\/pt-pt\/universo-das-embalagens-alimentares\/\"},{\"@type\":\"ListItem\",\"position\":2,\"name\":\"Shop\",\"item\":\"https:\/\/www.csj-emballages.com\/shop\/\"},{\"@type\":\"ListItem\",\"position\":3,\"name\":\"Caixa de cart\u00e3o laranja para cupcakes 20 x 11 x 9 cm, embalagem de 25\"}]},{\"@type\":\"WebSite\",\"@id\":\"https:\/\/www.csj-emballages.com\/pt-pt\/#website\",\"url\":\"https:\/\/www.csj-emballages.com\/pt-pt\/\",\"name\":\"CSJ Emballages\",\"description\":\"\",\"publisher\":{\"@id\":\"https:\/\/www.csj-emballages.com\/pt-pt\/#organization\"},\"potentialAction\":[{\"@type\":\"SearchAction\",\"target\":{\"@type\":\"EntryPoint\",\"urlTemplate\":\"https:\/\/www.csj-emballages.com\/pt-pt\/?s={search_term_string}\"},\"query-input\":{\"@type\":\"PropertyValueSpecification\",\"valueRequired\":true,\"valueName\":\"search_term_string\"}}],\"inLanguage\":\"pt-PT\"},{\"@type\":\"Organization\",\"@id\":\"https:\/\/www.csj-emballages.com\/pt-pt\/#Organization\/\",\"name\":\"CSJ Emballages\",\"url\":\"https:\/\/www.csj-emballages.com\/pt-pt\/\",\"logo\":{\"@type\":\"ImageObject\",\"inLanguage\":\"pt-PT\",\"@id\":\"https:\/\/www.csj-emballages.com\/pt-pt\/#\/schema\/logo\/image\/\",\"url\":\"https:\/\/www.csj-emballages.com\/wp-content\/uploads\/2023\/10\/logo_csj.webp\",\"contentUrl\":\"https:\/\/www.csj-emballages.com\/wp-content\/uploads\/2023\/10\/logo_csj.webp\",\"width\":250,\"height\":95,\"caption\":\"CSJ Emballages\"},\"image\":{\"@id\":\"https:\/\/www.csj-emballages.com\/pt-pt\/#\/schema\/logo\/image\/\"},\"sameAs\":[\"https:\/\/www.facebook.com\/csjemballages\"],\"address\":{\"@type\":\"PostalAddress\",\"streetAddress\":\"ZI La Lechere\",\"addressLocality\":\"Patornay\",\"postalCode\":\"39130\",\"addressCountry\":\"FR\"},\"contactPoint\":[{\"@type\":\"ContactPoint\",\"contactType\":\"Service client\",\"telephone\":\"0384254272\",\"email\":\"contact@csj-emballages.com\"}]}]}<\/script>\n<!-- \/ Yoast SEO Premium plugin. -->","yoast_head_json":{"title":"Caixa para cupcakes laranja 20 x 11 x 9 cm por 25","description":"Caixa para cupcakes em cart\u00e3o kraft 20 x 11 x 9 cm por 25, com janela e abertura frontal. Ideal para expor e proteger os seus bolos.","robots":{"index":"index","follow":"follow","max-snippet":"max-snippet:-1","max-image-preview":"max-image-preview:large","max-video-preview":"max-video-preview:-1"},"canonical":"https:\/\/www.csj-emballages.com\/pt-pt\/produit\/25-caixas-de-cartao-laranja-para-bolos-20-x-11-x-9-cm\/","og_locale":"pt_PT","og_type":"article","og_title":"Caixa de cart\u00e3o laranja para cupcakes 20 x 11 x 9 cm, embalagem de 25","og_description":"Caixa para cupcakes em cart\u00e3o kraft 20 x 11 x 9 cm por 25, com janela e abertura frontal. Ideal para expor e proteger os seus bolos.","og_url":"https:\/\/www.csj-emballages.com\/pt-pt\/produit\/25-caixas-de-cartao-laranja-para-bolos-20-x-11-x-9-cm\/","og_site_name":"CSJ Emballages","article_publisher":"https:\/\/www.facebook.com\/csjemballages","article_modified_time":"2026-03-25T01:11:01+00:00","og_image":[{"width":800,"height":800,"url":"https:\/\/www.csj-emballages.com\/wp-content\/uploads\/2024\/03\/BCC2ORANG.webp","type":"image\/webp"}],"twitter_card":"summary_large_image","twitter_misc":{"Tempo estimado de leitura":"2 minutos"},"schema":{"@context":"https:\/\/schema.org","@graph":[{"@type":"WebPage","@id":"https:\/\/www.csj-emballages.com\/pt-pt\/produit\/25-caixas-de-cartao-laranja-para-bolos-20-x-11-x-9-cm\/","url":"https:\/\/www.csj-emballages.com\/pt-pt\/produit\/25-caixas-de-cartao-laranja-para-bolos-20-x-11-x-9-cm\/","name":"Caixa para cupcakes laranja 20 x 11 x 9 cm por 25","isPartOf":{"@id":"https:\/\/www.csj-emballages.com\/pt-pt\/#website"},"primaryImageOfPage":{"@id":"https:\/\/www.csj-emballages.com\/pt-pt\/produit\/25-caixas-de-cartao-laranja-para-bolos-20-x-11-x-9-cm\/#primaryimage"},"image":{"@id":"https:\/\/www.csj-emballages.com\/pt-pt\/produit\/25-caixas-de-cartao-laranja-para-bolos-20-x-11-x-9-cm\/#primaryimage"},"thumbnailUrl":"https:\/\/www.csj-emballages.com\/wp-content\/uploads\/2024\/03\/BCC2ORANG.webp","datePublished":"2024-03-01T15:57:18+00:00","dateModified":"2026-03-25T01:11:01+00:00","description":"Caixa para cupcakes em cart\u00e3o kraft 20 x 11 x 9 cm por 25, com janela e abertura frontal. Ideal para expor e proteger os seus bolos.","breadcrumb":{"@id":"https:\/\/www.csj-emballages.com\/pt-pt\/produit\/25-caixas-de-cartao-laranja-para-bolos-20-x-11-x-9-cm\/#breadcrumb"},"inLanguage":"pt-PT","potentialAction":[{"@type":"ReadAction","target":["https:\/\/www.csj-emballages.com\/pt-pt\/produit\/25-caixas-de-cartao-laranja-para-bolos-20-x-11-x-9-cm\/"]}]},{"@type":"ImageObject","inLanguage":"pt-PT","@id":"https:\/\/www.csj-emballages.com\/pt-pt\/produit\/25-caixas-de-cartao-laranja-para-bolos-20-x-11-x-9-cm\/#primaryimage","url":"https:\/\/www.csj-emballages.com\/wp-content\/uploads\/2024\/03\/BCC2ORANG.webp","contentUrl":"https:\/\/www.csj-emballages.com\/wp-content\/uploads\/2024\/03\/BCC2ORANG.webp","width":800,"height":800,"caption":"Boite cupcake"},{"@type":"BreadcrumbList","@id":"https:\/\/www.csj-emballages.com\/pt-pt\/produit\/25-caixas-de-cartao-laranja-para-bolos-20-x-11-x-9-cm\/#breadcrumb","itemListElement":[{"@type":"ListItem","position":1,"name":"Acolhimento","item":"https:\/\/www.csj-emballages.com\/pt-pt\/universo-das-embalagens-alimentares\/"},{"@type":"ListItem","position":2,"name":"Shop","item":"https:\/\/www.csj-emballages.com\/shop\/"},{"@type":"ListItem","position":3,"name":"Caixa de cart\u00e3o laranja para cupcakes 20 x 11 x 9 cm, embalagem de 25"}]},{"@type":"WebSite","@id":"https:\/\/www.csj-emballages.com\/pt-pt\/#website","url":"https:\/\/www.csj-emballages.com\/pt-pt\/","name":"CSJ Emballages","description":"","publisher":{"@id":"https:\/\/www.csj-emballages.com\/pt-pt\/#organization"},"potentialAction":[{"@type":"SearchAction","target":{"@type":"EntryPoint","urlTemplate":"https:\/\/www.csj-emballages.com\/pt-pt\/?s={search_term_string}"},"query-input":{"@type":"PropertyValueSpecification","valueRequired":true,"valueName":"search_term_string"}}],"inLanguage":"pt-PT"},{"@type":"Organization","@id":"https:\/\/www.csj-emballages.com\/pt-pt\/#Organization\/","name":"CSJ Emballages","url":"https:\/\/www.csj-emballages.com\/pt-pt\/","logo":{"@type":"ImageObject","inLanguage":"pt-PT","@id":"https:\/\/www.csj-emballages.com\/pt-pt\/#\/schema\/logo\/image\/","url":"https:\/\/www.csj-emballages.com\/wp-content\/uploads\/2023\/10\/logo_csj.webp","contentUrl":"https:\/\/www.csj-emballages.com\/wp-content\/uploads\/2023\/10\/logo_csj.webp","width":250,"height":95,"caption":"CSJ Emballages"},"image":{"@id":"https:\/\/www.csj-emballages.com\/pt-pt\/#\/schema\/logo\/image\/"},"sameAs":["https:\/\/www.facebook.com\/csjemballages"],"address":{"@type":"PostalAddress","streetAddress":"ZI La Lechere","addressLocality":"Patornay","postalCode":"39130","addressCountry":"FR"},"contactPoint":[{"@type":"ContactPoint","contactType":"Service client","telephone":"0384254272","email":"contact@csj-emballages.com"}]}]}},"df_price":26.75,"df_sale_price":"","df_regular_price":26.75,"df_image_link":"https:\/\/www.csj-emballages.com\/wp-content\/uploads\/2024\/03\/BCC2ORANG-300x300.webp","tiered_pricing_type":"fixed","tiered_pricing_fixed_rules":[],"tiered_pricing_percentage_rules":[],"tiered_pricing_minimum":1,"tiered_pricing_roles_data":[],"_links":{"self":[{"href":"https:\/\/www.csj-emballages.com\/pt-pt\/wp-json\/wp\/v2\/product\/19508","targetHints":{"allow":["GET"]}}],"collection":[{"href":"https:\/\/www.csj-emballages.com\/pt-pt\/wp-json\/wp\/v2\/product"}],"about":[{"href":"https:\/\/www.csj-emballages.com\/pt-pt\/wp-json\/wp\/v2\/types\/product"}],"wp:featuredmedia":[{"embeddable":true,"href":"https:\/\/www.csj-emballages.com\/pt-pt\/wp-json\/wp\/v2\/media\/241633"}],"wp:attachment":[{"href":"https:\/\/www.csj-emballages.com\/pt-pt\/wp-json\/wp\/v2\/media?parent=19508"}],"wp:term":[{"taxonomy":"product_brand","embeddable":true,"href":"https:\/\/www.csj-emballages.com\/pt-pt\/wp-json\/wp\/v2\/product_brand?post=19508"},{"taxonomy":"product_cat","embeddable":true,"href":"https:\/\/www.csj-emballages.com\/pt-pt\/wp-json\/wp\/v2\/product_cat?post=19508"},{"taxonomy":"product_tag","embeddable":true,"href":"https:\/\/www.csj-emballages.com\/pt-pt\/wp-json\/wp\/v2\/product_tag?post=19508"}],"curies":[{"name":"wp","href":"https:\/\/api.w.org\/{rel}","templated":true}]}}