{"id":19506,"date":"2024-03-01T16:57:19","date_gmt":"2024-03-01T15:57:19","guid":{"rendered":"https:\/\/u15jnbdpoq.preview.infomaniak.website\/produit\/25-caixas-de-janela-pretas-com-tubagem-de-20-cm\/"},"modified":"2026-03-27T02:11:21","modified_gmt":"2026-03-27T01:11:21","slug":"25-caixas-de-janela-pretas-com-tubagem-de-20-cm","status":"publish","type":"product","link":"https:\/\/www.csj-emballages.com\/pt-pt\/produit\/25-caixas-de-janela-pretas-com-tubagem-de-20-cm\/","title":{"rendered":"Caixa de janela preta com debrum 20 cm por 25"},"content":{"rendered":"<h2 style=\"text-align: left;\">Caixa de janela<\/h2>\n<hr>\n<h3 style=\"text-align: left;\"><span style=\"font-weight: bold;\">Descubra a nossa caixa de janela preta com rebordo de 20 cm por 25<\/span><\/h3>\n<p style=\"text-align: left;\"><!--more--><\/p>\n<p data-start=\"112\" data-end=\"639\">D\u00ea a conhecer as suas cria\u00e7\u00f5es de pastelaria com esta <strong data-start=\"166\" data-end=\"211\">caixa preta com janela e rebordo dourado de 20 cm<\/strong>. Elegante e pr\u00e1tica, foi concebida para os padeiros, pasteleiros e fornecedores de refei\u00e7\u00f5es que desejam oferecer aos seus clientes uma embalagem s\u00f3lida e requintada. Fabricada em <strong data-start=\"390\" data-end=\"424\">cart\u00e3o de fibra virgem de 350 g\/m\u00b2<\/strong>, esta <strong>caixa preta<\/strong> combina robustez e est\u00e9tica. A sua <strong data-start=\"474\" data-end=\"497\">pel\u00edcula<\/strong> transparente <strong data-start=\"474\" data-end=\"497\">de poli\u00e9ster de 71 \u03bc<\/strong>, integrada na <strong>janela<\/strong>, permite-lhe apresentar as suas sobremesas, protegendo-as eficazmente do manuseamento e das impurezas.   <\/p>\n<p data-start=\"641\" data-end=\"1029\">Com <strong data-start=\"664\" data-end=\"685\">20 x 11 x A 10 cm<\/strong>, \u00e9 ideal para guardar um tronco, um bolo de fam\u00edlia, um brioche ou qualquer outra prepara\u00e7\u00e3o de <strong>4 a 6 por\u00e7\u00f5es<\/strong>. O seu <strong data-start=\"807\" data-end=\"822\">rebordo dourado<\/strong> confere-lhe um acabamento topo de gama que faz com que os seus produtos se destaquem \u00e0 primeira vista. O <strong data-start=\"910\" data-end=\"931\">verniz protetor<\/strong> aplicado ao cart\u00e3o refor\u00e7a a sua durabilidade, proporcionando um acabamento profissional e limpo.  <\/p>\n<p data-start=\"1031\" data-end=\"1448\">Com um peso <strong data-start=\"1038\" data-end=\"1074\">de 1,71 kg para a embalagem de 25 unidades<\/strong>, esta <strong>caixa com janela<\/strong> foi concebida para resistir ao transporte, garantindo que os seus preparados chegam intactos \u00e0s instala\u00e7\u00f5es dos seus clientes. F\u00e1cil de montar, permite ganhar tempo na prepara\u00e7\u00e3o das encomendas. A sua <strong data-start=\"1281\" data-end=\"1314\">cor preta combinada com dourado<\/strong> confere-lhe um aspeto chique e moderno, perfeitamente adaptado a per\u00edodos festivos como o Natal, mas tamb\u00e9m a todas as suas vendas ao longo do ano.  <\/p>\n<p data-start=\"1450\" data-end=\"1639\">Escolher esta <strong>caixa<\/strong> significa combinar est\u00e9tica e funcionalidade para real\u00e7ar o melhor das suas cria\u00e7\u00f5es gourmet. Um verdadeiro trunfo para se destacar na multid\u00e3o dos seus clientes exigentes. <\/p>\n<p style=\"text-align: left;\"><!--more--><\/p>\n<h4 style=\"text-align: left;\">As vantagens:<\/h4>\n<ul style=\"text-align: left;\">\n<li><strong data-start=\"1664\" data-end=\"1690\">Design chique e moderno<\/strong>: preto com rebordo dourado.<\/li>\n<li>Janela transparente para visualiza\u00e7\u00e3o imediata do produto.<\/li>\n<li>Capacidade para 4 a 6 por\u00e7\u00f5es, ideal para toros e bolos.<\/li>\n<li><strong data-start=\"1858\" data-end=\"1881\">Materiais de qualidade<\/strong>: cart\u00e3o de 350 g\/m\u00b2 + poli\u00e9ster de 71 \u03bc.<\/li>\n<li>Embalagem de 25<\/li>\n<\/ul>\n<p>&nbsp;<\/p>\n<p style=\"text-align: left;\"><!--more--><\/p>\n<h4 style=\"text-align: left;\">Outras informa\u00e7\u00f5es :<\/h4>\n<ul style=\"text-align: left;\">\n<li><strong>Embalagem<\/strong>: Pacote de 25<\/li>\n<li><b>Cor <\/b>: Preto \/ Dourado<\/li>\n<li><strong>Material<\/strong>: Cart\u00e3o<\/li>\n<li><strong>Dimens\u00f5es<\/strong>: 20 x 11 x 10 (C x L x A em cm)<\/li>\n<\/ul>\n<p>&nbsp;<\/p>\n<p style=\"text-align: left;\"><!--more--><\/p>\n<p style=\"text-align: left;\">Esta caixa tamb\u00e9m est\u00e1 dispon\u00edvel em 25 cm: <span style=\"color: #d12727;\"><a style=\"color: #d12727;\" href=\"https:\/\/www.csj-emballages.com\/produit\/25-boites-fenetrees-noires-avec-lisere-25-cm\/\">BCC25N<\/a><\/span><\/p>\n<p>&nbsp;<\/p>\n<p style=\"text-align: left;\"><!--more--><\/p>\n<p style=\"text-align: left;\"><a href=\"https:\/\/www.csj-emballages.com\/pt-pt\/categorie-produit\/embalagem-de-alimentos\/padaria-e-pastelaria\/caixas-e-estojos\/caixas-para-cupcakes-pt-pt\/\">Veja o resto da nossa gama de caixas para cupcakes aqui<\/a><\/p>\n","protected":false},"excerpt":{"rendered":"<p>Caixa de janela Descubra a nossa caixa de janela preta com rebordo de 20 cm por 25<\/p>\n","protected":false},"featured_media":241680,"template":"","meta":{"_acf_changed":false},"product_brand":[],"product_cat":[1141,1177,3916,2155,2079,2107,1178],"product_tag":[],"class_list":{"0":"post-19506","1":"product","2":"type-product","3":"status-publish","4":"has-post-thumbnail","6":"product_cat-embalagem-de-alimentos","7":"product_cat-padaria-e-pastelaria","8":"product_cat-caixas-e-estojos","9":"product_cat-caixas-para-cupcakes-pt-pt","10":"product_cat-caixas-de-registo","11":"product_cat-as-minhas-caixas-de-registo","12":"product_cat-caixas-de-janela","14":"first","15":"instock","16":"taxable","17":"shipping-taxable","18":"purchasable","19":"product-type-simple"},"acf":[],"yoast_head":"<!-- This site is optimized with the Yoast SEO Premium plugin v26.6 (Yoast SEO v26.6) - https:\/\/yoast.com\/wordpress\/plugins\/seo\/ -->\n<title>Caixa de janela preta com rebordo 20 cm por 25<\/title>\n<meta name=\"description\" content=\"Lata preta com janela e rebordo dourado, 20 cm, com janela, capacidade para 4-6 por\u00e7\u00f5es. Elegante, resistente e pr\u00e1tica para troncos e bolos.\" \/>\n<meta name=\"robots\" content=\"index, follow, max-snippet:-1, max-image-preview:large, max-video-preview:-1\" \/>\n<link rel=\"canonical\" href=\"https:\/\/www.csj-emballages.com\/pt-pt\/produit\/25-caixas-de-janela-pretas-com-tubagem-de-20-cm\/\" \/>\n<meta property=\"og:locale\" content=\"pt_PT\" \/>\n<meta property=\"og:type\" content=\"article\" \/>\n<meta property=\"og:title\" content=\"Caixa de janela preta com debrum 20 cm por 25\" \/>\n<meta property=\"og:description\" content=\"Lata preta com janela e rebordo dourado, 20 cm, com janela, capacidade para 4-6 por\u00e7\u00f5es. Elegante, resistente e pr\u00e1tica para troncos e bolos.\" \/>\n<meta property=\"og:url\" content=\"https:\/\/www.csj-emballages.com\/pt-pt\/produit\/25-caixas-de-janela-pretas-com-tubagem-de-20-cm\/\" \/>\n<meta property=\"og:site_name\" content=\"CSJ Emballages\" \/>\n<meta property=\"article:publisher\" content=\"https:\/\/www.facebook.com\/csjemballages\" \/>\n<meta property=\"article:modified_time\" content=\"2026-03-27T01:11:21+00:00\" \/>\n<meta property=\"og:image\" content=\"https:\/\/www.csj-emballages.com\/wp-content\/uploads\/2024\/03\/BCC20N-1.webp\" \/>\n\t<meta property=\"og:image:width\" content=\"800\" \/>\n\t<meta property=\"og:image:height\" content=\"800\" \/>\n\t<meta property=\"og:image:type\" content=\"image\/webp\" \/>\n<meta name=\"twitter:card\" content=\"summary_large_image\" \/>\n<meta name=\"twitter:label1\" content=\"Tempo estimado de leitura\" \/>\n\t<meta name=\"twitter:data1\" content=\"2 minutos\" \/>\n<script type=\"application\/ld+json\" class=\"yoast-schema-graph\">{\"@context\":\"https:\/\/schema.org\",\"@graph\":[{\"@type\":\"WebPage\",\"@id\":\"https:\/\/www.csj-emballages.com\/pt-pt\/produit\/25-caixas-de-janela-pretas-com-tubagem-de-20-cm\/\",\"url\":\"https:\/\/www.csj-emballages.com\/pt-pt\/produit\/25-caixas-de-janela-pretas-com-tubagem-de-20-cm\/\",\"name\":\"Caixa de janela preta com rebordo 20 cm por 25\",\"isPartOf\":{\"@id\":\"https:\/\/www.csj-emballages.com\/pt-pt\/#website\"},\"primaryImageOfPage\":{\"@id\":\"https:\/\/www.csj-emballages.com\/pt-pt\/produit\/25-caixas-de-janela-pretas-com-tubagem-de-20-cm\/#primaryimage\"},\"image\":{\"@id\":\"https:\/\/www.csj-emballages.com\/pt-pt\/produit\/25-caixas-de-janela-pretas-com-tubagem-de-20-cm\/#primaryimage\"},\"thumbnailUrl\":\"https:\/\/www.csj-emballages.com\/wp-content\/uploads\/2024\/03\/BCC20N-1.webp\",\"datePublished\":\"2024-03-01T15:57:19+00:00\",\"dateModified\":\"2026-03-27T01:11:21+00:00\",\"description\":\"Lata preta com janela e rebordo dourado, 20 cm, com janela, capacidade para 4-6 por\u00e7\u00f5es. Elegante, resistente e pr\u00e1tica para troncos e bolos.\",\"breadcrumb\":{\"@id\":\"https:\/\/www.csj-emballages.com\/pt-pt\/produit\/25-caixas-de-janela-pretas-com-tubagem-de-20-cm\/#breadcrumb\"},\"inLanguage\":\"pt-PT\",\"potentialAction\":[{\"@type\":\"ReadAction\",\"target\":[\"https:\/\/www.csj-emballages.com\/pt-pt\/produit\/25-caixas-de-janela-pretas-com-tubagem-de-20-cm\/\"]}]},{\"@type\":\"ImageObject\",\"inLanguage\":\"pt-PT\",\"@id\":\"https:\/\/www.csj-emballages.com\/pt-pt\/produit\/25-caixas-de-janela-pretas-com-tubagem-de-20-cm\/#primaryimage\",\"url\":\"https:\/\/www.csj-emballages.com\/wp-content\/uploads\/2024\/03\/BCC20N-1.webp\",\"contentUrl\":\"https:\/\/www.csj-emballages.com\/wp-content\/uploads\/2024\/03\/BCC20N-1.webp\",\"width\":800,\"height\":800,\"caption\":\"Boite fen\u00eatr\u00e9e\"},{\"@type\":\"BreadcrumbList\",\"@id\":\"https:\/\/www.csj-emballages.com\/pt-pt\/produit\/25-caixas-de-janela-pretas-com-tubagem-de-20-cm\/#breadcrumb\",\"itemListElement\":[{\"@type\":\"ListItem\",\"position\":1,\"name\":\"Acolhimento\",\"item\":\"https:\/\/www.csj-emballages.com\/pt-pt\/universo-das-embalagens-alimentares\/\"},{\"@type\":\"ListItem\",\"position\":2,\"name\":\"Shop\",\"item\":\"https:\/\/www.csj-emballages.com\/shop\/\"},{\"@type\":\"ListItem\",\"position\":3,\"name\":\"Caixa de janela preta com debrum 20 cm por 25\"}]},{\"@type\":\"WebSite\",\"@id\":\"https:\/\/www.csj-emballages.com\/pt-pt\/#website\",\"url\":\"https:\/\/www.csj-emballages.com\/pt-pt\/\",\"name\":\"CSJ Emballages\",\"description\":\"\",\"publisher\":{\"@id\":\"https:\/\/www.csj-emballages.com\/pt-pt\/#organization\"},\"potentialAction\":[{\"@type\":\"SearchAction\",\"target\":{\"@type\":\"EntryPoint\",\"urlTemplate\":\"https:\/\/www.csj-emballages.com\/pt-pt\/?s={search_term_string}\"},\"query-input\":{\"@type\":\"PropertyValueSpecification\",\"valueRequired\":true,\"valueName\":\"search_term_string\"}}],\"inLanguage\":\"pt-PT\"},{\"@type\":\"Organization\",\"@id\":\"https:\/\/www.csj-emballages.com\/pt-pt\/#Organization\/\",\"name\":\"CSJ Emballages\",\"url\":\"https:\/\/www.csj-emballages.com\/pt-pt\/\",\"logo\":{\"@type\":\"ImageObject\",\"inLanguage\":\"pt-PT\",\"@id\":\"https:\/\/www.csj-emballages.com\/pt-pt\/#\/schema\/logo\/image\/\",\"url\":\"https:\/\/www.csj-emballages.com\/wp-content\/uploads\/2023\/10\/logo_csj.webp\",\"contentUrl\":\"https:\/\/www.csj-emballages.com\/wp-content\/uploads\/2023\/10\/logo_csj.webp\",\"width\":250,\"height\":95,\"caption\":\"CSJ Emballages\"},\"image\":{\"@id\":\"https:\/\/www.csj-emballages.com\/pt-pt\/#\/schema\/logo\/image\/\"},\"sameAs\":[\"https:\/\/www.facebook.com\/csjemballages\"],\"address\":{\"@type\":\"PostalAddress\",\"streetAddress\":\"ZI La Lechere\",\"addressLocality\":\"Patornay\",\"postalCode\":\"39130\",\"addressCountry\":\"FR\"},\"contactPoint\":[{\"@type\":\"ContactPoint\",\"contactType\":\"Service client\",\"telephone\":\"0384254272\",\"email\":\"contact@csj-emballages.com\"}]}]}<\/script>\n<!-- \/ Yoast SEO Premium plugin. -->","yoast_head_json":{"title":"Caixa de janela preta com rebordo 20 cm por 25","description":"Lata preta com janela e rebordo dourado, 20 cm, com janela, capacidade para 4-6 por\u00e7\u00f5es. Elegante, resistente e pr\u00e1tica para troncos e bolos.","robots":{"index":"index","follow":"follow","max-snippet":"max-snippet:-1","max-image-preview":"max-image-preview:large","max-video-preview":"max-video-preview:-1"},"canonical":"https:\/\/www.csj-emballages.com\/pt-pt\/produit\/25-caixas-de-janela-pretas-com-tubagem-de-20-cm\/","og_locale":"pt_PT","og_type":"article","og_title":"Caixa de janela preta com debrum 20 cm por 25","og_description":"Lata preta com janela e rebordo dourado, 20 cm, com janela, capacidade para 4-6 por\u00e7\u00f5es. Elegante, resistente e pr\u00e1tica para troncos e bolos.","og_url":"https:\/\/www.csj-emballages.com\/pt-pt\/produit\/25-caixas-de-janela-pretas-com-tubagem-de-20-cm\/","og_site_name":"CSJ Emballages","article_publisher":"https:\/\/www.facebook.com\/csjemballages","article_modified_time":"2026-03-27T01:11:21+00:00","og_image":[{"width":800,"height":800,"url":"https:\/\/www.csj-emballages.com\/wp-content\/uploads\/2024\/03\/BCC20N-1.webp","type":"image\/webp"}],"twitter_card":"summary_large_image","twitter_misc":{"Tempo estimado de leitura":"2 minutos"},"schema":{"@context":"https:\/\/schema.org","@graph":[{"@type":"WebPage","@id":"https:\/\/www.csj-emballages.com\/pt-pt\/produit\/25-caixas-de-janela-pretas-com-tubagem-de-20-cm\/","url":"https:\/\/www.csj-emballages.com\/pt-pt\/produit\/25-caixas-de-janela-pretas-com-tubagem-de-20-cm\/","name":"Caixa de janela preta com rebordo 20 cm por 25","isPartOf":{"@id":"https:\/\/www.csj-emballages.com\/pt-pt\/#website"},"primaryImageOfPage":{"@id":"https:\/\/www.csj-emballages.com\/pt-pt\/produit\/25-caixas-de-janela-pretas-com-tubagem-de-20-cm\/#primaryimage"},"image":{"@id":"https:\/\/www.csj-emballages.com\/pt-pt\/produit\/25-caixas-de-janela-pretas-com-tubagem-de-20-cm\/#primaryimage"},"thumbnailUrl":"https:\/\/www.csj-emballages.com\/wp-content\/uploads\/2024\/03\/BCC20N-1.webp","datePublished":"2024-03-01T15:57:19+00:00","dateModified":"2026-03-27T01:11:21+00:00","description":"Lata preta com janela e rebordo dourado, 20 cm, com janela, capacidade para 4-6 por\u00e7\u00f5es. Elegante, resistente e pr\u00e1tica para troncos e bolos.","breadcrumb":{"@id":"https:\/\/www.csj-emballages.com\/pt-pt\/produit\/25-caixas-de-janela-pretas-com-tubagem-de-20-cm\/#breadcrumb"},"inLanguage":"pt-PT","potentialAction":[{"@type":"ReadAction","target":["https:\/\/www.csj-emballages.com\/pt-pt\/produit\/25-caixas-de-janela-pretas-com-tubagem-de-20-cm\/"]}]},{"@type":"ImageObject","inLanguage":"pt-PT","@id":"https:\/\/www.csj-emballages.com\/pt-pt\/produit\/25-caixas-de-janela-pretas-com-tubagem-de-20-cm\/#primaryimage","url":"https:\/\/www.csj-emballages.com\/wp-content\/uploads\/2024\/03\/BCC20N-1.webp","contentUrl":"https:\/\/www.csj-emballages.com\/wp-content\/uploads\/2024\/03\/BCC20N-1.webp","width":800,"height":800,"caption":"Boite fen\u00eatr\u00e9e"},{"@type":"BreadcrumbList","@id":"https:\/\/www.csj-emballages.com\/pt-pt\/produit\/25-caixas-de-janela-pretas-com-tubagem-de-20-cm\/#breadcrumb","itemListElement":[{"@type":"ListItem","position":1,"name":"Acolhimento","item":"https:\/\/www.csj-emballages.com\/pt-pt\/universo-das-embalagens-alimentares\/"},{"@type":"ListItem","position":2,"name":"Shop","item":"https:\/\/www.csj-emballages.com\/shop\/"},{"@type":"ListItem","position":3,"name":"Caixa de janela preta com debrum 20 cm por 25"}]},{"@type":"WebSite","@id":"https:\/\/www.csj-emballages.com\/pt-pt\/#website","url":"https:\/\/www.csj-emballages.com\/pt-pt\/","name":"CSJ Emballages","description":"","publisher":{"@id":"https:\/\/www.csj-emballages.com\/pt-pt\/#organization"},"potentialAction":[{"@type":"SearchAction","target":{"@type":"EntryPoint","urlTemplate":"https:\/\/www.csj-emballages.com\/pt-pt\/?s={search_term_string}"},"query-input":{"@type":"PropertyValueSpecification","valueRequired":true,"valueName":"search_term_string"}}],"inLanguage":"pt-PT"},{"@type":"Organization","@id":"https:\/\/www.csj-emballages.com\/pt-pt\/#Organization\/","name":"CSJ Emballages","url":"https:\/\/www.csj-emballages.com\/pt-pt\/","logo":{"@type":"ImageObject","inLanguage":"pt-PT","@id":"https:\/\/www.csj-emballages.com\/pt-pt\/#\/schema\/logo\/image\/","url":"https:\/\/www.csj-emballages.com\/wp-content\/uploads\/2023\/10\/logo_csj.webp","contentUrl":"https:\/\/www.csj-emballages.com\/wp-content\/uploads\/2023\/10\/logo_csj.webp","width":250,"height":95,"caption":"CSJ Emballages"},"image":{"@id":"https:\/\/www.csj-emballages.com\/pt-pt\/#\/schema\/logo\/image\/"},"sameAs":["https:\/\/www.facebook.com\/csjemballages"],"address":{"@type":"PostalAddress","streetAddress":"ZI La Lechere","addressLocality":"Patornay","postalCode":"39130","addressCountry":"FR"},"contactPoint":[{"@type":"ContactPoint","contactType":"Service client","telephone":"0384254272","email":"contact@csj-emballages.com"}]}]}},"df_price":16.82,"df_sale_price":"","df_regular_price":16.82,"df_image_link":"https:\/\/www.csj-emballages.com\/wp-content\/uploads\/2024\/03\/BCC20N-1-300x300.webp","tiered_pricing_type":"fixed","tiered_pricing_fixed_rules":[],"tiered_pricing_percentage_rules":[],"tiered_pricing_minimum":1,"tiered_pricing_roles_data":[],"_links":{"self":[{"href":"https:\/\/www.csj-emballages.com\/pt-pt\/wp-json\/wp\/v2\/product\/19506","targetHints":{"allow":["GET"]}}],"collection":[{"href":"https:\/\/www.csj-emballages.com\/pt-pt\/wp-json\/wp\/v2\/product"}],"about":[{"href":"https:\/\/www.csj-emballages.com\/pt-pt\/wp-json\/wp\/v2\/types\/product"}],"wp:featuredmedia":[{"embeddable":true,"href":"https:\/\/www.csj-emballages.com\/pt-pt\/wp-json\/wp\/v2\/media\/241680"}],"wp:attachment":[{"href":"https:\/\/www.csj-emballages.com\/pt-pt\/wp-json\/wp\/v2\/media?parent=19506"}],"wp:term":[{"taxonomy":"product_brand","embeddable":true,"href":"https:\/\/www.csj-emballages.com\/pt-pt\/wp-json\/wp\/v2\/product_brand?post=19506"},{"taxonomy":"product_cat","embeddable":true,"href":"https:\/\/www.csj-emballages.com\/pt-pt\/wp-json\/wp\/v2\/product_cat?post=19506"},{"taxonomy":"product_tag","embeddable":true,"href":"https:\/\/www.csj-emballages.com\/pt-pt\/wp-json\/wp\/v2\/product_tag?post=19506"}],"curies":[{"name":"wp","href":"https:\/\/api.w.org\/{rel}","templated":true}]}}