{"id":19493,"date":"2024-03-01T16:56:13","date_gmt":"2024-03-01T15:56:13","guid":{"rendered":"https:\/\/u15jnbdpoq.preview.infomaniak.website\/produit\/100-m-de-bobina-de-rafene-bege\/"},"modified":"2026-03-25T02:11:15","modified_gmt":"2026-03-25T01:11:15","slug":"100-m-de-bobina-de-rafene-bege","status":"publish","type":"product","link":"https:\/\/www.csj-emballages.com\/pt-pt\/produit\/100-m-de-bobina-de-rafene-bege\/","title":{"rendered":"100 m de bobina de rafene bege"},"content":{"rendered":"<p><span style=\"  font-weight: bold; font-style: italic; text-decoration: underline;  \">100 m de bobina de rafene bege<\/span><\/p>\n<p><span style=\" \">\t\t<\/span><\/p>\n<p><span style=\"  font-weight: bold; text-decoration: underline;  \">Descri\u00e7\u00e3o :<\/span><\/p>\n<p><span style=\" \">\t\t<\/span><\/p>\n<p><span style=\" \">Descobre os nossos carretos de raphlene bege de 100m.<\/span><\/p>\n<p><span style=\" \">A r\u00e1fia \u00e9 uma r\u00e1fia sint\u00e9tica muito resistente e f\u00e1cil de desfiar.<\/span><\/p>\n<p><span style=\" \">Pode ser utilizada para atar os teus ramos de flores, fazer fitas decorativas para embalagens&#8230;<\/span><\/p>\n<p><span style=\" \">\t\t<\/span><\/p>\n<p><span style=\"  font-style: italic; text-decoration: underline;\">V\u00ea o resto da nossa gama de bobinas&nbsp;<\/span><\/p>\n<p><span style=\" \">\t\t<\/span><\/p>\n<p><span style=\"  font-weight: bold; text-decoration: underline;  \">Caracter\u00edsticas das nossas bobinas de raphlene :<\/span><\/p>\n<p><span style=\" \">\t\t<\/span><\/p>\n<ul>\n<li><span style=\" \">Cor: bege<\/span><\/li>\n<li><span style=\" \">Modelo: raphl\u00e8ne<\/span><\/li>\n<li><span style=\" \">Largura: 7 mm<\/span><\/li>\n<li><span style=\" \">Comprimento: 100 m<\/span><\/li>\n<li><span style=\" \">Material: polipropileno<\/span><\/li>\n<\/ul>\n<p><span style=\" \">\t\t<\/span><\/p>\n<p><span style=\" \">Escolhe os carret\u00e9is de raphlene bege!<\/span><\/p>\n","protected":false},"excerpt":{"rendered":"<p>100 m de bobina de rafene bege Descri\u00e7\u00e3o : Descobre os nossos carretos de raphlene bege de 100m. A r\u00e1fia \u00e9 uma r\u00e1fia sint\u00e9tica muito resistente e f\u00e1cil de desfiar. Pode ser utilizada para atar os teus ramos de flores, fazer fitas decorativas para embalagens&#8230; V\u00ea o resto da nossa gama de bobinas&nbsp; Caracter\u00edsticas das [&hellip;]<\/p>\n","protected":false},"featured_media":11284,"template":"","meta":{"_acf_changed":false},"product_brand":[],"product_cat":[1141,1177,1796,2135,1482,1805,2136],"product_tag":[],"class_list":{"0":"post-19493","1":"product","2":"type-product","3":"status-publish","4":"has-post-thumbnail","6":"product_cat-embalagem-de-alimentos","7":"product_cat-padaria-e-pastelaria","8":"product_cat-acessorios-decorativos","9":"product_cat-raphlene-pt-pt","10":"product_cat-loja-e-armazem","11":"product_cat-acessorios-decorativos-pt-pt","12":"product_cat-raphlene-pt-pt-2","14":"first","15":"outofstock","16":"taxable","17":"shipping-taxable","18":"purchasable","19":"product-type-simple"},"acf":[],"yoast_head":"<!-- This site is optimized with the Yoast SEO Premium plugin v26.6 (Yoast SEO v26.6) - https:\/\/yoast.com\/wordpress\/plugins\/seo\/ -->\n<title>Bobina de rafene bege 100m x 7mm \/csj-emballages<\/title>\n<meta name=\"description\" content=\"Compra as nossas bobinas de Raphlene Bege ! Tamanho: 100 m x 7 mm! Opta por um carretel de Raphlene de qualidade a PRE\u00c7O DE DESCONTO !!!!!!\" \/>\n<meta name=\"robots\" content=\"index, follow, max-snippet:-1, max-image-preview:large, max-video-preview:-1\" \/>\n<link rel=\"canonical\" href=\"https:\/\/www.csj-emballages.com\/pt-pt\/produit\/100-m-de-bobina-de-rafene-bege\/\" \/>\n<meta property=\"og:locale\" content=\"pt_PT\" \/>\n<meta property=\"og:type\" content=\"article\" \/>\n<meta property=\"og:title\" content=\"100 m de bobina de rafene bege\" \/>\n<meta property=\"og:description\" content=\"Compra as nossas bobinas de Raphlene Bege ! Tamanho: 100 m x 7 mm! Opta por um carretel de Raphlene de qualidade a PRE\u00c7O DE DESCONTO !!!!!!\" \/>\n<meta property=\"og:url\" content=\"https:\/\/www.csj-emballages.com\/pt-pt\/produit\/100-m-de-bobina-de-rafene-bege\/\" \/>\n<meta property=\"og:site_name\" content=\"CSJ Emballages\" \/>\n<meta property=\"article:publisher\" content=\"https:\/\/www.facebook.com\/csjemballages\" \/>\n<meta property=\"article:modified_time\" content=\"2026-03-25T01:11:15+00:00\" \/>\n<meta property=\"og:image\" content=\"https:\/\/www.csj-emballages.com\/wp-content\/uploads\/2024\/03\/ItemBOBRAPH32-jpeg.webp\" \/>\n\t<meta property=\"og:image:width\" content=\"300\" \/>\n\t<meta property=\"og:image:height\" content=\"300\" \/>\n\t<meta property=\"og:image:type\" content=\"image\/jpeg\" \/>\n<meta name=\"twitter:card\" content=\"summary_large_image\" \/>\n<script type=\"application\/ld+json\" class=\"yoast-schema-graph\">{\"@context\":\"https:\/\/schema.org\",\"@graph\":[{\"@type\":\"WebPage\",\"@id\":\"https:\/\/www.csj-emballages.com\/pt-pt\/produit\/100-m-de-bobina-de-rafene-bege\/\",\"url\":\"https:\/\/www.csj-emballages.com\/pt-pt\/produit\/100-m-de-bobina-de-rafene-bege\/\",\"name\":\"Bobina de rafene bege 100m x 7mm \/csj-emballages\",\"isPartOf\":{\"@id\":\"https:\/\/www.csj-emballages.com\/pt-pt\/#website\"},\"primaryImageOfPage\":{\"@id\":\"https:\/\/www.csj-emballages.com\/pt-pt\/produit\/100-m-de-bobina-de-rafene-bege\/#primaryimage\"},\"image\":{\"@id\":\"https:\/\/www.csj-emballages.com\/pt-pt\/produit\/100-m-de-bobina-de-rafene-bege\/#primaryimage\"},\"thumbnailUrl\":\"https:\/\/www.csj-emballages.com\/wp-content\/uploads\/2024\/03\/ItemBOBRAPH32-jpeg.webp\",\"datePublished\":\"2024-03-01T15:56:13+00:00\",\"dateModified\":\"2026-03-25T01:11:15+00:00\",\"description\":\"Compra as nossas bobinas de Raphlene Bege ! Tamanho: 100 m x 7 mm! Opta por um carretel de Raphlene de qualidade a PRE\u00c7O DE DESCONTO !!!!!!\",\"breadcrumb\":{\"@id\":\"https:\/\/www.csj-emballages.com\/pt-pt\/produit\/100-m-de-bobina-de-rafene-bege\/#breadcrumb\"},\"inLanguage\":\"pt-PT\",\"potentialAction\":[{\"@type\":\"ReadAction\",\"target\":[\"https:\/\/www.csj-emballages.com\/pt-pt\/produit\/100-m-de-bobina-de-rafene-bege\/\"]}]},{\"@type\":\"ImageObject\",\"inLanguage\":\"pt-PT\",\"@id\":\"https:\/\/www.csj-emballages.com\/pt-pt\/produit\/100-m-de-bobina-de-rafene-bege\/#primaryimage\",\"url\":\"https:\/\/www.csj-emballages.com\/wp-content\/uploads\/2024\/03\/ItemBOBRAPH32-jpeg.webp\",\"contentUrl\":\"https:\/\/www.csj-emballages.com\/wp-content\/uploads\/2024\/03\/ItemBOBRAPH32-jpeg.webp\",\"width\":300,\"height\":300},{\"@type\":\"BreadcrumbList\",\"@id\":\"https:\/\/www.csj-emballages.com\/pt-pt\/produit\/100-m-de-bobina-de-rafene-bege\/#breadcrumb\",\"itemListElement\":[{\"@type\":\"ListItem\",\"position\":1,\"name\":\"Acolhimento\",\"item\":\"https:\/\/www.csj-emballages.com\/pt-pt\/universo-das-embalagens-alimentares\/\"},{\"@type\":\"ListItem\",\"position\":2,\"name\":\"Shop\",\"item\":\"https:\/\/www.csj-emballages.com\/shop\/\"},{\"@type\":\"ListItem\",\"position\":3,\"name\":\"100 m de bobina de rafene bege\"}]},{\"@type\":\"WebSite\",\"@id\":\"https:\/\/www.csj-emballages.com\/pt-pt\/#website\",\"url\":\"https:\/\/www.csj-emballages.com\/pt-pt\/\",\"name\":\"CSJ Emballages\",\"description\":\"\",\"publisher\":{\"@id\":\"https:\/\/www.csj-emballages.com\/pt-pt\/#organization\"},\"potentialAction\":[{\"@type\":\"SearchAction\",\"target\":{\"@type\":\"EntryPoint\",\"urlTemplate\":\"https:\/\/www.csj-emballages.com\/pt-pt\/?s={search_term_string}\"},\"query-input\":{\"@type\":\"PropertyValueSpecification\",\"valueRequired\":true,\"valueName\":\"search_term_string\"}}],\"inLanguage\":\"pt-PT\"},{\"@type\":\"Organization\",\"@id\":\"https:\/\/www.csj-emballages.com\/pt-pt\/#Organization\/\",\"name\":\"CSJ Emballages\",\"url\":\"https:\/\/www.csj-emballages.com\/pt-pt\/\",\"logo\":{\"@type\":\"ImageObject\",\"inLanguage\":\"pt-PT\",\"@id\":\"https:\/\/www.csj-emballages.com\/pt-pt\/#\/schema\/logo\/image\/\",\"url\":\"https:\/\/www.csj-emballages.com\/wp-content\/uploads\/2023\/10\/logo_csj.webp\",\"contentUrl\":\"https:\/\/www.csj-emballages.com\/wp-content\/uploads\/2023\/10\/logo_csj.webp\",\"width\":250,\"height\":95,\"caption\":\"CSJ Emballages\"},\"image\":{\"@id\":\"https:\/\/www.csj-emballages.com\/pt-pt\/#\/schema\/logo\/image\/\"},\"sameAs\":[\"https:\/\/www.facebook.com\/csjemballages\"],\"address\":{\"@type\":\"PostalAddress\",\"streetAddress\":\"ZI La Lechere\",\"addressLocality\":\"Patornay\",\"postalCode\":\"39130\",\"addressCountry\":\"FR\"},\"contactPoint\":[{\"@type\":\"ContactPoint\",\"contactType\":\"Service client\",\"telephone\":\"0384254272\",\"email\":\"contact@csj-emballages.com\"}]}]}<\/script>\n<!-- \/ Yoast SEO Premium plugin. -->","yoast_head_json":{"title":"Bobina de rafene bege 100m x 7mm \/csj-emballages","description":"Compra as nossas bobinas de Raphlene Bege ! Tamanho: 100 m x 7 mm! Opta por um carretel de Raphlene de qualidade a PRE\u00c7O DE DESCONTO !!!!!!","robots":{"index":"index","follow":"follow","max-snippet":"max-snippet:-1","max-image-preview":"max-image-preview:large","max-video-preview":"max-video-preview:-1"},"canonical":"https:\/\/www.csj-emballages.com\/pt-pt\/produit\/100-m-de-bobina-de-rafene-bege\/","og_locale":"pt_PT","og_type":"article","og_title":"100 m de bobina de rafene bege","og_description":"Compra as nossas bobinas de Raphlene Bege ! Tamanho: 100 m x 7 mm! Opta por um carretel de Raphlene de qualidade a PRE\u00c7O DE DESCONTO !!!!!!","og_url":"https:\/\/www.csj-emballages.com\/pt-pt\/produit\/100-m-de-bobina-de-rafene-bege\/","og_site_name":"CSJ Emballages","article_publisher":"https:\/\/www.facebook.com\/csjemballages","article_modified_time":"2026-03-25T01:11:15+00:00","og_image":[{"width":300,"height":300,"url":"https:\/\/www.csj-emballages.com\/wp-content\/uploads\/2024\/03\/ItemBOBRAPH32-jpeg.webp","type":"image\/jpeg"}],"twitter_card":"summary_large_image","schema":{"@context":"https:\/\/schema.org","@graph":[{"@type":"WebPage","@id":"https:\/\/www.csj-emballages.com\/pt-pt\/produit\/100-m-de-bobina-de-rafene-bege\/","url":"https:\/\/www.csj-emballages.com\/pt-pt\/produit\/100-m-de-bobina-de-rafene-bege\/","name":"Bobina de rafene bege 100m x 7mm \/csj-emballages","isPartOf":{"@id":"https:\/\/www.csj-emballages.com\/pt-pt\/#website"},"primaryImageOfPage":{"@id":"https:\/\/www.csj-emballages.com\/pt-pt\/produit\/100-m-de-bobina-de-rafene-bege\/#primaryimage"},"image":{"@id":"https:\/\/www.csj-emballages.com\/pt-pt\/produit\/100-m-de-bobina-de-rafene-bege\/#primaryimage"},"thumbnailUrl":"https:\/\/www.csj-emballages.com\/wp-content\/uploads\/2024\/03\/ItemBOBRAPH32-jpeg.webp","datePublished":"2024-03-01T15:56:13+00:00","dateModified":"2026-03-25T01:11:15+00:00","description":"Compra as nossas bobinas de Raphlene Bege ! Tamanho: 100 m x 7 mm! Opta por um carretel de Raphlene de qualidade a PRE\u00c7O DE DESCONTO !!!!!!","breadcrumb":{"@id":"https:\/\/www.csj-emballages.com\/pt-pt\/produit\/100-m-de-bobina-de-rafene-bege\/#breadcrumb"},"inLanguage":"pt-PT","potentialAction":[{"@type":"ReadAction","target":["https:\/\/www.csj-emballages.com\/pt-pt\/produit\/100-m-de-bobina-de-rafene-bege\/"]}]},{"@type":"ImageObject","inLanguage":"pt-PT","@id":"https:\/\/www.csj-emballages.com\/pt-pt\/produit\/100-m-de-bobina-de-rafene-bege\/#primaryimage","url":"https:\/\/www.csj-emballages.com\/wp-content\/uploads\/2024\/03\/ItemBOBRAPH32-jpeg.webp","contentUrl":"https:\/\/www.csj-emballages.com\/wp-content\/uploads\/2024\/03\/ItemBOBRAPH32-jpeg.webp","width":300,"height":300},{"@type":"BreadcrumbList","@id":"https:\/\/www.csj-emballages.com\/pt-pt\/produit\/100-m-de-bobina-de-rafene-bege\/#breadcrumb","itemListElement":[{"@type":"ListItem","position":1,"name":"Acolhimento","item":"https:\/\/www.csj-emballages.com\/pt-pt\/universo-das-embalagens-alimentares\/"},{"@type":"ListItem","position":2,"name":"Shop","item":"https:\/\/www.csj-emballages.com\/shop\/"},{"@type":"ListItem","position":3,"name":"100 m de bobina de rafene bege"}]},{"@type":"WebSite","@id":"https:\/\/www.csj-emballages.com\/pt-pt\/#website","url":"https:\/\/www.csj-emballages.com\/pt-pt\/","name":"CSJ Emballages","description":"","publisher":{"@id":"https:\/\/www.csj-emballages.com\/pt-pt\/#organization"},"potentialAction":[{"@type":"SearchAction","target":{"@type":"EntryPoint","urlTemplate":"https:\/\/www.csj-emballages.com\/pt-pt\/?s={search_term_string}"},"query-input":{"@type":"PropertyValueSpecification","valueRequired":true,"valueName":"search_term_string"}}],"inLanguage":"pt-PT"},{"@type":"Organization","@id":"https:\/\/www.csj-emballages.com\/pt-pt\/#Organization\/","name":"CSJ Emballages","url":"https:\/\/www.csj-emballages.com\/pt-pt\/","logo":{"@type":"ImageObject","inLanguage":"pt-PT","@id":"https:\/\/www.csj-emballages.com\/pt-pt\/#\/schema\/logo\/image\/","url":"https:\/\/www.csj-emballages.com\/wp-content\/uploads\/2023\/10\/logo_csj.webp","contentUrl":"https:\/\/www.csj-emballages.com\/wp-content\/uploads\/2023\/10\/logo_csj.webp","width":250,"height":95,"caption":"CSJ Emballages"},"image":{"@id":"https:\/\/www.csj-emballages.com\/pt-pt\/#\/schema\/logo\/image\/"},"sameAs":["https:\/\/www.facebook.com\/csjemballages"],"address":{"@type":"PostalAddress","streetAddress":"ZI La Lechere","addressLocality":"Patornay","postalCode":"39130","addressCountry":"FR"},"contactPoint":[{"@type":"ContactPoint","contactType":"Service client","telephone":"0384254272","email":"contact@csj-emballages.com"}]}]}},"df_price":7.39,"df_sale_price":"","df_regular_price":7.39,"df_image_link":"https:\/\/www.csj-emballages.com\/wp-content\/uploads\/2024\/03\/ItemBOBRAPH32-jpeg.webp","tiered_pricing_type":"fixed","tiered_pricing_fixed_rules":[],"tiered_pricing_percentage_rules":[],"tiered_pricing_minimum":1,"tiered_pricing_roles_data":[],"_links":{"self":[{"href":"https:\/\/www.csj-emballages.com\/pt-pt\/wp-json\/wp\/v2\/product\/19493","targetHints":{"allow":["GET"]}}],"collection":[{"href":"https:\/\/www.csj-emballages.com\/pt-pt\/wp-json\/wp\/v2\/product"}],"about":[{"href":"https:\/\/www.csj-emballages.com\/pt-pt\/wp-json\/wp\/v2\/types\/product"}],"wp:featuredmedia":[{"embeddable":true,"href":"https:\/\/www.csj-emballages.com\/pt-pt\/wp-json\/wp\/v2\/media\/11284"}],"wp:attachment":[{"href":"https:\/\/www.csj-emballages.com\/pt-pt\/wp-json\/wp\/v2\/media?parent=19493"}],"wp:term":[{"taxonomy":"product_brand","embeddable":true,"href":"https:\/\/www.csj-emballages.com\/pt-pt\/wp-json\/wp\/v2\/product_brand?post=19493"},{"taxonomy":"product_cat","embeddable":true,"href":"https:\/\/www.csj-emballages.com\/pt-pt\/wp-json\/wp\/v2\/product_cat?post=19493"},{"taxonomy":"product_tag","embeddable":true,"href":"https:\/\/www.csj-emballages.com\/pt-pt\/wp-json\/wp\/v2\/product_tag?post=19493"}],"curies":[{"name":"wp","href":"https:\/\/api.w.org\/{rel}","templated":true}]}}