{"id":19480,"date":"2024-03-01T16:56:11","date_gmt":"2024-03-01T15:56:11","guid":{"rendered":"https:\/\/u15jnbdpoq.preview.infomaniak.website\/produit\/bobina-de-tecido-violeta-taftlene-50m-x-10mm\/"},"modified":"2026-04-16T02:11:18","modified_gmt":"2026-04-16T00:11:18","slug":"bobina-de-tecido-violeta-taftlene-50m-x-10mm","status":"publish","type":"product","link":"https:\/\/www.csj-emballages.com\/pt-pt\/produit\/bobina-de-tecido-violeta-taftlene-50m-x-10mm\/","title":{"rendered":"Bobina de tecido violeta &#8220;Taftl\u00e8ne&#8221; 50 m x 10 mm"},"content":{"rendered":"<h2>Bobina de tecido violeta<\/h2>\n<hr>\n<h3>Descubra a nossa bobina de tecido violeta &#8220;Taftl\u00e8ne&#8221; 50 m x 10 mm<\/h3>\n<p><!--more--><\/p>\n<p data-start=\"77\" data-end=\"267\">D\u00ea um toque sofisticado \u00e0s suas embalagens com esta <strong>bobina de fita de tecido violeta<\/strong>. Intensa e requintada, esta <strong>cor<\/strong> \u00e9 ideal para criar apresenta\u00e7\u00f5es elegantes que se destacam. <\/p>\n<p data-start=\"269\" data-end=\"515\">Gra\u00e7as \u00e0 sua textura em <strong>tecido<\/strong>, esta fita oferece uma excelente fixa\u00e7\u00e3o: os <strong>n\u00f3s<\/strong> mant\u00eam-se bem formados e conferem imediatamente um aspeto mais qualitativo \u00e0s suas embalagens. Perfeita para real\u00e7ar um embrulho, um cabaz gourmet ou uma decora\u00e7\u00e3o. <\/p>\n<p data-start=\"562\" data-end=\"728\">O <strong>violeta<\/strong> \u00e9 frequentemente associado ao <strong>luxo, \u00e0 criatividade e \u00e0 originalidade<\/strong>. Permite dar car\u00e1cter \u00e0s suas apresenta\u00e7\u00f5es, mantendo uma verdadeira eleg\u00e2ncia. <\/p>\n<p data-start=\"624\" data-end=\"795\"><!--more--><\/p>\n<h4 data-start=\"624\" data-end=\"795\">Vantagens :<\/h4>\n<ul>\n<li data-section-id=\"jcjijg\" data-start=\"835\" data-end=\"903\"><strong data-start=\"773\" data-end=\"800\">Cor violeta elegante<\/strong>: chique e original<\/li>\n<li data-section-id=\"4pj3ch\" data-start=\"904\" data-end=\"965\"><strong data-start=\"909\" data-end=\"927\">Fita em tecido<\/strong>: acabamento qualitativo e profissional<\/li>\n<li data-section-id=\"1da6fzz\" data-start=\"966\" data-end=\"1032\"><strong data-start=\"971\" data-end=\"996\">Boa fixa\u00e7\u00e3o dos la\u00e7os<\/strong>: mant\u00e9m-se no lugar sem se deformar<\/li>\n<li data-section-id=\"192xbxr\" data-start=\"1033\" data-end=\"1096\">Corta-se e ata-se facilmente<\/li>\n<li data-section-id=\"ug5r61\" data-start=\"1097\" data-end=\"1156\"><strong data-start=\"1102\" data-end=\"1121\">Grande comprimento<\/strong>: perfeito para um uso regular<\/li>\n<li data-section-id=\"1ug553t\" data-start=\"1157\" data-end=\"1224\">Ideal para presentes, decora\u00e7\u00f5es, embalagens<\/li>\n<\/ul>\n<p>&nbsp;<\/p>\n<p><!--more--><\/p>\n<h4>Outras informa\u00e7\u00f5es :<\/h4>\n<ul>\n<li><strong>Embalagem<\/strong>: Por unidade<\/li>\n<li><strong>Cor<\/strong>: Violeta<\/li>\n<li><strong>Modelo<\/strong>: Taftl\u00e8ne<\/li>\n<li><strong>Largura<\/strong>: 10 mm<\/li>\n<li><strong>Comprimento<\/strong>: 50 m<\/li>\n<li><strong>Material<\/strong>: Tecido<\/li>\n<\/ul>\n<p>&nbsp;<\/p>\n<p><!--more--><\/p>\n<p>Esta bobina em tecido amarelo est\u00e1 dispon\u00edvel em diferentes cores: <span style=\"color: #d12727;\"><a style=\"color: #d12727;\" href=\"https:\/\/www.csj-emballages.com\/pt-pt\/produit\/bobina-de-tecido-amarelo-taftlene-50m-x-10mm\/\">Amarelo<\/a><\/span> \/ <span style=\"color: #d12727;\"><a style=\"color: #d12727;\" href=\"https:\/\/www.csj-emballages.com\/pt-pt\/produit\/bobina-de-tecido-verde-claro-taftlene-50m-x-10mm\/\">Verde claro<\/a><\/span> \/ <span style=\"color: #d12727;\"><a style=\"color: #d12727;\" href=\"https:\/\/www.csj-emballages.com\/pt-pt\/produit\/carretel-de-tecido-verde-escuro-taftlene-50m-x-10mm\/\">Verde escuro<\/a><\/span> \/ <span style=\"color: #d12727;\"><a style=\"color: #d12727;\" href=\"https:\/\/www.csj-emballages.com\/pt-pt\/produit\/carretel-de-tecido-taftlene-rosa-doce-50m-x-10mm\/\">Rosa choque<\/a><\/span><\/p>\n<p>&nbsp;<\/p>\n<p><!--more--><\/p>\n<p><a href=\"https:\/\/www.csj-emballages.com\/pt-pt\/categorie-produit\/embalagem-de-alimentos\/padaria-e-pastelaria\/acessorios-e-equipamentos\/acessorios-decorativos\/carreteis-de-tecido\/\">Consulte o resto da nossa gama de bobinas em tecido<\/a><\/p>\n","protected":false},"excerpt":{"rendered":"<p>Bobina de tecido violeta Descubra a nossa bobina de tecido violeta &#8220;Taftl\u00e8ne&#8221; 50 m x 10 mm<\/p>\n","protected":false},"featured_media":277509,"template":"","meta":{"_acf_changed":false},"product_brand":[],"product_cat":[1141,1177,1796,2146,1482,1805,2150],"product_tag":[],"class_list":{"0":"post-19480","1":"product","2":"type-product","3":"status-publish","4":"has-post-thumbnail","6":"product_cat-embalagem-de-alimentos","7":"product_cat-padaria-e-pastelaria","8":"product_cat-acessorios-decorativos","9":"product_cat-carreteis-de-tecido","10":"product_cat-loja-e-armazem","11":"product_cat-acessorios-decorativos-pt-pt","12":"product_cat-carreteis-de-tecido-pt-pt","14":"first","15":"instock","16":"taxable","17":"shipping-taxable","18":"purchasable","19":"product-type-simple"},"acf":[],"yoast_head":"<!-- This site is optimized with the Yoast SEO Premium plugin v26.6 (Yoast SEO v26.6) - https:\/\/yoast.com\/wordpress\/plugins\/seo\/ -->\n<title>Bobina de Tecido Violeta &quot;Taftl\u00e8ne&quot; 50 m x 10 mm<\/title>\n<meta name=\"description\" content=\"Bobina de tecido violeta: elegante, resistente e ideal para embalagens de presente e decora\u00e7\u00f5es. Acabamento premium e fixa\u00e7\u00e3o perfeita dos n\u00f3s.\" \/>\n<meta name=\"robots\" content=\"index, follow, max-snippet:-1, max-image-preview:large, max-video-preview:-1\" \/>\n<link rel=\"canonical\" href=\"https:\/\/www.csj-emballages.com\/pt-pt\/produit\/bobina-de-tecido-violeta-taftlene-50m-x-10mm\/\" \/>\n<meta property=\"og:locale\" content=\"pt_PT\" \/>\n<meta property=\"og:type\" content=\"article\" \/>\n<meta property=\"og:title\" content=\"Bobina de tecido violeta &quot;Taftl\u00e8ne&quot; 50 m x 10 mm\" \/>\n<meta property=\"og:description\" content=\"Bobina de tecido violeta: elegante, resistente e ideal para embalagens de presente e decora\u00e7\u00f5es. Acabamento premium e fixa\u00e7\u00e3o perfeita dos n\u00f3s.\" \/>\n<meta property=\"og:url\" content=\"https:\/\/www.csj-emballages.com\/pt-pt\/produit\/bobina-de-tecido-violeta-taftlene-50m-x-10mm\/\" \/>\n<meta property=\"og:site_name\" content=\"CSJ Emballages\" \/>\n<meta property=\"article:publisher\" content=\"https:\/\/www.facebook.com\/csjemballages\" \/>\n<meta property=\"article:modified_time\" content=\"2026-04-16T00:11:18+00:00\" \/>\n<meta property=\"og:image\" content=\"https:\/\/www.csj-emballages.com\/wp-content\/uploads\/2024\/03\/BOBTAFL28.webp\" \/>\n\t<meta property=\"og:image:width\" content=\"800\" \/>\n\t<meta property=\"og:image:height\" content=\"800\" \/>\n\t<meta property=\"og:image:type\" content=\"image\/webp\" \/>\n<meta name=\"twitter:card\" content=\"summary_large_image\" \/>\n<meta name=\"twitter:label1\" content=\"Tempo estimado de leitura\" \/>\n\t<meta name=\"twitter:data1\" content=\"1 minuto\" \/>\n<script type=\"application\/ld+json\" class=\"yoast-schema-graph\">{\"@context\":\"https:\/\/schema.org\",\"@graph\":[{\"@type\":\"WebPage\",\"@id\":\"https:\/\/www.csj-emballages.com\/pt-pt\/produit\/bobina-de-tecido-violeta-taftlene-50m-x-10mm\/\",\"url\":\"https:\/\/www.csj-emballages.com\/pt-pt\/produit\/bobina-de-tecido-violeta-taftlene-50m-x-10mm\/\",\"name\":\"Bobina de Tecido Violeta \\\"Taftl\u00e8ne\\\" 50 m x 10 mm\",\"isPartOf\":{\"@id\":\"https:\/\/www.csj-emballages.com\/pt-pt\/#website\"},\"primaryImageOfPage\":{\"@id\":\"https:\/\/www.csj-emballages.com\/pt-pt\/produit\/bobina-de-tecido-violeta-taftlene-50m-x-10mm\/#primaryimage\"},\"image\":{\"@id\":\"https:\/\/www.csj-emballages.com\/pt-pt\/produit\/bobina-de-tecido-violeta-taftlene-50m-x-10mm\/#primaryimage\"},\"thumbnailUrl\":\"https:\/\/www.csj-emballages.com\/wp-content\/uploads\/2024\/03\/BOBTAFL28.webp\",\"datePublished\":\"2024-03-01T15:56:11+00:00\",\"dateModified\":\"2026-04-16T00:11:18+00:00\",\"description\":\"Bobina de tecido violeta: elegante, resistente e ideal para embalagens de presente e decora\u00e7\u00f5es. Acabamento premium e fixa\u00e7\u00e3o perfeita dos n\u00f3s.\",\"breadcrumb\":{\"@id\":\"https:\/\/www.csj-emballages.com\/pt-pt\/produit\/bobina-de-tecido-violeta-taftlene-50m-x-10mm\/#breadcrumb\"},\"inLanguage\":\"pt-PT\",\"potentialAction\":[{\"@type\":\"ReadAction\",\"target\":[\"https:\/\/www.csj-emballages.com\/pt-pt\/produit\/bobina-de-tecido-violeta-taftlene-50m-x-10mm\/\"]}]},{\"@type\":\"ImageObject\",\"inLanguage\":\"pt-PT\",\"@id\":\"https:\/\/www.csj-emballages.com\/pt-pt\/produit\/bobina-de-tecido-violeta-taftlene-50m-x-10mm\/#primaryimage\",\"url\":\"https:\/\/www.csj-emballages.com\/wp-content\/uploads\/2024\/03\/BOBTAFL28.webp\",\"contentUrl\":\"https:\/\/www.csj-emballages.com\/wp-content\/uploads\/2024\/03\/BOBTAFL28.webp\",\"width\":800,\"height\":800,\"caption\":\"Bobine tissue violet\"},{\"@type\":\"BreadcrumbList\",\"@id\":\"https:\/\/www.csj-emballages.com\/pt-pt\/produit\/bobina-de-tecido-violeta-taftlene-50m-x-10mm\/#breadcrumb\",\"itemListElement\":[{\"@type\":\"ListItem\",\"position\":1,\"name\":\"Acolhimento\",\"item\":\"https:\/\/www.csj-emballages.com\/pt-pt\/universo-das-embalagens-alimentares\/\"},{\"@type\":\"ListItem\",\"position\":2,\"name\":\"Shop\",\"item\":\"https:\/\/www.csj-emballages.com\/shop\/\"},{\"@type\":\"ListItem\",\"position\":3,\"name\":\"Bobina de tecido violeta \u00ab\u00a0Taftl\u00e8ne\u00a0\u00bb 50 m x 10 mm\"}]},{\"@type\":\"WebSite\",\"@id\":\"https:\/\/www.csj-emballages.com\/pt-pt\/#website\",\"url\":\"https:\/\/www.csj-emballages.com\/pt-pt\/\",\"name\":\"CSJ Emballages\",\"description\":\"\",\"publisher\":{\"@id\":\"https:\/\/www.csj-emballages.com\/pt-pt\/#organization\"},\"potentialAction\":[{\"@type\":\"SearchAction\",\"target\":{\"@type\":\"EntryPoint\",\"urlTemplate\":\"https:\/\/www.csj-emballages.com\/pt-pt\/?s={search_term_string}\"},\"query-input\":{\"@type\":\"PropertyValueSpecification\",\"valueRequired\":true,\"valueName\":\"search_term_string\"}}],\"inLanguage\":\"pt-PT\"},{\"@type\":\"Organization\",\"@id\":\"https:\/\/www.csj-emballages.com\/pt-pt\/#Organization\/\",\"name\":\"CSJ Emballages\",\"url\":\"https:\/\/www.csj-emballages.com\/pt-pt\/\",\"logo\":{\"@type\":\"ImageObject\",\"inLanguage\":\"pt-PT\",\"@id\":\"https:\/\/www.csj-emballages.com\/pt-pt\/#\/schema\/logo\/image\/\",\"url\":\"https:\/\/www.csj-emballages.com\/wp-content\/uploads\/2023\/10\/logo_csj.webp\",\"contentUrl\":\"https:\/\/www.csj-emballages.com\/wp-content\/uploads\/2023\/10\/logo_csj.webp\",\"width\":250,\"height\":95,\"caption\":\"CSJ Emballages\"},\"image\":{\"@id\":\"https:\/\/www.csj-emballages.com\/pt-pt\/#\/schema\/logo\/image\/\"},\"sameAs\":[\"https:\/\/www.facebook.com\/csjemballages\"],\"address\":{\"@type\":\"PostalAddress\",\"streetAddress\":\"ZI La Lechere\",\"addressLocality\":\"Patornay\",\"postalCode\":\"39130\",\"addressCountry\":\"FR\"},\"contactPoint\":[{\"@type\":\"ContactPoint\",\"contactType\":\"Service client\",\"telephone\":\"0384254272\",\"email\":\"contact@csj-emballages.com\"}]}]}<\/script>\n<!-- \/ Yoast SEO Premium plugin. -->","yoast_head_json":{"title":"Bobina de Tecido Violeta \"Taftl\u00e8ne\" 50 m x 10 mm","description":"Bobina de tecido violeta: elegante, resistente e ideal para embalagens de presente e decora\u00e7\u00f5es. Acabamento premium e fixa\u00e7\u00e3o perfeita dos n\u00f3s.","robots":{"index":"index","follow":"follow","max-snippet":"max-snippet:-1","max-image-preview":"max-image-preview:large","max-video-preview":"max-video-preview:-1"},"canonical":"https:\/\/www.csj-emballages.com\/pt-pt\/produit\/bobina-de-tecido-violeta-taftlene-50m-x-10mm\/","og_locale":"pt_PT","og_type":"article","og_title":"Bobina de tecido violeta \"Taftl\u00e8ne\" 50 m x 10 mm","og_description":"Bobina de tecido violeta: elegante, resistente e ideal para embalagens de presente e decora\u00e7\u00f5es. Acabamento premium e fixa\u00e7\u00e3o perfeita dos n\u00f3s.","og_url":"https:\/\/www.csj-emballages.com\/pt-pt\/produit\/bobina-de-tecido-violeta-taftlene-50m-x-10mm\/","og_site_name":"CSJ Emballages","article_publisher":"https:\/\/www.facebook.com\/csjemballages","article_modified_time":"2026-04-16T00:11:18+00:00","og_image":[{"width":800,"height":800,"url":"https:\/\/www.csj-emballages.com\/wp-content\/uploads\/2024\/03\/BOBTAFL28.webp","type":"image\/webp"}],"twitter_card":"summary_large_image","twitter_misc":{"Tempo estimado de leitura":"1 minuto"},"schema":{"@context":"https:\/\/schema.org","@graph":[{"@type":"WebPage","@id":"https:\/\/www.csj-emballages.com\/pt-pt\/produit\/bobina-de-tecido-violeta-taftlene-50m-x-10mm\/","url":"https:\/\/www.csj-emballages.com\/pt-pt\/produit\/bobina-de-tecido-violeta-taftlene-50m-x-10mm\/","name":"Bobina de Tecido Violeta \"Taftl\u00e8ne\" 50 m x 10 mm","isPartOf":{"@id":"https:\/\/www.csj-emballages.com\/pt-pt\/#website"},"primaryImageOfPage":{"@id":"https:\/\/www.csj-emballages.com\/pt-pt\/produit\/bobina-de-tecido-violeta-taftlene-50m-x-10mm\/#primaryimage"},"image":{"@id":"https:\/\/www.csj-emballages.com\/pt-pt\/produit\/bobina-de-tecido-violeta-taftlene-50m-x-10mm\/#primaryimage"},"thumbnailUrl":"https:\/\/www.csj-emballages.com\/wp-content\/uploads\/2024\/03\/BOBTAFL28.webp","datePublished":"2024-03-01T15:56:11+00:00","dateModified":"2026-04-16T00:11:18+00:00","description":"Bobina de tecido violeta: elegante, resistente e ideal para embalagens de presente e decora\u00e7\u00f5es. Acabamento premium e fixa\u00e7\u00e3o perfeita dos n\u00f3s.","breadcrumb":{"@id":"https:\/\/www.csj-emballages.com\/pt-pt\/produit\/bobina-de-tecido-violeta-taftlene-50m-x-10mm\/#breadcrumb"},"inLanguage":"pt-PT","potentialAction":[{"@type":"ReadAction","target":["https:\/\/www.csj-emballages.com\/pt-pt\/produit\/bobina-de-tecido-violeta-taftlene-50m-x-10mm\/"]}]},{"@type":"ImageObject","inLanguage":"pt-PT","@id":"https:\/\/www.csj-emballages.com\/pt-pt\/produit\/bobina-de-tecido-violeta-taftlene-50m-x-10mm\/#primaryimage","url":"https:\/\/www.csj-emballages.com\/wp-content\/uploads\/2024\/03\/BOBTAFL28.webp","contentUrl":"https:\/\/www.csj-emballages.com\/wp-content\/uploads\/2024\/03\/BOBTAFL28.webp","width":800,"height":800,"caption":"Bobine tissue violet"},{"@type":"BreadcrumbList","@id":"https:\/\/www.csj-emballages.com\/pt-pt\/produit\/bobina-de-tecido-violeta-taftlene-50m-x-10mm\/#breadcrumb","itemListElement":[{"@type":"ListItem","position":1,"name":"Acolhimento","item":"https:\/\/www.csj-emballages.com\/pt-pt\/universo-das-embalagens-alimentares\/"},{"@type":"ListItem","position":2,"name":"Shop","item":"https:\/\/www.csj-emballages.com\/shop\/"},{"@type":"ListItem","position":3,"name":"Bobina de tecido violeta \u00ab\u00a0Taftl\u00e8ne\u00a0\u00bb 50 m x 10 mm"}]},{"@type":"WebSite","@id":"https:\/\/www.csj-emballages.com\/pt-pt\/#website","url":"https:\/\/www.csj-emballages.com\/pt-pt\/","name":"CSJ Emballages","description":"","publisher":{"@id":"https:\/\/www.csj-emballages.com\/pt-pt\/#organization"},"potentialAction":[{"@type":"SearchAction","target":{"@type":"EntryPoint","urlTemplate":"https:\/\/www.csj-emballages.com\/pt-pt\/?s={search_term_string}"},"query-input":{"@type":"PropertyValueSpecification","valueRequired":true,"valueName":"search_term_string"}}],"inLanguage":"pt-PT"},{"@type":"Organization","@id":"https:\/\/www.csj-emballages.com\/pt-pt\/#Organization\/","name":"CSJ Emballages","url":"https:\/\/www.csj-emballages.com\/pt-pt\/","logo":{"@type":"ImageObject","inLanguage":"pt-PT","@id":"https:\/\/www.csj-emballages.com\/pt-pt\/#\/schema\/logo\/image\/","url":"https:\/\/www.csj-emballages.com\/wp-content\/uploads\/2023\/10\/logo_csj.webp","contentUrl":"https:\/\/www.csj-emballages.com\/wp-content\/uploads\/2023\/10\/logo_csj.webp","width":250,"height":95,"caption":"CSJ Emballages"},"image":{"@id":"https:\/\/www.csj-emballages.com\/pt-pt\/#\/schema\/logo\/image\/"},"sameAs":["https:\/\/www.facebook.com\/csjemballages"],"address":{"@type":"PostalAddress","streetAddress":"ZI La Lechere","addressLocality":"Patornay","postalCode":"39130","addressCountry":"FR"},"contactPoint":[{"@type":"ContactPoint","contactType":"Service client","telephone":"0384254272","email":"contact@csj-emballages.com"}]}]}},"df_price":7.15,"df_sale_price":"","df_regular_price":7.15,"df_image_link":"https:\/\/www.csj-emballages.com\/wp-content\/uploads\/2024\/03\/BOBTAFL28-300x300.webp","tiered_pricing_type":"fixed","tiered_pricing_fixed_rules":[],"tiered_pricing_percentage_rules":[],"tiered_pricing_minimum":1,"tiered_pricing_roles_data":[],"_links":{"self":[{"href":"https:\/\/www.csj-emballages.com\/pt-pt\/wp-json\/wp\/v2\/product\/19480","targetHints":{"allow":["GET"]}}],"collection":[{"href":"https:\/\/www.csj-emballages.com\/pt-pt\/wp-json\/wp\/v2\/product"}],"about":[{"href":"https:\/\/www.csj-emballages.com\/pt-pt\/wp-json\/wp\/v2\/types\/product"}],"wp:featuredmedia":[{"embeddable":true,"href":"https:\/\/www.csj-emballages.com\/pt-pt\/wp-json\/wp\/v2\/media\/277509"}],"wp:attachment":[{"href":"https:\/\/www.csj-emballages.com\/pt-pt\/wp-json\/wp\/v2\/media?parent=19480"}],"wp:term":[{"taxonomy":"product_brand","embeddable":true,"href":"https:\/\/www.csj-emballages.com\/pt-pt\/wp-json\/wp\/v2\/product_brand?post=19480"},{"taxonomy":"product_cat","embeddable":true,"href":"https:\/\/www.csj-emballages.com\/pt-pt\/wp-json\/wp\/v2\/product_cat?post=19480"},{"taxonomy":"product_tag","embeddable":true,"href":"https:\/\/www.csj-emballages.com\/pt-pt\/wp-json\/wp\/v2\/product_tag?post=19480"}],"curies":[{"name":"wp","href":"https:\/\/api.w.org\/{rel}","templated":true}]}}