{"id":19459,"date":"2024-03-01T16:56:11","date_gmt":"2024-03-01T15:56:11","guid":{"rendered":"https:\/\/u15jnbdpoq.preview.infomaniak.website\/produit\/30-chavenas-tampas-de-plastico-para-sobremesas-180-ml\/"},"modified":"2026-04-27T12:01:12","modified_gmt":"2026-04-27T10:01:12","slug":"30-chavenas-tampas-de-plastico-para-sobremesas-180-ml","status":"publish","type":"product","link":"https:\/\/www.csj-emballages.com\/pt-pt\/produit\/30-chavenas-tampas-de-plastico-para-sobremesas-180-ml\/","title":{"rendered":"Copos de sobremesa + tampas de pl\u00e1stico 180 ml por 30"},"content":{"rendered":"<h2>Copos de sobremesa<\/h2>\n<hr>\n<h3>Descri\u00e7\u00e3o dos nossos copos de sobremesa + tampas de pl\u00e1stico 180 ml por 30<\/h3>\n<p><!--more--><\/p>\n<p>Valorize as suas sobremesas com estas <strong>ta\u00e7as para sobremesa em pl\u00e1stico transparente de 180 ml<\/strong>, perfeitas para uma apresenta\u00e7\u00e3o cuidada e profissional. Cada <strong>ta\u00e7a para sobremesa<\/strong> \u00e9 acompanhada por uma <strong>tampa<\/strong> ajustada que protege as suas prepara\u00e7\u00f5es facilitando simultaneamente o transporte, seja para eventos, buffets ou vendas para levar. O seu tamanho pr\u00e1tico adapta-se a uma grande variedade de sobremesas, desde mousses a saladas de fruta, garantindo um servi\u00e7o limpo e sem complica\u00e7\u00f5es. Propostas em lote de <strong>30<\/strong>, estas <strong>ta\u00e7as para sobremesa<\/strong> s\u00e3o ideais para grandes ocasi\u00f5es como para uso quotidiano. Combine eleg\u00e2ncia e funcionalidade para satisfazer os seus convidados ou clientes<\/p>\n<p>&nbsp;<\/p>\n<p><!--more--><\/p>\n<p>Escolha <strong>os pratos de sobremesa Bodega<\/strong> para sobremesas que impressionam os seus convidados a cada dentada.<\/p>\n<p>&nbsp;<\/p>\n<p><!--more--><\/p>\n<p><strong>As suas vantagens:<\/strong><\/p>\n<ul>\n<li><strong>Praticidade<\/strong>: F\u00e1ceis de manusear, s\u00e3o perfeitos para buffets, recep\u00e7\u00f5es ou eventos ao ar livre.<\/li>\n<li><strong>Economia de espa\u00e7o<\/strong>: empilh\u00e1veis, maximizam o espa\u00e7o de arruma\u00e7\u00e3o nos teus arm\u00e1rios.<\/li>\n<li><strong>Tamanho de por\u00e7\u00e3o ideal<\/strong>: A sua capacidade de <strong>180 ml<\/strong> \u00e9 perfeita para por\u00e7\u00f5es generosas, sem excessos.<\/li>\n<li><strong>Durabilidade<\/strong>: Reutiliz\u00e1veis, oferecem uma alternativa amiga do ambiente.<\/li>\n<\/ul>\n<p>&nbsp;<\/p>\n<p><!--more--><\/p>\n<h4><strong>Outras informa\u00e7\u00f5es :  <\/strong><\/h4>\n<ul>\n<li><strong>Dimens\u00f5es<\/strong>: 81 x 57 (\u00d8 x H em mm para o corte).<\/li>\n<li><strong>Embalagem<\/strong>: Embalagens de 30 copos + tampas<\/li>\n<li><strong>Volume<\/strong>: 180 ml<\/li>\n<li><strong>Material<\/strong>: Polietileno<\/li>\n<\/ul>\n<p>&nbsp;<\/p>\n<p><!--more--><\/p>\n<p>Produto dispon\u00edvel num tamanho maior: <span style=\"color: #d12727;\"><a style=\"color: #d12727;\" href=\"https:\/\/www.csj-emballages.com\/produit\/30-coupes-couvercles-desserts-plastique-250-ml\/\">BODEGA25<\/a><\/span><\/p>\n<p>&nbsp;<\/p>\n<p><!--more--><\/p>\n<p><a href=\"https:\/\/www.csj-emballages.com\/produit\/20-coupes-a-dessert-bodega-plastique-250-ml\/\">V\u00ea o resto da nossa gama de ta\u00e7as de sobremesa<\/a><\/p>\n","protected":false},"excerpt":{"rendered":"<p>Copos de sobremesa Descri\u00e7\u00e3o dos nossos copos de sobremesa + tampas de pl\u00e1stico 180 ml por 30<\/p>\n","protected":false},"featured_media":209502,"template":"","meta":{"_acf_changed":false},"product_brand":[],"product_cat":[1141,1176,1306,1459],"product_tag":[],"class_list":{"0":"post-19459","1":"product","2":"type-product","3":"status-publish","4":"has-post-thumbnail","6":"product_cat-embalagem-de-alimentos","7":"product_cat-talho-e-charcutaria","8":"product_cat-copos-jarras-copos","9":"product_cat-copos-de-sobremesa","11":"first","12":"instock","13":"taxable","14":"shipping-taxable","15":"purchasable","16":"product-type-simple"},"acf":[],"yoast_head":"<!-- This site is optimized with the Yoast SEO Premium plugin v26.6 (Yoast SEO v26.6) - https:\/\/yoast.com\/wordpress\/plugins\/seo\/ -->\n<title>Copos de sobremesa + tampas de pl\u00e1stico - 180 ml<\/title>\n<meta name=\"description\" content=\"Descubra as nossas Ta\u00e7as para Sobremesa + Tampas de Pl\u00e1stico - 180 ml! Oferecemos-lhe um pacote de 30 ta\u00e7as para sobremesa com tampas.\" \/>\n<meta name=\"robots\" content=\"index, follow, max-snippet:-1, max-image-preview:large, max-video-preview:-1\" \/>\n<link rel=\"canonical\" href=\"https:\/\/www.csj-emballages.com\/pt-pt\/produit\/30-chavenas-tampas-de-plastico-para-sobremesas-180-ml\/\" \/>\n<meta property=\"og:locale\" content=\"pt_PT\" \/>\n<meta property=\"og:type\" content=\"article\" \/>\n<meta property=\"og:title\" content=\"Copos de sobremesa + tampas de pl\u00e1stico 180 ml por 30\" \/>\n<meta property=\"og:description\" content=\"Descubra as nossas Ta\u00e7as para Sobremesa + Tampas de Pl\u00e1stico - 180 ml! Oferecemos-lhe um pacote de 30 ta\u00e7as para sobremesa com tampas.\" \/>\n<meta property=\"og:url\" content=\"https:\/\/www.csj-emballages.com\/pt-pt\/produit\/30-chavenas-tampas-de-plastico-para-sobremesas-180-ml\/\" \/>\n<meta property=\"og:site_name\" content=\"CSJ Emballages\" \/>\n<meta property=\"article:publisher\" content=\"https:\/\/www.facebook.com\/csjemballages\" \/>\n<meta property=\"article:modified_time\" content=\"2026-04-27T10:01:12+00:00\" \/>\n<meta property=\"og:image\" content=\"https:\/\/www.csj-emballages.com\/wp-content\/uploads\/2024\/03\/bodega-18.webp\" \/>\n\t<meta property=\"og:image:width\" content=\"800\" \/>\n\t<meta property=\"og:image:height\" content=\"799\" \/>\n\t<meta property=\"og:image:type\" content=\"image\/webp\" \/>\n<meta name=\"twitter:card\" content=\"summary_large_image\" \/>\n<meta name=\"twitter:label1\" content=\"Tempo estimado de leitura\" \/>\n\t<meta name=\"twitter:data1\" content=\"1 minuto\" \/>\n<script type=\"application\/ld+json\" class=\"yoast-schema-graph\">{\"@context\":\"https:\/\/schema.org\",\"@graph\":[{\"@type\":\"WebPage\",\"@id\":\"https:\/\/www.csj-emballages.com\/pt-pt\/produit\/30-chavenas-tampas-de-plastico-para-sobremesas-180-ml\/\",\"url\":\"https:\/\/www.csj-emballages.com\/pt-pt\/produit\/30-chavenas-tampas-de-plastico-para-sobremesas-180-ml\/\",\"name\":\"Copos de sobremesa + tampas de pl\u00e1stico - 180 ml\",\"isPartOf\":{\"@id\":\"https:\/\/www.csj-emballages.com\/pt-pt\/#website\"},\"primaryImageOfPage\":{\"@id\":\"https:\/\/www.csj-emballages.com\/pt-pt\/produit\/30-chavenas-tampas-de-plastico-para-sobremesas-180-ml\/#primaryimage\"},\"image\":{\"@id\":\"https:\/\/www.csj-emballages.com\/pt-pt\/produit\/30-chavenas-tampas-de-plastico-para-sobremesas-180-ml\/#primaryimage\"},\"thumbnailUrl\":\"https:\/\/www.csj-emballages.com\/wp-content\/uploads\/2024\/03\/bodega-18.webp\",\"datePublished\":\"2024-03-01T15:56:11+00:00\",\"dateModified\":\"2026-04-27T10:01:12+00:00\",\"description\":\"Descubra as nossas Ta\u00e7as para Sobremesa + Tampas de Pl\u00e1stico - 180 ml! Oferecemos-lhe um pacote de 30 ta\u00e7as para sobremesa com tampas.\",\"breadcrumb\":{\"@id\":\"https:\/\/www.csj-emballages.com\/pt-pt\/produit\/30-chavenas-tampas-de-plastico-para-sobremesas-180-ml\/#breadcrumb\"},\"inLanguage\":\"pt-PT\",\"potentialAction\":[{\"@type\":\"ReadAction\",\"target\":[\"https:\/\/www.csj-emballages.com\/pt-pt\/produit\/30-chavenas-tampas-de-plastico-para-sobremesas-180-ml\/\"]}]},{\"@type\":\"ImageObject\",\"inLanguage\":\"pt-PT\",\"@id\":\"https:\/\/www.csj-emballages.com\/pt-pt\/produit\/30-chavenas-tampas-de-plastico-para-sobremesas-180-ml\/#primaryimage\",\"url\":\"https:\/\/www.csj-emballages.com\/wp-content\/uploads\/2024\/03\/bodega-18.webp\",\"contentUrl\":\"https:\/\/www.csj-emballages.com\/wp-content\/uploads\/2024\/03\/bodega-18.webp\",\"width\":800,\"height\":799,\"caption\":\"coupes \u00e0 dessert\"},{\"@type\":\"BreadcrumbList\",\"@id\":\"https:\/\/www.csj-emballages.com\/pt-pt\/produit\/30-chavenas-tampas-de-plastico-para-sobremesas-180-ml\/#breadcrumb\",\"itemListElement\":[{\"@type\":\"ListItem\",\"position\":1,\"name\":\"Acolhimento\",\"item\":\"https:\/\/www.csj-emballages.com\/pt-pt\/universo-das-embalagens-alimentares\/\"},{\"@type\":\"ListItem\",\"position\":2,\"name\":\"Shop\",\"item\":\"https:\/\/www.csj-emballages.com\/shop\/\"},{\"@type\":\"ListItem\",\"position\":3,\"name\":\"Copos de sobremesa + tampas de pl\u00e1stico 180 ml por 30\"}]},{\"@type\":\"WebSite\",\"@id\":\"https:\/\/www.csj-emballages.com\/pt-pt\/#website\",\"url\":\"https:\/\/www.csj-emballages.com\/pt-pt\/\",\"name\":\"CSJ Emballages\",\"description\":\"\",\"publisher\":{\"@id\":\"https:\/\/www.csj-emballages.com\/pt-pt\/#organization\"},\"potentialAction\":[{\"@type\":\"SearchAction\",\"target\":{\"@type\":\"EntryPoint\",\"urlTemplate\":\"https:\/\/www.csj-emballages.com\/pt-pt\/?s={search_term_string}\"},\"query-input\":{\"@type\":\"PropertyValueSpecification\",\"valueRequired\":true,\"valueName\":\"search_term_string\"}}],\"inLanguage\":\"pt-PT\"},{\"@type\":\"Organization\",\"@id\":\"https:\/\/www.csj-emballages.com\/pt-pt\/#Organization\/\",\"name\":\"CSJ Emballages\",\"url\":\"https:\/\/www.csj-emballages.com\/pt-pt\/\",\"logo\":{\"@type\":\"ImageObject\",\"inLanguage\":\"pt-PT\",\"@id\":\"https:\/\/www.csj-emballages.com\/pt-pt\/#\/schema\/logo\/image\/\",\"url\":\"https:\/\/www.csj-emballages.com\/wp-content\/uploads\/2023\/10\/logo_csj.webp\",\"contentUrl\":\"https:\/\/www.csj-emballages.com\/wp-content\/uploads\/2023\/10\/logo_csj.webp\",\"width\":250,\"height\":95,\"caption\":\"CSJ Emballages\"},\"image\":{\"@id\":\"https:\/\/www.csj-emballages.com\/pt-pt\/#\/schema\/logo\/image\/\"},\"sameAs\":[\"https:\/\/www.facebook.com\/csjemballages\"],\"address\":{\"@type\":\"PostalAddress\",\"streetAddress\":\"ZI La Lechere\",\"addressLocality\":\"Patornay\",\"postalCode\":\"39130\",\"addressCountry\":\"FR\"},\"contactPoint\":[{\"@type\":\"ContactPoint\",\"contactType\":\"Service client\",\"telephone\":\"0384254272\",\"email\":\"contact@csj-emballages.com\"}]}]}<\/script>\n<!-- \/ Yoast SEO Premium plugin. -->","yoast_head_json":{"title":"Copos de sobremesa + tampas de pl\u00e1stico - 180 ml","description":"Descubra as nossas Ta\u00e7as para Sobremesa + Tampas de Pl\u00e1stico - 180 ml! Oferecemos-lhe um pacote de 30 ta\u00e7as para sobremesa com tampas.","robots":{"index":"index","follow":"follow","max-snippet":"max-snippet:-1","max-image-preview":"max-image-preview:large","max-video-preview":"max-video-preview:-1"},"canonical":"https:\/\/www.csj-emballages.com\/pt-pt\/produit\/30-chavenas-tampas-de-plastico-para-sobremesas-180-ml\/","og_locale":"pt_PT","og_type":"article","og_title":"Copos de sobremesa + tampas de pl\u00e1stico 180 ml por 30","og_description":"Descubra as nossas Ta\u00e7as para Sobremesa + Tampas de Pl\u00e1stico - 180 ml! Oferecemos-lhe um pacote de 30 ta\u00e7as para sobremesa com tampas.","og_url":"https:\/\/www.csj-emballages.com\/pt-pt\/produit\/30-chavenas-tampas-de-plastico-para-sobremesas-180-ml\/","og_site_name":"CSJ Emballages","article_publisher":"https:\/\/www.facebook.com\/csjemballages","article_modified_time":"2026-04-27T10:01:12+00:00","og_image":[{"width":800,"height":799,"url":"https:\/\/www.csj-emballages.com\/wp-content\/uploads\/2024\/03\/bodega-18.webp","type":"image\/webp"}],"twitter_card":"summary_large_image","twitter_misc":{"Tempo estimado de leitura":"1 minuto"},"schema":{"@context":"https:\/\/schema.org","@graph":[{"@type":"WebPage","@id":"https:\/\/www.csj-emballages.com\/pt-pt\/produit\/30-chavenas-tampas-de-plastico-para-sobremesas-180-ml\/","url":"https:\/\/www.csj-emballages.com\/pt-pt\/produit\/30-chavenas-tampas-de-plastico-para-sobremesas-180-ml\/","name":"Copos de sobremesa + tampas de pl\u00e1stico - 180 ml","isPartOf":{"@id":"https:\/\/www.csj-emballages.com\/pt-pt\/#website"},"primaryImageOfPage":{"@id":"https:\/\/www.csj-emballages.com\/pt-pt\/produit\/30-chavenas-tampas-de-plastico-para-sobremesas-180-ml\/#primaryimage"},"image":{"@id":"https:\/\/www.csj-emballages.com\/pt-pt\/produit\/30-chavenas-tampas-de-plastico-para-sobremesas-180-ml\/#primaryimage"},"thumbnailUrl":"https:\/\/www.csj-emballages.com\/wp-content\/uploads\/2024\/03\/bodega-18.webp","datePublished":"2024-03-01T15:56:11+00:00","dateModified":"2026-04-27T10:01:12+00:00","description":"Descubra as nossas Ta\u00e7as para Sobremesa + Tampas de Pl\u00e1stico - 180 ml! Oferecemos-lhe um pacote de 30 ta\u00e7as para sobremesa com tampas.","breadcrumb":{"@id":"https:\/\/www.csj-emballages.com\/pt-pt\/produit\/30-chavenas-tampas-de-plastico-para-sobremesas-180-ml\/#breadcrumb"},"inLanguage":"pt-PT","potentialAction":[{"@type":"ReadAction","target":["https:\/\/www.csj-emballages.com\/pt-pt\/produit\/30-chavenas-tampas-de-plastico-para-sobremesas-180-ml\/"]}]},{"@type":"ImageObject","inLanguage":"pt-PT","@id":"https:\/\/www.csj-emballages.com\/pt-pt\/produit\/30-chavenas-tampas-de-plastico-para-sobremesas-180-ml\/#primaryimage","url":"https:\/\/www.csj-emballages.com\/wp-content\/uploads\/2024\/03\/bodega-18.webp","contentUrl":"https:\/\/www.csj-emballages.com\/wp-content\/uploads\/2024\/03\/bodega-18.webp","width":800,"height":799,"caption":"coupes \u00e0 dessert"},{"@type":"BreadcrumbList","@id":"https:\/\/www.csj-emballages.com\/pt-pt\/produit\/30-chavenas-tampas-de-plastico-para-sobremesas-180-ml\/#breadcrumb","itemListElement":[{"@type":"ListItem","position":1,"name":"Acolhimento","item":"https:\/\/www.csj-emballages.com\/pt-pt\/universo-das-embalagens-alimentares\/"},{"@type":"ListItem","position":2,"name":"Shop","item":"https:\/\/www.csj-emballages.com\/shop\/"},{"@type":"ListItem","position":3,"name":"Copos de sobremesa + tampas de pl\u00e1stico 180 ml por 30"}]},{"@type":"WebSite","@id":"https:\/\/www.csj-emballages.com\/pt-pt\/#website","url":"https:\/\/www.csj-emballages.com\/pt-pt\/","name":"CSJ Emballages","description":"","publisher":{"@id":"https:\/\/www.csj-emballages.com\/pt-pt\/#organization"},"potentialAction":[{"@type":"SearchAction","target":{"@type":"EntryPoint","urlTemplate":"https:\/\/www.csj-emballages.com\/pt-pt\/?s={search_term_string}"},"query-input":{"@type":"PropertyValueSpecification","valueRequired":true,"valueName":"search_term_string"}}],"inLanguage":"pt-PT"},{"@type":"Organization","@id":"https:\/\/www.csj-emballages.com\/pt-pt\/#Organization\/","name":"CSJ Emballages","url":"https:\/\/www.csj-emballages.com\/pt-pt\/","logo":{"@type":"ImageObject","inLanguage":"pt-PT","@id":"https:\/\/www.csj-emballages.com\/pt-pt\/#\/schema\/logo\/image\/","url":"https:\/\/www.csj-emballages.com\/wp-content\/uploads\/2023\/10\/logo_csj.webp","contentUrl":"https:\/\/www.csj-emballages.com\/wp-content\/uploads\/2023\/10\/logo_csj.webp","width":250,"height":95,"caption":"CSJ Emballages"},"image":{"@id":"https:\/\/www.csj-emballages.com\/pt-pt\/#\/schema\/logo\/image\/"},"sameAs":["https:\/\/www.facebook.com\/csjemballages"],"address":{"@type":"PostalAddress","streetAddress":"ZI La Lechere","addressLocality":"Patornay","postalCode":"39130","addressCountry":"FR"},"contactPoint":[{"@type":"ContactPoint","contactType":"Service client","telephone":"0384254272","email":"contact@csj-emballages.com"}]}]}},"df_price":11.04,"df_sale_price":"","df_regular_price":11.04,"df_image_link":"https:\/\/www.csj-emballages.com\/wp-content\/uploads\/2024\/03\/bodega-18-300x300.webp","tiered_pricing_type":"fixed","tiered_pricing_fixed_rules":[],"tiered_pricing_percentage_rules":[],"tiered_pricing_minimum":1,"tiered_pricing_roles_data":[],"_links":{"self":[{"href":"https:\/\/www.csj-emballages.com\/pt-pt\/wp-json\/wp\/v2\/product\/19459","targetHints":{"allow":["GET"]}}],"collection":[{"href":"https:\/\/www.csj-emballages.com\/pt-pt\/wp-json\/wp\/v2\/product"}],"about":[{"href":"https:\/\/www.csj-emballages.com\/pt-pt\/wp-json\/wp\/v2\/types\/product"}],"wp:featuredmedia":[{"embeddable":true,"href":"https:\/\/www.csj-emballages.com\/pt-pt\/wp-json\/wp\/v2\/media\/209502"}],"wp:attachment":[{"href":"https:\/\/www.csj-emballages.com\/pt-pt\/wp-json\/wp\/v2\/media?parent=19459"}],"wp:term":[{"taxonomy":"product_brand","embeddable":true,"href":"https:\/\/www.csj-emballages.com\/pt-pt\/wp-json\/wp\/v2\/product_brand?post=19459"},{"taxonomy":"product_cat","embeddable":true,"href":"https:\/\/www.csj-emballages.com\/pt-pt\/wp-json\/wp\/v2\/product_cat?post=19459"},{"taxonomy":"product_tag","embeddable":true,"href":"https:\/\/www.csj-emballages.com\/pt-pt\/wp-json\/wp\/v2\/product_tag?post=19459"}],"curies":[{"name":"wp","href":"https:\/\/api.w.org\/{rel}","templated":true}]}}