{"id":19455,"date":"2024-03-01T16:56:13","date_gmt":"2024-03-01T15:56:13","guid":{"rendered":"https:\/\/u15jnbdpoq.preview.infomaniak.website\/produit\/bobina-de-rafene-de-baunilha-100-m\/"},"modified":"2026-04-14T14:52:29","modified_gmt":"2026-04-14T12:52:29","slug":"bobina-de-rafene-de-baunilha-100-m","status":"publish","type":"product","link":"https:\/\/www.csj-emballages.com\/pt-pt\/produit\/bobina-de-rafene-de-baunilha-100-m\/","title":{"rendered":"Bobina de rafene de baunilha 100 m"},"content":{"rendered":"<h2>Bobina de r\u00e1fia baunilha<\/h2>\n<hr>\n<h3>Descubra a nossa bobina de r\u00e1fia baunilha brilhante 100 m<\/h3>\n<p><!--more--><\/p>\n<p data-start=\"74\" data-end=\"292\">D\u00ea um acabamento delicado \u00e0s suas embalagens com esta <strong>bobina de r\u00e1fia cor baunilha<\/strong>. A sua <strong>tonalidade suave e luminosa<\/strong> oferece um resultado elegante e natural, perfeito para real\u00e7ar as suas apresenta\u00e7\u00f5es sem exagerar. <\/p>\n<p data-start=\"294\" data-end=\"536\">Ideal para embrulhos de presente, arranjos florais ou pacotes de loja, esta <strong>r\u00e1fia<\/strong> distingue-se pela sua simplicidade refinada. F\u00e1cil de manusear, permite criar <strong>bonitos la\u00e7os, amarra\u00e7\u00f5es ou decora\u00e7\u00f5es<\/strong> em segundos. <\/p>\n<p data-start=\"585\" data-end=\"775\">A <strong>cor baunilha<\/strong> confere um toque acolhedor e relaxante. Combina facilmente com todos os tipos de embalagens, sejam elas kraft, coloridas ou festivas, para um resultado sempre harmonioso. <\/p>\n<p data-start=\"585\" data-end=\"775\">\n<p><!--more--><\/p>\n<h4>Vantagens :<\/h4>\n<ul>\n<li data-section-id=\"1vd0w1e\" data-start=\"886\" data-end=\"953\"><strong data-start=\"820\" data-end=\"848\">Cor baunilha elegante<\/strong>: suave, luminosa e f\u00e1cil de combinar<\/li>\n<li data-section-id=\"1hwio6g\" data-start=\"954\" data-end=\"1015\">Corta-se e ata-se facilmente<\/li>\n<li data-section-id=\"r2eurd\" data-start=\"1016\" data-end=\"1073\"><strong data-start=\"1021\" data-end=\"1040\">Grande comprimento<\/strong>: ideal para um uso regular<\/li>\n<li data-section-id=\"1g9xkzr\" data-start=\"1074\" data-end=\"1161\">Perfeito para embrulhos de presente, ramos, embalagens alimentares<\/li>\n<li data-section-id=\"1lguw93\" data-start=\"1162\" data-end=\"1248\">Adiciona um toque est\u00e9tico em poucos segundos<\/li>\n<\/ul>\n<p>&nbsp;<\/p>\n<p><!--more--><\/p>\n<h4>Outras informa\u00e7\u00f5es :<\/h4>\n<ul>\n<li><strong>Embalagem<\/strong>: Por unidade<\/li>\n<li><strong>Cor<\/strong>: Baunilha<\/li>\n<li><strong>Modelo<\/strong>: Raphl\u00e8ne<\/li>\n<li><strong>Largura<\/strong>: 7 mm<\/li>\n<li><strong>Comprimento<\/strong>: 100 m<\/li>\n<li><strong>Material<\/strong>: Polipropileno<\/li>\n<\/ul>\n<p>&nbsp;<\/p>\n<p><!--more--><\/p>\n<p><a href=\"https:\/\/www.csj-emballages.com\/pt-pt\/categorie-produit\/embalagem-de-alimentos\/padaria-e-pastelaria\/acessorios-e-equipamentos\/acessorios-decorativos\/raphlene-pt-pt\/\">Consulte o resto da nossa gama de bobinas de r\u00e1fia <\/a><\/p>\n","protected":false},"excerpt":{"rendered":"<p>Bobina de r\u00e1fia baunilha Descubra a nossa bobina de r\u00e1fia baunilha brilhante 100 m<\/p>\n","protected":false},"featured_media":277408,"template":"","meta":{"_acf_changed":false},"product_brand":[],"product_cat":[1141,1177,1796,2135,1482,1805,2136],"product_tag":[],"class_list":{"0":"post-19455","1":"product","2":"type-product","3":"status-publish","4":"has-post-thumbnail","6":"product_cat-embalagem-de-alimentos","7":"product_cat-padaria-e-pastelaria","8":"product_cat-acessorios-decorativos","9":"product_cat-raphlene-pt-pt","10":"product_cat-loja-e-armazem","11":"product_cat-acessorios-decorativos-pt-pt","12":"product_cat-raphlene-pt-pt-2","14":"first","15":"instock","16":"taxable","17":"shipping-taxable","18":"purchasable","19":"product-type-simple"},"acf":[],"yoast_head":"<!-- This site is optimized with the Yoast SEO Premium plugin v26.6 (Yoast SEO v26.6) - https:\/\/yoast.com\/wordpress\/plugins\/seo\/ -->\n<title>Bobina de R\u00e1fia Baunilha 100 m<\/title>\n<meta name=\"description\" content=\"Bobina de r\u00e1fia baunilha: fita elegante e f\u00e1cil de usar para embrulhos de presente, ramos e decora\u00e7\u00f5es. Suave, pr\u00e1tica e vers\u00e1til.\" \/>\n<meta name=\"robots\" content=\"index, follow, max-snippet:-1, max-image-preview:large, max-video-preview:-1\" \/>\n<link rel=\"canonical\" href=\"https:\/\/www.csj-emballages.com\/pt-pt\/produit\/bobina-de-rafene-de-baunilha-100-m\/\" \/>\n<meta property=\"og:locale\" content=\"pt_PT\" \/>\n<meta property=\"og:type\" content=\"article\" \/>\n<meta property=\"og:title\" content=\"Bobina de rafene de baunilha 100 m\" \/>\n<meta property=\"og:description\" content=\"Bobina de r\u00e1fia baunilha: fita elegante e f\u00e1cil de usar para embrulhos de presente, ramos e decora\u00e7\u00f5es. Suave, pr\u00e1tica e vers\u00e1til.\" \/>\n<meta property=\"og:url\" content=\"https:\/\/www.csj-emballages.com\/pt-pt\/produit\/bobina-de-rafene-de-baunilha-100-m\/\" \/>\n<meta property=\"og:site_name\" content=\"CSJ Emballages\" \/>\n<meta property=\"article:publisher\" content=\"https:\/\/www.facebook.com\/csjemballages\" \/>\n<meta property=\"article:modified_time\" content=\"2026-04-14T12:52:29+00:00\" \/>\n<meta property=\"og:image\" content=\"https:\/\/www.csj-emballages.com\/wp-content\/uploads\/2024\/03\/BOBRAPH300.webp\" \/>\n\t<meta property=\"og:image:width\" content=\"800\" \/>\n\t<meta property=\"og:image:height\" content=\"800\" \/>\n\t<meta property=\"og:image:type\" content=\"image\/webp\" \/>\n<meta name=\"twitter:card\" content=\"summary_large_image\" \/>\n<meta name=\"twitter:label1\" content=\"Tempo estimado de leitura\" \/>\n\t<meta name=\"twitter:data1\" content=\"1 minuto\" \/>\n<script type=\"application\/ld+json\" class=\"yoast-schema-graph\">{\"@context\":\"https:\/\/schema.org\",\"@graph\":[{\"@type\":\"WebPage\",\"@id\":\"https:\/\/www.csj-emballages.com\/pt-pt\/produit\/bobina-de-rafene-de-baunilha-100-m\/\",\"url\":\"https:\/\/www.csj-emballages.com\/pt-pt\/produit\/bobina-de-rafene-de-baunilha-100-m\/\",\"name\":\"Bobina de R\u00e1fia Baunilha 100 m\",\"isPartOf\":{\"@id\":\"https:\/\/www.csj-emballages.com\/pt-pt\/#website\"},\"primaryImageOfPage\":{\"@id\":\"https:\/\/www.csj-emballages.com\/pt-pt\/produit\/bobina-de-rafene-de-baunilha-100-m\/#primaryimage\"},\"image\":{\"@id\":\"https:\/\/www.csj-emballages.com\/pt-pt\/produit\/bobina-de-rafene-de-baunilha-100-m\/#primaryimage\"},\"thumbnailUrl\":\"https:\/\/www.csj-emballages.com\/wp-content\/uploads\/2024\/03\/BOBRAPH300.webp\",\"datePublished\":\"2024-03-01T15:56:13+00:00\",\"dateModified\":\"2026-04-14T12:52:29+00:00\",\"description\":\"Bobina de r\u00e1fia baunilha: fita elegante e f\u00e1cil de usar para embrulhos de presente, ramos e decora\u00e7\u00f5es. Suave, pr\u00e1tica e vers\u00e1til.\",\"breadcrumb\":{\"@id\":\"https:\/\/www.csj-emballages.com\/pt-pt\/produit\/bobina-de-rafene-de-baunilha-100-m\/#breadcrumb\"},\"inLanguage\":\"pt-PT\",\"potentialAction\":[{\"@type\":\"ReadAction\",\"target\":[\"https:\/\/www.csj-emballages.com\/pt-pt\/produit\/bobina-de-rafene-de-baunilha-100-m\/\"]}]},{\"@type\":\"ImageObject\",\"inLanguage\":\"pt-PT\",\"@id\":\"https:\/\/www.csj-emballages.com\/pt-pt\/produit\/bobina-de-rafene-de-baunilha-100-m\/#primaryimage\",\"url\":\"https:\/\/www.csj-emballages.com\/wp-content\/uploads\/2024\/03\/BOBRAPH300.webp\",\"contentUrl\":\"https:\/\/www.csj-emballages.com\/wp-content\/uploads\/2024\/03\/BOBRAPH300.webp\",\"width\":800,\"height\":800,\"caption\":\"Bobine de raphl\u00e8ne vanille\"},{\"@type\":\"BreadcrumbList\",\"@id\":\"https:\/\/www.csj-emballages.com\/pt-pt\/produit\/bobina-de-rafene-de-baunilha-100-m\/#breadcrumb\",\"itemListElement\":[{\"@type\":\"ListItem\",\"position\":1,\"name\":\"Acolhimento\",\"item\":\"https:\/\/www.csj-emballages.com\/pt-pt\/universo-das-embalagens-alimentares\/\"},{\"@type\":\"ListItem\",\"position\":2,\"name\":\"Shop\",\"item\":\"https:\/\/www.csj-emballages.com\/shop\/\"},{\"@type\":\"ListItem\",\"position\":3,\"name\":\"Bobina de rafene de baunilha 100 m\"}]},{\"@type\":\"WebSite\",\"@id\":\"https:\/\/www.csj-emballages.com\/pt-pt\/#website\",\"url\":\"https:\/\/www.csj-emballages.com\/pt-pt\/\",\"name\":\"CSJ Emballages\",\"description\":\"\",\"publisher\":{\"@id\":\"https:\/\/www.csj-emballages.com\/pt-pt\/#organization\"},\"potentialAction\":[{\"@type\":\"SearchAction\",\"target\":{\"@type\":\"EntryPoint\",\"urlTemplate\":\"https:\/\/www.csj-emballages.com\/pt-pt\/?s={search_term_string}\"},\"query-input\":{\"@type\":\"PropertyValueSpecification\",\"valueRequired\":true,\"valueName\":\"search_term_string\"}}],\"inLanguage\":\"pt-PT\"},{\"@type\":\"Organization\",\"@id\":\"https:\/\/www.csj-emballages.com\/pt-pt\/#Organization\/\",\"name\":\"CSJ Emballages\",\"url\":\"https:\/\/www.csj-emballages.com\/pt-pt\/\",\"logo\":{\"@type\":\"ImageObject\",\"inLanguage\":\"pt-PT\",\"@id\":\"https:\/\/www.csj-emballages.com\/pt-pt\/#\/schema\/logo\/image\/\",\"url\":\"https:\/\/www.csj-emballages.com\/wp-content\/uploads\/2023\/10\/logo_csj.webp\",\"contentUrl\":\"https:\/\/www.csj-emballages.com\/wp-content\/uploads\/2023\/10\/logo_csj.webp\",\"width\":250,\"height\":95,\"caption\":\"CSJ Emballages\"},\"image\":{\"@id\":\"https:\/\/www.csj-emballages.com\/pt-pt\/#\/schema\/logo\/image\/\"},\"sameAs\":[\"https:\/\/www.facebook.com\/csjemballages\"],\"address\":{\"@type\":\"PostalAddress\",\"streetAddress\":\"ZI La Lechere\",\"addressLocality\":\"Patornay\",\"postalCode\":\"39130\",\"addressCountry\":\"FR\"},\"contactPoint\":[{\"@type\":\"ContactPoint\",\"contactType\":\"Service client\",\"telephone\":\"0384254272\",\"email\":\"contact@csj-emballages.com\"}]}]}<\/script>\n<!-- \/ Yoast SEO Premium plugin. -->","yoast_head_json":{"title":"Bobina de R\u00e1fia Baunilha 100 m","description":"Bobina de r\u00e1fia baunilha: fita elegante e f\u00e1cil de usar para embrulhos de presente, ramos e decora\u00e7\u00f5es. Suave, pr\u00e1tica e vers\u00e1til.","robots":{"index":"index","follow":"follow","max-snippet":"max-snippet:-1","max-image-preview":"max-image-preview:large","max-video-preview":"max-video-preview:-1"},"canonical":"https:\/\/www.csj-emballages.com\/pt-pt\/produit\/bobina-de-rafene-de-baunilha-100-m\/","og_locale":"pt_PT","og_type":"article","og_title":"Bobina de rafene de baunilha 100 m","og_description":"Bobina de r\u00e1fia baunilha: fita elegante e f\u00e1cil de usar para embrulhos de presente, ramos e decora\u00e7\u00f5es. Suave, pr\u00e1tica e vers\u00e1til.","og_url":"https:\/\/www.csj-emballages.com\/pt-pt\/produit\/bobina-de-rafene-de-baunilha-100-m\/","og_site_name":"CSJ Emballages","article_publisher":"https:\/\/www.facebook.com\/csjemballages","article_modified_time":"2026-04-14T12:52:29+00:00","og_image":[{"width":800,"height":800,"url":"https:\/\/www.csj-emballages.com\/wp-content\/uploads\/2024\/03\/BOBRAPH300.webp","type":"image\/webp"}],"twitter_card":"summary_large_image","twitter_misc":{"Tempo estimado de leitura":"1 minuto"},"schema":{"@context":"https:\/\/schema.org","@graph":[{"@type":"WebPage","@id":"https:\/\/www.csj-emballages.com\/pt-pt\/produit\/bobina-de-rafene-de-baunilha-100-m\/","url":"https:\/\/www.csj-emballages.com\/pt-pt\/produit\/bobina-de-rafene-de-baunilha-100-m\/","name":"Bobina de R\u00e1fia Baunilha 100 m","isPartOf":{"@id":"https:\/\/www.csj-emballages.com\/pt-pt\/#website"},"primaryImageOfPage":{"@id":"https:\/\/www.csj-emballages.com\/pt-pt\/produit\/bobina-de-rafene-de-baunilha-100-m\/#primaryimage"},"image":{"@id":"https:\/\/www.csj-emballages.com\/pt-pt\/produit\/bobina-de-rafene-de-baunilha-100-m\/#primaryimage"},"thumbnailUrl":"https:\/\/www.csj-emballages.com\/wp-content\/uploads\/2024\/03\/BOBRAPH300.webp","datePublished":"2024-03-01T15:56:13+00:00","dateModified":"2026-04-14T12:52:29+00:00","description":"Bobina de r\u00e1fia baunilha: fita elegante e f\u00e1cil de usar para embrulhos de presente, ramos e decora\u00e7\u00f5es. Suave, pr\u00e1tica e vers\u00e1til.","breadcrumb":{"@id":"https:\/\/www.csj-emballages.com\/pt-pt\/produit\/bobina-de-rafene-de-baunilha-100-m\/#breadcrumb"},"inLanguage":"pt-PT","potentialAction":[{"@type":"ReadAction","target":["https:\/\/www.csj-emballages.com\/pt-pt\/produit\/bobina-de-rafene-de-baunilha-100-m\/"]}]},{"@type":"ImageObject","inLanguage":"pt-PT","@id":"https:\/\/www.csj-emballages.com\/pt-pt\/produit\/bobina-de-rafene-de-baunilha-100-m\/#primaryimage","url":"https:\/\/www.csj-emballages.com\/wp-content\/uploads\/2024\/03\/BOBRAPH300.webp","contentUrl":"https:\/\/www.csj-emballages.com\/wp-content\/uploads\/2024\/03\/BOBRAPH300.webp","width":800,"height":800,"caption":"Bobine de raphl\u00e8ne vanille"},{"@type":"BreadcrumbList","@id":"https:\/\/www.csj-emballages.com\/pt-pt\/produit\/bobina-de-rafene-de-baunilha-100-m\/#breadcrumb","itemListElement":[{"@type":"ListItem","position":1,"name":"Acolhimento","item":"https:\/\/www.csj-emballages.com\/pt-pt\/universo-das-embalagens-alimentares\/"},{"@type":"ListItem","position":2,"name":"Shop","item":"https:\/\/www.csj-emballages.com\/shop\/"},{"@type":"ListItem","position":3,"name":"Bobina de rafene de baunilha 100 m"}]},{"@type":"WebSite","@id":"https:\/\/www.csj-emballages.com\/pt-pt\/#website","url":"https:\/\/www.csj-emballages.com\/pt-pt\/","name":"CSJ Emballages","description":"","publisher":{"@id":"https:\/\/www.csj-emballages.com\/pt-pt\/#organization"},"potentialAction":[{"@type":"SearchAction","target":{"@type":"EntryPoint","urlTemplate":"https:\/\/www.csj-emballages.com\/pt-pt\/?s={search_term_string}"},"query-input":{"@type":"PropertyValueSpecification","valueRequired":true,"valueName":"search_term_string"}}],"inLanguage":"pt-PT"},{"@type":"Organization","@id":"https:\/\/www.csj-emballages.com\/pt-pt\/#Organization\/","name":"CSJ Emballages","url":"https:\/\/www.csj-emballages.com\/pt-pt\/","logo":{"@type":"ImageObject","inLanguage":"pt-PT","@id":"https:\/\/www.csj-emballages.com\/pt-pt\/#\/schema\/logo\/image\/","url":"https:\/\/www.csj-emballages.com\/wp-content\/uploads\/2023\/10\/logo_csj.webp","contentUrl":"https:\/\/www.csj-emballages.com\/wp-content\/uploads\/2023\/10\/logo_csj.webp","width":250,"height":95,"caption":"CSJ Emballages"},"image":{"@id":"https:\/\/www.csj-emballages.com\/pt-pt\/#\/schema\/logo\/image\/"},"sameAs":["https:\/\/www.facebook.com\/csjemballages"],"address":{"@type":"PostalAddress","streetAddress":"ZI La Lechere","addressLocality":"Patornay","postalCode":"39130","addressCountry":"FR"},"contactPoint":[{"@type":"ContactPoint","contactType":"Service client","telephone":"0384254272","email":"contact@csj-emballages.com"}]}]}},"df_price":7.39,"df_sale_price":"","df_regular_price":7.39,"df_image_link":"https:\/\/www.csj-emballages.com\/wp-content\/uploads\/2024\/03\/BOBRAPH300-300x300.webp","tiered_pricing_type":"fixed","tiered_pricing_fixed_rules":[],"tiered_pricing_percentage_rules":[],"tiered_pricing_minimum":1,"tiered_pricing_roles_data":[],"_links":{"self":[{"href":"https:\/\/www.csj-emballages.com\/pt-pt\/wp-json\/wp\/v2\/product\/19455","targetHints":{"allow":["GET"]}}],"collection":[{"href":"https:\/\/www.csj-emballages.com\/pt-pt\/wp-json\/wp\/v2\/product"}],"about":[{"href":"https:\/\/www.csj-emballages.com\/pt-pt\/wp-json\/wp\/v2\/types\/product"}],"wp:featuredmedia":[{"embeddable":true,"href":"https:\/\/www.csj-emballages.com\/pt-pt\/wp-json\/wp\/v2\/media\/277408"}],"wp:attachment":[{"href":"https:\/\/www.csj-emballages.com\/pt-pt\/wp-json\/wp\/v2\/media?parent=19455"}],"wp:term":[{"taxonomy":"product_brand","embeddable":true,"href":"https:\/\/www.csj-emballages.com\/pt-pt\/wp-json\/wp\/v2\/product_brand?post=19455"},{"taxonomy":"product_cat","embeddable":true,"href":"https:\/\/www.csj-emballages.com\/pt-pt\/wp-json\/wp\/v2\/product_cat?post=19455"},{"taxonomy":"product_tag","embeddable":true,"href":"https:\/\/www.csj-emballages.com\/pt-pt\/wp-json\/wp\/v2\/product_tag?post=19455"}],"curies":[{"name":"wp","href":"https:\/\/api.w.org\/{rel}","templated":true}]}}