{"id":19444,"date":"2024-03-01T16:56:14","date_gmt":"2024-03-01T15:56:14","guid":{"rendered":"https:\/\/u15jnbdpoq.preview.infomaniak.website\/produit\/carretel-de-bolduc-vermelho-prazer-de-dar-225m-x-10mm\/"},"modified":"2026-04-21T02:11:21","modified_gmt":"2026-04-21T00:11:21","slug":"carretel-de-bolduc-vermelho-prazer-de-dar-225m-x-10mm","status":"publish","type":"product","link":"https:\/\/www.csj-emballages.com\/pt-pt\/produit\/carretel-de-bolduc-vermelho-prazer-de-dar-225m-x-10mm\/","title":{"rendered":"Carretel de bolduc vermelho &#8220;prazer de dar&#8221; 225m x 10mm"},"content":{"rendered":"<div class=\"flex flex-grow flex-col max-w-full\">\n<div class=\"min-h-[20px] text-message flex flex-col items-start whitespace-pre-wrap break-words [.text-message+&amp;]:mt-5 juice:w-full juice:items-end overflow-x-auto gap-2\" dir=\"auto\" data-message-author-role=\"assistant\" data-message-id=\"2034782e-88f9-44ef-b4dc-07dd7bf0115f\">\n<div class=\"flex w-full flex-col gap-1 juice:empty:hidden juice:first:pt-[3px]\">\n<div class=\"markdown prose w-full break-words dark:prose-invert light\">\n<div style=\"box-sizing: inherit; font-family: Roboto, sans-serif;\">\n<div style=\"box-sizing: inherit; font-family: Roboto, sans-serif;\">\n<div style=\"box-sizing: inherit; font-family: Roboto, sans-serif;\">\n<div style=\"box-sizing: inherit; font-family: Roboto, sans-serif;\">\n<div style=\"box-sizing: inherit; font-family: Roboto, sans-serif;\">\n<div style=\"box-sizing: inherit; font-family: Roboto, sans-serif;\">\n<h2><strong style=\"font-family: Roboto, sans-serif;\">Bobina de bolducho vermelha<br \/>\n<\/strong><\/h2>\n<div style=\"box-sizing: inherit; font-family: Roboto, sans-serif;\">\n<div style=\"box-sizing: inherit; font-family: Roboto, sans-serif;\">\n<div style=\"box-sizing: inherit; font-family: Roboto, sans-serif;\">\n<div style=\"text-align: center;\">\n<div style=\"box-sizing: inherit; font-family: Roboto, sans-serif;\">\n<div style=\"box-sizing: inherit; font-family: Roboto, sans-serif;\">\n<div style=\"box-sizing: inherit; font-family: Roboto, sans-serif;\">\n<div style=\"box-sizing: inherit; font-family: Roboto, sans-serif;\">\n<div style=\"box-sizing: inherit; font-family: Roboto, sans-serif;\">\n<div style=\"box-sizing: inherit; font-family: Roboto, sans-serif; text-align: left;\">\n<hr>\n<h3 style=\"text-align: left;\">Descri\u00e7\u00e3o da nossa bobina de bolduche vermelha &#8220;plaisir d&#8217;offrir&#8221; 225m x 10mm<\/h3>\n<p><!--more--><\/p>\n<p>Se procura decorar os seus presentes, o <strong>carretel de bolduc vermelho &#8220;Plaisir d&#8217;Offrir&#8221;<\/strong> \u00e9 o acess\u00f3rio perfeito para si. Com o seu brilho dourado e as palavras<strong>&#8220;Plaisir d&#8217;Offrir<\/strong>&#8220;, esta fita foi concebida para dar um toque atrativo a todas as suas embalagens. Para todas as ocasi\u00f5es especiais como anivers\u00e1rios, casamentos ou mesmo para a \u00e9poca festiva.  <\/p>\n<p>Este generoso carretel de 250 metros d\u00e1-lhe comprimento suficiente para embrulhar, fazer la\u00e7os ou decorar v\u00e1rios pacotes, garantindo que cada presente se destaca. Gra\u00e7as \u00e0 sua textura suave e ao seu acabamento brilhante, este <strong>bolduct<\/strong> envolve facilmente as suas embalagens e pode ser trabalhado de v\u00e1rias formas para obter um efeito personalizado. Quer opte por enrol\u00e1-lo para um look festivo ou por alis\u00e1-lo para um look mais cl\u00e1ssico, o resultado \u00e9 sempre impec\u00e1vel.  <\/p>\n<p>Al\u00e9m disso, a inscri\u00e7\u00e3o<strong>&#8220;Plaisir d&#8217;Offrir<\/strong>&#8221; n\u00e3o \u00e9 apenas um pormenor est\u00e9tico, mas convida tamb\u00e9m a saborear o prazer de oferecer. Ao utilizar este <strong>bolduc<\/strong>, est\u00e1 a mostrar aos seus entes queridos que teve o cuidado de tornar a experi\u00eancia de desembrulhar ainda mais memor\u00e1vel. <\/p>\n<\/div>\n<\/div>\n<\/div>\n<\/div>\n<\/div>\n<\/div>\n<\/div>\n<\/div>\n<\/div>\n<\/div>\n<\/div>\n<\/div>\n<\/div>\n<\/div>\n<\/div>\n<\/div>\n<\/div>\n<\/div>\n<\/div>\n<\/div>\n<p>Ent\u00e3o, porque n\u00e3o dar um toque de magia aos seus presentes? Com o <strong>carretel de bolduc vermelho &#8220;Plaisir d&#8217;Offrir&#8221;<\/strong>, transformar\u00e1 cada gesto num momento precioso. <\/p>\n<p>&nbsp;<\/p>\n<div class=\"flex flex-grow flex-col max-w-full\">\n<div class=\"min-h-[20px] text-message flex flex-col items-start whitespace-pre-wrap break-words [.text-message+&amp;]:mt-5 juice:w-full juice:items-end overflow-x-auto gap-2\" dir=\"auto\" data-message-author-role=\"assistant\" data-message-id=\"2034782e-88f9-44ef-b4dc-07dd7bf0115f\">\n<div class=\"flex w-full flex-col gap-1 juice:empty:hidden juice:first:pt-[3px]\">\n<div class=\"markdown prose w-full break-words dark:prose-invert light\">\n<div style=\"box-sizing: inherit; font-family: Roboto, sans-serif;\">\n<div style=\"box-sizing: inherit; font-family: Roboto, sans-serif;\">\n<div style=\"box-sizing: inherit; font-family: Roboto, sans-serif;\">\n<div style=\"box-sizing: inherit; font-family: Roboto, sans-serif;\">\n<div style=\"box-sizing: inherit; font-family: Roboto, sans-serif;\">\n<div style=\"box-sizing: inherit; font-family: Roboto, sans-serif;\">\n<p><!--more--><\/p>\n<p style=\"text-align: left;\"><strong>Vantagens<\/strong><strong>:<\/strong><\/p>\n<ul style=\"text-align: left;\">\n<li>O acabamento vermelho confere de imediato um aspeto chique e sofisticado.<\/li>\n<li>250 metros de fita para uma utiliza\u00e7\u00e3o econ\u00f3mica e prolongada.<\/li>\n<li>Perfeito para embalagens, decora\u00e7\u00f5es de mesa, ramos, etc&#8230;<\/li>\n<li>A mensagem &#8220;Prazer em Oferecer&#8221; refor\u00e7a a emo\u00e7\u00e3o da oferta.<\/li>\n<\/ul>\n<p>&nbsp;<\/p>\n<\/div>\n<\/div>\n<\/div>\n<\/div>\n<\/div>\n<\/div>\n<\/div>\n<\/div>\n<\/div>\n<\/div>\n<p><!--more--><\/p>\n<h4>Outras informa\u00e7\u00f5es :<\/h4>\n<ul>\n<li><strong>Embalagem<\/strong>: Por unidade<\/li>\n<li><strong>Dimens\u00f5es<\/strong> : 225m x 10 mm<\/li>\n<li><strong>Cor<\/strong>: vermelho<\/li>\n<\/ul>\n<p>&nbsp;<\/p>\n<p><!--more--><\/p>\n<h4>Artigos relacionados:<\/h4>\n<p><span style=\"color: #d12727;\"><a style=\"color: #d12727;\" href=\"https:\/\/www.csj-emballages.com\/es\/produit\/alicates-bolduc\/\">Alicate Bolduc<\/a><\/span><\/p>\n<p><span style=\"color: #d12727;\"><a style=\"color: #d12727;\" href=\"https:\/\/www.csj-emballages.com\/es\/produit\/bobina-bolduc-de-anis-placer-de-regalar-225m-x-10mm\/\">Plaisir d&#8217;Offrir&#8221; bobina de bolduche de anis<\/a><\/span><\/p>\n<p><span style=\"color: #d12727;\"><a style=\"color: #d12727;\" href=\"https:\/\/www.csj-emballages.com\/es\/produit\/bobina-bolduc-oro-plaisir-doffrir-225m-x-10mm\/\">Carretel de bolduche dourado &#8220;Plaisir d&#8217;Offrir<\/a><\/span><\/p>\n<p>&nbsp;<\/p>\n<p style=\"text-align: left;\"><!--more--><\/p>\n<p><a href=\"https:\/\/www.csj-emballages.com\/pt-pt\/categorie-produit\/embalagem-de-alimentos\/padaria-e-pastelaria\/acessorios-e-equipamentos\/acessorios-decorativos\/carreteis-bolduc\/plaisir-doffrir-bobinas-bolduc\/\">Ver o resto da nossa gama de bobinas &#8220;Plaisir d&#8217;Offrir&#8221;.<\/a><\/p>\n","protected":false},"excerpt":{"rendered":"<p>Bobina de bolducho vermelha Descri\u00e7\u00e3o da nossa bobina de bolduche vermelha &#8220;plaisir d&#8217;offrir&#8221; 225m x 10mm<\/p>\n","protected":false},"featured_media":14712,"template":"","meta":{"_acf_changed":false},"product_brand":[],"product_cat":[1141,1177,1796,2115,1482,1805,2126,2128],"product_tag":[],"class_list":{"0":"post-19444","1":"product","2":"type-product","3":"status-publish","4":"has-post-thumbnail","6":"product_cat-embalagem-de-alimentos","7":"product_cat-padaria-e-pastelaria","8":"product_cat-acessorios-decorativos","9":"product_cat-plaisir-doffrir-bobinas-bolduc","10":"product_cat-loja-e-armazem","11":"product_cat-acessorios-decorativos-pt-pt","12":"product_cat-carreteis-bolduc-pt-pt","13":"product_cat-plaisir-doffrir-bobinas-bolduc-pt-pt","15":"first","16":"instock","17":"taxable","18":"shipping-taxable","19":"purchasable","20":"product-type-simple"},"acf":[],"yoast_head":"<!-- This site is optimized with the Yoast SEO Premium plugin v26.6 (Yoast SEO v26.6) - https:\/\/yoast.com\/wordpress\/plugins\/seo\/ -->\n<title>Bobina de bolduche &quot;Plaisir d&#039;Offrir&quot; - 225m x 10mm<\/title>\n<meta name=\"description\" content=\"D\u00ea um toque de luxo aos seus presentes com a nossa bobina de bolduche vermelha &quot;Plaisir d&#039;Offrir&quot;. 250 metros de fita refinada para valorizar a sua embalagem.\" \/>\n<meta name=\"robots\" content=\"index, follow, max-snippet:-1, max-image-preview:large, max-video-preview:-1\" \/>\n<link rel=\"canonical\" href=\"https:\/\/www.csj-emballages.com\/pt-pt\/produit\/carretel-de-bolduc-vermelho-prazer-de-dar-225m-x-10mm\/\" \/>\n<meta property=\"og:locale\" content=\"pt_PT\" \/>\n<meta property=\"og:type\" content=\"article\" \/>\n<meta property=\"og:title\" content=\"Carretel de bolduc vermelho &quot;prazer de dar&quot; 225m x 10mm\" \/>\n<meta property=\"og:description\" content=\"D\u00ea um toque de luxo aos seus presentes com a nossa bobina de bolduche vermelha &quot;Plaisir d&#039;Offrir&quot;. 250 metros de fita refinada para valorizar a sua embalagem.\" \/>\n<meta property=\"og:url\" content=\"https:\/\/www.csj-emballages.com\/pt-pt\/produit\/carretel-de-bolduc-vermelho-prazer-de-dar-225m-x-10mm\/\" \/>\n<meta property=\"og:site_name\" content=\"CSJ Emballages\" \/>\n<meta property=\"article:publisher\" content=\"https:\/\/www.facebook.com\/csjemballages\" \/>\n<meta property=\"article:modified_time\" content=\"2026-04-21T00:11:21+00:00\" \/>\n<meta property=\"og:image\" content=\"https:\/\/www.csj-emballages.com\/wp-content\/uploads\/2024\/03\/Capture-decran-2024-04-04-a-11.03.10-1-e1712223345416.png\" \/>\n\t<meta property=\"og:image:width\" content=\"300\" \/>\n\t<meta property=\"og:image:height\" content=\"300\" \/>\n\t<meta property=\"og:image:type\" content=\"image\/png\" \/>\n<meta name=\"twitter:card\" content=\"summary_large_image\" \/>\n<meta name=\"twitter:label1\" content=\"Tempo estimado de leitura\" \/>\n\t<meta name=\"twitter:data1\" content=\"2 minutos\" \/>\n<script type=\"application\/ld+json\" class=\"yoast-schema-graph\">{\"@context\":\"https:\/\/schema.org\",\"@graph\":[{\"@type\":\"WebPage\",\"@id\":\"https:\/\/www.csj-emballages.com\/pt-pt\/produit\/carretel-de-bolduc-vermelho-prazer-de-dar-225m-x-10mm\/\",\"url\":\"https:\/\/www.csj-emballages.com\/pt-pt\/produit\/carretel-de-bolduc-vermelho-prazer-de-dar-225m-x-10mm\/\",\"name\":\"Bobina de bolduche \\\"Plaisir d'Offrir\\\" - 225m x 10mm\",\"isPartOf\":{\"@id\":\"https:\/\/www.csj-emballages.com\/pt-pt\/#website\"},\"primaryImageOfPage\":{\"@id\":\"https:\/\/www.csj-emballages.com\/pt-pt\/produit\/carretel-de-bolduc-vermelho-prazer-de-dar-225m-x-10mm\/#primaryimage\"},\"image\":{\"@id\":\"https:\/\/www.csj-emballages.com\/pt-pt\/produit\/carretel-de-bolduc-vermelho-prazer-de-dar-225m-x-10mm\/#primaryimage\"},\"thumbnailUrl\":\"https:\/\/www.csj-emballages.com\/wp-content\/uploads\/2024\/03\/Capture-decran-2024-04-04-a-11.03.10-1-e1712223345416.png\",\"datePublished\":\"2024-03-01T15:56:14+00:00\",\"dateModified\":\"2026-04-21T00:11:21+00:00\",\"description\":\"D\u00ea um toque de luxo aos seus presentes com a nossa bobina de bolduche vermelha \\\"Plaisir d'Offrir\\\". 250 metros de fita refinada para valorizar a sua embalagem.\",\"breadcrumb\":{\"@id\":\"https:\/\/www.csj-emballages.com\/pt-pt\/produit\/carretel-de-bolduc-vermelho-prazer-de-dar-225m-x-10mm\/#breadcrumb\"},\"inLanguage\":\"pt-PT\",\"potentialAction\":[{\"@type\":\"ReadAction\",\"target\":[\"https:\/\/www.csj-emballages.com\/pt-pt\/produit\/carretel-de-bolduc-vermelho-prazer-de-dar-225m-x-10mm\/\"]}]},{\"@type\":\"ImageObject\",\"inLanguage\":\"pt-PT\",\"@id\":\"https:\/\/www.csj-emballages.com\/pt-pt\/produit\/carretel-de-bolduc-vermelho-prazer-de-dar-225m-x-10mm\/#primaryimage\",\"url\":\"https:\/\/www.csj-emballages.com\/wp-content\/uploads\/2024\/03\/Capture-decran-2024-04-04-a-11.03.10-1-e1712223345416.png\",\"contentUrl\":\"https:\/\/www.csj-emballages.com\/wp-content\/uploads\/2024\/03\/Capture-decran-2024-04-04-a-11.03.10-1-e1712223345416.png\",\"width\":300,\"height\":300,\"caption\":\"Bobine bolduc plaisir d'offrir\"},{\"@type\":\"BreadcrumbList\",\"@id\":\"https:\/\/www.csj-emballages.com\/pt-pt\/produit\/carretel-de-bolduc-vermelho-prazer-de-dar-225m-x-10mm\/#breadcrumb\",\"itemListElement\":[{\"@type\":\"ListItem\",\"position\":1,\"name\":\"Acolhimento\",\"item\":\"https:\/\/www.csj-emballages.com\/pt-pt\/universo-das-embalagens-alimentares\/\"},{\"@type\":\"ListItem\",\"position\":2,\"name\":\"Shop\",\"item\":\"https:\/\/www.csj-emballages.com\/shop\/\"},{\"@type\":\"ListItem\",\"position\":3,\"name\":\"Carretel de bolduc vermelho \u00ab\u00a0prazer de dar\u00a0\u00bb 225m x 10mm\"}]},{\"@type\":\"WebSite\",\"@id\":\"https:\/\/www.csj-emballages.com\/pt-pt\/#website\",\"url\":\"https:\/\/www.csj-emballages.com\/pt-pt\/\",\"name\":\"CSJ Emballages\",\"description\":\"\",\"publisher\":{\"@id\":\"https:\/\/www.csj-emballages.com\/pt-pt\/#organization\"},\"potentialAction\":[{\"@type\":\"SearchAction\",\"target\":{\"@type\":\"EntryPoint\",\"urlTemplate\":\"https:\/\/www.csj-emballages.com\/pt-pt\/?s={search_term_string}\"},\"query-input\":{\"@type\":\"PropertyValueSpecification\",\"valueRequired\":true,\"valueName\":\"search_term_string\"}}],\"inLanguage\":\"pt-PT\"},{\"@type\":\"Organization\",\"@id\":\"https:\/\/www.csj-emballages.com\/pt-pt\/#Organization\/\",\"name\":\"CSJ Emballages\",\"url\":\"https:\/\/www.csj-emballages.com\/pt-pt\/\",\"logo\":{\"@type\":\"ImageObject\",\"inLanguage\":\"pt-PT\",\"@id\":\"https:\/\/www.csj-emballages.com\/pt-pt\/#\/schema\/logo\/image\/\",\"url\":\"https:\/\/www.csj-emballages.com\/wp-content\/uploads\/2023\/10\/logo_csj.webp\",\"contentUrl\":\"https:\/\/www.csj-emballages.com\/wp-content\/uploads\/2023\/10\/logo_csj.webp\",\"width\":250,\"height\":95,\"caption\":\"CSJ Emballages\"},\"image\":{\"@id\":\"https:\/\/www.csj-emballages.com\/pt-pt\/#\/schema\/logo\/image\/\"},\"sameAs\":[\"https:\/\/www.facebook.com\/csjemballages\"],\"address\":{\"@type\":\"PostalAddress\",\"streetAddress\":\"ZI La Lechere\",\"addressLocality\":\"Patornay\",\"postalCode\":\"39130\",\"addressCountry\":\"FR\"},\"contactPoint\":[{\"@type\":\"ContactPoint\",\"contactType\":\"Service client\",\"telephone\":\"0384254272\",\"email\":\"contact@csj-emballages.com\"}]}]}<\/script>\n<!-- \/ Yoast SEO Premium plugin. -->","yoast_head_json":{"title":"Bobina de bolduche \"Plaisir d'Offrir\" - 225m x 10mm","description":"D\u00ea um toque de luxo aos seus presentes com a nossa bobina de bolduche vermelha \"Plaisir d'Offrir\". 250 metros de fita refinada para valorizar a sua embalagem.","robots":{"index":"index","follow":"follow","max-snippet":"max-snippet:-1","max-image-preview":"max-image-preview:large","max-video-preview":"max-video-preview:-1"},"canonical":"https:\/\/www.csj-emballages.com\/pt-pt\/produit\/carretel-de-bolduc-vermelho-prazer-de-dar-225m-x-10mm\/","og_locale":"pt_PT","og_type":"article","og_title":"Carretel de bolduc vermelho \"prazer de dar\" 225m x 10mm","og_description":"D\u00ea um toque de luxo aos seus presentes com a nossa bobina de bolduche vermelha \"Plaisir d'Offrir\". 250 metros de fita refinada para valorizar a sua embalagem.","og_url":"https:\/\/www.csj-emballages.com\/pt-pt\/produit\/carretel-de-bolduc-vermelho-prazer-de-dar-225m-x-10mm\/","og_site_name":"CSJ Emballages","article_publisher":"https:\/\/www.facebook.com\/csjemballages","article_modified_time":"2026-04-21T00:11:21+00:00","og_image":[{"width":300,"height":300,"url":"https:\/\/www.csj-emballages.com\/wp-content\/uploads\/2024\/03\/Capture-decran-2024-04-04-a-11.03.10-1-e1712223345416.png","type":"image\/png"}],"twitter_card":"summary_large_image","twitter_misc":{"Tempo estimado de leitura":"2 minutos"},"schema":{"@context":"https:\/\/schema.org","@graph":[{"@type":"WebPage","@id":"https:\/\/www.csj-emballages.com\/pt-pt\/produit\/carretel-de-bolduc-vermelho-prazer-de-dar-225m-x-10mm\/","url":"https:\/\/www.csj-emballages.com\/pt-pt\/produit\/carretel-de-bolduc-vermelho-prazer-de-dar-225m-x-10mm\/","name":"Bobina de bolduche \"Plaisir d'Offrir\" - 225m x 10mm","isPartOf":{"@id":"https:\/\/www.csj-emballages.com\/pt-pt\/#website"},"primaryImageOfPage":{"@id":"https:\/\/www.csj-emballages.com\/pt-pt\/produit\/carretel-de-bolduc-vermelho-prazer-de-dar-225m-x-10mm\/#primaryimage"},"image":{"@id":"https:\/\/www.csj-emballages.com\/pt-pt\/produit\/carretel-de-bolduc-vermelho-prazer-de-dar-225m-x-10mm\/#primaryimage"},"thumbnailUrl":"https:\/\/www.csj-emballages.com\/wp-content\/uploads\/2024\/03\/Capture-decran-2024-04-04-a-11.03.10-1-e1712223345416.png","datePublished":"2024-03-01T15:56:14+00:00","dateModified":"2026-04-21T00:11:21+00:00","description":"D\u00ea um toque de luxo aos seus presentes com a nossa bobina de bolduche vermelha \"Plaisir d'Offrir\". 250 metros de fita refinada para valorizar a sua embalagem.","breadcrumb":{"@id":"https:\/\/www.csj-emballages.com\/pt-pt\/produit\/carretel-de-bolduc-vermelho-prazer-de-dar-225m-x-10mm\/#breadcrumb"},"inLanguage":"pt-PT","potentialAction":[{"@type":"ReadAction","target":["https:\/\/www.csj-emballages.com\/pt-pt\/produit\/carretel-de-bolduc-vermelho-prazer-de-dar-225m-x-10mm\/"]}]},{"@type":"ImageObject","inLanguage":"pt-PT","@id":"https:\/\/www.csj-emballages.com\/pt-pt\/produit\/carretel-de-bolduc-vermelho-prazer-de-dar-225m-x-10mm\/#primaryimage","url":"https:\/\/www.csj-emballages.com\/wp-content\/uploads\/2024\/03\/Capture-decran-2024-04-04-a-11.03.10-1-e1712223345416.png","contentUrl":"https:\/\/www.csj-emballages.com\/wp-content\/uploads\/2024\/03\/Capture-decran-2024-04-04-a-11.03.10-1-e1712223345416.png","width":300,"height":300,"caption":"Bobine bolduc plaisir d'offrir"},{"@type":"BreadcrumbList","@id":"https:\/\/www.csj-emballages.com\/pt-pt\/produit\/carretel-de-bolduc-vermelho-prazer-de-dar-225m-x-10mm\/#breadcrumb","itemListElement":[{"@type":"ListItem","position":1,"name":"Acolhimento","item":"https:\/\/www.csj-emballages.com\/pt-pt\/universo-das-embalagens-alimentares\/"},{"@type":"ListItem","position":2,"name":"Shop","item":"https:\/\/www.csj-emballages.com\/shop\/"},{"@type":"ListItem","position":3,"name":"Carretel de bolduc vermelho \u00ab\u00a0prazer de dar\u00a0\u00bb 225m x 10mm"}]},{"@type":"WebSite","@id":"https:\/\/www.csj-emballages.com\/pt-pt\/#website","url":"https:\/\/www.csj-emballages.com\/pt-pt\/","name":"CSJ Emballages","description":"","publisher":{"@id":"https:\/\/www.csj-emballages.com\/pt-pt\/#organization"},"potentialAction":[{"@type":"SearchAction","target":{"@type":"EntryPoint","urlTemplate":"https:\/\/www.csj-emballages.com\/pt-pt\/?s={search_term_string}"},"query-input":{"@type":"PropertyValueSpecification","valueRequired":true,"valueName":"search_term_string"}}],"inLanguage":"pt-PT"},{"@type":"Organization","@id":"https:\/\/www.csj-emballages.com\/pt-pt\/#Organization\/","name":"CSJ Emballages","url":"https:\/\/www.csj-emballages.com\/pt-pt\/","logo":{"@type":"ImageObject","inLanguage":"pt-PT","@id":"https:\/\/www.csj-emballages.com\/pt-pt\/#\/schema\/logo\/image\/","url":"https:\/\/www.csj-emballages.com\/wp-content\/uploads\/2023\/10\/logo_csj.webp","contentUrl":"https:\/\/www.csj-emballages.com\/wp-content\/uploads\/2023\/10\/logo_csj.webp","width":250,"height":95,"caption":"CSJ Emballages"},"image":{"@id":"https:\/\/www.csj-emballages.com\/pt-pt\/#\/schema\/logo\/image\/"},"sameAs":["https:\/\/www.facebook.com\/csjemballages"],"address":{"@type":"PostalAddress","streetAddress":"ZI La Lechere","addressLocality":"Patornay","postalCode":"39130","addressCountry":"FR"},"contactPoint":[{"@type":"ContactPoint","contactType":"Service client","telephone":"0384254272","email":"contact@csj-emballages.com"}]}]}},"df_price":8.95,"df_sale_price":"","df_regular_price":8.95,"df_image_link":"https:\/\/www.csj-emballages.com\/wp-content\/uploads\/2024\/03\/Capture-decran-2024-04-04-a-11.03.10-1-300x300.png","tiered_pricing_type":"fixed","tiered_pricing_fixed_rules":[],"tiered_pricing_percentage_rules":[],"tiered_pricing_minimum":1,"tiered_pricing_roles_data":[],"_links":{"self":[{"href":"https:\/\/www.csj-emballages.com\/pt-pt\/wp-json\/wp\/v2\/product\/19444","targetHints":{"allow":["GET"]}}],"collection":[{"href":"https:\/\/www.csj-emballages.com\/pt-pt\/wp-json\/wp\/v2\/product"}],"about":[{"href":"https:\/\/www.csj-emballages.com\/pt-pt\/wp-json\/wp\/v2\/types\/product"}],"wp:featuredmedia":[{"embeddable":true,"href":"https:\/\/www.csj-emballages.com\/pt-pt\/wp-json\/wp\/v2\/media\/14712"}],"wp:attachment":[{"href":"https:\/\/www.csj-emballages.com\/pt-pt\/wp-json\/wp\/v2\/media?parent=19444"}],"wp:term":[{"taxonomy":"product_brand","embeddable":true,"href":"https:\/\/www.csj-emballages.com\/pt-pt\/wp-json\/wp\/v2\/product_brand?post=19444"},{"taxonomy":"product_cat","embeddable":true,"href":"https:\/\/www.csj-emballages.com\/pt-pt\/wp-json\/wp\/v2\/product_cat?post=19444"},{"taxonomy":"product_tag","embeddable":true,"href":"https:\/\/www.csj-emballages.com\/pt-pt\/wp-json\/wp\/v2\/product_tag?post=19444"}],"curies":[{"name":"wp","href":"https:\/\/api.w.org\/{rel}","templated":true}]}}