{"id":19437,"date":"2024-03-01T16:56:14","date_gmt":"2024-03-01T15:56:14","guid":{"rendered":"https:\/\/u15jnbdpoq.preview.infomaniak.website\/produit\/bobina-de-100-m-x-7-mm-de-bolducho-espelhado-cor-de-vinho\/"},"modified":"2026-03-12T16:13:57","modified_gmt":"2026-03-12T15:13:57","slug":"bobina-de-100-m-x-7-mm-de-bolducho-espelhado-cor-de-vinho","status":"publish","type":"product","link":"https:\/\/www.csj-emballages.com\/pt-pt\/produit\/bobina-de-100-m-x-7-mm-de-bolducho-espelhado-cor-de-vinho\/","title":{"rendered":"Bobina de 100 m x 7 mm de bolducho espelhado cor de vinho"},"content":{"rendered":"<div class=\"flex flex-grow flex-col max-w-full\">\n<div class=\"min-h-[20px] text-message flex flex-col items-start whitespace-pre-wrap break-words [.text-message+&amp;]:mt-5 juice:w-full juice:items-end overflow-x-auto gap-2\" dir=\"auto\" data-message-author-role=\"assistant\" data-message-id=\"2034782e-88f9-44ef-b4dc-07dd7bf0115f\">\n<div class=\"flex w-full flex-col gap-1 juice:empty:hidden juice:first:pt-[3px]\">\n<div class=\"markdown prose w-full break-words dark:prose-invert light\">\n<div style=\"box-sizing: inherit; font-family: Roboto, sans-serif;\">\n<div style=\"box-sizing: inherit; font-family: Roboto, sans-serif;\">\n<div style=\"box-sizing: inherit; font-family: Roboto, sans-serif;\">\n<div style=\"box-sizing: inherit; font-family: Roboto, sans-serif;\">\n<div style=\"box-sizing: inherit; font-family: Roboto, sans-serif;\">\n<div style=\"box-sizing: inherit; font-family: Roboto, sans-serif;\">\n<h2><strong style=\"font-family: Roboto, sans-serif;\">Carretel Bolduc<br \/>\n<\/strong><\/h2>\n<div style=\"box-sizing: inherit; font-family: Roboto, sans-serif;\">\n<div style=\"box-sizing: inherit; font-family: Roboto, sans-serif;\">\n<div style=\"box-sizing: inherit; font-family: Roboto, sans-serif;\">\n<div style=\"text-align: center;\">\n<div style=\"box-sizing: inherit; font-family: Roboto, sans-serif;\">\n<div style=\"box-sizing: inherit; font-family: Roboto, sans-serif;\">\n<div style=\"box-sizing: inherit; font-family: Roboto, sans-serif;\">\n<div style=\"box-sizing: inherit; font-family: Roboto, sans-serif;\">\n<div style=\"box-sizing: inherit; font-family: Roboto, sans-serif;\">\n<div style=\"box-sizing: inherit; font-family: Roboto, sans-serif; text-align: left;\">\n<hr>\n<h3 style=\"text-align: left;\">Descri\u00e7\u00e3o da bobina de 100 m x 7 mm &#8220;Miroir&#8221; em bolducho cor de vinho<!--more--><\/h3>\n<p>D\u00ea um toque de eleg\u00e2ncia \u00e0s suas embalagens com o nosso <strong>carretel de bolducho bor<\/strong>deaux<strong> espelhado<\/strong>. Esta fita brilhante \u00e9 o acess\u00f3rio perfeito para real\u00e7ar o seu embrulho, criando um efeito visual instant\u00e2neo. F\u00e1cil de utilizar, permite-lhe atar ou decorar as suas cria\u00e7\u00f5es num gesto r\u00e1pido e simples.  <\/p>\n<p>Com <strong>100 metros de comprimento<\/strong>, oferece uma grande flexibilidade para diferentes tipos de projectos, desde pequenas embalagens a grandes caixas. O seu <strong>efeito de espelho cativante<\/strong> reflecte a luz, conferindo uma dimens\u00e3o deslumbrante \u00e0 sua embalagem. Gra\u00e7as \u00e0 sua <strong>largura de 7 mm<\/strong>, este <strong>bolducho<\/strong> <strong>cor de vinho<\/strong>  <strong> <\/strong>\u00e9 ideal para criar carac\u00f3is refinados e la\u00e7os volumosos para real\u00e7ar o aspeto dos seus presentes.<\/p>\n<p>Perfeito para ocasi\u00f5es especiais, como anivers\u00e1rios, casamentos ou festas de fim de ano, este <strong>bolduche<\/strong> pode ser facilmente integrado em todo o tipo de decora\u00e7\u00f5es. Al\u00e9m disso, enrola-se perfeitamente e n\u00e3o se rasga facilmente, garantindo sempre um resultado impec\u00e1vel. <\/p>\n<p>Vers\u00e1til e resistente, pode ser utilizado tanto para fins profissionais como pessoais. E com a sua longa durabilidade, garante que a sua apresenta\u00e7\u00e3o \u00e9 meticulosa at\u00e9 ao \u00faltimo cent\u00edmetro. D\u00ea aos seus presentes e embalagens um <strong>toque de luxo<\/strong> sem esfor\u00e7o. A transi\u00e7\u00e3o perfeita para uma apresenta\u00e7\u00e3o cuidada, esta fita d\u00e1 \u00e0s suas cria\u00e7\u00f5es um acabamento impec\u00e1vel.   <\/p>\n<p>&nbsp;<\/p>\n<\/div>\n<\/div>\n<\/div>\n<\/div>\n<\/div>\n<\/div>\n<\/div>\n<\/div>\n<\/div>\n<\/div>\n<\/div>\n<\/div>\n<\/div>\n<\/div>\n<\/div>\n<\/div>\n<\/div>\n<\/div>\n<\/div>\n<\/div>\n<div class=\"flex flex-grow flex-col max-w-full\">\n<div class=\"min-h-[20px] text-message flex flex-col items-start whitespace-pre-wrap break-words [.text-message+&amp;]:mt-5 juice:w-full juice:items-end overflow-x-auto gap-2\" dir=\"auto\" data-message-author-role=\"assistant\" data-message-id=\"2034782e-88f9-44ef-b4dc-07dd7bf0115f\">\n<div class=\"flex w-full flex-col gap-1 juice:empty:hidden juice:first:pt-[3px]\">\n<div class=\"markdown prose w-full break-words dark:prose-invert light\">\n<div style=\"box-sizing: inherit; font-family: Roboto, sans-serif;\">\n<div style=\"box-sizing: inherit; font-family: Roboto, sans-serif;\">\n<div style=\"box-sizing: inherit; font-family: Roboto, sans-serif;\">\n<div style=\"box-sizing: inherit; font-family: Roboto, sans-serif;\">\n<div style=\"box-sizing: inherit; font-family: Roboto, sans-serif;\">\n<div style=\"box-sizing: inherit; font-family: Roboto, sans-serif;\">\n<p><!--more--><\/p>\n<h4 style=\"text-align: left;\"><strong>Vantagens da nossa bobina bolduc borgonha &#8220;Mirror&#8221; 100m x 7mm :<\/strong><\/h4>\n<ul style=\"text-align: left;\">\n<li><strong>Efeito de espelho elegante<\/strong>: Acrescenta um brilho brilhante \u00e0 sua embalagem.<\/li>\n<li><strong>Comprimento longo<\/strong>: 100 metros dispon\u00edveis para uma utiliza\u00e7\u00e3o prolongada.<\/li>\n<li><strong>Resistente<\/strong>: N\u00e3o se rasga facilmente, mesmo com uma utiliza\u00e7\u00e3o intensiva.<\/li>\n<li><strong>Vers\u00e1til<\/strong>: ideal para presentes, decora\u00e7\u00e3o e eventos especiais.<\/li>\n<li><strong>Largura perfeita<\/strong>: 7 mm para criar carac\u00f3is elegantes ou la\u00e7os volumosos.<\/li>\n<\/ul>\n<\/div>\n<\/div>\n<\/div>\n<\/div>\n<\/div>\n<\/div>\n<\/div>\n<\/div>\n<\/div>\n<\/div>\n<p>&nbsp;<\/p>\n<p style=\"text-align: left;\"><!--more--><\/p>\n<p><a href=\"https:\/\/www.csj-emballages.com\/pt-pt\/categorie-produit\/embalagem-de-alimentos\/padaria-e-pastelaria\/acessorios-e-equipamentos\/acessorios-decorativos\/carreteis-bolduc\/carreteis-miroir-bolduc\/\">Ver o resto da nossa gama de bobinas de parafusos &#8220;Mirror<\/a><\/p>\n<h2><\/h2>\n","protected":false},"excerpt":{"rendered":"<p>Carretel Bolduc Descri\u00e7\u00e3o da bobina de 100 m x 7 mm &#8220;Miroir&#8221; em bolducho cor de vinho<\/p>\n","protected":false},"featured_media":14644,"template":"","meta":{"_acf_changed":false},"product_brand":[],"product_cat":[1141,1177,1796,2123,1482,1805,2126,2134],"product_tag":[],"class_list":{"0":"post-19437","1":"product","2":"type-product","3":"status-publish","4":"has-post-thumbnail","6":"product_cat-embalagem-de-alimentos","7":"product_cat-padaria-e-pastelaria","8":"product_cat-acessorios-decorativos","9":"product_cat-carreteis-miroir-bolduc","10":"product_cat-loja-e-armazem","11":"product_cat-acessorios-decorativos-pt-pt","12":"product_cat-carreteis-bolduc-pt-pt","13":"product_cat-carreteis-miroir-bolduc-pt-pt","15":"first","16":"instock","17":"taxable","18":"shipping-taxable","19":"purchasable","20":"product-type-simple"},"acf":[],"yoast_head":"<!-- This site is optimized with the Yoast SEO Premium plugin v26.6 (Yoast SEO v26.6) - https:\/\/yoast.com\/wordpress\/plugins\/seo\/ -->\n<title>Bobina Bolduc Bordeaux - &quot;Miroir&quot; 100m x 7mm<\/title>\n<meta name=\"description\" content=\"D\u00ea um toque elegante \u00e0s suas embalagens com a bobina Bolduc Bordeaux &#039;Miroir&#039; 100m x 7mm. Brilho e for\u00e7a para um acabamento polido!\" \/>\n<meta name=\"robots\" content=\"index, follow, max-snippet:-1, max-image-preview:large, max-video-preview:-1\" \/>\n<link rel=\"canonical\" href=\"https:\/\/www.csj-emballages.com\/pt-pt\/produit\/bobina-de-100-m-x-7-mm-de-bolducho-espelhado-cor-de-vinho\/\" \/>\n<meta property=\"og:locale\" content=\"pt_PT\" \/>\n<meta property=\"og:type\" content=\"article\" \/>\n<meta property=\"og:title\" content=\"Bobina de 100 m x 7 mm de bolducho espelhado cor de vinho\" \/>\n<meta property=\"og:description\" content=\"D\u00ea um toque elegante \u00e0s suas embalagens com a bobina Bolduc Bordeaux &#039;Miroir&#039; 100m x 7mm. Brilho e for\u00e7a para um acabamento polido!\" \/>\n<meta property=\"og:url\" content=\"https:\/\/www.csj-emballages.com\/pt-pt\/produit\/bobina-de-100-m-x-7-mm-de-bolducho-espelhado-cor-de-vinho\/\" \/>\n<meta property=\"og:site_name\" content=\"CSJ Emballages\" \/>\n<meta property=\"article:publisher\" content=\"https:\/\/www.facebook.com\/csjemballages\" \/>\n<meta property=\"article:modified_time\" content=\"2026-03-12T15:13:57+00:00\" \/>\n<meta property=\"og:image\" content=\"https:\/\/www.csj-emballages.com\/wp-content\/uploads\/2024\/03\/Capture-decran-2024-04-04-a-10.01.41-e1712217862820.png\" \/>\n\t<meta property=\"og:image:width\" content=\"300\" \/>\n\t<meta property=\"og:image:height\" content=\"300\" \/>\n\t<meta property=\"og:image:type\" content=\"image\/png\" \/>\n<meta name=\"twitter:card\" content=\"summary_large_image\" \/>\n<meta name=\"twitter:label1\" content=\"Tempo estimado de leitura\" \/>\n\t<meta name=\"twitter:data1\" content=\"2 minutos\" \/>\n<script type=\"application\/ld+json\" class=\"yoast-schema-graph\">{\"@context\":\"https:\/\/schema.org\",\"@graph\":[{\"@type\":\"WebPage\",\"@id\":\"https:\/\/www.csj-emballages.com\/pt-pt\/produit\/bobina-de-100-m-x-7-mm-de-bolducho-espelhado-cor-de-vinho\/\",\"url\":\"https:\/\/www.csj-emballages.com\/pt-pt\/produit\/bobina-de-100-m-x-7-mm-de-bolducho-espelhado-cor-de-vinho\/\",\"name\":\"Bobina Bolduc Bordeaux - \\\"Miroir\\\" 100m x 7mm\",\"isPartOf\":{\"@id\":\"https:\/\/www.csj-emballages.com\/pt-pt\/#website\"},\"primaryImageOfPage\":{\"@id\":\"https:\/\/www.csj-emballages.com\/pt-pt\/produit\/bobina-de-100-m-x-7-mm-de-bolducho-espelhado-cor-de-vinho\/#primaryimage\"},\"image\":{\"@id\":\"https:\/\/www.csj-emballages.com\/pt-pt\/produit\/bobina-de-100-m-x-7-mm-de-bolducho-espelhado-cor-de-vinho\/#primaryimage\"},\"thumbnailUrl\":\"https:\/\/www.csj-emballages.com\/wp-content\/uploads\/2024\/03\/Capture-decran-2024-04-04-a-10.01.41-e1712217862820.png\",\"datePublished\":\"2024-03-01T15:56:14+00:00\",\"dateModified\":\"2026-03-12T15:13:57+00:00\",\"description\":\"D\u00ea um toque elegante \u00e0s suas embalagens com a bobina Bolduc Bordeaux 'Miroir' 100m x 7mm. Brilho e for\u00e7a para um acabamento polido!\",\"breadcrumb\":{\"@id\":\"https:\/\/www.csj-emballages.com\/pt-pt\/produit\/bobina-de-100-m-x-7-mm-de-bolducho-espelhado-cor-de-vinho\/#breadcrumb\"},\"inLanguage\":\"pt-PT\",\"potentialAction\":[{\"@type\":\"ReadAction\",\"target\":[\"https:\/\/www.csj-emballages.com\/pt-pt\/produit\/bobina-de-100-m-x-7-mm-de-bolducho-espelhado-cor-de-vinho\/\"]}]},{\"@type\":\"ImageObject\",\"inLanguage\":\"pt-PT\",\"@id\":\"https:\/\/www.csj-emballages.com\/pt-pt\/produit\/bobina-de-100-m-x-7-mm-de-bolducho-espelhado-cor-de-vinho\/#primaryimage\",\"url\":\"https:\/\/www.csj-emballages.com\/wp-content\/uploads\/2024\/03\/Capture-decran-2024-04-04-a-10.01.41-e1712217862820.png\",\"contentUrl\":\"https:\/\/www.csj-emballages.com\/wp-content\/uploads\/2024\/03\/Capture-decran-2024-04-04-a-10.01.41-e1712217862820.png\",\"width\":300,\"height\":300,\"caption\":\"Bobine Bolduc Bordeaux\"},{\"@type\":\"BreadcrumbList\",\"@id\":\"https:\/\/www.csj-emballages.com\/pt-pt\/produit\/bobina-de-100-m-x-7-mm-de-bolducho-espelhado-cor-de-vinho\/#breadcrumb\",\"itemListElement\":[{\"@type\":\"ListItem\",\"position\":1,\"name\":\"Acolhimento\",\"item\":\"https:\/\/www.csj-emballages.com\/pt-pt\/universo-das-embalagens-alimentares\/\"},{\"@type\":\"ListItem\",\"position\":2,\"name\":\"Shop\",\"item\":\"https:\/\/www.csj-emballages.com\/shop\/\"},{\"@type\":\"ListItem\",\"position\":3,\"name\":\"Bobina de 100 m x 7 mm de bolducho espelhado cor de vinho\"}]},{\"@type\":\"WebSite\",\"@id\":\"https:\/\/www.csj-emballages.com\/pt-pt\/#website\",\"url\":\"https:\/\/www.csj-emballages.com\/pt-pt\/\",\"name\":\"CSJ Emballages\",\"description\":\"\",\"publisher\":{\"@id\":\"https:\/\/www.csj-emballages.com\/pt-pt\/#organization\"},\"potentialAction\":[{\"@type\":\"SearchAction\",\"target\":{\"@type\":\"EntryPoint\",\"urlTemplate\":\"https:\/\/www.csj-emballages.com\/pt-pt\/?s={search_term_string}\"},\"query-input\":{\"@type\":\"PropertyValueSpecification\",\"valueRequired\":true,\"valueName\":\"search_term_string\"}}],\"inLanguage\":\"pt-PT\"},{\"@type\":\"Organization\",\"@id\":\"https:\/\/www.csj-emballages.com\/pt-pt\/#Organization\/\",\"name\":\"CSJ Emballages\",\"url\":\"https:\/\/www.csj-emballages.com\/pt-pt\/\",\"logo\":{\"@type\":\"ImageObject\",\"inLanguage\":\"pt-PT\",\"@id\":\"https:\/\/www.csj-emballages.com\/pt-pt\/#\/schema\/logo\/image\/\",\"url\":\"https:\/\/www.csj-emballages.com\/wp-content\/uploads\/2023\/10\/logo_csj.webp\",\"contentUrl\":\"https:\/\/www.csj-emballages.com\/wp-content\/uploads\/2023\/10\/logo_csj.webp\",\"width\":250,\"height\":95,\"caption\":\"CSJ Emballages\"},\"image\":{\"@id\":\"https:\/\/www.csj-emballages.com\/pt-pt\/#\/schema\/logo\/image\/\"},\"sameAs\":[\"https:\/\/www.facebook.com\/csjemballages\"],\"address\":{\"@type\":\"PostalAddress\",\"streetAddress\":\"ZI La Lechere\",\"addressLocality\":\"Patornay\",\"postalCode\":\"39130\",\"addressCountry\":\"FR\"},\"contactPoint\":[{\"@type\":\"ContactPoint\",\"contactType\":\"Service client\",\"telephone\":\"0384254272\",\"email\":\"contact@csj-emballages.com\"}]}]}<\/script>\n<!-- \/ Yoast SEO Premium plugin. -->","yoast_head_json":{"title":"Bobina Bolduc Bordeaux - \"Miroir\" 100m x 7mm","description":"D\u00ea um toque elegante \u00e0s suas embalagens com a bobina Bolduc Bordeaux 'Miroir' 100m x 7mm. Brilho e for\u00e7a para um acabamento polido!","robots":{"index":"index","follow":"follow","max-snippet":"max-snippet:-1","max-image-preview":"max-image-preview:large","max-video-preview":"max-video-preview:-1"},"canonical":"https:\/\/www.csj-emballages.com\/pt-pt\/produit\/bobina-de-100-m-x-7-mm-de-bolducho-espelhado-cor-de-vinho\/","og_locale":"pt_PT","og_type":"article","og_title":"Bobina de 100 m x 7 mm de bolducho espelhado cor de vinho","og_description":"D\u00ea um toque elegante \u00e0s suas embalagens com a bobina Bolduc Bordeaux 'Miroir' 100m x 7mm. Brilho e for\u00e7a para um acabamento polido!","og_url":"https:\/\/www.csj-emballages.com\/pt-pt\/produit\/bobina-de-100-m-x-7-mm-de-bolducho-espelhado-cor-de-vinho\/","og_site_name":"CSJ Emballages","article_publisher":"https:\/\/www.facebook.com\/csjemballages","article_modified_time":"2026-03-12T15:13:57+00:00","og_image":[{"width":300,"height":300,"url":"https:\/\/www.csj-emballages.com\/wp-content\/uploads\/2024\/03\/Capture-decran-2024-04-04-a-10.01.41-e1712217862820.png","type":"image\/png"}],"twitter_card":"summary_large_image","twitter_misc":{"Tempo estimado de leitura":"2 minutos"},"schema":{"@context":"https:\/\/schema.org","@graph":[{"@type":"WebPage","@id":"https:\/\/www.csj-emballages.com\/pt-pt\/produit\/bobina-de-100-m-x-7-mm-de-bolducho-espelhado-cor-de-vinho\/","url":"https:\/\/www.csj-emballages.com\/pt-pt\/produit\/bobina-de-100-m-x-7-mm-de-bolducho-espelhado-cor-de-vinho\/","name":"Bobina Bolduc Bordeaux - \"Miroir\" 100m x 7mm","isPartOf":{"@id":"https:\/\/www.csj-emballages.com\/pt-pt\/#website"},"primaryImageOfPage":{"@id":"https:\/\/www.csj-emballages.com\/pt-pt\/produit\/bobina-de-100-m-x-7-mm-de-bolducho-espelhado-cor-de-vinho\/#primaryimage"},"image":{"@id":"https:\/\/www.csj-emballages.com\/pt-pt\/produit\/bobina-de-100-m-x-7-mm-de-bolducho-espelhado-cor-de-vinho\/#primaryimage"},"thumbnailUrl":"https:\/\/www.csj-emballages.com\/wp-content\/uploads\/2024\/03\/Capture-decran-2024-04-04-a-10.01.41-e1712217862820.png","datePublished":"2024-03-01T15:56:14+00:00","dateModified":"2026-03-12T15:13:57+00:00","description":"D\u00ea um toque elegante \u00e0s suas embalagens com a bobina Bolduc Bordeaux 'Miroir' 100m x 7mm. Brilho e for\u00e7a para um acabamento polido!","breadcrumb":{"@id":"https:\/\/www.csj-emballages.com\/pt-pt\/produit\/bobina-de-100-m-x-7-mm-de-bolducho-espelhado-cor-de-vinho\/#breadcrumb"},"inLanguage":"pt-PT","potentialAction":[{"@type":"ReadAction","target":["https:\/\/www.csj-emballages.com\/pt-pt\/produit\/bobina-de-100-m-x-7-mm-de-bolducho-espelhado-cor-de-vinho\/"]}]},{"@type":"ImageObject","inLanguage":"pt-PT","@id":"https:\/\/www.csj-emballages.com\/pt-pt\/produit\/bobina-de-100-m-x-7-mm-de-bolducho-espelhado-cor-de-vinho\/#primaryimage","url":"https:\/\/www.csj-emballages.com\/wp-content\/uploads\/2024\/03\/Capture-decran-2024-04-04-a-10.01.41-e1712217862820.png","contentUrl":"https:\/\/www.csj-emballages.com\/wp-content\/uploads\/2024\/03\/Capture-decran-2024-04-04-a-10.01.41-e1712217862820.png","width":300,"height":300,"caption":"Bobine Bolduc Bordeaux"},{"@type":"BreadcrumbList","@id":"https:\/\/www.csj-emballages.com\/pt-pt\/produit\/bobina-de-100-m-x-7-mm-de-bolducho-espelhado-cor-de-vinho\/#breadcrumb","itemListElement":[{"@type":"ListItem","position":1,"name":"Acolhimento","item":"https:\/\/www.csj-emballages.com\/pt-pt\/universo-das-embalagens-alimentares\/"},{"@type":"ListItem","position":2,"name":"Shop","item":"https:\/\/www.csj-emballages.com\/shop\/"},{"@type":"ListItem","position":3,"name":"Bobina de 100 m x 7 mm de bolducho espelhado cor de vinho"}]},{"@type":"WebSite","@id":"https:\/\/www.csj-emballages.com\/pt-pt\/#website","url":"https:\/\/www.csj-emballages.com\/pt-pt\/","name":"CSJ Emballages","description":"","publisher":{"@id":"https:\/\/www.csj-emballages.com\/pt-pt\/#organization"},"potentialAction":[{"@type":"SearchAction","target":{"@type":"EntryPoint","urlTemplate":"https:\/\/www.csj-emballages.com\/pt-pt\/?s={search_term_string}"},"query-input":{"@type":"PropertyValueSpecification","valueRequired":true,"valueName":"search_term_string"}}],"inLanguage":"pt-PT"},{"@type":"Organization","@id":"https:\/\/www.csj-emballages.com\/pt-pt\/#Organization\/","name":"CSJ Emballages","url":"https:\/\/www.csj-emballages.com\/pt-pt\/","logo":{"@type":"ImageObject","inLanguage":"pt-PT","@id":"https:\/\/www.csj-emballages.com\/pt-pt\/#\/schema\/logo\/image\/","url":"https:\/\/www.csj-emballages.com\/wp-content\/uploads\/2023\/10\/logo_csj.webp","contentUrl":"https:\/\/www.csj-emballages.com\/wp-content\/uploads\/2023\/10\/logo_csj.webp","width":250,"height":95,"caption":"CSJ Emballages"},"image":{"@id":"https:\/\/www.csj-emballages.com\/pt-pt\/#\/schema\/logo\/image\/"},"sameAs":["https:\/\/www.facebook.com\/csjemballages"],"address":{"@type":"PostalAddress","streetAddress":"ZI La Lechere","addressLocality":"Patornay","postalCode":"39130","addressCountry":"FR"},"contactPoint":[{"@type":"ContactPoint","contactType":"Service client","telephone":"0384254272","email":"contact@csj-emballages.com"}]}]}},"df_price":3.88,"df_sale_price":"","df_regular_price":3.88,"df_image_link":"https:\/\/www.csj-emballages.com\/wp-content\/uploads\/2024\/03\/Capture-decran-2024-04-04-a-10.01.41-300x300.png","tiered_pricing_type":"fixed","tiered_pricing_fixed_rules":[],"tiered_pricing_percentage_rules":[],"tiered_pricing_minimum":1,"tiered_pricing_roles_data":[],"_links":{"self":[{"href":"https:\/\/www.csj-emballages.com\/pt-pt\/wp-json\/wp\/v2\/product\/19437","targetHints":{"allow":["GET"]}}],"collection":[{"href":"https:\/\/www.csj-emballages.com\/pt-pt\/wp-json\/wp\/v2\/product"}],"about":[{"href":"https:\/\/www.csj-emballages.com\/pt-pt\/wp-json\/wp\/v2\/types\/product"}],"wp:featuredmedia":[{"embeddable":true,"href":"https:\/\/www.csj-emballages.com\/pt-pt\/wp-json\/wp\/v2\/media\/14644"}],"wp:attachment":[{"href":"https:\/\/www.csj-emballages.com\/pt-pt\/wp-json\/wp\/v2\/media?parent=19437"}],"wp:term":[{"taxonomy":"product_brand","embeddable":true,"href":"https:\/\/www.csj-emballages.com\/pt-pt\/wp-json\/wp\/v2\/product_brand?post=19437"},{"taxonomy":"product_cat","embeddable":true,"href":"https:\/\/www.csj-emballages.com\/pt-pt\/wp-json\/wp\/v2\/product_cat?post=19437"},{"taxonomy":"product_tag","embeddable":true,"href":"https:\/\/www.csj-emballages.com\/pt-pt\/wp-json\/wp\/v2\/product_tag?post=19437"}],"curies":[{"name":"wp","href":"https:\/\/api.w.org\/{rel}","templated":true}]}}