{"id":19377,"date":"2024-03-01T16:57:20","date_gmt":"2024-03-01T15:57:20","guid":{"rendered":"https:\/\/u15jnbdpoq.preview.infomaniak.website\/produit\/25-caixas-de-registo-o-meu-registo-40-x-11-x-10-cm\/"},"modified":"2026-03-12T16:11:24","modified_gmt":"2026-03-12T15:11:24","slug":"25-caixas-de-registo-o-meu-registo-40-x-11-x-10-cm","status":"publish","type":"product","link":"https:\/\/www.csj-emballages.com\/pt-pt\/produit\/25-caixas-de-registo-o-meu-registo-40-x-11-x-10-cm\/","title":{"rendered":"Caixa de madeira &#8220;Ma b\u00fbche&#8221; 40 x 11 x 10 cm, embalagem de 25"},"content":{"rendered":"<div style=\"font-family: Roboto, sans-serif;\">\n<div style=\"font-family: Roboto, sans-serif;\">\n<div style=\"font-family: Roboto, sans-serif;\">\n<div style=\"font-family: Roboto, sans-serif;\">\n<div style=\"font-family: Roboto, sans-serif;\">\n<div style=\"font-family: Roboto, sans-serif;\">\n<div style=\"font-family: Roboto, sans-serif;\">\n<div style=\"font-family: Roboto, sans-serif;\">\n<div style=\"font-family: Roboto, sans-serif;\">\n<div style=\"font-family: Roboto, sans-serif;\">\n<div style=\"font-family: Roboto, sans-serif;\">\n<div style=\"font-family: Roboto, sans-serif;\">\n<div style=\"font-family: Roboto, sans-serif;\">\n<div class=\"flex flex-grow flex-col max-w-full\">\n<div class=\"min-h-[20px] text-message flex flex-col items-start whitespace-pre-wrap break-words [.text-message+&amp;]:mt-5 juice:w-full juice:items-end overflow-x-auto gap-2\" dir=\"auto\" data-message-author-role=\"assistant\" data-message-id=\"2034782e-88f9-44ef-b4dc-07dd7bf0115f\">\n<div class=\"flex w-full flex-col gap-1 juice:empty:hidden juice:first:pt-[3px]\">\n<div class=\"markdown prose w-full break-words dark:prose-invert light\">\n<div style=\"font-family: Roboto, sans-serif;\">\n<div style=\"font-family: Roboto, sans-serif;\">\n<div style=\"font-family: Roboto, sans-serif;\">\n<div style=\"font-family: Roboto, sans-serif;\">\n<div style=\"font-family: Roboto, sans-serif;\">\n<div style=\"font-family: Roboto, sans-serif;\">\n<h2>Caixa de registo<\/h2>\n<div style=\"font-family: Roboto, sans-serif;\">\n<div style=\"font-family: Roboto, sans-serif;\">\n<div style=\"font-family: Roboto, sans-serif;\">\n<div style=\"text-align: center;\">\n<div style=\"font-family: Roboto, sans-serif;\">\n<div style=\"font-family: Roboto, sans-serif;\">\n<div style=\"font-family: Roboto, sans-serif;\">\n<div style=\"font-family: Roboto, sans-serif;\">\n<div style=\"font-family: Roboto, sans-serif;\">\n<div style=\"font-family: Roboto, sans-serif; text-align: left;\">\n<hr>\n<h3 style=\"text-align: left;\">Descri\u00e7\u00e3o da nossa caixa de madeira &#8220;Ma B\u00fbche&#8221; 40x11x10 cm<!--more--><\/h3>\n<\/div>\n<\/div>\n<\/div>\n<\/div>\n<\/div>\n<\/div>\n<\/div>\n<\/div>\n<\/div>\n<\/div>\n<\/div>\n<\/div>\n<\/div>\n<\/div>\n<\/div>\n<\/div>\n<\/div>\n<\/div>\n<\/div>\n<\/div>\n<\/div>\n<\/div>\n<\/div>\n<\/div>\n<\/div>\n<\/div>\n<\/div>\n<\/div>\n<\/div>\n<\/div>\n<\/div>\n<\/div>\n<\/div>\n<p>A <strong>caixa para toros &#8220;Ma b\u00fbche&#8221;<\/strong> \u00e9 o acess\u00f3rio indispens\u00e1vel para apresentar as suas cria\u00e7\u00f5es gourmet de Natal. Medindo <strong>40 x 11 x 10 cm<\/strong>, esta <strong>caixa para toros<\/strong> adapta-se perfeitamente aos formatos de toros normais. Embalada em conjuntos de <strong>25<\/strong> unidades, permite uma arruma\u00e7\u00e3o f\u00e1cil e pr\u00e1tica de todas as suas prepara\u00e7\u00f5es. Quer se trate de um pasteleiro profissional ou de um amador apaixonado, esta <strong>caixa para toros de Natal<\/strong> vai conquist\u00e1-lo com o seu design s\u00f3brio e elegante.   <\/p>\n<p>Fabricada com materiais de qualidade, a <strong>caixa<\/strong> <strong>&#8220;Ma b\u00fbche<\/strong> &#8221; \u00e9 forte e resistente. Protege as suas sobremesas durante o transporte, garantindo a sua frescura at\u00e9 \u00e0 degusta\u00e7\u00e3o. Nesta \u00e9poca festiva do ano, todos os pormenores contam para fazer sobressair o melhor das suas cria\u00e7\u00f5es. Com a <g id=\"gid_2\">caixa buche Noel<\/g>, pode ter a certeza de uma apresenta\u00e7\u00e3o impec\u00e1vel, mesmo durante um transporte prolongado. Ideal para arruma\u00e7\u00e3o e exposi\u00e7\u00e3o, adapta-se \u00e0s necessidades dos pasteleiros e responde \u00e0s expectativas dos clientes exigentes.    <\/p>\n<p>&nbsp;<\/p>\n<p><!--more--><\/p>\n<h4>Porqu\u00ea utilizar a nossa caixa de registo?<\/h4>\n<p>Al\u00e9m disso, o seu design elegante combina na perfei\u00e7\u00e3o com todos os estilos de decora\u00e7\u00e3o festiva. Esta <strong>caixa para troncos de Natal<\/strong> \u00e9 uma aposta segura para a \u00e9poca festiva. O cart\u00e3o utilizado \u00e9 resistente e est\u00e1 em conformidade com as normas de embalagem alimentar. Assim, a <strong>caixa<\/strong> <strong>&#8220;Ma b\u00fbche<\/strong> &#8221; n\u00e3o s\u00f3 tem bom aspeto, como tamb\u00e9m \u00e9 segura para os seus alimentos. \u00c9 f\u00e1cil de montar e permite poupar tempo durante a prepara\u00e7\u00e3o. Al\u00e9m disso, \u00e9 f\u00e1cil de guardar gra\u00e7as ao seu formato empilh\u00e1vel.     <\/p>\n<p>Numa embalagem de <strong>25<\/strong> unidades, cada <strong>lata<\/strong> oferece uma grande capacidade para as suas melhores cria\u00e7\u00f5es doces. A cor neutra desta lata <strong>de troncos de Natal<\/strong> real\u00e7a os tons gourmet e festivos das suas sobremesas. Os seus clientes ser\u00e3o imediatamente seduzidos pela apresenta\u00e7\u00e3o meticulosa e pela eleg\u00e2ncia dos seus troncos de Natal. A <strong>caixa de Natal<\/strong> <strong>&#8220;Ma b\u00fbche<\/strong> <strong>&#8220;<\/strong> \u00e9 a escolha perfeita para garantir a satisfa\u00e7\u00e3o e a fidelidade dos seus clientes.   <\/p>\n<p>&nbsp;<\/p>\n<p><!--more--><\/p>\n<div style=\"font-family: Roboto, sans-serif;\">\n<div style=\"font-family: Roboto, sans-serif;\">\n<div style=\"font-family: Roboto, sans-serif;\">\n<div style=\"font-family: Roboto, sans-serif;\">\n<div style=\"font-family: Roboto, sans-serif;\">\n<div style=\"font-family: Roboto, sans-serif;\">\n<div style=\"font-family: Roboto, sans-serif;\">\n<div style=\"font-family: Roboto, sans-serif;\">\n<div style=\"font-family: Roboto, sans-serif;\">\n<div style=\"font-family: Roboto, sans-serif;\">\n<div style=\"font-family: Roboto, sans-serif;\">\n<div style=\"font-family: Roboto, sans-serif;\">\n<div style=\"font-family: Roboto, sans-serif;\">\n<div class=\"flex flex-grow flex-col max-w-full\">\n<div class=\"min-h-[20px] text-message flex flex-col items-start whitespace-pre-wrap break-words [.text-message+&amp;]:mt-5 juice:w-full juice:items-end overflow-x-auto gap-2\" dir=\"auto\" data-message-author-role=\"assistant\" data-message-id=\"2034782e-88f9-44ef-b4dc-07dd7bf0115f\">\n<div class=\"flex w-full flex-col gap-1 juice:empty:hidden juice:first:pt-[3px]\">\n<div class=\"markdown prose w-full break-words dark:prose-invert light\">\n<div style=\"font-family: Roboto, sans-serif;\">\n<div style=\"font-family: Roboto, sans-serif;\">\n<div style=\"font-family: Roboto, sans-serif;\">\n<div style=\"font-family: Roboto, sans-serif;\">\n<div style=\"font-family: Roboto, sans-serif;\">\n<div style=\"font-family: Roboto, sans-serif;\">\n<p>Por \u00faltimo, esta <strong>caixa<\/strong> \u00e9 um trunfo para as vendas de fim de ano. Ela maximiza a atra\u00e7\u00e3o das suas cria\u00e7\u00f5es junto dos clientes. Com a <strong>caixa buche de Noel<\/strong>, os seus doces tornam-se verdadeiros presentes!  <\/p>\n<p>&nbsp;<\/p>\n<p><!--more--><\/p>\n<h4 style=\"text-align: left;\"><strong>As vantagens da nossa <\/strong>caixa de madeira &#8220;Ma B\u00fbche&#8221; <strong>40 x 11 x 10 cm<\/strong> <strong>:<\/strong><\/h4>\n<ul style=\"text-align: left;\">\n<li><strong>O tamanho certo<\/strong>: <strong>40 x 11 x 10 cm<\/strong>, perfeito para um tronco grande.<\/li>\n<li><strong>Design festivo<\/strong>: Com a sua est\u00e9tica inspirada no Natal, esta <strong>lata<\/strong> d\u00e1 um toque de magia \u00e0s tuas sobremesas.<\/li>\n<li><strong>Prote\u00e7\u00e3o \u00f3ptima<\/strong>: A <strong>caixa<\/strong> est\u00e1 equipada com um fecho seguro, protegendo eficazmente o teu tronco durante o transporte ou armazenamento.<\/li>\n<li><strong>Praticidade<\/strong>: O seu design torna-o f\u00e1cil de manusear e de apresentar.<\/li>\n<\/ul>\n<\/div>\n<\/div>\n<\/div>\n<\/div>\n<\/div>\n<\/div>\n<\/div>\n<\/div>\n<\/div>\n<\/div>\n<\/div>\n<\/div>\n<p>&nbsp;<\/p>\n<\/div>\n<\/div>\n<\/div>\n<\/div>\n<\/div>\n<\/div>\n<\/div>\n<\/div>\n<\/div>\n<\/div>\n<\/div>\n<p><!--more--><\/p>\n<h4>Outras informa\u00e7\u00f5es sobre este produto:<\/h4>\n<ul style=\"font-family: Roboto, sans-serif;\">\n<li><strong>Embalagem<\/strong>: Pacote de 25<\/li>\n<li><span style=\"font-weight: bold;\">Dimens\u00f5es<\/span>: 40 x 11 x 10 cm (C x L x A)<\/li>\n<li><strong>Material<\/strong>: Cart\u00e3o<\/li>\n<\/ul>\n<p>&nbsp;<\/p>\n<p><!--more--><\/p>\n<p>Este produto est\u00e1 dispon\u00edvel em v\u00e1rios tamanhos: <span style=\"color: #d12727;\"><a style=\"color: #d12727;\" href=\"https:\/\/www.csj-emballages.com\/produit\/25-boites-a-buche-ma-buche-20-x-11-x-10-cm\/\">20 x 11 x 10 cm<\/a><\/span> \/ <span style=\"color: #d12727;\"><a style=\"color: #d12727;\" href=\"https:\/\/www.csj-emballages.com\/produit\/25-boites-a-buche-ma-buche-25-x-11-x-10-cm\/\">25 x 11 x 10 cm<\/a><\/span> \/ <span style=\"color: #d12727;\"><a style=\"color: #d12727;\" href=\"https:\/\/www.csj-emballages.com\/produit\/25-boites-a-buche-ma-buche-30-x-11-x-10-cm\/\">30 x 11 x 10 cm<\/a><\/span> \/ <span style=\"color: #d12727;\"><a style=\"color: #d12727;\" href=\"https:\/\/www.csj-emballages.com\/produit\/25-boites-a-buche-ma-buche-35-x-11-x-10-cm\/\">35 x 11 x 10 cm<\/a><\/span><\/p>\n<p>&nbsp;<\/p>\n<p><!--more--><\/p>\n<p><a href=\"https:\/\/www.csj-emballages.com\/pt-pt\/categorie-produit\/embalagem-de-alimentos\/padaria-e-pastelaria\/caixas-e-estojos\/caixas-de-registo\/as-minhas-caixas-de-registo\/\">Ver o resto da nossa gama de caixas de madeira &#8220;Ma B\u00fbche<\/a><\/p>\n","protected":false},"excerpt":{"rendered":"<p>Caixa de registo Descri\u00e7\u00e3o da nossa caixa de madeira &#8220;Ma B\u00fbche&#8221; 40x11x10 cm<\/p>\n","protected":false},"featured_media":8952,"template":"","meta":{"_acf_changed":false},"product_brand":[],"product_cat":[1141,1177,2079,2107,1267],"product_tag":[],"class_list":{"0":"post-19377","1":"product","2":"type-product","3":"status-publish","4":"has-post-thumbnail","6":"product_cat-embalagem-de-alimentos","7":"product_cat-padaria-e-pastelaria","8":"product_cat-caixas-de-registo","9":"product_cat-as-minhas-caixas-de-registo","10":"product_cat-descontos-promocoes","12":"first","13":"instock","14":"sale","15":"taxable","16":"shipping-taxable","17":"purchasable","18":"product-type-simple"},"acf":[],"yoast_head":"<!-- This site is optimized with the Yoast SEO Premium plugin v26.6 (Yoast SEO v26.6) - https:\/\/yoast.com\/wordpress\/plugins\/seo\/ -->\n<title>Caixa de madeira 40x11x10 cm - modelo &quot;Ma B\u00fbche<\/title>\n<meta name=\"description\" content=\"Descubra a nossa caixa de madeira de 40x11x10 cm. Elegante e pr\u00e1tico, \u00e9 ideal para celebrar a \u00e9poca festiva!\" \/>\n<meta name=\"robots\" content=\"index, follow, max-snippet:-1, max-image-preview:large, max-video-preview:-1\" \/>\n<link rel=\"canonical\" href=\"https:\/\/www.csj-emballages.com\/pt-pt\/produit\/25-caixas-de-registo-o-meu-registo-40-x-11-x-10-cm\/\" \/>\n<meta property=\"og:locale\" content=\"pt_PT\" \/>\n<meta property=\"og:type\" content=\"article\" \/>\n<meta property=\"og:title\" content=\"Caixa de madeira 40x11x10 cm - modelo &quot;Ma B\u00fbche\" \/>\n<meta property=\"og:description\" content=\"Descubra a nossa caixa de madeira de 40x11x10 cm. Elegante e pr\u00e1tico, \u00e9 ideal para celebrar a \u00e9poca festiva!\" \/>\n<meta property=\"og:url\" content=\"https:\/\/www.csj-emballages.com\/pt-pt\/produit\/25-caixas-de-registo-o-meu-registo-40-x-11-x-10-cm\/\" \/>\n<meta property=\"og:site_name\" content=\"CSJ Emballages\" \/>\n<meta property=\"article:publisher\" content=\"https:\/\/www.facebook.com\/csjemballages\" \/>\n<meta property=\"article:modified_time\" content=\"2026-03-12T15:11:24+00:00\" \/>\n<meta property=\"og:image\" content=\"https:\/\/www.csj-emballages.com\/wp-content\/uploads\/2024\/03\/boite-buche-colore-ma-buche-carton-noel-rectangle-qualite-grossiste-csj-emba-3-jpg.webp\" \/>\n\t<meta property=\"og:image:width\" content=\"800\" \/>\n\t<meta property=\"og:image:height\" content=\"800\" \/>\n\t<meta property=\"og:image:type\" content=\"image\/jpeg\" \/>\n<meta name=\"twitter:card\" content=\"summary_large_image\" \/>\n<meta name=\"twitter:title\" content=\"Caixa de madeira 40x11x10 cm - modelo &quot;Ma B\u00fbche\" \/>\n<meta name=\"twitter:description\" content=\"Descubra a nossa caixa de madeira de 40x11x10 cm. Elegante e pr\u00e1tico, \u00e9 ideal para celebrar a \u00e9poca festiva!\" \/>\n<meta name=\"twitter:label1\" content=\"Tempo estimado de leitura\" \/>\n\t<meta name=\"twitter:data1\" content=\"3 minutos\" \/>\n<script type=\"application\/ld+json\" class=\"yoast-schema-graph\">{\"@context\":\"https:\/\/schema.org\",\"@graph\":[{\"@type\":\"WebPage\",\"@id\":\"https:\/\/www.csj-emballages.com\/pt-pt\/produit\/25-caixas-de-registo-o-meu-registo-40-x-11-x-10-cm\/\",\"url\":\"https:\/\/www.csj-emballages.com\/pt-pt\/produit\/25-caixas-de-registo-o-meu-registo-40-x-11-x-10-cm\/\",\"name\":\"Caixa de madeira 40x11x10 cm - modelo \\\"Ma B\u00fbche\",\"isPartOf\":{\"@id\":\"https:\/\/www.csj-emballages.com\/pt-pt\/#website\"},\"primaryImageOfPage\":{\"@id\":\"https:\/\/www.csj-emballages.com\/pt-pt\/produit\/25-caixas-de-registo-o-meu-registo-40-x-11-x-10-cm\/#primaryimage\"},\"image\":{\"@id\":\"https:\/\/www.csj-emballages.com\/pt-pt\/produit\/25-caixas-de-registo-o-meu-registo-40-x-11-x-10-cm\/#primaryimage\"},\"thumbnailUrl\":\"https:\/\/www.csj-emballages.com\/wp-content\/uploads\/2024\/03\/boite-buche-colore-ma-buche-carton-noel-rectangle-qualite-grossiste-csj-emba-3-jpg.webp\",\"datePublished\":\"2024-03-01T15:57:20+00:00\",\"dateModified\":\"2026-03-12T15:11:24+00:00\",\"description\":\"Descubra a nossa caixa de madeira de 40x11x10 cm. Elegante e pr\u00e1tico, \u00e9 ideal para celebrar a \u00e9poca festiva!\",\"breadcrumb\":{\"@id\":\"https:\/\/www.csj-emballages.com\/pt-pt\/produit\/25-caixas-de-registo-o-meu-registo-40-x-11-x-10-cm\/#breadcrumb\"},\"inLanguage\":\"pt-PT\",\"potentialAction\":[{\"@type\":\"ReadAction\",\"target\":[\"https:\/\/www.csj-emballages.com\/pt-pt\/produit\/25-caixas-de-registo-o-meu-registo-40-x-11-x-10-cm\/\"]}]},{\"@type\":\"ImageObject\",\"inLanguage\":\"pt-PT\",\"@id\":\"https:\/\/www.csj-emballages.com\/pt-pt\/produit\/25-caixas-de-registo-o-meu-registo-40-x-11-x-10-cm\/#primaryimage\",\"url\":\"https:\/\/www.csj-emballages.com\/wp-content\/uploads\/2024\/03\/boite-buche-colore-ma-buche-carton-noel-rectangle-qualite-grossiste-csj-emba-3-jpg.webp\",\"contentUrl\":\"https:\/\/www.csj-emballages.com\/wp-content\/uploads\/2024\/03\/boite-buche-colore-ma-buche-carton-noel-rectangle-qualite-grossiste-csj-emba-3-jpg.webp\",\"width\":800,\"height\":800,\"caption\":\"Bo\u00eetes \u00e0 b\u00fbche 40x11x10 cm\"},{\"@type\":\"BreadcrumbList\",\"@id\":\"https:\/\/www.csj-emballages.com\/pt-pt\/produit\/25-caixas-de-registo-o-meu-registo-40-x-11-x-10-cm\/#breadcrumb\",\"itemListElement\":[{\"@type\":\"ListItem\",\"position\":1,\"name\":\"Acolhimento\",\"item\":\"https:\/\/www.csj-emballages.com\/pt-pt\/universo-das-embalagens-alimentares\/\"},{\"@type\":\"ListItem\",\"position\":2,\"name\":\"Shop\",\"item\":\"https:\/\/www.csj-emballages.com\/shop\/\"},{\"@type\":\"ListItem\",\"position\":3,\"name\":\"Caixa de madeira \u00ab\u00a0Ma b\u00fbche\u00a0\u00bb 40 x 11 x 10 cm, embalagem de 25\"}]},{\"@type\":\"WebSite\",\"@id\":\"https:\/\/www.csj-emballages.com\/pt-pt\/#website\",\"url\":\"https:\/\/www.csj-emballages.com\/pt-pt\/\",\"name\":\"CSJ Emballages\",\"description\":\"\",\"publisher\":{\"@id\":\"https:\/\/www.csj-emballages.com\/pt-pt\/#organization\"},\"potentialAction\":[{\"@type\":\"SearchAction\",\"target\":{\"@type\":\"EntryPoint\",\"urlTemplate\":\"https:\/\/www.csj-emballages.com\/pt-pt\/?s={search_term_string}\"},\"query-input\":{\"@type\":\"PropertyValueSpecification\",\"valueRequired\":true,\"valueName\":\"search_term_string\"}}],\"inLanguage\":\"pt-PT\"},{\"@type\":\"Organization\",\"@id\":\"https:\/\/www.csj-emballages.com\/pt-pt\/#Organization\/\",\"name\":\"CSJ Emballages\",\"url\":\"https:\/\/www.csj-emballages.com\/pt-pt\/\",\"logo\":{\"@type\":\"ImageObject\",\"inLanguage\":\"pt-PT\",\"@id\":\"https:\/\/www.csj-emballages.com\/pt-pt\/#\/schema\/logo\/image\/\",\"url\":\"https:\/\/www.csj-emballages.com\/wp-content\/uploads\/2023\/10\/logo_csj.webp\",\"contentUrl\":\"https:\/\/www.csj-emballages.com\/wp-content\/uploads\/2023\/10\/logo_csj.webp\",\"width\":250,\"height\":95,\"caption\":\"CSJ Emballages\"},\"image\":{\"@id\":\"https:\/\/www.csj-emballages.com\/pt-pt\/#\/schema\/logo\/image\/\"},\"sameAs\":[\"https:\/\/www.facebook.com\/csjemballages\"],\"address\":{\"@type\":\"PostalAddress\",\"streetAddress\":\"ZI La Lechere\",\"addressLocality\":\"Patornay\",\"postalCode\":\"39130\",\"addressCountry\":\"FR\"},\"contactPoint\":[{\"@type\":\"ContactPoint\",\"contactType\":\"Service client\",\"telephone\":\"0384254272\",\"email\":\"contact@csj-emballages.com\"}]}]}<\/script>\n<!-- \/ Yoast SEO Premium plugin. -->","yoast_head_json":{"title":"Caixa de madeira 40x11x10 cm - modelo \"Ma B\u00fbche","description":"Descubra a nossa caixa de madeira de 40x11x10 cm. Elegante e pr\u00e1tico, \u00e9 ideal para celebrar a \u00e9poca festiva!","robots":{"index":"index","follow":"follow","max-snippet":"max-snippet:-1","max-image-preview":"max-image-preview:large","max-video-preview":"max-video-preview:-1"},"canonical":"https:\/\/www.csj-emballages.com\/pt-pt\/produit\/25-caixas-de-registo-o-meu-registo-40-x-11-x-10-cm\/","og_locale":"pt_PT","og_type":"article","og_title":"Caixa de madeira 40x11x10 cm - modelo \"Ma B\u00fbche","og_description":"Descubra a nossa caixa de madeira de 40x11x10 cm. Elegante e pr\u00e1tico, \u00e9 ideal para celebrar a \u00e9poca festiva!","og_url":"https:\/\/www.csj-emballages.com\/pt-pt\/produit\/25-caixas-de-registo-o-meu-registo-40-x-11-x-10-cm\/","og_site_name":"CSJ Emballages","article_publisher":"https:\/\/www.facebook.com\/csjemballages","article_modified_time":"2026-03-12T15:11:24+00:00","og_image":[{"width":800,"height":800,"url":"https:\/\/www.csj-emballages.com\/wp-content\/uploads\/2024\/03\/boite-buche-colore-ma-buche-carton-noel-rectangle-qualite-grossiste-csj-emba-3-jpg.webp","type":"image\/jpeg"}],"twitter_card":"summary_large_image","twitter_title":"Caixa de madeira 40x11x10 cm - modelo \"Ma B\u00fbche","twitter_description":"Descubra a nossa caixa de madeira de 40x11x10 cm. Elegante e pr\u00e1tico, \u00e9 ideal para celebrar a \u00e9poca festiva!","twitter_misc":{"Tempo estimado de leitura":"3 minutos"},"schema":{"@context":"https:\/\/schema.org","@graph":[{"@type":"WebPage","@id":"https:\/\/www.csj-emballages.com\/pt-pt\/produit\/25-caixas-de-registo-o-meu-registo-40-x-11-x-10-cm\/","url":"https:\/\/www.csj-emballages.com\/pt-pt\/produit\/25-caixas-de-registo-o-meu-registo-40-x-11-x-10-cm\/","name":"Caixa de madeira 40x11x10 cm - modelo \"Ma B\u00fbche","isPartOf":{"@id":"https:\/\/www.csj-emballages.com\/pt-pt\/#website"},"primaryImageOfPage":{"@id":"https:\/\/www.csj-emballages.com\/pt-pt\/produit\/25-caixas-de-registo-o-meu-registo-40-x-11-x-10-cm\/#primaryimage"},"image":{"@id":"https:\/\/www.csj-emballages.com\/pt-pt\/produit\/25-caixas-de-registo-o-meu-registo-40-x-11-x-10-cm\/#primaryimage"},"thumbnailUrl":"https:\/\/www.csj-emballages.com\/wp-content\/uploads\/2024\/03\/boite-buche-colore-ma-buche-carton-noel-rectangle-qualite-grossiste-csj-emba-3-jpg.webp","datePublished":"2024-03-01T15:57:20+00:00","dateModified":"2026-03-12T15:11:24+00:00","description":"Descubra a nossa caixa de madeira de 40x11x10 cm. Elegante e pr\u00e1tico, \u00e9 ideal para celebrar a \u00e9poca festiva!","breadcrumb":{"@id":"https:\/\/www.csj-emballages.com\/pt-pt\/produit\/25-caixas-de-registo-o-meu-registo-40-x-11-x-10-cm\/#breadcrumb"},"inLanguage":"pt-PT","potentialAction":[{"@type":"ReadAction","target":["https:\/\/www.csj-emballages.com\/pt-pt\/produit\/25-caixas-de-registo-o-meu-registo-40-x-11-x-10-cm\/"]}]},{"@type":"ImageObject","inLanguage":"pt-PT","@id":"https:\/\/www.csj-emballages.com\/pt-pt\/produit\/25-caixas-de-registo-o-meu-registo-40-x-11-x-10-cm\/#primaryimage","url":"https:\/\/www.csj-emballages.com\/wp-content\/uploads\/2024\/03\/boite-buche-colore-ma-buche-carton-noel-rectangle-qualite-grossiste-csj-emba-3-jpg.webp","contentUrl":"https:\/\/www.csj-emballages.com\/wp-content\/uploads\/2024\/03\/boite-buche-colore-ma-buche-carton-noel-rectangle-qualite-grossiste-csj-emba-3-jpg.webp","width":800,"height":800,"caption":"Bo\u00eetes \u00e0 b\u00fbche 40x11x10 cm"},{"@type":"BreadcrumbList","@id":"https:\/\/www.csj-emballages.com\/pt-pt\/produit\/25-caixas-de-registo-o-meu-registo-40-x-11-x-10-cm\/#breadcrumb","itemListElement":[{"@type":"ListItem","position":1,"name":"Acolhimento","item":"https:\/\/www.csj-emballages.com\/pt-pt\/universo-das-embalagens-alimentares\/"},{"@type":"ListItem","position":2,"name":"Shop","item":"https:\/\/www.csj-emballages.com\/shop\/"},{"@type":"ListItem","position":3,"name":"Caixa de madeira \u00ab\u00a0Ma b\u00fbche\u00a0\u00bb 40 x 11 x 10 cm, embalagem de 25"}]},{"@type":"WebSite","@id":"https:\/\/www.csj-emballages.com\/pt-pt\/#website","url":"https:\/\/www.csj-emballages.com\/pt-pt\/","name":"CSJ Emballages","description":"","publisher":{"@id":"https:\/\/www.csj-emballages.com\/pt-pt\/#organization"},"potentialAction":[{"@type":"SearchAction","target":{"@type":"EntryPoint","urlTemplate":"https:\/\/www.csj-emballages.com\/pt-pt\/?s={search_term_string}"},"query-input":{"@type":"PropertyValueSpecification","valueRequired":true,"valueName":"search_term_string"}}],"inLanguage":"pt-PT"},{"@type":"Organization","@id":"https:\/\/www.csj-emballages.com\/pt-pt\/#Organization\/","name":"CSJ Emballages","url":"https:\/\/www.csj-emballages.com\/pt-pt\/","logo":{"@type":"ImageObject","inLanguage":"pt-PT","@id":"https:\/\/www.csj-emballages.com\/pt-pt\/#\/schema\/logo\/image\/","url":"https:\/\/www.csj-emballages.com\/wp-content\/uploads\/2023\/10\/logo_csj.webp","contentUrl":"https:\/\/www.csj-emballages.com\/wp-content\/uploads\/2023\/10\/logo_csj.webp","width":250,"height":95,"caption":"CSJ Emballages"},"image":{"@id":"https:\/\/www.csj-emballages.com\/pt-pt\/#\/schema\/logo\/image\/"},"sameAs":["https:\/\/www.facebook.com\/csjemballages"],"address":{"@type":"PostalAddress","streetAddress":"ZI La Lechere","addressLocality":"Patornay","postalCode":"39130","addressCountry":"FR"},"contactPoint":[{"@type":"ContactPoint","contactType":"Service client","telephone":"0384254272","email":"contact@csj-emballages.com"}]}]}},"df_price":16.38,"df_sale_price":16.38,"df_regular_price":20.47,"df_image_link":"https:\/\/www.csj-emballages.com\/wp-content\/uploads\/2024\/03\/boite-buche-colore-ma-buche-carton-noel-rectangle-qualite-grossiste-csj-emba-3-300x300.webp","tiered_pricing_type":"fixed","tiered_pricing_fixed_rules":[],"tiered_pricing_percentage_rules":[],"tiered_pricing_minimum":1,"tiered_pricing_roles_data":[],"_links":{"self":[{"href":"https:\/\/www.csj-emballages.com\/pt-pt\/wp-json\/wp\/v2\/product\/19377","targetHints":{"allow":["GET"]}}],"collection":[{"href":"https:\/\/www.csj-emballages.com\/pt-pt\/wp-json\/wp\/v2\/product"}],"about":[{"href":"https:\/\/www.csj-emballages.com\/pt-pt\/wp-json\/wp\/v2\/types\/product"}],"wp:featuredmedia":[{"embeddable":true,"href":"https:\/\/www.csj-emballages.com\/pt-pt\/wp-json\/wp\/v2\/media\/8952"}],"wp:attachment":[{"href":"https:\/\/www.csj-emballages.com\/pt-pt\/wp-json\/wp\/v2\/media?parent=19377"}],"wp:term":[{"taxonomy":"product_brand","embeddable":true,"href":"https:\/\/www.csj-emballages.com\/pt-pt\/wp-json\/wp\/v2\/product_brand?post=19377"},{"taxonomy":"product_cat","embeddable":true,"href":"https:\/\/www.csj-emballages.com\/pt-pt\/wp-json\/wp\/v2\/product_cat?post=19377"},{"taxonomy":"product_tag","embeddable":true,"href":"https:\/\/www.csj-emballages.com\/pt-pt\/wp-json\/wp\/v2\/product_tag?post=19377"}],"curies":[{"name":"wp","href":"https:\/\/api.w.org\/{rel}","templated":true}]}}