{"id":19361,"date":"2024-03-01T16:57:19","date_gmt":"2024-03-01T15:57:19","guid":{"rendered":"https:\/\/u15jnbdpoq.preview.infomaniak.website\/produit\/25-caixas-de-troncos-sweet-christmas-20-x-11-x-10-cm\/"},"modified":"2026-03-12T16:11:34","modified_gmt":"2026-03-12T15:11:34","slug":"25-caixas-de-troncos-sweet-christmas-20-x-11-x-10-cm","status":"publish","type":"product","link":"https:\/\/www.csj-emballages.com\/pt-pt\/produit\/25-caixas-de-troncos-sweet-christmas-20-x-11-x-10-cm\/","title":{"rendered":"Caixa para tronco de Natal &#8220;Natal Doce&#8221; 20 x 11 x 10 cm (25 unidades)"},"content":{"rendered":"<h2>Caixa de registo<\/h2>\n<hr>\n<h3>Descubra a nossa caixa para tronco de Natal &#8220;Natal Doce&#8221; 20 x 11 x 10 cm (25 unidades)<\/h3>\n<p><!--more--><\/p>\n<p>Descubra as <strong>caixas para tronco de Natal<\/strong> 20x11x10 cm &#8220;Natal Doce&#8221;, uma escolha perfeita para real\u00e7ar as suas cria\u00e7\u00f5es de Natal. Com as suas dimens\u00f5es ideais de 20x11x10 cm, oferecem um espa\u00e7o perfeito para acomodar os seus troncos de Natal. Fabricadas em cart\u00e3o, protegem as suas sobremesas, conferindo-lhes uma apresenta\u00e7\u00e3o cuidada. O design elegante desta <strong>caixa para tronco de Natal<\/strong> real\u00e7a cada detalhe do seu tronco, acrescentando um toque requintado \u00e0 sua mesa festiva. Pr\u00e1ticas, abrem-se facilmente, permitindo uma manipula\u00e7\u00e3o simples e r\u00e1pida. As suas cores festivas proporcionam um ambiente acolhedor \u00e0s suas celebra\u00e7\u00f5es.     <\/p>\n<p>Deixe as suas sobremesas brilhar nestas caixas est\u00e9ticas e funcionais. Uma solu\u00e7\u00e3o perfeita para transportar os seus troncos de Natal em seguran\u00e7a, sem comprometer a sua beleza. Com as caixas &#8220;Natal Doce&#8221;, as suas sobremesas tornam-se o centro das aten\u00e7\u00f5es de cada refei\u00e7\u00e3o. Impressione os seus convidados com uma apresenta\u00e7\u00e3o digna dos maiores chefes pasteleiros.   <\/p>\n<p>&nbsp;<\/p>\n<p><!--more--><\/p>\n<p>Ideais para a \u00e9poca festiva, estas caixas de troncos de 20x11x10 cm s\u00e3o tamb\u00e9m uma excelente escolha para prendas de sobremesa.<\/p>\n<p>&nbsp;<\/p>\n<p><!--more--><\/p>\n<p><strong>Vantagens :<\/strong><\/p>\n<ul>\n<li><strong>Dimens\u00f5es ideais<\/strong>: Com 20x11x10 cm, adaptam-se perfeitamente a pequenos troncos.<\/li>\n<li><strong>Prote\u00e7\u00e3o \u00f3ptima<\/strong>: Protegem eficazmente os teus troncos durante o transporte, evitando qualquer dano.<\/li>\n<li><strong>Fecho seguro<\/strong>: O sistema de fecho pr\u00e1tico garante que as tuas sobremesas permanecem intactas at\u00e9 estarem prontas a comer.<\/li>\n<li><strong>Versatilidade<\/strong>: perfeitos para profissionais e amadores, podem ser adaptados a uma variedade de ocasi\u00f5es.<\/li>\n<\/ul>\n<p>&nbsp;<\/p>\n<p><!--more--><\/p>\n<h4>Outras informa\u00e7\u00f5es :<\/h4>\n<ul>\n<li><strong>Embalagem<\/strong>: Pacote de 25<\/li>\n<li><strong>Material<\/strong>: Cart\u00e3o<\/li>\n<li><strong>Dimens\u00f5es<\/strong>: 20 x 11 x 10 cm (C x L x A)<\/li>\n<\/ul>\n<p>&nbsp;<\/p>\n<p><!--more--><\/p>\n<p>Este produto est\u00e1 dispon\u00edvel em v\u00e1rios tamanhos: <span style=\"color: #d12727;\"><a style=\"color: #d12727;\" href=\"https:\/\/www.csj-emballages.com\/pt-pt\/produit\/25-caixas-de-troncos-sweet-christmas-25-x-11-x-10-cm\/\">25 x 11 x 10 cm<\/a><\/span> \/ <span style=\"color: #d12727;\"><a style=\"color: #d12727;\" href=\"https:\/\/www.csj-emballages.com\/produit\/25-boites-a-buche-noel-sucre-30-x-11-x-10-cm\/\">30 x 11 x 10 cm<\/a><\/span> \/ <span style=\"color: #d12727;\"><a style=\"color: #d12727;\" href=\"https:\/\/www.csj-emballages.com\/pt-pt\/produit\/25-caixas-de-troncos-sweet-christmas-35-x-11-x-10-cm\/\">35 x 11 x 10 cm<\/a><\/span><\/p>\n<p>&nbsp;<\/p>\n<p><!--more--><\/p>\n<p><a href=\"https:\/\/www.csj-emballages.com\/pt-pt\/categorie-produit\/embalagem-de-alimentos\/padaria-e-pastelaria\/caixas-e-estojos\/caixas-de-registo\/caixas-de-troncos-de-natal-doces\/\">Ver o resto da nossa gama de caixas de toros &#8220;Sweet Christmas<\/a><\/p>\n<p>&nbsp;<\/p>\n","protected":false},"excerpt":{"rendered":"<p>Caixa de registo Descubra a nossa caixa para tronco de Natal &#8220;Natal Doce&#8221; 20 x 11 x 10 cm (25 unidades)<\/p>\n","protected":false},"featured_media":187424,"template":"","meta":{"_acf_changed":false},"product_brand":[],"product_cat":[1141,1177,2079,2109,1267],"product_tag":[],"class_list":{"0":"post-19361","1":"product","2":"type-product","3":"status-publish","4":"has-post-thumbnail","6":"product_cat-embalagem-de-alimentos","7":"product_cat-padaria-e-pastelaria","8":"product_cat-caixas-de-registo","9":"product_cat-caixas-de-troncos-de-natal-doces","10":"product_cat-descontos-promocoes","12":"first","13":"instock","14":"sale","15":"taxable","16":"shipping-taxable","17":"purchasable","18":"product-type-simple"},"acf":[],"yoast_head":"<!-- This site is optimized with the Yoast SEO Premium plugin v26.6 (Yoast SEO v26.6) - https:\/\/yoast.com\/wordpress\/plugins\/seo\/ -->\n<title>Caixa para tronco de Natal &quot;Natal Doce&quot; 20 x 11 x 10 cm (25 unidades)<\/title>\n<meta name=\"description\" content=\"Descubra j\u00e1 a nossa caixa para tronco de Natal 20x11x10 cm. Elegantes e pr\u00e1ticos, s\u00e3o ideais para celebrar a \u00e9poca festiva!\" \/>\n<meta name=\"robots\" content=\"index, follow, max-snippet:-1, max-image-preview:large, max-video-preview:-1\" \/>\n<link rel=\"canonical\" href=\"https:\/\/www.csj-emballages.com\/pt-pt\/produit\/25-caixas-de-troncos-sweet-christmas-20-x-11-x-10-cm\/\" \/>\n<meta property=\"og:locale\" content=\"pt_PT\" \/>\n<meta property=\"og:type\" content=\"article\" \/>\n<meta property=\"og:title\" content=\"Caixa para tronco de Natal &quot;Natal Doce&quot; 20 x 11 x 10 cm (25 unidades)\" \/>\n<meta property=\"og:description\" content=\"Descubra j\u00e1 a nossa caixa para tronco de Natal 20x11x10 cm. Elegantes e pr\u00e1ticos, s\u00e3o ideais para celebrar a \u00e9poca festiva!\" \/>\n<meta property=\"og:url\" content=\"https:\/\/www.csj-emballages.com\/pt-pt\/produit\/25-caixas-de-troncos-sweet-christmas-20-x-11-x-10-cm\/\" \/>\n<meta property=\"og:site_name\" content=\"CSJ Emballages\" \/>\n<meta property=\"article:publisher\" content=\"https:\/\/www.facebook.com\/csjemballages\" \/>\n<meta property=\"article:modified_time\" content=\"2026-03-12T15:11:34+00:00\" \/>\n<meta property=\"og:image\" content=\"https:\/\/www.csj-emballages.com\/wp-content\/uploads\/2024\/03\/buchenoelsucre-e1732694663977.webp\" \/>\n\t<meta property=\"og:image:width\" content=\"1088\" \/>\n\t<meta property=\"og:image:height\" content=\"1089\" \/>\n\t<meta property=\"og:image:type\" content=\"image\/webp\" \/>\n<meta name=\"twitter:card\" content=\"summary_large_image\" \/>\n<meta name=\"twitter:label1\" content=\"Tempo estimado de leitura\" \/>\n\t<meta name=\"twitter:data1\" content=\"2 minutos\" \/>\n<script type=\"application\/ld+json\" class=\"yoast-schema-graph\">{\"@context\":\"https:\/\/schema.org\",\"@graph\":[{\"@type\":\"WebPage\",\"@id\":\"https:\/\/www.csj-emballages.com\/pt-pt\/produit\/25-caixas-de-troncos-sweet-christmas-20-x-11-x-10-cm\/\",\"url\":\"https:\/\/www.csj-emballages.com\/pt-pt\/produit\/25-caixas-de-troncos-sweet-christmas-20-x-11-x-10-cm\/\",\"name\":\"Caixa para tronco de Natal \\\"Natal Doce\\\" 20 x 11 x 10 cm (25 unidades)\",\"isPartOf\":{\"@id\":\"https:\/\/www.csj-emballages.com\/pt-pt\/#website\"},\"primaryImageOfPage\":{\"@id\":\"https:\/\/www.csj-emballages.com\/pt-pt\/produit\/25-caixas-de-troncos-sweet-christmas-20-x-11-x-10-cm\/#primaryimage\"},\"image\":{\"@id\":\"https:\/\/www.csj-emballages.com\/pt-pt\/produit\/25-caixas-de-troncos-sweet-christmas-20-x-11-x-10-cm\/#primaryimage\"},\"thumbnailUrl\":\"https:\/\/www.csj-emballages.com\/wp-content\/uploads\/2024\/03\/buchenoelsucre-e1732694663977.webp\",\"datePublished\":\"2024-03-01T15:57:19+00:00\",\"dateModified\":\"2026-03-12T15:11:34+00:00\",\"description\":\"Descubra j\u00e1 a nossa caixa para tronco de Natal 20x11x10 cm. Elegantes e pr\u00e1ticos, s\u00e3o ideais para celebrar a \u00e9poca festiva!\",\"breadcrumb\":{\"@id\":\"https:\/\/www.csj-emballages.com\/pt-pt\/produit\/25-caixas-de-troncos-sweet-christmas-20-x-11-x-10-cm\/#breadcrumb\"},\"inLanguage\":\"pt-PT\",\"potentialAction\":[{\"@type\":\"ReadAction\",\"target\":[\"https:\/\/www.csj-emballages.com\/pt-pt\/produit\/25-caixas-de-troncos-sweet-christmas-20-x-11-x-10-cm\/\"]}]},{\"@type\":\"ImageObject\",\"inLanguage\":\"pt-PT\",\"@id\":\"https:\/\/www.csj-emballages.com\/pt-pt\/produit\/25-caixas-de-troncos-sweet-christmas-20-x-11-x-10-cm\/#primaryimage\",\"url\":\"https:\/\/www.csj-emballages.com\/wp-content\/uploads\/2024\/03\/buchenoelsucre-e1732694663977.webp\",\"contentUrl\":\"https:\/\/www.csj-emballages.com\/wp-content\/uploads\/2024\/03\/buchenoelsucre-e1732694663977.webp\",\"width\":1088,\"height\":1089,\"caption\":\"boite a buche\"},{\"@type\":\"BreadcrumbList\",\"@id\":\"https:\/\/www.csj-emballages.com\/pt-pt\/produit\/25-caixas-de-troncos-sweet-christmas-20-x-11-x-10-cm\/#breadcrumb\",\"itemListElement\":[{\"@type\":\"ListItem\",\"position\":1,\"name\":\"Acolhimento\",\"item\":\"https:\/\/www.csj-emballages.com\/pt-pt\/universo-das-embalagens-alimentares\/\"},{\"@type\":\"ListItem\",\"position\":2,\"name\":\"Shop\",\"item\":\"https:\/\/www.csj-emballages.com\/shop\/\"},{\"@type\":\"ListItem\",\"position\":3,\"name\":\"Caixa para tronco de Natal \u00ab\u00a0Natal Doce\u00a0\u00bb 20 x 11 x 10 cm (25 unidades)\"}]},{\"@type\":\"WebSite\",\"@id\":\"https:\/\/www.csj-emballages.com\/pt-pt\/#website\",\"url\":\"https:\/\/www.csj-emballages.com\/pt-pt\/\",\"name\":\"CSJ Emballages\",\"description\":\"\",\"publisher\":{\"@id\":\"https:\/\/www.csj-emballages.com\/pt-pt\/#organization\"},\"potentialAction\":[{\"@type\":\"SearchAction\",\"target\":{\"@type\":\"EntryPoint\",\"urlTemplate\":\"https:\/\/www.csj-emballages.com\/pt-pt\/?s={search_term_string}\"},\"query-input\":{\"@type\":\"PropertyValueSpecification\",\"valueRequired\":true,\"valueName\":\"search_term_string\"}}],\"inLanguage\":\"pt-PT\"},{\"@type\":\"Organization\",\"@id\":\"https:\/\/www.csj-emballages.com\/pt-pt\/#Organization\/\",\"name\":\"CSJ Emballages\",\"url\":\"https:\/\/www.csj-emballages.com\/pt-pt\/\",\"logo\":{\"@type\":\"ImageObject\",\"inLanguage\":\"pt-PT\",\"@id\":\"https:\/\/www.csj-emballages.com\/pt-pt\/#\/schema\/logo\/image\/\",\"url\":\"https:\/\/www.csj-emballages.com\/wp-content\/uploads\/2023\/10\/logo_csj.webp\",\"contentUrl\":\"https:\/\/www.csj-emballages.com\/wp-content\/uploads\/2023\/10\/logo_csj.webp\",\"width\":250,\"height\":95,\"caption\":\"CSJ Emballages\"},\"image\":{\"@id\":\"https:\/\/www.csj-emballages.com\/pt-pt\/#\/schema\/logo\/image\/\"},\"sameAs\":[\"https:\/\/www.facebook.com\/csjemballages\"],\"address\":{\"@type\":\"PostalAddress\",\"streetAddress\":\"ZI La Lechere\",\"addressLocality\":\"Patornay\",\"postalCode\":\"39130\",\"addressCountry\":\"FR\"},\"contactPoint\":[{\"@type\":\"ContactPoint\",\"contactType\":\"Service client\",\"telephone\":\"0384254272\",\"email\":\"contact@csj-emballages.com\"}]}]}<\/script>\n<!-- \/ Yoast SEO Premium plugin. -->","yoast_head_json":{"title":"Caixa para tronco de Natal \"Natal Doce\" 20 x 11 x 10 cm (25 unidades)","description":"Descubra j\u00e1 a nossa caixa para tronco de Natal 20x11x10 cm. Elegantes e pr\u00e1ticos, s\u00e3o ideais para celebrar a \u00e9poca festiva!","robots":{"index":"index","follow":"follow","max-snippet":"max-snippet:-1","max-image-preview":"max-image-preview:large","max-video-preview":"max-video-preview:-1"},"canonical":"https:\/\/www.csj-emballages.com\/pt-pt\/produit\/25-caixas-de-troncos-sweet-christmas-20-x-11-x-10-cm\/","og_locale":"pt_PT","og_type":"article","og_title":"Caixa para tronco de Natal \"Natal Doce\" 20 x 11 x 10 cm (25 unidades)","og_description":"Descubra j\u00e1 a nossa caixa para tronco de Natal 20x11x10 cm. Elegantes e pr\u00e1ticos, s\u00e3o ideais para celebrar a \u00e9poca festiva!","og_url":"https:\/\/www.csj-emballages.com\/pt-pt\/produit\/25-caixas-de-troncos-sweet-christmas-20-x-11-x-10-cm\/","og_site_name":"CSJ Emballages","article_publisher":"https:\/\/www.facebook.com\/csjemballages","article_modified_time":"2026-03-12T15:11:34+00:00","og_image":[{"width":1088,"height":1089,"url":"https:\/\/www.csj-emballages.com\/wp-content\/uploads\/2024\/03\/buchenoelsucre-e1732694663977.webp","type":"image\/webp"}],"twitter_card":"summary_large_image","twitter_misc":{"Tempo estimado de leitura":"2 minutos"},"schema":{"@context":"https:\/\/schema.org","@graph":[{"@type":"WebPage","@id":"https:\/\/www.csj-emballages.com\/pt-pt\/produit\/25-caixas-de-troncos-sweet-christmas-20-x-11-x-10-cm\/","url":"https:\/\/www.csj-emballages.com\/pt-pt\/produit\/25-caixas-de-troncos-sweet-christmas-20-x-11-x-10-cm\/","name":"Caixa para tronco de Natal \"Natal Doce\" 20 x 11 x 10 cm (25 unidades)","isPartOf":{"@id":"https:\/\/www.csj-emballages.com\/pt-pt\/#website"},"primaryImageOfPage":{"@id":"https:\/\/www.csj-emballages.com\/pt-pt\/produit\/25-caixas-de-troncos-sweet-christmas-20-x-11-x-10-cm\/#primaryimage"},"image":{"@id":"https:\/\/www.csj-emballages.com\/pt-pt\/produit\/25-caixas-de-troncos-sweet-christmas-20-x-11-x-10-cm\/#primaryimage"},"thumbnailUrl":"https:\/\/www.csj-emballages.com\/wp-content\/uploads\/2024\/03\/buchenoelsucre-e1732694663977.webp","datePublished":"2024-03-01T15:57:19+00:00","dateModified":"2026-03-12T15:11:34+00:00","description":"Descubra j\u00e1 a nossa caixa para tronco de Natal 20x11x10 cm. Elegantes e pr\u00e1ticos, s\u00e3o ideais para celebrar a \u00e9poca festiva!","breadcrumb":{"@id":"https:\/\/www.csj-emballages.com\/pt-pt\/produit\/25-caixas-de-troncos-sweet-christmas-20-x-11-x-10-cm\/#breadcrumb"},"inLanguage":"pt-PT","potentialAction":[{"@type":"ReadAction","target":["https:\/\/www.csj-emballages.com\/pt-pt\/produit\/25-caixas-de-troncos-sweet-christmas-20-x-11-x-10-cm\/"]}]},{"@type":"ImageObject","inLanguage":"pt-PT","@id":"https:\/\/www.csj-emballages.com\/pt-pt\/produit\/25-caixas-de-troncos-sweet-christmas-20-x-11-x-10-cm\/#primaryimage","url":"https:\/\/www.csj-emballages.com\/wp-content\/uploads\/2024\/03\/buchenoelsucre-e1732694663977.webp","contentUrl":"https:\/\/www.csj-emballages.com\/wp-content\/uploads\/2024\/03\/buchenoelsucre-e1732694663977.webp","width":1088,"height":1089,"caption":"boite a buche"},{"@type":"BreadcrumbList","@id":"https:\/\/www.csj-emballages.com\/pt-pt\/produit\/25-caixas-de-troncos-sweet-christmas-20-x-11-x-10-cm\/#breadcrumb","itemListElement":[{"@type":"ListItem","position":1,"name":"Acolhimento","item":"https:\/\/www.csj-emballages.com\/pt-pt\/universo-das-embalagens-alimentares\/"},{"@type":"ListItem","position":2,"name":"Shop","item":"https:\/\/www.csj-emballages.com\/shop\/"},{"@type":"ListItem","position":3,"name":"Caixa para tronco de Natal \u00ab\u00a0Natal Doce\u00a0\u00bb 20 x 11 x 10 cm (25 unidades)"}]},{"@type":"WebSite","@id":"https:\/\/www.csj-emballages.com\/pt-pt\/#website","url":"https:\/\/www.csj-emballages.com\/pt-pt\/","name":"CSJ Emballages","description":"","publisher":{"@id":"https:\/\/www.csj-emballages.com\/pt-pt\/#organization"},"potentialAction":[{"@type":"SearchAction","target":{"@type":"EntryPoint","urlTemplate":"https:\/\/www.csj-emballages.com\/pt-pt\/?s={search_term_string}"},"query-input":{"@type":"PropertyValueSpecification","valueRequired":true,"valueName":"search_term_string"}}],"inLanguage":"pt-PT"},{"@type":"Organization","@id":"https:\/\/www.csj-emballages.com\/pt-pt\/#Organization\/","name":"CSJ Emballages","url":"https:\/\/www.csj-emballages.com\/pt-pt\/","logo":{"@type":"ImageObject","inLanguage":"pt-PT","@id":"https:\/\/www.csj-emballages.com\/pt-pt\/#\/schema\/logo\/image\/","url":"https:\/\/www.csj-emballages.com\/wp-content\/uploads\/2023\/10\/logo_csj.webp","contentUrl":"https:\/\/www.csj-emballages.com\/wp-content\/uploads\/2023\/10\/logo_csj.webp","width":250,"height":95,"caption":"CSJ Emballages"},"image":{"@id":"https:\/\/www.csj-emballages.com\/pt-pt\/#\/schema\/logo\/image\/"},"sameAs":["https:\/\/www.facebook.com\/csjemballages"],"address":{"@type":"PostalAddress","streetAddress":"ZI La Lechere","addressLocality":"Patornay","postalCode":"39130","addressCountry":"FR"},"contactPoint":[{"@type":"ContactPoint","contactType":"Service client","telephone":"0384254272","email":"contact@csj-emballages.com"}]}]}},"df_price":14.6,"df_sale_price":14.6,"df_regular_price":15.37,"df_image_link":"https:\/\/www.csj-emballages.com\/wp-content\/uploads\/2024\/03\/buchenoelsucre-300x300.webp","tiered_pricing_type":"fixed","tiered_pricing_fixed_rules":[],"tiered_pricing_percentage_rules":[],"tiered_pricing_minimum":1,"tiered_pricing_roles_data":[],"_links":{"self":[{"href":"https:\/\/www.csj-emballages.com\/pt-pt\/wp-json\/wp\/v2\/product\/19361","targetHints":{"allow":["GET"]}}],"collection":[{"href":"https:\/\/www.csj-emballages.com\/pt-pt\/wp-json\/wp\/v2\/product"}],"about":[{"href":"https:\/\/www.csj-emballages.com\/pt-pt\/wp-json\/wp\/v2\/types\/product"}],"wp:featuredmedia":[{"embeddable":true,"href":"https:\/\/www.csj-emballages.com\/pt-pt\/wp-json\/wp\/v2\/media\/187424"}],"wp:attachment":[{"href":"https:\/\/www.csj-emballages.com\/pt-pt\/wp-json\/wp\/v2\/media?parent=19361"}],"wp:term":[{"taxonomy":"product_brand","embeddable":true,"href":"https:\/\/www.csj-emballages.com\/pt-pt\/wp-json\/wp\/v2\/product_brand?post=19361"},{"taxonomy":"product_cat","embeddable":true,"href":"https:\/\/www.csj-emballages.com\/pt-pt\/wp-json\/wp\/v2\/product_cat?post=19361"},{"taxonomy":"product_tag","embeddable":true,"href":"https:\/\/www.csj-emballages.com\/pt-pt\/wp-json\/wp\/v2\/product_tag?post=19361"}],"curies":[{"name":"wp","href":"https:\/\/api.w.org\/{rel}","templated":true}]}}