{"id":19329,"date":"2024-03-01T16:57:22","date_gmt":"2024-03-01T15:57:22","guid":{"rendered":"https:\/\/u15jnbdpoq.preview.infomaniak.website\/produit\/25-caixas-brancas-peroladas-de-250-gramas-com-base-de-cartao\/"},"modified":"2026-02-13T02:11:05","modified_gmt":"2026-02-13T01:11:05","slug":"25-caixas-brancas-peroladas-de-250-gramas-com-base-de-cartao","status":"publish","type":"product","link":"https:\/\/www.csj-emballages.com\/pt-pt\/produit\/25-caixas-brancas-peroladas-de-250-gramas-com-base-de-cartao\/","title":{"rendered":"Balotina branca perolada 250 gramas com base de cart\u00e3o, embalagem de 25"},"content":{"rendered":"<h2>Caixa branca<\/h2>\n<hr>\n<h3>Descri\u00e7\u00e3o do nosso ballotin branco p\u00e9rola 250 gramas com base de cart\u00e3o, 25 unidades<\/h3>\n<p><!--more--><\/p>\n<p data-start=\"95\" data-end=\"627\">D\u00ea aos seus <strong>chocolates, produtos de confeitaria ou pequenos presentes gourmet<\/strong> uma apresenta\u00e7\u00e3o elegante e refinada com a nossa <strong data-start=\"208\" data-end=\"268\">caixa branca perolada de 250 gramas com base em cart\u00e3o, embalagem de 25<\/strong>. Especialmente concebida para chocolatiers, pasteleiros e lojistas que desejam exibir as suas cria\u00e7\u00f5es, esta caixa combina praticidade e est\u00e9tica. O seu acabamento <strong data-start=\"441\" data-end=\"456\">branco p\u00e9rola<\/strong> confere-lhe um <strong>brilho subtil<\/strong> e <strong>festivo<\/strong>, ideal para \u00e9pocas festivas como o Natal, a P\u00e1scoa, o Dia dos Namorados ou mesmo casamentos e eventos empresariais.  <\/p>\n<p data-start=\"629\" data-end=\"1004\">Com uma capacidade de <strong data-start=\"650\" data-end=\"665\">250 gramas<\/strong>, pode embalar uma bonita sele\u00e7\u00e3o de <strong>chocolates<\/strong> ou <strong>uma variedade de produtos de confeitaria<\/strong>. A <strong data-start=\"756\" data-end=\"780\">base de cart\u00e3o refor\u00e7ado<\/strong> garante uma excelente estabilidade e resist\u00eancia ao peso, protegendo os seus produtos durante o transporte. A qualidade do <strong>cart\u00e3o<\/strong> garante igualmente uma prote\u00e7\u00e3o \u00f3ptima contra a humidade e os choques leves.  <\/p>\n<p data-start=\"1006\" data-end=\"1364\">Embalada <strong data-start=\"1018\" data-end=\"1035\">em lotes de 25 unidades<\/strong>, esta <strong>caixa<\/strong> \u00e9 uma escolha pr\u00e1tica e econ\u00f3mica para os profissionais que pretendem ter um stock adaptado \u00e0s necessidades di\u00e1rias da sua loja. F\u00e1cil de montar, permite poupar tempo na prepara\u00e7\u00e3o das encomendas e pode ser adaptada a diferentes estilos de fitas ou etiquetas para uma personaliza\u00e7\u00e3o \u00fanica. <\/p>\n<p data-start=\"1366\" data-end=\"1637\">Quer seja um artes\u00e3o, um retalhista ou um organizador de eventos, a <strong data-start=\"1433\" data-end=\"1463\">caixa branca perolada de 250 g<\/strong> dar\u00e1 um toque chique e profissional \u00e0 sua embalagem. A sua sobriedade elegante vai destacar as suas cria\u00e7\u00f5es, refor\u00e7ando a imagem de qualidade da sua marca. <\/p>\n<p data-start=\"1423\" data-end=\"1694\"><!--more--><\/p>\n<h4 data-start=\"1423\" data-end=\"1694\">Vantagens :<\/h4>\n<ul>\n<li data-start=\"1423\" data-end=\"1694\">Um <strong data-start=\"1857\" data-end=\"1876\">acabamento perolado<\/strong> elegante e festivo para real\u00e7ar os seus produtos.<\/li>\n<li data-start=\"1423\" data-end=\"1694\"><strong data-start=\"1928\" data-end=\"1946\">Capacidade de 250 g<\/strong>, ideal para chocolates e produtos de confeitaria.<\/li>\n<li data-start=\"1423\" data-end=\"1694\">Base em cart\u00e3o refor\u00e7ado para maior estabilidade e resist\u00eancia.<\/li>\n<li data-start=\"1423\" data-end=\"1694\"><strong data-start=\"2061\" data-end=\"2083\">Embalados em pacotes de 25 unidades<\/strong>, pr\u00e1ticos e econ\u00f3micos para os profissionais.<\/li>\n<li data-start=\"1423\" data-end=\"1694\">F\u00e1cil de personalizar com <span style=\"color: #d12727;\"><a style=\"color: #d12727;\" href=\"https:\/\/www.csj-emballages.com\/pt-pt\/categorie-produit\/embalagem-de-alimentos\/padaria-e-pastelaria\/acessorios-e-equipamentos\/acessorios-decorativos\/\">fitas<\/a><\/span>, <span style=\"color: #d12727;\"><a style=\"color: #d12727;\" href=\"https:\/\/www.csj-emballages.com\/pt-pt\/categorie-produit\/embalagem-de-alimentos\/padaria-e-pastelaria\/acessorios-e-equipamentos\/etiquetas\/\">etiquetas<\/a><\/span> ou autocolantes.<\/li>\n<li data-start=\"1423\" data-end=\"1694\">Perfeito para eventos, festas e presentes gourmet<strong data-start=\"2230\" data-end=\"2272\">.<\/strong><\/li>\n<\/ul>\n<p>&nbsp;<\/p>\n<p><!--more--><\/p>\n<h4>Outras informa\u00e7\u00f5es :<\/h4>\n<ul style=\"box-sizing: inherit; font-family: Roboto, sans-serif;\">\n<li><strong>Embalagem<\/strong>: Pacote de 25<\/li>\n<li><strong>Dimens\u00f5es<\/strong>: 110 x 58 x 60 mm (C x L x A em mm)<\/li>\n<li><strong>Material<\/strong>: Cart\u00e3o<\/li>\n<li><strong>Cor<\/strong>: Branco perolado<\/li>\n<li><strong>Capacidade<\/strong>: 250g<\/li>\n<\/ul>\n<p>&nbsp;<\/p>\n<p><!--more--><\/p>\n<p>Encontre aqui a nossa caixa branca perolada de 375g: <span style=\"color: #d12727;\"><a style=\"color: #d12727;\" href=\"https:\/\/www.csj-emballages.com\/pt-pt\/produit\/25-caixas-brancas-peroladas-de-375-gramas-com-bases-de-cartao\/\">BALLO375BLNA<\/a><\/span><\/p>\n<p>&nbsp;<\/p>\n<p><!--more--><\/p>\n<p>Este produto tamb\u00e9m est\u00e1 dispon\u00edvel em diferentes cores: <span style=\"color: #d12727;\"><a style=\"color: #d12727;\" href=\"https:\/\/www.csj-emballages.com\/pt-pt\/produit\/25-caixas-de-cacau-de-luxo-de-250-gramas-com-fundo-de-cartao\/\">Cacau<\/a><\/span> \/ <span style=\"color: #d12727;\"><a style=\"color: #d12727;\" href=\"https:\/\/www.csj-emballages.com\/pt-pt\/produit\/25-caixas-de-cartao-kraft-250-gramas\/\">Kraft<\/a><\/span> \/ <span style=\"color: #d12727;\"><a style=\"color: #d12727;\" href=\"https:\/\/www.csj-emballages.com\/pt-pt\/produit\/25-caixas-de-ouro-250-gramas-com-base-de-cartao\/\">dourado<\/a><\/span> \/ <span style=\"color: #d12727;\"><a style=\"color: #d12727;\" href=\"https:\/\/www.csj-emballages.com\/pt-pt\/produit\/25-caixas-de-rubis-de-luxo-250-gramas-com-base-de-cartao\/\">Rubi<\/a><\/span><\/p>\n<p>&nbsp;<\/p>\n<p><!--more--><\/p>\n<p><a href=\"https:\/\/www.csj-emballages.com\/pt-pt\/categorie-produit\/embalagem-de-alimentos\/padaria-e-pastelaria\/caixas-e-estojos\/caixas\/\">Ver o resto da nossa gama de urnas de voto<\/a><\/p>\n","protected":false},"excerpt":{"rendered":"<p>Caixa branca Descri\u00e7\u00e3o do nosso ballotin branco p\u00e9rola 250 gramas com base de cart\u00e3o, 25 unidades<\/p>\n","protected":false},"featured_media":242157,"template":"","meta":{"_acf_changed":false},"product_brand":[],"product_cat":[1141,1177,2058,2088],"product_tag":[],"class_list":{"0":"post-19329","1":"product","2":"type-product","3":"status-publish","4":"has-post-thumbnail","6":"product_cat-embalagem-de-alimentos","7":"product_cat-padaria-e-pastelaria","8":"product_cat-caixas","9":"product_cat-caixas-brancas-peroladas","11":"first","12":"outofstock","13":"taxable","14":"shipping-taxable","15":"purchasable","16":"product-type-simple"},"acf":[],"yoast_head":"<!-- This site is optimized with the Yoast SEO Premium plugin v26.6 (Yoast SEO v26.6) - https:\/\/yoast.com\/wordpress\/plugins\/seo\/ -->\n<title>Ballotin branco perolado 250 gramas com base de cart\u00e3o, 25 por caixa<\/title>\n<meta name=\"description\" content=\"Elegante caixa branca perolada de 250 g com base em cart\u00e3o, vendida em embalagens de 25 unidades. Ideal para chocolates e produtos de confeitaria, chique e pr\u00e1tica para a sua embalagem.\" \/>\n<meta name=\"robots\" content=\"index, follow, max-snippet:-1, max-image-preview:large, max-video-preview:-1\" \/>\n<link rel=\"canonical\" href=\"https:\/\/www.csj-emballages.com\/pt-pt\/produit\/25-caixas-brancas-peroladas-de-250-gramas-com-base-de-cartao\/\" \/>\n<meta property=\"og:locale\" content=\"pt_PT\" \/>\n<meta property=\"og:type\" content=\"article\" \/>\n<meta property=\"og:title\" content=\"Balotina branca perolada 250 gramas com base de cart\u00e3o, embalagem de 25\" \/>\n<meta property=\"og:description\" content=\"Elegante caixa branca perolada de 250 g com base em cart\u00e3o, vendida em embalagens de 25 unidades. Ideal para chocolates e produtos de confeitaria, chique e pr\u00e1tica para a sua embalagem.\" \/>\n<meta property=\"og:url\" content=\"https:\/\/www.csj-emballages.com\/pt-pt\/produit\/25-caixas-brancas-peroladas-de-250-gramas-com-base-de-cartao\/\" \/>\n<meta property=\"og:site_name\" content=\"CSJ Emballages\" \/>\n<meta property=\"article:publisher\" content=\"https:\/\/www.facebook.com\/csjemballages\" \/>\n<meta property=\"article:modified_time\" content=\"2026-02-13T01:11:05+00:00\" \/>\n<meta property=\"og:image\" content=\"https:\/\/www.csj-emballages.com\/wp-content\/uploads\/2024\/03\/BALLO250BLNA.webp\" \/>\n\t<meta property=\"og:image:width\" content=\"800\" \/>\n\t<meta property=\"og:image:height\" content=\"800\" \/>\n\t<meta property=\"og:image:type\" content=\"image\/webp\" \/>\n<meta name=\"twitter:card\" content=\"summary_large_image\" \/>\n<meta name=\"twitter:label1\" content=\"Tempo estimado de leitura\" \/>\n\t<meta name=\"twitter:data1\" content=\"2 minutos\" \/>\n<script type=\"application\/ld+json\" class=\"yoast-schema-graph\">{\"@context\":\"https:\/\/schema.org\",\"@graph\":[{\"@type\":\"WebPage\",\"@id\":\"https:\/\/www.csj-emballages.com\/pt-pt\/produit\/25-caixas-brancas-peroladas-de-250-gramas-com-base-de-cartao\/\",\"url\":\"https:\/\/www.csj-emballages.com\/pt-pt\/produit\/25-caixas-brancas-peroladas-de-250-gramas-com-base-de-cartao\/\",\"name\":\"Ballotin branco perolado 250 gramas com base de cart\u00e3o, 25 por caixa\",\"isPartOf\":{\"@id\":\"https:\/\/www.csj-emballages.com\/pt-pt\/#website\"},\"primaryImageOfPage\":{\"@id\":\"https:\/\/www.csj-emballages.com\/pt-pt\/produit\/25-caixas-brancas-peroladas-de-250-gramas-com-base-de-cartao\/#primaryimage\"},\"image\":{\"@id\":\"https:\/\/www.csj-emballages.com\/pt-pt\/produit\/25-caixas-brancas-peroladas-de-250-gramas-com-base-de-cartao\/#primaryimage\"},\"thumbnailUrl\":\"https:\/\/www.csj-emballages.com\/wp-content\/uploads\/2024\/03\/BALLO250BLNA.webp\",\"datePublished\":\"2024-03-01T15:57:22+00:00\",\"dateModified\":\"2026-02-13T01:11:05+00:00\",\"description\":\"Elegante caixa branca perolada de 250 g com base em cart\u00e3o, vendida em embalagens de 25 unidades. Ideal para chocolates e produtos de confeitaria, chique e pr\u00e1tica para a sua embalagem.\",\"breadcrumb\":{\"@id\":\"https:\/\/www.csj-emballages.com\/pt-pt\/produit\/25-caixas-brancas-peroladas-de-250-gramas-com-base-de-cartao\/#breadcrumb\"},\"inLanguage\":\"pt-PT\",\"potentialAction\":[{\"@type\":\"ReadAction\",\"target\":[\"https:\/\/www.csj-emballages.com\/pt-pt\/produit\/25-caixas-brancas-peroladas-de-250-gramas-com-base-de-cartao\/\"]}]},{\"@type\":\"ImageObject\",\"inLanguage\":\"pt-PT\",\"@id\":\"https:\/\/www.csj-emballages.com\/pt-pt\/produit\/25-caixas-brancas-peroladas-de-250-gramas-com-base-de-cartao\/#primaryimage\",\"url\":\"https:\/\/www.csj-emballages.com\/wp-content\/uploads\/2024\/03\/BALLO250BLNA.webp\",\"contentUrl\":\"https:\/\/www.csj-emballages.com\/wp-content\/uploads\/2024\/03\/BALLO250BLNA.webp\",\"width\":800,\"height\":800,\"caption\":\"Ballotin blanc\"},{\"@type\":\"BreadcrumbList\",\"@id\":\"https:\/\/www.csj-emballages.com\/pt-pt\/produit\/25-caixas-brancas-peroladas-de-250-gramas-com-base-de-cartao\/#breadcrumb\",\"itemListElement\":[{\"@type\":\"ListItem\",\"position\":1,\"name\":\"Acolhimento\",\"item\":\"https:\/\/www.csj-emballages.com\/pt-pt\/universo-das-embalagens-alimentares\/\"},{\"@type\":\"ListItem\",\"position\":2,\"name\":\"Shop\",\"item\":\"https:\/\/www.csj-emballages.com\/shop\/\"},{\"@type\":\"ListItem\",\"position\":3,\"name\":\"Balotina branca perolada 250 gramas com base de cart\u00e3o, embalagem de 25\"}]},{\"@type\":\"WebSite\",\"@id\":\"https:\/\/www.csj-emballages.com\/pt-pt\/#website\",\"url\":\"https:\/\/www.csj-emballages.com\/pt-pt\/\",\"name\":\"CSJ Emballages\",\"description\":\"\",\"publisher\":{\"@id\":\"https:\/\/www.csj-emballages.com\/pt-pt\/#organization\"},\"potentialAction\":[{\"@type\":\"SearchAction\",\"target\":{\"@type\":\"EntryPoint\",\"urlTemplate\":\"https:\/\/www.csj-emballages.com\/pt-pt\/?s={search_term_string}\"},\"query-input\":{\"@type\":\"PropertyValueSpecification\",\"valueRequired\":true,\"valueName\":\"search_term_string\"}}],\"inLanguage\":\"pt-PT\"},{\"@type\":\"Organization\",\"@id\":\"https:\/\/www.csj-emballages.com\/pt-pt\/#Organization\/\",\"name\":\"CSJ Emballages\",\"url\":\"https:\/\/www.csj-emballages.com\/pt-pt\/\",\"logo\":{\"@type\":\"ImageObject\",\"inLanguage\":\"pt-PT\",\"@id\":\"https:\/\/www.csj-emballages.com\/pt-pt\/#\/schema\/logo\/image\/\",\"url\":\"https:\/\/www.csj-emballages.com\/wp-content\/uploads\/2023\/10\/logo_csj.webp\",\"contentUrl\":\"https:\/\/www.csj-emballages.com\/wp-content\/uploads\/2023\/10\/logo_csj.webp\",\"width\":250,\"height\":95,\"caption\":\"CSJ Emballages\"},\"image\":{\"@id\":\"https:\/\/www.csj-emballages.com\/pt-pt\/#\/schema\/logo\/image\/\"},\"sameAs\":[\"https:\/\/www.facebook.com\/csjemballages\"],\"address\":{\"@type\":\"PostalAddress\",\"streetAddress\":\"ZI La Lechere\",\"addressLocality\":\"Patornay\",\"postalCode\":\"39130\",\"addressCountry\":\"FR\"},\"contactPoint\":[{\"@type\":\"ContactPoint\",\"contactType\":\"Service client\",\"telephone\":\"0384254272\",\"email\":\"contact@csj-emballages.com\"}]}]}<\/script>\n<!-- \/ Yoast SEO Premium plugin. -->","yoast_head_json":{"title":"Ballotin branco perolado 250 gramas com base de cart\u00e3o, 25 por caixa","description":"Elegante caixa branca perolada de 250 g com base em cart\u00e3o, vendida em embalagens de 25 unidades. Ideal para chocolates e produtos de confeitaria, chique e pr\u00e1tica para a sua embalagem.","robots":{"index":"index","follow":"follow","max-snippet":"max-snippet:-1","max-image-preview":"max-image-preview:large","max-video-preview":"max-video-preview:-1"},"canonical":"https:\/\/www.csj-emballages.com\/pt-pt\/produit\/25-caixas-brancas-peroladas-de-250-gramas-com-base-de-cartao\/","og_locale":"pt_PT","og_type":"article","og_title":"Balotina branca perolada 250 gramas com base de cart\u00e3o, embalagem de 25","og_description":"Elegante caixa branca perolada de 250 g com base em cart\u00e3o, vendida em embalagens de 25 unidades. Ideal para chocolates e produtos de confeitaria, chique e pr\u00e1tica para a sua embalagem.","og_url":"https:\/\/www.csj-emballages.com\/pt-pt\/produit\/25-caixas-brancas-peroladas-de-250-gramas-com-base-de-cartao\/","og_site_name":"CSJ Emballages","article_publisher":"https:\/\/www.facebook.com\/csjemballages","article_modified_time":"2026-02-13T01:11:05+00:00","og_image":[{"width":800,"height":800,"url":"https:\/\/www.csj-emballages.com\/wp-content\/uploads\/2024\/03\/BALLO250BLNA.webp","type":"image\/webp"}],"twitter_card":"summary_large_image","twitter_misc":{"Tempo estimado de leitura":"2 minutos"},"schema":{"@context":"https:\/\/schema.org","@graph":[{"@type":"WebPage","@id":"https:\/\/www.csj-emballages.com\/pt-pt\/produit\/25-caixas-brancas-peroladas-de-250-gramas-com-base-de-cartao\/","url":"https:\/\/www.csj-emballages.com\/pt-pt\/produit\/25-caixas-brancas-peroladas-de-250-gramas-com-base-de-cartao\/","name":"Ballotin branco perolado 250 gramas com base de cart\u00e3o, 25 por caixa","isPartOf":{"@id":"https:\/\/www.csj-emballages.com\/pt-pt\/#website"},"primaryImageOfPage":{"@id":"https:\/\/www.csj-emballages.com\/pt-pt\/produit\/25-caixas-brancas-peroladas-de-250-gramas-com-base-de-cartao\/#primaryimage"},"image":{"@id":"https:\/\/www.csj-emballages.com\/pt-pt\/produit\/25-caixas-brancas-peroladas-de-250-gramas-com-base-de-cartao\/#primaryimage"},"thumbnailUrl":"https:\/\/www.csj-emballages.com\/wp-content\/uploads\/2024\/03\/BALLO250BLNA.webp","datePublished":"2024-03-01T15:57:22+00:00","dateModified":"2026-02-13T01:11:05+00:00","description":"Elegante caixa branca perolada de 250 g com base em cart\u00e3o, vendida em embalagens de 25 unidades. Ideal para chocolates e produtos de confeitaria, chique e pr\u00e1tica para a sua embalagem.","breadcrumb":{"@id":"https:\/\/www.csj-emballages.com\/pt-pt\/produit\/25-caixas-brancas-peroladas-de-250-gramas-com-base-de-cartao\/#breadcrumb"},"inLanguage":"pt-PT","potentialAction":[{"@type":"ReadAction","target":["https:\/\/www.csj-emballages.com\/pt-pt\/produit\/25-caixas-brancas-peroladas-de-250-gramas-com-base-de-cartao\/"]}]},{"@type":"ImageObject","inLanguage":"pt-PT","@id":"https:\/\/www.csj-emballages.com\/pt-pt\/produit\/25-caixas-brancas-peroladas-de-250-gramas-com-base-de-cartao\/#primaryimage","url":"https:\/\/www.csj-emballages.com\/wp-content\/uploads\/2024\/03\/BALLO250BLNA.webp","contentUrl":"https:\/\/www.csj-emballages.com\/wp-content\/uploads\/2024\/03\/BALLO250BLNA.webp","width":800,"height":800,"caption":"Ballotin blanc"},{"@type":"BreadcrumbList","@id":"https:\/\/www.csj-emballages.com\/pt-pt\/produit\/25-caixas-brancas-peroladas-de-250-gramas-com-base-de-cartao\/#breadcrumb","itemListElement":[{"@type":"ListItem","position":1,"name":"Acolhimento","item":"https:\/\/www.csj-emballages.com\/pt-pt\/universo-das-embalagens-alimentares\/"},{"@type":"ListItem","position":2,"name":"Shop","item":"https:\/\/www.csj-emballages.com\/shop\/"},{"@type":"ListItem","position":3,"name":"Balotina branca perolada 250 gramas com base de cart\u00e3o, embalagem de 25"}]},{"@type":"WebSite","@id":"https:\/\/www.csj-emballages.com\/pt-pt\/#website","url":"https:\/\/www.csj-emballages.com\/pt-pt\/","name":"CSJ Emballages","description":"","publisher":{"@id":"https:\/\/www.csj-emballages.com\/pt-pt\/#organization"},"potentialAction":[{"@type":"SearchAction","target":{"@type":"EntryPoint","urlTemplate":"https:\/\/www.csj-emballages.com\/pt-pt\/?s={search_term_string}"},"query-input":{"@type":"PropertyValueSpecification","valueRequired":true,"valueName":"search_term_string"}}],"inLanguage":"pt-PT"},{"@type":"Organization","@id":"https:\/\/www.csj-emballages.com\/pt-pt\/#Organization\/","name":"CSJ Emballages","url":"https:\/\/www.csj-emballages.com\/pt-pt\/","logo":{"@type":"ImageObject","inLanguage":"pt-PT","@id":"https:\/\/www.csj-emballages.com\/pt-pt\/#\/schema\/logo\/image\/","url":"https:\/\/www.csj-emballages.com\/wp-content\/uploads\/2023\/10\/logo_csj.webp","contentUrl":"https:\/\/www.csj-emballages.com\/wp-content\/uploads\/2023\/10\/logo_csj.webp","width":250,"height":95,"caption":"CSJ Emballages"},"image":{"@id":"https:\/\/www.csj-emballages.com\/pt-pt\/#\/schema\/logo\/image\/"},"sameAs":["https:\/\/www.facebook.com\/csjemballages"],"address":{"@type":"PostalAddress","streetAddress":"ZI La Lechere","addressLocality":"Patornay","postalCode":"39130","addressCountry":"FR"},"contactPoint":[{"@type":"ContactPoint","contactType":"Service client","telephone":"0384254272","email":"contact@csj-emballages.com"}]}]}},"df_price":11.69,"df_sale_price":"","df_regular_price":11.69,"df_image_link":"https:\/\/www.csj-emballages.com\/wp-content\/uploads\/2024\/03\/BALLO250BLNA-300x300.webp","tiered_pricing_type":"fixed","tiered_pricing_fixed_rules":[],"tiered_pricing_percentage_rules":[],"tiered_pricing_minimum":1,"tiered_pricing_roles_data":[],"_links":{"self":[{"href":"https:\/\/www.csj-emballages.com\/pt-pt\/wp-json\/wp\/v2\/product\/19329","targetHints":{"allow":["GET"]}}],"collection":[{"href":"https:\/\/www.csj-emballages.com\/pt-pt\/wp-json\/wp\/v2\/product"}],"about":[{"href":"https:\/\/www.csj-emballages.com\/pt-pt\/wp-json\/wp\/v2\/types\/product"}],"wp:featuredmedia":[{"embeddable":true,"href":"https:\/\/www.csj-emballages.com\/pt-pt\/wp-json\/wp\/v2\/media\/242157"}],"wp:attachment":[{"href":"https:\/\/www.csj-emballages.com\/pt-pt\/wp-json\/wp\/v2\/media?parent=19329"}],"wp:term":[{"taxonomy":"product_brand","embeddable":true,"href":"https:\/\/www.csj-emballages.com\/pt-pt\/wp-json\/wp\/v2\/product_brand?post=19329"},{"taxonomy":"product_cat","embeddable":true,"href":"https:\/\/www.csj-emballages.com\/pt-pt\/wp-json\/wp\/v2\/product_cat?post=19329"},{"taxonomy":"product_tag","embeddable":true,"href":"https:\/\/www.csj-emballages.com\/pt-pt\/wp-json\/wp\/v2\/product_tag?post=19329"}],"curies":[{"name":"wp","href":"https:\/\/api.w.org\/{rel}","templated":true}]}}