{"id":19304,"date":"2024-03-01T16:57:22","date_gmt":"2024-03-01T15:57:22","guid":{"rendered":"https:\/\/u15jnbdpoq.preview.infomaniak.website\/produit\/25-caixas-de-rubis-de-luxo-250-gramas-com-base-de-cartao\/"},"modified":"2026-03-12T16:11:03","modified_gmt":"2026-03-12T15:11:03","slug":"25-caixas-de-rubis-de-luxo-250-gramas-com-base-de-cartao","status":"publish","type":"product","link":"https:\/\/www.csj-emballages.com\/pt-pt\/produit\/25-caixas-de-rubis-de-luxo-250-gramas-com-base-de-cartao\/","title":{"rendered":"Balotina rubi de luxo 250 gramas com base de cart\u00e3o, embalagem de 25"},"content":{"rendered":"<h2>Caixa de rubi<\/h2>\n<hr>\n<h3>Descri\u00e7\u00e3o da nossa caixa de rubis 250 gramas com base de cart\u00e3o, 25 unidades<\/h3>\n<p><!--more--><\/p>\n<p data-start=\"95\" data-end=\"627\">Ofere\u00e7a uma apresenta\u00e7\u00e3o elegante e requintada aos seus <strong>chocolates, doces ou pequenos presentes gourmet<\/strong> com a nossa <strong data-start=\"208\" data-end=\"268\">embalagem bombom rubi de 250 gramas com fundo de cart\u00e3o por 25 unidades<\/strong>. Concebida especialmente para artes\u00e3os de chocolate, pasteleiros e comerciantes que desejam valorizar as suas cria\u00e7\u00f5es, esta <strong>embalagem bombom vermelha<\/strong> alia praticidade e est\u00e9tica. O seu acabamento em <strong>rubi<\/strong> confere-lhe um <strong>brilho subtil<\/strong> e <strong>festivo<\/strong>, ideal para \u00e9pocas festivas como o Natal, a P\u00e1scoa, o Dia dos Namorados ou mesmo casamentos e eventos empresariais.<\/p>\n<p data-start=\"629\" data-end=\"1004\">Com uma capacidade de <strong data-start=\"650\" data-end=\"665\">250 gramas<\/strong>, esta <strong>embalagem bombom<\/strong> permite acondicionar uma sele\u00e7\u00e3o requintada de <strong>chocolates<\/strong> ou de <strong>doces variados<\/strong>. O <strong data-start=\"756\" data-end=\"780\">fundo de cart\u00e3o refor\u00e7ado<\/strong> garante uma excelente estabilidade e uma boa resist\u00eancia ao peso, preservando os seus produtos durante o transporte. A qualidade do <strong>cart\u00e3o<\/strong> garante tamb\u00e9m uma prote\u00e7\u00e3o ideal contra a humidade e os choques ligeiros.<\/p>\n<p data-start=\"1006\" data-end=\"1364\">Acondicionada <strong data-start=\"1018\" data-end=\"1035\">em lote de 25 unidades<\/strong>, esta <strong>embalagem bombom<\/strong> \u00e9 uma escolha pr\u00e1tica e econ\u00f3mica para os profissionais que desejam dispor de um stock adaptado \u00e0s necessidades di\u00e1rias da sua loja. F\u00e1cil de montar, permite poupar tempo na prepara\u00e7\u00e3o das encomendas e adapta-se a diferentes estilos de fitas ou etiquetas para uma personaliza\u00e7\u00e3o \u00fanica.<\/p>\n<p data-start=\"1366\" data-end=\"1637\">Seja artes\u00e3o, revendedor ou organizador de eventos, a <strong data-start=\"1433\" data-end=\"1463\">embalagem bombom rubi de 250 g<\/strong> dar\u00e1 um toque elegante e profissional \u00e0s suas embalagens. A sua sobriedade elegante valorizar\u00e1 as suas cria\u00e7\u00f5es, refor\u00e7ando a imagem de qualidade da sua marca.<\/p>\n<p data-start=\"1423\" data-end=\"1694\"><!--more--><\/p>\n<h4 data-start=\"1423\" data-end=\"1694\">Vantagens :<\/h4>\n<ul>\n<li data-start=\"1423\" data-end=\"1694\">Um <strong data-start=\"1857\" data-end=\"1876\">acabamento rubi<\/strong> elegante e festivo para valorizar os seus produtos.<\/li>\n<li data-start=\"1423\" data-end=\"1694\"><strong data-start=\"1928\" data-end=\"1946\">Capacidade de 250 g<\/strong>, ideal para chocolates e produtos de confeitaria.<\/li>\n<li data-start=\"1423\" data-end=\"1694\">Base em cart\u00e3o refor\u00e7ado para maior estabilidade e resist\u00eancia.<\/li>\n<li data-start=\"1423\" data-end=\"1694\"><strong data-start=\"2061\" data-end=\"2083\">Embalados em pacotes de 25 unidades<\/strong>, pr\u00e1ticos e econ\u00f3micos para os profissionais.<\/li>\n<li data-start=\"1423\" data-end=\"1694\">F\u00e1cil de personalizar com <span style=\"color: #d12727;\"><a style=\"color: #d12727;\" href=\"https:\/\/www.csj-emballages.com\/pt-pt\/categorie-produit\/embalagem-de-alimentos\/padaria-e-pastelaria\/acessorios-e-equipamentos\/acessorios-decorativos\/\">fitas<\/a><\/span>, <span style=\"color: #d12727;\"><a style=\"color: #d12727;\" href=\"https:\/\/www.csj-emballages.com\/pt-pt\/categorie-produit\/embalagem-de-alimentos\/padaria-e-pastelaria\/acessorios-e-equipamentos\/etiquetas\/\">etiquetas<\/a><\/span> ou autocolantes.<\/li>\n<li data-start=\"1423\" data-end=\"1694\">Perfeito para eventos, festas e presentes gourmet<strong data-start=\"2230\" data-end=\"2272\">.<\/strong><\/li>\n<\/ul>\n<p>&nbsp;<\/p>\n<p><!--more--><\/p>\n<h4>Outras informa\u00e7\u00f5es :<\/h4>\n<ul style=\"box-sizing: inherit; font-family: Roboto, sans-serif;\">\n<li><strong>Embalagem<\/strong>: Pacote de 25<\/li>\n<li><strong>Dimens\u00f5es<\/strong>: 110 x 58 x 60 mm (C x L x A em mm)<\/li>\n<li><strong>Material<\/strong>: Cart\u00e3o<\/li>\n<li><strong>Cor<\/strong>: Rubi<\/li>\n<li><strong>Capacidade<\/strong>: 250g<\/li>\n<\/ul>\n<p>&nbsp;<\/p>\n<p><!--more--><\/p>\n<p>Encontre aqui o nosso ballotin rubi de 375g: <span style=\"color: #d12727;\"><a style=\"color: #d12727;\" href=\"https:\/\/www.csj-emballages.com\/produit\/25-boites-ballotins-carton-rubis-luxe-375-grammes\/\">BALLO375RUBI<\/a><\/span><\/p>\n<p>&nbsp;<\/p>\n<p><!--more--><\/p>\n<p>Este produto tamb\u00e9m est\u00e1 dispon\u00edvel em diferentes cores: <span style=\"color: #d12727;\"><a style=\"color: #d12727;\" href=\"https:\/\/www.csj-emballages.com\/es\/produit\/25-cajas-blancas-nacaradas-de-250-gramos-con-base-de-carton\/\">Branco perolado<\/a><\/span> \/ <span style=\"color: #d12727;\"><a style=\"color: #d12727;\" href=\"https:\/\/www.csj-emballages.com\/produit\/25-boites-ballotins-carton-kraft-250-grammes\/\">Kraft<\/a><\/span> \/ <span style=\"color: #d12727;\"><a style=\"color: #d12727;\" href=\"https:\/\/www.csj-emballages.com\/produit\/25-ballotin-cacao-luxe-250-grammes-avec-fond-carton\/\">Cacau<\/a><\/span> \/ <span style=\"color: #d12727;\"><a style=\"color: #d12727;\" href=\"https:\/\/www.csj-emballages.com\/produit\/25-ballotin-or-250-grammes-avec-fond-carton\/\">dourado<\/a><\/span><\/p>\n<p>&nbsp;<\/p>\n<p><!--more--><\/p>\n<p><a href=\"https:\/\/www.csj-emballages.com\/pt-pt\/categorie-produit\/embalagem-de-alimentos\/padaria-e-pastelaria\/caixas-e-estojos\/caixas\/\">Ver o resto da nossa gama de urnas de voto<\/a><\/p>\n","protected":false},"excerpt":{"rendered":"<p>Caixa de rubi Descri\u00e7\u00e3o da nossa caixa de rubis 250 gramas com base de cart\u00e3o, 25 unidades<\/p>\n","protected":false},"featured_media":242253,"template":"","meta":{"_acf_changed":false},"product_brand":[],"product_cat":[1141,1177,2058,2064,1267],"product_tag":[],"class_list":{"0":"post-19304","1":"product","2":"type-product","3":"status-publish","4":"has-post-thumbnail","6":"product_cat-embalagem-de-alimentos","7":"product_cat-padaria-e-pastelaria","8":"product_cat-caixas","9":"product_cat-caixas-de-rubis-de-luxo","10":"product_cat-descontos-promocoes","12":"first","13":"instock","14":"sale","15":"taxable","16":"shipping-taxable","17":"purchasable","18":"product-type-simple"},"acf":[],"yoast_head":"<!-- This site is optimized with the Yoast SEO Premium plugin v26.6 (Yoast SEO v26.6) - https:\/\/yoast.com\/wordpress\/plugins\/seo\/ -->\n<title>Rubi de 250 gramas com verso em cart\u00e3o, 25 por caixa<\/title>\n<meta name=\"description\" content=\"Elegante embalagem bombom rubi de 250 g com fundo de cart\u00e3o, vendido em embalagens de 25 unidades. Ideal para chocolates e doces, elegante e pr\u00e1tico para as suas embalagens.\" \/>\n<meta name=\"robots\" content=\"index, follow, max-snippet:-1, max-image-preview:large, max-video-preview:-1\" \/>\n<link rel=\"canonical\" href=\"https:\/\/www.csj-emballages.com\/pt-pt\/produit\/25-caixas-de-rubis-de-luxo-250-gramas-com-base-de-cartao\/\" \/>\n<meta property=\"og:locale\" content=\"pt_PT\" \/>\n<meta property=\"og:type\" content=\"article\" \/>\n<meta property=\"og:title\" content=\"Balotina rubi de luxo 250 gramas com base de cart\u00e3o, embalagem de 25\" \/>\n<meta property=\"og:description\" content=\"Elegante embalagem bombom rubi de 250 g com fundo de cart\u00e3o, vendido em embalagens de 25 unidades. Ideal para chocolates e doces, elegante e pr\u00e1tico para as suas embalagens.\" \/>\n<meta property=\"og:url\" content=\"https:\/\/www.csj-emballages.com\/pt-pt\/produit\/25-caixas-de-rubis-de-luxo-250-gramas-com-base-de-cartao\/\" \/>\n<meta property=\"og:site_name\" content=\"CSJ Emballages\" \/>\n<meta property=\"article:publisher\" content=\"https:\/\/www.facebook.com\/csjemballages\" \/>\n<meta property=\"article:modified_time\" content=\"2026-03-12T15:11:03+00:00\" \/>\n<meta property=\"og:image\" content=\"https:\/\/www.csj-emballages.com\/wp-content\/uploads\/2024\/03\/BALLO250RUBI.webp\" \/>\n\t<meta property=\"og:image:width\" content=\"800\" \/>\n\t<meta property=\"og:image:height\" content=\"800\" \/>\n\t<meta property=\"og:image:type\" content=\"image\/webp\" \/>\n<meta name=\"twitter:card\" content=\"summary_large_image\" \/>\n<meta name=\"twitter:label1\" content=\"Tempo estimado de leitura\" \/>\n\t<meta name=\"twitter:data1\" content=\"2 minutos\" \/>\n<script type=\"application\/ld+json\" class=\"yoast-schema-graph\">{\"@context\":\"https:\/\/schema.org\",\"@graph\":[{\"@type\":\"WebPage\",\"@id\":\"https:\/\/www.csj-emballages.com\/pt-pt\/produit\/25-caixas-de-rubis-de-luxo-250-gramas-com-base-de-cartao\/\",\"url\":\"https:\/\/www.csj-emballages.com\/pt-pt\/produit\/25-caixas-de-rubis-de-luxo-250-gramas-com-base-de-cartao\/\",\"name\":\"Rubi de 250 gramas com verso em cart\u00e3o, 25 por caixa\",\"isPartOf\":{\"@id\":\"https:\/\/www.csj-emballages.com\/pt-pt\/#website\"},\"primaryImageOfPage\":{\"@id\":\"https:\/\/www.csj-emballages.com\/pt-pt\/produit\/25-caixas-de-rubis-de-luxo-250-gramas-com-base-de-cartao\/#primaryimage\"},\"image\":{\"@id\":\"https:\/\/www.csj-emballages.com\/pt-pt\/produit\/25-caixas-de-rubis-de-luxo-250-gramas-com-base-de-cartao\/#primaryimage\"},\"thumbnailUrl\":\"https:\/\/www.csj-emballages.com\/wp-content\/uploads\/2024\/03\/BALLO250RUBI.webp\",\"datePublished\":\"2024-03-01T15:57:22+00:00\",\"dateModified\":\"2026-03-12T15:11:03+00:00\",\"description\":\"Elegante embalagem bombom rubi de 250 g com fundo de cart\u00e3o, vendido em embalagens de 25 unidades. Ideal para chocolates e doces, elegante e pr\u00e1tico para as suas embalagens.\",\"breadcrumb\":{\"@id\":\"https:\/\/www.csj-emballages.com\/pt-pt\/produit\/25-caixas-de-rubis-de-luxo-250-gramas-com-base-de-cartao\/#breadcrumb\"},\"inLanguage\":\"pt-PT\",\"potentialAction\":[{\"@type\":\"ReadAction\",\"target\":[\"https:\/\/www.csj-emballages.com\/pt-pt\/produit\/25-caixas-de-rubis-de-luxo-250-gramas-com-base-de-cartao\/\"]}]},{\"@type\":\"ImageObject\",\"inLanguage\":\"pt-PT\",\"@id\":\"https:\/\/www.csj-emballages.com\/pt-pt\/produit\/25-caixas-de-rubis-de-luxo-250-gramas-com-base-de-cartao\/#primaryimage\",\"url\":\"https:\/\/www.csj-emballages.com\/wp-content\/uploads\/2024\/03\/BALLO250RUBI.webp\",\"contentUrl\":\"https:\/\/www.csj-emballages.com\/wp-content\/uploads\/2024\/03\/BALLO250RUBI.webp\",\"width\":800,\"height\":800,\"caption\":\"Ballotin rubis\"},{\"@type\":\"BreadcrumbList\",\"@id\":\"https:\/\/www.csj-emballages.com\/pt-pt\/produit\/25-caixas-de-rubis-de-luxo-250-gramas-com-base-de-cartao\/#breadcrumb\",\"itemListElement\":[{\"@type\":\"ListItem\",\"position\":1,\"name\":\"Acolhimento\",\"item\":\"https:\/\/www.csj-emballages.com\/pt-pt\/universo-das-embalagens-alimentares\/\"},{\"@type\":\"ListItem\",\"position\":2,\"name\":\"Shop\",\"item\":\"https:\/\/www.csj-emballages.com\/shop\/\"},{\"@type\":\"ListItem\",\"position\":3,\"name\":\"Balotina rubi de luxo 250 gramas com base de cart\u00e3o, embalagem de 25\"}]},{\"@type\":\"WebSite\",\"@id\":\"https:\/\/www.csj-emballages.com\/pt-pt\/#website\",\"url\":\"https:\/\/www.csj-emballages.com\/pt-pt\/\",\"name\":\"CSJ Emballages\",\"description\":\"\",\"publisher\":{\"@id\":\"https:\/\/www.csj-emballages.com\/pt-pt\/#organization\"},\"potentialAction\":[{\"@type\":\"SearchAction\",\"target\":{\"@type\":\"EntryPoint\",\"urlTemplate\":\"https:\/\/www.csj-emballages.com\/pt-pt\/?s={search_term_string}\"},\"query-input\":{\"@type\":\"PropertyValueSpecification\",\"valueRequired\":true,\"valueName\":\"search_term_string\"}}],\"inLanguage\":\"pt-PT\"},{\"@type\":\"Organization\",\"@id\":\"https:\/\/www.csj-emballages.com\/pt-pt\/#Organization\/\",\"name\":\"CSJ Emballages\",\"url\":\"https:\/\/www.csj-emballages.com\/pt-pt\/\",\"logo\":{\"@type\":\"ImageObject\",\"inLanguage\":\"pt-PT\",\"@id\":\"https:\/\/www.csj-emballages.com\/pt-pt\/#\/schema\/logo\/image\/\",\"url\":\"https:\/\/www.csj-emballages.com\/wp-content\/uploads\/2023\/10\/logo_csj.webp\",\"contentUrl\":\"https:\/\/www.csj-emballages.com\/wp-content\/uploads\/2023\/10\/logo_csj.webp\",\"width\":250,\"height\":95,\"caption\":\"CSJ Emballages\"},\"image\":{\"@id\":\"https:\/\/www.csj-emballages.com\/pt-pt\/#\/schema\/logo\/image\/\"},\"sameAs\":[\"https:\/\/www.facebook.com\/csjemballages\"],\"address\":{\"@type\":\"PostalAddress\",\"streetAddress\":\"ZI La Lechere\",\"addressLocality\":\"Patornay\",\"postalCode\":\"39130\",\"addressCountry\":\"FR\"},\"contactPoint\":[{\"@type\":\"ContactPoint\",\"contactType\":\"Service client\",\"telephone\":\"0384254272\",\"email\":\"contact@csj-emballages.com\"}]}]}<\/script>\n<!-- \/ Yoast SEO Premium plugin. -->","yoast_head_json":{"title":"Rubi de 250 gramas com verso em cart\u00e3o, 25 por caixa","description":"Elegante embalagem bombom rubi de 250 g com fundo de cart\u00e3o, vendido em embalagens de 25 unidades. Ideal para chocolates e doces, elegante e pr\u00e1tico para as suas embalagens.","robots":{"index":"index","follow":"follow","max-snippet":"max-snippet:-1","max-image-preview":"max-image-preview:large","max-video-preview":"max-video-preview:-1"},"canonical":"https:\/\/www.csj-emballages.com\/pt-pt\/produit\/25-caixas-de-rubis-de-luxo-250-gramas-com-base-de-cartao\/","og_locale":"pt_PT","og_type":"article","og_title":"Balotina rubi de luxo 250 gramas com base de cart\u00e3o, embalagem de 25","og_description":"Elegante embalagem bombom rubi de 250 g com fundo de cart\u00e3o, vendido em embalagens de 25 unidades. Ideal para chocolates e doces, elegante e pr\u00e1tico para as suas embalagens.","og_url":"https:\/\/www.csj-emballages.com\/pt-pt\/produit\/25-caixas-de-rubis-de-luxo-250-gramas-com-base-de-cartao\/","og_site_name":"CSJ Emballages","article_publisher":"https:\/\/www.facebook.com\/csjemballages","article_modified_time":"2026-03-12T15:11:03+00:00","og_image":[{"width":800,"height":800,"url":"https:\/\/www.csj-emballages.com\/wp-content\/uploads\/2024\/03\/BALLO250RUBI.webp","type":"image\/webp"}],"twitter_card":"summary_large_image","twitter_misc":{"Tempo estimado de leitura":"2 minutos"},"schema":{"@context":"https:\/\/schema.org","@graph":[{"@type":"WebPage","@id":"https:\/\/www.csj-emballages.com\/pt-pt\/produit\/25-caixas-de-rubis-de-luxo-250-gramas-com-base-de-cartao\/","url":"https:\/\/www.csj-emballages.com\/pt-pt\/produit\/25-caixas-de-rubis-de-luxo-250-gramas-com-base-de-cartao\/","name":"Rubi de 250 gramas com verso em cart\u00e3o, 25 por caixa","isPartOf":{"@id":"https:\/\/www.csj-emballages.com\/pt-pt\/#website"},"primaryImageOfPage":{"@id":"https:\/\/www.csj-emballages.com\/pt-pt\/produit\/25-caixas-de-rubis-de-luxo-250-gramas-com-base-de-cartao\/#primaryimage"},"image":{"@id":"https:\/\/www.csj-emballages.com\/pt-pt\/produit\/25-caixas-de-rubis-de-luxo-250-gramas-com-base-de-cartao\/#primaryimage"},"thumbnailUrl":"https:\/\/www.csj-emballages.com\/wp-content\/uploads\/2024\/03\/BALLO250RUBI.webp","datePublished":"2024-03-01T15:57:22+00:00","dateModified":"2026-03-12T15:11:03+00:00","description":"Elegante embalagem bombom rubi de 250 g com fundo de cart\u00e3o, vendido em embalagens de 25 unidades. Ideal para chocolates e doces, elegante e pr\u00e1tico para as suas embalagens.","breadcrumb":{"@id":"https:\/\/www.csj-emballages.com\/pt-pt\/produit\/25-caixas-de-rubis-de-luxo-250-gramas-com-base-de-cartao\/#breadcrumb"},"inLanguage":"pt-PT","potentialAction":[{"@type":"ReadAction","target":["https:\/\/www.csj-emballages.com\/pt-pt\/produit\/25-caixas-de-rubis-de-luxo-250-gramas-com-base-de-cartao\/"]}]},{"@type":"ImageObject","inLanguage":"pt-PT","@id":"https:\/\/www.csj-emballages.com\/pt-pt\/produit\/25-caixas-de-rubis-de-luxo-250-gramas-com-base-de-cartao\/#primaryimage","url":"https:\/\/www.csj-emballages.com\/wp-content\/uploads\/2024\/03\/BALLO250RUBI.webp","contentUrl":"https:\/\/www.csj-emballages.com\/wp-content\/uploads\/2024\/03\/BALLO250RUBI.webp","width":800,"height":800,"caption":"Ballotin rubis"},{"@type":"BreadcrumbList","@id":"https:\/\/www.csj-emballages.com\/pt-pt\/produit\/25-caixas-de-rubis-de-luxo-250-gramas-com-base-de-cartao\/#breadcrumb","itemListElement":[{"@type":"ListItem","position":1,"name":"Acolhimento","item":"https:\/\/www.csj-emballages.com\/pt-pt\/universo-das-embalagens-alimentares\/"},{"@type":"ListItem","position":2,"name":"Shop","item":"https:\/\/www.csj-emballages.com\/shop\/"},{"@type":"ListItem","position":3,"name":"Balotina rubi de luxo 250 gramas com base de cart\u00e3o, embalagem de 25"}]},{"@type":"WebSite","@id":"https:\/\/www.csj-emballages.com\/pt-pt\/#website","url":"https:\/\/www.csj-emballages.com\/pt-pt\/","name":"CSJ Emballages","description":"","publisher":{"@id":"https:\/\/www.csj-emballages.com\/pt-pt\/#organization"},"potentialAction":[{"@type":"SearchAction","target":{"@type":"EntryPoint","urlTemplate":"https:\/\/www.csj-emballages.com\/pt-pt\/?s={search_term_string}"},"query-input":{"@type":"PropertyValueSpecification","valueRequired":true,"valueName":"search_term_string"}}],"inLanguage":"pt-PT"},{"@type":"Organization","@id":"https:\/\/www.csj-emballages.com\/pt-pt\/#Organization\/","name":"CSJ Emballages","url":"https:\/\/www.csj-emballages.com\/pt-pt\/","logo":{"@type":"ImageObject","inLanguage":"pt-PT","@id":"https:\/\/www.csj-emballages.com\/pt-pt\/#\/schema\/logo\/image\/","url":"https:\/\/www.csj-emballages.com\/wp-content\/uploads\/2023\/10\/logo_csj.webp","contentUrl":"https:\/\/www.csj-emballages.com\/wp-content\/uploads\/2023\/10\/logo_csj.webp","width":250,"height":95,"caption":"CSJ Emballages"},"image":{"@id":"https:\/\/www.csj-emballages.com\/pt-pt\/#\/schema\/logo\/image\/"},"sameAs":["https:\/\/www.facebook.com\/csjemballages"],"address":{"@type":"PostalAddress","streetAddress":"ZI La Lechere","addressLocality":"Patornay","postalCode":"39130","addressCountry":"FR"},"contactPoint":[{"@type":"ContactPoint","contactType":"Service client","telephone":"0384254272","email":"contact@csj-emballages.com"}]}]}},"df_price":13.63,"df_sale_price":13.63,"df_regular_price":15.14,"df_image_link":"https:\/\/www.csj-emballages.com\/wp-content\/uploads\/2024\/03\/BALLO250RUBI-300x300.webp","tiered_pricing_type":"fixed","tiered_pricing_fixed_rules":[],"tiered_pricing_percentage_rules":[],"tiered_pricing_minimum":1,"tiered_pricing_roles_data":[],"_links":{"self":[{"href":"https:\/\/www.csj-emballages.com\/pt-pt\/wp-json\/wp\/v2\/product\/19304","targetHints":{"allow":["GET"]}}],"collection":[{"href":"https:\/\/www.csj-emballages.com\/pt-pt\/wp-json\/wp\/v2\/product"}],"about":[{"href":"https:\/\/www.csj-emballages.com\/pt-pt\/wp-json\/wp\/v2\/types\/product"}],"wp:featuredmedia":[{"embeddable":true,"href":"https:\/\/www.csj-emballages.com\/pt-pt\/wp-json\/wp\/v2\/media\/242253"}],"wp:attachment":[{"href":"https:\/\/www.csj-emballages.com\/pt-pt\/wp-json\/wp\/v2\/media?parent=19304"}],"wp:term":[{"taxonomy":"product_brand","embeddable":true,"href":"https:\/\/www.csj-emballages.com\/pt-pt\/wp-json\/wp\/v2\/product_brand?post=19304"},{"taxonomy":"product_cat","embeddable":true,"href":"https:\/\/www.csj-emballages.com\/pt-pt\/wp-json\/wp\/v2\/product_cat?post=19304"},{"taxonomy":"product_tag","embeddable":true,"href":"https:\/\/www.csj-emballages.com\/pt-pt\/wp-json\/wp\/v2\/product_tag?post=19304"}],"curies":[{"name":"wp","href":"https:\/\/api.w.org\/{rel}","templated":true}]}}