{"id":19277,"date":"2024-03-01T16:57:23","date_gmt":"2024-03-01T15:57:23","guid":{"rendered":"https:\/\/u15jnbdpoq.preview.infomaniak.website\/produit\/100-tabuleiros-de-aluminio-descartaveis-890-ml-nao-selaveis\/"},"modified":"2026-04-11T02:11:14","modified_gmt":"2026-04-11T00:11:14","slug":"100-tabuleiros-de-aluminio-descartaveis-890-ml-nao-selaveis","status":"publish","type":"product","link":"https:\/\/www.csj-emballages.com\/pt-pt\/produit\/100-tabuleiros-de-aluminio-descartaveis-890-ml-nao-selaveis\/","title":{"rendered":"Embalagem de alum\u00ednio 890 ml n\u00e3o sel\u00e1vel por 100"},"content":{"rendered":"<h2 class=\"p1\">Tabuleiro de alum\u00ednio<\/h2>\n<hr>\n<h3>Descri\u00e7\u00e3o do nosso tabuleiro de alum\u00ednio de 890 ml, n\u00e3o sel\u00e1vel, 100 unidades<\/h3>\n<p><!--more--><\/p>\n<p data-start=\"31\" data-end=\"357\">Ideal para a <strong data-start=\"79\" data-end=\"123\">restaura\u00e7\u00e3o e<\/strong> para <strong data-start=\"79\" data-end=\"123\">particulares<\/strong>, este <strong>tabuleiro de alum\u00ednio de<\/strong> <strong>890<\/strong> ml \u00e9 perfeito para embalar e transportar os seus pratos quentes ou frios. Resistente ao calor e \u00e0s varia\u00e7\u00f5es de temperatura, pode ser utilizado para <strong data-start=\"341\" data-end=\"387\">cozinhar, reaquecer e conservar<\/strong> os alimentos. Gra\u00e7as \u00e0 sua espessura e praticidade, este <strong>tabuleiro de alum\u00ednio<\/strong> \u00e9 uma escolha essencial para a exposi\u00e7\u00e3o em montras, a apresenta\u00e7\u00e3o em loja ou mesmo a embalagem em v\u00e1cuo. O seu <strong>material recicl\u00e1vel<\/strong> torna-o uma solu\u00e7\u00e3o ecol\u00f3gica para profissionais e consumidores preocupados com a qualidade das suas embalagens.   <\/p>\n<p><!--more--><\/p>\n<h4>Vantagens :<\/h4>\n<ul>\n<li data-start=\"913\" data-end=\"971\">Este tabuleiro de alum\u00ednio \u00e9 adequado para pratos quentes e frios.<\/li>\n<li data-start=\"972\" data-end=\"1041\">Suporta a cozedura e o reaquecimento.<\/li>\n<li data-start=\"1042\" data-end=\"1109\">Ideal para apresenta\u00e7\u00e3o e embalagem a v\u00e1cuo.<\/li>\n<li data-start=\"1110\" data-end=\"1190\">Uma solu\u00e7\u00e3o mais respeitadora do ambiente.<\/li>\n<li data-start=\"1191\" data-end=\"1265\">890 ml, perfeito para pequenas por\u00e7\u00f5es.<\/li>\n<\/ul>\n<p>&nbsp;<\/p>\n<p><!--more--><\/p>\n<h4>Outras informa\u00e7\u00f5es :<\/h4>\n<ul>\n<li><strong>Embalagem<\/strong>: Pacote de 100<\/li>\n<li><strong>Dimens\u00f5es<\/strong>: 203 x 138 x 50 mm<\/li>\n<li><strong>Volume<\/strong>: 890 ml<\/li>\n<li><strong>Material<\/strong>: Alum\u00ednio<\/li>\n<li><strong>Resist\u00eancia<\/strong>: 60 microns<\/li>\n<li><strong>Temperatura de funcionamento<\/strong>: -40\u00b0C \/ +350\u00b0C<\/li>\n<\/ul>\n<p>&nbsp;<\/p>\n<p><!--more--><\/p>\n<p>Este produto tamb\u00e9m est\u00e1 dispon\u00edvel em v\u00e1rios tamanhos: <span style=\"color: #d12727;\"><a style=\"color: #d12727;\" href=\"https:\/\/www.csj-emballages.com\/es\/produit\/100-bandejas-de-aluminio-desechables-250-ml-sin-tapa\/\">250 ml<\/a><\/span> \/ <span style=\"color: #d12727;\"><a style=\"color: #d12727;\" href=\"https:\/\/www.csj-emballages.com\/es\/produit\/100-bandejas-de-aluminio-desechables-no-sellables-de-350-ml\/\">350 ml<\/a><\/span> \/ <span style=\"color: #d12727;\"><a style=\"color: #d12727;\" href=\"https:\/\/www.csj-emballages.com\/es\/produit\/100-bandejas-de-aluminio-desechables-490-ml-no-precintables\/\">490 ml<\/a><\/span> \/ <span style=\"color: #d12727;\"><a style=\"color: #d12727;\" href=\"https:\/\/www.csj-emballages.com\/es\/produit\/100-bandejas-de-aluminio-desechables-825-ml-sin-precinto\/\">825 ml<\/a><\/span><\/p>\n<p>&nbsp;<\/p>\n<p><!--more--><\/p>\n<p><a href=\"https:\/\/www.csj-emballages.com\/pt-pt\/categorie-produit\/embalagem-de-alimentos\/talho-e-charcutaria\/tabuleiros-latas-e-frascos\/tabuleiros-de-aluminio-pratos-formas-tabuleiros-de-refeicao-copos-ramequins-empadas-de-carne\/placas-de-aluminio\/\">Consulte o resto da nossa gama de embalagens em alum\u00ednio<\/a><\/p>\n","protected":false},"excerpt":{"rendered":"<p>Tabuleiro de alum\u00ednio Descri\u00e7\u00e3o do nosso tabuleiro de alum\u00ednio de 890 ml, n\u00e3o sel\u00e1vel, 100 unidades<\/p>\n","protected":false},"featured_media":227825,"template":"","meta":{"_acf_changed":false},"product_brand":[],"product_cat":[1141,1176,2001,2039],"product_tag":[],"class_list":{"0":"post-19277","1":"product","2":"type-product","3":"status-publish","4":"has-post-thumbnail","6":"product_cat-embalagem-de-alimentos","7":"product_cat-talho-e-charcutaria","8":"product_cat-tabuleiros-de-aluminio-pratos-formas-tabuleiros-de-refeicao-copos-ramequins-empadas-de-carne","9":"product_cat-tabuleiros-nao-selaveis","11":"first","12":"instock","13":"taxable","14":"shipping-taxable","15":"purchasable","16":"product-type-simple"},"acf":[],"yoast_head":"<!-- This site is optimized with the Yoast SEO Premium plugin v26.6 (Yoast SEO v26.6) - https:\/\/yoast.com\/wordpress\/plugins\/seo\/ -->\n<title>Tabuleiro de alum\u00ednio 890 ml N\u00e3o sel\u00e1vel por 100<\/title>\n<meta name=\"description\" content=\"Embalagem de alum\u00ednio 890 ml n\u00e3o sel\u00e1vel \u2013 ideal para cozinhar, transportar e conservar pratos. Lote de 100\" \/>\n<meta name=\"robots\" content=\"index, follow, max-snippet:-1, max-image-preview:large, max-video-preview:-1\" \/>\n<link rel=\"canonical\" href=\"https:\/\/www.csj-emballages.com\/pt-pt\/produit\/100-tabuleiros-de-aluminio-descartaveis-890-ml-nao-selaveis\/\" \/>\n<meta property=\"og:locale\" content=\"pt_PT\" \/>\n<meta property=\"og:type\" content=\"article\" \/>\n<meta property=\"og:title\" content=\"Embalagem de alum\u00ednio 890 ml n\u00e3o sel\u00e1vel por 100\" \/>\n<meta property=\"og:description\" content=\"Embalagem de alum\u00ednio 890 ml n\u00e3o sel\u00e1vel \u2013 ideal para cozinhar, transportar e conservar pratos. Lote de 100\" \/>\n<meta property=\"og:url\" content=\"https:\/\/www.csj-emballages.com\/pt-pt\/produit\/100-tabuleiros-de-aluminio-descartaveis-890-ml-nao-selaveis\/\" \/>\n<meta property=\"og:site_name\" content=\"CSJ Emballages\" \/>\n<meta property=\"article:publisher\" content=\"https:\/\/www.facebook.com\/csjemballages\" \/>\n<meta property=\"article:modified_time\" content=\"2026-04-11T00:11:14+00:00\" \/>\n<meta property=\"og:image\" content=\"https:\/\/www.csj-emballages.com\/wp-content\/uploads\/2024\/03\/BA911.webp\" \/>\n\t<meta property=\"og:image:width\" content=\"800\" \/>\n\t<meta property=\"og:image:height\" content=\"800\" \/>\n\t<meta property=\"og:image:type\" content=\"image\/webp\" \/>\n<meta name=\"twitter:card\" content=\"summary_large_image\" \/>\n<meta name=\"twitter:label1\" content=\"Tempo estimado de leitura\" \/>\n\t<meta name=\"twitter:data1\" content=\"1 minuto\" \/>\n<script type=\"application\/ld+json\" class=\"yoast-schema-graph\">{\"@context\":\"https:\/\/schema.org\",\"@graph\":[{\"@type\":\"WebPage\",\"@id\":\"https:\/\/www.csj-emballages.com\/pt-pt\/produit\/100-tabuleiros-de-aluminio-descartaveis-890-ml-nao-selaveis\/\",\"url\":\"https:\/\/www.csj-emballages.com\/pt-pt\/produit\/100-tabuleiros-de-aluminio-descartaveis-890-ml-nao-selaveis\/\",\"name\":\"Tabuleiro de alum\u00ednio 890 ml N\u00e3o sel\u00e1vel por 100\",\"isPartOf\":{\"@id\":\"https:\/\/www.csj-emballages.com\/pt-pt\/#website\"},\"primaryImageOfPage\":{\"@id\":\"https:\/\/www.csj-emballages.com\/pt-pt\/produit\/100-tabuleiros-de-aluminio-descartaveis-890-ml-nao-selaveis\/#primaryimage\"},\"image\":{\"@id\":\"https:\/\/www.csj-emballages.com\/pt-pt\/produit\/100-tabuleiros-de-aluminio-descartaveis-890-ml-nao-selaveis\/#primaryimage\"},\"thumbnailUrl\":\"https:\/\/www.csj-emballages.com\/wp-content\/uploads\/2024\/03\/BA911.webp\",\"datePublished\":\"2024-03-01T15:57:23+00:00\",\"dateModified\":\"2026-04-11T00:11:14+00:00\",\"description\":\"Embalagem de alum\u00ednio 890 ml n\u00e3o sel\u00e1vel \u2013 ideal para cozinhar, transportar e conservar pratos. Lote de 100\",\"breadcrumb\":{\"@id\":\"https:\/\/www.csj-emballages.com\/pt-pt\/produit\/100-tabuleiros-de-aluminio-descartaveis-890-ml-nao-selaveis\/#breadcrumb\"},\"inLanguage\":\"pt-PT\",\"potentialAction\":[{\"@type\":\"ReadAction\",\"target\":[\"https:\/\/www.csj-emballages.com\/pt-pt\/produit\/100-tabuleiros-de-aluminio-descartaveis-890-ml-nao-selaveis\/\"]}]},{\"@type\":\"ImageObject\",\"inLanguage\":\"pt-PT\",\"@id\":\"https:\/\/www.csj-emballages.com\/pt-pt\/produit\/100-tabuleiros-de-aluminio-descartaveis-890-ml-nao-selaveis\/#primaryimage\",\"url\":\"https:\/\/www.csj-emballages.com\/wp-content\/uploads\/2024\/03\/BA911.webp\",\"contentUrl\":\"https:\/\/www.csj-emballages.com\/wp-content\/uploads\/2024\/03\/BA911.webp\",\"width\":800,\"height\":800,\"caption\":\"barquette aluminium\"},{\"@type\":\"BreadcrumbList\",\"@id\":\"https:\/\/www.csj-emballages.com\/pt-pt\/produit\/100-tabuleiros-de-aluminio-descartaveis-890-ml-nao-selaveis\/#breadcrumb\",\"itemListElement\":[{\"@type\":\"ListItem\",\"position\":1,\"name\":\"Acolhimento\",\"item\":\"https:\/\/www.csj-emballages.com\/pt-pt\/universo-das-embalagens-alimentares\/\"},{\"@type\":\"ListItem\",\"position\":2,\"name\":\"Shop\",\"item\":\"https:\/\/www.csj-emballages.com\/shop\/\"},{\"@type\":\"ListItem\",\"position\":3,\"name\":\"Embalagem de alum\u00ednio 890 ml n\u00e3o sel\u00e1vel por 100\"}]},{\"@type\":\"WebSite\",\"@id\":\"https:\/\/www.csj-emballages.com\/pt-pt\/#website\",\"url\":\"https:\/\/www.csj-emballages.com\/pt-pt\/\",\"name\":\"CSJ Emballages\",\"description\":\"\",\"publisher\":{\"@id\":\"https:\/\/www.csj-emballages.com\/pt-pt\/#organization\"},\"potentialAction\":[{\"@type\":\"SearchAction\",\"target\":{\"@type\":\"EntryPoint\",\"urlTemplate\":\"https:\/\/www.csj-emballages.com\/pt-pt\/?s={search_term_string}\"},\"query-input\":{\"@type\":\"PropertyValueSpecification\",\"valueRequired\":true,\"valueName\":\"search_term_string\"}}],\"inLanguage\":\"pt-PT\"},{\"@type\":\"Organization\",\"@id\":\"https:\/\/www.csj-emballages.com\/pt-pt\/#Organization\/\",\"name\":\"CSJ Emballages\",\"url\":\"https:\/\/www.csj-emballages.com\/pt-pt\/\",\"logo\":{\"@type\":\"ImageObject\",\"inLanguage\":\"pt-PT\",\"@id\":\"https:\/\/www.csj-emballages.com\/pt-pt\/#\/schema\/logo\/image\/\",\"url\":\"https:\/\/www.csj-emballages.com\/wp-content\/uploads\/2023\/10\/logo_csj.webp\",\"contentUrl\":\"https:\/\/www.csj-emballages.com\/wp-content\/uploads\/2023\/10\/logo_csj.webp\",\"width\":250,\"height\":95,\"caption\":\"CSJ Emballages\"},\"image\":{\"@id\":\"https:\/\/www.csj-emballages.com\/pt-pt\/#\/schema\/logo\/image\/\"},\"sameAs\":[\"https:\/\/www.facebook.com\/csjemballages\"],\"address\":{\"@type\":\"PostalAddress\",\"streetAddress\":\"ZI La Lechere\",\"addressLocality\":\"Patornay\",\"postalCode\":\"39130\",\"addressCountry\":\"FR\"},\"contactPoint\":[{\"@type\":\"ContactPoint\",\"contactType\":\"Service client\",\"telephone\":\"0384254272\",\"email\":\"contact@csj-emballages.com\"}]}]}<\/script>\n<!-- \/ Yoast SEO Premium plugin. -->","yoast_head_json":{"title":"Tabuleiro de alum\u00ednio 890 ml N\u00e3o sel\u00e1vel por 100","description":"Embalagem de alum\u00ednio 890 ml n\u00e3o sel\u00e1vel \u2013 ideal para cozinhar, transportar e conservar pratos. Lote de 100","robots":{"index":"index","follow":"follow","max-snippet":"max-snippet:-1","max-image-preview":"max-image-preview:large","max-video-preview":"max-video-preview:-1"},"canonical":"https:\/\/www.csj-emballages.com\/pt-pt\/produit\/100-tabuleiros-de-aluminio-descartaveis-890-ml-nao-selaveis\/","og_locale":"pt_PT","og_type":"article","og_title":"Embalagem de alum\u00ednio 890 ml n\u00e3o sel\u00e1vel por 100","og_description":"Embalagem de alum\u00ednio 890 ml n\u00e3o sel\u00e1vel \u2013 ideal para cozinhar, transportar e conservar pratos. Lote de 100","og_url":"https:\/\/www.csj-emballages.com\/pt-pt\/produit\/100-tabuleiros-de-aluminio-descartaveis-890-ml-nao-selaveis\/","og_site_name":"CSJ Emballages","article_publisher":"https:\/\/www.facebook.com\/csjemballages","article_modified_time":"2026-04-11T00:11:14+00:00","og_image":[{"width":800,"height":800,"url":"https:\/\/www.csj-emballages.com\/wp-content\/uploads\/2024\/03\/BA911.webp","type":"image\/webp"}],"twitter_card":"summary_large_image","twitter_misc":{"Tempo estimado de leitura":"1 minuto"},"schema":{"@context":"https:\/\/schema.org","@graph":[{"@type":"WebPage","@id":"https:\/\/www.csj-emballages.com\/pt-pt\/produit\/100-tabuleiros-de-aluminio-descartaveis-890-ml-nao-selaveis\/","url":"https:\/\/www.csj-emballages.com\/pt-pt\/produit\/100-tabuleiros-de-aluminio-descartaveis-890-ml-nao-selaveis\/","name":"Tabuleiro de alum\u00ednio 890 ml N\u00e3o sel\u00e1vel por 100","isPartOf":{"@id":"https:\/\/www.csj-emballages.com\/pt-pt\/#website"},"primaryImageOfPage":{"@id":"https:\/\/www.csj-emballages.com\/pt-pt\/produit\/100-tabuleiros-de-aluminio-descartaveis-890-ml-nao-selaveis\/#primaryimage"},"image":{"@id":"https:\/\/www.csj-emballages.com\/pt-pt\/produit\/100-tabuleiros-de-aluminio-descartaveis-890-ml-nao-selaveis\/#primaryimage"},"thumbnailUrl":"https:\/\/www.csj-emballages.com\/wp-content\/uploads\/2024\/03\/BA911.webp","datePublished":"2024-03-01T15:57:23+00:00","dateModified":"2026-04-11T00:11:14+00:00","description":"Embalagem de alum\u00ednio 890 ml n\u00e3o sel\u00e1vel \u2013 ideal para cozinhar, transportar e conservar pratos. Lote de 100","breadcrumb":{"@id":"https:\/\/www.csj-emballages.com\/pt-pt\/produit\/100-tabuleiros-de-aluminio-descartaveis-890-ml-nao-selaveis\/#breadcrumb"},"inLanguage":"pt-PT","potentialAction":[{"@type":"ReadAction","target":["https:\/\/www.csj-emballages.com\/pt-pt\/produit\/100-tabuleiros-de-aluminio-descartaveis-890-ml-nao-selaveis\/"]}]},{"@type":"ImageObject","inLanguage":"pt-PT","@id":"https:\/\/www.csj-emballages.com\/pt-pt\/produit\/100-tabuleiros-de-aluminio-descartaveis-890-ml-nao-selaveis\/#primaryimage","url":"https:\/\/www.csj-emballages.com\/wp-content\/uploads\/2024\/03\/BA911.webp","contentUrl":"https:\/\/www.csj-emballages.com\/wp-content\/uploads\/2024\/03\/BA911.webp","width":800,"height":800,"caption":"barquette aluminium"},{"@type":"BreadcrumbList","@id":"https:\/\/www.csj-emballages.com\/pt-pt\/produit\/100-tabuleiros-de-aluminio-descartaveis-890-ml-nao-selaveis\/#breadcrumb","itemListElement":[{"@type":"ListItem","position":1,"name":"Acolhimento","item":"https:\/\/www.csj-emballages.com\/pt-pt\/universo-das-embalagens-alimentares\/"},{"@type":"ListItem","position":2,"name":"Shop","item":"https:\/\/www.csj-emballages.com\/shop\/"},{"@type":"ListItem","position":3,"name":"Embalagem de alum\u00ednio 890 ml n\u00e3o sel\u00e1vel por 100"}]},{"@type":"WebSite","@id":"https:\/\/www.csj-emballages.com\/pt-pt\/#website","url":"https:\/\/www.csj-emballages.com\/pt-pt\/","name":"CSJ Emballages","description":"","publisher":{"@id":"https:\/\/www.csj-emballages.com\/pt-pt\/#organization"},"potentialAction":[{"@type":"SearchAction","target":{"@type":"EntryPoint","urlTemplate":"https:\/\/www.csj-emballages.com\/pt-pt\/?s={search_term_string}"},"query-input":{"@type":"PropertyValueSpecification","valueRequired":true,"valueName":"search_term_string"}}],"inLanguage":"pt-PT"},{"@type":"Organization","@id":"https:\/\/www.csj-emballages.com\/pt-pt\/#Organization\/","name":"CSJ Emballages","url":"https:\/\/www.csj-emballages.com\/pt-pt\/","logo":{"@type":"ImageObject","inLanguage":"pt-PT","@id":"https:\/\/www.csj-emballages.com\/pt-pt\/#\/schema\/logo\/image\/","url":"https:\/\/www.csj-emballages.com\/wp-content\/uploads\/2023\/10\/logo_csj.webp","contentUrl":"https:\/\/www.csj-emballages.com\/wp-content\/uploads\/2023\/10\/logo_csj.webp","width":250,"height":95,"caption":"CSJ Emballages"},"image":{"@id":"https:\/\/www.csj-emballages.com\/pt-pt\/#\/schema\/logo\/image\/"},"sameAs":["https:\/\/www.facebook.com\/csjemballages"],"address":{"@type":"PostalAddress","streetAddress":"ZI La Lechere","addressLocality":"Patornay","postalCode":"39130","addressCountry":"FR"},"contactPoint":[{"@type":"ContactPoint","contactType":"Service client","telephone":"0384254272","email":"contact@csj-emballages.com"}]}]}},"df_price":16.42,"df_sale_price":"","df_regular_price":16.42,"df_image_link":"https:\/\/www.csj-emballages.com\/wp-content\/uploads\/2024\/03\/BA911-300x300.webp","tiered_pricing_type":"fixed","tiered_pricing_fixed_rules":[],"tiered_pricing_percentage_rules":[],"tiered_pricing_minimum":1,"tiered_pricing_roles_data":[],"_links":{"self":[{"href":"https:\/\/www.csj-emballages.com\/pt-pt\/wp-json\/wp\/v2\/product\/19277","targetHints":{"allow":["GET"]}}],"collection":[{"href":"https:\/\/www.csj-emballages.com\/pt-pt\/wp-json\/wp\/v2\/product"}],"about":[{"href":"https:\/\/www.csj-emballages.com\/pt-pt\/wp-json\/wp\/v2\/types\/product"}],"wp:featuredmedia":[{"embeddable":true,"href":"https:\/\/www.csj-emballages.com\/pt-pt\/wp-json\/wp\/v2\/media\/227825"}],"wp:attachment":[{"href":"https:\/\/www.csj-emballages.com\/pt-pt\/wp-json\/wp\/v2\/media?parent=19277"}],"wp:term":[{"taxonomy":"product_brand","embeddable":true,"href":"https:\/\/www.csj-emballages.com\/pt-pt\/wp-json\/wp\/v2\/product_brand?post=19277"},{"taxonomy":"product_cat","embeddable":true,"href":"https:\/\/www.csj-emballages.com\/pt-pt\/wp-json\/wp\/v2\/product_cat?post=19277"},{"taxonomy":"product_tag","embeddable":true,"href":"https:\/\/www.csj-emballages.com\/pt-pt\/wp-json\/wp\/v2\/product_tag?post=19277"}],"curies":[{"name":"wp","href":"https:\/\/api.w.org\/{rel}","templated":true}]}}