{"id":19265,"date":"2024-03-01T16:57:23","date_gmt":"2024-03-01T15:57:23","guid":{"rendered":"https:\/\/u15jnbdpoq.preview.infomaniak.website\/produit\/50-caixas-de-refeicoes-americanas-doggy-bag-kraft-com-2-compartimentos-1300-ml\/"},"modified":"2026-04-14T02:12:08","modified_gmt":"2026-04-14T00:12:08","slug":"50-caixas-de-refeicoes-americanas-doggy-bag-kraft-com-2-compartimentos-1300-ml","status":"publish","type":"product","link":"https:\/\/www.csj-emballages.com\/pt-pt\/produit\/50-caixas-de-refeicoes-americanas-doggy-bag-kraft-com-2-compartimentos-1300-ml\/","title":{"rendered":"Lancheira americana &#8220;Doggy Bag&#8221; com 2 compartimentos, 1300 ml, 50 unidades"},"content":{"rendered":"<div style=\"font-family: Roboto, sans-serif;\">\n<div style=\"font-family: Roboto, sans-serif;\">\n<div style=\"font-family: Roboto, sans-serif;\">\n<h2>Caixa de refei\u00e7\u00f5es<\/h2>\n<hr>\n<h3>Descri\u00e7\u00e3o da nossa caixa de refei\u00e7\u00e3o americana &#8220;Doggy Bag&#8221; 1300 ml por 450<\/h3>\n<p><!--more--><\/p>\n<div class=\"flex-shrink-0 flex flex-col relative items-end\">\n<div class=\"pt-0.5 juice:pt-0\">\n<div class=\"gizmo-bot-avatar flex h-6 w-6 items-center justify-center overflow-hidden rounded-full juice:h-8 juice:w-8\">\n<p data-start=\"255\" data-end=\"766\">Se procura uma caixa simples, pr\u00e1tica e realmente concebida para o seu quotidiano, a <strong data-start=\"345\" data-end=\"409\">lancheira americana &#8220;Doggy Bag&#8221; de 2 compartimentos e 1300 ml<\/strong> tornar-se-\u00e1 rapidamente um must-have na sua cozinha. Assim que a abrir, aperceber-se-\u00e1 dos seus <strong>dois compartimentos<\/strong> separados. Gra\u00e7as a estes, pode dispor um prato principal de um lado e um prato de acompanhamento do outro, sem qualquer risco de mistura. Isto mant\u00e9m a apresenta\u00e7\u00e3o limpa e os sabores intactos at\u00e9 estar pronto para comer.   <\/p>\n<p data-start=\"768\" data-end=\"1227\">A sua <strong data-start=\"780\" data-end=\"810\">grande capacidade de 1300 ml<\/strong> d\u00e1-lhe espa\u00e7o suficiente para servir por\u00e7\u00f5es generosas ou menus completos. Quer seja para levar para casa, para entrega ou para permitir que os seus clientes levem as suas sobras, esta <strong data-start=\"345\" data-end=\"409\">lancheira<\/strong> adapta-se facilmente a todas as situa\u00e7\u00f5es. Al\u00e9m disso, \u00e9 muito f\u00e1cil de utilizar: pode dobr\u00e1-la e fech\u00e1-la numa quest\u00e3o de segundos, sem for\u00e7ar ou perder tempo.  <\/p>\n<p data-start=\"1229\" data-end=\"1590\">Al\u00e9m disso, o seu material resistente resiste bem a <strong>pratos quentes e frios<\/strong>. Assim, mesmo durante o transporte, a caixa permanece est\u00e1vel e mant\u00e9m os alimentos no seu lugar. O seu aspeto t\u00edpico de<strong>&#8220;saco de c\u00e3o<\/strong>&#8221; <strong>americano<\/strong> tamb\u00e9m acrescenta um toque moderno e aut\u00eantico \u00e0 sua embalagem, transmitindo uma imagem profissional e polida aos seus clientes.  <\/p>\n<p data-start=\"1592\" data-end=\"1886\">Al\u00e9m disso, \u00e9 vendido <strong data-start=\"1618\" data-end=\"1635\">em embalagens de 50 unidades<\/strong>, para que possa gerir o seu stock com maior tranquilidade. Ser\u00e1 mais organizado, mais eficiente e mais c\u00f3modo para trabalhar todos os dias. Em suma, esta caixa \u00e9 uma escolha fi\u00e1vel, vers\u00e1til e f\u00e1cil de utilizar para todos os seus takeaways.  <\/p>\n<p data-start=\"1592\" data-end=\"1886\">\n<\/div>\n<\/div>\n<\/div>\n<p><!--more--><\/p>\n<p><strong>Vantagens :<\/strong><\/p>\n<ul>\n<li data-start=\"1915\" data-end=\"1958\"><strong>2 compartimentos<\/strong> para separar os alimentos.<\/li>\n<li data-start=\"1961\" data-end=\"1991\">Grande capacidade de<strong> 1300 ml<\/strong>.<\/li>\n<li data-start=\"1994\" data-end=\"2030\">Adequado para pratos quentes e frios.<\/li>\n<li data-start=\"2033\" data-end=\"2061\">Fecho r\u00e1pido e fi\u00e1vel.<\/li>\n<li data-start=\"2064\" data-end=\"2105\">Estilo de<strong>saco de c\u00e3o<\/strong>moderno e de alta qualidade.<\/li>\n<li data-start=\"2108\" data-end=\"2144\"><strong>Embalagem de 50 unidades<\/strong>: econ\u00f3mica e pr\u00e1tica.<\/li>\n<\/ul>\n<p>&nbsp;<\/p>\n<p><!--more--><\/p>\n<h4>Outras informa\u00e7\u00f5es :<\/h4>\n<ul>\n<li><strong>Embalagem<\/strong>: Pacote de 50<\/li>\n<li><strong>Dimens\u00f5es<\/strong>: 135 x 170 x 65 mm<\/li>\n<li><strong>Volume<\/strong>: 1300 ml<\/li>\n<li><span style=\"font-weight: bold;\">Cor <\/span>: castanho<\/li>\n<li><span style=\"font-weight: bold;\">Material <\/span>: Cart\u00e3o<\/li>\n<\/ul>\n<p>&nbsp;<\/p>\n<\/div>\n<\/div>\n<\/div>\n<p><!--more--><\/p>\n<p>Esta lancheira com saco para c\u00e3es est\u00e1 dispon\u00edvel em diferentes tamanhos: <span style=\"color: #d12727;\"><a style=\"color: #d12727;\" href=\"https:\/\/www.csj-emballages.com\/es\/produit\/450-fiambreras-kraft-doggy-bag-de-780-ml\/\">780 ml<\/a><\/span> \/ <span style=\"color: #d12727;\"><a style=\"color: #d12727;\" href=\"https:\/\/www.csj-emballages.com\/es\/produit\/200-fiambreras-kraft-1500-ml-doggy-bag\/\">1500 ml<\/a><\/span> \/ <span style=\"color: #d12727;\"><a style=\"color: #d12727;\" href=\"https:\/\/www.csj-emballages.com\/es\/produit\/200-cajas-de-comida-kraft-doggy-bag-2000-ml\/\">2000 ml<\/a><\/span> \/ <span style=\"color: #d12727;\"><a style=\"color: #d12727;\" href=\"https:\/\/www.csj-emballages.com\/es\/produit\/40-cajas-de-comida-americana-kraft-doggy-bag-2800-ml\/\">2800 ml<\/a><\/span><\/p>\n<div style=\"font-family: Roboto, sans-serif;\">\n<div style=\"font-family: Roboto, sans-serif;\">\n<div style=\"font-family: Roboto, sans-serif;\">\n<p>&nbsp;<\/p>\n<p><!--more--><\/p>\n<p><a href=\"https:\/\/www.csj-emballages.com\/pt-pt\/categorie-produit\/embalagem-de-alimentos\/restauracao\/caixas-tabuleiros-bolsas-cones\/tabuleiros-caixas-de-cartao\/caixas-de-takeaway-americanas\/\">Ver o resto da nossa gama de caixas de cart\u00e3o americanas<\/a><\/p>\n<\/div>\n<\/div>\n<\/div>\n","protected":false},"excerpt":{"rendered":"<p>Caixa de refei\u00e7\u00f5es Descri\u00e7\u00e3o da nossa caixa de refei\u00e7\u00e3o americana &#8220;Doggy Bag&#8221; 1300 ml por 450<\/p>\n","protected":false},"featured_media":255269,"template":"","meta":{"_acf_changed":false},"product_brand":[],"product_cat":[1141,1138,2042],"product_tag":[],"class_list":{"0":"post-19265","1":"product","2":"type-product","3":"status-publish","4":"has-post-thumbnail","6":"product_cat-embalagem-de-alimentos","7":"product_cat-restauracao","8":"product_cat-caixas-de-takeaway-americanas","10":"first","11":"instock","12":"taxable","13":"shipping-taxable","14":"purchasable","15":"product-type-simple"},"acf":[],"yoast_head":"<!-- This site is optimized with the Yoast SEO Premium plugin v26.6 (Yoast SEO v26.6) - https:\/\/yoast.com\/wordpress\/plugins\/seo\/ -->\n<title>Lancheira americana &quot;Doggy Bag&quot; com 2 compartimentos 1300 ml<\/title>\n<meta name=\"description\" content=\"Lancheira americana kraft de 780 ml. Ideal para a venda de takeaway, s\u00f3lida, pr\u00e1tica e econ\u00f3mica. Embalagem de 450 para restaurantes.\" \/>\n<meta name=\"robots\" content=\"index, follow, max-snippet:-1, max-image-preview:large, max-video-preview:-1\" \/>\n<link rel=\"canonical\" href=\"https:\/\/www.csj-emballages.com\/pt-pt\/produit\/50-caixas-de-refeicoes-americanas-doggy-bag-kraft-com-2-compartimentos-1300-ml\/\" \/>\n<meta property=\"og:locale\" content=\"pt_PT\" \/>\n<meta property=\"og:type\" content=\"article\" \/>\n<meta property=\"og:title\" content=\"Lancheira americana &quot;Doggy Bag&quot; com 2 compartimentos, 1300 ml, 50 unidades\" \/>\n<meta property=\"og:description\" content=\"Lancheira americana kraft de 780 ml. Ideal para a venda de takeaway, s\u00f3lida, pr\u00e1tica e econ\u00f3mica. Embalagem de 450 para restaurantes.\" \/>\n<meta property=\"og:url\" content=\"https:\/\/www.csj-emballages.com\/pt-pt\/produit\/50-caixas-de-refeicoes-americanas-doggy-bag-kraft-com-2-compartimentos-1300-ml\/\" \/>\n<meta property=\"og:site_name\" content=\"CSJ Emballages\" \/>\n<meta property=\"article:publisher\" content=\"https:\/\/www.facebook.com\/csjemballages\" \/>\n<meta property=\"article:modified_time\" content=\"2026-04-14T00:12:08+00:00\" \/>\n<meta property=\"og:image\" content=\"https:\/\/www.csj-emballages.com\/wp-content\/uploads\/2024\/03\/BAG1302GE.webp\" \/>\n\t<meta property=\"og:image:width\" content=\"800\" \/>\n\t<meta property=\"og:image:height\" content=\"800\" \/>\n\t<meta property=\"og:image:type\" content=\"image\/webp\" \/>\n<meta name=\"twitter:card\" content=\"summary_large_image\" \/>\n<meta name=\"twitter:label1\" content=\"Tempo estimado de leitura\" \/>\n\t<meta name=\"twitter:data1\" content=\"2 minutos\" \/>\n<script type=\"application\/ld+json\" class=\"yoast-schema-graph\">{\"@context\":\"https:\/\/schema.org\",\"@graph\":[{\"@type\":\"WebPage\",\"@id\":\"https:\/\/www.csj-emballages.com\/pt-pt\/produit\/50-caixas-de-refeicoes-americanas-doggy-bag-kraft-com-2-compartimentos-1300-ml\/\",\"url\":\"https:\/\/www.csj-emballages.com\/pt-pt\/produit\/50-caixas-de-refeicoes-americanas-doggy-bag-kraft-com-2-compartimentos-1300-ml\/\",\"name\":\"Lancheira americana \\\"Doggy Bag\\\" com 2 compartimentos 1300 ml\",\"isPartOf\":{\"@id\":\"https:\/\/www.csj-emballages.com\/pt-pt\/#website\"},\"primaryImageOfPage\":{\"@id\":\"https:\/\/www.csj-emballages.com\/pt-pt\/produit\/50-caixas-de-refeicoes-americanas-doggy-bag-kraft-com-2-compartimentos-1300-ml\/#primaryimage\"},\"image\":{\"@id\":\"https:\/\/www.csj-emballages.com\/pt-pt\/produit\/50-caixas-de-refeicoes-americanas-doggy-bag-kraft-com-2-compartimentos-1300-ml\/#primaryimage\"},\"thumbnailUrl\":\"https:\/\/www.csj-emballages.com\/wp-content\/uploads\/2024\/03\/BAG1302GE.webp\",\"datePublished\":\"2024-03-01T15:57:23+00:00\",\"dateModified\":\"2026-04-14T00:12:08+00:00\",\"description\":\"Lancheira americana kraft de 780 ml. Ideal para a venda de takeaway, s\u00f3lida, pr\u00e1tica e econ\u00f3mica. Embalagem de 450 para restaurantes.\",\"breadcrumb\":{\"@id\":\"https:\/\/www.csj-emballages.com\/pt-pt\/produit\/50-caixas-de-refeicoes-americanas-doggy-bag-kraft-com-2-compartimentos-1300-ml\/#breadcrumb\"},\"inLanguage\":\"pt-PT\",\"potentialAction\":[{\"@type\":\"ReadAction\",\"target\":[\"https:\/\/www.csj-emballages.com\/pt-pt\/produit\/50-caixas-de-refeicoes-americanas-doggy-bag-kraft-com-2-compartimentos-1300-ml\/\"]}]},{\"@type\":\"ImageObject\",\"inLanguage\":\"pt-PT\",\"@id\":\"https:\/\/www.csj-emballages.com\/pt-pt\/produit\/50-caixas-de-refeicoes-americanas-doggy-bag-kraft-com-2-compartimentos-1300-ml\/#primaryimage\",\"url\":\"https:\/\/www.csj-emballages.com\/wp-content\/uploads\/2024\/03\/BAG1302GE.webp\",\"contentUrl\":\"https:\/\/www.csj-emballages.com\/wp-content\/uploads\/2024\/03\/BAG1302GE.webp\",\"width\":800,\"height\":800,\"caption\":\"Boite repas\"},{\"@type\":\"BreadcrumbList\",\"@id\":\"https:\/\/www.csj-emballages.com\/pt-pt\/produit\/50-caixas-de-refeicoes-americanas-doggy-bag-kraft-com-2-compartimentos-1300-ml\/#breadcrumb\",\"itemListElement\":[{\"@type\":\"ListItem\",\"position\":1,\"name\":\"Acolhimento\",\"item\":\"https:\/\/www.csj-emballages.com\/pt-pt\/universo-das-embalagens-alimentares\/\"},{\"@type\":\"ListItem\",\"position\":2,\"name\":\"Shop\",\"item\":\"https:\/\/www.csj-emballages.com\/shop\/\"},{\"@type\":\"ListItem\",\"position\":3,\"name\":\"Lancheira americana \u00ab\u00a0Doggy Bag\u00a0\u00bb com 2 compartimentos, 1300 ml, 50 unidades\"}]},{\"@type\":\"WebSite\",\"@id\":\"https:\/\/www.csj-emballages.com\/pt-pt\/#website\",\"url\":\"https:\/\/www.csj-emballages.com\/pt-pt\/\",\"name\":\"CSJ Emballages\",\"description\":\"\",\"publisher\":{\"@id\":\"https:\/\/www.csj-emballages.com\/pt-pt\/#organization\"},\"potentialAction\":[{\"@type\":\"SearchAction\",\"target\":{\"@type\":\"EntryPoint\",\"urlTemplate\":\"https:\/\/www.csj-emballages.com\/pt-pt\/?s={search_term_string}\"},\"query-input\":{\"@type\":\"PropertyValueSpecification\",\"valueRequired\":true,\"valueName\":\"search_term_string\"}}],\"inLanguage\":\"pt-PT\"},{\"@type\":\"Organization\",\"@id\":\"https:\/\/www.csj-emballages.com\/pt-pt\/#Organization\/\",\"name\":\"CSJ Emballages\",\"url\":\"https:\/\/www.csj-emballages.com\/pt-pt\/\",\"logo\":{\"@type\":\"ImageObject\",\"inLanguage\":\"pt-PT\",\"@id\":\"https:\/\/www.csj-emballages.com\/pt-pt\/#\/schema\/logo\/image\/\",\"url\":\"https:\/\/www.csj-emballages.com\/wp-content\/uploads\/2023\/10\/logo_csj.webp\",\"contentUrl\":\"https:\/\/www.csj-emballages.com\/wp-content\/uploads\/2023\/10\/logo_csj.webp\",\"width\":250,\"height\":95,\"caption\":\"CSJ Emballages\"},\"image\":{\"@id\":\"https:\/\/www.csj-emballages.com\/pt-pt\/#\/schema\/logo\/image\/\"},\"sameAs\":[\"https:\/\/www.facebook.com\/csjemballages\"],\"address\":{\"@type\":\"PostalAddress\",\"streetAddress\":\"ZI La Lechere\",\"addressLocality\":\"Patornay\",\"postalCode\":\"39130\",\"addressCountry\":\"FR\"},\"contactPoint\":[{\"@type\":\"ContactPoint\",\"contactType\":\"Service client\",\"telephone\":\"0384254272\",\"email\":\"contact@csj-emballages.com\"}]}]}<\/script>\n<!-- \/ Yoast SEO Premium plugin. -->","yoast_head_json":{"title":"Lancheira americana \"Doggy Bag\" com 2 compartimentos 1300 ml","description":"Lancheira americana kraft de 780 ml. Ideal para a venda de takeaway, s\u00f3lida, pr\u00e1tica e econ\u00f3mica. Embalagem de 450 para restaurantes.","robots":{"index":"index","follow":"follow","max-snippet":"max-snippet:-1","max-image-preview":"max-image-preview:large","max-video-preview":"max-video-preview:-1"},"canonical":"https:\/\/www.csj-emballages.com\/pt-pt\/produit\/50-caixas-de-refeicoes-americanas-doggy-bag-kraft-com-2-compartimentos-1300-ml\/","og_locale":"pt_PT","og_type":"article","og_title":"Lancheira americana \"Doggy Bag\" com 2 compartimentos, 1300 ml, 50 unidades","og_description":"Lancheira americana kraft de 780 ml. Ideal para a venda de takeaway, s\u00f3lida, pr\u00e1tica e econ\u00f3mica. Embalagem de 450 para restaurantes.","og_url":"https:\/\/www.csj-emballages.com\/pt-pt\/produit\/50-caixas-de-refeicoes-americanas-doggy-bag-kraft-com-2-compartimentos-1300-ml\/","og_site_name":"CSJ Emballages","article_publisher":"https:\/\/www.facebook.com\/csjemballages","article_modified_time":"2026-04-14T00:12:08+00:00","og_image":[{"width":800,"height":800,"url":"https:\/\/www.csj-emballages.com\/wp-content\/uploads\/2024\/03\/BAG1302GE.webp","type":"image\/webp"}],"twitter_card":"summary_large_image","twitter_misc":{"Tempo estimado de leitura":"2 minutos"},"schema":{"@context":"https:\/\/schema.org","@graph":[{"@type":"WebPage","@id":"https:\/\/www.csj-emballages.com\/pt-pt\/produit\/50-caixas-de-refeicoes-americanas-doggy-bag-kraft-com-2-compartimentos-1300-ml\/","url":"https:\/\/www.csj-emballages.com\/pt-pt\/produit\/50-caixas-de-refeicoes-americanas-doggy-bag-kraft-com-2-compartimentos-1300-ml\/","name":"Lancheira americana \"Doggy Bag\" com 2 compartimentos 1300 ml","isPartOf":{"@id":"https:\/\/www.csj-emballages.com\/pt-pt\/#website"},"primaryImageOfPage":{"@id":"https:\/\/www.csj-emballages.com\/pt-pt\/produit\/50-caixas-de-refeicoes-americanas-doggy-bag-kraft-com-2-compartimentos-1300-ml\/#primaryimage"},"image":{"@id":"https:\/\/www.csj-emballages.com\/pt-pt\/produit\/50-caixas-de-refeicoes-americanas-doggy-bag-kraft-com-2-compartimentos-1300-ml\/#primaryimage"},"thumbnailUrl":"https:\/\/www.csj-emballages.com\/wp-content\/uploads\/2024\/03\/BAG1302GE.webp","datePublished":"2024-03-01T15:57:23+00:00","dateModified":"2026-04-14T00:12:08+00:00","description":"Lancheira americana kraft de 780 ml. Ideal para a venda de takeaway, s\u00f3lida, pr\u00e1tica e econ\u00f3mica. Embalagem de 450 para restaurantes.","breadcrumb":{"@id":"https:\/\/www.csj-emballages.com\/pt-pt\/produit\/50-caixas-de-refeicoes-americanas-doggy-bag-kraft-com-2-compartimentos-1300-ml\/#breadcrumb"},"inLanguage":"pt-PT","potentialAction":[{"@type":"ReadAction","target":["https:\/\/www.csj-emballages.com\/pt-pt\/produit\/50-caixas-de-refeicoes-americanas-doggy-bag-kraft-com-2-compartimentos-1300-ml\/"]}]},{"@type":"ImageObject","inLanguage":"pt-PT","@id":"https:\/\/www.csj-emballages.com\/pt-pt\/produit\/50-caixas-de-refeicoes-americanas-doggy-bag-kraft-com-2-compartimentos-1300-ml\/#primaryimage","url":"https:\/\/www.csj-emballages.com\/wp-content\/uploads\/2024\/03\/BAG1302GE.webp","contentUrl":"https:\/\/www.csj-emballages.com\/wp-content\/uploads\/2024\/03\/BAG1302GE.webp","width":800,"height":800,"caption":"Boite repas"},{"@type":"BreadcrumbList","@id":"https:\/\/www.csj-emballages.com\/pt-pt\/produit\/50-caixas-de-refeicoes-americanas-doggy-bag-kraft-com-2-compartimentos-1300-ml\/#breadcrumb","itemListElement":[{"@type":"ListItem","position":1,"name":"Acolhimento","item":"https:\/\/www.csj-emballages.com\/pt-pt\/universo-das-embalagens-alimentares\/"},{"@type":"ListItem","position":2,"name":"Shop","item":"https:\/\/www.csj-emballages.com\/shop\/"},{"@type":"ListItem","position":3,"name":"Lancheira americana \u00ab\u00a0Doggy Bag\u00a0\u00bb com 2 compartimentos, 1300 ml, 50 unidades"}]},{"@type":"WebSite","@id":"https:\/\/www.csj-emballages.com\/pt-pt\/#website","url":"https:\/\/www.csj-emballages.com\/pt-pt\/","name":"CSJ Emballages","description":"","publisher":{"@id":"https:\/\/www.csj-emballages.com\/pt-pt\/#organization"},"potentialAction":[{"@type":"SearchAction","target":{"@type":"EntryPoint","urlTemplate":"https:\/\/www.csj-emballages.com\/pt-pt\/?s={search_term_string}"},"query-input":{"@type":"PropertyValueSpecification","valueRequired":true,"valueName":"search_term_string"}}],"inLanguage":"pt-PT"},{"@type":"Organization","@id":"https:\/\/www.csj-emballages.com\/pt-pt\/#Organization\/","name":"CSJ Emballages","url":"https:\/\/www.csj-emballages.com\/pt-pt\/","logo":{"@type":"ImageObject","inLanguage":"pt-PT","@id":"https:\/\/www.csj-emballages.com\/pt-pt\/#\/schema\/logo\/image\/","url":"https:\/\/www.csj-emballages.com\/wp-content\/uploads\/2023\/10\/logo_csj.webp","contentUrl":"https:\/\/www.csj-emballages.com\/wp-content\/uploads\/2023\/10\/logo_csj.webp","width":250,"height":95,"caption":"CSJ Emballages"},"image":{"@id":"https:\/\/www.csj-emballages.com\/pt-pt\/#\/schema\/logo\/image\/"},"sameAs":["https:\/\/www.facebook.com\/csjemballages"],"address":{"@type":"PostalAddress","streetAddress":"ZI La Lechere","addressLocality":"Patornay","postalCode":"39130","addressCountry":"FR"},"contactPoint":[{"@type":"ContactPoint","contactType":"Service client","telephone":"0384254272","email":"contact@csj-emballages.com"}]}]}},"df_price":19.25,"df_sale_price":"","df_regular_price":19.25,"df_image_link":"https:\/\/www.csj-emballages.com\/wp-content\/uploads\/2024\/03\/BAG1302GE-300x300.webp","tiered_pricing_type":"fixed","tiered_pricing_fixed_rules":[],"tiered_pricing_percentage_rules":[],"tiered_pricing_minimum":1,"tiered_pricing_roles_data":[],"_links":{"self":[{"href":"https:\/\/www.csj-emballages.com\/pt-pt\/wp-json\/wp\/v2\/product\/19265","targetHints":{"allow":["GET"]}}],"collection":[{"href":"https:\/\/www.csj-emballages.com\/pt-pt\/wp-json\/wp\/v2\/product"}],"about":[{"href":"https:\/\/www.csj-emballages.com\/pt-pt\/wp-json\/wp\/v2\/types\/product"}],"wp:featuredmedia":[{"embeddable":true,"href":"https:\/\/www.csj-emballages.com\/pt-pt\/wp-json\/wp\/v2\/media\/255269"}],"wp:attachment":[{"href":"https:\/\/www.csj-emballages.com\/pt-pt\/wp-json\/wp\/v2\/media?parent=19265"}],"wp:term":[{"taxonomy":"product_brand","embeddable":true,"href":"https:\/\/www.csj-emballages.com\/pt-pt\/wp-json\/wp\/v2\/product_brand?post=19265"},{"taxonomy":"product_cat","embeddable":true,"href":"https:\/\/www.csj-emballages.com\/pt-pt\/wp-json\/wp\/v2\/product_cat?post=19265"},{"taxonomy":"product_tag","embeddable":true,"href":"https:\/\/www.csj-emballages.com\/pt-pt\/wp-json\/wp\/v2\/product_tag?post=19265"}],"curies":[{"name":"wp","href":"https:\/\/api.w.org\/{rel}","templated":true}]}}