{"id":19221,"date":"2024-03-01T16:57:25","date_gmt":"2024-03-01T15:57:25","guid":{"rendered":"https:\/\/u15jnbdpoq.preview.infomaniak.website\/produit\/50-pratos-de-sobremesa-quadrados-biodegradaveis-de-20-cm\/"},"modified":"2026-04-28T02:11:56","modified_gmt":"2026-04-28T00:11:56","slug":"50-pratos-de-sobremesa-quadrados-biodegradaveis-de-20-cm","status":"publish","type":"product","link":"https:\/\/www.csj-emballages.com\/pt-pt\/produit\/50-pratos-de-sobremesa-quadrados-biodegradaveis-de-20-cm\/","title":{"rendered":"Prato de sobremesa quadrado biodegrad\u00e1vel de 20 cm, 50 unidades"},"content":{"rendered":"<div style=\"text-align: left;\">\n<div style=\"text-align: left;\">\n<div style=\"text-align: left;\">\n<div style=\"text-align: left;\">\n<div style=\"text-align: left;\">\n<h2>Placa quadrada<\/h2>\n<hr>\n<h3>Descri\u00e7\u00e3o do nosso prato de sobremesa quadrado biodegrad\u00e1vel de 20 cm por 50<\/h3>\n<p><!--more--><\/p>\n<p data-start=\"235\" data-end=\"693\">O<strong>prato de sobremesa biodegrad\u00e1vel quadrado de 20 cm<\/strong> \u00e9 a solu\u00e7\u00e3o ideal para combinar <strong data-start=\"321\" data-end=\"371\">est\u00e9tica, praticidade e compromisso ecol\u00f3gico<\/strong>. Fabricado a partir de materiais naturais, como a <strong>polpa de cana-de-a\u00e7\u00facar (baga\u00e7o)<\/strong>, \u00e9 <strong>100% compost\u00e1vel e biodegrad\u00e1vel<\/strong>, o que o torna uma escolha cada vez mais popular para empresas de catering, restauradores e organizadores de eventos, bem como para indiv\u00edduos preocupados com o seu impacto ambiental. <\/p>\n<p data-start=\"695\" data-end=\"1105\">Com o seu <strong data-start=\"704\" data-end=\"739\">formato quadrado elegante e moderno<\/strong>, este <strong>prato quadrado de 20 cm<\/strong> \u00e9 perfeito para apresentar sobremesas, mignardises, queijos ou mesmo entradas em buffets. Combina leveza e robustez, mantendo-se perfeitamente resistente \u00e0 humidade, ao calor e aos alimentos gordurosos. Assim, pode utiliz\u00e1-lo para servir um fondant de chocolate ou uma salada de frutas sem qualquer risco de deforma\u00e7\u00e3o ou de vazamento.  <\/p>\n<p data-start=\"1107\" data-end=\"1444\">Embalado em <strong data-start=\"1124\" data-end=\"1137\">pacotes de 50 unidades<\/strong>, este <strong>prato quadrado org\u00e2nico<\/strong> \u00e9 ideal para eventos de m\u00e9dia dimens\u00e3o, como anivers\u00e1rios, casamentos, refei\u00e7\u00f5es de empresa ou takeaways eco-respons\u00e1veis. Acabaram-se os compromissos entre est\u00e9tica e ecologia: este <strong>prato biodegrad\u00e1vel<\/strong> oferece um acabamento profissional e \u00e9 uma alternativa sustent\u00e1vel aos produtos de pl\u00e1stico. <\/p>\n<p data-start=\"1446\" data-end=\"1583\">Gra\u00e7as a este produto, pode refor\u00e7ar o seu compromisso com o ambiente, assegurando simultaneamente que os seus pratos s\u00e3o apresentados com cuidado e qualidade.<\/p>\n<p data-start=\"1377\" data-end=\"1659\"><!--more--><\/p>\n<h4 data-start=\"1377\" data-end=\"1659\">Vantagens :<\/h4>\n<ul>\n<li><strong>Fabricado a partir de baga\u00e7o<\/strong>: um material natural e compost\u00e1vel.<\/li>\n<li>Resistente ao calor, \u00e0 humidade e aos alimentos em molho.<\/li>\n<li>Adequado para utiliza\u00e7\u00e3o profissional e privada.<\/li>\n<li>Design s\u00f3brio e elegante para todas as apresenta\u00e7\u00f5es.<\/li>\n<li>Alternativa ecol\u00f3gica ao pl\u00e1stico descart\u00e1vel.<\/li>\n<li><strong>Vendido em embalagens de 50 unidades<\/strong>: econ\u00f3mico e pr\u00e1tico.<\/li>\n<\/ul>\n<p>&nbsp;<\/p>\n<p><!--more--><\/p>\n<h4>Outras informa\u00e7\u00f5es :<\/h4>\n<ul>\n<li><strong>Embalagem<\/strong>: Pacote de 50<\/li>\n<li><b>Dimens\u00f5es <\/b>: 200 x 200 x 170 (C x L x A em mm)<\/li>\n<li><strong>Material<\/strong>: Polpa de cana de a\u00e7\u00facar \/ baga\u00e7o<\/li>\n<li><strong>Cor<\/strong>: Branco<\/li>\n<li><strong>Temperatura de funcionamento<\/strong>: -4\u00b0C \/ +100\u00b0C<\/li>\n<\/ul>\n<p>&nbsp;<\/p>\n<p><!--more--><\/p>\n<p>Encontre aqui todas as nossas placas quadradas de baga\u00e7o, dispon\u00edveis em v\u00e1rios tamanhos: <span style=\"color: #d12727;\"><a style=\"color: #d12727;\" href=\"https:\/\/www.csj-emballages.com\/produit\/50-assiettes-a-dessert-carree-biodegradables-16-cm\/\">16 cm<\/a><\/span> \/ <span style=\"color: #d12727;\"><a style=\"color: #d12727;\" href=\"https:\/\/www.csj-emballages.com\/produit\/50-assiettes-carrees-biodegradables-26-cm\/\">26 cm<\/a><\/span><\/p>\n<div style=\"text-align: center;\">\n<div style=\"text-align: center;\">\n<div style=\"text-align: center;\">\n<div style=\"text-align: center;\">\n<div style=\"text-align: center;\">\n<div style=\"text-align: center;\">\n<div style=\"text-align: center;\">\n<div style=\"text-align: center;\"><\/div>\n<\/div>\n<\/div>\n<\/div>\n<\/div>\n<\/div>\n<\/div>\n<\/div>\n<p><!--more--><\/p>\n<p><a href=\"https:\/\/www.csj-emballages.com\/pt-pt\/categorie-produit\/embalagem-de-alimentos\/gama-biologica\/pratos-tabuleiros-caixas\/placas-organicas\/\">Ver o resto da nossa gama de pratos biodegrad\u00e1veis<\/a><\/p>\n<\/div>\n<\/div>\n<\/div>\n<\/div>\n<\/div>\n","protected":false},"excerpt":{"rendered":"<p>Placa quadrada Descri\u00e7\u00e3o do nosso prato de sobremesa quadrado biodegrad\u00e1vel de 20 cm por 50<\/p>\n","protected":false},"featured_media":239685,"template":"","meta":{"_acf_changed":false},"product_brand":[],"product_cat":[1152,2025],"product_tag":[],"class_list":{"0":"post-19221","1":"product","2":"type-product","3":"status-publish","4":"has-post-thumbnail","6":"product_cat-gama-biologica","7":"product_cat-placas-organicas","9":"first","10":"instock","11":"taxable","12":"shipping-taxable","13":"purchasable","14":"product-type-simple"},"acf":[],"yoast_head":"<!-- This site is optimized with the Yoast SEO Premium plugin v26.6 (Yoast SEO v26.6) - https:\/\/yoast.com\/wordpress\/plugins\/seo\/ -->\n<title>Prato de sobremesa quadrado biodegrad\u00e1vel de 20 cm por 50<\/title>\n<meta name=\"description\" content=\"Prato quadrado biodegrad\u00e1vel de 20 cm, ideal para sobremesas ou entradas. Elegante, duradouro e compost\u00e1vel. Embalagem de 50 unidades para uso profissional ou privado.\" \/>\n<meta name=\"robots\" content=\"index, follow, max-snippet:-1, max-image-preview:large, max-video-preview:-1\" \/>\n<link rel=\"canonical\" href=\"https:\/\/www.csj-emballages.com\/pt-pt\/produit\/50-pratos-de-sobremesa-quadrados-biodegradaveis-de-20-cm\/\" \/>\n<meta property=\"og:locale\" content=\"pt_PT\" \/>\n<meta property=\"og:type\" content=\"article\" \/>\n<meta property=\"og:title\" content=\"Prato de sobremesa quadrado biodegrad\u00e1vel de 20 cm, 50 unidades\" \/>\n<meta property=\"og:description\" content=\"Prato quadrado biodegrad\u00e1vel de 20 cm, ideal para sobremesas ou entradas. Elegante, duradouro e compost\u00e1vel. Embalagem de 50 unidades para uso profissional ou privado.\" \/>\n<meta property=\"og:url\" content=\"https:\/\/www.csj-emballages.com\/pt-pt\/produit\/50-pratos-de-sobremesa-quadrados-biodegradaveis-de-20-cm\/\" \/>\n<meta property=\"og:site_name\" content=\"CSJ Emballages\" \/>\n<meta property=\"article:publisher\" content=\"https:\/\/www.facebook.com\/csjemballages\" \/>\n<meta property=\"article:modified_time\" content=\"2026-04-28T00:11:56+00:00\" \/>\n<meta property=\"og:image\" content=\"https:\/\/www.csj-emballages.com\/wp-content\/uploads\/2024\/03\/ATC200BIO.webp\" \/>\n\t<meta property=\"og:image:width\" content=\"800\" \/>\n\t<meta property=\"og:image:height\" content=\"800\" \/>\n\t<meta property=\"og:image:type\" content=\"image\/webp\" \/>\n<meta name=\"twitter:card\" content=\"summary_large_image\" \/>\n<meta name=\"twitter:label1\" content=\"Tempo estimado de leitura\" \/>\n\t<meta name=\"twitter:data1\" content=\"2 minutos\" \/>\n<script type=\"application\/ld+json\" class=\"yoast-schema-graph\">{\"@context\":\"https:\/\/schema.org\",\"@graph\":[{\"@type\":\"WebPage\",\"@id\":\"https:\/\/www.csj-emballages.com\/pt-pt\/produit\/50-pratos-de-sobremesa-quadrados-biodegradaveis-de-20-cm\/\",\"url\":\"https:\/\/www.csj-emballages.com\/pt-pt\/produit\/50-pratos-de-sobremesa-quadrados-biodegradaveis-de-20-cm\/\",\"name\":\"Prato de sobremesa quadrado biodegrad\u00e1vel de 20 cm por 50\",\"isPartOf\":{\"@id\":\"https:\/\/www.csj-emballages.com\/pt-pt\/#website\"},\"primaryImageOfPage\":{\"@id\":\"https:\/\/www.csj-emballages.com\/pt-pt\/produit\/50-pratos-de-sobremesa-quadrados-biodegradaveis-de-20-cm\/#primaryimage\"},\"image\":{\"@id\":\"https:\/\/www.csj-emballages.com\/pt-pt\/produit\/50-pratos-de-sobremesa-quadrados-biodegradaveis-de-20-cm\/#primaryimage\"},\"thumbnailUrl\":\"https:\/\/www.csj-emballages.com\/wp-content\/uploads\/2024\/03\/ATC200BIO.webp\",\"datePublished\":\"2024-03-01T15:57:25+00:00\",\"dateModified\":\"2026-04-28T00:11:56+00:00\",\"description\":\"Prato quadrado biodegrad\u00e1vel de 20 cm, ideal para sobremesas ou entradas. Elegante, duradouro e compost\u00e1vel. Embalagem de 50 unidades para uso profissional ou privado.\",\"breadcrumb\":{\"@id\":\"https:\/\/www.csj-emballages.com\/pt-pt\/produit\/50-pratos-de-sobremesa-quadrados-biodegradaveis-de-20-cm\/#breadcrumb\"},\"inLanguage\":\"pt-PT\",\"potentialAction\":[{\"@type\":\"ReadAction\",\"target\":[\"https:\/\/www.csj-emballages.com\/pt-pt\/produit\/50-pratos-de-sobremesa-quadrados-biodegradaveis-de-20-cm\/\"]}]},{\"@type\":\"ImageObject\",\"inLanguage\":\"pt-PT\",\"@id\":\"https:\/\/www.csj-emballages.com\/pt-pt\/produit\/50-pratos-de-sobremesa-quadrados-biodegradaveis-de-20-cm\/#primaryimage\",\"url\":\"https:\/\/www.csj-emballages.com\/wp-content\/uploads\/2024\/03\/ATC200BIO.webp\",\"contentUrl\":\"https:\/\/www.csj-emballages.com\/wp-content\/uploads\/2024\/03\/ATC200BIO.webp\",\"width\":800,\"height\":800,\"caption\":\"Assiette carr\u00e9\"},{\"@type\":\"BreadcrumbList\",\"@id\":\"https:\/\/www.csj-emballages.com\/pt-pt\/produit\/50-pratos-de-sobremesa-quadrados-biodegradaveis-de-20-cm\/#breadcrumb\",\"itemListElement\":[{\"@type\":\"ListItem\",\"position\":1,\"name\":\"Acolhimento\",\"item\":\"https:\/\/www.csj-emballages.com\/pt-pt\/universo-das-embalagens-alimentares\/\"},{\"@type\":\"ListItem\",\"position\":2,\"name\":\"Shop\",\"item\":\"https:\/\/www.csj-emballages.com\/shop\/\"},{\"@type\":\"ListItem\",\"position\":3,\"name\":\"Prato de sobremesa quadrado biodegrad\u00e1vel de 20 cm, 50 unidades\"}]},{\"@type\":\"WebSite\",\"@id\":\"https:\/\/www.csj-emballages.com\/pt-pt\/#website\",\"url\":\"https:\/\/www.csj-emballages.com\/pt-pt\/\",\"name\":\"CSJ Emballages\",\"description\":\"\",\"publisher\":{\"@id\":\"https:\/\/www.csj-emballages.com\/pt-pt\/#organization\"},\"potentialAction\":[{\"@type\":\"SearchAction\",\"target\":{\"@type\":\"EntryPoint\",\"urlTemplate\":\"https:\/\/www.csj-emballages.com\/pt-pt\/?s={search_term_string}\"},\"query-input\":{\"@type\":\"PropertyValueSpecification\",\"valueRequired\":true,\"valueName\":\"search_term_string\"}}],\"inLanguage\":\"pt-PT\"},{\"@type\":\"Organization\",\"@id\":\"https:\/\/www.csj-emballages.com\/pt-pt\/#Organization\/\",\"name\":\"CSJ Emballages\",\"url\":\"https:\/\/www.csj-emballages.com\/pt-pt\/\",\"logo\":{\"@type\":\"ImageObject\",\"inLanguage\":\"pt-PT\",\"@id\":\"https:\/\/www.csj-emballages.com\/pt-pt\/#\/schema\/logo\/image\/\",\"url\":\"https:\/\/www.csj-emballages.com\/wp-content\/uploads\/2023\/10\/logo_csj.webp\",\"contentUrl\":\"https:\/\/www.csj-emballages.com\/wp-content\/uploads\/2023\/10\/logo_csj.webp\",\"width\":250,\"height\":95,\"caption\":\"CSJ Emballages\"},\"image\":{\"@id\":\"https:\/\/www.csj-emballages.com\/pt-pt\/#\/schema\/logo\/image\/\"},\"sameAs\":[\"https:\/\/www.facebook.com\/csjemballages\"],\"address\":{\"@type\":\"PostalAddress\",\"streetAddress\":\"ZI La Lechere\",\"addressLocality\":\"Patornay\",\"postalCode\":\"39130\",\"addressCountry\":\"FR\"},\"contactPoint\":[{\"@type\":\"ContactPoint\",\"contactType\":\"Service client\",\"telephone\":\"0384254272\",\"email\":\"contact@csj-emballages.com\"}]}]}<\/script>\n<!-- \/ Yoast SEO Premium plugin. -->","yoast_head_json":{"title":"Prato de sobremesa quadrado biodegrad\u00e1vel de 20 cm por 50","description":"Prato quadrado biodegrad\u00e1vel de 20 cm, ideal para sobremesas ou entradas. Elegante, duradouro e compost\u00e1vel. Embalagem de 50 unidades para uso profissional ou privado.","robots":{"index":"index","follow":"follow","max-snippet":"max-snippet:-1","max-image-preview":"max-image-preview:large","max-video-preview":"max-video-preview:-1"},"canonical":"https:\/\/www.csj-emballages.com\/pt-pt\/produit\/50-pratos-de-sobremesa-quadrados-biodegradaveis-de-20-cm\/","og_locale":"pt_PT","og_type":"article","og_title":"Prato de sobremesa quadrado biodegrad\u00e1vel de 20 cm, 50 unidades","og_description":"Prato quadrado biodegrad\u00e1vel de 20 cm, ideal para sobremesas ou entradas. Elegante, duradouro e compost\u00e1vel. Embalagem de 50 unidades para uso profissional ou privado.","og_url":"https:\/\/www.csj-emballages.com\/pt-pt\/produit\/50-pratos-de-sobremesa-quadrados-biodegradaveis-de-20-cm\/","og_site_name":"CSJ Emballages","article_publisher":"https:\/\/www.facebook.com\/csjemballages","article_modified_time":"2026-04-28T00:11:56+00:00","og_image":[{"width":800,"height":800,"url":"https:\/\/www.csj-emballages.com\/wp-content\/uploads\/2024\/03\/ATC200BIO.webp","type":"image\/webp"}],"twitter_card":"summary_large_image","twitter_misc":{"Tempo estimado de leitura":"2 minutos"},"schema":{"@context":"https:\/\/schema.org","@graph":[{"@type":"WebPage","@id":"https:\/\/www.csj-emballages.com\/pt-pt\/produit\/50-pratos-de-sobremesa-quadrados-biodegradaveis-de-20-cm\/","url":"https:\/\/www.csj-emballages.com\/pt-pt\/produit\/50-pratos-de-sobremesa-quadrados-biodegradaveis-de-20-cm\/","name":"Prato de sobremesa quadrado biodegrad\u00e1vel de 20 cm por 50","isPartOf":{"@id":"https:\/\/www.csj-emballages.com\/pt-pt\/#website"},"primaryImageOfPage":{"@id":"https:\/\/www.csj-emballages.com\/pt-pt\/produit\/50-pratos-de-sobremesa-quadrados-biodegradaveis-de-20-cm\/#primaryimage"},"image":{"@id":"https:\/\/www.csj-emballages.com\/pt-pt\/produit\/50-pratos-de-sobremesa-quadrados-biodegradaveis-de-20-cm\/#primaryimage"},"thumbnailUrl":"https:\/\/www.csj-emballages.com\/wp-content\/uploads\/2024\/03\/ATC200BIO.webp","datePublished":"2024-03-01T15:57:25+00:00","dateModified":"2026-04-28T00:11:56+00:00","description":"Prato quadrado biodegrad\u00e1vel de 20 cm, ideal para sobremesas ou entradas. Elegante, duradouro e compost\u00e1vel. Embalagem de 50 unidades para uso profissional ou privado.","breadcrumb":{"@id":"https:\/\/www.csj-emballages.com\/pt-pt\/produit\/50-pratos-de-sobremesa-quadrados-biodegradaveis-de-20-cm\/#breadcrumb"},"inLanguage":"pt-PT","potentialAction":[{"@type":"ReadAction","target":["https:\/\/www.csj-emballages.com\/pt-pt\/produit\/50-pratos-de-sobremesa-quadrados-biodegradaveis-de-20-cm\/"]}]},{"@type":"ImageObject","inLanguage":"pt-PT","@id":"https:\/\/www.csj-emballages.com\/pt-pt\/produit\/50-pratos-de-sobremesa-quadrados-biodegradaveis-de-20-cm\/#primaryimage","url":"https:\/\/www.csj-emballages.com\/wp-content\/uploads\/2024\/03\/ATC200BIO.webp","contentUrl":"https:\/\/www.csj-emballages.com\/wp-content\/uploads\/2024\/03\/ATC200BIO.webp","width":800,"height":800,"caption":"Assiette carr\u00e9"},{"@type":"BreadcrumbList","@id":"https:\/\/www.csj-emballages.com\/pt-pt\/produit\/50-pratos-de-sobremesa-quadrados-biodegradaveis-de-20-cm\/#breadcrumb","itemListElement":[{"@type":"ListItem","position":1,"name":"Acolhimento","item":"https:\/\/www.csj-emballages.com\/pt-pt\/universo-das-embalagens-alimentares\/"},{"@type":"ListItem","position":2,"name":"Shop","item":"https:\/\/www.csj-emballages.com\/shop\/"},{"@type":"ListItem","position":3,"name":"Prato de sobremesa quadrado biodegrad\u00e1vel de 20 cm, 50 unidades"}]},{"@type":"WebSite","@id":"https:\/\/www.csj-emballages.com\/pt-pt\/#website","url":"https:\/\/www.csj-emballages.com\/pt-pt\/","name":"CSJ Emballages","description":"","publisher":{"@id":"https:\/\/www.csj-emballages.com\/pt-pt\/#organization"},"potentialAction":[{"@type":"SearchAction","target":{"@type":"EntryPoint","urlTemplate":"https:\/\/www.csj-emballages.com\/pt-pt\/?s={search_term_string}"},"query-input":{"@type":"PropertyValueSpecification","valueRequired":true,"valueName":"search_term_string"}}],"inLanguage":"pt-PT"},{"@type":"Organization","@id":"https:\/\/www.csj-emballages.com\/pt-pt\/#Organization\/","name":"CSJ Emballages","url":"https:\/\/www.csj-emballages.com\/pt-pt\/","logo":{"@type":"ImageObject","inLanguage":"pt-PT","@id":"https:\/\/www.csj-emballages.com\/pt-pt\/#\/schema\/logo\/image\/","url":"https:\/\/www.csj-emballages.com\/wp-content\/uploads\/2023\/10\/logo_csj.webp","contentUrl":"https:\/\/www.csj-emballages.com\/wp-content\/uploads\/2023\/10\/logo_csj.webp","width":250,"height":95,"caption":"CSJ Emballages"},"image":{"@id":"https:\/\/www.csj-emballages.com\/pt-pt\/#\/schema\/logo\/image\/"},"sameAs":["https:\/\/www.facebook.com\/csjemballages"],"address":{"@type":"PostalAddress","streetAddress":"ZI La Lechere","addressLocality":"Patornay","postalCode":"39130","addressCountry":"FR"},"contactPoint":[{"@type":"ContactPoint","contactType":"Service client","telephone":"0384254272","email":"contact@csj-emballages.com"}]}]}},"df_price":4.46,"df_sale_price":"","df_regular_price":4.46,"df_image_link":"https:\/\/www.csj-emballages.com\/wp-content\/uploads\/2024\/03\/ATC200BIO-300x300.webp","tiered_pricing_type":"fixed","tiered_pricing_fixed_rules":[],"tiered_pricing_percentage_rules":[],"tiered_pricing_minimum":1,"tiered_pricing_roles_data":[],"_links":{"self":[{"href":"https:\/\/www.csj-emballages.com\/pt-pt\/wp-json\/wp\/v2\/product\/19221","targetHints":{"allow":["GET"]}}],"collection":[{"href":"https:\/\/www.csj-emballages.com\/pt-pt\/wp-json\/wp\/v2\/product"}],"about":[{"href":"https:\/\/www.csj-emballages.com\/pt-pt\/wp-json\/wp\/v2\/types\/product"}],"wp:featuredmedia":[{"embeddable":true,"href":"https:\/\/www.csj-emballages.com\/pt-pt\/wp-json\/wp\/v2\/media\/239685"}],"wp:attachment":[{"href":"https:\/\/www.csj-emballages.com\/pt-pt\/wp-json\/wp\/v2\/media?parent=19221"}],"wp:term":[{"taxonomy":"product_brand","embeddable":true,"href":"https:\/\/www.csj-emballages.com\/pt-pt\/wp-json\/wp\/v2\/product_brand?post=19221"},{"taxonomy":"product_cat","embeddable":true,"href":"https:\/\/www.csj-emballages.com\/pt-pt\/wp-json\/wp\/v2\/product_cat?post=19221"},{"taxonomy":"product_tag","embeddable":true,"href":"https:\/\/www.csj-emballages.com\/pt-pt\/wp-json\/wp\/v2\/product_tag?post=19221"}],"curies":[{"name":"wp","href":"https:\/\/api.w.org\/{rel}","templated":true}]}}