{"id":19212,"date":"2024-03-01T16:57:27","date_gmt":"2024-03-01T15:57:27","guid":{"rendered":"https:\/\/u15jnbdpoq.preview.infomaniak.website\/produit\/100-pratos-de-papel-brancos-redondos-e-planos-descartaveis-de-23-cm\/"},"modified":"2026-04-16T09:00:34","modified_gmt":"2026-04-16T07:00:34","slug":"100-pratos-de-papel-brancos-redondos-e-planos-descartaveis-de-23-cm","status":"publish","type":"product","link":"https:\/\/www.csj-emballages.com\/pt-pt\/produit\/100-pratos-de-papel-brancos-redondos-e-planos-descartaveis-de-23-cm\/","title":{"rendered":"Prato de papel redondo branco de 23 cm por 100"},"content":{"rendered":"<h2>Placa branca<\/h2>\n<hr>\n<h3>Descubra o nosso prato de papel redondo branco de 23 cm por 100<\/h3>\n<p><!--more--><\/p>\n<p data-start=\"194\" data-end=\"688\">Se procura uma forma simples, limpa e elegante de servir a sua comida, estes <strong>pratos redondos brancos<\/strong> <strong>de 23 cm<\/strong> s\u00e3o exatamente o que precisa. O seu design <strong>elegante<\/strong> permite a sua utiliza\u00e7\u00e3o em qualquer lugar: num buffet, num evento de neg\u00f3cios, numa festa de fam\u00edlia, num snack-bar ou num take-away&#8230; Combinam com qualquer decora\u00e7\u00e3o sem roubar a aten\u00e7\u00e3o \u00e0 comida. A sua <strong>cor branca<\/strong> real\u00e7a naturalmente o que est\u00e1 a servir, quer se trate de uma pastelaria, de uma entrada, de um bolo ou de uma pequena por\u00e7\u00e3o quente.  <\/p>\n<p data-start=\"690\" data-end=\"1029\">Gra\u00e7as ao seu <strong>cart\u00e3o r\u00edgido<\/strong>, podem facilmente servir pratos do dia a dia. N\u00e3o se desmoronam assim que se adiciona uma por\u00e7\u00e3o generosa, o que os torna muito pr\u00e1ticos em situa\u00e7\u00f5es de ritmo acelerado. Podem ser empilhadas, distribu\u00eddas rapidamente e utilizadas sem receio de se desfazerem a meio do servi\u00e7o.  <\/p>\n<p data-start=\"1031\" data-end=\"1315\">Uma vez que s\u00e3o vendidos <strong data-start=\"1056\" data-end=\"1067\">em embalagens de 100 unidades<\/strong>, pode dispor de um stock confort\u00e1vel para dias atarefados ou eventos em que \u00e9 necess\u00e1rio servir muitas pessoas. Este formato evita rupturas de stock e permite-lhe manter-se organizado sem ter de andar para tr\u00e1s e para a frente para reabastecer. <\/p>\n<p data-start=\"1317\" data-end=\"1671\">Oferecem tamb\u00e9m uma vantagem significativa: a sua simplicidade. N\u00e3o \u00e9 necess\u00e1rio perder tempo a selecionar, limpar ou combinar a loi\u00e7a. Basta pegar nela, servi-la e deit\u00e1-la fora. \u00c9 limpo, r\u00e1pido e eficaz. Para os profissionais, \u00e9 uma verdadeira lufada de ar fresco; para os particulares, \u00e9 a solu\u00e7\u00e3o ideal para evitar a tarefa de lavar a loi\u00e7a depois de uma festa.    <\/p>\n<p data-start=\"1673\" data-end=\"1890\">Em suma, estes <strong>pratos de papel brancos<\/strong> combinam <strong data-start=\"1727\" data-end=\"1765\">discri\u00e7\u00e3o, praticidade e fiabilidade<\/strong>. Cumprem perfeitamente a sua fun\u00e7\u00e3o sem exagerar &#8211; e \u00e9 exatamente isso que se pretende de um bom prato descart\u00e1vel. <\/p>\n<p data-start=\"1673\" data-end=\"1890\"><!--more--><\/p>\n<h4>Vantagens :<\/h4>\n<ul>\n<li data-start=\"1918\" data-end=\"1969\">Estilo <strong>branco elegante<\/strong> que real\u00e7a o melhor dos alimentos.<\/li>\n<li data-start=\"1972\" data-end=\"2009\"><strong>Cart\u00e3o r\u00edgido<\/strong>, boa ader\u00eancia.<\/li>\n<li data-start=\"2012\" data-end=\"2069\">Ideal para buffets, eventos, piqueniques e lanches.<\/li>\n<li data-start=\"2072\" data-end=\"2101\">Embalagem pr\u00e1tica de <strong>100<\/strong>.<\/li>\n<li data-start=\"2104\" data-end=\"2149\">R\u00e1pido de utilizar e sem necessidade de lavar a loi\u00e7a.<\/li>\n<\/ul>\n<p>&nbsp;<\/p>\n<p><!--more--><\/p>\n<h4>Outras informa\u00e7\u00f5es :<\/h4>\n<ul>\n<li><strong>Embalagem<\/strong>: Pacote de 100<\/li>\n<li><strong>Dimens\u00f5es<\/strong>: 23 x 2,3 (\u00d8 x H em cm)<\/li>\n<li><strong>Material<\/strong>: Cart\u00e3o<\/li>\n<li><strong>Cor<\/strong>: Branco<\/li>\n<\/ul>\n<p>&nbsp;<\/p>\n<p><!--more--><\/p>\n<p>Este prato de papel de \u00d823 cm tamb\u00e9m est\u00e1 dispon\u00edvel em \u00d818 cm : <span style=\"color: #d12727;\"><a style=\"color: #d12727;\" href=\"https:\/\/www.csj-emballages.com\/pt-pt\/produit\/100-pratos-de-sobremesa-descartaveis-de-cartao-branco-redondo-e-plano-de-18-cm\/\">AS18CART<\/a><\/span><\/p>\n<p>&nbsp;<\/p>\n<p><!--more--><\/p>\n<p><a href=\"https:\/\/www.csj-emballages.com\/pt-pt\/categorie-produit\/embalagem-de-alimentos\/restauracao\/pratos-talheres-descartaveis-palhinhas\/pratos-de-papel-redondos-descartaveis\/\">Ver o resto da nossa gama de pratos de papel brancos  <\/a><\/p>\n","protected":false},"excerpt":{"rendered":"<p>Placa branca Descubra o nosso prato de papel redondo branco de 23 cm por 100<\/p>\n","protected":false},"featured_media":165722,"template":"","meta":{"_acf_changed":false},"product_brand":[],"product_cat":[2034],"product_tag":[],"class_list":{"0":"post-19212","1":"product","2":"type-product","3":"status-publish","4":"has-post-thumbnail","6":"product_cat-pratos-de-papel-redondos-descartaveis","8":"first","9":"instock","10":"taxable","11":"shipping-taxable","12":"purchasable","13":"product-type-simple"},"acf":[],"yoast_head":"<!-- This site is optimized with the Yoast SEO Premium plugin v26.6 (Yoast SEO v26.6) - https:\/\/yoast.com\/wordpress\/plugins\/seo\/ -->\n<title>Prato redondo de cart\u00e3o branco - 23 cm<\/title>\n<meta name=\"description\" content=\"Descubra o nosso prato de papel branco redondo de 23 cm! Oferecemos-lhe um pacote de 100 pratos de papel a um pre\u00e7o de desconto\" \/>\n<meta name=\"robots\" content=\"index, follow, max-snippet:-1, max-image-preview:large, max-video-preview:-1\" \/>\n<link rel=\"canonical\" href=\"https:\/\/www.csj-emballages.com\/pt-pt\/produit\/100-pratos-de-papel-brancos-redondos-e-planos-descartaveis-de-23-cm\/\" \/>\n<meta property=\"og:locale\" content=\"pt_PT\" \/>\n<meta property=\"og:type\" content=\"article\" \/>\n<meta property=\"og:title\" content=\"Prato de papel redondo branco de 23 cm por 100\" \/>\n<meta property=\"og:description\" content=\"Descubra o nosso prato de papel branco redondo de 23 cm! Oferecemos-lhe um pacote de 100 pratos de papel a um pre\u00e7o de desconto\" \/>\n<meta property=\"og:url\" content=\"https:\/\/www.csj-emballages.com\/pt-pt\/produit\/100-pratos-de-papel-brancos-redondos-e-planos-descartaveis-de-23-cm\/\" \/>\n<meta property=\"og:site_name\" content=\"CSJ Emballages\" \/>\n<meta property=\"article:publisher\" content=\"https:\/\/www.facebook.com\/csjemballages\" \/>\n<meta property=\"article:modified_time\" content=\"2026-04-16T07:00:34+00:00\" \/>\n<meta property=\"og:image\" content=\"https:\/\/www.csj-emballages.com\/wp-content\/uploads\/2024\/03\/50-assiettes-en-carton-rondes-blanches-18cm-p-image-221704-grande-jpg-e1731485037601.webp\" \/>\n\t<meta property=\"og:image:width\" content=\"1000\" \/>\n\t<meta property=\"og:image:height\" content=\"1000\" \/>\n\t<meta property=\"og:image:type\" content=\"image\/jpeg\" \/>\n<meta name=\"twitter:card\" content=\"summary_large_image\" \/>\n<meta name=\"twitter:label1\" content=\"Tempo estimado de leitura\" \/>\n\t<meta name=\"twitter:data1\" content=\"2 minutos\" \/>\n<script type=\"application\/ld+json\" class=\"yoast-schema-graph\">{\"@context\":\"https:\/\/schema.org\",\"@graph\":[{\"@type\":\"WebPage\",\"@id\":\"https:\/\/www.csj-emballages.com\/pt-pt\/produit\/100-pratos-de-papel-brancos-redondos-e-planos-descartaveis-de-23-cm\/\",\"url\":\"https:\/\/www.csj-emballages.com\/pt-pt\/produit\/100-pratos-de-papel-brancos-redondos-e-planos-descartaveis-de-23-cm\/\",\"name\":\"Prato redondo de cart\u00e3o branco - 23 cm\",\"isPartOf\":{\"@id\":\"https:\/\/www.csj-emballages.com\/pt-pt\/#website\"},\"primaryImageOfPage\":{\"@id\":\"https:\/\/www.csj-emballages.com\/pt-pt\/produit\/100-pratos-de-papel-brancos-redondos-e-planos-descartaveis-de-23-cm\/#primaryimage\"},\"image\":{\"@id\":\"https:\/\/www.csj-emballages.com\/pt-pt\/produit\/100-pratos-de-papel-brancos-redondos-e-planos-descartaveis-de-23-cm\/#primaryimage\"},\"thumbnailUrl\":\"https:\/\/www.csj-emballages.com\/wp-content\/uploads\/2024\/03\/50-assiettes-en-carton-rondes-blanches-18cm-p-image-221704-grande-jpg-e1731485037601.webp\",\"datePublished\":\"2024-03-01T15:57:27+00:00\",\"dateModified\":\"2026-04-16T07:00:34+00:00\",\"description\":\"Descubra o nosso prato de papel branco redondo de 23 cm! Oferecemos-lhe um pacote de 100 pratos de papel a um pre\u00e7o de desconto\",\"breadcrumb\":{\"@id\":\"https:\/\/www.csj-emballages.com\/pt-pt\/produit\/100-pratos-de-papel-brancos-redondos-e-planos-descartaveis-de-23-cm\/#breadcrumb\"},\"inLanguage\":\"pt-PT\",\"potentialAction\":[{\"@type\":\"ReadAction\",\"target\":[\"https:\/\/www.csj-emballages.com\/pt-pt\/produit\/100-pratos-de-papel-brancos-redondos-e-planos-descartaveis-de-23-cm\/\"]}]},{\"@type\":\"ImageObject\",\"inLanguage\":\"pt-PT\",\"@id\":\"https:\/\/www.csj-emballages.com\/pt-pt\/produit\/100-pratos-de-papel-brancos-redondos-e-planos-descartaveis-de-23-cm\/#primaryimage\",\"url\":\"https:\/\/www.csj-emballages.com\/wp-content\/uploads\/2024\/03\/50-assiettes-en-carton-rondes-blanches-18cm-p-image-221704-grande-jpg-e1731485037601.webp\",\"contentUrl\":\"https:\/\/www.csj-emballages.com\/wp-content\/uploads\/2024\/03\/50-assiettes-en-carton-rondes-blanches-18cm-p-image-221704-grande-jpg-e1731485037601.webp\",\"width\":1000,\"height\":1000,\"caption\":\"assiette blanche\"},{\"@type\":\"BreadcrumbList\",\"@id\":\"https:\/\/www.csj-emballages.com\/pt-pt\/produit\/100-pratos-de-papel-brancos-redondos-e-planos-descartaveis-de-23-cm\/#breadcrumb\",\"itemListElement\":[{\"@type\":\"ListItem\",\"position\":1,\"name\":\"Acolhimento\",\"item\":\"https:\/\/www.csj-emballages.com\/pt-pt\/universo-das-embalagens-alimentares\/\"},{\"@type\":\"ListItem\",\"position\":2,\"name\":\"Shop\",\"item\":\"https:\/\/www.csj-emballages.com\/shop\/\"},{\"@type\":\"ListItem\",\"position\":3,\"name\":\"Prato de papel redondo branco de 23 cm por 100\"}]},{\"@type\":\"WebSite\",\"@id\":\"https:\/\/www.csj-emballages.com\/pt-pt\/#website\",\"url\":\"https:\/\/www.csj-emballages.com\/pt-pt\/\",\"name\":\"CSJ Emballages\",\"description\":\"\",\"publisher\":{\"@id\":\"https:\/\/www.csj-emballages.com\/pt-pt\/#organization\"},\"potentialAction\":[{\"@type\":\"SearchAction\",\"target\":{\"@type\":\"EntryPoint\",\"urlTemplate\":\"https:\/\/www.csj-emballages.com\/pt-pt\/?s={search_term_string}\"},\"query-input\":{\"@type\":\"PropertyValueSpecification\",\"valueRequired\":true,\"valueName\":\"search_term_string\"}}],\"inLanguage\":\"pt-PT\"},{\"@type\":\"Organization\",\"@id\":\"https:\/\/www.csj-emballages.com\/pt-pt\/#Organization\/\",\"name\":\"CSJ Emballages\",\"url\":\"https:\/\/www.csj-emballages.com\/pt-pt\/\",\"logo\":{\"@type\":\"ImageObject\",\"inLanguage\":\"pt-PT\",\"@id\":\"https:\/\/www.csj-emballages.com\/pt-pt\/#\/schema\/logo\/image\/\",\"url\":\"https:\/\/www.csj-emballages.com\/wp-content\/uploads\/2023\/10\/logo_csj.webp\",\"contentUrl\":\"https:\/\/www.csj-emballages.com\/wp-content\/uploads\/2023\/10\/logo_csj.webp\",\"width\":250,\"height\":95,\"caption\":\"CSJ Emballages\"},\"image\":{\"@id\":\"https:\/\/www.csj-emballages.com\/pt-pt\/#\/schema\/logo\/image\/\"},\"sameAs\":[\"https:\/\/www.facebook.com\/csjemballages\"],\"address\":{\"@type\":\"PostalAddress\",\"streetAddress\":\"ZI La Lechere\",\"addressLocality\":\"Patornay\",\"postalCode\":\"39130\",\"addressCountry\":\"FR\"},\"contactPoint\":[{\"@type\":\"ContactPoint\",\"contactType\":\"Service client\",\"telephone\":\"0384254272\",\"email\":\"contact@csj-emballages.com\"}]}]}<\/script>\n<!-- \/ Yoast SEO Premium plugin. -->","yoast_head_json":{"title":"Prato redondo de cart\u00e3o branco - 23 cm","description":"Descubra o nosso prato de papel branco redondo de 23 cm! Oferecemos-lhe um pacote de 100 pratos de papel a um pre\u00e7o de desconto","robots":{"index":"index","follow":"follow","max-snippet":"max-snippet:-1","max-image-preview":"max-image-preview:large","max-video-preview":"max-video-preview:-1"},"canonical":"https:\/\/www.csj-emballages.com\/pt-pt\/produit\/100-pratos-de-papel-brancos-redondos-e-planos-descartaveis-de-23-cm\/","og_locale":"pt_PT","og_type":"article","og_title":"Prato de papel redondo branco de 23 cm por 100","og_description":"Descubra o nosso prato de papel branco redondo de 23 cm! Oferecemos-lhe um pacote de 100 pratos de papel a um pre\u00e7o de desconto","og_url":"https:\/\/www.csj-emballages.com\/pt-pt\/produit\/100-pratos-de-papel-brancos-redondos-e-planos-descartaveis-de-23-cm\/","og_site_name":"CSJ Emballages","article_publisher":"https:\/\/www.facebook.com\/csjemballages","article_modified_time":"2026-04-16T07:00:34+00:00","og_image":[{"width":1000,"height":1000,"url":"https:\/\/www.csj-emballages.com\/wp-content\/uploads\/2024\/03\/50-assiettes-en-carton-rondes-blanches-18cm-p-image-221704-grande-jpg-e1731485037601.webp","type":"image\/jpeg"}],"twitter_card":"summary_large_image","twitter_misc":{"Tempo estimado de leitura":"2 minutos"},"schema":{"@context":"https:\/\/schema.org","@graph":[{"@type":"WebPage","@id":"https:\/\/www.csj-emballages.com\/pt-pt\/produit\/100-pratos-de-papel-brancos-redondos-e-planos-descartaveis-de-23-cm\/","url":"https:\/\/www.csj-emballages.com\/pt-pt\/produit\/100-pratos-de-papel-brancos-redondos-e-planos-descartaveis-de-23-cm\/","name":"Prato redondo de cart\u00e3o branco - 23 cm","isPartOf":{"@id":"https:\/\/www.csj-emballages.com\/pt-pt\/#website"},"primaryImageOfPage":{"@id":"https:\/\/www.csj-emballages.com\/pt-pt\/produit\/100-pratos-de-papel-brancos-redondos-e-planos-descartaveis-de-23-cm\/#primaryimage"},"image":{"@id":"https:\/\/www.csj-emballages.com\/pt-pt\/produit\/100-pratos-de-papel-brancos-redondos-e-planos-descartaveis-de-23-cm\/#primaryimage"},"thumbnailUrl":"https:\/\/www.csj-emballages.com\/wp-content\/uploads\/2024\/03\/50-assiettes-en-carton-rondes-blanches-18cm-p-image-221704-grande-jpg-e1731485037601.webp","datePublished":"2024-03-01T15:57:27+00:00","dateModified":"2026-04-16T07:00:34+00:00","description":"Descubra o nosso prato de papel branco redondo de 23 cm! Oferecemos-lhe um pacote de 100 pratos de papel a um pre\u00e7o de desconto","breadcrumb":{"@id":"https:\/\/www.csj-emballages.com\/pt-pt\/produit\/100-pratos-de-papel-brancos-redondos-e-planos-descartaveis-de-23-cm\/#breadcrumb"},"inLanguage":"pt-PT","potentialAction":[{"@type":"ReadAction","target":["https:\/\/www.csj-emballages.com\/pt-pt\/produit\/100-pratos-de-papel-brancos-redondos-e-planos-descartaveis-de-23-cm\/"]}]},{"@type":"ImageObject","inLanguage":"pt-PT","@id":"https:\/\/www.csj-emballages.com\/pt-pt\/produit\/100-pratos-de-papel-brancos-redondos-e-planos-descartaveis-de-23-cm\/#primaryimage","url":"https:\/\/www.csj-emballages.com\/wp-content\/uploads\/2024\/03\/50-assiettes-en-carton-rondes-blanches-18cm-p-image-221704-grande-jpg-e1731485037601.webp","contentUrl":"https:\/\/www.csj-emballages.com\/wp-content\/uploads\/2024\/03\/50-assiettes-en-carton-rondes-blanches-18cm-p-image-221704-grande-jpg-e1731485037601.webp","width":1000,"height":1000,"caption":"assiette blanche"},{"@type":"BreadcrumbList","@id":"https:\/\/www.csj-emballages.com\/pt-pt\/produit\/100-pratos-de-papel-brancos-redondos-e-planos-descartaveis-de-23-cm\/#breadcrumb","itemListElement":[{"@type":"ListItem","position":1,"name":"Acolhimento","item":"https:\/\/www.csj-emballages.com\/pt-pt\/universo-das-embalagens-alimentares\/"},{"@type":"ListItem","position":2,"name":"Shop","item":"https:\/\/www.csj-emballages.com\/shop\/"},{"@type":"ListItem","position":3,"name":"Prato de papel redondo branco de 23 cm por 100"}]},{"@type":"WebSite","@id":"https:\/\/www.csj-emballages.com\/pt-pt\/#website","url":"https:\/\/www.csj-emballages.com\/pt-pt\/","name":"CSJ Emballages","description":"","publisher":{"@id":"https:\/\/www.csj-emballages.com\/pt-pt\/#organization"},"potentialAction":[{"@type":"SearchAction","target":{"@type":"EntryPoint","urlTemplate":"https:\/\/www.csj-emballages.com\/pt-pt\/?s={search_term_string}"},"query-input":{"@type":"PropertyValueSpecification","valueRequired":true,"valueName":"search_term_string"}}],"inLanguage":"pt-PT"},{"@type":"Organization","@id":"https:\/\/www.csj-emballages.com\/pt-pt\/#Organization\/","name":"CSJ Emballages","url":"https:\/\/www.csj-emballages.com\/pt-pt\/","logo":{"@type":"ImageObject","inLanguage":"pt-PT","@id":"https:\/\/www.csj-emballages.com\/pt-pt\/#\/schema\/logo\/image\/","url":"https:\/\/www.csj-emballages.com\/wp-content\/uploads\/2023\/10\/logo_csj.webp","contentUrl":"https:\/\/www.csj-emballages.com\/wp-content\/uploads\/2023\/10\/logo_csj.webp","width":250,"height":95,"caption":"CSJ Emballages"},"image":{"@id":"https:\/\/www.csj-emballages.com\/pt-pt\/#\/schema\/logo\/image\/"},"sameAs":["https:\/\/www.facebook.com\/csjemballages"],"address":{"@type":"PostalAddress","streetAddress":"ZI La Lechere","addressLocality":"Patornay","postalCode":"39130","addressCountry":"FR"},"contactPoint":[{"@type":"ContactPoint","contactType":"Service client","telephone":"0384254272","email":"contact@csj-emballages.com"}]}]}},"df_price":5.11,"df_sale_price":"","df_regular_price":5.11,"df_image_link":"https:\/\/www.csj-emballages.com\/wp-content\/uploads\/2024\/03\/50-assiettes-en-carton-rondes-blanches-18cm-p-image-221704-grande-300x300.webp","tiered_pricing_type":"fixed","tiered_pricing_fixed_rules":[],"tiered_pricing_percentage_rules":[],"tiered_pricing_minimum":1,"tiered_pricing_roles_data":[],"_links":{"self":[{"href":"https:\/\/www.csj-emballages.com\/pt-pt\/wp-json\/wp\/v2\/product\/19212","targetHints":{"allow":["GET"]}}],"collection":[{"href":"https:\/\/www.csj-emballages.com\/pt-pt\/wp-json\/wp\/v2\/product"}],"about":[{"href":"https:\/\/www.csj-emballages.com\/pt-pt\/wp-json\/wp\/v2\/types\/product"}],"wp:featuredmedia":[{"embeddable":true,"href":"https:\/\/www.csj-emballages.com\/pt-pt\/wp-json\/wp\/v2\/media\/165722"}],"wp:attachment":[{"href":"https:\/\/www.csj-emballages.com\/pt-pt\/wp-json\/wp\/v2\/media?parent=19212"}],"wp:term":[{"taxonomy":"product_brand","embeddable":true,"href":"https:\/\/www.csj-emballages.com\/pt-pt\/wp-json\/wp\/v2\/product_brand?post=19212"},{"taxonomy":"product_cat","embeddable":true,"href":"https:\/\/www.csj-emballages.com\/pt-pt\/wp-json\/wp\/v2\/product_cat?post=19212"},{"taxonomy":"product_tag","embeddable":true,"href":"https:\/\/www.csj-emballages.com\/pt-pt\/wp-json\/wp\/v2\/product_tag?post=19212"}],"curies":[{"name":"wp","href":"https:\/\/api.w.org\/{rel}","templated":true}]}}