{"id":19181,"date":"2024-03-01T16:57:28","date_gmt":"2024-03-01T15:57:28","guid":{"rendered":"https:\/\/u15jnbdpoq.preview.infomaniak.website\/produit\/50-placas-biodegradaveis-de-22-cm\/"},"modified":"2026-04-04T02:10:55","modified_gmt":"2026-04-04T00:10:55","slug":"50-placas-biodegradaveis-de-22-cm","status":"publish","type":"product","link":"https:\/\/www.csj-emballages.com\/pt-pt\/produit\/50-placas-biodegradaveis-de-22-cm\/","title":{"rendered":"Prato redondo biodegrad\u00e1vel de 22 cm por 50"},"content":{"rendered":"<h2>Placa redonda<\/h2>\n<hr>\n<h3>Descri\u00e7\u00e3o do nosso prato redondo biodegrad\u00e1vel de 22 cm por 50<\/h3>\n<p><!--more--><\/p>\n<p data-start=\"211\" data-end=\"605\">Procura uma solu\u00e7\u00e3o pr\u00e1tica, elegante e amiga do ambiente para os seus eventos ou para o seu neg\u00f3cio de catering? Este <strong data-start=\"357\" data-end=\"398\">prato biodegrad\u00e1vel redondo de 22 cm<\/strong> \u00e9 uma aposta segura. Fabricado a partir de materiais naturais como <g id=\"gid_1\">o baga\u00e7o<\/g><g id=\"gid_2\">(polpa de cana-de-a\u00e7\u00facar<\/g>), oferece uma \u00f3ptima alternativa aos pratos de pl\u00e1stico descart\u00e1veis, sem comprometer a sua robustez. O seu di\u00e2metro <strong data-start=\"611\" data-end=\"632\">de 22 cm<\/strong> faz dele um tamanho polivalente, perfeito para pratos principais, saladas fartas ou mesmo sobremesas generosas. Quer seja para um casamento, um buffet, uma festa de empresa ou um servi\u00e7o de catering eco-respons\u00e1vel, combina <strong data-start=\"867\" data-end=\"899\">est\u00e9tica e funcionalidade<\/strong>.    <\/p>\n<p data-start=\"902\" data-end=\"1204\">Resistente a pratos quentes e frios, pode at\u00e9 ser colocado no micro-ondas ou no congelador sem se deformar. E depois de utilizado? Vai para a pilha de compostagem! \u00c9 <strong data-start=\"1066\" data-end=\"1087\">100% compost\u00e1vel<\/strong>, pelo que pode reduzir consideravelmente os seus res\u00edduos, mantendo uma imagem profissional e empenhada.   <\/p>\n<p data-start=\"1206\" data-end=\"1445\">Pr\u00e1tico de transportar e empilh\u00e1vel, \u00e9 fornecido em <strong data-start=\"1260\" data-end=\"1273\">embalagens de 50 unidades<\/strong>, pronto a ser utilizado para todas as suas necessidades, quer seja propriet\u00e1rio de um restaurante preocupado com o seu impacto ambiental, uma autarquia local ou um particular que organiza um evento.<\/p>\n<p data-start=\"1377\" data-end=\"1659\"><!--more--><\/p>\n<h4 data-start=\"1377\" data-end=\"1659\">Vantagens :<\/h4>\n<ul>\n<li>100% biodegrad\u00e1vel e compost\u00e1vel.<\/li>\n<li>Fabricado a partir de fibras vegetais (baga\u00e7o).<\/li>\n<li>Resistente aos l\u00edquidos, \u00e0 gordura e ao calor.<\/li>\n<li>Compat\u00edvel com micro-ondas.<\/li>\n<li>Um aspeto s\u00f3brio e natural para uma bela apresenta\u00e7\u00e3o.<\/li>\n<li>Ideal para empresas de catering, restaurantes e particulares.<\/li>\n<\/ul>\n<p>&nbsp;<\/p>\n<p><!--more--><\/p>\n<h4>Outras informa\u00e7\u00f5es :<\/h4>\n<ul>\n<li><strong>Embalagem<\/strong>: Pacote de 50<\/li>\n<li><b>Di\u00e2metro exterior <\/b>: 230 mm<\/li>\n<li><b>Di\u00e2metro interno <\/b>: 160 mm<\/li>\n<li><strong>Altura<\/strong>: 15 mm<\/li>\n<li><strong>Material<\/strong>: Polpa de cana de a\u00e7\u00facar \/ baga\u00e7o<\/li>\n<li><strong>Cor<\/strong>: Branco<\/li>\n<li><strong>Temperatura de funcionamento<\/strong>: -4\u00b0C \/ +100\u00b0C<\/li>\n<\/ul>\n<p>&nbsp;<\/p>\n<p><!--more--><\/p>\n<p>Encontre aqui todos os nossos pratos redondos de baga\u00e7o dispon\u00edveis em v\u00e1rios tamanhos: <span style=\"color: #d12727;\"><a style=\"color: #d12727;\" href=\"https:\/\/www.csj-emballages.com\/produit\/50-assiettes-a-dessert-biodegradables-17cm\/\">17 cm<\/a><\/span> \/ <span style=\"color: #d12727;\"><a style=\"color: #d12727;\" href=\"https:\/\/www.csj-emballages.com\/produit\/50-assiettes-biodegradables-26-cm\/\">26 cm<\/a><\/span><\/p>\n<div style=\"text-align: center;\">\n<div style=\"text-align: center;\">\n<div style=\"text-align: center;\">\n<div style=\"text-align: center;\">\n<div style=\"text-align: center;\">\n<div style=\"text-align: center;\">\n<div style=\"text-align: center;\">\n<div style=\"text-align: center;\"><\/div>\n<\/div>\n<\/div>\n<\/div>\n<\/div>\n<\/div>\n<\/div>\n<\/div>\n<p><!--more--><\/p>\n<p><a href=\"https:\/\/www.csj-emballages.com\/pt-pt\/categorie-produit\/embalagem-de-alimentos\/gama-biologica\/pratos-tabuleiros-caixas\/placas-organicas\/\">Ver o resto da nossa gama de pratos biodegrad\u00e1veis<\/a><\/p>\n","protected":false},"excerpt":{"rendered":"<p>Placa redonda Descri\u00e7\u00e3o do nosso prato redondo biodegrad\u00e1vel de 22 cm por 50<\/p>\n","protected":false},"featured_media":239713,"template":"","meta":{"_acf_changed":false},"product_brand":[],"product_cat":[1152,2025],"product_tag":[],"class_list":{"0":"post-19181","1":"product","2":"type-product","3":"status-publish","4":"has-post-thumbnail","6":"product_cat-gama-biologica","7":"product_cat-placas-organicas","9":"first","10":"instock","11":"taxable","12":"shipping-taxable","13":"purchasable","14":"product-type-simple"},"acf":[],"yoast_head":"<!-- This site is optimized with the Yoast SEO Premium plugin v26.6 (Yoast SEO v26.6) - https:\/\/yoast.com\/wordpress\/plugins\/seo\/ -->\n<title>Prato redondo biodegrad\u00e1vel 22 cm por 50<\/title>\n<meta name=\"description\" content=\"Um prato biodegrad\u00e1vel s\u00f3lido de 22 cm, compost\u00e1vel, feito de baga\u00e7o, ideal para todos os seus eventos. Vendido em embalagens de 50 unidades. Pr\u00e1tico, ecol\u00f3gico e elegante.\" \/>\n<meta name=\"robots\" content=\"index, follow, max-snippet:-1, max-image-preview:large, max-video-preview:-1\" \/>\n<link rel=\"canonical\" href=\"https:\/\/www.csj-emballages.com\/pt-pt\/produit\/50-placas-biodegradaveis-de-22-cm\/\" \/>\n<meta property=\"og:locale\" content=\"pt_PT\" \/>\n<meta property=\"og:type\" content=\"article\" \/>\n<meta property=\"og:title\" content=\"Prato redondo biodegrad\u00e1vel de 22 cm por 50\" \/>\n<meta property=\"og:description\" content=\"Um prato biodegrad\u00e1vel s\u00f3lido de 22 cm, compost\u00e1vel, feito de baga\u00e7o, ideal para todos os seus eventos. Vendido em embalagens de 50 unidades. Pr\u00e1tico, ecol\u00f3gico e elegante.\" \/>\n<meta property=\"og:url\" content=\"https:\/\/www.csj-emballages.com\/pt-pt\/produit\/50-placas-biodegradaveis-de-22-cm\/\" \/>\n<meta property=\"og:site_name\" content=\"CSJ Emballages\" \/>\n<meta property=\"article:publisher\" content=\"https:\/\/www.facebook.com\/csjemballages\" \/>\n<meta property=\"article:modified_time\" content=\"2026-04-04T00:10:55+00:00\" \/>\n<meta property=\"og:image\" content=\"https:\/\/www.csj-emballages.com\/wp-content\/uploads\/2024\/03\/AS23BIO.webp\" \/>\n\t<meta property=\"og:image:width\" content=\"800\" \/>\n\t<meta property=\"og:image:height\" content=\"800\" \/>\n\t<meta property=\"og:image:type\" content=\"image\/webp\" \/>\n<meta name=\"twitter:card\" content=\"summary_large_image\" \/>\n<meta name=\"twitter:label1\" content=\"Tempo estimado de leitura\" \/>\n\t<meta name=\"twitter:data1\" content=\"2 minutos\" \/>\n<script type=\"application\/ld+json\" class=\"yoast-schema-graph\">{\"@context\":\"https:\/\/schema.org\",\"@graph\":[{\"@type\":\"WebPage\",\"@id\":\"https:\/\/www.csj-emballages.com\/pt-pt\/produit\/50-placas-biodegradaveis-de-22-cm\/\",\"url\":\"https:\/\/www.csj-emballages.com\/pt-pt\/produit\/50-placas-biodegradaveis-de-22-cm\/\",\"name\":\"Prato redondo biodegrad\u00e1vel 22 cm por 50\",\"isPartOf\":{\"@id\":\"https:\/\/www.csj-emballages.com\/pt-pt\/#website\"},\"primaryImageOfPage\":{\"@id\":\"https:\/\/www.csj-emballages.com\/pt-pt\/produit\/50-placas-biodegradaveis-de-22-cm\/#primaryimage\"},\"image\":{\"@id\":\"https:\/\/www.csj-emballages.com\/pt-pt\/produit\/50-placas-biodegradaveis-de-22-cm\/#primaryimage\"},\"thumbnailUrl\":\"https:\/\/www.csj-emballages.com\/wp-content\/uploads\/2024\/03\/AS23BIO.webp\",\"datePublished\":\"2024-03-01T15:57:28+00:00\",\"dateModified\":\"2026-04-04T00:10:55+00:00\",\"description\":\"Um prato biodegrad\u00e1vel s\u00f3lido de 22 cm, compost\u00e1vel, feito de baga\u00e7o, ideal para todos os seus eventos. Vendido em embalagens de 50 unidades. Pr\u00e1tico, ecol\u00f3gico e elegante.\",\"breadcrumb\":{\"@id\":\"https:\/\/www.csj-emballages.com\/pt-pt\/produit\/50-placas-biodegradaveis-de-22-cm\/#breadcrumb\"},\"inLanguage\":\"pt-PT\",\"potentialAction\":[{\"@type\":\"ReadAction\",\"target\":[\"https:\/\/www.csj-emballages.com\/pt-pt\/produit\/50-placas-biodegradaveis-de-22-cm\/\"]}]},{\"@type\":\"ImageObject\",\"inLanguage\":\"pt-PT\",\"@id\":\"https:\/\/www.csj-emballages.com\/pt-pt\/produit\/50-placas-biodegradaveis-de-22-cm\/#primaryimage\",\"url\":\"https:\/\/www.csj-emballages.com\/wp-content\/uploads\/2024\/03\/AS23BIO.webp\",\"contentUrl\":\"https:\/\/www.csj-emballages.com\/wp-content\/uploads\/2024\/03\/AS23BIO.webp\",\"width\":800,\"height\":800,\"caption\":\"Assiette ronde\"},{\"@type\":\"BreadcrumbList\",\"@id\":\"https:\/\/www.csj-emballages.com\/pt-pt\/produit\/50-placas-biodegradaveis-de-22-cm\/#breadcrumb\",\"itemListElement\":[{\"@type\":\"ListItem\",\"position\":1,\"name\":\"Acolhimento\",\"item\":\"https:\/\/www.csj-emballages.com\/pt-pt\/universo-das-embalagens-alimentares\/\"},{\"@type\":\"ListItem\",\"position\":2,\"name\":\"Shop\",\"item\":\"https:\/\/www.csj-emballages.com\/shop\/\"},{\"@type\":\"ListItem\",\"position\":3,\"name\":\"Prato redondo biodegrad\u00e1vel de 22 cm por 50\"}]},{\"@type\":\"WebSite\",\"@id\":\"https:\/\/www.csj-emballages.com\/pt-pt\/#website\",\"url\":\"https:\/\/www.csj-emballages.com\/pt-pt\/\",\"name\":\"CSJ Emballages\",\"description\":\"\",\"publisher\":{\"@id\":\"https:\/\/www.csj-emballages.com\/pt-pt\/#organization\"},\"potentialAction\":[{\"@type\":\"SearchAction\",\"target\":{\"@type\":\"EntryPoint\",\"urlTemplate\":\"https:\/\/www.csj-emballages.com\/pt-pt\/?s={search_term_string}\"},\"query-input\":{\"@type\":\"PropertyValueSpecification\",\"valueRequired\":true,\"valueName\":\"search_term_string\"}}],\"inLanguage\":\"pt-PT\"},{\"@type\":\"Organization\",\"@id\":\"https:\/\/www.csj-emballages.com\/pt-pt\/#Organization\/\",\"name\":\"CSJ Emballages\",\"url\":\"https:\/\/www.csj-emballages.com\/pt-pt\/\",\"logo\":{\"@type\":\"ImageObject\",\"inLanguage\":\"pt-PT\",\"@id\":\"https:\/\/www.csj-emballages.com\/pt-pt\/#\/schema\/logo\/image\/\",\"url\":\"https:\/\/www.csj-emballages.com\/wp-content\/uploads\/2023\/10\/logo_csj.webp\",\"contentUrl\":\"https:\/\/www.csj-emballages.com\/wp-content\/uploads\/2023\/10\/logo_csj.webp\",\"width\":250,\"height\":95,\"caption\":\"CSJ Emballages\"},\"image\":{\"@id\":\"https:\/\/www.csj-emballages.com\/pt-pt\/#\/schema\/logo\/image\/\"},\"sameAs\":[\"https:\/\/www.facebook.com\/csjemballages\"],\"address\":{\"@type\":\"PostalAddress\",\"streetAddress\":\"ZI La Lechere\",\"addressLocality\":\"Patornay\",\"postalCode\":\"39130\",\"addressCountry\":\"FR\"},\"contactPoint\":[{\"@type\":\"ContactPoint\",\"contactType\":\"Service client\",\"telephone\":\"0384254272\",\"email\":\"contact@csj-emballages.com\"}]}]}<\/script>\n<!-- \/ Yoast SEO Premium plugin. -->","yoast_head_json":{"title":"Prato redondo biodegrad\u00e1vel 22 cm por 50","description":"Um prato biodegrad\u00e1vel s\u00f3lido de 22 cm, compost\u00e1vel, feito de baga\u00e7o, ideal para todos os seus eventos. Vendido em embalagens de 50 unidades. Pr\u00e1tico, ecol\u00f3gico e elegante.","robots":{"index":"index","follow":"follow","max-snippet":"max-snippet:-1","max-image-preview":"max-image-preview:large","max-video-preview":"max-video-preview:-1"},"canonical":"https:\/\/www.csj-emballages.com\/pt-pt\/produit\/50-placas-biodegradaveis-de-22-cm\/","og_locale":"pt_PT","og_type":"article","og_title":"Prato redondo biodegrad\u00e1vel de 22 cm por 50","og_description":"Um prato biodegrad\u00e1vel s\u00f3lido de 22 cm, compost\u00e1vel, feito de baga\u00e7o, ideal para todos os seus eventos. Vendido em embalagens de 50 unidades. Pr\u00e1tico, ecol\u00f3gico e elegante.","og_url":"https:\/\/www.csj-emballages.com\/pt-pt\/produit\/50-placas-biodegradaveis-de-22-cm\/","og_site_name":"CSJ Emballages","article_publisher":"https:\/\/www.facebook.com\/csjemballages","article_modified_time":"2026-04-04T00:10:55+00:00","og_image":[{"width":800,"height":800,"url":"https:\/\/www.csj-emballages.com\/wp-content\/uploads\/2024\/03\/AS23BIO.webp","type":"image\/webp"}],"twitter_card":"summary_large_image","twitter_misc":{"Tempo estimado de leitura":"2 minutos"},"schema":{"@context":"https:\/\/schema.org","@graph":[{"@type":"WebPage","@id":"https:\/\/www.csj-emballages.com\/pt-pt\/produit\/50-placas-biodegradaveis-de-22-cm\/","url":"https:\/\/www.csj-emballages.com\/pt-pt\/produit\/50-placas-biodegradaveis-de-22-cm\/","name":"Prato redondo biodegrad\u00e1vel 22 cm por 50","isPartOf":{"@id":"https:\/\/www.csj-emballages.com\/pt-pt\/#website"},"primaryImageOfPage":{"@id":"https:\/\/www.csj-emballages.com\/pt-pt\/produit\/50-placas-biodegradaveis-de-22-cm\/#primaryimage"},"image":{"@id":"https:\/\/www.csj-emballages.com\/pt-pt\/produit\/50-placas-biodegradaveis-de-22-cm\/#primaryimage"},"thumbnailUrl":"https:\/\/www.csj-emballages.com\/wp-content\/uploads\/2024\/03\/AS23BIO.webp","datePublished":"2024-03-01T15:57:28+00:00","dateModified":"2026-04-04T00:10:55+00:00","description":"Um prato biodegrad\u00e1vel s\u00f3lido de 22 cm, compost\u00e1vel, feito de baga\u00e7o, ideal para todos os seus eventos. Vendido em embalagens de 50 unidades. Pr\u00e1tico, ecol\u00f3gico e elegante.","breadcrumb":{"@id":"https:\/\/www.csj-emballages.com\/pt-pt\/produit\/50-placas-biodegradaveis-de-22-cm\/#breadcrumb"},"inLanguage":"pt-PT","potentialAction":[{"@type":"ReadAction","target":["https:\/\/www.csj-emballages.com\/pt-pt\/produit\/50-placas-biodegradaveis-de-22-cm\/"]}]},{"@type":"ImageObject","inLanguage":"pt-PT","@id":"https:\/\/www.csj-emballages.com\/pt-pt\/produit\/50-placas-biodegradaveis-de-22-cm\/#primaryimage","url":"https:\/\/www.csj-emballages.com\/wp-content\/uploads\/2024\/03\/AS23BIO.webp","contentUrl":"https:\/\/www.csj-emballages.com\/wp-content\/uploads\/2024\/03\/AS23BIO.webp","width":800,"height":800,"caption":"Assiette ronde"},{"@type":"BreadcrumbList","@id":"https:\/\/www.csj-emballages.com\/pt-pt\/produit\/50-placas-biodegradaveis-de-22-cm\/#breadcrumb","itemListElement":[{"@type":"ListItem","position":1,"name":"Acolhimento","item":"https:\/\/www.csj-emballages.com\/pt-pt\/universo-das-embalagens-alimentares\/"},{"@type":"ListItem","position":2,"name":"Shop","item":"https:\/\/www.csj-emballages.com\/shop\/"},{"@type":"ListItem","position":3,"name":"Prato redondo biodegrad\u00e1vel de 22 cm por 50"}]},{"@type":"WebSite","@id":"https:\/\/www.csj-emballages.com\/pt-pt\/#website","url":"https:\/\/www.csj-emballages.com\/pt-pt\/","name":"CSJ Emballages","description":"","publisher":{"@id":"https:\/\/www.csj-emballages.com\/pt-pt\/#organization"},"potentialAction":[{"@type":"SearchAction","target":{"@type":"EntryPoint","urlTemplate":"https:\/\/www.csj-emballages.com\/pt-pt\/?s={search_term_string}"},"query-input":{"@type":"PropertyValueSpecification","valueRequired":true,"valueName":"search_term_string"}}],"inLanguage":"pt-PT"},{"@type":"Organization","@id":"https:\/\/www.csj-emballages.com\/pt-pt\/#Organization\/","name":"CSJ Emballages","url":"https:\/\/www.csj-emballages.com\/pt-pt\/","logo":{"@type":"ImageObject","inLanguage":"pt-PT","@id":"https:\/\/www.csj-emballages.com\/pt-pt\/#\/schema\/logo\/image\/","url":"https:\/\/www.csj-emballages.com\/wp-content\/uploads\/2023\/10\/logo_csj.webp","contentUrl":"https:\/\/www.csj-emballages.com\/wp-content\/uploads\/2023\/10\/logo_csj.webp","width":250,"height":95,"caption":"CSJ Emballages"},"image":{"@id":"https:\/\/www.csj-emballages.com\/pt-pt\/#\/schema\/logo\/image\/"},"sameAs":["https:\/\/www.facebook.com\/csjemballages"],"address":{"@type":"PostalAddress","streetAddress":"ZI La Lechere","addressLocality":"Patornay","postalCode":"39130","addressCountry":"FR"},"contactPoint":[{"@type":"ContactPoint","contactType":"Service client","telephone":"0384254272","email":"contact@csj-emballages.com"}]}]}},"df_price":4.58,"df_sale_price":"","df_regular_price":4.58,"df_image_link":"https:\/\/www.csj-emballages.com\/wp-content\/uploads\/2024\/03\/AS23BIO-300x300.webp","tiered_pricing_type":"fixed","tiered_pricing_fixed_rules":[],"tiered_pricing_percentage_rules":[],"tiered_pricing_minimum":1,"tiered_pricing_roles_data":[],"_links":{"self":[{"href":"https:\/\/www.csj-emballages.com\/pt-pt\/wp-json\/wp\/v2\/product\/19181","targetHints":{"allow":["GET"]}}],"collection":[{"href":"https:\/\/www.csj-emballages.com\/pt-pt\/wp-json\/wp\/v2\/product"}],"about":[{"href":"https:\/\/www.csj-emballages.com\/pt-pt\/wp-json\/wp\/v2\/types\/product"}],"wp:featuredmedia":[{"embeddable":true,"href":"https:\/\/www.csj-emballages.com\/pt-pt\/wp-json\/wp\/v2\/media\/239713"}],"wp:attachment":[{"href":"https:\/\/www.csj-emballages.com\/pt-pt\/wp-json\/wp\/v2\/media?parent=19181"}],"wp:term":[{"taxonomy":"product_brand","embeddable":true,"href":"https:\/\/www.csj-emballages.com\/pt-pt\/wp-json\/wp\/v2\/product_brand?post=19181"},{"taxonomy":"product_cat","embeddable":true,"href":"https:\/\/www.csj-emballages.com\/pt-pt\/wp-json\/wp\/v2\/product_cat?post=19181"},{"taxonomy":"product_tag","embeddable":true,"href":"https:\/\/www.csj-emballages.com\/pt-pt\/wp-json\/wp\/v2\/product_tag?post=19181"}],"curies":[{"name":"wp","href":"https:\/\/api.w.org\/{rel}","templated":true}]}}