{"id":19149,"date":"2024-03-01T16:57:30","date_gmt":"2024-03-01T15:57:30","guid":{"rendered":"https:\/\/u15jnbdpoq.preview.infomaniak.website\/produit\/10-pratos-de-papel-prateados-de-22-cm\/"},"modified":"2026-03-12T16:10:19","modified_gmt":"2026-03-12T15:10:19","slug":"10-pratos-de-papel-prateados-de-22-cm","status":"publish","type":"product","link":"https:\/\/www.csj-emballages.com\/pt-pt\/produit\/10-pratos-de-papel-prateados-de-22-cm\/","title":{"rendered":"Prato de papel prateado de 22 cm por 10"},"content":{"rendered":"<h2>Prato de papel prateado<\/h2>\n<hr>\n<h3>Descri\u00e7\u00e3o do nosso prato de papel prateado de 22 cm por 10<\/h3>\n<p><!--more--><\/p>\n<article class=\"text-token-text-primary w-full\" dir=\"auto\" data-testid=\"conversation-turn-16\" data-scroll-anchor=\"true\">\n<div class=\"text-base my-auto mx-auto py-5 px-6\">\n<div class=\"mx-auto flex flex-1 text-base gap-4 md:gap-5 lg:gap-6 md:max-w-3xl lg:max-w-[40rem] xl:max-w-[48rem] group\/turn-messages focus-visible:outline-hidden\">\n<div class=\"group\/conversation-turn relative flex w-full min-w-0 flex-col agent-turn @xs\/thread:px-0 @sm\/thread:px-1.5 @md\/thread:px-4\">\n<div class=\"relative flex-col gap-1 md:gap-3\">\n<div class=\"flex max-w-full flex-col grow\">\n<div class=\"min-h-8 text-message relative flex w-full flex-col items-end gap-2 text-start break-words whitespace-normal [.text-message+&amp;]:mt-5\" dir=\"auto\" data-message-author-role=\"assistant\" data-message-id=\"d62e6ffa-4ea5-4026-a1a5-06f5f5719fdc\" data-message-model-slug=\"gpt-4o\">\n<div class=\"flex w-full flex-col gap-1 empty:hidden first:pt-[3px]\">\n<div class=\"markdown prose dark:prose-invert w-full break-words dark\">\n<p class=\"\" data-start=\"31\" data-end=\"334\">Escolha uma solu\u00e7\u00e3o elegante, pr\u00e1tica e ecol\u00f3gica com o nosso <strong>prato de papel prateado de 22 cm <\/strong>, vendido em embalagens de <strong>10<\/strong>. Ideal para empresas de catering, restaurantes, eventos e particulares, \u00e9 perfeito para todos os tipos de refei\u00e7\u00f5es, quentes ou frias. Fabricado em cart\u00e3o, este <strong>prato prateado<\/strong> oferece uma excelente rigidez para suportar os alimentos sem risco de distor\u00e7\u00e3o. O seu design s\u00f3brio e moderno em <strong>prata<\/strong> neutra confere um toque de requinte \u00e0s suas mesas, quer se trate de um buffet, de um take-away ou de uma rece\u00e7\u00e3o privada.   <\/p>\n<p class=\"\" data-start=\"645\" data-end=\"855\">Pr\u00e1tico e amigo do ambiente, \u00e9 uma alternativa ideal aos pratos de pl\u00e1stico. O seu tamanho <strong>de 22 cm<\/strong> \u00e9 perfeito para por\u00e7\u00f5es individuais, sobremesas ou entradas. <\/p>\n<p class=\"\" data-start=\"857\" data-end=\"1027\">Quer seja para uso profissional ou dom\u00e9stico, este <strong>prato de papel<\/strong> combina est\u00e9tica, robustez e praticidade para uma experi\u00eancia \u00f3ptima.<\/p>\n<p data-start=\"857\" data-end=\"1027\">\n<\/div>\n<\/div>\n<\/div>\n<\/div>\n<\/div>\n<\/div>\n<\/div>\n<\/div>\n<\/article>\n<p data-start=\"108\" data-end=\"487\"><!--more--><\/p>\n<h4>As suas vantagens:<\/h4>\n<ul>\n<li data-start=\"749\" data-end=\"840\"><strong data-start=\"1249\" data-end=\"1263\">Amigo do ambiente<\/strong>: uma alternativa sustent\u00e1vel aos pratos de pl\u00e1stico.<\/li>\n<li data-start=\"926\" data-end=\"1017\"><strong data-start=\"1318\" data-end=\"1332\">Resistente<\/strong>: Cart\u00e3o r\u00edgido, adequado para alimentos quentes e frios.<\/li>\n<li data-start=\"1018\" data-end=\"1109\"><strong data-start=\"1392\" data-end=\"1404\">Elegante<\/strong>: Design s\u00f3brio e moderno <strong>em prata<\/strong> para todas as ocasi\u00f5es.<\/li>\n<li data-start=\"1110\" data-end=\"1215\"><strong data-start=\"1555\" data-end=\"1570\">Vers\u00e1til<\/strong>: Este <strong>prato de papel prateado<\/strong> \u00e9 adequado tanto para uso profissional como privado.<\/li>\n<\/ul>\n<p>&nbsp;<\/p>\n<p><!--more--><\/p>\n<h4>Outras informa\u00e7\u00f5es :<\/h4>\n<ul>\n<li><strong>Embalagem<\/strong>: Pacote de 10<\/li>\n<li><strong>Di\u00e2metro<\/strong>: 22 cm<\/li>\n<li><strong>Altura<\/strong>: 1,8 cm<\/li>\n<li><strong>Material<\/strong>: Cart\u00e3o<\/li>\n<li><strong>Cor<\/strong>: Prateado<\/li>\n<\/ul>\n<p>&nbsp;<\/p>\n<p><!--more--><\/p>\n<p>Este produto est\u00e1 dispon\u00edvel num tamanho mais pequeno: <span style=\"color: #d12727\"><a style=\"color: #d12727\" href=\"https:\/\/www.csj-emballages.com\/produit\/10-assiettes-argents-carton-18-cm\/\">\u00d818 cm<\/a><\/span><\/p>\n<p>&nbsp;<\/p>\n<p><!--more--><\/p>\n<p>Este produto est\u00e1 dispon\u00edvel em v\u00e1rias cores: <span style=\"color: #d12727\"><a style=\"color: #d12727\" href=\"https:\/\/www.csj-emballages.com\/pt-pt\/produit\/10-pratos-de-papel-branco-de-18-cm\/\">Branco<\/a><\/span> \/ <span style=\"color: #d12727\"><a style=\"color: #d12727\" href=\"https:\/\/www.csj-emballages.com\/pt-pt\/produit\/10-pratos-de-papel-cinzento-de-22-cm\/\">cinzento<\/a><\/span> \/ <span style=\"color: #d12727\"><a style=\"color: #d12727\" href=\"https:\/\/www.csj-emballages.com\/produit\/10-assiettes-bleus-marine-carton-22-cm\/\">Marinho<\/a><\/span> \/ <span style=\"color: #d12727\"><a style=\"color: #d12727\" href=\"https:\/\/www.csj-emballages.com\/produit\/10-assiettes-bleus-pastel-carton-22-cm\/\">Azul Pastel<\/a><\/span> \/ <span style=\"color: #d12727\"><a style=\"color: #d12727\" href=\"https:\/\/www.csj-emballages.com\/produit\/10-assiettes-fuschia-carton-22-cm\/\">F\u00facsia<\/a><\/span> \/ <span style=\"color: #d12727\"><a style=\"color: #d12727\" href=\"https:\/\/www.csj-emballages.com\/produit\/10-assiettes-jaunes-carton-22-cm\/\">Amarelo<\/a><\/span> \/ <span style=\"color: #d12727\"><a style=\"color: #d12727\" href=\"https:\/\/www.csj-emballages.com\/produit\/10-assiettes-mandarine-carton-22-cm\/\">Mandarim<\/a><\/span><\/p>\n<p>&nbsp;<\/p>\n<p><!--more--><\/p>\n<p><a href=\"https:\/\/www.csj-emballages.com\/pt-pt\/categorie-produit\/embalagem-de-alimentos\/restauracao\/pratos-talheres-descartaveis-palhinhas\/pratos-redondos-de-papel-colorido\/\">Ver o resto da nossa gama de pratos de papel redondos coloridos<\/a><\/p>\n","protected":false},"excerpt":{"rendered":"<p>Prato de papel prateado Descri\u00e7\u00e3o do nosso prato de papel prateado de 22 cm por 10<\/p>\n","protected":false},"featured_media":229676,"template":"","meta":{"_acf_changed":false},"product_brand":[],"product_cat":[2022],"product_tag":[],"class_list":{"0":"post-19149","1":"product","2":"type-product","3":"status-publish","4":"has-post-thumbnail","6":"product_cat-pratos-redondos-de-papel-colorido","8":"first","9":"instock","10":"taxable","11":"shipping-taxable","12":"purchasable","13":"product-type-simple"},"acf":[],"yoast_head":"<!-- This site is optimized with the Yoast SEO Premium plugin v26.6 (Yoast SEO v26.6) - https:\/\/yoast.com\/wordpress\/plugins\/seo\/ -->\n<title>Placa de cart\u00e3o prateada - 22 cm por 10<\/title>\n<meta name=\"description\" content=\"Prato de papel prateado de 22 cm - Conjunto de 10. Resistente, elegante e pr\u00e1tico, ideal para catering, restaurantes e eventos.\" \/>\n<meta name=\"robots\" content=\"index, follow, max-snippet:-1, max-image-preview:large, max-video-preview:-1\" \/>\n<link rel=\"canonical\" href=\"https:\/\/www.csj-emballages.com\/pt-pt\/produit\/10-pratos-de-papel-prateados-de-22-cm\/\" \/>\n<meta property=\"og:locale\" content=\"pt_PT\" \/>\n<meta property=\"og:type\" content=\"article\" \/>\n<meta property=\"og:title\" content=\"Prato de papel prateado de 22 cm por 10\" \/>\n<meta property=\"og:description\" content=\"Prato de papel prateado de 22 cm - Conjunto de 10. Resistente, elegante e pr\u00e1tico, ideal para catering, restaurantes e eventos.\" \/>\n<meta property=\"og:url\" content=\"https:\/\/www.csj-emballages.com\/pt-pt\/produit\/10-pratos-de-papel-prateados-de-22-cm\/\" \/>\n<meta property=\"og:site_name\" content=\"CSJ Emballages\" \/>\n<meta property=\"article:publisher\" content=\"https:\/\/www.facebook.com\/csjemballages\" \/>\n<meta property=\"article:modified_time\" content=\"2026-03-12T15:10:19+00:00\" \/>\n<meta property=\"og:image\" content=\"https:\/\/www.csj-emballages.com\/wp-content\/uploads\/2024\/03\/AS22ARG.webp\" \/>\n\t<meta property=\"og:image:width\" content=\"800\" \/>\n\t<meta property=\"og:image:height\" content=\"800\" \/>\n\t<meta property=\"og:image:type\" content=\"image\/webp\" \/>\n<meta name=\"twitter:card\" content=\"summary_large_image\" \/>\n<meta name=\"twitter:label1\" content=\"Tempo estimado de leitura\" \/>\n\t<meta name=\"twitter:data1\" content=\"1 minuto\" \/>\n<script type=\"application\/ld+json\" class=\"yoast-schema-graph\">{\"@context\":\"https:\/\/schema.org\",\"@graph\":[{\"@type\":\"WebPage\",\"@id\":\"https:\/\/www.csj-emballages.com\/pt-pt\/produit\/10-pratos-de-papel-prateados-de-22-cm\/\",\"url\":\"https:\/\/www.csj-emballages.com\/pt-pt\/produit\/10-pratos-de-papel-prateados-de-22-cm\/\",\"name\":\"Placa de cart\u00e3o prateada - 22 cm por 10\",\"isPartOf\":{\"@id\":\"https:\/\/www.csj-emballages.com\/pt-pt\/#website\"},\"primaryImageOfPage\":{\"@id\":\"https:\/\/www.csj-emballages.com\/pt-pt\/produit\/10-pratos-de-papel-prateados-de-22-cm\/#primaryimage\"},\"image\":{\"@id\":\"https:\/\/www.csj-emballages.com\/pt-pt\/produit\/10-pratos-de-papel-prateados-de-22-cm\/#primaryimage\"},\"thumbnailUrl\":\"https:\/\/www.csj-emballages.com\/wp-content\/uploads\/2024\/03\/AS22ARG.webp\",\"datePublished\":\"2024-03-01T15:57:30+00:00\",\"dateModified\":\"2026-03-12T15:10:19+00:00\",\"description\":\"Prato de papel prateado de 22 cm - Conjunto de 10. Resistente, elegante e pr\u00e1tico, ideal para catering, restaurantes e eventos.\",\"breadcrumb\":{\"@id\":\"https:\/\/www.csj-emballages.com\/pt-pt\/produit\/10-pratos-de-papel-prateados-de-22-cm\/#breadcrumb\"},\"inLanguage\":\"pt-PT\",\"potentialAction\":[{\"@type\":\"ReadAction\",\"target\":[\"https:\/\/www.csj-emballages.com\/pt-pt\/produit\/10-pratos-de-papel-prateados-de-22-cm\/\"]}]},{\"@type\":\"ImageObject\",\"inLanguage\":\"pt-PT\",\"@id\":\"https:\/\/www.csj-emballages.com\/pt-pt\/produit\/10-pratos-de-papel-prateados-de-22-cm\/#primaryimage\",\"url\":\"https:\/\/www.csj-emballages.com\/wp-content\/uploads\/2024\/03\/AS22ARG.webp\",\"contentUrl\":\"https:\/\/www.csj-emballages.com\/wp-content\/uploads\/2024\/03\/AS22ARG.webp\",\"width\":800,\"height\":800,\"caption\":\"Assiette carton argent\"},{\"@type\":\"BreadcrumbList\",\"@id\":\"https:\/\/www.csj-emballages.com\/pt-pt\/produit\/10-pratos-de-papel-prateados-de-22-cm\/#breadcrumb\",\"itemListElement\":[{\"@type\":\"ListItem\",\"position\":1,\"name\":\"Acolhimento\",\"item\":\"https:\/\/www.csj-emballages.com\/pt-pt\/universo-das-embalagens-alimentares\/\"},{\"@type\":\"ListItem\",\"position\":2,\"name\":\"Shop\",\"item\":\"https:\/\/www.csj-emballages.com\/shop\/\"},{\"@type\":\"ListItem\",\"position\":3,\"name\":\"Prato de papel prateado de 22 cm por 10\"}]},{\"@type\":\"WebSite\",\"@id\":\"https:\/\/www.csj-emballages.com\/pt-pt\/#website\",\"url\":\"https:\/\/www.csj-emballages.com\/pt-pt\/\",\"name\":\"CSJ Emballages\",\"description\":\"\",\"publisher\":{\"@id\":\"https:\/\/www.csj-emballages.com\/pt-pt\/#organization\"},\"potentialAction\":[{\"@type\":\"SearchAction\",\"target\":{\"@type\":\"EntryPoint\",\"urlTemplate\":\"https:\/\/www.csj-emballages.com\/pt-pt\/?s={search_term_string}\"},\"query-input\":{\"@type\":\"PropertyValueSpecification\",\"valueRequired\":true,\"valueName\":\"search_term_string\"}}],\"inLanguage\":\"pt-PT\"},{\"@type\":\"Organization\",\"@id\":\"https:\/\/www.csj-emballages.com\/pt-pt\/#Organization\/\",\"name\":\"CSJ Emballages\",\"url\":\"https:\/\/www.csj-emballages.com\/pt-pt\/\",\"logo\":{\"@type\":\"ImageObject\",\"inLanguage\":\"pt-PT\",\"@id\":\"https:\/\/www.csj-emballages.com\/pt-pt\/#\/schema\/logo\/image\/\",\"url\":\"https:\/\/www.csj-emballages.com\/wp-content\/uploads\/2023\/10\/logo_csj.webp\",\"contentUrl\":\"https:\/\/www.csj-emballages.com\/wp-content\/uploads\/2023\/10\/logo_csj.webp\",\"width\":250,\"height\":95,\"caption\":\"CSJ Emballages\"},\"image\":{\"@id\":\"https:\/\/www.csj-emballages.com\/pt-pt\/#\/schema\/logo\/image\/\"},\"sameAs\":[\"https:\/\/www.facebook.com\/csjemballages\"],\"address\":{\"@type\":\"PostalAddress\",\"streetAddress\":\"ZI La Lechere\",\"addressLocality\":\"Patornay\",\"postalCode\":\"39130\",\"addressCountry\":\"FR\"},\"contactPoint\":[{\"@type\":\"ContactPoint\",\"contactType\":\"Service client\",\"telephone\":\"0384254272\",\"email\":\"contact@csj-emballages.com\"}]}]}<\/script>\n<!-- \/ Yoast SEO Premium plugin. -->","yoast_head_json":{"title":"Placa de cart\u00e3o prateada - 22 cm por 10","description":"Prato de papel prateado de 22 cm - Conjunto de 10. Resistente, elegante e pr\u00e1tico, ideal para catering, restaurantes e eventos.","robots":{"index":"index","follow":"follow","max-snippet":"max-snippet:-1","max-image-preview":"max-image-preview:large","max-video-preview":"max-video-preview:-1"},"canonical":"https:\/\/www.csj-emballages.com\/pt-pt\/produit\/10-pratos-de-papel-prateados-de-22-cm\/","og_locale":"pt_PT","og_type":"article","og_title":"Prato de papel prateado de 22 cm por 10","og_description":"Prato de papel prateado de 22 cm - Conjunto de 10. Resistente, elegante e pr\u00e1tico, ideal para catering, restaurantes e eventos.","og_url":"https:\/\/www.csj-emballages.com\/pt-pt\/produit\/10-pratos-de-papel-prateados-de-22-cm\/","og_site_name":"CSJ Emballages","article_publisher":"https:\/\/www.facebook.com\/csjemballages","article_modified_time":"2026-03-12T15:10:19+00:00","og_image":[{"width":800,"height":800,"url":"https:\/\/www.csj-emballages.com\/wp-content\/uploads\/2024\/03\/AS22ARG.webp","type":"image\/webp"}],"twitter_card":"summary_large_image","twitter_misc":{"Tempo estimado de leitura":"1 minuto"},"schema":{"@context":"https:\/\/schema.org","@graph":[{"@type":"WebPage","@id":"https:\/\/www.csj-emballages.com\/pt-pt\/produit\/10-pratos-de-papel-prateados-de-22-cm\/","url":"https:\/\/www.csj-emballages.com\/pt-pt\/produit\/10-pratos-de-papel-prateados-de-22-cm\/","name":"Placa de cart\u00e3o prateada - 22 cm por 10","isPartOf":{"@id":"https:\/\/www.csj-emballages.com\/pt-pt\/#website"},"primaryImageOfPage":{"@id":"https:\/\/www.csj-emballages.com\/pt-pt\/produit\/10-pratos-de-papel-prateados-de-22-cm\/#primaryimage"},"image":{"@id":"https:\/\/www.csj-emballages.com\/pt-pt\/produit\/10-pratos-de-papel-prateados-de-22-cm\/#primaryimage"},"thumbnailUrl":"https:\/\/www.csj-emballages.com\/wp-content\/uploads\/2024\/03\/AS22ARG.webp","datePublished":"2024-03-01T15:57:30+00:00","dateModified":"2026-03-12T15:10:19+00:00","description":"Prato de papel prateado de 22 cm - Conjunto de 10. Resistente, elegante e pr\u00e1tico, ideal para catering, restaurantes e eventos.","breadcrumb":{"@id":"https:\/\/www.csj-emballages.com\/pt-pt\/produit\/10-pratos-de-papel-prateados-de-22-cm\/#breadcrumb"},"inLanguage":"pt-PT","potentialAction":[{"@type":"ReadAction","target":["https:\/\/www.csj-emballages.com\/pt-pt\/produit\/10-pratos-de-papel-prateados-de-22-cm\/"]}]},{"@type":"ImageObject","inLanguage":"pt-PT","@id":"https:\/\/www.csj-emballages.com\/pt-pt\/produit\/10-pratos-de-papel-prateados-de-22-cm\/#primaryimage","url":"https:\/\/www.csj-emballages.com\/wp-content\/uploads\/2024\/03\/AS22ARG.webp","contentUrl":"https:\/\/www.csj-emballages.com\/wp-content\/uploads\/2024\/03\/AS22ARG.webp","width":800,"height":800,"caption":"Assiette carton argent"},{"@type":"BreadcrumbList","@id":"https:\/\/www.csj-emballages.com\/pt-pt\/produit\/10-pratos-de-papel-prateados-de-22-cm\/#breadcrumb","itemListElement":[{"@type":"ListItem","position":1,"name":"Acolhimento","item":"https:\/\/www.csj-emballages.com\/pt-pt\/universo-das-embalagens-alimentares\/"},{"@type":"ListItem","position":2,"name":"Shop","item":"https:\/\/www.csj-emballages.com\/shop\/"},{"@type":"ListItem","position":3,"name":"Prato de papel prateado de 22 cm por 10"}]},{"@type":"WebSite","@id":"https:\/\/www.csj-emballages.com\/pt-pt\/#website","url":"https:\/\/www.csj-emballages.com\/pt-pt\/","name":"CSJ Emballages","description":"","publisher":{"@id":"https:\/\/www.csj-emballages.com\/pt-pt\/#organization"},"potentialAction":[{"@type":"SearchAction","target":{"@type":"EntryPoint","urlTemplate":"https:\/\/www.csj-emballages.com\/pt-pt\/?s={search_term_string}"},"query-input":{"@type":"PropertyValueSpecification","valueRequired":true,"valueName":"search_term_string"}}],"inLanguage":"pt-PT"},{"@type":"Organization","@id":"https:\/\/www.csj-emballages.com\/pt-pt\/#Organization\/","name":"CSJ Emballages","url":"https:\/\/www.csj-emballages.com\/pt-pt\/","logo":{"@type":"ImageObject","inLanguage":"pt-PT","@id":"https:\/\/www.csj-emballages.com\/pt-pt\/#\/schema\/logo\/image\/","url":"https:\/\/www.csj-emballages.com\/wp-content\/uploads\/2023\/10\/logo_csj.webp","contentUrl":"https:\/\/www.csj-emballages.com\/wp-content\/uploads\/2023\/10\/logo_csj.webp","width":250,"height":95,"caption":"CSJ Emballages"},"image":{"@id":"https:\/\/www.csj-emballages.com\/pt-pt\/#\/schema\/logo\/image\/"},"sameAs":["https:\/\/www.facebook.com\/csjemballages"],"address":{"@type":"PostalAddress","streetAddress":"ZI La Lechere","addressLocality":"Patornay","postalCode":"39130","addressCountry":"FR"},"contactPoint":[{"@type":"ContactPoint","contactType":"Service client","telephone":"0384254272","email":"contact@csj-emballages.com"}]}]}},"df_price":1.79,"df_sale_price":"","df_regular_price":1.79,"df_image_link":"https:\/\/www.csj-emballages.com\/wp-content\/uploads\/2024\/03\/AS22ARG-300x300.webp","tiered_pricing_type":"fixed","tiered_pricing_fixed_rules":[],"tiered_pricing_percentage_rules":[],"tiered_pricing_minimum":1,"tiered_pricing_roles_data":[],"_links":{"self":[{"href":"https:\/\/www.csj-emballages.com\/pt-pt\/wp-json\/wp\/v2\/product\/19149","targetHints":{"allow":["GET"]}}],"collection":[{"href":"https:\/\/www.csj-emballages.com\/pt-pt\/wp-json\/wp\/v2\/product"}],"about":[{"href":"https:\/\/www.csj-emballages.com\/pt-pt\/wp-json\/wp\/v2\/types\/product"}],"wp:featuredmedia":[{"embeddable":true,"href":"https:\/\/www.csj-emballages.com\/pt-pt\/wp-json\/wp\/v2\/media\/229676"}],"wp:attachment":[{"href":"https:\/\/www.csj-emballages.com\/pt-pt\/wp-json\/wp\/v2\/media?parent=19149"}],"wp:term":[{"taxonomy":"product_brand","embeddable":true,"href":"https:\/\/www.csj-emballages.com\/pt-pt\/wp-json\/wp\/v2\/product_brand?post=19149"},{"taxonomy":"product_cat","embeddable":true,"href":"https:\/\/www.csj-emballages.com\/pt-pt\/wp-json\/wp\/v2\/product_cat?post=19149"},{"taxonomy":"product_tag","embeddable":true,"href":"https:\/\/www.csj-emballages.com\/pt-pt\/wp-json\/wp\/v2\/product_tag?post=19149"}],"curies":[{"name":"wp","href":"https:\/\/api.w.org\/{rel}","templated":true}]}}