{"id":19144,"date":"2024-03-01T16:57:30","date_gmt":"2024-03-01T15:57:30","guid":{"rendered":"https:\/\/u15jnbdpoq.preview.infomaniak.website\/produit\/50-pratos-de-sopa-de-bagaco-biodegradaveis-de-19-cm\/"},"modified":"2026-04-23T02:10:52","modified_gmt":"2026-04-23T00:10:52","slug":"50-pratos-de-sopa-de-bagaco-biodegradaveis-de-19-cm","status":"publish","type":"product","link":"https:\/\/www.csj-emballages.com\/pt-pt\/produit\/50-pratos-de-sopa-de-bagaco-biodegradaveis-de-19-cm\/","title":{"rendered":"Prato de sopa de baga\u00e7o biodegrad\u00e1vel de 19 cm por 50"},"content":{"rendered":"<h2>Prato de sopa<\/h2>\n<hr>\n<h3>Descri\u00e7\u00e3o do nosso prato de sopa de baga\u00e7o biodegrad\u00e1vel de 19 cm por 50<\/h3>\n<p><!--more--><\/p>\n<p data-start=\"248\" data-end=\"710\">Escolha uma solu\u00e7\u00e3o pr\u00e1tica, atractiva e amiga do ambiente com estes <strong data-start=\"354\" data-end=\"409\">pratos de sopa de baga\u00e7o biodegrad\u00e1vel com 19 cm de di\u00e2metro<\/strong>. Fabricados a partir da <g id=\"gid_1\">polpa da cana-de-a\u00e7\u00facar<\/g>, estes <g id=\"gid_2\">pratos de sopa<\/g> s\u00e3o uma excelente alternativa aos pl\u00e1sticos tradicionais. Robustos e naturalmente <g id=\"gid_3\">compost\u00e1veis<\/g>, s\u00e3o adequados tanto para <g id=\"gid_4\">pratos quentes como frios<\/g> e s\u00e3o resistentes \u00e0 humidade e ao calor. Com um di\u00e2metro de <g id=\"gid_5\">19 cm<\/g>, s\u00e3o ideais para servir sopas, massas, saladas mistas ou pratos com molho. Assim, quer seja um <strong data-start=\"857\" data-end=\"910\">fornecedor de refei\u00e7\u00f5es, um restaurador, um organizador de eventos<\/strong> ou simplesmente um indiv\u00edduo com consci\u00eancia ambiental, esta <strong>embalagem de 50 pratos biol\u00f3gicos<\/strong> dar-lhe-\u00e1 a qualidade profissional de que necessita, com um impacto reduzido no planeta.    <\/p>\n<p data-start=\"1108\" data-end=\"1375\">F\u00e1ceis de empilhar e transportar, tamb\u00e9m s\u00e3o \u00f3ptimas para refei\u00e7\u00f5es ao ar livre, food trucks, buffets ou refei\u00e7\u00f5es tem\u00e1ticas. A sua <strong data-start=\"1261\" data-end=\"1286\">cor branca natural<\/strong> d\u00e1 um toque elegante e moderno \u00e0 sua apresenta\u00e7\u00e3o, ao mesmo tempo que real\u00e7a os seus pratos. <\/p>\n<p data-start=\"1377\" data-end=\"1659\">Ao escolher <strong>o baga\u00e7o<\/strong>, est\u00e1 a fazer algo de concreto para limitar os res\u00edduos de pl\u00e1stico e encorajar um consumo mais respons\u00e1vel. Em suma, <strong>s\u00f3lidos, ecol\u00f3gicos e elegantes<\/strong>, estes <strong>pratos<\/strong> <strong>biodegrad\u00e1veis<\/strong> t\u00eam tudo o que \u00e9 necess\u00e1rio para simplificar a sua vida, respeitando os seus valores. <\/p>\n<p data-start=\"1377\" data-end=\"1659\">\n<p data-start=\"1377\" data-end=\"1659\"><!--more--><\/p>\n<h4 data-start=\"1377\" data-end=\"1659\">Vantagens :<\/h4>\n<ul>\n<li><strong>Fabricado a partir de baga\u00e7o<\/strong>: um material natural e compost\u00e1vel.<\/li>\n<li>Resistente ao calor, \u00e0 humidade e aos alimentos em molho.<\/li>\n<li>Adequado para utiliza\u00e7\u00e3o profissional e privada.<\/li>\n<li>Design s\u00f3brio e elegante para todas as apresenta\u00e7\u00f5es.<\/li>\n<li>Alternativa ecol\u00f3gica ao pl\u00e1stico descart\u00e1vel.<\/li>\n<li><strong>Vendido em embalagens de 50 unidades<\/strong>: econ\u00f3mico e pr\u00e1tico.<\/li>\n<\/ul>\n<p>&nbsp;<\/p>\n<p><!--more--><\/p>\n<h4>Outras informa\u00e7\u00f5es :<\/h4>\n<ul>\n<li><strong>Embalagem<\/strong>: Pacote de 50<\/li>\n<li><strong>Di\u00e2metro exterior<\/strong>: 190 mm<\/li>\n<li><strong>Di\u00e2metro interior <\/strong>: 130 mm<\/li>\n<li><strong>Altura<\/strong>: 85 mm<\/li>\n<li><strong>Material<\/strong>: Polpa de cana de a\u00e7\u00facar \/ baga\u00e7o<\/li>\n<li><strong>Cor<\/strong>: Branco<\/li>\n<\/ul>\n<p>&nbsp;<\/p>\n<p><!--more--><\/p>\n<p>Descubra tamb\u00e9m o nosso prato de sobremesa quadrado biodegrad\u00e1vel de 16 cm: <span style=\"color: #d12727;\"><a style=\"color: #d12727;\" href=\"https:\/\/www.csj-emballages.com\/produit\/50-assiettes-a-dessert-carree-biodegradables-16-cm\/\">ATC160BIO<\/a><\/span><\/p>\n<div style=\"text-align: center;\">\n<div style=\"text-align: center;\">\n<div style=\"text-align: center;\">\n<div style=\"text-align: center;\">\n<div style=\"text-align: center;\">\n<div style=\"text-align: center;\">\n<div style=\"text-align: center;\">\n<div style=\"text-align: center;\"><\/div>\n<\/div>\n<\/div>\n<\/div>\n<\/div>\n<\/div>\n<\/div>\n<\/div>\n<p><!--more--><\/p>\n<p><a href=\"https:\/\/www.csj-emballages.com\/pt-pt\/categorie-produit\/embalagem-de-alimentos\/gama-biologica\/pratos-tabuleiros-caixas\/placas-organicas\/\">Ver o resto da nossa gama de pratos biodegrad\u00e1veis<\/a><\/p>\n","protected":false},"excerpt":{"rendered":"<p>Prato de sopa Descri\u00e7\u00e3o do nosso prato de sopa de baga\u00e7o biodegrad\u00e1vel de 19 cm por 50<\/p>\n","protected":false},"featured_media":239674,"template":"","meta":{"_acf_changed":false},"product_brand":[],"product_cat":[1152,2025],"product_tag":[],"class_list":{"0":"post-19144","1":"product","2":"type-product","3":"status-publish","4":"has-post-thumbnail","6":"product_cat-gama-biologica","7":"product_cat-placas-organicas","9":"first","10":"instock","11":"taxable","12":"shipping-taxable","13":"purchasable","14":"product-type-simple"},"acf":[],"yoast_head":"<!-- This site is optimized with the Yoast SEO Premium plugin v26.6 (Yoast SEO v26.6) - https:\/\/yoast.com\/wordpress\/plugins\/seo\/ -->\n<title>Prato de sopa de baga\u00e7o biodegrad\u00e1vel, 19 cm, 50 unidades<\/title>\n<meta name=\"description\" content=\"Pratos de sopa de baga\u00e7o biodegrad\u00e1vel 19 cm - Embalagem de 50 - Pratos robustos e ecol\u00f3gicos ideais para pratos quentes, frios ou molhos.\" \/>\n<meta name=\"robots\" content=\"index, follow, max-snippet:-1, max-image-preview:large, max-video-preview:-1\" \/>\n<link rel=\"canonical\" href=\"https:\/\/www.csj-emballages.com\/pt-pt\/produit\/50-pratos-de-sopa-de-bagaco-biodegradaveis-de-19-cm\/\" \/>\n<meta property=\"og:locale\" content=\"pt_PT\" \/>\n<meta property=\"og:type\" content=\"article\" \/>\n<meta property=\"og:title\" content=\"Prato de sopa de baga\u00e7o biodegrad\u00e1vel de 19 cm por 50\" \/>\n<meta property=\"og:description\" content=\"Pratos de sopa de baga\u00e7o biodegrad\u00e1vel 19 cm - Embalagem de 50 - Pratos robustos e ecol\u00f3gicos ideais para pratos quentes, frios ou molhos.\" \/>\n<meta property=\"og:url\" content=\"https:\/\/www.csj-emballages.com\/pt-pt\/produit\/50-pratos-de-sopa-de-bagaco-biodegradaveis-de-19-cm\/\" \/>\n<meta property=\"og:site_name\" content=\"CSJ Emballages\" \/>\n<meta property=\"article:publisher\" content=\"https:\/\/www.facebook.com\/csjemballages\" \/>\n<meta property=\"article:modified_time\" content=\"2026-04-23T00:10:52+00:00\" \/>\n<meta property=\"og:image\" content=\"https:\/\/www.csj-emballages.com\/wp-content\/uploads\/2024\/03\/AS20CRBIO.webp\" \/>\n\t<meta property=\"og:image:width\" content=\"800\" \/>\n\t<meta property=\"og:image:height\" content=\"800\" \/>\n\t<meta property=\"og:image:type\" content=\"image\/webp\" \/>\n<meta name=\"twitter:card\" content=\"summary_large_image\" \/>\n<meta name=\"twitter:label1\" content=\"Tempo estimado de leitura\" \/>\n\t<meta name=\"twitter:data1\" content=\"2 minutos\" \/>\n<script type=\"application\/ld+json\" class=\"yoast-schema-graph\">{\"@context\":\"https:\/\/schema.org\",\"@graph\":[{\"@type\":\"WebPage\",\"@id\":\"https:\/\/www.csj-emballages.com\/pt-pt\/produit\/50-pratos-de-sopa-de-bagaco-biodegradaveis-de-19-cm\/\",\"url\":\"https:\/\/www.csj-emballages.com\/pt-pt\/produit\/50-pratos-de-sopa-de-bagaco-biodegradaveis-de-19-cm\/\",\"name\":\"Prato de sopa de baga\u00e7o biodegrad\u00e1vel, 19 cm, 50 unidades\",\"isPartOf\":{\"@id\":\"https:\/\/www.csj-emballages.com\/pt-pt\/#website\"},\"primaryImageOfPage\":{\"@id\":\"https:\/\/www.csj-emballages.com\/pt-pt\/produit\/50-pratos-de-sopa-de-bagaco-biodegradaveis-de-19-cm\/#primaryimage\"},\"image\":{\"@id\":\"https:\/\/www.csj-emballages.com\/pt-pt\/produit\/50-pratos-de-sopa-de-bagaco-biodegradaveis-de-19-cm\/#primaryimage\"},\"thumbnailUrl\":\"https:\/\/www.csj-emballages.com\/wp-content\/uploads\/2024\/03\/AS20CRBIO.webp\",\"datePublished\":\"2024-03-01T15:57:30+00:00\",\"dateModified\":\"2026-04-23T00:10:52+00:00\",\"description\":\"Pratos de sopa de baga\u00e7o biodegrad\u00e1vel 19 cm - Embalagem de 50 - Pratos robustos e ecol\u00f3gicos ideais para pratos quentes, frios ou molhos.\",\"breadcrumb\":{\"@id\":\"https:\/\/www.csj-emballages.com\/pt-pt\/produit\/50-pratos-de-sopa-de-bagaco-biodegradaveis-de-19-cm\/#breadcrumb\"},\"inLanguage\":\"pt-PT\",\"potentialAction\":[{\"@type\":\"ReadAction\",\"target\":[\"https:\/\/www.csj-emballages.com\/pt-pt\/produit\/50-pratos-de-sopa-de-bagaco-biodegradaveis-de-19-cm\/\"]}]},{\"@type\":\"ImageObject\",\"inLanguage\":\"pt-PT\",\"@id\":\"https:\/\/www.csj-emballages.com\/pt-pt\/produit\/50-pratos-de-sopa-de-bagaco-biodegradaveis-de-19-cm\/#primaryimage\",\"url\":\"https:\/\/www.csj-emballages.com\/wp-content\/uploads\/2024\/03\/AS20CRBIO.webp\",\"contentUrl\":\"https:\/\/www.csj-emballages.com\/wp-content\/uploads\/2024\/03\/AS20CRBIO.webp\",\"width\":800,\"height\":800,\"caption\":\"Assiette creuse\"},{\"@type\":\"BreadcrumbList\",\"@id\":\"https:\/\/www.csj-emballages.com\/pt-pt\/produit\/50-pratos-de-sopa-de-bagaco-biodegradaveis-de-19-cm\/#breadcrumb\",\"itemListElement\":[{\"@type\":\"ListItem\",\"position\":1,\"name\":\"Acolhimento\",\"item\":\"https:\/\/www.csj-emballages.com\/pt-pt\/universo-das-embalagens-alimentares\/\"},{\"@type\":\"ListItem\",\"position\":2,\"name\":\"Shop\",\"item\":\"https:\/\/www.csj-emballages.com\/shop\/\"},{\"@type\":\"ListItem\",\"position\":3,\"name\":\"Prato de sopa de baga\u00e7o biodegrad\u00e1vel de 19 cm por 50\"}]},{\"@type\":\"WebSite\",\"@id\":\"https:\/\/www.csj-emballages.com\/pt-pt\/#website\",\"url\":\"https:\/\/www.csj-emballages.com\/pt-pt\/\",\"name\":\"CSJ Emballages\",\"description\":\"\",\"publisher\":{\"@id\":\"https:\/\/www.csj-emballages.com\/pt-pt\/#organization\"},\"potentialAction\":[{\"@type\":\"SearchAction\",\"target\":{\"@type\":\"EntryPoint\",\"urlTemplate\":\"https:\/\/www.csj-emballages.com\/pt-pt\/?s={search_term_string}\"},\"query-input\":{\"@type\":\"PropertyValueSpecification\",\"valueRequired\":true,\"valueName\":\"search_term_string\"}}],\"inLanguage\":\"pt-PT\"},{\"@type\":\"Organization\",\"@id\":\"https:\/\/www.csj-emballages.com\/pt-pt\/#Organization\/\",\"name\":\"CSJ Emballages\",\"url\":\"https:\/\/www.csj-emballages.com\/pt-pt\/\",\"logo\":{\"@type\":\"ImageObject\",\"inLanguage\":\"pt-PT\",\"@id\":\"https:\/\/www.csj-emballages.com\/pt-pt\/#\/schema\/logo\/image\/\",\"url\":\"https:\/\/www.csj-emballages.com\/wp-content\/uploads\/2023\/10\/logo_csj.webp\",\"contentUrl\":\"https:\/\/www.csj-emballages.com\/wp-content\/uploads\/2023\/10\/logo_csj.webp\",\"width\":250,\"height\":95,\"caption\":\"CSJ Emballages\"},\"image\":{\"@id\":\"https:\/\/www.csj-emballages.com\/pt-pt\/#\/schema\/logo\/image\/\"},\"sameAs\":[\"https:\/\/www.facebook.com\/csjemballages\"],\"address\":{\"@type\":\"PostalAddress\",\"streetAddress\":\"ZI La Lechere\",\"addressLocality\":\"Patornay\",\"postalCode\":\"39130\",\"addressCountry\":\"FR\"},\"contactPoint\":[{\"@type\":\"ContactPoint\",\"contactType\":\"Service client\",\"telephone\":\"0384254272\",\"email\":\"contact@csj-emballages.com\"}]}]}<\/script>\n<!-- \/ Yoast SEO Premium plugin. -->","yoast_head_json":{"title":"Prato de sopa de baga\u00e7o biodegrad\u00e1vel, 19 cm, 50 unidades","description":"Pratos de sopa de baga\u00e7o biodegrad\u00e1vel 19 cm - Embalagem de 50 - Pratos robustos e ecol\u00f3gicos ideais para pratos quentes, frios ou molhos.","robots":{"index":"index","follow":"follow","max-snippet":"max-snippet:-1","max-image-preview":"max-image-preview:large","max-video-preview":"max-video-preview:-1"},"canonical":"https:\/\/www.csj-emballages.com\/pt-pt\/produit\/50-pratos-de-sopa-de-bagaco-biodegradaveis-de-19-cm\/","og_locale":"pt_PT","og_type":"article","og_title":"Prato de sopa de baga\u00e7o biodegrad\u00e1vel de 19 cm por 50","og_description":"Pratos de sopa de baga\u00e7o biodegrad\u00e1vel 19 cm - Embalagem de 50 - Pratos robustos e ecol\u00f3gicos ideais para pratos quentes, frios ou molhos.","og_url":"https:\/\/www.csj-emballages.com\/pt-pt\/produit\/50-pratos-de-sopa-de-bagaco-biodegradaveis-de-19-cm\/","og_site_name":"CSJ Emballages","article_publisher":"https:\/\/www.facebook.com\/csjemballages","article_modified_time":"2026-04-23T00:10:52+00:00","og_image":[{"width":800,"height":800,"url":"https:\/\/www.csj-emballages.com\/wp-content\/uploads\/2024\/03\/AS20CRBIO.webp","type":"image\/webp"}],"twitter_card":"summary_large_image","twitter_misc":{"Tempo estimado de leitura":"2 minutos"},"schema":{"@context":"https:\/\/schema.org","@graph":[{"@type":"WebPage","@id":"https:\/\/www.csj-emballages.com\/pt-pt\/produit\/50-pratos-de-sopa-de-bagaco-biodegradaveis-de-19-cm\/","url":"https:\/\/www.csj-emballages.com\/pt-pt\/produit\/50-pratos-de-sopa-de-bagaco-biodegradaveis-de-19-cm\/","name":"Prato de sopa de baga\u00e7o biodegrad\u00e1vel, 19 cm, 50 unidades","isPartOf":{"@id":"https:\/\/www.csj-emballages.com\/pt-pt\/#website"},"primaryImageOfPage":{"@id":"https:\/\/www.csj-emballages.com\/pt-pt\/produit\/50-pratos-de-sopa-de-bagaco-biodegradaveis-de-19-cm\/#primaryimage"},"image":{"@id":"https:\/\/www.csj-emballages.com\/pt-pt\/produit\/50-pratos-de-sopa-de-bagaco-biodegradaveis-de-19-cm\/#primaryimage"},"thumbnailUrl":"https:\/\/www.csj-emballages.com\/wp-content\/uploads\/2024\/03\/AS20CRBIO.webp","datePublished":"2024-03-01T15:57:30+00:00","dateModified":"2026-04-23T00:10:52+00:00","description":"Pratos de sopa de baga\u00e7o biodegrad\u00e1vel 19 cm - Embalagem de 50 - Pratos robustos e ecol\u00f3gicos ideais para pratos quentes, frios ou molhos.","breadcrumb":{"@id":"https:\/\/www.csj-emballages.com\/pt-pt\/produit\/50-pratos-de-sopa-de-bagaco-biodegradaveis-de-19-cm\/#breadcrumb"},"inLanguage":"pt-PT","potentialAction":[{"@type":"ReadAction","target":["https:\/\/www.csj-emballages.com\/pt-pt\/produit\/50-pratos-de-sopa-de-bagaco-biodegradaveis-de-19-cm\/"]}]},{"@type":"ImageObject","inLanguage":"pt-PT","@id":"https:\/\/www.csj-emballages.com\/pt-pt\/produit\/50-pratos-de-sopa-de-bagaco-biodegradaveis-de-19-cm\/#primaryimage","url":"https:\/\/www.csj-emballages.com\/wp-content\/uploads\/2024\/03\/AS20CRBIO.webp","contentUrl":"https:\/\/www.csj-emballages.com\/wp-content\/uploads\/2024\/03\/AS20CRBIO.webp","width":800,"height":800,"caption":"Assiette creuse"},{"@type":"BreadcrumbList","@id":"https:\/\/www.csj-emballages.com\/pt-pt\/produit\/50-pratos-de-sopa-de-bagaco-biodegradaveis-de-19-cm\/#breadcrumb","itemListElement":[{"@type":"ListItem","position":1,"name":"Acolhimento","item":"https:\/\/www.csj-emballages.com\/pt-pt\/universo-das-embalagens-alimentares\/"},{"@type":"ListItem","position":2,"name":"Shop","item":"https:\/\/www.csj-emballages.com\/shop\/"},{"@type":"ListItem","position":3,"name":"Prato de sopa de baga\u00e7o biodegrad\u00e1vel de 19 cm por 50"}]},{"@type":"WebSite","@id":"https:\/\/www.csj-emballages.com\/pt-pt\/#website","url":"https:\/\/www.csj-emballages.com\/pt-pt\/","name":"CSJ Emballages","description":"","publisher":{"@id":"https:\/\/www.csj-emballages.com\/pt-pt\/#organization"},"potentialAction":[{"@type":"SearchAction","target":{"@type":"EntryPoint","urlTemplate":"https:\/\/www.csj-emballages.com\/pt-pt\/?s={search_term_string}"},"query-input":{"@type":"PropertyValueSpecification","valueRequired":true,"valueName":"search_term_string"}}],"inLanguage":"pt-PT"},{"@type":"Organization","@id":"https:\/\/www.csj-emballages.com\/pt-pt\/#Organization\/","name":"CSJ Emballages","url":"https:\/\/www.csj-emballages.com\/pt-pt\/","logo":{"@type":"ImageObject","inLanguage":"pt-PT","@id":"https:\/\/www.csj-emballages.com\/pt-pt\/#\/schema\/logo\/image\/","url":"https:\/\/www.csj-emballages.com\/wp-content\/uploads\/2023\/10\/logo_csj.webp","contentUrl":"https:\/\/www.csj-emballages.com\/wp-content\/uploads\/2023\/10\/logo_csj.webp","width":250,"height":95,"caption":"CSJ Emballages"},"image":{"@id":"https:\/\/www.csj-emballages.com\/pt-pt\/#\/schema\/logo\/image\/"},"sameAs":["https:\/\/www.facebook.com\/csjemballages"],"address":{"@type":"PostalAddress","streetAddress":"ZI La Lechere","addressLocality":"Patornay","postalCode":"39130","addressCountry":"FR"},"contactPoint":[{"@type":"ContactPoint","contactType":"Service client","telephone":"0384254272","email":"contact@csj-emballages.com"}]}]}},"df_price":6.95,"df_sale_price":"","df_regular_price":6.95,"df_image_link":"https:\/\/www.csj-emballages.com\/wp-content\/uploads\/2024\/03\/AS20CRBIO-300x300.webp","tiered_pricing_type":"fixed","tiered_pricing_fixed_rules":[],"tiered_pricing_percentage_rules":[],"tiered_pricing_minimum":1,"tiered_pricing_roles_data":[],"_links":{"self":[{"href":"https:\/\/www.csj-emballages.com\/pt-pt\/wp-json\/wp\/v2\/product\/19144","targetHints":{"allow":["GET"]}}],"collection":[{"href":"https:\/\/www.csj-emballages.com\/pt-pt\/wp-json\/wp\/v2\/product"}],"about":[{"href":"https:\/\/www.csj-emballages.com\/pt-pt\/wp-json\/wp\/v2\/types\/product"}],"wp:featuredmedia":[{"embeddable":true,"href":"https:\/\/www.csj-emballages.com\/pt-pt\/wp-json\/wp\/v2\/media\/239674"}],"wp:attachment":[{"href":"https:\/\/www.csj-emballages.com\/pt-pt\/wp-json\/wp\/v2\/media?parent=19144"}],"wp:term":[{"taxonomy":"product_brand","embeddable":true,"href":"https:\/\/www.csj-emballages.com\/pt-pt\/wp-json\/wp\/v2\/product_brand?post=19144"},{"taxonomy":"product_cat","embeddable":true,"href":"https:\/\/www.csj-emballages.com\/pt-pt\/wp-json\/wp\/v2\/product_cat?post=19144"},{"taxonomy":"product_tag","embeddable":true,"href":"https:\/\/www.csj-emballages.com\/pt-pt\/wp-json\/wp\/v2\/product_tag?post=19144"}],"curies":[{"name":"wp","href":"https:\/\/api.w.org\/{rel}","templated":true}]}}