{"id":19062,"date":"2024-03-01T16:57:35","date_gmt":"2024-03-01T15:57:35","guid":{"rendered":"https:\/\/u15jnbdpoq.preview.infomaniak.website\/produit\/100-proteccoes-para-colchoes-para-2-pessoas-plp-branco-nao-tecido-140-x-190-cm\/"},"modified":"2026-04-01T02:11:38","modified_gmt":"2026-04-01T00:11:38","slug":"100-proteccoes-para-colchoes-para-2-pessoas-plp-branco-nao-tecido-140-x-190-cm","status":"publish","type":"product","link":"https:\/\/www.csj-emballages.com\/pt-pt\/produit\/100-proteccoes-para-colchoes-para-2-pessoas-plp-branco-nao-tecido-140-x-190-cm\/","title":{"rendered":"Resguardo descart\u00e1vel para cama de casal PLP n\u00e3o tecido branco 140 x 190 cm, embalagem de 100 unidades"},"content":{"rendered":"<h2>Resguardo descart\u00e1vel<\/h2>\n<hr>\n<h3>Descri\u00e7\u00e3o do nosso resguardo descart\u00e1vel para cama de casal PLP n\u00e3o tecido branco 140 x 190 cm, embalagem de 100 unidades<\/h3>\n<p><!--more--><\/p>\n<div class=\"flex max-w-full flex-col flex-grow\">\n<div class=\"min-h-8 text-message flex w-full flex-col items-end gap-2 whitespace-normal break-words text-start [.text-message+&amp;]:mt-5\" dir=\"auto\" data-message-author-role=\"assistant\" data-message-id=\"266ca6f3-5e07-4948-bd20-80ac5e6da4a5\" data-message-model-slug=\"gpt-4o\">\n<div class=\"flex w-full flex-col gap-1 empty:hidden first:pt-[3px]\">\n<div class=\"markdown prose w-full break-words dark:prose-invert dark\">\n<p>Este <strong>resguardo<\/strong> em <strong>polipropileno (PLP) n\u00e3o tecido<\/strong> de qualidade superior foi concebido para oferecer uma <strong>prote\u00e7\u00e3o ideal dos colch\u00f5es<\/strong>, garantindo simultaneamente o conforto do utilizador. Com uma gramagem de <strong>25 g\/m\u00b2<\/strong>, \u00e9 simultaneamente leve e resistente, perfeito para uma utiliza\u00e7\u00e3o <strong>higi\u00eanica e pr\u00e1tica<\/strong>. Ofere\u00e7a aos seus colch\u00f5es uma <strong>prote\u00e7\u00e3o fi\u00e1vel e econ\u00f3mica<\/strong>, assegurando simultaneamente um conforto ideal para os seus clientes ou familiares. Este <strong>resguardo descart\u00e1vel<\/strong> \u00e9 a op\u00e7\u00e3o pr\u00e1tica para um ambiente limpo e higi\u00e9nico.   <\/p>\n<div class=\"flex max-w-full flex-col flex-grow\">\n<div class=\"min-h-8 text-message flex w-full flex-col items-end gap-2 whitespace-normal break-words text-start [.text-message+&amp;]:mt-5\" dir=\"auto\" data-message-author-role=\"assistant\" data-message-id=\"6dcc6bf7-e5a6-4656-94f2-9dc863bc1bbe\" data-message-model-slug=\"gpt-4o\">\n<div class=\"flex w-full flex-col gap-1 empty:hidden first:pt-[3px]\">\n<div class=\"markdown prose w-full break-words dark:prose-invert dark\">\n<p>Utilizado principalmente em estabelecimentos <strong>hoteleiros<\/strong>, <strong>hospitais<\/strong> ou <strong>centros de sa\u00fade<\/strong>. Ideal tamb\u00e9m para utiliza\u00e7\u00e3o <strong>domicili\u00e1ria<\/strong>, nomeadamente em caso de necessidades espec\u00edficas de prote\u00e7\u00e3o tempor\u00e1ria ou permanente. <\/p>\n<\/div>\n<\/div>\n<\/div>\n<\/div>\n<\/div>\n<\/div>\n<\/div>\n<\/div>\n<p>&nbsp;<\/p>\n<p><!--more--><\/p>\n<h4>Vantagens :<\/h4>\n<ul>\n<li>Ideal para uma pessoa, ajusta-se perfeitamente \u00e0s camas de solteiro.<\/li>\n<li>Suave, respir\u00e1vel e n\u00e3o irritante para a pele.<\/li>\n<li>Fixa\u00e7\u00e3o perfeita no colch\u00e3o, mesmo em caso de movimentos.<\/li>\n<li>Protege eficazmente o colch\u00e3o contra manchas e sujidade.<\/li>\n<\/ul>\n<p>&nbsp;<\/p>\n<p><!--more--><\/p>\n<h4>Outras informa\u00e7\u00f5es :<\/h4>\n<ul>\n<li><strong>Embalagem<\/strong>: Pacote de 100<\/li>\n<li><strong>Sub-embalagem<\/strong>: Saqueta individual<\/li>\n<li><strong>Dimens\u00f5es<\/strong>: 140 x 190 cm<\/li>\n<li><strong>Material<\/strong>: polipropileno (PLP) n\u00e3o tecido<\/li>\n<li><strong>Cor<\/strong>: Branco<\/li>\n<li><b>Capacidade:<\/b> 2 pessoas<\/li>\n<li><strong>Espessura<\/strong>: 25 gr\/m\u00b2.<\/li>\n<\/ul>\n<p>&nbsp;<\/p>\n<p><!--more--><\/p>\n<p>Este resguardo tamb\u00e9m est\u00e1 dispon\u00edvel para 1 pessoa: <span style=\"color: #d12727;\"><a style=\"color: #d12727;\" href=\"https:\/\/www.csj-emballages.com\/pt-pt\/produit\/100-proteccoes-de-colchao-plp-nao-tecido-branco-para-1-pessoa-90-x-190-cm\/\">AP1<\/a><\/span><\/p>\n<p>&nbsp;<\/p>\n<p><!--more--><\/p>\n<p><a href=\"https:\/\/www.csj-emballages.com\/pt-pt\/categorie-produit\/higiene-e-manutencao\/roupa-de-cama-descartavel\/\">Ver o resto da nossa gama de roupa de cama descart\u00e1vel<\/a><\/p>\n","protected":false},"excerpt":{"rendered":"<p>Resguardo descart\u00e1vel Descri\u00e7\u00e3o do nosso resguardo descart\u00e1vel para cama de casal PLP n\u00e3o tecido branco 140 x 190 cm, embalagem de 100 unidades<\/p>\n","protected":false},"featured_media":221093,"template":"","meta":{"_acf_changed":false},"product_brand":[],"product_cat":[1222,1436],"product_tag":[],"class_list":{"0":"post-19062","1":"product","2":"type-product","3":"status-publish","4":"has-post-thumbnail","6":"product_cat-higiene-e-manutencao","7":"product_cat-roupa-de-cama-descartavel","9":"first","10":"instock","11":"taxable","12":"shipping-taxable","13":"purchasable","14":"product-type-simple"},"acf":[],"yoast_head":"<!-- This site is optimized with the Yoast SEO Premium plugin v26.6 (Yoast SEO v26.6) - https:\/\/yoast.com\/wordpress\/plugins\/seo\/ -->\n<title>Resguardo Descart\u00e1vel para Cama de Casal PLP N\u00e3o Tecido Branco - 140 x 190 cm<\/title>\n<meta name=\"description\" content=\"Proteja os seus colch\u00f5es com o resguardo descart\u00e1vel para 2 pessoas. Resistente, suave e higi\u00e9nico, ajusta-se perfeitamente gra\u00e7as aos seus el\u00e1sticos na cabeceira e peseira.\" \/>\n<meta name=\"robots\" content=\"index, follow, max-snippet:-1, max-image-preview:large, max-video-preview:-1\" \/>\n<link rel=\"canonical\" href=\"https:\/\/www.csj-emballages.com\/pt-pt\/produit\/100-proteccoes-para-colchoes-para-2-pessoas-plp-branco-nao-tecido-140-x-190-cm\/\" \/>\n<meta property=\"og:locale\" content=\"pt_PT\" \/>\n<meta property=\"og:type\" content=\"article\" \/>\n<meta property=\"og:title\" content=\"Resguardo descart\u00e1vel para cama de casal PLP n\u00e3o tecido branco 140 x 190 cm, embalagem de 100 unidades\" \/>\n<meta property=\"og:description\" content=\"Proteja os seus colch\u00f5es com o resguardo descart\u00e1vel para 2 pessoas. Resistente, suave e higi\u00e9nico, ajusta-se perfeitamente gra\u00e7as aos seus el\u00e1sticos na cabeceira e peseira.\" \/>\n<meta property=\"og:url\" content=\"https:\/\/www.csj-emballages.com\/pt-pt\/produit\/100-proteccoes-para-colchoes-para-2-pessoas-plp-branco-nao-tecido-140-x-190-cm\/\" \/>\n<meta property=\"og:site_name\" content=\"CSJ Emballages\" \/>\n<meta property=\"article:publisher\" content=\"https:\/\/www.facebook.com\/csjemballages\" \/>\n<meta property=\"article:modified_time\" content=\"2026-04-01T00:11:38+00:00\" \/>\n<meta property=\"og:image\" content=\"https:\/\/www.csj-emballages.com\/wp-content\/uploads\/2024\/03\/Alese-1-pers-1.webp\" \/>\n\t<meta property=\"og:image:width\" content=\"800\" \/>\n\t<meta property=\"og:image:height\" content=\"800\" \/>\n\t<meta property=\"og:image:type\" content=\"image\/webp\" \/>\n<meta name=\"twitter:card\" content=\"summary_large_image\" \/>\n<meta name=\"twitter:label1\" content=\"Tempo estimado de leitura\" \/>\n\t<meta name=\"twitter:data1\" content=\"1 minuto\" \/>\n<script type=\"application\/ld+json\" class=\"yoast-schema-graph\">{\"@context\":\"https:\/\/schema.org\",\"@graph\":[{\"@type\":\"WebPage\",\"@id\":\"https:\/\/www.csj-emballages.com\/pt-pt\/produit\/100-proteccoes-para-colchoes-para-2-pessoas-plp-branco-nao-tecido-140-x-190-cm\/\",\"url\":\"https:\/\/www.csj-emballages.com\/pt-pt\/produit\/100-proteccoes-para-colchoes-para-2-pessoas-plp-branco-nao-tecido-140-x-190-cm\/\",\"name\":\"Resguardo Descart\u00e1vel para Cama de Casal PLP N\u00e3o Tecido Branco - 140 x 190 cm\",\"isPartOf\":{\"@id\":\"https:\/\/www.csj-emballages.com\/pt-pt\/#website\"},\"primaryImageOfPage\":{\"@id\":\"https:\/\/www.csj-emballages.com\/pt-pt\/produit\/100-proteccoes-para-colchoes-para-2-pessoas-plp-branco-nao-tecido-140-x-190-cm\/#primaryimage\"},\"image\":{\"@id\":\"https:\/\/www.csj-emballages.com\/pt-pt\/produit\/100-proteccoes-para-colchoes-para-2-pessoas-plp-branco-nao-tecido-140-x-190-cm\/#primaryimage\"},\"thumbnailUrl\":\"https:\/\/www.csj-emballages.com\/wp-content\/uploads\/2024\/03\/Alese-1-pers-1.webp\",\"datePublished\":\"2024-03-01T15:57:35+00:00\",\"dateModified\":\"2026-04-01T00:11:38+00:00\",\"description\":\"Proteja os seus colch\u00f5es com o resguardo descart\u00e1vel para 2 pessoas. Resistente, suave e higi\u00e9nico, ajusta-se perfeitamente gra\u00e7as aos seus el\u00e1sticos na cabeceira e peseira.\",\"breadcrumb\":{\"@id\":\"https:\/\/www.csj-emballages.com\/pt-pt\/produit\/100-proteccoes-para-colchoes-para-2-pessoas-plp-branco-nao-tecido-140-x-190-cm\/#breadcrumb\"},\"inLanguage\":\"pt-PT\",\"potentialAction\":[{\"@type\":\"ReadAction\",\"target\":[\"https:\/\/www.csj-emballages.com\/pt-pt\/produit\/100-proteccoes-para-colchoes-para-2-pessoas-plp-branco-nao-tecido-140-x-190-cm\/\"]}]},{\"@type\":\"ImageObject\",\"inLanguage\":\"pt-PT\",\"@id\":\"https:\/\/www.csj-emballages.com\/pt-pt\/produit\/100-proteccoes-para-colchoes-para-2-pessoas-plp-branco-nao-tecido-140-x-190-cm\/#primaryimage\",\"url\":\"https:\/\/www.csj-emballages.com\/wp-content\/uploads\/2024\/03\/Alese-1-pers-1.webp\",\"contentUrl\":\"https:\/\/www.csj-emballages.com\/wp-content\/uploads\/2024\/03\/Alese-1-pers-1.webp\",\"width\":800,\"height\":800,\"caption\":\"Al\u00e8se jetable\"},{\"@type\":\"BreadcrumbList\",\"@id\":\"https:\/\/www.csj-emballages.com\/pt-pt\/produit\/100-proteccoes-para-colchoes-para-2-pessoas-plp-branco-nao-tecido-140-x-190-cm\/#breadcrumb\",\"itemListElement\":[{\"@type\":\"ListItem\",\"position\":1,\"name\":\"Acolhimento\",\"item\":\"https:\/\/www.csj-emballages.com\/pt-pt\/universo-das-embalagens-alimentares\/\"},{\"@type\":\"ListItem\",\"position\":2,\"name\":\"Shop\",\"item\":\"https:\/\/www.csj-emballages.com\/shop\/\"},{\"@type\":\"ListItem\",\"position\":3,\"name\":\"Resguardo descart\u00e1vel para cama de casal PLP n\u00e3o tecido branco 140 x 190 cm, embalagem de 100 unidades\"}]},{\"@type\":\"WebSite\",\"@id\":\"https:\/\/www.csj-emballages.com\/pt-pt\/#website\",\"url\":\"https:\/\/www.csj-emballages.com\/pt-pt\/\",\"name\":\"CSJ Emballages\",\"description\":\"\",\"publisher\":{\"@id\":\"https:\/\/www.csj-emballages.com\/pt-pt\/#organization\"},\"potentialAction\":[{\"@type\":\"SearchAction\",\"target\":{\"@type\":\"EntryPoint\",\"urlTemplate\":\"https:\/\/www.csj-emballages.com\/pt-pt\/?s={search_term_string}\"},\"query-input\":{\"@type\":\"PropertyValueSpecification\",\"valueRequired\":true,\"valueName\":\"search_term_string\"}}],\"inLanguage\":\"pt-PT\"},{\"@type\":\"Organization\",\"@id\":\"https:\/\/www.csj-emballages.com\/pt-pt\/#Organization\/\",\"name\":\"CSJ Emballages\",\"url\":\"https:\/\/www.csj-emballages.com\/pt-pt\/\",\"logo\":{\"@type\":\"ImageObject\",\"inLanguage\":\"pt-PT\",\"@id\":\"https:\/\/www.csj-emballages.com\/pt-pt\/#\/schema\/logo\/image\/\",\"url\":\"https:\/\/www.csj-emballages.com\/wp-content\/uploads\/2023\/10\/logo_csj.webp\",\"contentUrl\":\"https:\/\/www.csj-emballages.com\/wp-content\/uploads\/2023\/10\/logo_csj.webp\",\"width\":250,\"height\":95,\"caption\":\"CSJ Emballages\"},\"image\":{\"@id\":\"https:\/\/www.csj-emballages.com\/pt-pt\/#\/schema\/logo\/image\/\"},\"sameAs\":[\"https:\/\/www.facebook.com\/csjemballages\"],\"address\":{\"@type\":\"PostalAddress\",\"streetAddress\":\"ZI La Lechere\",\"addressLocality\":\"Patornay\",\"postalCode\":\"39130\",\"addressCountry\":\"FR\"},\"contactPoint\":[{\"@type\":\"ContactPoint\",\"contactType\":\"Service client\",\"telephone\":\"0384254272\",\"email\":\"contact@csj-emballages.com\"}]}]}<\/script>\n<!-- \/ Yoast SEO Premium plugin. -->","yoast_head_json":{"title":"Resguardo Descart\u00e1vel para Cama de Casal PLP N\u00e3o Tecido Branco - 140 x 190 cm","description":"Proteja os seus colch\u00f5es com o resguardo descart\u00e1vel para 2 pessoas. Resistente, suave e higi\u00e9nico, ajusta-se perfeitamente gra\u00e7as aos seus el\u00e1sticos na cabeceira e peseira.","robots":{"index":"index","follow":"follow","max-snippet":"max-snippet:-1","max-image-preview":"max-image-preview:large","max-video-preview":"max-video-preview:-1"},"canonical":"https:\/\/www.csj-emballages.com\/pt-pt\/produit\/100-proteccoes-para-colchoes-para-2-pessoas-plp-branco-nao-tecido-140-x-190-cm\/","og_locale":"pt_PT","og_type":"article","og_title":"Resguardo descart\u00e1vel para cama de casal PLP n\u00e3o tecido branco 140 x 190 cm, embalagem de 100 unidades","og_description":"Proteja os seus colch\u00f5es com o resguardo descart\u00e1vel para 2 pessoas. Resistente, suave e higi\u00e9nico, ajusta-se perfeitamente gra\u00e7as aos seus el\u00e1sticos na cabeceira e peseira.","og_url":"https:\/\/www.csj-emballages.com\/pt-pt\/produit\/100-proteccoes-para-colchoes-para-2-pessoas-plp-branco-nao-tecido-140-x-190-cm\/","og_site_name":"CSJ Emballages","article_publisher":"https:\/\/www.facebook.com\/csjemballages","article_modified_time":"2026-04-01T00:11:38+00:00","og_image":[{"width":800,"height":800,"url":"https:\/\/www.csj-emballages.com\/wp-content\/uploads\/2024\/03\/Alese-1-pers-1.webp","type":"image\/webp"}],"twitter_card":"summary_large_image","twitter_misc":{"Tempo estimado de leitura":"1 minuto"},"schema":{"@context":"https:\/\/schema.org","@graph":[{"@type":"WebPage","@id":"https:\/\/www.csj-emballages.com\/pt-pt\/produit\/100-proteccoes-para-colchoes-para-2-pessoas-plp-branco-nao-tecido-140-x-190-cm\/","url":"https:\/\/www.csj-emballages.com\/pt-pt\/produit\/100-proteccoes-para-colchoes-para-2-pessoas-plp-branco-nao-tecido-140-x-190-cm\/","name":"Resguardo Descart\u00e1vel para Cama de Casal PLP N\u00e3o Tecido Branco - 140 x 190 cm","isPartOf":{"@id":"https:\/\/www.csj-emballages.com\/pt-pt\/#website"},"primaryImageOfPage":{"@id":"https:\/\/www.csj-emballages.com\/pt-pt\/produit\/100-proteccoes-para-colchoes-para-2-pessoas-plp-branco-nao-tecido-140-x-190-cm\/#primaryimage"},"image":{"@id":"https:\/\/www.csj-emballages.com\/pt-pt\/produit\/100-proteccoes-para-colchoes-para-2-pessoas-plp-branco-nao-tecido-140-x-190-cm\/#primaryimage"},"thumbnailUrl":"https:\/\/www.csj-emballages.com\/wp-content\/uploads\/2024\/03\/Alese-1-pers-1.webp","datePublished":"2024-03-01T15:57:35+00:00","dateModified":"2026-04-01T00:11:38+00:00","description":"Proteja os seus colch\u00f5es com o resguardo descart\u00e1vel para 2 pessoas. Resistente, suave e higi\u00e9nico, ajusta-se perfeitamente gra\u00e7as aos seus el\u00e1sticos na cabeceira e peseira.","breadcrumb":{"@id":"https:\/\/www.csj-emballages.com\/pt-pt\/produit\/100-proteccoes-para-colchoes-para-2-pessoas-plp-branco-nao-tecido-140-x-190-cm\/#breadcrumb"},"inLanguage":"pt-PT","potentialAction":[{"@type":"ReadAction","target":["https:\/\/www.csj-emballages.com\/pt-pt\/produit\/100-proteccoes-para-colchoes-para-2-pessoas-plp-branco-nao-tecido-140-x-190-cm\/"]}]},{"@type":"ImageObject","inLanguage":"pt-PT","@id":"https:\/\/www.csj-emballages.com\/pt-pt\/produit\/100-proteccoes-para-colchoes-para-2-pessoas-plp-branco-nao-tecido-140-x-190-cm\/#primaryimage","url":"https:\/\/www.csj-emballages.com\/wp-content\/uploads\/2024\/03\/Alese-1-pers-1.webp","contentUrl":"https:\/\/www.csj-emballages.com\/wp-content\/uploads\/2024\/03\/Alese-1-pers-1.webp","width":800,"height":800,"caption":"Al\u00e8se jetable"},{"@type":"BreadcrumbList","@id":"https:\/\/www.csj-emballages.com\/pt-pt\/produit\/100-proteccoes-para-colchoes-para-2-pessoas-plp-branco-nao-tecido-140-x-190-cm\/#breadcrumb","itemListElement":[{"@type":"ListItem","position":1,"name":"Acolhimento","item":"https:\/\/www.csj-emballages.com\/pt-pt\/universo-das-embalagens-alimentares\/"},{"@type":"ListItem","position":2,"name":"Shop","item":"https:\/\/www.csj-emballages.com\/shop\/"},{"@type":"ListItem","position":3,"name":"Resguardo descart\u00e1vel para cama de casal PLP n\u00e3o tecido branco 140 x 190 cm, embalagem de 100 unidades"}]},{"@type":"WebSite","@id":"https:\/\/www.csj-emballages.com\/pt-pt\/#website","url":"https:\/\/www.csj-emballages.com\/pt-pt\/","name":"CSJ Emballages","description":"","publisher":{"@id":"https:\/\/www.csj-emballages.com\/pt-pt\/#organization"},"potentialAction":[{"@type":"SearchAction","target":{"@type":"EntryPoint","urlTemplate":"https:\/\/www.csj-emballages.com\/pt-pt\/?s={search_term_string}"},"query-input":{"@type":"PropertyValueSpecification","valueRequired":true,"valueName":"search_term_string"}}],"inLanguage":"pt-PT"},{"@type":"Organization","@id":"https:\/\/www.csj-emballages.com\/pt-pt\/#Organization\/","name":"CSJ Emballages","url":"https:\/\/www.csj-emballages.com\/pt-pt\/","logo":{"@type":"ImageObject","inLanguage":"pt-PT","@id":"https:\/\/www.csj-emballages.com\/pt-pt\/#\/schema\/logo\/image\/","url":"https:\/\/www.csj-emballages.com\/wp-content\/uploads\/2023\/10\/logo_csj.webp","contentUrl":"https:\/\/www.csj-emballages.com\/wp-content\/uploads\/2023\/10\/logo_csj.webp","width":250,"height":95,"caption":"CSJ Emballages"},"image":{"@id":"https:\/\/www.csj-emballages.com\/pt-pt\/#\/schema\/logo\/image\/"},"sameAs":["https:\/\/www.facebook.com\/csjemballages"],"address":{"@type":"PostalAddress","streetAddress":"ZI La Lechere","addressLocality":"Patornay","postalCode":"39130","addressCountry":"FR"},"contactPoint":[{"@type":"ContactPoint","contactType":"Service client","telephone":"0384254272","email":"contact@csj-emballages.com"}]}]}},"df_price":69.85,"df_sale_price":"","df_regular_price":69.85,"df_image_link":"https:\/\/www.csj-emballages.com\/wp-content\/uploads\/2024\/03\/Alese-1-pers-1-300x300.webp","tiered_pricing_type":"fixed","tiered_pricing_fixed_rules":[],"tiered_pricing_percentage_rules":[],"tiered_pricing_minimum":1,"tiered_pricing_roles_data":[],"_links":{"self":[{"href":"https:\/\/www.csj-emballages.com\/pt-pt\/wp-json\/wp\/v2\/product\/19062","targetHints":{"allow":["GET"]}}],"collection":[{"href":"https:\/\/www.csj-emballages.com\/pt-pt\/wp-json\/wp\/v2\/product"}],"about":[{"href":"https:\/\/www.csj-emballages.com\/pt-pt\/wp-json\/wp\/v2\/types\/product"}],"wp:featuredmedia":[{"embeddable":true,"href":"https:\/\/www.csj-emballages.com\/pt-pt\/wp-json\/wp\/v2\/media\/221093"}],"wp:attachment":[{"href":"https:\/\/www.csj-emballages.com\/pt-pt\/wp-json\/wp\/v2\/media?parent=19062"}],"wp:term":[{"taxonomy":"product_brand","embeddable":true,"href":"https:\/\/www.csj-emballages.com\/pt-pt\/wp-json\/wp\/v2\/product_brand?post=19062"},{"taxonomy":"product_cat","embeddable":true,"href":"https:\/\/www.csj-emballages.com\/pt-pt\/wp-json\/wp\/v2\/product_cat?post=19062"},{"taxonomy":"product_tag","embeddable":true,"href":"https:\/\/www.csj-emballages.com\/pt-pt\/wp-json\/wp\/v2\/product_tag?post=19062"}],"curies":[{"name":"wp","href":"https:\/\/api.w.org\/{rel}","templated":true}]}}