{"id":19035,"date":"2024-03-01T16:57:37","date_gmt":"2024-03-01T15:57:37","guid":{"rendered":"https:\/\/u15jnbdpoq.preview.infomaniak.website\/produit\/blocos-para-retalhistas-100-folhas-60-x-140-mm\/"},"modified":"2026-04-10T02:11:13","modified_gmt":"2026-04-10T00:11:13","slug":"blocos-para-retalhistas-100-folhas-60-x-140-mm","status":"publish","type":"product","link":"https:\/\/www.csj-emballages.com\/pt-pt\/produit\/blocos-para-retalhistas-100-folhas-60-x-140-mm\/","title":{"rendered":"Bloco de notas comercial, 100 folhas, 60 x 140 mm"},"content":{"rendered":"<h2>Bloco de notas comercial<\/h2>\n<hr>\n<h3>Descubra o nosso bloco de notas comercial, 100 folhas, 60 x 140 mm<\/h3>\n<p><!--more--><\/p>\n<p data-start=\"287\" data-end=\"701\">Simples, eficaz e sempre \u00e0 m\u00e3o, este <strong data-start=\"337\" data-end=\"368\">bloco de notas comercial 60 x 140 mm<\/strong> \u00e9 um verdadeiro aliado para o dia a dia. Quer seja para anotar um pedido, fazer uma conta r\u00e1pida ou deixar uma informa\u00e7\u00e3o a um cliente, ele est\u00e1 sempre presente sem nunca complicar as coisas. O seu formato estreito e pr\u00e1tico cabe facilmente num balc\u00e3o, perto de uma caixa ou numa gaveta, pronto a ser utilizado a qualquer momento.  <\/p>\n<p data-start=\"703\" data-end=\"1039\">Com as suas <strong data-start=\"712\" data-end=\"741\">100 folhas destac\u00e1veis<\/strong>, escreve, arranca e passa ao seguinte. N\u00e3o precisa de pensar, tudo \u00e9 r\u00e1pido. O <strong>papel<\/strong> oferece uma boa legibilidade, o que permite escrever claramente, mesmo em per\u00edodos de grande aflu\u00eancia. Cada nota permanece limpa, n\u00edtida e f\u00e1cil de ler, tanto para si como para os seus clientes.   <\/p>\n<p data-start=\"1041\" data-end=\"1375\">Da mesma forma, o seu <strong>design s\u00f3brio<\/strong> e profissional integra-se perfeitamente em todos os com\u00e9rcios: padarias, snack-bares, restaurantes, bares, talhos ou pequenos com\u00e9rcios de proximidade. Inspira seriedade e organiza\u00e7\u00e3o, sem exagerar. E porque \u00e9 <strong data-start=\"1294\" data-end=\"1316\">fabricado em Fran\u00e7a<\/strong>, tamb\u00e9m corresponde a uma expetativa de qualidade e fiabilidade.  <\/p>\n<p data-start=\"1377\" data-end=\"1625\">Este <strong>bloco de notas comercial<\/strong> pode n\u00e3o ser a ferramenta mais vis\u00edvel da sua atividade, mas faz claramente a diferen\u00e7a no dia a dia. Ajuda-o a manter-se organizado, a ganhar tempo e a trabalhar com mais serenidade, especialmente quando tudo acontece ao mesmo tempo. <\/p>\n<p data-start=\"1627\" data-end=\"1742\">Em resumo, \u00e9 um indispens\u00e1vel simples, pr\u00e1tico e eficaz, pensado para os profissionais que querem ir direto ao assunto.<\/p>\n<p data-start=\"1627\" data-end=\"1742\">\n<p data-start=\"1554\" data-end=\"1652\"><!--more--><\/p>\n<h4 data-start=\"1554\" data-end=\"1652\">Vantagens :<\/h4>\n<ul>\n<li data-start=\"1771\" data-end=\"1814\">Formato compacto e pr\u00e1tico (<strong>60 x 140 mm<\/strong>).<\/li>\n<li data-start=\"1817\" data-end=\"1852\"><strong>100 folhas<\/strong> f\u00e1ceis de destacar.<\/li>\n<li data-start=\"1855\" data-end=\"1884\">Escrita clara e leg\u00edvel.<\/li>\n<li data-start=\"1887\" data-end=\"1933\">Ideal para o com\u00e9rcio e a restaura\u00e7\u00e3o.<\/li>\n<li data-start=\"1936\" data-end=\"1958\">Fabricado em Fran\u00e7a.<\/li>\n<\/ul>\n<p>&nbsp;<\/p>\n<p><!--more--><\/p>\n<h4>Outras informa\u00e7\u00f5es :<\/h4>\n<ul>\n<li><strong>Embalagem<\/strong>: Por unidade<\/li>\n<li><strong>Dimens\u00f5es<\/strong>: 60 x 140 mm<\/li>\n<li><strong>Modelo<\/strong>: Bloco de notas comercial<\/li>\n<li><strong>Papel interior<\/strong>: Branco<\/li>\n<li><strong>Gramagem<\/strong>: 100 g\/m\u00b2<\/li>\n<li><strong>N\u00famero de folhas<\/strong>: 100<\/li>\n<\/ul>\n<p>&nbsp;<\/p>\n<p><!--more--><\/p>\n<p>Encontre tamb\u00e9m o nosso bloco de notas de vendedor colorido: <span style=\"color: #d12727;\"><a style=\"color: #d12727;\" href=\"https:\/\/www.csj-emballages.com\/es\/produit\/almohadillas-de-venta-de-colores-surtidos-100-hojas-60-x-135-mm\/\">22<\/a><\/span><\/p>\n<p>&nbsp;<\/p>\n<p><!--more--><\/p>\n<p><a href=\"https:\/\/www.csj-emballages.com\/pt-pt\/categorie-produit\/embalagem-de-alimentos\/loja-e-armazem\/artigos-de-papelaria-e-pequenos-artigos\/blocos\/\">Consulte o resto da nossa gama de blocos<\/a><\/p>\n","protected":false},"excerpt":{"rendered":"<p>Bloco de notas comercial Descubra o nosso bloco de notas comercial, 100 folhas, 60 x 140 mm<\/p>\n","protected":false},"featured_media":260364,"template":"","meta":{"_acf_changed":false},"product_brand":[],"product_cat":[1141,1482,1927,3924],"product_tag":[],"class_list":{"0":"post-19035","1":"product","2":"type-product","3":"status-publish","4":"has-post-thumbnail","6":"product_cat-embalagem-de-alimentos","7":"product_cat-loja-e-armazem","8":"product_cat-artigos-de-papelaria-e-pequenos-artigos","9":"product_cat-blocos","11":"first","12":"instock","13":"taxable","14":"shipping-taxable","15":"purchasable","16":"product-type-simple"},"acf":[],"yoast_head":"<!-- This site is optimized with the Yoast SEO Premium plugin v26.6 (Yoast SEO v26.6) - https:\/\/yoast.com\/wordpress\/plugins\/seo\/ -->\n<title>Bloco de Notas Comercial, 100 Folhas, 60 x 140 mm<\/title>\n<meta name=\"description\" content=\"Bloco de notas comercial 60 x 140 mm com 100 folhas destac\u00e1veis. Pr\u00e1tico, compacto e fabricado em Fran\u00e7a, ideal para notas r\u00e1pidas ao balc\u00e3o.\" \/>\n<meta name=\"robots\" content=\"index, follow, max-snippet:-1, max-image-preview:large, max-video-preview:-1\" \/>\n<link rel=\"canonical\" href=\"https:\/\/www.csj-emballages.com\/pt-pt\/produit\/blocos-para-retalhistas-100-folhas-60-x-140-mm\/\" \/>\n<meta property=\"og:locale\" content=\"pt_PT\" \/>\n<meta property=\"og:type\" content=\"article\" \/>\n<meta property=\"og:title\" content=\"Bloco de notas comercial, 100 folhas, 60 x 140 mm\" \/>\n<meta property=\"og:description\" content=\"Bloco de notas comercial 60 x 140 mm com 100 folhas destac\u00e1veis. Pr\u00e1tico, compacto e fabricado em Fran\u00e7a, ideal para notas r\u00e1pidas ao balc\u00e3o.\" \/>\n<meta property=\"og:url\" content=\"https:\/\/www.csj-emballages.com\/pt-pt\/produit\/blocos-para-retalhistas-100-folhas-60-x-140-mm\/\" \/>\n<meta property=\"og:site_name\" content=\"CSJ Emballages\" \/>\n<meta property=\"article:publisher\" content=\"https:\/\/www.facebook.com\/csjemballages\" \/>\n<meta property=\"article:modified_time\" content=\"2026-04-10T00:11:13+00:00\" \/>\n<meta property=\"og:image\" content=\"https:\/\/www.csj-emballages.com\/wp-content\/uploads\/2024\/03\/901.webp\" \/>\n\t<meta property=\"og:image:width\" content=\"800\" \/>\n\t<meta property=\"og:image:height\" content=\"800\" \/>\n\t<meta property=\"og:image:type\" content=\"image\/webp\" \/>\n<meta name=\"twitter:card\" content=\"summary_large_image\" \/>\n<meta name=\"twitter:label1\" content=\"Tempo estimado de leitura\" \/>\n\t<meta name=\"twitter:data1\" content=\"2 minutos\" \/>\n<script type=\"application\/ld+json\" class=\"yoast-schema-graph\">{\"@context\":\"https:\/\/schema.org\",\"@graph\":[{\"@type\":\"WebPage\",\"@id\":\"https:\/\/www.csj-emballages.com\/pt-pt\/produit\/blocos-para-retalhistas-100-folhas-60-x-140-mm\/\",\"url\":\"https:\/\/www.csj-emballages.com\/pt-pt\/produit\/blocos-para-retalhistas-100-folhas-60-x-140-mm\/\",\"name\":\"Bloco de Notas Comercial, 100 Folhas, 60 x 140 mm\",\"isPartOf\":{\"@id\":\"https:\/\/www.csj-emballages.com\/pt-pt\/#website\"},\"primaryImageOfPage\":{\"@id\":\"https:\/\/www.csj-emballages.com\/pt-pt\/produit\/blocos-para-retalhistas-100-folhas-60-x-140-mm\/#primaryimage\"},\"image\":{\"@id\":\"https:\/\/www.csj-emballages.com\/pt-pt\/produit\/blocos-para-retalhistas-100-folhas-60-x-140-mm\/#primaryimage\"},\"thumbnailUrl\":\"https:\/\/www.csj-emballages.com\/wp-content\/uploads\/2024\/03\/901.webp\",\"datePublished\":\"2024-03-01T15:57:37+00:00\",\"dateModified\":\"2026-04-10T00:11:13+00:00\",\"description\":\"Bloco de notas comercial 60 x 140 mm com 100 folhas destac\u00e1veis. Pr\u00e1tico, compacto e fabricado em Fran\u00e7a, ideal para notas r\u00e1pidas ao balc\u00e3o.\",\"breadcrumb\":{\"@id\":\"https:\/\/www.csj-emballages.com\/pt-pt\/produit\/blocos-para-retalhistas-100-folhas-60-x-140-mm\/#breadcrumb\"},\"inLanguage\":\"pt-PT\",\"potentialAction\":[{\"@type\":\"ReadAction\",\"target\":[\"https:\/\/www.csj-emballages.com\/pt-pt\/produit\/blocos-para-retalhistas-100-folhas-60-x-140-mm\/\"]}]},{\"@type\":\"ImageObject\",\"inLanguage\":\"pt-PT\",\"@id\":\"https:\/\/www.csj-emballages.com\/pt-pt\/produit\/blocos-para-retalhistas-100-folhas-60-x-140-mm\/#primaryimage\",\"url\":\"https:\/\/www.csj-emballages.com\/wp-content\/uploads\/2024\/03\/901.webp\",\"contentUrl\":\"https:\/\/www.csj-emballages.com\/wp-content\/uploads\/2024\/03\/901.webp\",\"width\":800,\"height\":800,\"caption\":\"Bloc commer\u00e7ant\"},{\"@type\":\"BreadcrumbList\",\"@id\":\"https:\/\/www.csj-emballages.com\/pt-pt\/produit\/blocos-para-retalhistas-100-folhas-60-x-140-mm\/#breadcrumb\",\"itemListElement\":[{\"@type\":\"ListItem\",\"position\":1,\"name\":\"Acolhimento\",\"item\":\"https:\/\/www.csj-emballages.com\/pt-pt\/universo-das-embalagens-alimentares\/\"},{\"@type\":\"ListItem\",\"position\":2,\"name\":\"Shop\",\"item\":\"https:\/\/www.csj-emballages.com\/shop\/\"},{\"@type\":\"ListItem\",\"position\":3,\"name\":\"Bloco de notas comercial, 100 folhas, 60 x 140 mm\"}]},{\"@type\":\"WebSite\",\"@id\":\"https:\/\/www.csj-emballages.com\/pt-pt\/#website\",\"url\":\"https:\/\/www.csj-emballages.com\/pt-pt\/\",\"name\":\"CSJ Emballages\",\"description\":\"\",\"publisher\":{\"@id\":\"https:\/\/www.csj-emballages.com\/pt-pt\/#organization\"},\"potentialAction\":[{\"@type\":\"SearchAction\",\"target\":{\"@type\":\"EntryPoint\",\"urlTemplate\":\"https:\/\/www.csj-emballages.com\/pt-pt\/?s={search_term_string}\"},\"query-input\":{\"@type\":\"PropertyValueSpecification\",\"valueRequired\":true,\"valueName\":\"search_term_string\"}}],\"inLanguage\":\"pt-PT\"},{\"@type\":\"Organization\",\"@id\":\"https:\/\/www.csj-emballages.com\/pt-pt\/#Organization\/\",\"name\":\"CSJ Emballages\",\"url\":\"https:\/\/www.csj-emballages.com\/pt-pt\/\",\"logo\":{\"@type\":\"ImageObject\",\"inLanguage\":\"pt-PT\",\"@id\":\"https:\/\/www.csj-emballages.com\/pt-pt\/#\/schema\/logo\/image\/\",\"url\":\"https:\/\/www.csj-emballages.com\/wp-content\/uploads\/2023\/10\/logo_csj.webp\",\"contentUrl\":\"https:\/\/www.csj-emballages.com\/wp-content\/uploads\/2023\/10\/logo_csj.webp\",\"width\":250,\"height\":95,\"caption\":\"CSJ Emballages\"},\"image\":{\"@id\":\"https:\/\/www.csj-emballages.com\/pt-pt\/#\/schema\/logo\/image\/\"},\"sameAs\":[\"https:\/\/www.facebook.com\/csjemballages\"],\"address\":{\"@type\":\"PostalAddress\",\"streetAddress\":\"ZI La Lechere\",\"addressLocality\":\"Patornay\",\"postalCode\":\"39130\",\"addressCountry\":\"FR\"},\"contactPoint\":[{\"@type\":\"ContactPoint\",\"contactType\":\"Service client\",\"telephone\":\"0384254272\",\"email\":\"contact@csj-emballages.com\"}]}]}<\/script>\n<!-- \/ Yoast SEO Premium plugin. -->","yoast_head_json":{"title":"Bloco de Notas Comercial, 100 Folhas, 60 x 140 mm","description":"Bloco de notas comercial 60 x 140 mm com 100 folhas destac\u00e1veis. Pr\u00e1tico, compacto e fabricado em Fran\u00e7a, ideal para notas r\u00e1pidas ao balc\u00e3o.","robots":{"index":"index","follow":"follow","max-snippet":"max-snippet:-1","max-image-preview":"max-image-preview:large","max-video-preview":"max-video-preview:-1"},"canonical":"https:\/\/www.csj-emballages.com\/pt-pt\/produit\/blocos-para-retalhistas-100-folhas-60-x-140-mm\/","og_locale":"pt_PT","og_type":"article","og_title":"Bloco de notas comercial, 100 folhas, 60 x 140 mm","og_description":"Bloco de notas comercial 60 x 140 mm com 100 folhas destac\u00e1veis. Pr\u00e1tico, compacto e fabricado em Fran\u00e7a, ideal para notas r\u00e1pidas ao balc\u00e3o.","og_url":"https:\/\/www.csj-emballages.com\/pt-pt\/produit\/blocos-para-retalhistas-100-folhas-60-x-140-mm\/","og_site_name":"CSJ Emballages","article_publisher":"https:\/\/www.facebook.com\/csjemballages","article_modified_time":"2026-04-10T00:11:13+00:00","og_image":[{"width":800,"height":800,"url":"https:\/\/www.csj-emballages.com\/wp-content\/uploads\/2024\/03\/901.webp","type":"image\/webp"}],"twitter_card":"summary_large_image","twitter_misc":{"Tempo estimado de leitura":"2 minutos"},"schema":{"@context":"https:\/\/schema.org","@graph":[{"@type":"WebPage","@id":"https:\/\/www.csj-emballages.com\/pt-pt\/produit\/blocos-para-retalhistas-100-folhas-60-x-140-mm\/","url":"https:\/\/www.csj-emballages.com\/pt-pt\/produit\/blocos-para-retalhistas-100-folhas-60-x-140-mm\/","name":"Bloco de Notas Comercial, 100 Folhas, 60 x 140 mm","isPartOf":{"@id":"https:\/\/www.csj-emballages.com\/pt-pt\/#website"},"primaryImageOfPage":{"@id":"https:\/\/www.csj-emballages.com\/pt-pt\/produit\/blocos-para-retalhistas-100-folhas-60-x-140-mm\/#primaryimage"},"image":{"@id":"https:\/\/www.csj-emballages.com\/pt-pt\/produit\/blocos-para-retalhistas-100-folhas-60-x-140-mm\/#primaryimage"},"thumbnailUrl":"https:\/\/www.csj-emballages.com\/wp-content\/uploads\/2024\/03\/901.webp","datePublished":"2024-03-01T15:57:37+00:00","dateModified":"2026-04-10T00:11:13+00:00","description":"Bloco de notas comercial 60 x 140 mm com 100 folhas destac\u00e1veis. Pr\u00e1tico, compacto e fabricado em Fran\u00e7a, ideal para notas r\u00e1pidas ao balc\u00e3o.","breadcrumb":{"@id":"https:\/\/www.csj-emballages.com\/pt-pt\/produit\/blocos-para-retalhistas-100-folhas-60-x-140-mm\/#breadcrumb"},"inLanguage":"pt-PT","potentialAction":[{"@type":"ReadAction","target":["https:\/\/www.csj-emballages.com\/pt-pt\/produit\/blocos-para-retalhistas-100-folhas-60-x-140-mm\/"]}]},{"@type":"ImageObject","inLanguage":"pt-PT","@id":"https:\/\/www.csj-emballages.com\/pt-pt\/produit\/blocos-para-retalhistas-100-folhas-60-x-140-mm\/#primaryimage","url":"https:\/\/www.csj-emballages.com\/wp-content\/uploads\/2024\/03\/901.webp","contentUrl":"https:\/\/www.csj-emballages.com\/wp-content\/uploads\/2024\/03\/901.webp","width":800,"height":800,"caption":"Bloc commer\u00e7ant"},{"@type":"BreadcrumbList","@id":"https:\/\/www.csj-emballages.com\/pt-pt\/produit\/blocos-para-retalhistas-100-folhas-60-x-140-mm\/#breadcrumb","itemListElement":[{"@type":"ListItem","position":1,"name":"Acolhimento","item":"https:\/\/www.csj-emballages.com\/pt-pt\/universo-das-embalagens-alimentares\/"},{"@type":"ListItem","position":2,"name":"Shop","item":"https:\/\/www.csj-emballages.com\/shop\/"},{"@type":"ListItem","position":3,"name":"Bloco de notas comercial, 100 folhas, 60 x 140 mm"}]},{"@type":"WebSite","@id":"https:\/\/www.csj-emballages.com\/pt-pt\/#website","url":"https:\/\/www.csj-emballages.com\/pt-pt\/","name":"CSJ Emballages","description":"","publisher":{"@id":"https:\/\/www.csj-emballages.com\/pt-pt\/#organization"},"potentialAction":[{"@type":"SearchAction","target":{"@type":"EntryPoint","urlTemplate":"https:\/\/www.csj-emballages.com\/pt-pt\/?s={search_term_string}"},"query-input":{"@type":"PropertyValueSpecification","valueRequired":true,"valueName":"search_term_string"}}],"inLanguage":"pt-PT"},{"@type":"Organization","@id":"https:\/\/www.csj-emballages.com\/pt-pt\/#Organization\/","name":"CSJ Emballages","url":"https:\/\/www.csj-emballages.com\/pt-pt\/","logo":{"@type":"ImageObject","inLanguage":"pt-PT","@id":"https:\/\/www.csj-emballages.com\/pt-pt\/#\/schema\/logo\/image\/","url":"https:\/\/www.csj-emballages.com\/wp-content\/uploads\/2023\/10\/logo_csj.webp","contentUrl":"https:\/\/www.csj-emballages.com\/wp-content\/uploads\/2023\/10\/logo_csj.webp","width":250,"height":95,"caption":"CSJ Emballages"},"image":{"@id":"https:\/\/www.csj-emballages.com\/pt-pt\/#\/schema\/logo\/image\/"},"sameAs":["https:\/\/www.facebook.com\/csjemballages"],"address":{"@type":"PostalAddress","streetAddress":"ZI La Lechere","addressLocality":"Patornay","postalCode":"39130","addressCountry":"FR"},"contactPoint":[{"@type":"ContactPoint","contactType":"Service client","telephone":"0384254272","email":"contact@csj-emballages.com"}]}]}},"df_price":0.68,"df_sale_price":"","df_regular_price":0.68,"df_image_link":"https:\/\/www.csj-emballages.com\/wp-content\/uploads\/2024\/03\/901-300x300.webp","tiered_pricing_type":"fixed","tiered_pricing_fixed_rules":[],"tiered_pricing_percentage_rules":[],"tiered_pricing_minimum":1,"tiered_pricing_roles_data":[],"_links":{"self":[{"href":"https:\/\/www.csj-emballages.com\/pt-pt\/wp-json\/wp\/v2\/product\/19035","targetHints":{"allow":["GET"]}}],"collection":[{"href":"https:\/\/www.csj-emballages.com\/pt-pt\/wp-json\/wp\/v2\/product"}],"about":[{"href":"https:\/\/www.csj-emballages.com\/pt-pt\/wp-json\/wp\/v2\/types\/product"}],"wp:featuredmedia":[{"embeddable":true,"href":"https:\/\/www.csj-emballages.com\/pt-pt\/wp-json\/wp\/v2\/media\/260364"}],"wp:attachment":[{"href":"https:\/\/www.csj-emballages.com\/pt-pt\/wp-json\/wp\/v2\/media?parent=19035"}],"wp:term":[{"taxonomy":"product_brand","embeddable":true,"href":"https:\/\/www.csj-emballages.com\/pt-pt\/wp-json\/wp\/v2\/product_brand?post=19035"},{"taxonomy":"product_cat","embeddable":true,"href":"https:\/\/www.csj-emballages.com\/pt-pt\/wp-json\/wp\/v2\/product_cat?post=19035"},{"taxonomy":"product_tag","embeddable":true,"href":"https:\/\/www.csj-emballages.com\/pt-pt\/wp-json\/wp\/v2\/product_tag?post=19035"}],"curies":[{"name":"wp","href":"https:\/\/api.w.org\/{rel}","templated":true}]}}