{"id":19030,"date":"2024-03-01T16:57:38","date_gmt":"2024-03-01T15:57:38","guid":{"rendered":"https:\/\/u15jnbdpoq.preview.infomaniak.website\/produit\/rolo-de-lixa-verde-3-m\/"},"modified":"2026-04-28T02:11:40","modified_gmt":"2026-04-28T00:11:40","slug":"rolo-de-lixa-verde-3-m","status":"publish","type":"product","link":"https:\/\/www.csj-emballages.com\/pt-pt\/produit\/rolo-de-lixa-verde-3-m\/","title":{"rendered":"Rolo de lixa verde 3 m"},"content":{"rendered":"<h2>Rolo de esponja abrasiva verde<\/h2>\n<hr>\n<h3>Descubra o nosso rolo de esponja abrasiva verde de 3 m<\/h3>\n<p><!--more--><\/p>\n<p data-start=\"284\" data-end=\"628\">Quando se trata de limpar eficazmente sem perder tempo, este <strong data-start=\"350\" data-end=\"393\">rolo de esponja abrasiva verde de 3 metros<\/strong> torna-se rapidamente um aliado do dia a dia. O seu formato em rolo \u00e9 particularmente inteligente: corta apenas o comprimento de que precisa, nem mais, nem menos. Resultado: menos desperd\u00edcio e um produto que dura mais tempo.  <\/p>\n<p data-start=\"630\" data-end=\"1040\">Gra\u00e7as \u00e0 sua <strong>textura abrasiva<\/strong>, ataca facilmente a sujidade persistente, a gordura incrustada e os res\u00edduos dif\u00edceis de remover. \u00c9 perfeito para a limpeza de superf\u00edcies resistentes como <strong>o a\u00e7o inoxid\u00e1vel, placas, grelhas, bancadas ou equipamentos de cozinha profissional<\/strong>. E, no entanto, apesar da sua efic\u00e1cia, continua a ser simples de manusear e agrad\u00e1vel de utilizar.  <\/p>\n<p data-start=\"1042\" data-end=\"1330\">Al\u00e9m disso, a sua flexibilidade permite limpar tanto superf\u00edcies planas como zonas mais complexas ou de dif\u00edcil acesso. Pode utiliz\u00e1-lo tanto em ambiente profissional como para uso quotidiano, seja na restaura\u00e7\u00e3o, em coletividades, em oficinas ou mesmo em casa. <\/p>\n<p data-start=\"1332\" data-end=\"1633\">Outro ponto pr\u00e1tico: o <strong>rolo<\/strong> arruma-se facilmente e ocupa pouco espa\u00e7o. Tem sempre esponja abrasiva \u00e0 m\u00e3o, pronta a ser cortada e utilizada de acordo com as suas necessidades. \u00c9 uma solu\u00e7\u00e3o econ\u00f3mica, pr\u00e1tica e polivalente, pensada para poupar tempo, garantindo ao mesmo tempo uma limpeza eficaz.  <\/p>\n<p data-start=\"1635\" data-end=\"1819\">Em resumo, este <strong>rolo de esponja abrasiva verde<\/strong> combina simplicidade, efic\u00e1cia e flexibilidade. Adapta-se \u00e0 sua forma de trabalhar e acompanha-o numa limpeza r\u00e1pida, sem complica\u00e7\u00f5es. <\/p>\n<p data-start=\"1635\" data-end=\"1819\"><!--more--><\/p>\n<h4 data-start=\"1635\" data-end=\"1819\">Vantagens :<\/h4>\n<ul>\n<li data-start=\"1847\" data-end=\"1887\">Formato em rolo econ\u00f3mico de <strong>3 metros<\/strong>.<\/li>\n<li data-start=\"1890\" data-end=\"1924\"><strong>Corte no comprimento desejado<\/strong>.<\/li>\n<li data-start=\"1927\" data-end=\"1969\">Boa efic\u00e1cia em sujidade persistente.<\/li>\n<li data-start=\"1972\" data-end=\"2003\">Flex\u00edvel e f\u00e1cil de manusear.<\/li>\n<li data-start=\"2006\" data-end=\"2056\">Adaptado a usos profissionais e dom\u00e9sticos.<\/li>\n<\/ul>\n<p>&nbsp;<\/p>\n<p><!--more--><\/p>\n<h4>Outras informa\u00e7\u00f5es :<\/h4>\n<ul>\n<li><strong>Embalagem<\/strong>: Por unidade<\/li>\n<li><strong>Comprimento<\/strong>: 3 m<\/li>\n<li><strong>Cor<\/strong>: verde<\/li>\n<\/ul>\n<p>&nbsp;<\/p>\n<p><!--more--><\/p>\n<p>Encontre aqui as nossas esfreg\u00f5es verdes abrasivas de 22 x 15 cm: <span style=\"color: #d12727;\"><a style=\"color: #d12727;\" href=\"https:\/\/www.csj-emballages.com\/produit\/10-tampons-verts-abrasifs-22-x-15-cm\/\">TAMPON2215<\/a><\/span><\/p>\n<p>&nbsp;<\/p>\n<p><!--more--><\/p>\n<p><a href=\"https:\/\/www.csj-emballages.com\/pt-pt\/categorie-produit\/higiene-e-manutencao\/esponjas-panos-de-prato-panos-de-cozinha\/esponjas-abrasivos\/\">V\u00ea o resto da nossa gama de esponjas \/ abrasivos<\/a><\/p>\n","protected":false},"excerpt":{"rendered":"<p>Rolo de esponja abrasiva verde Descubra o nosso rolo de esponja abrasiva verde de 3 m<\/p>\n","protected":false},"featured_media":8816,"template":"","meta":{"_acf_changed":false},"product_brand":[],"product_cat":[1222,1422,2005],"product_tag":[],"class_list":{"0":"post-19030","1":"product","2":"type-product","3":"status-publish","4":"has-post-thumbnail","6":"product_cat-higiene-e-manutencao","7":"product_cat-esponjas-panos-de-prato-panos-de-cozinha","8":"product_cat-esponjas-abrasivos","10":"first","11":"instock","12":"taxable","13":"shipping-taxable","14":"purchasable","15":"product-type-simple"},"acf":[],"yoast_head":"<!-- This site is optimized with the Yoast SEO Premium plugin v26.6 (Yoast SEO v26.6) - https:\/\/yoast.com\/wordpress\/plugins\/seo\/ -->\n<title>Rolo de Esponja Abrasiva Verde 3 m<\/title>\n<meta name=\"description\" content=\"Rolo de esponja abrasiva verde de 3 m, pr\u00e1tico e econ\u00f3mico. Ideal para a limpeza de superf\u00edcies resistentes em ambiente profissional ou dom\u00e9stico.\" \/>\n<meta name=\"robots\" content=\"index, follow, max-snippet:-1, max-image-preview:large, max-video-preview:-1\" \/>\n<link rel=\"canonical\" href=\"https:\/\/www.csj-emballages.com\/pt-pt\/produit\/rolo-de-lixa-verde-3-m\/\" \/>\n<meta property=\"og:locale\" content=\"pt_PT\" \/>\n<meta property=\"og:type\" content=\"article\" \/>\n<meta property=\"og:title\" content=\"Rolo de lixa verde 3 m\" \/>\n<meta property=\"og:description\" content=\"Rolo de esponja abrasiva verde de 3 m, pr\u00e1tico e econ\u00f3mico. Ideal para a limpeza de superf\u00edcies resistentes em ambiente profissional ou dom\u00e9stico.\" \/>\n<meta property=\"og:url\" content=\"https:\/\/www.csj-emballages.com\/pt-pt\/produit\/rolo-de-lixa-verde-3-m\/\" \/>\n<meta property=\"og:site_name\" content=\"CSJ Emballages\" \/>\n<meta property=\"article:publisher\" content=\"https:\/\/www.facebook.com\/csjemballages\" \/>\n<meta property=\"article:modified_time\" content=\"2026-04-28T00:11:40+00:00\" \/>\n<meta property=\"og:image\" content=\"https:\/\/www.csj-emballages.com\/wp-content\/uploads\/2024\/03\/rouleau-abrasif-tampon-grossiste-csj-emballages-zoom-jpg.webp\" \/>\n\t<meta property=\"og:image:width\" content=\"800\" \/>\n\t<meta property=\"og:image:height\" content=\"800\" \/>\n\t<meta property=\"og:image:type\" content=\"image\/jpeg\" \/>\n<meta name=\"twitter:card\" content=\"summary_large_image\" \/>\n<meta name=\"twitter:label1\" content=\"Tempo estimado de leitura\" \/>\n\t<meta name=\"twitter:data1\" content=\"2 minutos\" \/>\n<script type=\"application\/ld+json\" class=\"yoast-schema-graph\">{\"@context\":\"https:\/\/schema.org\",\"@graph\":[{\"@type\":\"WebPage\",\"@id\":\"https:\/\/www.csj-emballages.com\/pt-pt\/produit\/rolo-de-lixa-verde-3-m\/\",\"url\":\"https:\/\/www.csj-emballages.com\/pt-pt\/produit\/rolo-de-lixa-verde-3-m\/\",\"name\":\"Rolo de Esponja Abrasiva Verde 3 m\",\"isPartOf\":{\"@id\":\"https:\/\/www.csj-emballages.com\/pt-pt\/#website\"},\"primaryImageOfPage\":{\"@id\":\"https:\/\/www.csj-emballages.com\/pt-pt\/produit\/rolo-de-lixa-verde-3-m\/#primaryimage\"},\"image\":{\"@id\":\"https:\/\/www.csj-emballages.com\/pt-pt\/produit\/rolo-de-lixa-verde-3-m\/#primaryimage\"},\"thumbnailUrl\":\"https:\/\/www.csj-emballages.com\/wp-content\/uploads\/2024\/03\/rouleau-abrasif-tampon-grossiste-csj-emballages-zoom-jpg.webp\",\"datePublished\":\"2024-03-01T15:57:38+00:00\",\"dateModified\":\"2026-04-28T00:11:40+00:00\",\"description\":\"Rolo de esponja abrasiva verde de 3 m, pr\u00e1tico e econ\u00f3mico. Ideal para a limpeza de superf\u00edcies resistentes em ambiente profissional ou dom\u00e9stico.\",\"breadcrumb\":{\"@id\":\"https:\/\/www.csj-emballages.com\/pt-pt\/produit\/rolo-de-lixa-verde-3-m\/#breadcrumb\"},\"inLanguage\":\"pt-PT\",\"potentialAction\":[{\"@type\":\"ReadAction\",\"target\":[\"https:\/\/www.csj-emballages.com\/pt-pt\/produit\/rolo-de-lixa-verde-3-m\/\"]}]},{\"@type\":\"ImageObject\",\"inLanguage\":\"pt-PT\",\"@id\":\"https:\/\/www.csj-emballages.com\/pt-pt\/produit\/rolo-de-lixa-verde-3-m\/#primaryimage\",\"url\":\"https:\/\/www.csj-emballages.com\/wp-content\/uploads\/2024\/03\/rouleau-abrasif-tampon-grossiste-csj-emballages-zoom-jpg.webp\",\"contentUrl\":\"https:\/\/www.csj-emballages.com\/wp-content\/uploads\/2024\/03\/rouleau-abrasif-tampon-grossiste-csj-emballages-zoom-jpg.webp\",\"width\":800,\"height\":800},{\"@type\":\"BreadcrumbList\",\"@id\":\"https:\/\/www.csj-emballages.com\/pt-pt\/produit\/rolo-de-lixa-verde-3-m\/#breadcrumb\",\"itemListElement\":[{\"@type\":\"ListItem\",\"position\":1,\"name\":\"Acolhimento\",\"item\":\"https:\/\/www.csj-emballages.com\/pt-pt\/universo-das-embalagens-alimentares\/\"},{\"@type\":\"ListItem\",\"position\":2,\"name\":\"Shop\",\"item\":\"https:\/\/www.csj-emballages.com\/shop\/\"},{\"@type\":\"ListItem\",\"position\":3,\"name\":\"Rolo de lixa verde 3 m\"}]},{\"@type\":\"WebSite\",\"@id\":\"https:\/\/www.csj-emballages.com\/pt-pt\/#website\",\"url\":\"https:\/\/www.csj-emballages.com\/pt-pt\/\",\"name\":\"CSJ Emballages\",\"description\":\"\",\"publisher\":{\"@id\":\"https:\/\/www.csj-emballages.com\/pt-pt\/#organization\"},\"potentialAction\":[{\"@type\":\"SearchAction\",\"target\":{\"@type\":\"EntryPoint\",\"urlTemplate\":\"https:\/\/www.csj-emballages.com\/pt-pt\/?s={search_term_string}\"},\"query-input\":{\"@type\":\"PropertyValueSpecification\",\"valueRequired\":true,\"valueName\":\"search_term_string\"}}],\"inLanguage\":\"pt-PT\"},{\"@type\":\"Organization\",\"@id\":\"https:\/\/www.csj-emballages.com\/pt-pt\/#Organization\/\",\"name\":\"CSJ Emballages\",\"url\":\"https:\/\/www.csj-emballages.com\/pt-pt\/\",\"logo\":{\"@type\":\"ImageObject\",\"inLanguage\":\"pt-PT\",\"@id\":\"https:\/\/www.csj-emballages.com\/pt-pt\/#\/schema\/logo\/image\/\",\"url\":\"https:\/\/www.csj-emballages.com\/wp-content\/uploads\/2023\/10\/logo_csj.webp\",\"contentUrl\":\"https:\/\/www.csj-emballages.com\/wp-content\/uploads\/2023\/10\/logo_csj.webp\",\"width\":250,\"height\":95,\"caption\":\"CSJ Emballages\"},\"image\":{\"@id\":\"https:\/\/www.csj-emballages.com\/pt-pt\/#\/schema\/logo\/image\/\"},\"sameAs\":[\"https:\/\/www.facebook.com\/csjemballages\"],\"address\":{\"@type\":\"PostalAddress\",\"streetAddress\":\"ZI La Lechere\",\"addressLocality\":\"Patornay\",\"postalCode\":\"39130\",\"addressCountry\":\"FR\"},\"contactPoint\":[{\"@type\":\"ContactPoint\",\"contactType\":\"Service client\",\"telephone\":\"0384254272\",\"email\":\"contact@csj-emballages.com\"}]}]}<\/script>\n<!-- \/ Yoast SEO Premium plugin. -->","yoast_head_json":{"title":"Rolo de Esponja Abrasiva Verde 3 m","description":"Rolo de esponja abrasiva verde de 3 m, pr\u00e1tico e econ\u00f3mico. Ideal para a limpeza de superf\u00edcies resistentes em ambiente profissional ou dom\u00e9stico.","robots":{"index":"index","follow":"follow","max-snippet":"max-snippet:-1","max-image-preview":"max-image-preview:large","max-video-preview":"max-video-preview:-1"},"canonical":"https:\/\/www.csj-emballages.com\/pt-pt\/produit\/rolo-de-lixa-verde-3-m\/","og_locale":"pt_PT","og_type":"article","og_title":"Rolo de lixa verde 3 m","og_description":"Rolo de esponja abrasiva verde de 3 m, pr\u00e1tico e econ\u00f3mico. Ideal para a limpeza de superf\u00edcies resistentes em ambiente profissional ou dom\u00e9stico.","og_url":"https:\/\/www.csj-emballages.com\/pt-pt\/produit\/rolo-de-lixa-verde-3-m\/","og_site_name":"CSJ Emballages","article_publisher":"https:\/\/www.facebook.com\/csjemballages","article_modified_time":"2026-04-28T00:11:40+00:00","og_image":[{"width":800,"height":800,"url":"https:\/\/www.csj-emballages.com\/wp-content\/uploads\/2024\/03\/rouleau-abrasif-tampon-grossiste-csj-emballages-zoom-jpg.webp","type":"image\/jpeg"}],"twitter_card":"summary_large_image","twitter_misc":{"Tempo estimado de leitura":"2 minutos"},"schema":{"@context":"https:\/\/schema.org","@graph":[{"@type":"WebPage","@id":"https:\/\/www.csj-emballages.com\/pt-pt\/produit\/rolo-de-lixa-verde-3-m\/","url":"https:\/\/www.csj-emballages.com\/pt-pt\/produit\/rolo-de-lixa-verde-3-m\/","name":"Rolo de Esponja Abrasiva Verde 3 m","isPartOf":{"@id":"https:\/\/www.csj-emballages.com\/pt-pt\/#website"},"primaryImageOfPage":{"@id":"https:\/\/www.csj-emballages.com\/pt-pt\/produit\/rolo-de-lixa-verde-3-m\/#primaryimage"},"image":{"@id":"https:\/\/www.csj-emballages.com\/pt-pt\/produit\/rolo-de-lixa-verde-3-m\/#primaryimage"},"thumbnailUrl":"https:\/\/www.csj-emballages.com\/wp-content\/uploads\/2024\/03\/rouleau-abrasif-tampon-grossiste-csj-emballages-zoom-jpg.webp","datePublished":"2024-03-01T15:57:38+00:00","dateModified":"2026-04-28T00:11:40+00:00","description":"Rolo de esponja abrasiva verde de 3 m, pr\u00e1tico e econ\u00f3mico. Ideal para a limpeza de superf\u00edcies resistentes em ambiente profissional ou dom\u00e9stico.","breadcrumb":{"@id":"https:\/\/www.csj-emballages.com\/pt-pt\/produit\/rolo-de-lixa-verde-3-m\/#breadcrumb"},"inLanguage":"pt-PT","potentialAction":[{"@type":"ReadAction","target":["https:\/\/www.csj-emballages.com\/pt-pt\/produit\/rolo-de-lixa-verde-3-m\/"]}]},{"@type":"ImageObject","inLanguage":"pt-PT","@id":"https:\/\/www.csj-emballages.com\/pt-pt\/produit\/rolo-de-lixa-verde-3-m\/#primaryimage","url":"https:\/\/www.csj-emballages.com\/wp-content\/uploads\/2024\/03\/rouleau-abrasif-tampon-grossiste-csj-emballages-zoom-jpg.webp","contentUrl":"https:\/\/www.csj-emballages.com\/wp-content\/uploads\/2024\/03\/rouleau-abrasif-tampon-grossiste-csj-emballages-zoom-jpg.webp","width":800,"height":800},{"@type":"BreadcrumbList","@id":"https:\/\/www.csj-emballages.com\/pt-pt\/produit\/rolo-de-lixa-verde-3-m\/#breadcrumb","itemListElement":[{"@type":"ListItem","position":1,"name":"Acolhimento","item":"https:\/\/www.csj-emballages.com\/pt-pt\/universo-das-embalagens-alimentares\/"},{"@type":"ListItem","position":2,"name":"Shop","item":"https:\/\/www.csj-emballages.com\/shop\/"},{"@type":"ListItem","position":3,"name":"Rolo de lixa verde 3 m"}]},{"@type":"WebSite","@id":"https:\/\/www.csj-emballages.com\/pt-pt\/#website","url":"https:\/\/www.csj-emballages.com\/pt-pt\/","name":"CSJ Emballages","description":"","publisher":{"@id":"https:\/\/www.csj-emballages.com\/pt-pt\/#organization"},"potentialAction":[{"@type":"SearchAction","target":{"@type":"EntryPoint","urlTemplate":"https:\/\/www.csj-emballages.com\/pt-pt\/?s={search_term_string}"},"query-input":{"@type":"PropertyValueSpecification","valueRequired":true,"valueName":"search_term_string"}}],"inLanguage":"pt-PT"},{"@type":"Organization","@id":"https:\/\/www.csj-emballages.com\/pt-pt\/#Organization\/","name":"CSJ Emballages","url":"https:\/\/www.csj-emballages.com\/pt-pt\/","logo":{"@type":"ImageObject","inLanguage":"pt-PT","@id":"https:\/\/www.csj-emballages.com\/pt-pt\/#\/schema\/logo\/image\/","url":"https:\/\/www.csj-emballages.com\/wp-content\/uploads\/2023\/10\/logo_csj.webp","contentUrl":"https:\/\/www.csj-emballages.com\/wp-content\/uploads\/2023\/10\/logo_csj.webp","width":250,"height":95,"caption":"CSJ Emballages"},"image":{"@id":"https:\/\/www.csj-emballages.com\/pt-pt\/#\/schema\/logo\/image\/"},"sameAs":["https:\/\/www.facebook.com\/csjemballages"],"address":{"@type":"PostalAddress","streetAddress":"ZI La Lechere","addressLocality":"Patornay","postalCode":"39130","addressCountry":"FR"},"contactPoint":[{"@type":"ContactPoint","contactType":"Service client","telephone":"0384254272","email":"contact@csj-emballages.com"}]}]}},"df_price":5.04,"df_sale_price":"","df_regular_price":5.04,"df_image_link":"https:\/\/www.csj-emballages.com\/wp-content\/uploads\/2024\/03\/rouleau-abrasif-tampon-grossiste-csj-emballages-zoom-300x300.webp","tiered_pricing_type":"fixed","tiered_pricing_fixed_rules":[],"tiered_pricing_percentage_rules":[],"tiered_pricing_minimum":1,"tiered_pricing_roles_data":[],"_links":{"self":[{"href":"https:\/\/www.csj-emballages.com\/pt-pt\/wp-json\/wp\/v2\/product\/19030","targetHints":{"allow":["GET"]}}],"collection":[{"href":"https:\/\/www.csj-emballages.com\/pt-pt\/wp-json\/wp\/v2\/product"}],"about":[{"href":"https:\/\/www.csj-emballages.com\/pt-pt\/wp-json\/wp\/v2\/types\/product"}],"wp:featuredmedia":[{"embeddable":true,"href":"https:\/\/www.csj-emballages.com\/pt-pt\/wp-json\/wp\/v2\/media\/8816"}],"wp:attachment":[{"href":"https:\/\/www.csj-emballages.com\/pt-pt\/wp-json\/wp\/v2\/media?parent=19030"}],"wp:term":[{"taxonomy":"product_brand","embeddable":true,"href":"https:\/\/www.csj-emballages.com\/pt-pt\/wp-json\/wp\/v2\/product_brand?post=19030"},{"taxonomy":"product_cat","embeddable":true,"href":"https:\/\/www.csj-emballages.com\/pt-pt\/wp-json\/wp\/v2\/product_cat?post=19030"},{"taxonomy":"product_tag","embeddable":true,"href":"https:\/\/www.csj-emballages.com\/pt-pt\/wp-json\/wp\/v2\/product_tag?post=19030"}],"curies":[{"name":"wp","href":"https:\/\/api.w.org\/{rel}","templated":true}]}}