{"id":19024,"date":"2024-03-01T16:57:37","date_gmt":"2024-03-01T15:57:37","guid":{"rendered":"https:\/\/u15jnbdpoq.preview.infomaniak.website\/produit\/creme-de-maos-de-baunilha-5-litros\/"},"modified":"2026-04-17T02:11:12","modified_gmt":"2026-04-17T00:11:12","slug":"creme-de-maos-de-baunilha-5-litros","status":"publish","type":"product","link":"https:\/\/www.csj-emballages.com\/pt-pt\/produit\/creme-de-maos-de-baunilha-5-litros\/","title":{"rendered":"Creme para lavagem das m\u00e3os com am\u00eandoas 5 litros"},"content":{"rendered":"<h2 class=\"p1\">Creme para lavagem das m\u00e3os<\/h2>\n<hr>\n<h3>Descri\u00e7\u00e3o do nosso lava-m\u00e3os de am\u00eandoa 5 litros<\/h3>\n<p><!--more--><\/p>\n<p data-start=\"233\" data-end=\"563\">O <strong>creme lavante para m\u00e3os de am\u00eandoa 5 litros Lav\u2019Mains<\/strong> foi especialmente concebido para a <strong>lavagem frequente das m\u00e3os em ambiente profissional<\/strong>. Gra\u00e7as \u00e0 sua f\u00f3rmula suave com pH neutro, limpa eficazmente a pele, respeitando o seu equil\u00edbrio natural, limitando assim os riscos de secura e irrita\u00e7\u00f5es associados \u00e0s lavagens repetidas. <\/p>\n<p data-start=\"565\" data-end=\"815\">Delicadamente perfumado com <strong>am\u00eandoa<\/strong>, deixa nas m\u00e3os uma sensa\u00e7\u00e3o agrad\u00e1vel de limpeza e frescura ap\u00f3s cada utiliza\u00e7\u00e3o. A sua textura cremosa enxagua-se facilmente e n\u00e3o deixa uma pel\u00edcula gordurosa, garantindo um conforto ideal no dia a dia. <\/p>\n<p data-start=\"817\" data-end=\"1150\">Adequado para ambientes exigentes como comunidades, estabelecimentos de <strong>sa\u00fade, ind\u00fastrias, com\u00e9rcios ou escrit\u00f3rios, o creme lavante Lav\u2019Mains<\/strong> \u00e9 perfeito para dispensadores de sabonete l\u00edquido. O seu formato grande de <strong>5 litros<\/strong> permite uma utiliza\u00e7\u00e3o econ\u00f3mica e duradoura, ideal para estruturas com alta frequ\u00eancia de uso. <\/p>\n<p data-start=\"1152\" data-end=\"1387\">Fabricado em <strong>Fran\u00e7a<\/strong>, este <strong>creme lavante para as m\u00e3os<\/strong> cumpre os padr\u00f5es de qualidade e fiabilidade esperados pelos profissionais. Constitui uma solu\u00e7\u00e3o eficaz para garantir uma higiene \u00f3tima das m\u00e3os, cuidando da pele. <\/p>\n<p data-start=\"1152\" data-end=\"1387\">\n<p><!--more--><\/p>\n<h4><strong>Vantagens :<\/strong><\/h4>\n<ul>\n<li data-start=\"1425\" data-end=\"1453\">F\u00f3rmula suave com <strong>pH neutro<\/strong>.<\/li>\n<li data-start=\"1456\" data-end=\"1500\">Limpa eficazmente sem agredir a pele.<\/li>\n<li data-start=\"1503\" data-end=\"1541\">Adequado para lavagem frequente das m\u00e3os.<\/li>\n<li data-start=\"1544\" data-end=\"1572\">Perfume agrad\u00e1vel a <strong>am\u00eandoa<\/strong>.<\/li>\n<li data-start=\"1615\" data-end=\"1663\">Compat\u00edvel com dispensadores de sabonete l\u00edquido.<\/li>\n<li data-start=\"1666\" data-end=\"1694\">Formato econ\u00f3mico <strong>5 litros<\/strong>.<\/li>\n<li data-start=\"1697\" data-end=\"1725\">Produto fabricado em Fran\u00e7a.<\/li>\n<\/ul>\n<p>&nbsp;<\/p>\n<p><!--more--><\/p>\n<h4>Outras informa\u00e7\u00f5es :<\/h4>\n<ul>\n<li><strong>Embalagem<\/strong>: Por unidade<\/li>\n<li><strong>Utiliza\u00e7\u00e3o<\/strong>: Creme para lavagem das m\u00e3os<\/li>\n<li><strong>Cor<\/strong>: Incolor<\/li>\n<li><strong>Dose da bomba <\/strong>: 2 ml<\/li>\n<li><strong>Volume<\/strong>: 5 litros<\/li>\n<li><strong>Fragr\u00e2ncia<\/strong>: Am\u00eandoa<\/li>\n<\/ul>\n<p>&nbsp;<\/p>\n<p><!--more--><\/p>\n<p>Clique aqui para ver o nosso frasco de 500ml de sabonete de limpeza para peles sens\u00edveis: <span style=\"color: #d12727;\"><a style=\"color: #d12727;\" href=\"https:\/\/www.csj-emballages.com\/produit\/flacon-savon-lavant-peaux-sensibles-pompe-500ml\/\"><span style=\"color: #d12727;\">0397<\/span><\/a><\/span><\/p>\n<p>&nbsp;<\/p>\n<p><!--more--><\/p>\n<p><a href=\"https:\/\/www.csj-emballages.com\/pt-pt\/categorie-produit\/higiene-e-manutencao\/produtos-de-limpeza\/higiene-pessoal\/sabonete-para-as-maos\/\">Ver o resto da nossa gama de sabonetes para as m\u00e3os<\/a><\/p>\n","protected":false},"excerpt":{"rendered":"<p>Creme para lavagem das m\u00e3os Descri\u00e7\u00e3o do nosso lava-m\u00e3os de am\u00eandoa 5 litros<\/p>\n","protected":false},"featured_media":264239,"template":"","meta":{"_acf_changed":false},"product_brand":[],"product_cat":[1222,1223,1356,1357],"product_tag":[],"class_list":{"0":"post-19024","1":"product","2":"type-product","3":"status-publish","4":"has-post-thumbnail","6":"product_cat-higiene-e-manutencao","7":"product_cat-produtos-de-limpeza","8":"product_cat-higiene-pessoal","9":"product_cat-sabonete-para-as-maos","10":"product_shipping_class-nao-e-permitido-em-reles","12":"first","13":"instock","14":"taxable","15":"shipping-taxable","16":"purchasable","17":"product-type-simple"},"acf":[],"yoast_head":"<!-- This site is optimized with the Yoast SEO Premium plugin v26.6 (Yoast SEO v26.6) - https:\/\/yoast.com\/wordpress\/plugins\/seo\/ -->\n<title>Creme de lavagem das m\u00e3os Am\u00eandoa 5 litros<\/title>\n<meta name=\"description\" content=\"Lava-m\u00e3os suave e perfumado com am\u00eandoas, 5 litros. Limpeza eficaz para profissionais ou em casa. Ideal para utiliza\u00e7\u00e3o frequente.\" \/>\n<meta name=\"robots\" content=\"index, follow, max-snippet:-1, max-image-preview:large, max-video-preview:-1\" \/>\n<link rel=\"canonical\" href=\"https:\/\/www.csj-emballages.com\/pt-pt\/produit\/creme-de-maos-de-baunilha-5-litros\/\" \/>\n<meta property=\"og:locale\" content=\"pt_PT\" \/>\n<meta property=\"og:type\" content=\"article\" \/>\n<meta property=\"og:title\" content=\"Creme para lavagem das m\u00e3os com am\u00eandoas 5 litros\" \/>\n<meta property=\"og:description\" content=\"Lava-m\u00e3os suave e perfumado com am\u00eandoas, 5 litros. Limpeza eficaz para profissionais ou em casa. Ideal para utiliza\u00e7\u00e3o frequente.\" \/>\n<meta property=\"og:url\" content=\"https:\/\/www.csj-emballages.com\/pt-pt\/produit\/creme-de-maos-de-baunilha-5-litros\/\" \/>\n<meta property=\"og:site_name\" content=\"CSJ Emballages\" \/>\n<meta property=\"article:publisher\" content=\"https:\/\/www.facebook.com\/csjemballages\" \/>\n<meta property=\"article:modified_time\" content=\"2026-04-17T00:11:12+00:00\" \/>\n<meta property=\"og:image\" content=\"https:\/\/www.csj-emballages.com\/wp-content\/uploads\/2024\/03\/92025.webp\" \/>\n\t<meta property=\"og:image:width\" content=\"800\" \/>\n\t<meta property=\"og:image:height\" content=\"800\" \/>\n\t<meta property=\"og:image:type\" content=\"image\/webp\" \/>\n<meta name=\"twitter:card\" content=\"summary_large_image\" \/>\n<meta name=\"twitter:label1\" content=\"Tempo estimado de leitura\" \/>\n\t<meta name=\"twitter:data1\" content=\"2 minutos\" \/>\n<script type=\"application\/ld+json\" class=\"yoast-schema-graph\">{\"@context\":\"https:\/\/schema.org\",\"@graph\":[{\"@type\":\"WebPage\",\"@id\":\"https:\/\/www.csj-emballages.com\/pt-pt\/produit\/creme-de-maos-de-baunilha-5-litros\/\",\"url\":\"https:\/\/www.csj-emballages.com\/pt-pt\/produit\/creme-de-maos-de-baunilha-5-litros\/\",\"name\":\"Creme de lavagem das m\u00e3os Am\u00eandoa 5 litros\",\"isPartOf\":{\"@id\":\"https:\/\/www.csj-emballages.com\/pt-pt\/#website\"},\"primaryImageOfPage\":{\"@id\":\"https:\/\/www.csj-emballages.com\/pt-pt\/produit\/creme-de-maos-de-baunilha-5-litros\/#primaryimage\"},\"image\":{\"@id\":\"https:\/\/www.csj-emballages.com\/pt-pt\/produit\/creme-de-maos-de-baunilha-5-litros\/#primaryimage\"},\"thumbnailUrl\":\"https:\/\/www.csj-emballages.com\/wp-content\/uploads\/2024\/03\/92025.webp\",\"datePublished\":\"2024-03-01T15:57:37+00:00\",\"dateModified\":\"2026-04-17T00:11:12+00:00\",\"description\":\"Lava-m\u00e3os suave e perfumado com am\u00eandoas, 5 litros. Limpeza eficaz para profissionais ou em casa. Ideal para utiliza\u00e7\u00e3o frequente.\",\"breadcrumb\":{\"@id\":\"https:\/\/www.csj-emballages.com\/pt-pt\/produit\/creme-de-maos-de-baunilha-5-litros\/#breadcrumb\"},\"inLanguage\":\"pt-PT\",\"potentialAction\":[{\"@type\":\"ReadAction\",\"target\":[\"https:\/\/www.csj-emballages.com\/pt-pt\/produit\/creme-de-maos-de-baunilha-5-litros\/\"]}]},{\"@type\":\"ImageObject\",\"inLanguage\":\"pt-PT\",\"@id\":\"https:\/\/www.csj-emballages.com\/pt-pt\/produit\/creme-de-maos-de-baunilha-5-litros\/#primaryimage\",\"url\":\"https:\/\/www.csj-emballages.com\/wp-content\/uploads\/2024\/03\/92025.webp\",\"contentUrl\":\"https:\/\/www.csj-emballages.com\/wp-content\/uploads\/2024\/03\/92025.webp\",\"width\":800,\"height\":800,\"caption\":\"Cr\u00e8me lavante mains\"},{\"@type\":\"BreadcrumbList\",\"@id\":\"https:\/\/www.csj-emballages.com\/pt-pt\/produit\/creme-de-maos-de-baunilha-5-litros\/#breadcrumb\",\"itemListElement\":[{\"@type\":\"ListItem\",\"position\":1,\"name\":\"Acolhimento\",\"item\":\"https:\/\/www.csj-emballages.com\/pt-pt\/universo-das-embalagens-alimentares\/\"},{\"@type\":\"ListItem\",\"position\":2,\"name\":\"Shop\",\"item\":\"https:\/\/www.csj-emballages.com\/shop\/\"},{\"@type\":\"ListItem\",\"position\":3,\"name\":\"Creme para lavagem das m\u00e3os com am\u00eandoas 5 litros\"}]},{\"@type\":\"WebSite\",\"@id\":\"https:\/\/www.csj-emballages.com\/pt-pt\/#website\",\"url\":\"https:\/\/www.csj-emballages.com\/pt-pt\/\",\"name\":\"CSJ Emballages\",\"description\":\"\",\"publisher\":{\"@id\":\"https:\/\/www.csj-emballages.com\/pt-pt\/#organization\"},\"potentialAction\":[{\"@type\":\"SearchAction\",\"target\":{\"@type\":\"EntryPoint\",\"urlTemplate\":\"https:\/\/www.csj-emballages.com\/pt-pt\/?s={search_term_string}\"},\"query-input\":{\"@type\":\"PropertyValueSpecification\",\"valueRequired\":true,\"valueName\":\"search_term_string\"}}],\"inLanguage\":\"pt-PT\"},{\"@type\":\"Organization\",\"@id\":\"https:\/\/www.csj-emballages.com\/pt-pt\/#Organization\/\",\"name\":\"CSJ Emballages\",\"url\":\"https:\/\/www.csj-emballages.com\/pt-pt\/\",\"logo\":{\"@type\":\"ImageObject\",\"inLanguage\":\"pt-PT\",\"@id\":\"https:\/\/www.csj-emballages.com\/pt-pt\/#\/schema\/logo\/image\/\",\"url\":\"https:\/\/www.csj-emballages.com\/wp-content\/uploads\/2023\/10\/logo_csj.webp\",\"contentUrl\":\"https:\/\/www.csj-emballages.com\/wp-content\/uploads\/2023\/10\/logo_csj.webp\",\"width\":250,\"height\":95,\"caption\":\"CSJ Emballages\"},\"image\":{\"@id\":\"https:\/\/www.csj-emballages.com\/pt-pt\/#\/schema\/logo\/image\/\"},\"sameAs\":[\"https:\/\/www.facebook.com\/csjemballages\"],\"address\":{\"@type\":\"PostalAddress\",\"streetAddress\":\"ZI La Lechere\",\"addressLocality\":\"Patornay\",\"postalCode\":\"39130\",\"addressCountry\":\"FR\"},\"contactPoint\":[{\"@type\":\"ContactPoint\",\"contactType\":\"Service client\",\"telephone\":\"0384254272\",\"email\":\"contact@csj-emballages.com\"}]}]}<\/script>\n<!-- \/ Yoast SEO Premium plugin. -->","yoast_head_json":{"title":"Creme de lavagem das m\u00e3os Am\u00eandoa 5 litros","description":"Lava-m\u00e3os suave e perfumado com am\u00eandoas, 5 litros. Limpeza eficaz para profissionais ou em casa. Ideal para utiliza\u00e7\u00e3o frequente.","robots":{"index":"index","follow":"follow","max-snippet":"max-snippet:-1","max-image-preview":"max-image-preview:large","max-video-preview":"max-video-preview:-1"},"canonical":"https:\/\/www.csj-emballages.com\/pt-pt\/produit\/creme-de-maos-de-baunilha-5-litros\/","og_locale":"pt_PT","og_type":"article","og_title":"Creme para lavagem das m\u00e3os com am\u00eandoas 5 litros","og_description":"Lava-m\u00e3os suave e perfumado com am\u00eandoas, 5 litros. Limpeza eficaz para profissionais ou em casa. Ideal para utiliza\u00e7\u00e3o frequente.","og_url":"https:\/\/www.csj-emballages.com\/pt-pt\/produit\/creme-de-maos-de-baunilha-5-litros\/","og_site_name":"CSJ Emballages","article_publisher":"https:\/\/www.facebook.com\/csjemballages","article_modified_time":"2026-04-17T00:11:12+00:00","og_image":[{"width":800,"height":800,"url":"https:\/\/www.csj-emballages.com\/wp-content\/uploads\/2024\/03\/92025.webp","type":"image\/webp"}],"twitter_card":"summary_large_image","twitter_misc":{"Tempo estimado de leitura":"2 minutos"},"schema":{"@context":"https:\/\/schema.org","@graph":[{"@type":"WebPage","@id":"https:\/\/www.csj-emballages.com\/pt-pt\/produit\/creme-de-maos-de-baunilha-5-litros\/","url":"https:\/\/www.csj-emballages.com\/pt-pt\/produit\/creme-de-maos-de-baunilha-5-litros\/","name":"Creme de lavagem das m\u00e3os Am\u00eandoa 5 litros","isPartOf":{"@id":"https:\/\/www.csj-emballages.com\/pt-pt\/#website"},"primaryImageOfPage":{"@id":"https:\/\/www.csj-emballages.com\/pt-pt\/produit\/creme-de-maos-de-baunilha-5-litros\/#primaryimage"},"image":{"@id":"https:\/\/www.csj-emballages.com\/pt-pt\/produit\/creme-de-maos-de-baunilha-5-litros\/#primaryimage"},"thumbnailUrl":"https:\/\/www.csj-emballages.com\/wp-content\/uploads\/2024\/03\/92025.webp","datePublished":"2024-03-01T15:57:37+00:00","dateModified":"2026-04-17T00:11:12+00:00","description":"Lava-m\u00e3os suave e perfumado com am\u00eandoas, 5 litros. Limpeza eficaz para profissionais ou em casa. Ideal para utiliza\u00e7\u00e3o frequente.","breadcrumb":{"@id":"https:\/\/www.csj-emballages.com\/pt-pt\/produit\/creme-de-maos-de-baunilha-5-litros\/#breadcrumb"},"inLanguage":"pt-PT","potentialAction":[{"@type":"ReadAction","target":["https:\/\/www.csj-emballages.com\/pt-pt\/produit\/creme-de-maos-de-baunilha-5-litros\/"]}]},{"@type":"ImageObject","inLanguage":"pt-PT","@id":"https:\/\/www.csj-emballages.com\/pt-pt\/produit\/creme-de-maos-de-baunilha-5-litros\/#primaryimage","url":"https:\/\/www.csj-emballages.com\/wp-content\/uploads\/2024\/03\/92025.webp","contentUrl":"https:\/\/www.csj-emballages.com\/wp-content\/uploads\/2024\/03\/92025.webp","width":800,"height":800,"caption":"Cr\u00e8me lavante mains"},{"@type":"BreadcrumbList","@id":"https:\/\/www.csj-emballages.com\/pt-pt\/produit\/creme-de-maos-de-baunilha-5-litros\/#breadcrumb","itemListElement":[{"@type":"ListItem","position":1,"name":"Acolhimento","item":"https:\/\/www.csj-emballages.com\/pt-pt\/universo-das-embalagens-alimentares\/"},{"@type":"ListItem","position":2,"name":"Shop","item":"https:\/\/www.csj-emballages.com\/shop\/"},{"@type":"ListItem","position":3,"name":"Creme para lavagem das m\u00e3os com am\u00eandoas 5 litros"}]},{"@type":"WebSite","@id":"https:\/\/www.csj-emballages.com\/pt-pt\/#website","url":"https:\/\/www.csj-emballages.com\/pt-pt\/","name":"CSJ Emballages","description":"","publisher":{"@id":"https:\/\/www.csj-emballages.com\/pt-pt\/#organization"},"potentialAction":[{"@type":"SearchAction","target":{"@type":"EntryPoint","urlTemplate":"https:\/\/www.csj-emballages.com\/pt-pt\/?s={search_term_string}"},"query-input":{"@type":"PropertyValueSpecification","valueRequired":true,"valueName":"search_term_string"}}],"inLanguage":"pt-PT"},{"@type":"Organization","@id":"https:\/\/www.csj-emballages.com\/pt-pt\/#Organization\/","name":"CSJ Emballages","url":"https:\/\/www.csj-emballages.com\/pt-pt\/","logo":{"@type":"ImageObject","inLanguage":"pt-PT","@id":"https:\/\/www.csj-emballages.com\/pt-pt\/#\/schema\/logo\/image\/","url":"https:\/\/www.csj-emballages.com\/wp-content\/uploads\/2023\/10\/logo_csj.webp","contentUrl":"https:\/\/www.csj-emballages.com\/wp-content\/uploads\/2023\/10\/logo_csj.webp","width":250,"height":95,"caption":"CSJ Emballages"},"image":{"@id":"https:\/\/www.csj-emballages.com\/pt-pt\/#\/schema\/logo\/image\/"},"sameAs":["https:\/\/www.facebook.com\/csjemballages"],"address":{"@type":"PostalAddress","streetAddress":"ZI La Lechere","addressLocality":"Patornay","postalCode":"39130","addressCountry":"FR"},"contactPoint":[{"@type":"ContactPoint","contactType":"Service client","telephone":"0384254272","email":"contact@csj-emballages.com"}]}]}},"df_price":6.79,"df_sale_price":"","df_regular_price":6.79,"df_image_link":"https:\/\/www.csj-emballages.com\/wp-content\/uploads\/2024\/03\/92025-300x300.webp","tiered_pricing_type":"fixed","tiered_pricing_fixed_rules":[],"tiered_pricing_percentage_rules":[],"tiered_pricing_minimum":1,"tiered_pricing_roles_data":[],"_links":{"self":[{"href":"https:\/\/www.csj-emballages.com\/pt-pt\/wp-json\/wp\/v2\/product\/19024","targetHints":{"allow":["GET"]}}],"collection":[{"href":"https:\/\/www.csj-emballages.com\/pt-pt\/wp-json\/wp\/v2\/product"}],"about":[{"href":"https:\/\/www.csj-emballages.com\/pt-pt\/wp-json\/wp\/v2\/types\/product"}],"wp:featuredmedia":[{"embeddable":true,"href":"https:\/\/www.csj-emballages.com\/pt-pt\/wp-json\/wp\/v2\/media\/264239"}],"wp:attachment":[{"href":"https:\/\/www.csj-emballages.com\/pt-pt\/wp-json\/wp\/v2\/media?parent=19024"}],"wp:term":[{"taxonomy":"product_brand","embeddable":true,"href":"https:\/\/www.csj-emballages.com\/pt-pt\/wp-json\/wp\/v2\/product_brand?post=19024"},{"taxonomy":"product_cat","embeddable":true,"href":"https:\/\/www.csj-emballages.com\/pt-pt\/wp-json\/wp\/v2\/product_cat?post=19024"},{"taxonomy":"product_tag","embeddable":true,"href":"https:\/\/www.csj-emballages.com\/pt-pt\/wp-json\/wp\/v2\/product_tag?post=19024"}],"curies":[{"name":"wp","href":"https:\/\/api.w.org\/{rel}","templated":true}]}}