{"id":19022,"date":"2024-03-01T16:57:36","date_gmt":"2024-03-01T15:57:36","guid":{"rendered":"https:\/\/u15jnbdpoq.preview.infomaniak.website\/produit\/250-capsulas-de-detergente-desinfetante-com-aroma-ambiente-20ml\/"},"modified":"2026-03-27T02:11:11","modified_gmt":"2026-03-27T01:11:11","slug":"250-capsulas-de-detergente-desinfetante-com-aroma-ambiente-20ml","status":"publish","type":"product","link":"https:\/\/www.csj-emballages.com\/pt-pt\/produit\/250-capsulas-de-detergente-desinfetante-com-aroma-ambiente-20ml\/","title":{"rendered":"C\u00e1psula de detergente desinfetante purificador do ar 20ml \u00e0 250"},"content":{"rendered":"<div class=\"flex flex-grow flex-col max-w-full\">\n<div class=\"min-h-[20px] text-message flex flex-col items-start whitespace-pre-wrap break-words [.text-message+&amp;]:mt-5 juice:w-full juice:items-end overflow-x-auto gap-2\" dir=\"auto\" data-message-author-role=\"assistant\" data-message-id=\"2034782e-88f9-44ef-b4dc-07dd7bf0115f\">\n<div class=\"flex w-full flex-col gap-1 juice:empty:hidden juice:first:pt-[3px]\">\n<div class=\"markdown prose w-full break-words dark:prose-invert light\">\n<div style=\"font-family: Roboto, sans-serif;\">\n<div style=\"font-family: Roboto, sans-serif;\">\n<div style=\"font-family: Roboto, sans-serif;\">\n<div style=\"font-family: Roboto, sans-serif;\">\n<div style=\"font-family: Roboto, sans-serif;\">\n<div style=\"font-family: Roboto, sans-serif;\">\n<h2 class=\"p1\">C\u00e1psula de detergente<\/h2>\n<div style=\"font-family: Roboto, sans-serif;\">\n<div style=\"font-family: Roboto, sans-serif;\">\n<div style=\"font-family: Roboto, sans-serif;\">\n<div style=\"text-align: center;\">\n<div style=\"font-family: Roboto, sans-serif;\">\n<div style=\"font-family: Roboto, sans-serif;\">\n<div style=\"font-family: Roboto, sans-serif;\">\n<div style=\"font-family: Roboto, sans-serif;\">\n<div style=\"font-family: Roboto, sans-serif;\">\n<div style=\"font-family: Roboto, sans-serif; text-align: left;\">\n<hr>\n<h3 style=\"text-align: left;\">Descri\u00e7\u00e3o da nossa c\u00e1psula de detergente desodorizante desinfetante com fragr\u00e2ncia ambiente 20ml 250 pack<\/h3>\n<h3 style=\"text-align: left;\"><!--more--><\/h3>\n<p data-start=\"268\" data-end=\"634\">Acabaram-se os palpites e as sobredosagens: com esta <strong>c\u00e1psula de detergente de 20 ml<\/strong> pronta a usar, ser\u00e1 mais eficiente, mais higi\u00e9nico e com um cheiro mais agrad\u00e1vel. O detergente desodorizante <strong data-start=\"452\" data-end=\"464\">JEDOR 3D<\/strong> \u00e9 muito mais do que um simples produto de limpeza. De facto, \u00e9 uma solu\u00e7\u00e3o <strong data-start=\"522\" data-end=\"532\">3 em 1<\/strong>: <strong data-start=\"535\" data-end=\"586\">limpa, desinfecta e d\u00e1 um aroma duradouro a<\/strong> todas as suas superf\u00edcies sem necessidade de enxaguar.  <\/p>\n<p data-start=\"636\" data-end=\"1056\">Perfeitamente doseado, cada c\u00e1psula garante <strong data-start=\"683\" data-end=\"710\">uma limpeza profissional<\/strong> com <strong data-start=\"719\" data-end=\"763\">elevado poder desengordurante e desinfetante<\/strong>, ideal para pavimentos, paredes, sanit\u00e1rios, lou\u00e7a, m\u00f3veis sanit\u00e1rios e at\u00e9 interiores de ve\u00edculos. Gra\u00e7as \u00e0 sua f\u00f3rmula concentrada, este <strong>doseador de detergente<\/strong> elimina eficazmente a sujidade, deixando uma <strong data-start=\"964\" data-end=\"1008\">fragr\u00e2ncia agrad\u00e1vel e duradoura<\/strong>, criando uma sensa\u00e7\u00e3o instant\u00e2nea de frescura. <\/p>\n<p data-start=\"1058\" data-end=\"1415\">Em suma, quer seja <strong data-start=\"1073\" data-end=\"1152\">propriet\u00e1rio<\/strong> de um <strong data-start=\"1073\" data-end=\"1152\">restaurante, hoteleiro, gestor aut\u00e1rquico ou um particular exigente<\/strong>, esta c\u00e1psula \u00e9 a solu\u00e7\u00e3o ideal para <strong data-start=\"1196\" data-end=\"1215\">poupar tempo<\/strong>, <strong data-start=\"1217\" data-end=\"1246\">uniformizar a limpeza<\/strong> e garantir <strong data-start=\"1263\" data-end=\"1289\">uma limpeza impec\u00e1vel<\/strong>. Pr\u00e1ticas de armazenar e f\u00e1ceis de utilizar, <strong>as c\u00e1psulas de detergente<\/strong> fazem tamb\u00e9m parte de uma abordagem racional da gest\u00e3o dos produtos de limpeza. <\/p>\n<p data-start=\"1058\" data-end=\"1415\">\n<\/div>\n<\/div>\n<\/div>\n<\/div>\n<\/div>\n<\/div>\n<\/div>\n<\/div>\n<\/div>\n<\/div>\n<\/div>\n<\/div>\n<\/div>\n<\/div>\n<\/div>\n<\/div>\n<\/div>\n<\/div>\n<\/div>\n<\/div>\n<div class=\"flex flex-grow flex-col max-w-full\">\n<div class=\"min-h-[20px] text-message flex flex-col items-start whitespace-pre-wrap break-words [.text-message+&amp;]:mt-5 juice:w-full juice:items-end overflow-x-auto gap-2\" dir=\"auto\" data-message-author-role=\"assistant\" data-message-id=\"2034782e-88f9-44ef-b4dc-07dd7bf0115f\">\n<div class=\"flex w-full flex-col gap-1 juice:empty:hidden juice:first:pt-[3px]\">\n<div class=\"markdown prose w-full break-words dark:prose-invert light\">\n<div style=\"font-family: Roboto, sans-serif;\">\n<div style=\"font-family: Roboto, sans-serif;\">\n<div style=\"font-family: Roboto, sans-serif;\">\n<div style=\"font-family: Roboto, sans-serif;\">\n<div style=\"font-family: Roboto, sans-serif;\">\n<div style=\"font-family: Roboto, sans-serif;\">\n<p><!--more--><\/p>\n<h4 style=\"text-align: left;\"><strong>Vantagens :<\/strong><\/h4>\n<ul style=\"text-align: left;\">\n<li>Limpa, desinfecta e perfuma num s\u00f3 passo.<\/li>\n<li>Sem enxaguamento, poupa tempo todos os dias.<\/li>\n<li>Dosagem precisa para uma utiliza\u00e7\u00e3o f\u00e1cil e econ\u00f3mica.<\/li>\n<li>Eficaz em todas as superf\u00edcies lav\u00e1veis (pavimentos, paredes, casas de banho, etc.).<\/li>\n<li>Fragr\u00e2ncia agrad\u00e1vel e duradoura.<\/li>\n<li>Ideal para profissionais exigentes e clientes particulares.<\/li>\n<\/ul>\n<\/div>\n<\/div>\n<p>&nbsp;<\/p>\n<\/div>\n<\/div>\n<\/div>\n<\/div>\n<\/div>\n<\/div>\n<\/div>\n<\/div>\n<p><!--more--><\/p>\n<h4>Outras informa\u00e7\u00f5es :<\/h4>\n<ul>\n<li><strong>Embalagem<\/strong>: Caixa de 250<\/li>\n<li><strong>Utiliza\u00e7\u00e3o<\/strong>: c\u00e1psula de detergente<\/li>\n<li><strong>Volume<\/strong>: 20 ml<\/li>\n<li><strong>Aspeto<\/strong>: l\u00edquido<\/li>\n<li><strong>Virucida<\/strong>: EN14476<\/li>\n<li><strong>Bactericida<\/strong>: EN1276 \/ EN13697<\/li>\n<li><strong>Fungicida<\/strong>: EN13697<\/li>\n<li><strong>pH<\/strong>: 6,5 +\/-1,5<\/li>\n<li><strong>Densidade<\/strong>: 1,00 g\/cm3+\/-0,01<\/li>\n<\/ul>\n<p>&nbsp;<\/p>\n<p><!--more--><\/p>\n<p class=\"woocommerce-loop-product__title\">Tamb\u00e9m pode encontrar o nosso produto de limpeza neutro de 5 litros com aroma a lim\u00e3o: <span style=\"color: #d12727;\"><a style=\"color: #d12727;\" href=\"https:\/\/www.csj-emballages.com\/es\/produit\/250-bolsitas-de-detergente-desinfectante-con-fragancia-ambiental-20-ml\/\">01095<\/a><\/span><\/p>\n<p>&nbsp;<\/p>\n<p style=\"text-align: left;\"><!--more--><\/p>\n<p><a href=\"https:\/\/www.csj-emballages.com\/pt-pt\/categorie-produit\/higiene-e-manutencao\/produtos-de-limpeza\/solo\/\">V\u00ea o resto da nossa gama de produtos de tratamento de pavimentos<\/a><\/p>\n","protected":false},"excerpt":{"rendered":"<p>C\u00e1psula de detergente Descri\u00e7\u00e3o da nossa c\u00e1psula de detergente desodorizante desinfetante com fragr\u00e2ncia ambiente 20ml 250 pack<\/p>\n","protected":false},"featured_media":239601,"template":"","meta":{"_acf_changed":false},"product_brand":[],"product_cat":[1222,1223,1394,10271],"product_tag":[],"class_list":{"0":"post-19022","1":"product","2":"type-product","3":"status-publish","4":"has-post-thumbnail","6":"product_cat-higiene-e-manutencao","7":"product_cat-produtos-de-limpeza","8":"product_cat-solo","9":"product_cat-apuramento","11":"first","12":"outofstock","13":"sale","14":"taxable","15":"shipping-taxable","16":"purchasable","17":"product-type-simple"},"acf":[],"yoast_head":"<!-- This site is optimized with the Yoast SEO Premium plugin v26.6 (Yoast SEO v26.6) - https:\/\/yoast.com\/wordpress\/plugins\/seo\/ -->\n<title>Desodorizante Detergente Desinfetante Ambiente Fragr\u00e2ncia Dosette<\/title>\n<meta name=\"description\" content=\"As c\u00e1psulas de detergente 3 em 1 JEDOR 3D: limpam, desinfectam e perfumam sem enxaguar. Dispon\u00edveis em embalagens de 20 ml de 250 unidades, s\u00e3o muito eficazes e f\u00e1ceis de utilizar.\" \/>\n<meta name=\"robots\" content=\"index, follow, max-snippet:-1, max-image-preview:large, max-video-preview:-1\" \/>\n<link rel=\"canonical\" href=\"https:\/\/www.csj-emballages.com\/pt-pt\/produit\/250-capsulas-de-detergente-desinfetante-com-aroma-ambiente-20ml\/\" \/>\n<meta property=\"og:locale\" content=\"pt_PT\" \/>\n<meta property=\"og:type\" content=\"article\" \/>\n<meta property=\"og:title\" content=\"C\u00e1psula de detergente desinfetante purificador do ar 20ml \u00e0 250\" \/>\n<meta property=\"og:description\" content=\"As c\u00e1psulas de detergente 3 em 1 JEDOR 3D: limpam, desinfectam e perfumam sem enxaguar. Dispon\u00edveis em embalagens de 20 ml de 250 unidades, s\u00e3o muito eficazes e f\u00e1ceis de utilizar.\" \/>\n<meta property=\"og:url\" content=\"https:\/\/www.csj-emballages.com\/pt-pt\/produit\/250-capsulas-de-detergente-desinfetante-com-aroma-ambiente-20ml\/\" \/>\n<meta property=\"og:site_name\" content=\"CSJ Emballages\" \/>\n<meta property=\"article:publisher\" content=\"https:\/\/www.facebook.com\/csjemballages\" \/>\n<meta property=\"article:modified_time\" content=\"2026-03-27T01:11:11+00:00\" \/>\n<meta property=\"og:image\" content=\"https:\/\/www.csj-emballages.com\/wp-content\/uploads\/2024\/03\/A50020.webp\" \/>\n\t<meta property=\"og:image:width\" content=\"800\" \/>\n\t<meta property=\"og:image:height\" content=\"801\" \/>\n\t<meta property=\"og:image:type\" content=\"image\/webp\" \/>\n<meta name=\"twitter:card\" content=\"summary_large_image\" \/>\n<meta name=\"twitter:label1\" content=\"Tempo estimado de leitura\" \/>\n\t<meta name=\"twitter:data1\" content=\"2 minutos\" \/>\n<script type=\"application\/ld+json\" class=\"yoast-schema-graph\">{\"@context\":\"https:\/\/schema.org\",\"@graph\":[{\"@type\":\"WebPage\",\"@id\":\"https:\/\/www.csj-emballages.com\/pt-pt\/produit\/250-capsulas-de-detergente-desinfetante-com-aroma-ambiente-20ml\/\",\"url\":\"https:\/\/www.csj-emballages.com\/pt-pt\/produit\/250-capsulas-de-detergente-desinfetante-com-aroma-ambiente-20ml\/\",\"name\":\"Desodorizante Detergente Desinfetante Ambiente Fragr\u00e2ncia Dosette\",\"isPartOf\":{\"@id\":\"https:\/\/www.csj-emballages.com\/pt-pt\/#website\"},\"primaryImageOfPage\":{\"@id\":\"https:\/\/www.csj-emballages.com\/pt-pt\/produit\/250-capsulas-de-detergente-desinfetante-com-aroma-ambiente-20ml\/#primaryimage\"},\"image\":{\"@id\":\"https:\/\/www.csj-emballages.com\/pt-pt\/produit\/250-capsulas-de-detergente-desinfetante-com-aroma-ambiente-20ml\/#primaryimage\"},\"thumbnailUrl\":\"https:\/\/www.csj-emballages.com\/wp-content\/uploads\/2024\/03\/A50020.webp\",\"datePublished\":\"2024-03-01T15:57:36+00:00\",\"dateModified\":\"2026-03-27T01:11:11+00:00\",\"description\":\"As c\u00e1psulas de detergente 3 em 1 JEDOR 3D: limpam, desinfectam e perfumam sem enxaguar. Dispon\u00edveis em embalagens de 20 ml de 250 unidades, s\u00e3o muito eficazes e f\u00e1ceis de utilizar.\",\"breadcrumb\":{\"@id\":\"https:\/\/www.csj-emballages.com\/pt-pt\/produit\/250-capsulas-de-detergente-desinfetante-com-aroma-ambiente-20ml\/#breadcrumb\"},\"inLanguage\":\"pt-PT\",\"potentialAction\":[{\"@type\":\"ReadAction\",\"target\":[\"https:\/\/www.csj-emballages.com\/pt-pt\/produit\/250-capsulas-de-detergente-desinfetante-com-aroma-ambiente-20ml\/\"]}]},{\"@type\":\"ImageObject\",\"inLanguage\":\"pt-PT\",\"@id\":\"https:\/\/www.csj-emballages.com\/pt-pt\/produit\/250-capsulas-de-detergente-desinfetante-com-aroma-ambiente-20ml\/#primaryimage\",\"url\":\"https:\/\/www.csj-emballages.com\/wp-content\/uploads\/2024\/03\/A50020.webp\",\"contentUrl\":\"https:\/\/www.csj-emballages.com\/wp-content\/uploads\/2024\/03\/A50020.webp\",\"width\":800,\"height\":801,\"caption\":\"dosette d\u00e9tergente\"},{\"@type\":\"BreadcrumbList\",\"@id\":\"https:\/\/www.csj-emballages.com\/pt-pt\/produit\/250-capsulas-de-detergente-desinfetante-com-aroma-ambiente-20ml\/#breadcrumb\",\"itemListElement\":[{\"@type\":\"ListItem\",\"position\":1,\"name\":\"Acolhimento\",\"item\":\"https:\/\/www.csj-emballages.com\/pt-pt\/universo-das-embalagens-alimentares\/\"},{\"@type\":\"ListItem\",\"position\":2,\"name\":\"Shop\",\"item\":\"https:\/\/www.csj-emballages.com\/shop\/\"},{\"@type\":\"ListItem\",\"position\":3,\"name\":\"C\u00e1psula de detergente desinfetante purificador do ar 20ml \u00e0 250\"}]},{\"@type\":\"WebSite\",\"@id\":\"https:\/\/www.csj-emballages.com\/pt-pt\/#website\",\"url\":\"https:\/\/www.csj-emballages.com\/pt-pt\/\",\"name\":\"CSJ Emballages\",\"description\":\"\",\"publisher\":{\"@id\":\"https:\/\/www.csj-emballages.com\/pt-pt\/#organization\"},\"potentialAction\":[{\"@type\":\"SearchAction\",\"target\":{\"@type\":\"EntryPoint\",\"urlTemplate\":\"https:\/\/www.csj-emballages.com\/pt-pt\/?s={search_term_string}\"},\"query-input\":{\"@type\":\"PropertyValueSpecification\",\"valueRequired\":true,\"valueName\":\"search_term_string\"}}],\"inLanguage\":\"pt-PT\"},{\"@type\":\"Organization\",\"@id\":\"https:\/\/www.csj-emballages.com\/pt-pt\/#Organization\/\",\"name\":\"CSJ Emballages\",\"url\":\"https:\/\/www.csj-emballages.com\/pt-pt\/\",\"logo\":{\"@type\":\"ImageObject\",\"inLanguage\":\"pt-PT\",\"@id\":\"https:\/\/www.csj-emballages.com\/pt-pt\/#\/schema\/logo\/image\/\",\"url\":\"https:\/\/www.csj-emballages.com\/wp-content\/uploads\/2023\/10\/logo_csj.webp\",\"contentUrl\":\"https:\/\/www.csj-emballages.com\/wp-content\/uploads\/2023\/10\/logo_csj.webp\",\"width\":250,\"height\":95,\"caption\":\"CSJ Emballages\"},\"image\":{\"@id\":\"https:\/\/www.csj-emballages.com\/pt-pt\/#\/schema\/logo\/image\/\"},\"sameAs\":[\"https:\/\/www.facebook.com\/csjemballages\"],\"address\":{\"@type\":\"PostalAddress\",\"streetAddress\":\"ZI La Lechere\",\"addressLocality\":\"Patornay\",\"postalCode\":\"39130\",\"addressCountry\":\"FR\"},\"contactPoint\":[{\"@type\":\"ContactPoint\",\"contactType\":\"Service client\",\"telephone\":\"0384254272\",\"email\":\"contact@csj-emballages.com\"}]}]}<\/script>\n<!-- \/ Yoast SEO Premium plugin. -->","yoast_head_json":{"title":"Desodorizante Detergente Desinfetante Ambiente Fragr\u00e2ncia Dosette","description":"As c\u00e1psulas de detergente 3 em 1 JEDOR 3D: limpam, desinfectam e perfumam sem enxaguar. Dispon\u00edveis em embalagens de 20 ml de 250 unidades, s\u00e3o muito eficazes e f\u00e1ceis de utilizar.","robots":{"index":"index","follow":"follow","max-snippet":"max-snippet:-1","max-image-preview":"max-image-preview:large","max-video-preview":"max-video-preview:-1"},"canonical":"https:\/\/www.csj-emballages.com\/pt-pt\/produit\/250-capsulas-de-detergente-desinfetante-com-aroma-ambiente-20ml\/","og_locale":"pt_PT","og_type":"article","og_title":"C\u00e1psula de detergente desinfetante purificador do ar 20ml \u00e0 250","og_description":"As c\u00e1psulas de detergente 3 em 1 JEDOR 3D: limpam, desinfectam e perfumam sem enxaguar. Dispon\u00edveis em embalagens de 20 ml de 250 unidades, s\u00e3o muito eficazes e f\u00e1ceis de utilizar.","og_url":"https:\/\/www.csj-emballages.com\/pt-pt\/produit\/250-capsulas-de-detergente-desinfetante-com-aroma-ambiente-20ml\/","og_site_name":"CSJ Emballages","article_publisher":"https:\/\/www.facebook.com\/csjemballages","article_modified_time":"2026-03-27T01:11:11+00:00","og_image":[{"width":800,"height":801,"url":"https:\/\/www.csj-emballages.com\/wp-content\/uploads\/2024\/03\/A50020.webp","type":"image\/webp"}],"twitter_card":"summary_large_image","twitter_misc":{"Tempo estimado de leitura":"2 minutos"},"schema":{"@context":"https:\/\/schema.org","@graph":[{"@type":"WebPage","@id":"https:\/\/www.csj-emballages.com\/pt-pt\/produit\/250-capsulas-de-detergente-desinfetante-com-aroma-ambiente-20ml\/","url":"https:\/\/www.csj-emballages.com\/pt-pt\/produit\/250-capsulas-de-detergente-desinfetante-com-aroma-ambiente-20ml\/","name":"Desodorizante Detergente Desinfetante Ambiente Fragr\u00e2ncia Dosette","isPartOf":{"@id":"https:\/\/www.csj-emballages.com\/pt-pt\/#website"},"primaryImageOfPage":{"@id":"https:\/\/www.csj-emballages.com\/pt-pt\/produit\/250-capsulas-de-detergente-desinfetante-com-aroma-ambiente-20ml\/#primaryimage"},"image":{"@id":"https:\/\/www.csj-emballages.com\/pt-pt\/produit\/250-capsulas-de-detergente-desinfetante-com-aroma-ambiente-20ml\/#primaryimage"},"thumbnailUrl":"https:\/\/www.csj-emballages.com\/wp-content\/uploads\/2024\/03\/A50020.webp","datePublished":"2024-03-01T15:57:36+00:00","dateModified":"2026-03-27T01:11:11+00:00","description":"As c\u00e1psulas de detergente 3 em 1 JEDOR 3D: limpam, desinfectam e perfumam sem enxaguar. Dispon\u00edveis em embalagens de 20 ml de 250 unidades, s\u00e3o muito eficazes e f\u00e1ceis de utilizar.","breadcrumb":{"@id":"https:\/\/www.csj-emballages.com\/pt-pt\/produit\/250-capsulas-de-detergente-desinfetante-com-aroma-ambiente-20ml\/#breadcrumb"},"inLanguage":"pt-PT","potentialAction":[{"@type":"ReadAction","target":["https:\/\/www.csj-emballages.com\/pt-pt\/produit\/250-capsulas-de-detergente-desinfetante-com-aroma-ambiente-20ml\/"]}]},{"@type":"ImageObject","inLanguage":"pt-PT","@id":"https:\/\/www.csj-emballages.com\/pt-pt\/produit\/250-capsulas-de-detergente-desinfetante-com-aroma-ambiente-20ml\/#primaryimage","url":"https:\/\/www.csj-emballages.com\/wp-content\/uploads\/2024\/03\/A50020.webp","contentUrl":"https:\/\/www.csj-emballages.com\/wp-content\/uploads\/2024\/03\/A50020.webp","width":800,"height":801,"caption":"dosette d\u00e9tergente"},{"@type":"BreadcrumbList","@id":"https:\/\/www.csj-emballages.com\/pt-pt\/produit\/250-capsulas-de-detergente-desinfetante-com-aroma-ambiente-20ml\/#breadcrumb","itemListElement":[{"@type":"ListItem","position":1,"name":"Acolhimento","item":"https:\/\/www.csj-emballages.com\/pt-pt\/universo-das-embalagens-alimentares\/"},{"@type":"ListItem","position":2,"name":"Shop","item":"https:\/\/www.csj-emballages.com\/shop\/"},{"@type":"ListItem","position":3,"name":"C\u00e1psula de detergente desinfetante purificador do ar 20ml \u00e0 250"}]},{"@type":"WebSite","@id":"https:\/\/www.csj-emballages.com\/pt-pt\/#website","url":"https:\/\/www.csj-emballages.com\/pt-pt\/","name":"CSJ Emballages","description":"","publisher":{"@id":"https:\/\/www.csj-emballages.com\/pt-pt\/#organization"},"potentialAction":[{"@type":"SearchAction","target":{"@type":"EntryPoint","urlTemplate":"https:\/\/www.csj-emballages.com\/pt-pt\/?s={search_term_string}"},"query-input":{"@type":"PropertyValueSpecification","valueRequired":true,"valueName":"search_term_string"}}],"inLanguage":"pt-PT"},{"@type":"Organization","@id":"https:\/\/www.csj-emballages.com\/pt-pt\/#Organization\/","name":"CSJ Emballages","url":"https:\/\/www.csj-emballages.com\/pt-pt\/","logo":{"@type":"ImageObject","inLanguage":"pt-PT","@id":"https:\/\/www.csj-emballages.com\/pt-pt\/#\/schema\/logo\/image\/","url":"https:\/\/www.csj-emballages.com\/wp-content\/uploads\/2023\/10\/logo_csj.webp","contentUrl":"https:\/\/www.csj-emballages.com\/wp-content\/uploads\/2023\/10\/logo_csj.webp","width":250,"height":95,"caption":"CSJ Emballages"},"image":{"@id":"https:\/\/www.csj-emballages.com\/pt-pt\/#\/schema\/logo\/image\/"},"sameAs":["https:\/\/www.facebook.com\/csjemballages"],"address":{"@type":"PostalAddress","streetAddress":"ZI La Lechere","addressLocality":"Patornay","postalCode":"39130","addressCountry":"FR"},"contactPoint":[{"@type":"ContactPoint","contactType":"Service client","telephone":"0384254272","email":"contact@csj-emballages.com"}]}]}},"df_price":30.04,"df_sale_price":30.04,"df_regular_price":37.55,"df_image_link":"https:\/\/www.csj-emballages.com\/wp-content\/uploads\/2024\/03\/A50020-300x300.webp","tiered_pricing_type":"fixed","tiered_pricing_fixed_rules":[],"tiered_pricing_percentage_rules":[],"tiered_pricing_minimum":1,"tiered_pricing_roles_data":[],"_links":{"self":[{"href":"https:\/\/www.csj-emballages.com\/pt-pt\/wp-json\/wp\/v2\/product\/19022","targetHints":{"allow":["GET"]}}],"collection":[{"href":"https:\/\/www.csj-emballages.com\/pt-pt\/wp-json\/wp\/v2\/product"}],"about":[{"href":"https:\/\/www.csj-emballages.com\/pt-pt\/wp-json\/wp\/v2\/types\/product"}],"wp:featuredmedia":[{"embeddable":true,"href":"https:\/\/www.csj-emballages.com\/pt-pt\/wp-json\/wp\/v2\/media\/239601"}],"wp:attachment":[{"href":"https:\/\/www.csj-emballages.com\/pt-pt\/wp-json\/wp\/v2\/media?parent=19022"}],"wp:term":[{"taxonomy":"product_brand","embeddable":true,"href":"https:\/\/www.csj-emballages.com\/pt-pt\/wp-json\/wp\/v2\/product_brand?post=19022"},{"taxonomy":"product_cat","embeddable":true,"href":"https:\/\/www.csj-emballages.com\/pt-pt\/wp-json\/wp\/v2\/product_cat?post=19022"},{"taxonomy":"product_tag","embeddable":true,"href":"https:\/\/www.csj-emballages.com\/pt-pt\/wp-json\/wp\/v2\/product_tag?post=19022"}],"curies":[{"name":"wp","href":"https:\/\/api.w.org\/{rel}","templated":true}]}}