{"id":18984,"date":"2024-03-01T16:57:46","date_gmt":"2024-03-01T15:57:46","guid":{"rendered":"https:\/\/u15jnbdpoq.preview.infomaniak.website\/produit\/100-copos-de-papel-brancos-descartaveis-de-175-cl\/"},"modified":"2026-04-30T12:00:29","modified_gmt":"2026-04-30T10:00:29","slug":"100-copos-de-papel-brancos-descartaveis-de-175-cl","status":"publish","type":"product","link":"https:\/\/www.csj-emballages.com\/pt-pt\/produit\/100-copos-de-papel-brancos-descartaveis-de-175-cl\/","title":{"rendered":"Copo de papel branco 18 cl, 50"},"content":{"rendered":"<h2>Copo de cart\u00e3o<\/h2>\n<hr>\n<h3>Descubra o nosso copo de papel branco de 18 cl em embalagens de 50<\/h3>\n<p><!--more--><\/p>\n<p data-start=\"217\" data-end=\"621\">Simples, leve e verdadeiramente vers\u00e1til, este <strong>copo de papel branco<\/strong> <strong>de 18 cl<\/strong> pode ser utilizado em todo o tipo de situa\u00e7\u00f5es quotidianas. Quer seja para servir uma ch\u00e1vena de caf\u00e9 quente, para uma sess\u00e3o de degusta\u00e7\u00e3o, para oferecer um pequeno sumo numa reuni\u00e3o ou para acompanhar um evento, h\u00e1 sempre um lugar para ele. Gra\u00e7as ao seu tamanho compacto, desliza facilmente para um balc\u00e3o, um tabuleiro ou um dispensador sem nunca ocupar espa\u00e7o.  <\/p>\n<p data-start=\"623\" data-end=\"925\">O seu <strong>aspeto branco<\/strong> <strong>, limpo e despojado<\/strong>, confere-lhe um estilo polivalente que se adapta a profissionais da restaura\u00e7\u00e3o, escrit\u00f3rios, associa\u00e7\u00f5es e eventos tempor\u00e1rios. Esta neutralidade visual permite tamb\u00e9m personalizar o <strong>copo<\/strong>, se necess\u00e1rio: etiquetas, carimbos, log\u00f3tipos&#8230; tudo o que quiser. <\/p>\n<p data-start=\"927\" data-end=\"1246\">O <strong>cart\u00e3o<\/strong> \u00e9 agrad\u00e1vel ao tato e suficientemente espesso para evitar queimaduras ou deforma\u00e7\u00f5es. Por isso, \u00e9 confort\u00e1vel de segurar, mesmo quando est\u00e1 cheio de uma bebida quente. Al\u00e9m disso, mant\u00e9m-se est\u00e1vel quando pousada, o que reduz o risco de tombar &#8211; o que \u00e9 sempre bom num ambiente movimentado.  <\/p>\n<p data-start=\"1248\" data-end=\"1565\">A embalagem <strong data-start=\"1258\" data-end=\"1273\">de 50 ch\u00e1venas<\/strong> \u00e9 ideal para criar um stock de reserva ou para satisfazer uma pequena multid\u00e3o sem consumir demasiado. \u00c9 um formato pr\u00e1tico para caf\u00e9s takeaway, cami\u00f5es de comida, \u00e1reas de descanso ou eventos empresariais onde \u00e9 necess\u00e1rio reabastecer r\u00e1pida e facilmente. <\/p>\n<p data-start=\"1567\" data-end=\"1746\">Em suma, este <strong>copo<\/strong> combina discri\u00e7\u00e3o, efic\u00e1cia e facilidade de utiliza\u00e7\u00e3o. N\u00e3o tenta fazer demasiado, mas faz exatamente o que se espera dele&#8230; e f\u00e1-lo bem. <\/p>\n<p>&nbsp;<\/p>\n<p><!--more--><\/p>\n<h4><strong>Vantagens :<\/strong><\/h4>\n<ul>\n<li data-start=\"1774\" data-end=\"1842\">Formato compacto ideal para caf\u00e9s, degusta\u00e7\u00f5es e bebidas quentes.<\/li>\n<li data-start=\"1845\" data-end=\"1879\">Design <strong>branco<\/strong> s\u00f3brio e adapt\u00e1vel.<\/li>\n<li data-start=\"1882\" data-end=\"1931\">Boa ader\u00eancia, cart\u00e3o agrad\u00e1vel e est\u00e1vel.<\/li>\n<li data-start=\"1934\" data-end=\"1962\">Embalagem pr\u00e1tica de <strong>50<\/strong>.<\/li>\n<li data-start=\"1965\" data-end=\"2016\">Adequado tanto para profissionais como para eventos pontuais.<\/li>\n<\/ul>\n<p>&nbsp;<\/p>\n<p><!--more--><\/p>\n<h4>Outras informa\u00e7\u00f5es :<\/h4>\n<ul>\n<li><strong>Embalagem<\/strong>: Pacote de 50<\/li>\n<li><strong>Volume<\/strong>: 18 cl<\/li>\n<li><strong>Cor<\/strong>: Branco<\/li>\n<li><strong>Temperatura de funcionamento<\/strong>: -20\u00b0C \/ +100\u00b0C<\/li>\n<li>Cont\u00e9m pel\u00edcula PE no interior<\/li>\n<\/ul>\n<p>&nbsp;<\/p>\n<p><!--more--><\/p>\n<p>Clique aqui para saber quais as tampas compat\u00edveis com este produto: <span style=\"color: #d12727;\"><a style=\"color: #d12727;\" href=\"https:\/\/www.csj-emballages.com\/produit\/50-couvercles-papier-pour-gobelets-17-cl-376bla\/\">C376P<\/a><\/span><\/p>\n<p>&nbsp;<\/p>\n<p><!--more--><\/p>\n<p>Dispon\u00edvel em diferentes tamanhos: <span style=\"color: #d12727;\"><a style=\"color: #d12727;\" href=\"https:\/\/www.csj-emballages.com\/produit\/100-gobelets-carton-blancs-jetables-12cl\/\">12 cl<\/a><\/span> \/ <span style=\"color: #d12727;\"><a style=\"color: #d12727;\" href=\"https:\/\/www.csj-emballages.com\/produit\/100-gobelets-cartons-blancs-jetables-20cl\/\">20 cl<\/a><\/span> \/ <span style=\"color: #d12727;\"><a style=\"color: #d12727;\" href=\"https:\/\/www.csj-emballages.com\/produit\/50-gobelets-carton-blancs-jetables-24-cl\/\">24 cl<\/a><\/span><\/p>\n<p>&nbsp;<\/p>\n<p><!--more--><\/p>\n<p><a href=\"\/?product_cat=gobelets-gobelets-boissons-chaudes\">Ver o resto da nossa gama de copos de papel<\/a><\/p>\n","protected":false},"excerpt":{"rendered":"<p>Copo de cart\u00e3o Descubra o nosso copo de papel branco de 18 cl em embalagens de 50<\/p>\n","protected":false},"featured_media":189214,"template":"","meta":{"_acf_changed":false},"product_brand":[],"product_cat":[1141,1138,1471,9242,9243,1152],"product_tag":[],"class_list":{"0":"post-18984","1":"product","2":"type-product","3":"status-publish","4":"has-post-thumbnail","6":"product_cat-embalagem-de-alimentos","7":"product_cat-restauracao","8":"product_cat-chavenas-copos-baldes-garrafas","9":"product_cat-copos-de-cartao","10":"product_cat-copos-brancos","11":"product_cat-gama-biologica","13":"first","14":"instock","15":"taxable","16":"shipping-taxable","17":"purchasable","18":"product-type-simple"},"acf":[],"yoast_head":"<!-- This site is optimized with the Yoast SEO Premium plugin v26.6 (Yoast SEO v26.6) - https:\/\/yoast.com\/wordpress\/plugins\/seo\/ -->\n<title>Copo de cart\u00e3o branco - 18 cl<\/title>\n<meta name=\"description\" content=\"Descubra o nosso copo de papel branco de 18 cl, ideal para bebidas quentes e frias. Pr\u00e1tico, ecol\u00f3gico e simples!\" \/>\n<meta name=\"robots\" content=\"index, follow, max-snippet:-1, max-image-preview:large, max-video-preview:-1\" \/>\n<link rel=\"canonical\" href=\"https:\/\/www.csj-emballages.com\/pt-pt\/produit\/100-copos-de-papel-brancos-descartaveis-de-175-cl\/\" \/>\n<meta property=\"og:locale\" content=\"pt_PT\" \/>\n<meta property=\"og:type\" content=\"article\" \/>\n<meta property=\"og:title\" content=\"Copo de papel branco 18 cl, 50\" \/>\n<meta property=\"og:description\" content=\"Descubra o nosso copo de papel branco de 18 cl, ideal para bebidas quentes e frias. Pr\u00e1tico, ecol\u00f3gico e simples!\" \/>\n<meta property=\"og:url\" content=\"https:\/\/www.csj-emballages.com\/pt-pt\/produit\/100-copos-de-papel-brancos-descartaveis-de-175-cl\/\" \/>\n<meta property=\"og:site_name\" content=\"CSJ Emballages\" \/>\n<meta property=\"article:publisher\" content=\"https:\/\/www.facebook.com\/csjemballages\" \/>\n<meta property=\"article:modified_time\" content=\"2026-04-30T10:00:29+00:00\" \/>\n<meta property=\"og:image\" content=\"https:\/\/www.csj-emballages.com\/wp-content\/uploads\/2024\/03\/376BLA.webp\" \/>\n\t<meta property=\"og:image:width\" content=\"806\" \/>\n\t<meta property=\"og:image:height\" content=\"806\" \/>\n\t<meta property=\"og:image:type\" content=\"image\/webp\" \/>\n<meta name=\"twitter:card\" content=\"summary_large_image\" \/>\n<meta name=\"twitter:label1\" content=\"Tempo estimado de leitura\" \/>\n\t<meta name=\"twitter:data1\" content=\"2 minutos\" \/>\n<script type=\"application\/ld+json\" class=\"yoast-schema-graph\">{\"@context\":\"https:\/\/schema.org\",\"@graph\":[{\"@type\":\"WebPage\",\"@id\":\"https:\/\/www.csj-emballages.com\/pt-pt\/produit\/100-copos-de-papel-brancos-descartaveis-de-175-cl\/\",\"url\":\"https:\/\/www.csj-emballages.com\/pt-pt\/produit\/100-copos-de-papel-brancos-descartaveis-de-175-cl\/\",\"name\":\"Copo de cart\u00e3o branco - 18 cl\",\"isPartOf\":{\"@id\":\"https:\/\/www.csj-emballages.com\/pt-pt\/#website\"},\"primaryImageOfPage\":{\"@id\":\"https:\/\/www.csj-emballages.com\/pt-pt\/produit\/100-copos-de-papel-brancos-descartaveis-de-175-cl\/#primaryimage\"},\"image\":{\"@id\":\"https:\/\/www.csj-emballages.com\/pt-pt\/produit\/100-copos-de-papel-brancos-descartaveis-de-175-cl\/#primaryimage\"},\"thumbnailUrl\":\"https:\/\/www.csj-emballages.com\/wp-content\/uploads\/2024\/03\/376BLA.webp\",\"datePublished\":\"2024-03-01T15:57:46+00:00\",\"dateModified\":\"2026-04-30T10:00:29+00:00\",\"description\":\"Descubra o nosso copo de papel branco de 18 cl, ideal para bebidas quentes e frias. Pr\u00e1tico, ecol\u00f3gico e simples!\",\"breadcrumb\":{\"@id\":\"https:\/\/www.csj-emballages.com\/pt-pt\/produit\/100-copos-de-papel-brancos-descartaveis-de-175-cl\/#breadcrumb\"},\"inLanguage\":\"pt-PT\",\"potentialAction\":[{\"@type\":\"ReadAction\",\"target\":[\"https:\/\/www.csj-emballages.com\/pt-pt\/produit\/100-copos-de-papel-brancos-descartaveis-de-175-cl\/\"]}]},{\"@type\":\"ImageObject\",\"inLanguage\":\"pt-PT\",\"@id\":\"https:\/\/www.csj-emballages.com\/pt-pt\/produit\/100-copos-de-papel-brancos-descartaveis-de-175-cl\/#primaryimage\",\"url\":\"https:\/\/www.csj-emballages.com\/wp-content\/uploads\/2024\/03\/376BLA.webp\",\"contentUrl\":\"https:\/\/www.csj-emballages.com\/wp-content\/uploads\/2024\/03\/376BLA.webp\",\"width\":806,\"height\":806,\"caption\":\"gobelet carton\"},{\"@type\":\"BreadcrumbList\",\"@id\":\"https:\/\/www.csj-emballages.com\/pt-pt\/produit\/100-copos-de-papel-brancos-descartaveis-de-175-cl\/#breadcrumb\",\"itemListElement\":[{\"@type\":\"ListItem\",\"position\":1,\"name\":\"Acolhimento\",\"item\":\"https:\/\/www.csj-emballages.com\/pt-pt\/universo-das-embalagens-alimentares\/\"},{\"@type\":\"ListItem\",\"position\":2,\"name\":\"Shop\",\"item\":\"https:\/\/www.csj-emballages.com\/shop\/\"},{\"@type\":\"ListItem\",\"position\":3,\"name\":\"Copo de papel branco 18 cl, 50\"}]},{\"@type\":\"WebSite\",\"@id\":\"https:\/\/www.csj-emballages.com\/pt-pt\/#website\",\"url\":\"https:\/\/www.csj-emballages.com\/pt-pt\/\",\"name\":\"CSJ Emballages\",\"description\":\"\",\"publisher\":{\"@id\":\"https:\/\/www.csj-emballages.com\/pt-pt\/#organization\"},\"potentialAction\":[{\"@type\":\"SearchAction\",\"target\":{\"@type\":\"EntryPoint\",\"urlTemplate\":\"https:\/\/www.csj-emballages.com\/pt-pt\/?s={search_term_string}\"},\"query-input\":{\"@type\":\"PropertyValueSpecification\",\"valueRequired\":true,\"valueName\":\"search_term_string\"}}],\"inLanguage\":\"pt-PT\"},{\"@type\":\"Organization\",\"@id\":\"https:\/\/www.csj-emballages.com\/pt-pt\/#Organization\/\",\"name\":\"CSJ Emballages\",\"url\":\"https:\/\/www.csj-emballages.com\/pt-pt\/\",\"logo\":{\"@type\":\"ImageObject\",\"inLanguage\":\"pt-PT\",\"@id\":\"https:\/\/www.csj-emballages.com\/pt-pt\/#\/schema\/logo\/image\/\",\"url\":\"https:\/\/www.csj-emballages.com\/wp-content\/uploads\/2023\/10\/logo_csj.webp\",\"contentUrl\":\"https:\/\/www.csj-emballages.com\/wp-content\/uploads\/2023\/10\/logo_csj.webp\",\"width\":250,\"height\":95,\"caption\":\"CSJ Emballages\"},\"image\":{\"@id\":\"https:\/\/www.csj-emballages.com\/pt-pt\/#\/schema\/logo\/image\/\"},\"sameAs\":[\"https:\/\/www.facebook.com\/csjemballages\"],\"address\":{\"@type\":\"PostalAddress\",\"streetAddress\":\"ZI La Lechere\",\"addressLocality\":\"Patornay\",\"postalCode\":\"39130\",\"addressCountry\":\"FR\"},\"contactPoint\":[{\"@type\":\"ContactPoint\",\"contactType\":\"Service client\",\"telephone\":\"0384254272\",\"email\":\"contact@csj-emballages.com\"}]}]}<\/script>\n<!-- \/ Yoast SEO Premium plugin. -->","yoast_head_json":{"title":"Copo de cart\u00e3o branco - 18 cl","description":"Descubra o nosso copo de papel branco de 18 cl, ideal para bebidas quentes e frias. Pr\u00e1tico, ecol\u00f3gico e simples!","robots":{"index":"index","follow":"follow","max-snippet":"max-snippet:-1","max-image-preview":"max-image-preview:large","max-video-preview":"max-video-preview:-1"},"canonical":"https:\/\/www.csj-emballages.com\/pt-pt\/produit\/100-copos-de-papel-brancos-descartaveis-de-175-cl\/","og_locale":"pt_PT","og_type":"article","og_title":"Copo de papel branco 18 cl, 50","og_description":"Descubra o nosso copo de papel branco de 18 cl, ideal para bebidas quentes e frias. Pr\u00e1tico, ecol\u00f3gico e simples!","og_url":"https:\/\/www.csj-emballages.com\/pt-pt\/produit\/100-copos-de-papel-brancos-descartaveis-de-175-cl\/","og_site_name":"CSJ Emballages","article_publisher":"https:\/\/www.facebook.com\/csjemballages","article_modified_time":"2026-04-30T10:00:29+00:00","og_image":[{"width":806,"height":806,"url":"https:\/\/www.csj-emballages.com\/wp-content\/uploads\/2024\/03\/376BLA.webp","type":"image\/webp"}],"twitter_card":"summary_large_image","twitter_misc":{"Tempo estimado de leitura":"2 minutos"},"schema":{"@context":"https:\/\/schema.org","@graph":[{"@type":"WebPage","@id":"https:\/\/www.csj-emballages.com\/pt-pt\/produit\/100-copos-de-papel-brancos-descartaveis-de-175-cl\/","url":"https:\/\/www.csj-emballages.com\/pt-pt\/produit\/100-copos-de-papel-brancos-descartaveis-de-175-cl\/","name":"Copo de cart\u00e3o branco - 18 cl","isPartOf":{"@id":"https:\/\/www.csj-emballages.com\/pt-pt\/#website"},"primaryImageOfPage":{"@id":"https:\/\/www.csj-emballages.com\/pt-pt\/produit\/100-copos-de-papel-brancos-descartaveis-de-175-cl\/#primaryimage"},"image":{"@id":"https:\/\/www.csj-emballages.com\/pt-pt\/produit\/100-copos-de-papel-brancos-descartaveis-de-175-cl\/#primaryimage"},"thumbnailUrl":"https:\/\/www.csj-emballages.com\/wp-content\/uploads\/2024\/03\/376BLA.webp","datePublished":"2024-03-01T15:57:46+00:00","dateModified":"2026-04-30T10:00:29+00:00","description":"Descubra o nosso copo de papel branco de 18 cl, ideal para bebidas quentes e frias. Pr\u00e1tico, ecol\u00f3gico e simples!","breadcrumb":{"@id":"https:\/\/www.csj-emballages.com\/pt-pt\/produit\/100-copos-de-papel-brancos-descartaveis-de-175-cl\/#breadcrumb"},"inLanguage":"pt-PT","potentialAction":[{"@type":"ReadAction","target":["https:\/\/www.csj-emballages.com\/pt-pt\/produit\/100-copos-de-papel-brancos-descartaveis-de-175-cl\/"]}]},{"@type":"ImageObject","inLanguage":"pt-PT","@id":"https:\/\/www.csj-emballages.com\/pt-pt\/produit\/100-copos-de-papel-brancos-descartaveis-de-175-cl\/#primaryimage","url":"https:\/\/www.csj-emballages.com\/wp-content\/uploads\/2024\/03\/376BLA.webp","contentUrl":"https:\/\/www.csj-emballages.com\/wp-content\/uploads\/2024\/03\/376BLA.webp","width":806,"height":806,"caption":"gobelet carton"},{"@type":"BreadcrumbList","@id":"https:\/\/www.csj-emballages.com\/pt-pt\/produit\/100-copos-de-papel-brancos-descartaveis-de-175-cl\/#breadcrumb","itemListElement":[{"@type":"ListItem","position":1,"name":"Acolhimento","item":"https:\/\/www.csj-emballages.com\/pt-pt\/universo-das-embalagens-alimentares\/"},{"@type":"ListItem","position":2,"name":"Shop","item":"https:\/\/www.csj-emballages.com\/shop\/"},{"@type":"ListItem","position":3,"name":"Copo de papel branco 18 cl, 50"}]},{"@type":"WebSite","@id":"https:\/\/www.csj-emballages.com\/pt-pt\/#website","url":"https:\/\/www.csj-emballages.com\/pt-pt\/","name":"CSJ Emballages","description":"","publisher":{"@id":"https:\/\/www.csj-emballages.com\/pt-pt\/#organization"},"potentialAction":[{"@type":"SearchAction","target":{"@type":"EntryPoint","urlTemplate":"https:\/\/www.csj-emballages.com\/pt-pt\/?s={search_term_string}"},"query-input":{"@type":"PropertyValueSpecification","valueRequired":true,"valueName":"search_term_string"}}],"inLanguage":"pt-PT"},{"@type":"Organization","@id":"https:\/\/www.csj-emballages.com\/pt-pt\/#Organization\/","name":"CSJ Emballages","url":"https:\/\/www.csj-emballages.com\/pt-pt\/","logo":{"@type":"ImageObject","inLanguage":"pt-PT","@id":"https:\/\/www.csj-emballages.com\/pt-pt\/#\/schema\/logo\/image\/","url":"https:\/\/www.csj-emballages.com\/wp-content\/uploads\/2023\/10\/logo_csj.webp","contentUrl":"https:\/\/www.csj-emballages.com\/wp-content\/uploads\/2023\/10\/logo_csj.webp","width":250,"height":95,"caption":"CSJ Emballages"},"image":{"@id":"https:\/\/www.csj-emballages.com\/pt-pt\/#\/schema\/logo\/image\/"},"sameAs":["https:\/\/www.facebook.com\/csjemballages"],"address":{"@type":"PostalAddress","streetAddress":"ZI La Lechere","addressLocality":"Patornay","postalCode":"39130","addressCountry":"FR"},"contactPoint":[{"@type":"ContactPoint","contactType":"Service client","telephone":"0384254272","email":"contact@csj-emballages.com"}]}]}},"df_price":1.4,"df_sale_price":"","df_regular_price":1.4,"df_image_link":"https:\/\/www.csj-emballages.com\/wp-content\/uploads\/2024\/03\/376BLA-300x300.webp","tiered_pricing_type":"fixed","tiered_pricing_fixed_rules":[],"tiered_pricing_percentage_rules":[],"tiered_pricing_minimum":1,"tiered_pricing_roles_data":[],"_links":{"self":[{"href":"https:\/\/www.csj-emballages.com\/pt-pt\/wp-json\/wp\/v2\/product\/18984","targetHints":{"allow":["GET"]}}],"collection":[{"href":"https:\/\/www.csj-emballages.com\/pt-pt\/wp-json\/wp\/v2\/product"}],"about":[{"href":"https:\/\/www.csj-emballages.com\/pt-pt\/wp-json\/wp\/v2\/types\/product"}],"wp:featuredmedia":[{"embeddable":true,"href":"https:\/\/www.csj-emballages.com\/pt-pt\/wp-json\/wp\/v2\/media\/189214"}],"wp:attachment":[{"href":"https:\/\/www.csj-emballages.com\/pt-pt\/wp-json\/wp\/v2\/media?parent=18984"}],"wp:term":[{"taxonomy":"product_brand","embeddable":true,"href":"https:\/\/www.csj-emballages.com\/pt-pt\/wp-json\/wp\/v2\/product_brand?post=18984"},{"taxonomy":"product_cat","embeddable":true,"href":"https:\/\/www.csj-emballages.com\/pt-pt\/wp-json\/wp\/v2\/product_cat?post=18984"},{"taxonomy":"product_tag","embeddable":true,"href":"https:\/\/www.csj-emballages.com\/pt-pt\/wp-json\/wp\/v2\/product_tag?post=18984"}],"curies":[{"name":"wp","href":"https:\/\/api.w.org\/{rel}","templated":true}]}}