{"id":18977,"date":"2024-03-01T16:59:07","date_gmt":"2024-03-01T15:59:07","guid":{"rendered":"https:\/\/u15jnbdpoq.preview.infomaniak.website\/produit\/50-copos-de-cerveja-brancos-descartaveis-50-cl-59-cl\/"},"modified":"2026-04-11T02:10:55","modified_gmt":"2026-04-11T00:10:55","slug":"50-copos-de-cerveja-brancos-descartaveis-50-cl-59-cl","status":"publish","type":"product","link":"https:\/\/www.csj-emballages.com\/pt-pt\/produit\/50-copos-de-cerveja-brancos-descartaveis-50-cl-59-cl\/","title":{"rendered":"Copo de papel branco 50 cl \/ 59 cl por 50"},"content":{"rendered":"<h2>Copo de cart\u00e3o<\/h2>\n<hr>\n<h3>Descubra o nosso copo de papel branco de 50 cl \/ 59 cl em embalagens de 50<\/h3>\n<p><!--more--><\/p>\n<p data-start=\"240\" data-end=\"643\">Simples, limpo e pronto para tudo, este <strong data-start=\"274\" data-end=\"307\">copo de papel branco de 50 cl \/ 59 cl<\/strong> \u00e9 o companheiro ideal para servir bebidas quentes e frias. O seu tamanho generoso permite-lhe servir um caf\u00e9 com leite, um chocolate quente, um ch\u00e1 gourmet ou mesmo uma bebida fria num evento. Em suma, acompanha facilmente o seu servi\u00e7o, sem nunca complicar a sua organiza\u00e7\u00e3o.  <\/p>\n<p data-start=\"645\" data-end=\"1048\">O seu aspeto <strong>totalmente branco<\/strong> d\u00e1 uma verdadeira sensa\u00e7\u00e3o de limpeza e minimalismo. \u00c9 perfeito se gosta de uma apresenta\u00e7\u00e3o s\u00f3bria ou se pretende colar um <strong>autocolante<\/strong>, <strong>log\u00f3tipo<\/strong> ou <strong>etiqueta<\/strong> para personalizar as suas bebidas. Este aspeto neutro tamb\u00e9m funciona bem em escrit\u00f3rios, salas de reuni\u00f5es, stands e \u00e1reas de rece\u00e7\u00e3o onde se pretende um visual discreto mas limpo.  <\/p>\n<p data-start=\"1050\" data-end=\"1357\">O <strong>cart\u00e3o<\/strong> utilizado \u00e9 muito r\u00edgido, pelo que o copo mant\u00e9m a sua forma mesmo quando est\u00e1 cheio e n\u00e3o fica demasiado quente para os dedos quando cont\u00e9m uma bebida quente. Cabe confortavelmente na sua m\u00e3o, quer esteja em movimento, a fazer uma pausa ou a cumprimentar clientes. <\/p>\n<p data-start=\"1359\" data-end=\"1578\">A embalagem de <strong data-start=\"1369\" data-end=\"1382\">50 unidades<\/strong> permite-lhe gerir as suas necessidades di\u00e1rias sem se esgotar. Trata-se de um formato pr\u00e1tico e f\u00e1cil de armazenar, ideal para profissionais, associa\u00e7\u00f5es e eventos pontuais. <\/p>\n<p data-start=\"1580\" data-end=\"1775\">Em suma, este <strong>copo branco<\/strong> preenche todos os requisitos: vers\u00e1til, visualmente limpo, s\u00f3lido e f\u00e1cil de utilizar. \u00c9 perfeito para todas as suas pausas, desde as mais r\u00e1pidas \u00e0s mais amig\u00e1veis. <\/p>\n<p data-start=\"1580\" data-end=\"1775\"><!--more--><\/p>\n<h4 data-start=\"1580\" data-end=\"1775\">Vantagens :<\/h4>\n<ul>\n<li data-start=\"1803\" data-end=\"1865\">Formato vers\u00e1til <strong>de 50 cl \/ 59 cl<\/strong> para bebidas quentes e frias.<\/li>\n<li data-start=\"1868\" data-end=\"1922\"><strong>Design branco<\/strong> minimalista, limpo e personaliz\u00e1vel.<\/li>\n<li data-start=\"1925\" data-end=\"1961\">Cart\u00e3o r\u00edgido que se sente bem ao segurar.<\/li>\n<li data-start=\"1964\" data-end=\"2005\">Embalagem de <strong>50<\/strong> unidades econ\u00f3mica e f\u00e1cil de gerir.<\/li>\n<li data-start=\"2008\" data-end=\"2062\">Ideal para escrit\u00f3rios, caf\u00e9s, eventos e catering.<\/li>\n<\/ul>\n<p>&nbsp;<\/p>\n<p><!--more--><\/p>\n<h4>Outras informa\u00e7\u00f5es :<\/h4>\n<ul>\n<li><strong>Embalagem<\/strong>: Pacote de 50<\/li>\n<li><strong>Volume<\/strong>: 50 cl \/ 59 cl<\/li>\n<li><strong>Di\u00e2metro do fundo<\/strong>: 59 mm<\/li>\n<li><strong>Di\u00e2metro superior<\/strong>: 90 mm<\/li>\n<li><strong>Altura<\/strong>: 150 mm<\/li>\n<li><strong>Cor<\/strong>: Branco<\/li>\n<li><strong>Material<\/strong>: Cart\u00e3o + pel\u00edcula PE<\/li>\n<\/ul>\n<p>&nbsp;<\/p>\n<p><!--more--><\/p>\n<p>Este copo de papel branco tamb\u00e9m est\u00e1 dispon\u00edvel em 30 \/ 35 cl : <span style=\"color: #d12727;\"><a style=\"color: #d12727;\" href=\"https:\/\/www.csj-emballages.com\/es\/produit\/50-jarras-de-cerveza-de-carton-blanco-30-35-cl\/\">3712GEB<\/a><\/span><\/p>\n<p>&nbsp;<\/p>\n<p><!--more--><\/p>\n<p><a href=\"https:\/\/www.csj-emballages.com\/pt-pt\/categorie-produit\/embalagem-de-alimentos\/restauracao\/chavenas-copos-baldes-garrafas\/copos-de-cartao\/copos-brancos\/\">Ver o resto da nossa gama de copos de papel<\/a><\/p>\n","protected":false},"excerpt":{"rendered":"<p>Copo de cart\u00e3o Descubra o nosso copo de papel branco de 50 cl \/ 59 cl em embalagens de 50<\/p>\n","protected":false},"featured_media":190852,"template":"","meta":{"_acf_changed":false},"product_brand":[],"product_cat":[1141,1138,1471,9242,9243,1152],"product_tag":[],"class_list":{"0":"post-18977","1":"product","2":"type-product","3":"status-publish","4":"has-post-thumbnail","6":"product_cat-embalagem-de-alimentos","7":"product_cat-restauracao","8":"product_cat-chavenas-copos-baldes-garrafas","9":"product_cat-copos-de-cartao","10":"product_cat-copos-brancos","11":"product_cat-gama-biologica","13":"first","14":"instock","15":"taxable","16":"shipping-taxable","17":"purchasable","18":"product-type-simple"},"acf":[],"yoast_head":"<!-- This site is optimized with the Yoast SEO Premium plugin v26.6 (Yoast SEO v26.6) - https:\/\/yoast.com\/wordpress\/plugins\/seo\/ -->\n<title>Copo de cart\u00e3o branco 50 cl \/ 59 cl por 50<\/title>\n<meta name=\"description\" content=\"Copo de papel branco 50\/59 cl, resistente e vers\u00e1til, vendido em embalagens de 50 unidades. Perfeito para bebidas quentes ou frias, design neutro e f\u00e1cil de personalizar.\" \/>\n<meta name=\"robots\" content=\"index, follow, max-snippet:-1, max-image-preview:large, max-video-preview:-1\" \/>\n<link rel=\"canonical\" href=\"https:\/\/www.csj-emballages.com\/pt-pt\/produit\/50-copos-de-cerveja-brancos-descartaveis-50-cl-59-cl\/\" \/>\n<meta property=\"og:locale\" content=\"pt_PT\" \/>\n<meta property=\"og:type\" content=\"article\" \/>\n<meta property=\"og:title\" content=\"Copo de papel branco 50 cl \/ 59 cl por 50\" \/>\n<meta property=\"og:description\" content=\"Copo de papel branco 50\/59 cl, resistente e vers\u00e1til, vendido em embalagens de 50 unidades. Perfeito para bebidas quentes ou frias, design neutro e f\u00e1cil de personalizar.\" \/>\n<meta property=\"og:url\" content=\"https:\/\/www.csj-emballages.com\/pt-pt\/produit\/50-copos-de-cerveja-brancos-descartaveis-50-cl-59-cl\/\" \/>\n<meta property=\"og:site_name\" content=\"CSJ Emballages\" \/>\n<meta property=\"article:publisher\" content=\"https:\/\/www.facebook.com\/csjemballages\" \/>\n<meta property=\"article:modified_time\" content=\"2026-04-11T00:10:55+00:00\" \/>\n<meta property=\"og:image\" content=\"https:\/\/www.csj-emballages.com\/wp-content\/uploads\/2024\/03\/3720GEB.webp\" \/>\n\t<meta property=\"og:image:width\" content=\"806\" \/>\n\t<meta property=\"og:image:height\" content=\"806\" \/>\n\t<meta property=\"og:image:type\" content=\"image\/webp\" \/>\n<meta name=\"twitter:card\" content=\"summary_large_image\" \/>\n<meta name=\"twitter:label1\" content=\"Tempo estimado de leitura\" \/>\n\t<meta name=\"twitter:data1\" content=\"2 minutos\" \/>\n<script type=\"application\/ld+json\" class=\"yoast-schema-graph\">{\"@context\":\"https:\/\/schema.org\",\"@graph\":[{\"@type\":\"WebPage\",\"@id\":\"https:\/\/www.csj-emballages.com\/pt-pt\/produit\/50-copos-de-cerveja-brancos-descartaveis-50-cl-59-cl\/\",\"url\":\"https:\/\/www.csj-emballages.com\/pt-pt\/produit\/50-copos-de-cerveja-brancos-descartaveis-50-cl-59-cl\/\",\"name\":\"Copo de cart\u00e3o branco 50 cl \/ 59 cl por 50\",\"isPartOf\":{\"@id\":\"https:\/\/www.csj-emballages.com\/pt-pt\/#website\"},\"primaryImageOfPage\":{\"@id\":\"https:\/\/www.csj-emballages.com\/pt-pt\/produit\/50-copos-de-cerveja-brancos-descartaveis-50-cl-59-cl\/#primaryimage\"},\"image\":{\"@id\":\"https:\/\/www.csj-emballages.com\/pt-pt\/produit\/50-copos-de-cerveja-brancos-descartaveis-50-cl-59-cl\/#primaryimage\"},\"thumbnailUrl\":\"https:\/\/www.csj-emballages.com\/wp-content\/uploads\/2024\/03\/3720GEB.webp\",\"datePublished\":\"2024-03-01T15:59:07+00:00\",\"dateModified\":\"2026-04-11T00:10:55+00:00\",\"description\":\"Copo de papel branco 50\/59 cl, resistente e vers\u00e1til, vendido em embalagens de 50 unidades. Perfeito para bebidas quentes ou frias, design neutro e f\u00e1cil de personalizar.\",\"breadcrumb\":{\"@id\":\"https:\/\/www.csj-emballages.com\/pt-pt\/produit\/50-copos-de-cerveja-brancos-descartaveis-50-cl-59-cl\/#breadcrumb\"},\"inLanguage\":\"pt-PT\",\"potentialAction\":[{\"@type\":\"ReadAction\",\"target\":[\"https:\/\/www.csj-emballages.com\/pt-pt\/produit\/50-copos-de-cerveja-brancos-descartaveis-50-cl-59-cl\/\"]}]},{\"@type\":\"ImageObject\",\"inLanguage\":\"pt-PT\",\"@id\":\"https:\/\/www.csj-emballages.com\/pt-pt\/produit\/50-copos-de-cerveja-brancos-descartaveis-50-cl-59-cl\/#primaryimage\",\"url\":\"https:\/\/www.csj-emballages.com\/wp-content\/uploads\/2024\/03\/3720GEB.webp\",\"contentUrl\":\"https:\/\/www.csj-emballages.com\/wp-content\/uploads\/2024\/03\/3720GEB.webp\",\"width\":806,\"height\":806,\"caption\":\"Gobelet Carton\"},{\"@type\":\"BreadcrumbList\",\"@id\":\"https:\/\/www.csj-emballages.com\/pt-pt\/produit\/50-copos-de-cerveja-brancos-descartaveis-50-cl-59-cl\/#breadcrumb\",\"itemListElement\":[{\"@type\":\"ListItem\",\"position\":1,\"name\":\"Acolhimento\",\"item\":\"https:\/\/www.csj-emballages.com\/pt-pt\/universo-das-embalagens-alimentares\/\"},{\"@type\":\"ListItem\",\"position\":2,\"name\":\"Shop\",\"item\":\"https:\/\/www.csj-emballages.com\/shop\/\"},{\"@type\":\"ListItem\",\"position\":3,\"name\":\"Copo de papel branco 50 cl \/ 59 cl por 50\"}]},{\"@type\":\"WebSite\",\"@id\":\"https:\/\/www.csj-emballages.com\/pt-pt\/#website\",\"url\":\"https:\/\/www.csj-emballages.com\/pt-pt\/\",\"name\":\"CSJ Emballages\",\"description\":\"\",\"publisher\":{\"@id\":\"https:\/\/www.csj-emballages.com\/pt-pt\/#organization\"},\"potentialAction\":[{\"@type\":\"SearchAction\",\"target\":{\"@type\":\"EntryPoint\",\"urlTemplate\":\"https:\/\/www.csj-emballages.com\/pt-pt\/?s={search_term_string}\"},\"query-input\":{\"@type\":\"PropertyValueSpecification\",\"valueRequired\":true,\"valueName\":\"search_term_string\"}}],\"inLanguage\":\"pt-PT\"},{\"@type\":\"Organization\",\"@id\":\"https:\/\/www.csj-emballages.com\/pt-pt\/#Organization\/\",\"name\":\"CSJ Emballages\",\"url\":\"https:\/\/www.csj-emballages.com\/pt-pt\/\",\"logo\":{\"@type\":\"ImageObject\",\"inLanguage\":\"pt-PT\",\"@id\":\"https:\/\/www.csj-emballages.com\/pt-pt\/#\/schema\/logo\/image\/\",\"url\":\"https:\/\/www.csj-emballages.com\/wp-content\/uploads\/2023\/10\/logo_csj.webp\",\"contentUrl\":\"https:\/\/www.csj-emballages.com\/wp-content\/uploads\/2023\/10\/logo_csj.webp\",\"width\":250,\"height\":95,\"caption\":\"CSJ Emballages\"},\"image\":{\"@id\":\"https:\/\/www.csj-emballages.com\/pt-pt\/#\/schema\/logo\/image\/\"},\"sameAs\":[\"https:\/\/www.facebook.com\/csjemballages\"],\"address\":{\"@type\":\"PostalAddress\",\"streetAddress\":\"ZI La Lechere\",\"addressLocality\":\"Patornay\",\"postalCode\":\"39130\",\"addressCountry\":\"FR\"},\"contactPoint\":[{\"@type\":\"ContactPoint\",\"contactType\":\"Service client\",\"telephone\":\"0384254272\",\"email\":\"contact@csj-emballages.com\"}]}]}<\/script>\n<!-- \/ Yoast SEO Premium plugin. -->","yoast_head_json":{"title":"Copo de cart\u00e3o branco 50 cl \/ 59 cl por 50","description":"Copo de papel branco 50\/59 cl, resistente e vers\u00e1til, vendido em embalagens de 50 unidades. Perfeito para bebidas quentes ou frias, design neutro e f\u00e1cil de personalizar.","robots":{"index":"index","follow":"follow","max-snippet":"max-snippet:-1","max-image-preview":"max-image-preview:large","max-video-preview":"max-video-preview:-1"},"canonical":"https:\/\/www.csj-emballages.com\/pt-pt\/produit\/50-copos-de-cerveja-brancos-descartaveis-50-cl-59-cl\/","og_locale":"pt_PT","og_type":"article","og_title":"Copo de papel branco 50 cl \/ 59 cl por 50","og_description":"Copo de papel branco 50\/59 cl, resistente e vers\u00e1til, vendido em embalagens de 50 unidades. Perfeito para bebidas quentes ou frias, design neutro e f\u00e1cil de personalizar.","og_url":"https:\/\/www.csj-emballages.com\/pt-pt\/produit\/50-copos-de-cerveja-brancos-descartaveis-50-cl-59-cl\/","og_site_name":"CSJ Emballages","article_publisher":"https:\/\/www.facebook.com\/csjemballages","article_modified_time":"2026-04-11T00:10:55+00:00","og_image":[{"width":806,"height":806,"url":"https:\/\/www.csj-emballages.com\/wp-content\/uploads\/2024\/03\/3720GEB.webp","type":"image\/webp"}],"twitter_card":"summary_large_image","twitter_misc":{"Tempo estimado de leitura":"2 minutos"},"schema":{"@context":"https:\/\/schema.org","@graph":[{"@type":"WebPage","@id":"https:\/\/www.csj-emballages.com\/pt-pt\/produit\/50-copos-de-cerveja-brancos-descartaveis-50-cl-59-cl\/","url":"https:\/\/www.csj-emballages.com\/pt-pt\/produit\/50-copos-de-cerveja-brancos-descartaveis-50-cl-59-cl\/","name":"Copo de cart\u00e3o branco 50 cl \/ 59 cl por 50","isPartOf":{"@id":"https:\/\/www.csj-emballages.com\/pt-pt\/#website"},"primaryImageOfPage":{"@id":"https:\/\/www.csj-emballages.com\/pt-pt\/produit\/50-copos-de-cerveja-brancos-descartaveis-50-cl-59-cl\/#primaryimage"},"image":{"@id":"https:\/\/www.csj-emballages.com\/pt-pt\/produit\/50-copos-de-cerveja-brancos-descartaveis-50-cl-59-cl\/#primaryimage"},"thumbnailUrl":"https:\/\/www.csj-emballages.com\/wp-content\/uploads\/2024\/03\/3720GEB.webp","datePublished":"2024-03-01T15:59:07+00:00","dateModified":"2026-04-11T00:10:55+00:00","description":"Copo de papel branco 50\/59 cl, resistente e vers\u00e1til, vendido em embalagens de 50 unidades. Perfeito para bebidas quentes ou frias, design neutro e f\u00e1cil de personalizar.","breadcrumb":{"@id":"https:\/\/www.csj-emballages.com\/pt-pt\/produit\/50-copos-de-cerveja-brancos-descartaveis-50-cl-59-cl\/#breadcrumb"},"inLanguage":"pt-PT","potentialAction":[{"@type":"ReadAction","target":["https:\/\/www.csj-emballages.com\/pt-pt\/produit\/50-copos-de-cerveja-brancos-descartaveis-50-cl-59-cl\/"]}]},{"@type":"ImageObject","inLanguage":"pt-PT","@id":"https:\/\/www.csj-emballages.com\/pt-pt\/produit\/50-copos-de-cerveja-brancos-descartaveis-50-cl-59-cl\/#primaryimage","url":"https:\/\/www.csj-emballages.com\/wp-content\/uploads\/2024\/03\/3720GEB.webp","contentUrl":"https:\/\/www.csj-emballages.com\/wp-content\/uploads\/2024\/03\/3720GEB.webp","width":806,"height":806,"caption":"Gobelet Carton"},{"@type":"BreadcrumbList","@id":"https:\/\/www.csj-emballages.com\/pt-pt\/produit\/50-copos-de-cerveja-brancos-descartaveis-50-cl-59-cl\/#breadcrumb","itemListElement":[{"@type":"ListItem","position":1,"name":"Acolhimento","item":"https:\/\/www.csj-emballages.com\/pt-pt\/universo-das-embalagens-alimentares\/"},{"@type":"ListItem","position":2,"name":"Shop","item":"https:\/\/www.csj-emballages.com\/shop\/"},{"@type":"ListItem","position":3,"name":"Copo de papel branco 50 cl \/ 59 cl por 50"}]},{"@type":"WebSite","@id":"https:\/\/www.csj-emballages.com\/pt-pt\/#website","url":"https:\/\/www.csj-emballages.com\/pt-pt\/","name":"CSJ Emballages","description":"","publisher":{"@id":"https:\/\/www.csj-emballages.com\/pt-pt\/#organization"},"potentialAction":[{"@type":"SearchAction","target":{"@type":"EntryPoint","urlTemplate":"https:\/\/www.csj-emballages.com\/pt-pt\/?s={search_term_string}"},"query-input":{"@type":"PropertyValueSpecification","valueRequired":true,"valueName":"search_term_string"}}],"inLanguage":"pt-PT"},{"@type":"Organization","@id":"https:\/\/www.csj-emballages.com\/pt-pt\/#Organization\/","name":"CSJ Emballages","url":"https:\/\/www.csj-emballages.com\/pt-pt\/","logo":{"@type":"ImageObject","inLanguage":"pt-PT","@id":"https:\/\/www.csj-emballages.com\/pt-pt\/#\/schema\/logo\/image\/","url":"https:\/\/www.csj-emballages.com\/wp-content\/uploads\/2023\/10\/logo_csj.webp","contentUrl":"https:\/\/www.csj-emballages.com\/wp-content\/uploads\/2023\/10\/logo_csj.webp","width":250,"height":95,"caption":"CSJ Emballages"},"image":{"@id":"https:\/\/www.csj-emballages.com\/pt-pt\/#\/schema\/logo\/image\/"},"sameAs":["https:\/\/www.facebook.com\/csjemballages"],"address":{"@type":"PostalAddress","streetAddress":"ZI La Lechere","addressLocality":"Patornay","postalCode":"39130","addressCountry":"FR"},"contactPoint":[{"@type":"ContactPoint","contactType":"Service client","telephone":"0384254272","email":"contact@csj-emballages.com"}]}]}},"df_price":4.34,"df_sale_price":"","df_regular_price":4.34,"df_image_link":"https:\/\/www.csj-emballages.com\/wp-content\/uploads\/2024\/03\/3720GEB-300x300.webp","tiered_pricing_type":"fixed","tiered_pricing_fixed_rules":[],"tiered_pricing_percentage_rules":[],"tiered_pricing_minimum":1,"tiered_pricing_roles_data":[],"_links":{"self":[{"href":"https:\/\/www.csj-emballages.com\/pt-pt\/wp-json\/wp\/v2\/product\/18977","targetHints":{"allow":["GET"]}}],"collection":[{"href":"https:\/\/www.csj-emballages.com\/pt-pt\/wp-json\/wp\/v2\/product"}],"about":[{"href":"https:\/\/www.csj-emballages.com\/pt-pt\/wp-json\/wp\/v2\/types\/product"}],"wp:featuredmedia":[{"embeddable":true,"href":"https:\/\/www.csj-emballages.com\/pt-pt\/wp-json\/wp\/v2\/media\/190852"}],"wp:attachment":[{"href":"https:\/\/www.csj-emballages.com\/pt-pt\/wp-json\/wp\/v2\/media?parent=18977"}],"wp:term":[{"taxonomy":"product_brand","embeddable":true,"href":"https:\/\/www.csj-emballages.com\/pt-pt\/wp-json\/wp\/v2\/product_brand?post=18977"},{"taxonomy":"product_cat","embeddable":true,"href":"https:\/\/www.csj-emballages.com\/pt-pt\/wp-json\/wp\/v2\/product_cat?post=18977"},{"taxonomy":"product_tag","embeddable":true,"href":"https:\/\/www.csj-emballages.com\/pt-pt\/wp-json\/wp\/v2\/product_tag?post=18977"}],"curies":[{"name":"wp","href":"https:\/\/api.w.org\/{rel}","templated":true}]}}