{"id":18966,"date":"2024-03-01T16:57:46","date_gmt":"2024-03-01T15:57:46","guid":{"rendered":"https:\/\/u15jnbdpoq.preview.infomaniak.website\/produit\/50-copos-de-cartao-para-bebedouros-de-agua-175-cl\/"},"modified":"2026-03-26T02:11:01","modified_gmt":"2026-03-26T01:11:01","slug":"50-copos-de-cartao-para-bebedouros-de-agua-175-cl","status":"publish","type":"product","link":"https:\/\/www.csj-emballages.com\/pt-pt\/produit\/50-copos-de-cartao-para-bebedouros-de-agua-175-cl\/","title":{"rendered":"Copo de \u00e1gua em cart\u00e3o 17,5 cl por 50"},"content":{"rendered":"<h2>Copo de \u00e1gua<\/h2>\n<hr>\n<h3>Descubra o nosso copo de \u00e1gua em cart\u00e3o de 17,5 cl em embalagens de 50<\/h3>\n<p><!--more--><\/p>\n<p data-start=\"252\" data-end=\"645\">Este <strong data-start=\"255\" data-end=\"290\">copo de \u00e1gua de papel de 17,5 cl<\/strong> \u00e9 o companheiro ideal para todas as pequenas pausas para hidrata\u00e7\u00e3o, quer seja num escrit\u00f3rio, numa sala de espera, num evento ou perto de um bebedouro. O seu <strong>design elegante,<\/strong> ilustrado por uma <strong>onda azul clara<\/strong>, d\u00e1 uma sensa\u00e7\u00e3o imediata de frescura. S\u00f3 o aspeto visual j\u00e1 d\u00e1 vontade de se servir de um copo e continuar o seu dia.  <\/p>\n<p data-start=\"647\" data-end=\"942\">Leve mas fi\u00e1vel, cabe perfeitamente na sua m\u00e3o e n\u00e3o se dobra assim que a enche. Pode ser utilizado tanto para \u00e1gua fresca como para sumos leves, sem se preocupar com fugas. \u00c9 um <strong>copo simples<\/strong>, mas concebido para ser um prazer utiliz\u00e1-lo da primeira \u00e0 \u00faltima vez.  <\/p>\n<p data-start=\"944\" data-end=\"1319\">Vendido <strong data-start=\"963\" data-end=\"973\">em embalagens de 50 unidades<\/strong>, \u00e9 f\u00e1cil de integrar num ambiente empresarial ou numa \u00e1rea de grande tr\u00e1fego sem ocupar muito espa\u00e7o. Ter\u00e1 sempre uma reserva \u00e0 m\u00e3o, evitando grandes stocks que ocupam demasiado espa\u00e7o. Este formato \u00e9 particularmente pr\u00e1tico para as empresas, as colectividades locais, os consult\u00f3rios m\u00e9dicos ou mesmo os organizadores de eventos.  <\/p>\n<p data-start=\"1321\" data-end=\"1622\">Este <strong>copo de \u00e1gua<\/strong> \u00e9 eficiente: limpo, higi\u00e9nico, r\u00e1pido de dispensar e imediatamente recicl\u00e1vel atrav\u00e9s dos seus canais locais. Permite-lhe oferecer um servi\u00e7o de \u00e1gua claro, limpo e descomplicado, ao mesmo tempo que proporciona um efeito visual mais atrativo do que os copos brancos tradicionais. <\/p>\n<p data-start=\"1321\" data-end=\"1622\">\n<p data-start=\"1321\" data-end=\"1622\"><!--more--><\/p>\n<h4 data-start=\"1321\" data-end=\"1622\">Vantagens :<\/h4>\n<ul>\n<li data-start=\"1650\" data-end=\"1691\">Design refrescante com onda azul.<\/li>\n<li data-start=\"1694\" data-end=\"1745\">Capacidade de <strong>17,5 cl<\/strong>, ideal para frigor\u00edficos de \u00e1gua.<\/li>\n<li data-start=\"1748\" data-end=\"1782\">Cart\u00e3o s\u00f3lido, sem deforma\u00e7\u00f5es.<\/li>\n<li data-start=\"1785\" data-end=\"1813\">Embalagem pr\u00e1tica de <strong>50<\/strong>.<\/li>\n<li data-start=\"1816\" data-end=\"1876\">Ideal para escrit\u00f3rios, consult\u00f3rios, eventos e \u00e1reas de rece\u00e7\u00e3o.<\/li>\n<\/ul>\n<p>&nbsp;<\/p>\n<p><!--more--><\/p>\n<h4>Outras informa\u00e7\u00f5es :<\/h4>\n<ul>\n<li><strong>Embalagem<\/strong>: Pacote de 50<\/li>\n<li><strong>Volume<\/strong>: 175 ml (200 ml de descarga)<\/li>\n<li><strong>Di\u00e2metro do fundo<\/strong>: 45 mm<\/li>\n<li><strong>Di\u00e2metro superior<\/strong>: 70 mm<\/li>\n<li><strong>Altura<\/strong>: 82 mm<\/li>\n<li><strong>Cor<\/strong>: Branco \/ azul<\/li>\n<li><strong>Material<\/strong>: Cart\u00e3o + pel\u00edcula PE<\/li>\n<\/ul>\n<p>&nbsp;<\/p>\n<p><!--more--><\/p>\n<p><a href=\"https:\/\/www.csj-emballages.com\/pt-pt\/categorie-produit\/embalagem-de-alimentos\/restauracao\/chavenas-copos-baldes-garrafas\/copos-de-cartao\/copos-brancos\/\">Ver o resto da nossa gama de copos de papel<\/a><\/p>\n","protected":false},"excerpt":{"rendered":"<p>Copo de \u00e1gua Descubra o nosso copo de \u00e1gua em cart\u00e3o de 17,5 cl em embalagens de 50<\/p>\n","protected":false},"featured_media":190724,"template":"","meta":{"_acf_changed":false},"product_brand":[],"product_cat":[1141,1138,1471,9242,9243],"product_tag":[],"class_list":{"0":"post-18966","1":"product","2":"type-product","3":"status-publish","4":"has-post-thumbnail","6":"product_cat-embalagem-de-alimentos","7":"product_cat-restauracao","8":"product_cat-chavenas-copos-baldes-garrafas","9":"product_cat-copos-de-cartao","10":"product_cat-copos-brancos","12":"first","13":"instock","14":"taxable","15":"shipping-taxable","16":"purchasable","17":"product-type-simple"},"acf":[],"yoast_head":"<!-- This site is optimized with the Yoast SEO Premium plugin v26.6 (Yoast SEO v26.6) - https:\/\/yoast.com\/wordpress\/plugins\/seo\/ -->\n<title>Copo de \u00e1gua em cart\u00e3o 17,5 cl por 50<\/title>\n<meta name=\"description\" content=\"Copo de \u00e1gua de papel de 17,5 cl, desenho de onda azul, vendido em embalagens de 50. Pr\u00e1tico, resistente e perfeito para espa\u00e7os profissionais e refrigeradores de \u00e1gua.\" \/>\n<meta name=\"robots\" content=\"index, follow, max-snippet:-1, max-image-preview:large, max-video-preview:-1\" \/>\n<link rel=\"canonical\" href=\"https:\/\/www.csj-emballages.com\/pt-pt\/produit\/50-copos-de-cartao-para-bebedouros-de-agua-175-cl\/\" \/>\n<meta property=\"og:locale\" content=\"pt_PT\" \/>\n<meta property=\"og:type\" content=\"article\" \/>\n<meta property=\"og:title\" content=\"Copo de \u00e1gua em cart\u00e3o 17,5 cl por 50\" \/>\n<meta property=\"og:description\" content=\"Copo de \u00e1gua de papel de 17,5 cl, desenho de onda azul, vendido em embalagens de 50. Pr\u00e1tico, resistente e perfeito para espa\u00e7os profissionais e refrigeradores de \u00e1gua.\" \/>\n<meta property=\"og:url\" content=\"https:\/\/www.csj-emballages.com\/pt-pt\/produit\/50-copos-de-cartao-para-bebedouros-de-agua-175-cl\/\" \/>\n<meta property=\"og:site_name\" content=\"CSJ Emballages\" \/>\n<meta property=\"article:publisher\" content=\"https:\/\/www.facebook.com\/csjemballages\" \/>\n<meta property=\"article:modified_time\" content=\"2026-03-26T01:11:01+00:00\" \/>\n<meta property=\"og:image\" content=\"https:\/\/www.csj-emballages.com\/wp-content\/uploads\/2024\/03\/Gobeleteau.webp\" \/>\n\t<meta property=\"og:image:width\" content=\"806\" \/>\n\t<meta property=\"og:image:height\" content=\"806\" \/>\n\t<meta property=\"og:image:type\" content=\"image\/webp\" \/>\n<meta name=\"twitter:card\" content=\"summary_large_image\" \/>\n<meta name=\"twitter:label1\" content=\"Tempo estimado de leitura\" \/>\n\t<meta name=\"twitter:data1\" content=\"2 minutos\" \/>\n<script type=\"application\/ld+json\" class=\"yoast-schema-graph\">{\"@context\":\"https:\/\/schema.org\",\"@graph\":[{\"@type\":\"WebPage\",\"@id\":\"https:\/\/www.csj-emballages.com\/pt-pt\/produit\/50-copos-de-cartao-para-bebedouros-de-agua-175-cl\/\",\"url\":\"https:\/\/www.csj-emballages.com\/pt-pt\/produit\/50-copos-de-cartao-para-bebedouros-de-agua-175-cl\/\",\"name\":\"Copo de \u00e1gua em cart\u00e3o 17,5 cl por 50\",\"isPartOf\":{\"@id\":\"https:\/\/www.csj-emballages.com\/pt-pt\/#website\"},\"primaryImageOfPage\":{\"@id\":\"https:\/\/www.csj-emballages.com\/pt-pt\/produit\/50-copos-de-cartao-para-bebedouros-de-agua-175-cl\/#primaryimage\"},\"image\":{\"@id\":\"https:\/\/www.csj-emballages.com\/pt-pt\/produit\/50-copos-de-cartao-para-bebedouros-de-agua-175-cl\/#primaryimage\"},\"thumbnailUrl\":\"https:\/\/www.csj-emballages.com\/wp-content\/uploads\/2024\/03\/Gobeleteau.webp\",\"datePublished\":\"2024-03-01T15:57:46+00:00\",\"dateModified\":\"2026-03-26T01:11:01+00:00\",\"description\":\"Copo de \u00e1gua de papel de 17,5 cl, desenho de onda azul, vendido em embalagens de 50. Pr\u00e1tico, resistente e perfeito para espa\u00e7os profissionais e refrigeradores de \u00e1gua.\",\"breadcrumb\":{\"@id\":\"https:\/\/www.csj-emballages.com\/pt-pt\/produit\/50-copos-de-cartao-para-bebedouros-de-agua-175-cl\/#breadcrumb\"},\"inLanguage\":\"pt-PT\",\"potentialAction\":[{\"@type\":\"ReadAction\",\"target\":[\"https:\/\/www.csj-emballages.com\/pt-pt\/produit\/50-copos-de-cartao-para-bebedouros-de-agua-175-cl\/\"]}]},{\"@type\":\"ImageObject\",\"inLanguage\":\"pt-PT\",\"@id\":\"https:\/\/www.csj-emballages.com\/pt-pt\/produit\/50-copos-de-cartao-para-bebedouros-de-agua-175-cl\/#primaryimage\",\"url\":\"https:\/\/www.csj-emballages.com\/wp-content\/uploads\/2024\/03\/Gobeleteau.webp\",\"contentUrl\":\"https:\/\/www.csj-emballages.com\/wp-content\/uploads\/2024\/03\/Gobeleteau.webp\",\"width\":806,\"height\":806,\"caption\":\"Gobelet carton\"},{\"@type\":\"BreadcrumbList\",\"@id\":\"https:\/\/www.csj-emballages.com\/pt-pt\/produit\/50-copos-de-cartao-para-bebedouros-de-agua-175-cl\/#breadcrumb\",\"itemListElement\":[{\"@type\":\"ListItem\",\"position\":1,\"name\":\"Acolhimento\",\"item\":\"https:\/\/www.csj-emballages.com\/pt-pt\/universo-das-embalagens-alimentares\/\"},{\"@type\":\"ListItem\",\"position\":2,\"name\":\"Shop\",\"item\":\"https:\/\/www.csj-emballages.com\/shop\/\"},{\"@type\":\"ListItem\",\"position\":3,\"name\":\"Copo de \u00e1gua em cart\u00e3o 17,5 cl por 50\"}]},{\"@type\":\"WebSite\",\"@id\":\"https:\/\/www.csj-emballages.com\/pt-pt\/#website\",\"url\":\"https:\/\/www.csj-emballages.com\/pt-pt\/\",\"name\":\"CSJ Emballages\",\"description\":\"\",\"publisher\":{\"@id\":\"https:\/\/www.csj-emballages.com\/pt-pt\/#organization\"},\"potentialAction\":[{\"@type\":\"SearchAction\",\"target\":{\"@type\":\"EntryPoint\",\"urlTemplate\":\"https:\/\/www.csj-emballages.com\/pt-pt\/?s={search_term_string}\"},\"query-input\":{\"@type\":\"PropertyValueSpecification\",\"valueRequired\":true,\"valueName\":\"search_term_string\"}}],\"inLanguage\":\"pt-PT\"},{\"@type\":\"Organization\",\"@id\":\"https:\/\/www.csj-emballages.com\/pt-pt\/#Organization\/\",\"name\":\"CSJ Emballages\",\"url\":\"https:\/\/www.csj-emballages.com\/pt-pt\/\",\"logo\":{\"@type\":\"ImageObject\",\"inLanguage\":\"pt-PT\",\"@id\":\"https:\/\/www.csj-emballages.com\/pt-pt\/#\/schema\/logo\/image\/\",\"url\":\"https:\/\/www.csj-emballages.com\/wp-content\/uploads\/2023\/10\/logo_csj.webp\",\"contentUrl\":\"https:\/\/www.csj-emballages.com\/wp-content\/uploads\/2023\/10\/logo_csj.webp\",\"width\":250,\"height\":95,\"caption\":\"CSJ Emballages\"},\"image\":{\"@id\":\"https:\/\/www.csj-emballages.com\/pt-pt\/#\/schema\/logo\/image\/\"},\"sameAs\":[\"https:\/\/www.facebook.com\/csjemballages\"],\"address\":{\"@type\":\"PostalAddress\",\"streetAddress\":\"ZI La Lechere\",\"addressLocality\":\"Patornay\",\"postalCode\":\"39130\",\"addressCountry\":\"FR\"},\"contactPoint\":[{\"@type\":\"ContactPoint\",\"contactType\":\"Service client\",\"telephone\":\"0384254272\",\"email\":\"contact@csj-emballages.com\"}]}]}<\/script>\n<!-- \/ Yoast SEO Premium plugin. -->","yoast_head_json":{"title":"Copo de \u00e1gua em cart\u00e3o 17,5 cl por 50","description":"Copo de \u00e1gua de papel de 17,5 cl, desenho de onda azul, vendido em embalagens de 50. Pr\u00e1tico, resistente e perfeito para espa\u00e7os profissionais e refrigeradores de \u00e1gua.","robots":{"index":"index","follow":"follow","max-snippet":"max-snippet:-1","max-image-preview":"max-image-preview:large","max-video-preview":"max-video-preview:-1"},"canonical":"https:\/\/www.csj-emballages.com\/pt-pt\/produit\/50-copos-de-cartao-para-bebedouros-de-agua-175-cl\/","og_locale":"pt_PT","og_type":"article","og_title":"Copo de \u00e1gua em cart\u00e3o 17,5 cl por 50","og_description":"Copo de \u00e1gua de papel de 17,5 cl, desenho de onda azul, vendido em embalagens de 50. Pr\u00e1tico, resistente e perfeito para espa\u00e7os profissionais e refrigeradores de \u00e1gua.","og_url":"https:\/\/www.csj-emballages.com\/pt-pt\/produit\/50-copos-de-cartao-para-bebedouros-de-agua-175-cl\/","og_site_name":"CSJ Emballages","article_publisher":"https:\/\/www.facebook.com\/csjemballages","article_modified_time":"2026-03-26T01:11:01+00:00","og_image":[{"width":806,"height":806,"url":"https:\/\/www.csj-emballages.com\/wp-content\/uploads\/2024\/03\/Gobeleteau.webp","type":"image\/webp"}],"twitter_card":"summary_large_image","twitter_misc":{"Tempo estimado de leitura":"2 minutos"},"schema":{"@context":"https:\/\/schema.org","@graph":[{"@type":"WebPage","@id":"https:\/\/www.csj-emballages.com\/pt-pt\/produit\/50-copos-de-cartao-para-bebedouros-de-agua-175-cl\/","url":"https:\/\/www.csj-emballages.com\/pt-pt\/produit\/50-copos-de-cartao-para-bebedouros-de-agua-175-cl\/","name":"Copo de \u00e1gua em cart\u00e3o 17,5 cl por 50","isPartOf":{"@id":"https:\/\/www.csj-emballages.com\/pt-pt\/#website"},"primaryImageOfPage":{"@id":"https:\/\/www.csj-emballages.com\/pt-pt\/produit\/50-copos-de-cartao-para-bebedouros-de-agua-175-cl\/#primaryimage"},"image":{"@id":"https:\/\/www.csj-emballages.com\/pt-pt\/produit\/50-copos-de-cartao-para-bebedouros-de-agua-175-cl\/#primaryimage"},"thumbnailUrl":"https:\/\/www.csj-emballages.com\/wp-content\/uploads\/2024\/03\/Gobeleteau.webp","datePublished":"2024-03-01T15:57:46+00:00","dateModified":"2026-03-26T01:11:01+00:00","description":"Copo de \u00e1gua de papel de 17,5 cl, desenho de onda azul, vendido em embalagens de 50. Pr\u00e1tico, resistente e perfeito para espa\u00e7os profissionais e refrigeradores de \u00e1gua.","breadcrumb":{"@id":"https:\/\/www.csj-emballages.com\/pt-pt\/produit\/50-copos-de-cartao-para-bebedouros-de-agua-175-cl\/#breadcrumb"},"inLanguage":"pt-PT","potentialAction":[{"@type":"ReadAction","target":["https:\/\/www.csj-emballages.com\/pt-pt\/produit\/50-copos-de-cartao-para-bebedouros-de-agua-175-cl\/"]}]},{"@type":"ImageObject","inLanguage":"pt-PT","@id":"https:\/\/www.csj-emballages.com\/pt-pt\/produit\/50-copos-de-cartao-para-bebedouros-de-agua-175-cl\/#primaryimage","url":"https:\/\/www.csj-emballages.com\/wp-content\/uploads\/2024\/03\/Gobeleteau.webp","contentUrl":"https:\/\/www.csj-emballages.com\/wp-content\/uploads\/2024\/03\/Gobeleteau.webp","width":806,"height":806,"caption":"Gobelet carton"},{"@type":"BreadcrumbList","@id":"https:\/\/www.csj-emballages.com\/pt-pt\/produit\/50-copos-de-cartao-para-bebedouros-de-agua-175-cl\/#breadcrumb","itemListElement":[{"@type":"ListItem","position":1,"name":"Acolhimento","item":"https:\/\/www.csj-emballages.com\/pt-pt\/universo-das-embalagens-alimentares\/"},{"@type":"ListItem","position":2,"name":"Shop","item":"https:\/\/www.csj-emballages.com\/shop\/"},{"@type":"ListItem","position":3,"name":"Copo de \u00e1gua em cart\u00e3o 17,5 cl por 50"}]},{"@type":"WebSite","@id":"https:\/\/www.csj-emballages.com\/pt-pt\/#website","url":"https:\/\/www.csj-emballages.com\/pt-pt\/","name":"CSJ Emballages","description":"","publisher":{"@id":"https:\/\/www.csj-emballages.com\/pt-pt\/#organization"},"potentialAction":[{"@type":"SearchAction","target":{"@type":"EntryPoint","urlTemplate":"https:\/\/www.csj-emballages.com\/pt-pt\/?s={search_term_string}"},"query-input":{"@type":"PropertyValueSpecification","valueRequired":true,"valueName":"search_term_string"}}],"inLanguage":"pt-PT"},{"@type":"Organization","@id":"https:\/\/www.csj-emballages.com\/pt-pt\/#Organization\/","name":"CSJ Emballages","url":"https:\/\/www.csj-emballages.com\/pt-pt\/","logo":{"@type":"ImageObject","inLanguage":"pt-PT","@id":"https:\/\/www.csj-emballages.com\/pt-pt\/#\/schema\/logo\/image\/","url":"https:\/\/www.csj-emballages.com\/wp-content\/uploads\/2023\/10\/logo_csj.webp","contentUrl":"https:\/\/www.csj-emballages.com\/wp-content\/uploads\/2023\/10\/logo_csj.webp","width":250,"height":95,"caption":"CSJ Emballages"},"image":{"@id":"https:\/\/www.csj-emballages.com\/pt-pt\/#\/schema\/logo\/image\/"},"sameAs":["https:\/\/www.facebook.com\/csjemballages"],"address":{"@type":"PostalAddress","streetAddress":"ZI La Lechere","addressLocality":"Patornay","postalCode":"39130","addressCountry":"FR"},"contactPoint":[{"@type":"ContactPoint","contactType":"Service client","telephone":"0384254272","email":"contact@csj-emballages.com"}]}]}},"df_price":1.88,"df_sale_price":"","df_regular_price":1.88,"df_image_link":"https:\/\/www.csj-emballages.com\/wp-content\/uploads\/2024\/03\/Gobeleteau-300x300.webp","tiered_pricing_type":"fixed","tiered_pricing_fixed_rules":[],"tiered_pricing_percentage_rules":[],"tiered_pricing_minimum":1,"tiered_pricing_roles_data":[],"_links":{"self":[{"href":"https:\/\/www.csj-emballages.com\/pt-pt\/wp-json\/wp\/v2\/product\/18966","targetHints":{"allow":["GET"]}}],"collection":[{"href":"https:\/\/www.csj-emballages.com\/pt-pt\/wp-json\/wp\/v2\/product"}],"about":[{"href":"https:\/\/www.csj-emballages.com\/pt-pt\/wp-json\/wp\/v2\/types\/product"}],"wp:featuredmedia":[{"embeddable":true,"href":"https:\/\/www.csj-emballages.com\/pt-pt\/wp-json\/wp\/v2\/media\/190724"}],"wp:attachment":[{"href":"https:\/\/www.csj-emballages.com\/pt-pt\/wp-json\/wp\/v2\/media?parent=18966"}],"wp:term":[{"taxonomy":"product_brand","embeddable":true,"href":"https:\/\/www.csj-emballages.com\/pt-pt\/wp-json\/wp\/v2\/product_brand?post=18966"},{"taxonomy":"product_cat","embeddable":true,"href":"https:\/\/www.csj-emballages.com\/pt-pt\/wp-json\/wp\/v2\/product_cat?post=18966"},{"taxonomy":"product_tag","embeddable":true,"href":"https:\/\/www.csj-emballages.com\/pt-pt\/wp-json\/wp\/v2\/product_tag?post=18966"}],"curies":[{"name":"wp","href":"https:\/\/api.w.org\/{rel}","templated":true}]}}