{"id":18954,"date":"2024-03-01T16:57:47","date_gmt":"2024-03-01T15:57:47","guid":{"rendered":"https:\/\/u15jnbdpoq.preview.infomaniak.website\/produit\/50-copos-de-papel-impressos-de-10-cl\/"},"modified":"2026-05-04T14:00:30","modified_gmt":"2026-05-04T12:00:30","slug":"50-copos-de-papel-impressos-de-10-cl","status":"publish","type":"product","link":"https:\/\/www.csj-emballages.com\/pt-pt\/produit\/50-copos-de-papel-impressos-de-10-cl\/","title":{"rendered":"Copo de papel impresso 10 cl, 50"},"content":{"rendered":"<h2>Copo de cart\u00e3o<\/h2>\n<hr>\n<h3>Descri\u00e7\u00e3o do nosso copo de papel impresso 10 cl por 50<\/h3>\n<p><!--more--><\/p>\n<p data-start=\"218\" data-end=\"657\">Se procura um <strong>copo pequeno e<\/strong> pr\u00e1tico que seja divertido de utilizar todos os dias, este <strong data-start=\"301\" data-end=\"333\">copo de papel impresso de 10 cl<\/strong> \u00e9 exatamente o que precisa. Compacta, leve e bem decorada, \u00e9 perfeita para pausas r\u00e1pidas: um expresso antes de regressar ao trabalho, um caf\u00e9 servido num evento ou um pequeno ch\u00e1 para partilhar com os colegas. A sua capacidade \u00e9 ideal para todas as bebidas quentes curtas, sem desperd\u00edcios nem excessos.  <\/p>\n<p data-start=\"659\" data-end=\"1029\">O seu <strong>design impresso<\/strong>, com pequenas ilustra\u00e7\u00f5es<strong>de &#8220;pausa para o caf\u00e9<\/strong>&#8220;, d\u00e1 um toque caloroso que se distingue da cl\u00e1ssica ch\u00e1vena branca. Nada em excesso, apenas o suficiente para dar um aspeto fresco que se integra bem num escrit\u00f3rio, num stand ou numa sala de espera. Este pequeno pormenor visual cria um ambiente mais convivial, sem deixar de ser profissional.  <\/p>\n<p data-start=\"1031\" data-end=\"1475\">Do mesmo modo, o <strong>cart\u00e3o<\/strong> utilizado facilita a sua pega na m\u00e3o: sem paredes amolecidas, sem queimaduras desagrad\u00e1veis quando a bebida est\u00e1 quente. Pode agarr\u00e1-lo, caminhar com ele, at\u00e9 mesmo brindar com ele &#8211; mant\u00e9m-se s\u00f3lido at\u00e9 ao \u00faltimo gole. E porque sabemos que gosta de manter as coisas simples, estes copos s\u00e3o fornecidos <strong data-start=\"1366\" data-end=\"1376\">em embalagens de 50<\/strong>, para que possa gerir facilmente o consumo sem ter de ter demasiados em stock.  <\/p>\n<p data-start=\"1477\" data-end=\"1760\">Quer trabalhe em restaura\u00e7\u00e3o, eventos, escrit\u00f3rios ou \u00e1reas de rece\u00e7\u00e3o, este copo encontrar\u00e1 rapidamente o seu lugar. Facilita o servi\u00e7o, mant\u00e9m uma apresenta\u00e7\u00e3o limpa e ajuda-o a oferecer um momento agrad\u00e1vel aos seus clientes e funcion\u00e1rios. <\/p>\n<p><!--more--><\/p>\n<h4><strong>Vantagens :<\/strong><\/h4>\n<ul>\n<li data-start=\"1788\" data-end=\"1845\">Formato de <strong>10 cl<\/strong> perfeito para caf\u00e9 expresso e bebidas curtas.<\/li>\n<li data-start=\"1848\" data-end=\"1905\">Design impresso atrativo para um ambiente mais quente.<\/li>\n<li data-start=\"1908\" data-end=\"1943\">Cart\u00e3o resistente, confort\u00e1vel de segurar.<\/li>\n<li data-start=\"1946\" data-end=\"1976\">Embalagem pr\u00e1tica de <strong>50 ch\u00e1venas<\/strong>.<\/li>\n<li data-start=\"1979\" data-end=\"2027\">Ideal para escrit\u00f3rios, feiras, caf\u00e9s e eventos.<\/li>\n<\/ul>\n<p>&nbsp;<\/p>\n<p><!--more--><\/p>\n<h4>Outras informa\u00e7\u00f5es :<\/h4>\n<ul>\n<li><strong>Temperatura de funcionamento<\/strong>: -20\u00b0C \/ +100\u00b0C<\/li>\n<li>Cont\u00e9m pel\u00edcula PE no interior<\/li>\n<li><strong>Material<\/strong>: Cart\u00e3o<\/li>\n<li><strong>Volume<\/strong>: 10 cl<\/li>\n<li><strong>Di\u00e2metro do fundo<\/strong>: 45 mm<\/li>\n<li><strong>Di\u00e2metro superior<\/strong>: 60 mm<\/li>\n<li><strong>Altura<\/strong>: 65 mm<\/li>\n<li><strong>Embalagem <\/strong>: pacote de 50 ch\u00e1venas<\/li>\n<li><strong>Cor<\/strong>: bege cipolina<\/li>\n<\/ul>\n<p>&nbsp;<\/p>\n<p><!--more--><\/p>\n<p>Encontre aqui as tampas concebidas para estes copos : <span style=\"color: #d12727;\"><a style=\"color: #d12727;\" href=\"https:\/\/www.csj-emballages.com\/produit\/50-couvercles-papier-pour-gobelets-10-cl-374bla-374k\/\">C374P<\/a><\/span><\/p>\n<p>&nbsp;<\/p>\n<p><!--more--><\/p>\n<p>Dispon\u00edvel em diferentes tamanhos : <span style=\"color: #d12727;\"><a style=\"color: #d12727;\" href=\"https:\/\/www.csj-emballages.com\/produit\/50-gobelets-carton-imprimes-18-cl\/\">18 cl<\/a><\/span> \/ <span style=\"color: #d12727;\"><a style=\"color: #d12727;\" href=\"https:\/\/www.csj-emballages.com\/produit\/50-gobelets-carton-imprimes-24-cl\/\">24 cl<\/a><\/span><\/p>\n<p>&nbsp;<\/p>\n<p><!--more--><\/p>\n<p><a href=\"\/?product_cat=gobelets-gobelets-boissons-chaudes\">Ver o resto da nossa gama de copos de papel<\/a><\/p>\n","protected":false},"excerpt":{"rendered":"<p>Copo de cart\u00e3o Descri\u00e7\u00e3o do nosso copo de papel impresso 10 cl por 50<\/p>\n","protected":false},"featured_media":189299,"template":"","meta":{"_acf_changed":false},"product_brand":[],"product_cat":[1141,1138,1471,9242,9243],"product_tag":[],"class_list":{"0":"post-18954","1":"product","2":"type-product","3":"status-publish","4":"has-post-thumbnail","6":"product_cat-embalagem-de-alimentos","7":"product_cat-restauracao","8":"product_cat-chavenas-copos-baldes-garrafas","9":"product_cat-copos-de-cartao","10":"product_cat-copos-brancos","12":"first","13":"instock","14":"taxable","15":"shipping-taxable","16":"purchasable","17":"product-type-simple"},"acf":[],"yoast_head":"<!-- This site is optimized with the Yoast SEO Premium plugin v26.6 (Yoast SEO v26.6) - https:\/\/yoast.com\/wordpress\/plugins\/seo\/ -->\n<title>Copo de cart\u00e3o impresso - 10 cl<\/title>\n<meta name=\"description\" content=\"Descubra o nosso copo de papel impresso de 10cl para bebidas quentes! Oferecemos um pacote de 50 copos robustos e de alta qualidade.\" \/>\n<meta name=\"robots\" content=\"index, follow, max-snippet:-1, max-image-preview:large, max-video-preview:-1\" \/>\n<link rel=\"canonical\" href=\"https:\/\/www.csj-emballages.com\/pt-pt\/produit\/50-copos-de-papel-impressos-de-10-cl\/\" \/>\n<meta property=\"og:locale\" content=\"pt_PT\" \/>\n<meta property=\"og:type\" content=\"article\" \/>\n<meta property=\"og:title\" content=\"Copo de papel impresso 10 cl, 50\" \/>\n<meta property=\"og:description\" content=\"Descubra o nosso copo de papel impresso de 10cl para bebidas quentes! Oferecemos um pacote de 50 copos robustos e de alta qualidade.\" \/>\n<meta property=\"og:url\" content=\"https:\/\/www.csj-emballages.com\/pt-pt\/produit\/50-copos-de-papel-impressos-de-10-cl\/\" \/>\n<meta property=\"og:site_name\" content=\"CSJ Emballages\" \/>\n<meta property=\"article:publisher\" content=\"https:\/\/www.facebook.com\/csjemballages\" \/>\n<meta property=\"article:modified_time\" content=\"2026-05-04T12:00:30+00:00\" \/>\n<meta property=\"og:image\" content=\"https:\/\/www.csj-emballages.com\/wp-content\/uploads\/2024\/03\/374CS.webp\" \/>\n\t<meta property=\"og:image:width\" content=\"806\" \/>\n\t<meta property=\"og:image:height\" content=\"806\" \/>\n\t<meta property=\"og:image:type\" content=\"image\/webp\" \/>\n<meta name=\"twitter:card\" content=\"summary_large_image\" \/>\n<meta name=\"twitter:label1\" content=\"Tempo estimado de leitura\" \/>\n\t<meta name=\"twitter:data1\" content=\"2 minutos\" \/>\n<script type=\"application\/ld+json\" class=\"yoast-schema-graph\">{\"@context\":\"https:\/\/schema.org\",\"@graph\":[{\"@type\":\"WebPage\",\"@id\":\"https:\/\/www.csj-emballages.com\/pt-pt\/produit\/50-copos-de-papel-impressos-de-10-cl\/\",\"url\":\"https:\/\/www.csj-emballages.com\/pt-pt\/produit\/50-copos-de-papel-impressos-de-10-cl\/\",\"name\":\"Copo de cart\u00e3o impresso - 10 cl\",\"isPartOf\":{\"@id\":\"https:\/\/www.csj-emballages.com\/pt-pt\/#website\"},\"primaryImageOfPage\":{\"@id\":\"https:\/\/www.csj-emballages.com\/pt-pt\/produit\/50-copos-de-papel-impressos-de-10-cl\/#primaryimage\"},\"image\":{\"@id\":\"https:\/\/www.csj-emballages.com\/pt-pt\/produit\/50-copos-de-papel-impressos-de-10-cl\/#primaryimage\"},\"thumbnailUrl\":\"https:\/\/www.csj-emballages.com\/wp-content\/uploads\/2024\/03\/374CS.webp\",\"datePublished\":\"2024-03-01T15:57:47+00:00\",\"dateModified\":\"2026-05-04T12:00:30+00:00\",\"description\":\"Descubra o nosso copo de papel impresso de 10cl para bebidas quentes! Oferecemos um pacote de 50 copos robustos e de alta qualidade.\",\"breadcrumb\":{\"@id\":\"https:\/\/www.csj-emballages.com\/pt-pt\/produit\/50-copos-de-papel-impressos-de-10-cl\/#breadcrumb\"},\"inLanguage\":\"pt-PT\",\"potentialAction\":[{\"@type\":\"ReadAction\",\"target\":[\"https:\/\/www.csj-emballages.com\/pt-pt\/produit\/50-copos-de-papel-impressos-de-10-cl\/\"]}]},{\"@type\":\"ImageObject\",\"inLanguage\":\"pt-PT\",\"@id\":\"https:\/\/www.csj-emballages.com\/pt-pt\/produit\/50-copos-de-papel-impressos-de-10-cl\/#primaryimage\",\"url\":\"https:\/\/www.csj-emballages.com\/wp-content\/uploads\/2024\/03\/374CS.webp\",\"contentUrl\":\"https:\/\/www.csj-emballages.com\/wp-content\/uploads\/2024\/03\/374CS.webp\",\"width\":806,\"height\":806,\"caption\":\"gobelet carton\"},{\"@type\":\"BreadcrumbList\",\"@id\":\"https:\/\/www.csj-emballages.com\/pt-pt\/produit\/50-copos-de-papel-impressos-de-10-cl\/#breadcrumb\",\"itemListElement\":[{\"@type\":\"ListItem\",\"position\":1,\"name\":\"Acolhimento\",\"item\":\"https:\/\/www.csj-emballages.com\/pt-pt\/universo-das-embalagens-alimentares\/\"},{\"@type\":\"ListItem\",\"position\":2,\"name\":\"Shop\",\"item\":\"https:\/\/www.csj-emballages.com\/shop\/\"},{\"@type\":\"ListItem\",\"position\":3,\"name\":\"Copo de papel impresso 10 cl, 50\"}]},{\"@type\":\"WebSite\",\"@id\":\"https:\/\/www.csj-emballages.com\/pt-pt\/#website\",\"url\":\"https:\/\/www.csj-emballages.com\/pt-pt\/\",\"name\":\"CSJ Emballages\",\"description\":\"\",\"publisher\":{\"@id\":\"https:\/\/www.csj-emballages.com\/pt-pt\/#organization\"},\"potentialAction\":[{\"@type\":\"SearchAction\",\"target\":{\"@type\":\"EntryPoint\",\"urlTemplate\":\"https:\/\/www.csj-emballages.com\/pt-pt\/?s={search_term_string}\"},\"query-input\":{\"@type\":\"PropertyValueSpecification\",\"valueRequired\":true,\"valueName\":\"search_term_string\"}}],\"inLanguage\":\"pt-PT\"},{\"@type\":\"Organization\",\"@id\":\"https:\/\/www.csj-emballages.com\/pt-pt\/#Organization\/\",\"name\":\"CSJ Emballages\",\"url\":\"https:\/\/www.csj-emballages.com\/pt-pt\/\",\"logo\":{\"@type\":\"ImageObject\",\"inLanguage\":\"pt-PT\",\"@id\":\"https:\/\/www.csj-emballages.com\/pt-pt\/#\/schema\/logo\/image\/\",\"url\":\"https:\/\/www.csj-emballages.com\/wp-content\/uploads\/2023\/10\/logo_csj.webp\",\"contentUrl\":\"https:\/\/www.csj-emballages.com\/wp-content\/uploads\/2023\/10\/logo_csj.webp\",\"width\":250,\"height\":95,\"caption\":\"CSJ Emballages\"},\"image\":{\"@id\":\"https:\/\/www.csj-emballages.com\/pt-pt\/#\/schema\/logo\/image\/\"},\"sameAs\":[\"https:\/\/www.facebook.com\/csjemballages\"],\"address\":{\"@type\":\"PostalAddress\",\"streetAddress\":\"ZI La Lechere\",\"addressLocality\":\"Patornay\",\"postalCode\":\"39130\",\"addressCountry\":\"FR\"},\"contactPoint\":[{\"@type\":\"ContactPoint\",\"contactType\":\"Service client\",\"telephone\":\"0384254272\",\"email\":\"contact@csj-emballages.com\"}]}]}<\/script>\n<!-- \/ Yoast SEO Premium plugin. -->","yoast_head_json":{"title":"Copo de cart\u00e3o impresso - 10 cl","description":"Descubra o nosso copo de papel impresso de 10cl para bebidas quentes! Oferecemos um pacote de 50 copos robustos e de alta qualidade.","robots":{"index":"index","follow":"follow","max-snippet":"max-snippet:-1","max-image-preview":"max-image-preview:large","max-video-preview":"max-video-preview:-1"},"canonical":"https:\/\/www.csj-emballages.com\/pt-pt\/produit\/50-copos-de-papel-impressos-de-10-cl\/","og_locale":"pt_PT","og_type":"article","og_title":"Copo de papel impresso 10 cl, 50","og_description":"Descubra o nosso copo de papel impresso de 10cl para bebidas quentes! Oferecemos um pacote de 50 copos robustos e de alta qualidade.","og_url":"https:\/\/www.csj-emballages.com\/pt-pt\/produit\/50-copos-de-papel-impressos-de-10-cl\/","og_site_name":"CSJ Emballages","article_publisher":"https:\/\/www.facebook.com\/csjemballages","article_modified_time":"2026-05-04T12:00:30+00:00","og_image":[{"width":806,"height":806,"url":"https:\/\/www.csj-emballages.com\/wp-content\/uploads\/2024\/03\/374CS.webp","type":"image\/webp"}],"twitter_card":"summary_large_image","twitter_misc":{"Tempo estimado de leitura":"2 minutos"},"schema":{"@context":"https:\/\/schema.org","@graph":[{"@type":"WebPage","@id":"https:\/\/www.csj-emballages.com\/pt-pt\/produit\/50-copos-de-papel-impressos-de-10-cl\/","url":"https:\/\/www.csj-emballages.com\/pt-pt\/produit\/50-copos-de-papel-impressos-de-10-cl\/","name":"Copo de cart\u00e3o impresso - 10 cl","isPartOf":{"@id":"https:\/\/www.csj-emballages.com\/pt-pt\/#website"},"primaryImageOfPage":{"@id":"https:\/\/www.csj-emballages.com\/pt-pt\/produit\/50-copos-de-papel-impressos-de-10-cl\/#primaryimage"},"image":{"@id":"https:\/\/www.csj-emballages.com\/pt-pt\/produit\/50-copos-de-papel-impressos-de-10-cl\/#primaryimage"},"thumbnailUrl":"https:\/\/www.csj-emballages.com\/wp-content\/uploads\/2024\/03\/374CS.webp","datePublished":"2024-03-01T15:57:47+00:00","dateModified":"2026-05-04T12:00:30+00:00","description":"Descubra o nosso copo de papel impresso de 10cl para bebidas quentes! Oferecemos um pacote de 50 copos robustos e de alta qualidade.","breadcrumb":{"@id":"https:\/\/www.csj-emballages.com\/pt-pt\/produit\/50-copos-de-papel-impressos-de-10-cl\/#breadcrumb"},"inLanguage":"pt-PT","potentialAction":[{"@type":"ReadAction","target":["https:\/\/www.csj-emballages.com\/pt-pt\/produit\/50-copos-de-papel-impressos-de-10-cl\/"]}]},{"@type":"ImageObject","inLanguage":"pt-PT","@id":"https:\/\/www.csj-emballages.com\/pt-pt\/produit\/50-copos-de-papel-impressos-de-10-cl\/#primaryimage","url":"https:\/\/www.csj-emballages.com\/wp-content\/uploads\/2024\/03\/374CS.webp","contentUrl":"https:\/\/www.csj-emballages.com\/wp-content\/uploads\/2024\/03\/374CS.webp","width":806,"height":806,"caption":"gobelet carton"},{"@type":"BreadcrumbList","@id":"https:\/\/www.csj-emballages.com\/pt-pt\/produit\/50-copos-de-papel-impressos-de-10-cl\/#breadcrumb","itemListElement":[{"@type":"ListItem","position":1,"name":"Acolhimento","item":"https:\/\/www.csj-emballages.com\/pt-pt\/universo-das-embalagens-alimentares\/"},{"@type":"ListItem","position":2,"name":"Shop","item":"https:\/\/www.csj-emballages.com\/shop\/"},{"@type":"ListItem","position":3,"name":"Copo de papel impresso 10 cl, 50"}]},{"@type":"WebSite","@id":"https:\/\/www.csj-emballages.com\/pt-pt\/#website","url":"https:\/\/www.csj-emballages.com\/pt-pt\/","name":"CSJ Emballages","description":"","publisher":{"@id":"https:\/\/www.csj-emballages.com\/pt-pt\/#organization"},"potentialAction":[{"@type":"SearchAction","target":{"@type":"EntryPoint","urlTemplate":"https:\/\/www.csj-emballages.com\/pt-pt\/?s={search_term_string}"},"query-input":{"@type":"PropertyValueSpecification","valueRequired":true,"valueName":"search_term_string"}}],"inLanguage":"pt-PT"},{"@type":"Organization","@id":"https:\/\/www.csj-emballages.com\/pt-pt\/#Organization\/","name":"CSJ Emballages","url":"https:\/\/www.csj-emballages.com\/pt-pt\/","logo":{"@type":"ImageObject","inLanguage":"pt-PT","@id":"https:\/\/www.csj-emballages.com\/pt-pt\/#\/schema\/logo\/image\/","url":"https:\/\/www.csj-emballages.com\/wp-content\/uploads\/2023\/10\/logo_csj.webp","contentUrl":"https:\/\/www.csj-emballages.com\/wp-content\/uploads\/2023\/10\/logo_csj.webp","width":250,"height":95,"caption":"CSJ Emballages"},"image":{"@id":"https:\/\/www.csj-emballages.com\/pt-pt\/#\/schema\/logo\/image\/"},"sameAs":["https:\/\/www.facebook.com\/csjemballages"],"address":{"@type":"PostalAddress","streetAddress":"ZI La Lechere","addressLocality":"Patornay","postalCode":"39130","addressCountry":"FR"},"contactPoint":[{"@type":"ContactPoint","contactType":"Service client","telephone":"0384254272","email":"contact@csj-emballages.com"}]}]}},"df_price":1.22,"df_sale_price":"","df_regular_price":1.22,"df_image_link":"https:\/\/www.csj-emballages.com\/wp-content\/uploads\/2024\/03\/374CS-300x300.webp","tiered_pricing_type":"fixed","tiered_pricing_fixed_rules":[],"tiered_pricing_percentage_rules":[],"tiered_pricing_minimum":1,"tiered_pricing_roles_data":[],"_links":{"self":[{"href":"https:\/\/www.csj-emballages.com\/pt-pt\/wp-json\/wp\/v2\/product\/18954","targetHints":{"allow":["GET"]}}],"collection":[{"href":"https:\/\/www.csj-emballages.com\/pt-pt\/wp-json\/wp\/v2\/product"}],"about":[{"href":"https:\/\/www.csj-emballages.com\/pt-pt\/wp-json\/wp\/v2\/types\/product"}],"wp:featuredmedia":[{"embeddable":true,"href":"https:\/\/www.csj-emballages.com\/pt-pt\/wp-json\/wp\/v2\/media\/189299"}],"wp:attachment":[{"href":"https:\/\/www.csj-emballages.com\/pt-pt\/wp-json\/wp\/v2\/media?parent=18954"}],"wp:term":[{"taxonomy":"product_brand","embeddable":true,"href":"https:\/\/www.csj-emballages.com\/pt-pt\/wp-json\/wp\/v2\/product_brand?post=18954"},{"taxonomy":"product_cat","embeddable":true,"href":"https:\/\/www.csj-emballages.com\/pt-pt\/wp-json\/wp\/v2\/product_cat?post=18954"},{"taxonomy":"product_tag","embeddable":true,"href":"https:\/\/www.csj-emballages.com\/pt-pt\/wp-json\/wp\/v2\/product_tag?post=18954"}],"curies":[{"name":"wp","href":"https:\/\/api.w.org\/{rel}","templated":true}]}}