{"id":18945,"date":"2024-03-01T16:59:10","date_gmt":"2024-03-01T15:59:10","guid":{"rendered":"https:\/\/u15jnbdpoq.preview.infomaniak.website\/produit\/vassoura-trapezoidal-de-aluminio-com-velcro-e-4-insercoes-de-fixacao-de-gaze-55-cm\/"},"modified":"2026-04-25T02:10:44","modified_gmt":"2026-04-25T00:10:44","slug":"vassoura-trapezoidal-de-aluminio-com-velcro-e-4-insercoes-de-fixacao-de-gaze-55-cm","status":"publish","type":"product","link":"https:\/\/www.csj-emballages.com\/pt-pt\/produit\/vassoura-trapezoidal-de-aluminio-com-velcro-e-4-insercoes-de-fixacao-de-gaze-55-cm\/","title":{"rendered":"Vassoura trapezoidal de alum\u00ednio com velcro e 4 inser\u00e7\u00f5es de fixa\u00e7\u00e3o de gaze 55 cm"},"content":{"rendered":"<h2>Vassoura de trap\u00e9zio<\/h2>\n<hr>\n<h3>Descri\u00e7\u00e3o da nossa vassoura trapezoidal de alum\u00ednio com velcro e 4 inser\u00e7\u00f5es de fixa\u00e7\u00e3o de gaze 55 cm<\/h3>\n<p><!--more--><\/p>\n<p>Descobre a <strong>vassoura trapezoidal de alum\u00ednio com velcro e 4 gazes<\/strong>, um utens\u00edlio de limpeza revolucion\u00e1rio e de alto desempenho. Em primeiro lugar, esta <strong>vassoura de 50 cm<\/strong> foi concebida para uma utiliza\u00e7\u00e3o quotidiana, garantindo uma limpeza impec\u00e1vel e sem esfor\u00e7o. Gra\u00e7as \u00e0 sua estrutura em alum\u00ednio, \u00e9 leve e f\u00e1cil de manobrar, tornando as tuas sess\u00f5es de limpeza mais agrad\u00e1veis. O sistema <strong>de velcro<\/strong> facilita a coloca\u00e7\u00e3o e a remo\u00e7\u00e3o da <span style=\"color: #d12727;\"><a style=\"color: #d12727;\" href=\"https:\/\/www.csj-emballages.com\/produit\/50-gazes-impregnees-roses-30-x-60-cm\/\"><strong>gaze<\/strong><\/a><\/span>poupando-te tempo precioso. Os <strong>4 encaixes de gaze<\/strong> garantem um ajuste perfeito, evitando que escorregues durante a limpeza. A sua forma trapezoidal facilita a entrada em cantos dif\u00edceis.     <\/p>\n<p>Ideal para pavimentos duros, desliza facilmente, removendo o p\u00f3 e a sujidade numa \u00fanica passagem. O cabo ergon\u00f3mico em alum\u00ednio garante uma ader\u00eancia confort\u00e1vel, reduzindo a fadiga do pulso. Isto faz com que a <strong>vassoura trapezoidal<\/strong> seja perfeita tanto para profissionais de limpeza como para propriet\u00e1rios de casas exigentes.  <\/p>\n<p>&nbsp;<\/p>\n<p><!--more--><\/p>\n<p>Opta pela efici\u00eancia com a <strong>vassoura trapezoidal de alum\u00ednio com velcro e 4 inser\u00e7\u00f5es de fixa\u00e7\u00e3o de <span style=\"color: #d12727;\"><a style=\"color: #d12727;\" href=\"https:\/\/www.csj-emballages.com\/produit\/50-gazes-impregnees-roses-30-x-60-cm\/\">gaze<\/a><\/span><\/strong>.<\/p>\n<p>&nbsp;<\/p>\n<p><!--more--><\/p>\n<p><strong>Vantagens :<\/strong><\/p>\n<ul>\n<li>A sua estrutura em alum\u00ednio torna-o leve e f\u00e1cil de manobrar, reduzindo a fadiga durante a limpeza.<\/li>\n<li>O sistema de velcro permite fixar e remover as gazes rapidamente, poupando-lhe tempo.<\/li>\n<li>As 4 inser\u00e7\u00f5es de fixa\u00e7\u00e3o da gaze asseguram uma fixa\u00e7\u00e3o s\u00f3lida, evitando qualquer deslizamento durante a utiliza\u00e7\u00e3o.<\/li>\n<li>A sua efic\u00e1cia permite limpar de forma r\u00e1pida e eficiente, otimizando o seu tempo de limpeza.<\/li>\n<li>Adequado tanto para profissionais da limpeza como para particulares exigentes.<\/li>\n<\/ul>\n<p>&nbsp;<\/p>\n<p><!--more--><\/p>\n<h4>Outras informa\u00e7\u00f5es :<\/h4>\n<ul>\n<li><strong>Embalagem<\/strong>: Por unidade<\/li>\n<li><strong>Cor<\/strong>: Azul \/ cinzento<\/li>\n<li><strong>Comprimento<\/strong>: 55 cm<\/li>\n<li><strong>Capacidade<\/strong>: 4 inser\u00e7\u00f5es<\/li>\n<\/ul>\n<p>&nbsp;<\/p>\n<p><!--more--><\/p>\n<p>Encontra aqui as gazes compat\u00edveis com este produto: <span style=\"color: #d12727;\"><a style=\"color: #d12727;\" href=\"https:\/\/www.csj-emballages.com\/produit\/50-gazes-impregnees-roses-30-x-60-cm\/\">GAUZE<\/a><\/span><\/p>\n<p>&nbsp;<\/p>\n<p><!--more--><\/p>\n<p><a href=\"https:\/\/www.csj-emballages.com\/pt-pt\/categorie-produit\/higiene-e-manutencao\/escovas-e-vassouras\/vassoura-escova-espanador-de-penas\/gama-de-velcro\/\">V\u00ea o resto da nossa gama de Velcro<\/a><\/p>\n","protected":false},"excerpt":{"rendered":"<p>Vassoura de trap\u00e9zio Descri\u00e7\u00e3o da nossa vassoura trapezoidal de alum\u00ednio com velcro e 4 inser\u00e7\u00f5es de fixa\u00e7\u00e3o de gaze 55 cm<\/p>\n","protected":false},"featured_media":221441,"template":"","meta":{"_acf_changed":false},"product_brand":[],"product_cat":[1222,1456,1821,1981],"product_tag":[],"class_list":{"0":"post-18945","1":"product","2":"type-product","3":"status-publish","4":"has-post-thumbnail","6":"product_cat-higiene-e-manutencao","7":"product_cat-escovas-e-vassouras","8":"product_cat-vassoura-escova-espanador-de-penas","9":"product_cat-gama-de-velcro","11":"first","12":"instock","13":"taxable","14":"shipping-taxable","15":"purchasable","16":"product-type-simple"},"acf":[],"yoast_head":"<!-- This site is optimized with the Yoast SEO Premium plugin v26.6 (Yoast SEO v26.6) - https:\/\/yoast.com\/wordpress\/plugins\/seo\/ -->\n<title>Vassoura de Trap\u00e9zio Alum\u00ednio Velcro 4 Inser\u00e7\u00f5es Gaze Fixa\u00e7\u00e3o 55 cm<\/title>\n<meta name=\"description\" content=\"Descobre a vassoura trap\u00e9zio de alum\u00ednio com Velcro de 50 cm e 4 gazes: leve, f\u00e1cil de manusear, dur\u00e1vel e ideal para uma limpeza r\u00e1pida e eficiente.\" \/>\n<meta name=\"robots\" content=\"index, follow, max-snippet:-1, max-image-preview:large, max-video-preview:-1\" \/>\n<link rel=\"canonical\" href=\"https:\/\/www.csj-emballages.com\/pt-pt\/produit\/vassoura-trapezoidal-de-aluminio-com-velcro-e-4-insercoes-de-fixacao-de-gaze-55-cm\/\" \/>\n<meta property=\"og:locale\" content=\"pt_PT\" \/>\n<meta property=\"og:type\" content=\"article\" \/>\n<meta property=\"og:title\" content=\"Vassoura trapezoidal de alum\u00ednio com velcro e 4 inser\u00e7\u00f5es de fixa\u00e7\u00e3o de gaze 55 cm\" \/>\n<meta property=\"og:description\" content=\"Descobre a vassoura trap\u00e9zio de alum\u00ednio com Velcro de 50 cm e 4 gazes: leve, f\u00e1cil de manusear, dur\u00e1vel e ideal para uma limpeza r\u00e1pida e eficiente.\" \/>\n<meta property=\"og:url\" content=\"https:\/\/www.csj-emballages.com\/pt-pt\/produit\/vassoura-trapezoidal-de-aluminio-com-velcro-e-4-insercoes-de-fixacao-de-gaze-55-cm\/\" \/>\n<meta property=\"og:site_name\" content=\"CSJ Emballages\" \/>\n<meta property=\"article:publisher\" content=\"https:\/\/www.facebook.com\/csjemballages\" \/>\n<meta property=\"article:modified_time\" content=\"2026-04-25T00:10:44+00:00\" \/>\n<meta property=\"og:image\" content=\"https:\/\/www.csj-emballages.com\/wp-content\/uploads\/2024\/03\/261.webp\" \/>\n\t<meta property=\"og:image:width\" content=\"800\" \/>\n\t<meta property=\"og:image:height\" content=\"800\" \/>\n\t<meta property=\"og:image:type\" content=\"image\/webp\" \/>\n<meta name=\"twitter:card\" content=\"summary_large_image\" \/>\n<meta name=\"twitter:label1\" content=\"Tempo estimado de leitura\" \/>\n\t<meta name=\"twitter:data1\" content=\"2 minutos\" \/>\n<script type=\"application\/ld+json\" class=\"yoast-schema-graph\">{\"@context\":\"https:\/\/schema.org\",\"@graph\":[{\"@type\":\"WebPage\",\"@id\":\"https:\/\/www.csj-emballages.com\/pt-pt\/produit\/vassoura-trapezoidal-de-aluminio-com-velcro-e-4-insercoes-de-fixacao-de-gaze-55-cm\/\",\"url\":\"https:\/\/www.csj-emballages.com\/pt-pt\/produit\/vassoura-trapezoidal-de-aluminio-com-velcro-e-4-insercoes-de-fixacao-de-gaze-55-cm\/\",\"name\":\"Vassoura de Trap\u00e9zio Alum\u00ednio Velcro 4 Inser\u00e7\u00f5es Gaze Fixa\u00e7\u00e3o 55 cm\",\"isPartOf\":{\"@id\":\"https:\/\/www.csj-emballages.com\/pt-pt\/#website\"},\"primaryImageOfPage\":{\"@id\":\"https:\/\/www.csj-emballages.com\/pt-pt\/produit\/vassoura-trapezoidal-de-aluminio-com-velcro-e-4-insercoes-de-fixacao-de-gaze-55-cm\/#primaryimage\"},\"image\":{\"@id\":\"https:\/\/www.csj-emballages.com\/pt-pt\/produit\/vassoura-trapezoidal-de-aluminio-com-velcro-e-4-insercoes-de-fixacao-de-gaze-55-cm\/#primaryimage\"},\"thumbnailUrl\":\"https:\/\/www.csj-emballages.com\/wp-content\/uploads\/2024\/03\/261.webp\",\"datePublished\":\"2024-03-01T15:59:10+00:00\",\"dateModified\":\"2026-04-25T00:10:44+00:00\",\"description\":\"Descobre a vassoura trap\u00e9zio de alum\u00ednio com Velcro de 50 cm e 4 gazes: leve, f\u00e1cil de manusear, dur\u00e1vel e ideal para uma limpeza r\u00e1pida e eficiente.\",\"breadcrumb\":{\"@id\":\"https:\/\/www.csj-emballages.com\/pt-pt\/produit\/vassoura-trapezoidal-de-aluminio-com-velcro-e-4-insercoes-de-fixacao-de-gaze-55-cm\/#breadcrumb\"},\"inLanguage\":\"pt-PT\",\"potentialAction\":[{\"@type\":\"ReadAction\",\"target\":[\"https:\/\/www.csj-emballages.com\/pt-pt\/produit\/vassoura-trapezoidal-de-aluminio-com-velcro-e-4-insercoes-de-fixacao-de-gaze-55-cm\/\"]}]},{\"@type\":\"ImageObject\",\"inLanguage\":\"pt-PT\",\"@id\":\"https:\/\/www.csj-emballages.com\/pt-pt\/produit\/vassoura-trapezoidal-de-aluminio-com-velcro-e-4-insercoes-de-fixacao-de-gaze-55-cm\/#primaryimage\",\"url\":\"https:\/\/www.csj-emballages.com\/wp-content\/uploads\/2024\/03\/261.webp\",\"contentUrl\":\"https:\/\/www.csj-emballages.com\/wp-content\/uploads\/2024\/03\/261.webp\",\"width\":800,\"height\":800,\"caption\":\"Balai trap\u00e8ze\"},{\"@type\":\"BreadcrumbList\",\"@id\":\"https:\/\/www.csj-emballages.com\/pt-pt\/produit\/vassoura-trapezoidal-de-aluminio-com-velcro-e-4-insercoes-de-fixacao-de-gaze-55-cm\/#breadcrumb\",\"itemListElement\":[{\"@type\":\"ListItem\",\"position\":1,\"name\":\"Acolhimento\",\"item\":\"https:\/\/www.csj-emballages.com\/pt-pt\/universo-das-embalagens-alimentares\/\"},{\"@type\":\"ListItem\",\"position\":2,\"name\":\"Shop\",\"item\":\"https:\/\/www.csj-emballages.com\/shop\/\"},{\"@type\":\"ListItem\",\"position\":3,\"name\":\"Vassoura trapezoidal de alum\u00ednio com velcro e 4 inser\u00e7\u00f5es de fixa\u00e7\u00e3o de gaze 55 cm\"}]},{\"@type\":\"WebSite\",\"@id\":\"https:\/\/www.csj-emballages.com\/pt-pt\/#website\",\"url\":\"https:\/\/www.csj-emballages.com\/pt-pt\/\",\"name\":\"CSJ Emballages\",\"description\":\"\",\"publisher\":{\"@id\":\"https:\/\/www.csj-emballages.com\/pt-pt\/#organization\"},\"potentialAction\":[{\"@type\":\"SearchAction\",\"target\":{\"@type\":\"EntryPoint\",\"urlTemplate\":\"https:\/\/www.csj-emballages.com\/pt-pt\/?s={search_term_string}\"},\"query-input\":{\"@type\":\"PropertyValueSpecification\",\"valueRequired\":true,\"valueName\":\"search_term_string\"}}],\"inLanguage\":\"pt-PT\"},{\"@type\":\"Organization\",\"@id\":\"https:\/\/www.csj-emballages.com\/pt-pt\/#Organization\/\",\"name\":\"CSJ Emballages\",\"url\":\"https:\/\/www.csj-emballages.com\/pt-pt\/\",\"logo\":{\"@type\":\"ImageObject\",\"inLanguage\":\"pt-PT\",\"@id\":\"https:\/\/www.csj-emballages.com\/pt-pt\/#\/schema\/logo\/image\/\",\"url\":\"https:\/\/www.csj-emballages.com\/wp-content\/uploads\/2023\/10\/logo_csj.webp\",\"contentUrl\":\"https:\/\/www.csj-emballages.com\/wp-content\/uploads\/2023\/10\/logo_csj.webp\",\"width\":250,\"height\":95,\"caption\":\"CSJ Emballages\"},\"image\":{\"@id\":\"https:\/\/www.csj-emballages.com\/pt-pt\/#\/schema\/logo\/image\/\"},\"sameAs\":[\"https:\/\/www.facebook.com\/csjemballages\"],\"address\":{\"@type\":\"PostalAddress\",\"streetAddress\":\"ZI La Lechere\",\"addressLocality\":\"Patornay\",\"postalCode\":\"39130\",\"addressCountry\":\"FR\"},\"contactPoint\":[{\"@type\":\"ContactPoint\",\"contactType\":\"Service client\",\"telephone\":\"0384254272\",\"email\":\"contact@csj-emballages.com\"}]}]}<\/script>\n<!-- \/ Yoast SEO Premium plugin. -->","yoast_head_json":{"title":"Vassoura de Trap\u00e9zio Alum\u00ednio Velcro 4 Inser\u00e7\u00f5es Gaze Fixa\u00e7\u00e3o 55 cm","description":"Descobre a vassoura trap\u00e9zio de alum\u00ednio com Velcro de 50 cm e 4 gazes: leve, f\u00e1cil de manusear, dur\u00e1vel e ideal para uma limpeza r\u00e1pida e eficiente.","robots":{"index":"index","follow":"follow","max-snippet":"max-snippet:-1","max-image-preview":"max-image-preview:large","max-video-preview":"max-video-preview:-1"},"canonical":"https:\/\/www.csj-emballages.com\/pt-pt\/produit\/vassoura-trapezoidal-de-aluminio-com-velcro-e-4-insercoes-de-fixacao-de-gaze-55-cm\/","og_locale":"pt_PT","og_type":"article","og_title":"Vassoura trapezoidal de alum\u00ednio com velcro e 4 inser\u00e7\u00f5es de fixa\u00e7\u00e3o de gaze 55 cm","og_description":"Descobre a vassoura trap\u00e9zio de alum\u00ednio com Velcro de 50 cm e 4 gazes: leve, f\u00e1cil de manusear, dur\u00e1vel e ideal para uma limpeza r\u00e1pida e eficiente.","og_url":"https:\/\/www.csj-emballages.com\/pt-pt\/produit\/vassoura-trapezoidal-de-aluminio-com-velcro-e-4-insercoes-de-fixacao-de-gaze-55-cm\/","og_site_name":"CSJ Emballages","article_publisher":"https:\/\/www.facebook.com\/csjemballages","article_modified_time":"2026-04-25T00:10:44+00:00","og_image":[{"width":800,"height":800,"url":"https:\/\/www.csj-emballages.com\/wp-content\/uploads\/2024\/03\/261.webp","type":"image\/webp"}],"twitter_card":"summary_large_image","twitter_misc":{"Tempo estimado de leitura":"2 minutos"},"schema":{"@context":"https:\/\/schema.org","@graph":[{"@type":"WebPage","@id":"https:\/\/www.csj-emballages.com\/pt-pt\/produit\/vassoura-trapezoidal-de-aluminio-com-velcro-e-4-insercoes-de-fixacao-de-gaze-55-cm\/","url":"https:\/\/www.csj-emballages.com\/pt-pt\/produit\/vassoura-trapezoidal-de-aluminio-com-velcro-e-4-insercoes-de-fixacao-de-gaze-55-cm\/","name":"Vassoura de Trap\u00e9zio Alum\u00ednio Velcro 4 Inser\u00e7\u00f5es Gaze Fixa\u00e7\u00e3o 55 cm","isPartOf":{"@id":"https:\/\/www.csj-emballages.com\/pt-pt\/#website"},"primaryImageOfPage":{"@id":"https:\/\/www.csj-emballages.com\/pt-pt\/produit\/vassoura-trapezoidal-de-aluminio-com-velcro-e-4-insercoes-de-fixacao-de-gaze-55-cm\/#primaryimage"},"image":{"@id":"https:\/\/www.csj-emballages.com\/pt-pt\/produit\/vassoura-trapezoidal-de-aluminio-com-velcro-e-4-insercoes-de-fixacao-de-gaze-55-cm\/#primaryimage"},"thumbnailUrl":"https:\/\/www.csj-emballages.com\/wp-content\/uploads\/2024\/03\/261.webp","datePublished":"2024-03-01T15:59:10+00:00","dateModified":"2026-04-25T00:10:44+00:00","description":"Descobre a vassoura trap\u00e9zio de alum\u00ednio com Velcro de 50 cm e 4 gazes: leve, f\u00e1cil de manusear, dur\u00e1vel e ideal para uma limpeza r\u00e1pida e eficiente.","breadcrumb":{"@id":"https:\/\/www.csj-emballages.com\/pt-pt\/produit\/vassoura-trapezoidal-de-aluminio-com-velcro-e-4-insercoes-de-fixacao-de-gaze-55-cm\/#breadcrumb"},"inLanguage":"pt-PT","potentialAction":[{"@type":"ReadAction","target":["https:\/\/www.csj-emballages.com\/pt-pt\/produit\/vassoura-trapezoidal-de-aluminio-com-velcro-e-4-insercoes-de-fixacao-de-gaze-55-cm\/"]}]},{"@type":"ImageObject","inLanguage":"pt-PT","@id":"https:\/\/www.csj-emballages.com\/pt-pt\/produit\/vassoura-trapezoidal-de-aluminio-com-velcro-e-4-insercoes-de-fixacao-de-gaze-55-cm\/#primaryimage","url":"https:\/\/www.csj-emballages.com\/wp-content\/uploads\/2024\/03\/261.webp","contentUrl":"https:\/\/www.csj-emballages.com\/wp-content\/uploads\/2024\/03\/261.webp","width":800,"height":800,"caption":"Balai trap\u00e8ze"},{"@type":"BreadcrumbList","@id":"https:\/\/www.csj-emballages.com\/pt-pt\/produit\/vassoura-trapezoidal-de-aluminio-com-velcro-e-4-insercoes-de-fixacao-de-gaze-55-cm\/#breadcrumb","itemListElement":[{"@type":"ListItem","position":1,"name":"Acolhimento","item":"https:\/\/www.csj-emballages.com\/pt-pt\/universo-das-embalagens-alimentares\/"},{"@type":"ListItem","position":2,"name":"Shop","item":"https:\/\/www.csj-emballages.com\/shop\/"},{"@type":"ListItem","position":3,"name":"Vassoura trapezoidal de alum\u00ednio com velcro e 4 inser\u00e7\u00f5es de fixa\u00e7\u00e3o de gaze 55 cm"}]},{"@type":"WebSite","@id":"https:\/\/www.csj-emballages.com\/pt-pt\/#website","url":"https:\/\/www.csj-emballages.com\/pt-pt\/","name":"CSJ Emballages","description":"","publisher":{"@id":"https:\/\/www.csj-emballages.com\/pt-pt\/#organization"},"potentialAction":[{"@type":"SearchAction","target":{"@type":"EntryPoint","urlTemplate":"https:\/\/www.csj-emballages.com\/pt-pt\/?s={search_term_string}"},"query-input":{"@type":"PropertyValueSpecification","valueRequired":true,"valueName":"search_term_string"}}],"inLanguage":"pt-PT"},{"@type":"Organization","@id":"https:\/\/www.csj-emballages.com\/pt-pt\/#Organization\/","name":"CSJ Emballages","url":"https:\/\/www.csj-emballages.com\/pt-pt\/","logo":{"@type":"ImageObject","inLanguage":"pt-PT","@id":"https:\/\/www.csj-emballages.com\/pt-pt\/#\/schema\/logo\/image\/","url":"https:\/\/www.csj-emballages.com\/wp-content\/uploads\/2023\/10\/logo_csj.webp","contentUrl":"https:\/\/www.csj-emballages.com\/wp-content\/uploads\/2023\/10\/logo_csj.webp","width":250,"height":95,"caption":"CSJ Emballages"},"image":{"@id":"https:\/\/www.csj-emballages.com\/pt-pt\/#\/schema\/logo\/image\/"},"sameAs":["https:\/\/www.facebook.com\/csjemballages"],"address":{"@type":"PostalAddress","streetAddress":"ZI La Lechere","addressLocality":"Patornay","postalCode":"39130","addressCountry":"FR"},"contactPoint":[{"@type":"ContactPoint","contactType":"Service client","telephone":"0384254272","email":"contact@csj-emballages.com"}]}]}},"df_price":9.23,"df_sale_price":"","df_regular_price":9.23,"df_image_link":"https:\/\/www.csj-emballages.com\/wp-content\/uploads\/2024\/03\/261-300x300.webp","tiered_pricing_type":"fixed","tiered_pricing_fixed_rules":[],"tiered_pricing_percentage_rules":[],"tiered_pricing_minimum":1,"tiered_pricing_roles_data":[],"_links":{"self":[{"href":"https:\/\/www.csj-emballages.com\/pt-pt\/wp-json\/wp\/v2\/product\/18945","targetHints":{"allow":["GET"]}}],"collection":[{"href":"https:\/\/www.csj-emballages.com\/pt-pt\/wp-json\/wp\/v2\/product"}],"about":[{"href":"https:\/\/www.csj-emballages.com\/pt-pt\/wp-json\/wp\/v2\/types\/product"}],"wp:featuredmedia":[{"embeddable":true,"href":"https:\/\/www.csj-emballages.com\/pt-pt\/wp-json\/wp\/v2\/media\/221441"}],"wp:attachment":[{"href":"https:\/\/www.csj-emballages.com\/pt-pt\/wp-json\/wp\/v2\/media?parent=18945"}],"wp:term":[{"taxonomy":"product_brand","embeddable":true,"href":"https:\/\/www.csj-emballages.com\/pt-pt\/wp-json\/wp\/v2\/product_brand?post=18945"},{"taxonomy":"product_cat","embeddable":true,"href":"https:\/\/www.csj-emballages.com\/pt-pt\/wp-json\/wp\/v2\/product_cat?post=18945"},{"taxonomy":"product_tag","embeddable":true,"href":"https:\/\/www.csj-emballages.com\/pt-pt\/wp-json\/wp\/v2\/product_tag?post=18945"}],"curies":[{"name":"wp","href":"https:\/\/api.w.org\/{rel}","templated":true}]}}