{"id":18940,"date":"2024-03-01T16:59:10","date_gmt":"2024-03-01T15:59:10","guid":{"rendered":"https:\/\/u15jnbdpoq.preview.infomaniak.website\/produit\/1-tampa-branca-para-garrafas-de-38-mm\/"},"modified":"2026-05-07T02:10:51","modified_gmt":"2026-05-07T00:10:51","slug":"1-tampa-branca-para-garrafas-de-38-mm","status":"publish","type":"product","link":"https:\/\/www.csj-emballages.com\/pt-pt\/produit\/1-tampa-branca-para-garrafas-de-38-mm\/","title":{"rendered":"Tampa de garrafa branca 38 mm"},"content":{"rendered":"<h2>Rolha de garrafa<\/h2>\n<hr>\n<h3>Descubra a nossa rolha de garrafa branca 38 mm por 1<\/h3>\n<p><!--more--><\/p>\n<div class=\"flex max-w-full flex-col flex-grow\">\n<div class=\"min-h-8 text-message flex w-full flex-col items-end gap-2 whitespace-normal break-words text-start [.text-message+&amp;]:mt-5\" dir=\"auto\" data-message-author-role=\"assistant\" data-message-id=\"06bf7cfe-6134-4ab1-9ac4-baf22d30627f\" data-message-model-slug=\"gpt-4o-mini\">\n<div class=\"flex w-full flex-col gap-1 empty:hidden first:pt-[3px]\">\n<div class=\"markdown prose w-full break-words dark:prose-invert light\">\n<p data-start=\"315\" data-end=\"727\">Esta <strong>tampa de pl\u00e1stico branca<\/strong> \u00e9 a pequena pe\u00e7a que faz toda a diferen\u00e7a quando se trata de fechar eficazmente uma <strong>garrafa ou<\/strong> um <strong>frasco<\/strong>. De aspeto simples, mas muito pr\u00e1tica na utiliza\u00e7\u00e3o quotidiana, garante uma veda\u00e7\u00e3o limpa, limpa e perfeitamente herm\u00e9tica. Gra\u00e7as \u00e0 sua <strong>rosca<\/strong> precisa, pode ser enroscada num \u00fanico movimento e mant\u00e9m-se firme, evitando fugas e protegendo o conte\u00fado, mesmo durante o transporte.  <\/p>\n<p data-start=\"729\" data-end=\"1067\">A sua <strong>superf\u00edcie lisa e<\/strong> a sua <strong>cor branca<\/strong> proporcionam um acabamento limpo e profissional, quer se trate de alimentos l\u00edquidos, prepara\u00e7\u00f5es artesanais, cosm\u00e9ticos ou solu\u00e7\u00f5es t\u00e9cnicas. \u00c9 ideal tanto para as empresas como para os consumidores que procuram um fecho fi\u00e1vel e compat\u00edvel com uma grande variedade de utiliza\u00e7\u00f5es. <\/p>\n<p data-start=\"1069\" data-end=\"1344\">Por ser de <strong>pl\u00e1stico<\/strong>, \u00e9 muito resistente ao manuseamento repetido. Pode abrir-se e fechar-se v\u00e1rias vezes sem alterar a sua forma. <\/p>\n<p data-start=\"1346\" data-end=\"1681\">Quer a utilize para proteger um frasco de amostra, finalizar um produto embalado ou substituir uma tampa perdida, este modelo oferece uma solu\u00e7\u00e3o simples, duradoura e pr\u00e1tica. Em suma, integra-se facilmente na sua linha de produ\u00e7\u00e3o ou na sua organiza\u00e7\u00e3o quotidiana, garantindo um fecho fi\u00e1vel ao longo do tempo. <\/p>\n<p>&nbsp;<\/p>\n<\/div>\n<\/div>\n<\/div>\n<\/div>\n<p><!--more--><\/p>\n<h4>Outras informa\u00e7\u00f5es :<\/h4>\n<ul>\n<li><strong>Embalagem<\/strong>: Vendido individualmente<\/li>\n<li><strong>Cor<\/strong>: Branco<\/li>\n<li><strong>Di\u00e2metro<\/strong>: 38 mm<\/li>\n<li><strong>Altura<\/strong>: 15 mm<\/li>\n<\/ul>\n<p>&nbsp;<\/p>\n<p><!--more--><\/p>\n<p><a href=\"https:\/\/www.csj-emballages.com\/pt-pt\/categorie-produit\/embalagem-de-alimentos\/restauracao\/chavenas-copos-baldes-garrafas\/garrafas-de-plastico\/\">Ver o resto da nossa gama de garrafas de pl\u00e1stico<\/a><\/p>\n<div class=\"mb-2 flex gap-3 empty:hidden -ml-2\">\n<div class=\"items-center justify-start rounded-xl p-1 flex\">\n<div class=\"flex items-center\">\n<div class=\"flex items-center pb-0\"><\/div>\n<\/div>\n<\/div>\n<\/div>\n","protected":false},"excerpt":{"rendered":"<p>Rolha de garrafa Descubra a nossa rolha de garrafa branca 38 mm por 1<\/p>\n","protected":false},"featured_media":198134,"template":"","meta":{"_acf_changed":false},"product_brand":[],"product_cat":[1141,1176,1138,1985],"product_tag":[],"class_list":{"0":"post-18940","1":"product","2":"type-product","3":"status-publish","4":"has-post-thumbnail","6":"product_cat-embalagem-de-alimentos","7":"product_cat-talho-e-charcutaria","8":"product_cat-restauracao","9":"product_cat-garrafas-de-plastico","11":"first","12":"instock","13":"taxable","14":"shipping-taxable","15":"purchasable","16":"product-type-simple"},"acf":[],"yoast_head":"<!-- This site is optimized with the Yoast SEO Premium plugin v26.6 (Yoast SEO v26.6) - https:\/\/yoast.com\/wordpress\/plugins\/seo\/ -->\n<title>Rolha de garrafa branca<\/title>\n<meta name=\"description\" content=\"Descubra a nossa rolha de garrafa branca de 38 mm. Este produto \u00e9 vendido individualmente ou em caixas de 3.400 unidades.\" \/>\n<meta name=\"robots\" content=\"index, follow, max-snippet:-1, max-image-preview:large, max-video-preview:-1\" \/>\n<link rel=\"canonical\" href=\"https:\/\/www.csj-emballages.com\/pt-pt\/produit\/1-tampa-branca-para-garrafas-de-38-mm\/\" \/>\n<meta property=\"og:locale\" content=\"pt_PT\" \/>\n<meta property=\"og:type\" content=\"article\" \/>\n<meta property=\"og:title\" content=\"Tampa de garrafa branca 38 mm\" \/>\n<meta property=\"og:description\" content=\"Descubra a nossa rolha de garrafa branca de 38 mm. Este produto \u00e9 vendido individualmente ou em caixas de 3.400 unidades.\" \/>\n<meta property=\"og:url\" content=\"https:\/\/www.csj-emballages.com\/pt-pt\/produit\/1-tampa-branca-para-garrafas-de-38-mm\/\" \/>\n<meta property=\"og:site_name\" content=\"CSJ Emballages\" \/>\n<meta property=\"article:publisher\" content=\"https:\/\/www.facebook.com\/csjemballages\" \/>\n<meta property=\"article:modified_time\" content=\"2026-05-07T00:10:51+00:00\" \/>\n<meta property=\"og:image\" content=\"https:\/\/www.csj-emballages.com\/wp-content\/uploads\/2024\/03\/bouchon-blanc.webp\" \/>\n\t<meta property=\"og:image:width\" content=\"801\" \/>\n\t<meta property=\"og:image:height\" content=\"802\" \/>\n\t<meta property=\"og:image:type\" content=\"image\/webp\" \/>\n<meta name=\"twitter:card\" content=\"summary_large_image\" \/>\n<script type=\"application\/ld+json\" class=\"yoast-schema-graph\">{\"@context\":\"https:\/\/schema.org\",\"@graph\":[{\"@type\":\"WebPage\",\"@id\":\"https:\/\/www.csj-emballages.com\/pt-pt\/produit\/1-tampa-branca-para-garrafas-de-38-mm\/\",\"url\":\"https:\/\/www.csj-emballages.com\/pt-pt\/produit\/1-tampa-branca-para-garrafas-de-38-mm\/\",\"name\":\"Rolha de garrafa branca\",\"isPartOf\":{\"@id\":\"https:\/\/www.csj-emballages.com\/pt-pt\/#website\"},\"primaryImageOfPage\":{\"@id\":\"https:\/\/www.csj-emballages.com\/pt-pt\/produit\/1-tampa-branca-para-garrafas-de-38-mm\/#primaryimage\"},\"image\":{\"@id\":\"https:\/\/www.csj-emballages.com\/pt-pt\/produit\/1-tampa-branca-para-garrafas-de-38-mm\/#primaryimage\"},\"thumbnailUrl\":\"https:\/\/www.csj-emballages.com\/wp-content\/uploads\/2024\/03\/bouchon-blanc.webp\",\"datePublished\":\"2024-03-01T15:59:10+00:00\",\"dateModified\":\"2026-05-07T00:10:51+00:00\",\"description\":\"Descubra a nossa rolha de garrafa branca de 38 mm. Este produto \u00e9 vendido individualmente ou em caixas de 3.400 unidades.\",\"breadcrumb\":{\"@id\":\"https:\/\/www.csj-emballages.com\/pt-pt\/produit\/1-tampa-branca-para-garrafas-de-38-mm\/#breadcrumb\"},\"inLanguage\":\"pt-PT\",\"potentialAction\":[{\"@type\":\"ReadAction\",\"target\":[\"https:\/\/www.csj-emballages.com\/pt-pt\/produit\/1-tampa-branca-para-garrafas-de-38-mm\/\"]}]},{\"@type\":\"ImageObject\",\"inLanguage\":\"pt-PT\",\"@id\":\"https:\/\/www.csj-emballages.com\/pt-pt\/produit\/1-tampa-branca-para-garrafas-de-38-mm\/#primaryimage\",\"url\":\"https:\/\/www.csj-emballages.com\/wp-content\/uploads\/2024\/03\/bouchon-blanc.webp\",\"contentUrl\":\"https:\/\/www.csj-emballages.com\/wp-content\/uploads\/2024\/03\/bouchon-blanc.webp\",\"width\":801,\"height\":802,\"caption\":\"Bouchon de bouteille\"},{\"@type\":\"BreadcrumbList\",\"@id\":\"https:\/\/www.csj-emballages.com\/pt-pt\/produit\/1-tampa-branca-para-garrafas-de-38-mm\/#breadcrumb\",\"itemListElement\":[{\"@type\":\"ListItem\",\"position\":1,\"name\":\"Acolhimento\",\"item\":\"https:\/\/www.csj-emballages.com\/pt-pt\/universo-das-embalagens-alimentares\/\"},{\"@type\":\"ListItem\",\"position\":2,\"name\":\"Shop\",\"item\":\"https:\/\/www.csj-emballages.com\/shop\/\"},{\"@type\":\"ListItem\",\"position\":3,\"name\":\"Tampa de garrafa branca 38 mm\"}]},{\"@type\":\"WebSite\",\"@id\":\"https:\/\/www.csj-emballages.com\/pt-pt\/#website\",\"url\":\"https:\/\/www.csj-emballages.com\/pt-pt\/\",\"name\":\"CSJ Emballages\",\"description\":\"\",\"publisher\":{\"@id\":\"https:\/\/www.csj-emballages.com\/pt-pt\/#organization\"},\"potentialAction\":[{\"@type\":\"SearchAction\",\"target\":{\"@type\":\"EntryPoint\",\"urlTemplate\":\"https:\/\/www.csj-emballages.com\/pt-pt\/?s={search_term_string}\"},\"query-input\":{\"@type\":\"PropertyValueSpecification\",\"valueRequired\":true,\"valueName\":\"search_term_string\"}}],\"inLanguage\":\"pt-PT\"},{\"@type\":\"Organization\",\"@id\":\"https:\/\/www.csj-emballages.com\/pt-pt\/#Organization\/\",\"name\":\"CSJ Emballages\",\"url\":\"https:\/\/www.csj-emballages.com\/pt-pt\/\",\"logo\":{\"@type\":\"ImageObject\",\"inLanguage\":\"pt-PT\",\"@id\":\"https:\/\/www.csj-emballages.com\/pt-pt\/#\/schema\/logo\/image\/\",\"url\":\"https:\/\/www.csj-emballages.com\/wp-content\/uploads\/2023\/10\/logo_csj.webp\",\"contentUrl\":\"https:\/\/www.csj-emballages.com\/wp-content\/uploads\/2023\/10\/logo_csj.webp\",\"width\":250,\"height\":95,\"caption\":\"CSJ Emballages\"},\"image\":{\"@id\":\"https:\/\/www.csj-emballages.com\/pt-pt\/#\/schema\/logo\/image\/\"},\"sameAs\":[\"https:\/\/www.facebook.com\/csjemballages\"],\"address\":{\"@type\":\"PostalAddress\",\"streetAddress\":\"ZI La Lechere\",\"addressLocality\":\"Patornay\",\"postalCode\":\"39130\",\"addressCountry\":\"FR\"},\"contactPoint\":[{\"@type\":\"ContactPoint\",\"contactType\":\"Service client\",\"telephone\":\"0384254272\",\"email\":\"contact@csj-emballages.com\"}]}]}<\/script>\n<!-- \/ Yoast SEO Premium plugin. -->","yoast_head_json":{"title":"Rolha de garrafa branca","description":"Descubra a nossa rolha de garrafa branca de 38 mm. Este produto \u00e9 vendido individualmente ou em caixas de 3.400 unidades.","robots":{"index":"index","follow":"follow","max-snippet":"max-snippet:-1","max-image-preview":"max-image-preview:large","max-video-preview":"max-video-preview:-1"},"canonical":"https:\/\/www.csj-emballages.com\/pt-pt\/produit\/1-tampa-branca-para-garrafas-de-38-mm\/","og_locale":"pt_PT","og_type":"article","og_title":"Tampa de garrafa branca 38 mm","og_description":"Descubra a nossa rolha de garrafa branca de 38 mm. Este produto \u00e9 vendido individualmente ou em caixas de 3.400 unidades.","og_url":"https:\/\/www.csj-emballages.com\/pt-pt\/produit\/1-tampa-branca-para-garrafas-de-38-mm\/","og_site_name":"CSJ Emballages","article_publisher":"https:\/\/www.facebook.com\/csjemballages","article_modified_time":"2026-05-07T00:10:51+00:00","og_image":[{"width":801,"height":802,"url":"https:\/\/www.csj-emballages.com\/wp-content\/uploads\/2024\/03\/bouchon-blanc.webp","type":"image\/webp"}],"twitter_card":"summary_large_image","schema":{"@context":"https:\/\/schema.org","@graph":[{"@type":"WebPage","@id":"https:\/\/www.csj-emballages.com\/pt-pt\/produit\/1-tampa-branca-para-garrafas-de-38-mm\/","url":"https:\/\/www.csj-emballages.com\/pt-pt\/produit\/1-tampa-branca-para-garrafas-de-38-mm\/","name":"Rolha de garrafa branca","isPartOf":{"@id":"https:\/\/www.csj-emballages.com\/pt-pt\/#website"},"primaryImageOfPage":{"@id":"https:\/\/www.csj-emballages.com\/pt-pt\/produit\/1-tampa-branca-para-garrafas-de-38-mm\/#primaryimage"},"image":{"@id":"https:\/\/www.csj-emballages.com\/pt-pt\/produit\/1-tampa-branca-para-garrafas-de-38-mm\/#primaryimage"},"thumbnailUrl":"https:\/\/www.csj-emballages.com\/wp-content\/uploads\/2024\/03\/bouchon-blanc.webp","datePublished":"2024-03-01T15:59:10+00:00","dateModified":"2026-05-07T00:10:51+00:00","description":"Descubra a nossa rolha de garrafa branca de 38 mm. Este produto \u00e9 vendido individualmente ou em caixas de 3.400 unidades.","breadcrumb":{"@id":"https:\/\/www.csj-emballages.com\/pt-pt\/produit\/1-tampa-branca-para-garrafas-de-38-mm\/#breadcrumb"},"inLanguage":"pt-PT","potentialAction":[{"@type":"ReadAction","target":["https:\/\/www.csj-emballages.com\/pt-pt\/produit\/1-tampa-branca-para-garrafas-de-38-mm\/"]}]},{"@type":"ImageObject","inLanguage":"pt-PT","@id":"https:\/\/www.csj-emballages.com\/pt-pt\/produit\/1-tampa-branca-para-garrafas-de-38-mm\/#primaryimage","url":"https:\/\/www.csj-emballages.com\/wp-content\/uploads\/2024\/03\/bouchon-blanc.webp","contentUrl":"https:\/\/www.csj-emballages.com\/wp-content\/uploads\/2024\/03\/bouchon-blanc.webp","width":801,"height":802,"caption":"Bouchon de bouteille"},{"@type":"BreadcrumbList","@id":"https:\/\/www.csj-emballages.com\/pt-pt\/produit\/1-tampa-branca-para-garrafas-de-38-mm\/#breadcrumb","itemListElement":[{"@type":"ListItem","position":1,"name":"Acolhimento","item":"https:\/\/www.csj-emballages.com\/pt-pt\/universo-das-embalagens-alimentares\/"},{"@type":"ListItem","position":2,"name":"Shop","item":"https:\/\/www.csj-emballages.com\/shop\/"},{"@type":"ListItem","position":3,"name":"Tampa de garrafa branca 38 mm"}]},{"@type":"WebSite","@id":"https:\/\/www.csj-emballages.com\/pt-pt\/#website","url":"https:\/\/www.csj-emballages.com\/pt-pt\/","name":"CSJ Emballages","description":"","publisher":{"@id":"https:\/\/www.csj-emballages.com\/pt-pt\/#organization"},"potentialAction":[{"@type":"SearchAction","target":{"@type":"EntryPoint","urlTemplate":"https:\/\/www.csj-emballages.com\/pt-pt\/?s={search_term_string}"},"query-input":{"@type":"PropertyValueSpecification","valueRequired":true,"valueName":"search_term_string"}}],"inLanguage":"pt-PT"},{"@type":"Organization","@id":"https:\/\/www.csj-emballages.com\/pt-pt\/#Organization\/","name":"CSJ Emballages","url":"https:\/\/www.csj-emballages.com\/pt-pt\/","logo":{"@type":"ImageObject","inLanguage":"pt-PT","@id":"https:\/\/www.csj-emballages.com\/pt-pt\/#\/schema\/logo\/image\/","url":"https:\/\/www.csj-emballages.com\/wp-content\/uploads\/2023\/10\/logo_csj.webp","contentUrl":"https:\/\/www.csj-emballages.com\/wp-content\/uploads\/2023\/10\/logo_csj.webp","width":250,"height":95,"caption":"CSJ Emballages"},"image":{"@id":"https:\/\/www.csj-emballages.com\/pt-pt\/#\/schema\/logo\/image\/"},"sameAs":["https:\/\/www.facebook.com\/csjemballages"],"address":{"@type":"PostalAddress","streetAddress":"ZI La Lechere","addressLocality":"Patornay","postalCode":"39130","addressCountry":"FR"},"contactPoint":[{"@type":"ContactPoint","contactType":"Service client","telephone":"0384254272","email":"contact@csj-emballages.com"}]}]}},"df_price":0.12,"df_sale_price":"","df_regular_price":0.12,"df_image_link":"https:\/\/www.csj-emballages.com\/wp-content\/uploads\/2024\/03\/bouchon-blanc-300x300.webp","tiered_pricing_type":"fixed","tiered_pricing_fixed_rules":[],"tiered_pricing_percentage_rules":[],"tiered_pricing_minimum":1,"tiered_pricing_roles_data":[],"_links":{"self":[{"href":"https:\/\/www.csj-emballages.com\/pt-pt\/wp-json\/wp\/v2\/product\/18940","targetHints":{"allow":["GET"]}}],"collection":[{"href":"https:\/\/www.csj-emballages.com\/pt-pt\/wp-json\/wp\/v2\/product"}],"about":[{"href":"https:\/\/www.csj-emballages.com\/pt-pt\/wp-json\/wp\/v2\/types\/product"}],"wp:featuredmedia":[{"embeddable":true,"href":"https:\/\/www.csj-emballages.com\/pt-pt\/wp-json\/wp\/v2\/media\/198134"}],"wp:attachment":[{"href":"https:\/\/www.csj-emballages.com\/pt-pt\/wp-json\/wp\/v2\/media?parent=18940"}],"wp:term":[{"taxonomy":"product_brand","embeddable":true,"href":"https:\/\/www.csj-emballages.com\/pt-pt\/wp-json\/wp\/v2\/product_brand?post=18940"},{"taxonomy":"product_cat","embeddable":true,"href":"https:\/\/www.csj-emballages.com\/pt-pt\/wp-json\/wp\/v2\/product_cat?post=18940"},{"taxonomy":"product_tag","embeddable":true,"href":"https:\/\/www.csj-emballages.com\/pt-pt\/wp-json\/wp\/v2\/product_tag?post=18940"}],"curies":[{"name":"wp","href":"https:\/\/api.w.org\/{rel}","templated":true}]}}