{"id":18931,"date":"2024-03-01T16:59:11","date_gmt":"2024-03-01T15:59:11","guid":{"rendered":"https:\/\/u15jnbdpoq.preview.infomaniak.website\/produit\/vassoura-trapezio-espuma-colada-4-insercoes-fecho-de-gaze-55-cm\/"},"modified":"2026-04-29T02:11:03","modified_gmt":"2026-04-29T00:11:03","slug":"vassoura-trapezio-espuma-colada-4-insercoes-fecho-de-gaze-55-cm","status":"publish","type":"product","link":"https:\/\/www.csj-emballages.com\/pt-pt\/produit\/vassoura-trapezio-espuma-colada-4-insercoes-fecho-de-gaze-55-cm\/","title":{"rendered":"Vassoura trap\u00e9zio espuma colada 4 inser\u00e7\u00f5es fecho de gaze 55 cm"},"content":{"rendered":"<h2>Vassoura de trap\u00e9zio<\/h2>\n<hr>\n<h3>Descri\u00e7\u00e3o do nosso trap\u00e9zio vassoura espuma colada 4 inser\u00e7\u00f5es gaze fixador 55 cm<!--more--><\/h3>\n<div class=\"flex max-w-full flex-col flex-grow\">\n<div class=\"min-h-8 text-message flex w-full flex-col items-end gap-2 whitespace-normal break-words text-start [.text-message+&amp;]:mt-5\" dir=\"auto\" data-message-author-role=\"assistant\" data-message-id=\"266ca6f3-5e07-4948-bd20-80ac5e6da4a5\" data-message-model-slug=\"gpt-4o\">\n<div class=\"flex w-full flex-col gap-1 empty:hidden first:pt-[3px]\">\n<div class=\"markdown prose w-full break-words dark:prose-invert dark\">\n<p data-start=\"235\" data-end=\"646\">Esta <strong data-start=\"238\" data-end=\"264\">mopa trapezoidal de 55 cm<\/strong> \u00e9 claramente uma aliada fi\u00e1vel para a limpeza di\u00e1ria de pavimentos. Desde a primeira utiliza\u00e7\u00e3o, sente-se que foi concebida para ir direto ao assunto: cobrir uma \u00e1rea ampla, <strong>captar eficazmente o p\u00f3<\/strong> e limitar os esfor\u00e7os desnecess\u00e1rios. Gra\u00e7as ao seu formato generoso, permite tratar rapidamente as superf\u00edcies, o que \u00e9 ideal em ambientes profissionais onde o tempo \u00e9 importante.  <\/p>\n<p data-start=\"648\" data-end=\"1107\">A sua <strong>espuma colada<\/strong> traz uma mais-valia real. <strong>Agarra o p\u00f3, o cabelo e as part\u00edculas finas<\/strong> sem os deslocar, o que evita ter de passar v\u00e1rias vezes no mesmo local. Resultado: o pavimento fica limpo logo \u00e0 primeira passagem. Al\u00e9m disso, as <strong data-start=\"897\" data-end=\"928\">4 inser\u00e7\u00f5es para fixa\u00e7\u00e3o de gaze<\/strong> garantem uma fixa\u00e7\u00e3o perfeita da gaze, mesmo durante movimentos repetidos ou em grandes \u00e1reas. Nada escorrega, nada se solta, a limpeza permanece fluida do in\u00edcio ao fim.    <\/p>\n<p data-start=\"1109\" data-end=\"1472\">Al\u00e9m disso, a sua forma <strong>trapezoidal<\/strong> permite alcan\u00e7ar mais facilmente os cantos, as extremidades das paredes ou as \u00e1reas de dif\u00edcil acesso. \u00c9 uma verdadeira vantagem para uma manuten\u00e7\u00e3o cuidada, especialmente em escrit\u00f3rios, lojas, estabelecimentos de sa\u00fade ou espa\u00e7os coletivos. O <strong>sistema de fixa\u00e7\u00e3o<\/strong> \u00e9 simples e r\u00e1pido, o que permite mudar a gaze sem perder tempo.  <\/p>\n<p data-start=\"1474\" data-end=\"1736\">Em resumo, esta <strong>mopa trapezoidal<\/strong> combina efic\u00e1cia, conforto de utiliza\u00e7\u00e3o e fiabilidade. N\u00e3o procura exagerar, mas faz exatamente o que se espera dela: limpar r\u00e1pido, bem e sem restri\u00e7\u00f5es. Uma ferramenta pr\u00e1tica, pensada para durar e facilitar o dia a dia.  <\/p>\n<h3><\/h3>\n<\/div>\n<\/div>\n<\/div>\n<\/div>\n<p><!--more--><\/p>\n<h4>Vantagens :<\/h4>\n<ul>\n<li data-start=\"1764\" data-end=\"1807\"><strong>Largura de 55 cm<\/strong> para uma limpeza r\u00e1pida<\/li>\n<li data-start=\"1810\" data-end=\"1859\"><strong>Espuma colada<\/strong> eficaz para captar o p\u00f3<\/li>\n<li data-start=\"1862\" data-end=\"1914\"><strong>4 inser\u00e7\u00f5es<\/strong> que garantem uma excelente fixa\u00e7\u00e3o da gaze<\/li>\n<li data-start=\"1917\" data-end=\"1962\">Acesso f\u00e1cil aos cantos e \u00e1reas de dif\u00edcil acesso<\/li>\n<li data-start=\"1965\" data-end=\"2007\">Adaptado a uma utiliza\u00e7\u00e3o profissional intensiva.<\/li>\n<\/ul>\n<p>&nbsp;<\/p>\n<p><!--more--><\/p>\n<h4>Outras informa\u00e7\u00f5es :<\/h4>\n<ul>\n<li><strong>Embalagem<\/strong>: Vendido individualmente<\/li>\n<li><strong>Dimens\u00f5es<\/strong>: 550 x 95 x 30 mm (C x L x A)<\/li>\n<li><b>Cor: <\/b>azul<\/li>\n<li><strong>Capacidade<\/strong>: 4 inser\u00e7\u00f5es<\/li>\n<\/ul>\n<p>&nbsp;<\/p>\n<p><!--more--><\/p>\n<p>Encontra aqui as gazes compat\u00edveis com este produto: <span style=\"color: #d12727;\"><a style=\"color: #d12727;\" href=\"https:\/\/www.csj-emballages.com\/produit\/50-gazes-impregnees-roses-30-x-60-cm\/\">GAUZE<\/a><\/span><\/p>\n<p>&nbsp;<\/p>\n<p><!--more--><\/p>\n<p><a href=\"https:\/\/www.csj-emballages.com\/pt-pt\/categorie-produit\/higiene-e-manutencao\/escovas-e-vassouras\/vassoura-escova-espanador-de-penas\/gama-de-velcro\/\">V\u00ea o resto da nossa gama de Velcro<\/a><\/p>\n<p>&nbsp;<\/p>\n","protected":false},"excerpt":{"rendered":"<p>Vassoura de trap\u00e9zio Descri\u00e7\u00e3o do nosso trap\u00e9zio vassoura espuma colada 4 inser\u00e7\u00f5es gaze fixador 55 cm<\/p>\n","protected":false},"featured_media":221434,"template":"","meta":{"_acf_changed":false},"product_brand":[],"product_cat":[1222,1456,1821,1981],"product_tag":[],"class_list":{"0":"post-18931","1":"product","2":"type-product","3":"status-publish","4":"has-post-thumbnail","6":"product_cat-higiene-e-manutencao","7":"product_cat-escovas-e-vassouras","8":"product_cat-vassoura-escova-espanador-de-penas","9":"product_cat-gama-de-velcro","11":"first","12":"instock","13":"taxable","14":"shipping-taxable","15":"purchasable","16":"product-type-simple"},"acf":[],"yoast_head":"<!-- This site is optimized with the Yoast SEO Premium plugin v26.6 (Yoast SEO v26.6) - https:\/\/yoast.com\/wordpress\/plugins\/seo\/ -->\n<title>Vassoura para trap\u00e9zio Espuma colada 4 inser\u00e7\u00f5es Acess\u00f3rio de gaze 55 cm<\/title>\n<meta name=\"description\" content=\"Vassoura trapezoidal de 55 cm com espuma colada e 4 inser\u00e7\u00f5es de gaze. Ideal para a limpeza eficaz de grandes superf\u00edcies.\" \/>\n<meta name=\"robots\" content=\"index, follow, max-snippet:-1, max-image-preview:large, max-video-preview:-1\" \/>\n<link rel=\"canonical\" href=\"https:\/\/www.csj-emballages.com\/pt-pt\/produit\/vassoura-trapezio-espuma-colada-4-insercoes-fecho-de-gaze-55-cm\/\" \/>\n<meta property=\"og:locale\" content=\"pt_PT\" \/>\n<meta property=\"og:type\" content=\"article\" \/>\n<meta property=\"og:title\" content=\"Vassoura trap\u00e9zio espuma colada 4 inser\u00e7\u00f5es fecho de gaze 55 cm\" \/>\n<meta property=\"og:description\" content=\"Vassoura trapezoidal de 55 cm com espuma colada e 4 inser\u00e7\u00f5es de gaze. Ideal para a limpeza eficaz de grandes superf\u00edcies.\" \/>\n<meta property=\"og:url\" content=\"https:\/\/www.csj-emballages.com\/pt-pt\/produit\/vassoura-trapezio-espuma-colada-4-insercoes-fecho-de-gaze-55-cm\/\" \/>\n<meta property=\"og:site_name\" content=\"CSJ Emballages\" \/>\n<meta property=\"article:publisher\" content=\"https:\/\/www.facebook.com\/csjemballages\" \/>\n<meta property=\"article:modified_time\" content=\"2026-04-29T00:11:03+00:00\" \/>\n<meta property=\"og:image\" content=\"https:\/\/www.csj-emballages.com\/wp-content\/uploads\/2024\/03\/262.webp\" \/>\n\t<meta property=\"og:image:width\" content=\"800\" \/>\n\t<meta property=\"og:image:height\" content=\"800\" \/>\n\t<meta property=\"og:image:type\" content=\"image\/webp\" \/>\n<meta name=\"twitter:card\" content=\"summary_large_image\" \/>\n<meta name=\"twitter:label1\" content=\"Tempo estimado de leitura\" \/>\n\t<meta name=\"twitter:data1\" content=\"2 minutos\" \/>\n<script type=\"application\/ld+json\" class=\"yoast-schema-graph\">{\"@context\":\"https:\/\/schema.org\",\"@graph\":[{\"@type\":\"WebPage\",\"@id\":\"https:\/\/www.csj-emballages.com\/pt-pt\/produit\/vassoura-trapezio-espuma-colada-4-insercoes-fecho-de-gaze-55-cm\/\",\"url\":\"https:\/\/www.csj-emballages.com\/pt-pt\/produit\/vassoura-trapezio-espuma-colada-4-insercoes-fecho-de-gaze-55-cm\/\",\"name\":\"Vassoura para trap\u00e9zio Espuma colada 4 inser\u00e7\u00f5es Acess\u00f3rio de gaze 55 cm\",\"isPartOf\":{\"@id\":\"https:\/\/www.csj-emballages.com\/pt-pt\/#website\"},\"primaryImageOfPage\":{\"@id\":\"https:\/\/www.csj-emballages.com\/pt-pt\/produit\/vassoura-trapezio-espuma-colada-4-insercoes-fecho-de-gaze-55-cm\/#primaryimage\"},\"image\":{\"@id\":\"https:\/\/www.csj-emballages.com\/pt-pt\/produit\/vassoura-trapezio-espuma-colada-4-insercoes-fecho-de-gaze-55-cm\/#primaryimage\"},\"thumbnailUrl\":\"https:\/\/www.csj-emballages.com\/wp-content\/uploads\/2024\/03\/262.webp\",\"datePublished\":\"2024-03-01T15:59:11+00:00\",\"dateModified\":\"2026-04-29T00:11:03+00:00\",\"description\":\"Vassoura trapezoidal de 55 cm com espuma colada e 4 inser\u00e7\u00f5es de gaze. Ideal para a limpeza eficaz de grandes superf\u00edcies.\",\"breadcrumb\":{\"@id\":\"https:\/\/www.csj-emballages.com\/pt-pt\/produit\/vassoura-trapezio-espuma-colada-4-insercoes-fecho-de-gaze-55-cm\/#breadcrumb\"},\"inLanguage\":\"pt-PT\",\"potentialAction\":[{\"@type\":\"ReadAction\",\"target\":[\"https:\/\/www.csj-emballages.com\/pt-pt\/produit\/vassoura-trapezio-espuma-colada-4-insercoes-fecho-de-gaze-55-cm\/\"]}]},{\"@type\":\"ImageObject\",\"inLanguage\":\"pt-PT\",\"@id\":\"https:\/\/www.csj-emballages.com\/pt-pt\/produit\/vassoura-trapezio-espuma-colada-4-insercoes-fecho-de-gaze-55-cm\/#primaryimage\",\"url\":\"https:\/\/www.csj-emballages.com\/wp-content\/uploads\/2024\/03\/262.webp\",\"contentUrl\":\"https:\/\/www.csj-emballages.com\/wp-content\/uploads\/2024\/03\/262.webp\",\"width\":800,\"height\":800,\"caption\":\"Balai trap\u00e8ze\"},{\"@type\":\"BreadcrumbList\",\"@id\":\"https:\/\/www.csj-emballages.com\/pt-pt\/produit\/vassoura-trapezio-espuma-colada-4-insercoes-fecho-de-gaze-55-cm\/#breadcrumb\",\"itemListElement\":[{\"@type\":\"ListItem\",\"position\":1,\"name\":\"Acolhimento\",\"item\":\"https:\/\/www.csj-emballages.com\/pt-pt\/universo-das-embalagens-alimentares\/\"},{\"@type\":\"ListItem\",\"position\":2,\"name\":\"Shop\",\"item\":\"https:\/\/www.csj-emballages.com\/shop\/\"},{\"@type\":\"ListItem\",\"position\":3,\"name\":\"Vassoura trap\u00e9zio espuma colada 4 inser\u00e7\u00f5es fecho de gaze 55 cm\"}]},{\"@type\":\"WebSite\",\"@id\":\"https:\/\/www.csj-emballages.com\/pt-pt\/#website\",\"url\":\"https:\/\/www.csj-emballages.com\/pt-pt\/\",\"name\":\"CSJ Emballages\",\"description\":\"\",\"publisher\":{\"@id\":\"https:\/\/www.csj-emballages.com\/pt-pt\/#organization\"},\"potentialAction\":[{\"@type\":\"SearchAction\",\"target\":{\"@type\":\"EntryPoint\",\"urlTemplate\":\"https:\/\/www.csj-emballages.com\/pt-pt\/?s={search_term_string}\"},\"query-input\":{\"@type\":\"PropertyValueSpecification\",\"valueRequired\":true,\"valueName\":\"search_term_string\"}}],\"inLanguage\":\"pt-PT\"},{\"@type\":\"Organization\",\"@id\":\"https:\/\/www.csj-emballages.com\/pt-pt\/#Organization\/\",\"name\":\"CSJ Emballages\",\"url\":\"https:\/\/www.csj-emballages.com\/pt-pt\/\",\"logo\":{\"@type\":\"ImageObject\",\"inLanguage\":\"pt-PT\",\"@id\":\"https:\/\/www.csj-emballages.com\/pt-pt\/#\/schema\/logo\/image\/\",\"url\":\"https:\/\/www.csj-emballages.com\/wp-content\/uploads\/2023\/10\/logo_csj.webp\",\"contentUrl\":\"https:\/\/www.csj-emballages.com\/wp-content\/uploads\/2023\/10\/logo_csj.webp\",\"width\":250,\"height\":95,\"caption\":\"CSJ Emballages\"},\"image\":{\"@id\":\"https:\/\/www.csj-emballages.com\/pt-pt\/#\/schema\/logo\/image\/\"},\"sameAs\":[\"https:\/\/www.facebook.com\/csjemballages\"],\"address\":{\"@type\":\"PostalAddress\",\"streetAddress\":\"ZI La Lechere\",\"addressLocality\":\"Patornay\",\"postalCode\":\"39130\",\"addressCountry\":\"FR\"},\"contactPoint\":[{\"@type\":\"ContactPoint\",\"contactType\":\"Service client\",\"telephone\":\"0384254272\",\"email\":\"contact@csj-emballages.com\"}]}]}<\/script>\n<!-- \/ Yoast SEO Premium plugin. -->","yoast_head_json":{"title":"Vassoura para trap\u00e9zio Espuma colada 4 inser\u00e7\u00f5es Acess\u00f3rio de gaze 55 cm","description":"Vassoura trapezoidal de 55 cm com espuma colada e 4 inser\u00e7\u00f5es de gaze. Ideal para a limpeza eficaz de grandes superf\u00edcies.","robots":{"index":"index","follow":"follow","max-snippet":"max-snippet:-1","max-image-preview":"max-image-preview:large","max-video-preview":"max-video-preview:-1"},"canonical":"https:\/\/www.csj-emballages.com\/pt-pt\/produit\/vassoura-trapezio-espuma-colada-4-insercoes-fecho-de-gaze-55-cm\/","og_locale":"pt_PT","og_type":"article","og_title":"Vassoura trap\u00e9zio espuma colada 4 inser\u00e7\u00f5es fecho de gaze 55 cm","og_description":"Vassoura trapezoidal de 55 cm com espuma colada e 4 inser\u00e7\u00f5es de gaze. Ideal para a limpeza eficaz de grandes superf\u00edcies.","og_url":"https:\/\/www.csj-emballages.com\/pt-pt\/produit\/vassoura-trapezio-espuma-colada-4-insercoes-fecho-de-gaze-55-cm\/","og_site_name":"CSJ Emballages","article_publisher":"https:\/\/www.facebook.com\/csjemballages","article_modified_time":"2026-04-29T00:11:03+00:00","og_image":[{"width":800,"height":800,"url":"https:\/\/www.csj-emballages.com\/wp-content\/uploads\/2024\/03\/262.webp","type":"image\/webp"}],"twitter_card":"summary_large_image","twitter_misc":{"Tempo estimado de leitura":"2 minutos"},"schema":{"@context":"https:\/\/schema.org","@graph":[{"@type":"WebPage","@id":"https:\/\/www.csj-emballages.com\/pt-pt\/produit\/vassoura-trapezio-espuma-colada-4-insercoes-fecho-de-gaze-55-cm\/","url":"https:\/\/www.csj-emballages.com\/pt-pt\/produit\/vassoura-trapezio-espuma-colada-4-insercoes-fecho-de-gaze-55-cm\/","name":"Vassoura para trap\u00e9zio Espuma colada 4 inser\u00e7\u00f5es Acess\u00f3rio de gaze 55 cm","isPartOf":{"@id":"https:\/\/www.csj-emballages.com\/pt-pt\/#website"},"primaryImageOfPage":{"@id":"https:\/\/www.csj-emballages.com\/pt-pt\/produit\/vassoura-trapezio-espuma-colada-4-insercoes-fecho-de-gaze-55-cm\/#primaryimage"},"image":{"@id":"https:\/\/www.csj-emballages.com\/pt-pt\/produit\/vassoura-trapezio-espuma-colada-4-insercoes-fecho-de-gaze-55-cm\/#primaryimage"},"thumbnailUrl":"https:\/\/www.csj-emballages.com\/wp-content\/uploads\/2024\/03\/262.webp","datePublished":"2024-03-01T15:59:11+00:00","dateModified":"2026-04-29T00:11:03+00:00","description":"Vassoura trapezoidal de 55 cm com espuma colada e 4 inser\u00e7\u00f5es de gaze. Ideal para a limpeza eficaz de grandes superf\u00edcies.","breadcrumb":{"@id":"https:\/\/www.csj-emballages.com\/pt-pt\/produit\/vassoura-trapezio-espuma-colada-4-insercoes-fecho-de-gaze-55-cm\/#breadcrumb"},"inLanguage":"pt-PT","potentialAction":[{"@type":"ReadAction","target":["https:\/\/www.csj-emballages.com\/pt-pt\/produit\/vassoura-trapezio-espuma-colada-4-insercoes-fecho-de-gaze-55-cm\/"]}]},{"@type":"ImageObject","inLanguage":"pt-PT","@id":"https:\/\/www.csj-emballages.com\/pt-pt\/produit\/vassoura-trapezio-espuma-colada-4-insercoes-fecho-de-gaze-55-cm\/#primaryimage","url":"https:\/\/www.csj-emballages.com\/wp-content\/uploads\/2024\/03\/262.webp","contentUrl":"https:\/\/www.csj-emballages.com\/wp-content\/uploads\/2024\/03\/262.webp","width":800,"height":800,"caption":"Balai trap\u00e8ze"},{"@type":"BreadcrumbList","@id":"https:\/\/www.csj-emballages.com\/pt-pt\/produit\/vassoura-trapezio-espuma-colada-4-insercoes-fecho-de-gaze-55-cm\/#breadcrumb","itemListElement":[{"@type":"ListItem","position":1,"name":"Acolhimento","item":"https:\/\/www.csj-emballages.com\/pt-pt\/universo-das-embalagens-alimentares\/"},{"@type":"ListItem","position":2,"name":"Shop","item":"https:\/\/www.csj-emballages.com\/shop\/"},{"@type":"ListItem","position":3,"name":"Vassoura trap\u00e9zio espuma colada 4 inser\u00e7\u00f5es fecho de gaze 55 cm"}]},{"@type":"WebSite","@id":"https:\/\/www.csj-emballages.com\/pt-pt\/#website","url":"https:\/\/www.csj-emballages.com\/pt-pt\/","name":"CSJ Emballages","description":"","publisher":{"@id":"https:\/\/www.csj-emballages.com\/pt-pt\/#organization"},"potentialAction":[{"@type":"SearchAction","target":{"@type":"EntryPoint","urlTemplate":"https:\/\/www.csj-emballages.com\/pt-pt\/?s={search_term_string}"},"query-input":{"@type":"PropertyValueSpecification","valueRequired":true,"valueName":"search_term_string"}}],"inLanguage":"pt-PT"},{"@type":"Organization","@id":"https:\/\/www.csj-emballages.com\/pt-pt\/#Organization\/","name":"CSJ Emballages","url":"https:\/\/www.csj-emballages.com\/pt-pt\/","logo":{"@type":"ImageObject","inLanguage":"pt-PT","@id":"https:\/\/www.csj-emballages.com\/pt-pt\/#\/schema\/logo\/image\/","url":"https:\/\/www.csj-emballages.com\/wp-content\/uploads\/2023\/10\/logo_csj.webp","contentUrl":"https:\/\/www.csj-emballages.com\/wp-content\/uploads\/2023\/10\/logo_csj.webp","width":250,"height":95,"caption":"CSJ Emballages"},"image":{"@id":"https:\/\/www.csj-emballages.com\/pt-pt\/#\/schema\/logo\/image\/"},"sameAs":["https:\/\/www.facebook.com\/csjemballages"],"address":{"@type":"PostalAddress","streetAddress":"ZI La Lechere","addressLocality":"Patornay","postalCode":"39130","addressCountry":"FR"},"contactPoint":[{"@type":"ContactPoint","contactType":"Service client","telephone":"0384254272","email":"contact@csj-emballages.com"}]}]}},"df_price":8.4,"df_sale_price":"","df_regular_price":8.4,"df_image_link":"https:\/\/www.csj-emballages.com\/wp-content\/uploads\/2024\/03\/262-300x300.webp","tiered_pricing_type":"fixed","tiered_pricing_fixed_rules":[],"tiered_pricing_percentage_rules":[],"tiered_pricing_minimum":1,"tiered_pricing_roles_data":[],"_links":{"self":[{"href":"https:\/\/www.csj-emballages.com\/pt-pt\/wp-json\/wp\/v2\/product\/18931","targetHints":{"allow":["GET"]}}],"collection":[{"href":"https:\/\/www.csj-emballages.com\/pt-pt\/wp-json\/wp\/v2\/product"}],"about":[{"href":"https:\/\/www.csj-emballages.com\/pt-pt\/wp-json\/wp\/v2\/types\/product"}],"wp:featuredmedia":[{"embeddable":true,"href":"https:\/\/www.csj-emballages.com\/pt-pt\/wp-json\/wp\/v2\/media\/221434"}],"wp:attachment":[{"href":"https:\/\/www.csj-emballages.com\/pt-pt\/wp-json\/wp\/v2\/media?parent=18931"}],"wp:term":[{"taxonomy":"product_brand","embeddable":true,"href":"https:\/\/www.csj-emballages.com\/pt-pt\/wp-json\/wp\/v2\/product_brand?post=18931"},{"taxonomy":"product_cat","embeddable":true,"href":"https:\/\/www.csj-emballages.com\/pt-pt\/wp-json\/wp\/v2\/product_cat?post=18931"},{"taxonomy":"product_tag","embeddable":true,"href":"https:\/\/www.csj-emballages.com\/pt-pt\/wp-json\/wp\/v2\/product_tag?post=18931"}],"curies":[{"name":"wp","href":"https:\/\/api.w.org\/{rel}","templated":true}]}}