{"id":18927,"date":"2024-03-01T16:59:12","date_gmt":"2024-03-01T15:59:12","guid":{"rendered":"https:\/\/u15jnbdpoq.preview.infomaniak.website\/produit\/ambientador-com-aroma-de-limao-em-aerossol-750-ml\/"},"modified":"2026-03-17T02:10:44","modified_gmt":"2026-03-17T01:10:44","slug":"ambientador-com-aroma-de-limao-em-aerossol-750-ml","status":"publish","type":"product","link":"https:\/\/www.csj-emballages.com\/pt-pt\/produit\/ambientador-com-aroma-de-limao-em-aerossol-750-ml\/","title":{"rendered":"Ambientador com aroma a lim\u00e3o 750 ml"},"content":{"rendered":"<h2>Ambientador com aroma a lim\u00e3o<\/h2>\n<hr>\n<h3>Descri\u00e7\u00e3o do nosso ambientador com aroma a lim\u00e3o 750 ml<\/h3>\n<p><!--more--><\/p>\n<p data-start=\"270\" data-end=\"657\"><strong data-start=\"314\" data-end=\"339\">Daily K<\/strong> <strong>Lemon Fragrance<\/strong> <strong>Air Freshener<\/strong> <strong>750 ml<\/strong> \u00e9 muito mais do que um simples <strong>spray perfumado<\/strong>. <strong>Neutraliza<\/strong> eficazmente todos os odores desagrad\u00e1veis persistentes: cozinha, tabaco, tinta, humidade&#8230; Nada lhe resiste. Gra\u00e7as \u00e0 sua f\u00f3rmula profissional, actua diretamente sobre as mol\u00e9culas respons\u00e1veis pelos maus odores para os eliminar e n\u00e3o para os mascarar.  <\/p>\n<p data-start=\"659\" data-end=\"1030\">A sua <strong>fragr\u00e2ncia fresca<\/strong> e cintilante de <strong>lim\u00e3o<\/strong> deixa uma agrad\u00e1vel sensa\u00e7\u00e3o de limpeza e frescura, ideal para criar um ambiente saud\u00e1vel e acolhedor. Este <strong>ambientador de lim\u00e3o<\/strong> pode ser utilizado em todo o lado: em lavabos, sanit\u00e1rios e casas de banho, bem como em restaurantes, hot\u00e9is, escrit\u00f3rios, escolas, cl\u00ednicas e hospitais. <\/p>\n<p data-start=\"1032\" data-end=\"1437\">O seu formato de <strong data-start=\"1046\" data-end=\"1056\">750 ml<\/strong> \u00e9 particularmente adequado para uma utiliza\u00e7\u00e3o regular no local de trabalho e em casa. F\u00e1cil de utilizar, bastam algumas pulveriza\u00e7\u00f5es para proporcionar uma frescura duradoura do ar. \u00c9 um must-have para os empregados <strong data-start=\"1277\" data-end=\"1290\">de restaura\u00e7\u00e3o<\/strong>, <strong data-start=\"1296\" data-end=\"1322\">gestores de restaurantes<\/strong>, <strong data-start=\"1328\" data-end=\"1350\">empregados de limpeza<\/strong> ou simplesmente para <strong data-start=\"1375\" data-end=\"1391\">os propriet\u00e1rios<\/strong> que querem manter as suas casas agrad\u00e1veis.  <\/p>\n<p data-start=\"1439\" data-end=\"1545\"><strong data-start=\"1439\" data-end=\"1545\"> O ambientador di\u00e1rio de lim\u00e3o K <\/strong>d\u00e1 a cada quarto uma atmosfera limpa, leve e amig\u00e1vel.<\/p>\n<p data-start=\"1248\" data-end=\"1443\"><!--more--><\/p>\n<h4 data-start=\"1248\" data-end=\"1443\">Vantagens :<\/h4>\n<ul>\n<li>Elimina os odores desagrad\u00e1veis (cozinha, tabaco, tinta, etc.).<\/li>\n<li>Fragr\u00e2ncia de lim\u00e3o fresca e n\u00e3o inebriante.<\/li>\n<li>Pode ser utilizado em todos os tipos de locais (casas de banho, escrit\u00f3rios, escolas, hot\u00e9is, etc.).<\/li>\n<li>Formato econ\u00f3mico de 750 ml.<\/li>\n<li>Ideal para profissionais e clientes particulares.<\/li>\n<\/ul>\n<p>&nbsp;<\/p>\n<p><!--more--><\/p>\n<h4>Outras informa\u00e7\u00f5es :<\/h4>\n<ul>\n<li><strong>Embalagem<\/strong>: Por unidade<\/li>\n<li><strong>Utiliza\u00e7\u00e3o<\/strong>: Ambientador<\/li>\n<li><strong>Volume<\/strong>: 750 ml<\/li>\n<li><strong>Cor<\/strong>: Incolor<\/li>\n<li><strong>Fragr\u00e2ncia<\/strong>: Lim\u00e3o<\/li>\n<\/ul>\n<p>&nbsp;<\/p>\n<p><!--more--><\/p>\n<p>Descubra tamb\u00e9m o nosso spray de fragr\u00e2ncia para quarto: <span style=\"color: #d12727;\"><a style=\"color: #d12727;\" href=\"https:\/\/www.csj-emballages.com\/es\/produit\/spray-de-ambiente-750ml\/\">0807750<\/a><\/span><\/p>\n<p>&nbsp;<\/p>\n<p><!--more--><\/p>\n<p><a href=\"https:\/\/www.csj-emballages.com\/pt-pt\/categorie-produit\/higiene-e-manutencao\/produtos-de-limpeza\/sanitario\/\">Ver o resto da nossa gama de produtos de limpeza sanit\u00e1ria  <\/a><\/p>\n","protected":false},"excerpt":{"rendered":"<p>Ambientador com aroma a lim\u00e3o Descri\u00e7\u00e3o do nosso ambientador com aroma a lim\u00e3o 750 ml<\/p>\n","protected":false},"featured_media":239229,"template":"","meta":{"_acf_changed":false},"product_brand":[],"product_cat":[9722,1222,1223,9726,1286],"product_tag":[],"class_list":{"0":"post-18927","1":"product","2":"type-product","3":"status-publish","4":"has-post-thumbnail","6":"product_cat-ambientadores-perfumes-pt-pt-2","7":"product_cat-higiene-e-manutencao","8":"product_cat-produtos-de-limpeza","9":"product_cat-ambientadores-perfumes-pt-pt-3","10":"product_cat-sanitario","12":"first","13":"instock","14":"taxable","15":"shipping-taxable","16":"purchasable","17":"product-type-simple"},"acf":[],"yoast_head":"<!-- This site is optimized with the Yoast SEO Premium plugin v26.6 (Yoast SEO v26.6) - https:\/\/yoast.com\/wordpress\/plugins\/seo\/ -->\n<title>Ambientador com aroma a lim\u00e3o 750 ml<\/title>\n<meta name=\"description\" content=\"Ambientador com aroma a lim\u00e3o 750 ml - Neutraliza os odores desagrad\u00e1veis e refresca qualquer divis\u00e3o em apenas algumas pulveriza\u00e7\u00f5es.\" \/>\n<meta name=\"robots\" content=\"index, follow, max-snippet:-1, max-image-preview:large, max-video-preview:-1\" \/>\n<link rel=\"canonical\" href=\"https:\/\/www.csj-emballages.com\/pt-pt\/produit\/ambientador-com-aroma-de-limao-em-aerossol-750-ml\/\" \/>\n<meta property=\"og:locale\" content=\"pt_PT\" \/>\n<meta property=\"og:type\" content=\"article\" \/>\n<meta property=\"og:title\" content=\"Ambientador com aroma a lim\u00e3o 750 ml\" \/>\n<meta property=\"og:description\" content=\"Ambientador com aroma a lim\u00e3o 750 ml - Neutraliza os odores desagrad\u00e1veis e refresca qualquer divis\u00e3o em apenas algumas pulveriza\u00e7\u00f5es.\" \/>\n<meta property=\"og:url\" content=\"https:\/\/www.csj-emballages.com\/pt-pt\/produit\/ambientador-com-aroma-de-limao-em-aerossol-750-ml\/\" \/>\n<meta property=\"og:site_name\" content=\"CSJ Emballages\" \/>\n<meta property=\"article:publisher\" content=\"https:\/\/www.facebook.com\/csjemballages\" \/>\n<meta property=\"article:modified_time\" content=\"2026-03-17T01:10:44+00:00\" \/>\n<meta property=\"og:image\" content=\"https:\/\/www.csj-emballages.com\/wp-content\/uploads\/2024\/03\/2249750.webp\" \/>\n\t<meta property=\"og:image:width\" content=\"800\" \/>\n\t<meta property=\"og:image:height\" content=\"800\" \/>\n\t<meta property=\"og:image:type\" content=\"image\/webp\" \/>\n<meta name=\"twitter:card\" content=\"summary_large_image\" \/>\n<meta name=\"twitter:label1\" content=\"Tempo estimado de leitura\" \/>\n\t<meta name=\"twitter:data1\" content=\"2 minutos\" \/>\n<script type=\"application\/ld+json\" class=\"yoast-schema-graph\">{\"@context\":\"https:\/\/schema.org\",\"@graph\":[{\"@type\":\"WebPage\",\"@id\":\"https:\/\/www.csj-emballages.com\/pt-pt\/produit\/ambientador-com-aroma-de-limao-em-aerossol-750-ml\/\",\"url\":\"https:\/\/www.csj-emballages.com\/pt-pt\/produit\/ambientador-com-aroma-de-limao-em-aerossol-750-ml\/\",\"name\":\"Ambientador com aroma a lim\u00e3o 750 ml\",\"isPartOf\":{\"@id\":\"https:\/\/www.csj-emballages.com\/pt-pt\/#website\"},\"primaryImageOfPage\":{\"@id\":\"https:\/\/www.csj-emballages.com\/pt-pt\/produit\/ambientador-com-aroma-de-limao-em-aerossol-750-ml\/#primaryimage\"},\"image\":{\"@id\":\"https:\/\/www.csj-emballages.com\/pt-pt\/produit\/ambientador-com-aroma-de-limao-em-aerossol-750-ml\/#primaryimage\"},\"thumbnailUrl\":\"https:\/\/www.csj-emballages.com\/wp-content\/uploads\/2024\/03\/2249750.webp\",\"datePublished\":\"2024-03-01T15:59:12+00:00\",\"dateModified\":\"2026-03-17T01:10:44+00:00\",\"description\":\"Ambientador com aroma a lim\u00e3o 750 ml - Neutraliza os odores desagrad\u00e1veis e refresca qualquer divis\u00e3o em apenas algumas pulveriza\u00e7\u00f5es.\",\"breadcrumb\":{\"@id\":\"https:\/\/www.csj-emballages.com\/pt-pt\/produit\/ambientador-com-aroma-de-limao-em-aerossol-750-ml\/#breadcrumb\"},\"inLanguage\":\"pt-PT\",\"potentialAction\":[{\"@type\":\"ReadAction\",\"target\":[\"https:\/\/www.csj-emballages.com\/pt-pt\/produit\/ambientador-com-aroma-de-limao-em-aerossol-750-ml\/\"]}]},{\"@type\":\"ImageObject\",\"inLanguage\":\"pt-PT\",\"@id\":\"https:\/\/www.csj-emballages.com\/pt-pt\/produit\/ambientador-com-aroma-de-limao-em-aerossol-750-ml\/#primaryimage\",\"url\":\"https:\/\/www.csj-emballages.com\/wp-content\/uploads\/2024\/03\/2249750.webp\",\"contentUrl\":\"https:\/\/www.csj-emballages.com\/wp-content\/uploads\/2024\/03\/2249750.webp\",\"width\":800,\"height\":800,\"caption\":\"D\u00e9sodorisant parfum citron\"},{\"@type\":\"BreadcrumbList\",\"@id\":\"https:\/\/www.csj-emballages.com\/pt-pt\/produit\/ambientador-com-aroma-de-limao-em-aerossol-750-ml\/#breadcrumb\",\"itemListElement\":[{\"@type\":\"ListItem\",\"position\":1,\"name\":\"Acolhimento\",\"item\":\"https:\/\/www.csj-emballages.com\/pt-pt\/universo-das-embalagens-alimentares\/\"},{\"@type\":\"ListItem\",\"position\":2,\"name\":\"Shop\",\"item\":\"https:\/\/www.csj-emballages.com\/shop\/\"},{\"@type\":\"ListItem\",\"position\":3,\"name\":\"Ambientador com aroma a lim\u00e3o 750 ml\"}]},{\"@type\":\"WebSite\",\"@id\":\"https:\/\/www.csj-emballages.com\/pt-pt\/#website\",\"url\":\"https:\/\/www.csj-emballages.com\/pt-pt\/\",\"name\":\"CSJ Emballages\",\"description\":\"\",\"publisher\":{\"@id\":\"https:\/\/www.csj-emballages.com\/pt-pt\/#organization\"},\"potentialAction\":[{\"@type\":\"SearchAction\",\"target\":{\"@type\":\"EntryPoint\",\"urlTemplate\":\"https:\/\/www.csj-emballages.com\/pt-pt\/?s={search_term_string}\"},\"query-input\":{\"@type\":\"PropertyValueSpecification\",\"valueRequired\":true,\"valueName\":\"search_term_string\"}}],\"inLanguage\":\"pt-PT\"},{\"@type\":\"Organization\",\"@id\":\"https:\/\/www.csj-emballages.com\/pt-pt\/#Organization\/\",\"name\":\"CSJ Emballages\",\"url\":\"https:\/\/www.csj-emballages.com\/pt-pt\/\",\"logo\":{\"@type\":\"ImageObject\",\"inLanguage\":\"pt-PT\",\"@id\":\"https:\/\/www.csj-emballages.com\/pt-pt\/#\/schema\/logo\/image\/\",\"url\":\"https:\/\/www.csj-emballages.com\/wp-content\/uploads\/2023\/10\/logo_csj.webp\",\"contentUrl\":\"https:\/\/www.csj-emballages.com\/wp-content\/uploads\/2023\/10\/logo_csj.webp\",\"width\":250,\"height\":95,\"caption\":\"CSJ Emballages\"},\"image\":{\"@id\":\"https:\/\/www.csj-emballages.com\/pt-pt\/#\/schema\/logo\/image\/\"},\"sameAs\":[\"https:\/\/www.facebook.com\/csjemballages\"],\"address\":{\"@type\":\"PostalAddress\",\"streetAddress\":\"ZI La Lechere\",\"addressLocality\":\"Patornay\",\"postalCode\":\"39130\",\"addressCountry\":\"FR\"},\"contactPoint\":[{\"@type\":\"ContactPoint\",\"contactType\":\"Service client\",\"telephone\":\"0384254272\",\"email\":\"contact@csj-emballages.com\"}]}]}<\/script>\n<!-- \/ Yoast SEO Premium plugin. -->","yoast_head_json":{"title":"Ambientador com aroma a lim\u00e3o 750 ml","description":"Ambientador com aroma a lim\u00e3o 750 ml - Neutraliza os odores desagrad\u00e1veis e refresca qualquer divis\u00e3o em apenas algumas pulveriza\u00e7\u00f5es.","robots":{"index":"index","follow":"follow","max-snippet":"max-snippet:-1","max-image-preview":"max-image-preview:large","max-video-preview":"max-video-preview:-1"},"canonical":"https:\/\/www.csj-emballages.com\/pt-pt\/produit\/ambientador-com-aroma-de-limao-em-aerossol-750-ml\/","og_locale":"pt_PT","og_type":"article","og_title":"Ambientador com aroma a lim\u00e3o 750 ml","og_description":"Ambientador com aroma a lim\u00e3o 750 ml - Neutraliza os odores desagrad\u00e1veis e refresca qualquer divis\u00e3o em apenas algumas pulveriza\u00e7\u00f5es.","og_url":"https:\/\/www.csj-emballages.com\/pt-pt\/produit\/ambientador-com-aroma-de-limao-em-aerossol-750-ml\/","og_site_name":"CSJ Emballages","article_publisher":"https:\/\/www.facebook.com\/csjemballages","article_modified_time":"2026-03-17T01:10:44+00:00","og_image":[{"width":800,"height":800,"url":"https:\/\/www.csj-emballages.com\/wp-content\/uploads\/2024\/03\/2249750.webp","type":"image\/webp"}],"twitter_card":"summary_large_image","twitter_misc":{"Tempo estimado de leitura":"2 minutos"},"schema":{"@context":"https:\/\/schema.org","@graph":[{"@type":"WebPage","@id":"https:\/\/www.csj-emballages.com\/pt-pt\/produit\/ambientador-com-aroma-de-limao-em-aerossol-750-ml\/","url":"https:\/\/www.csj-emballages.com\/pt-pt\/produit\/ambientador-com-aroma-de-limao-em-aerossol-750-ml\/","name":"Ambientador com aroma a lim\u00e3o 750 ml","isPartOf":{"@id":"https:\/\/www.csj-emballages.com\/pt-pt\/#website"},"primaryImageOfPage":{"@id":"https:\/\/www.csj-emballages.com\/pt-pt\/produit\/ambientador-com-aroma-de-limao-em-aerossol-750-ml\/#primaryimage"},"image":{"@id":"https:\/\/www.csj-emballages.com\/pt-pt\/produit\/ambientador-com-aroma-de-limao-em-aerossol-750-ml\/#primaryimage"},"thumbnailUrl":"https:\/\/www.csj-emballages.com\/wp-content\/uploads\/2024\/03\/2249750.webp","datePublished":"2024-03-01T15:59:12+00:00","dateModified":"2026-03-17T01:10:44+00:00","description":"Ambientador com aroma a lim\u00e3o 750 ml - Neutraliza os odores desagrad\u00e1veis e refresca qualquer divis\u00e3o em apenas algumas pulveriza\u00e7\u00f5es.","breadcrumb":{"@id":"https:\/\/www.csj-emballages.com\/pt-pt\/produit\/ambientador-com-aroma-de-limao-em-aerossol-750-ml\/#breadcrumb"},"inLanguage":"pt-PT","potentialAction":[{"@type":"ReadAction","target":["https:\/\/www.csj-emballages.com\/pt-pt\/produit\/ambientador-com-aroma-de-limao-em-aerossol-750-ml\/"]}]},{"@type":"ImageObject","inLanguage":"pt-PT","@id":"https:\/\/www.csj-emballages.com\/pt-pt\/produit\/ambientador-com-aroma-de-limao-em-aerossol-750-ml\/#primaryimage","url":"https:\/\/www.csj-emballages.com\/wp-content\/uploads\/2024\/03\/2249750.webp","contentUrl":"https:\/\/www.csj-emballages.com\/wp-content\/uploads\/2024\/03\/2249750.webp","width":800,"height":800,"caption":"D\u00e9sodorisant parfum citron"},{"@type":"BreadcrumbList","@id":"https:\/\/www.csj-emballages.com\/pt-pt\/produit\/ambientador-com-aroma-de-limao-em-aerossol-750-ml\/#breadcrumb","itemListElement":[{"@type":"ListItem","position":1,"name":"Acolhimento","item":"https:\/\/www.csj-emballages.com\/pt-pt\/universo-das-embalagens-alimentares\/"},{"@type":"ListItem","position":2,"name":"Shop","item":"https:\/\/www.csj-emballages.com\/shop\/"},{"@type":"ListItem","position":3,"name":"Ambientador com aroma a lim\u00e3o 750 ml"}]},{"@type":"WebSite","@id":"https:\/\/www.csj-emballages.com\/pt-pt\/#website","url":"https:\/\/www.csj-emballages.com\/pt-pt\/","name":"CSJ Emballages","description":"","publisher":{"@id":"https:\/\/www.csj-emballages.com\/pt-pt\/#organization"},"potentialAction":[{"@type":"SearchAction","target":{"@type":"EntryPoint","urlTemplate":"https:\/\/www.csj-emballages.com\/pt-pt\/?s={search_term_string}"},"query-input":{"@type":"PropertyValueSpecification","valueRequired":true,"valueName":"search_term_string"}}],"inLanguage":"pt-PT"},{"@type":"Organization","@id":"https:\/\/www.csj-emballages.com\/pt-pt\/#Organization\/","name":"CSJ Emballages","url":"https:\/\/www.csj-emballages.com\/pt-pt\/","logo":{"@type":"ImageObject","inLanguage":"pt-PT","@id":"https:\/\/www.csj-emballages.com\/pt-pt\/#\/schema\/logo\/image\/","url":"https:\/\/www.csj-emballages.com\/wp-content\/uploads\/2023\/10\/logo_csj.webp","contentUrl":"https:\/\/www.csj-emballages.com\/wp-content\/uploads\/2023\/10\/logo_csj.webp","width":250,"height":95,"caption":"CSJ Emballages"},"image":{"@id":"https:\/\/www.csj-emballages.com\/pt-pt\/#\/schema\/logo\/image\/"},"sameAs":["https:\/\/www.facebook.com\/csjemballages"],"address":{"@type":"PostalAddress","streetAddress":"ZI La Lechere","addressLocality":"Patornay","postalCode":"39130","addressCountry":"FR"},"contactPoint":[{"@type":"ContactPoint","contactType":"Service client","telephone":"0384254272","email":"contact@csj-emballages.com"}]}]}},"df_price":4.67,"df_sale_price":"","df_regular_price":4.67,"df_image_link":"https:\/\/www.csj-emballages.com\/wp-content\/uploads\/2024\/03\/2249750-300x300.webp","tiered_pricing_type":"fixed","tiered_pricing_fixed_rules":[],"tiered_pricing_percentage_rules":[],"tiered_pricing_minimum":1,"tiered_pricing_roles_data":[],"_links":{"self":[{"href":"https:\/\/www.csj-emballages.com\/pt-pt\/wp-json\/wp\/v2\/product\/18927","targetHints":{"allow":["GET"]}}],"collection":[{"href":"https:\/\/www.csj-emballages.com\/pt-pt\/wp-json\/wp\/v2\/product"}],"about":[{"href":"https:\/\/www.csj-emballages.com\/pt-pt\/wp-json\/wp\/v2\/types\/product"}],"wp:featuredmedia":[{"embeddable":true,"href":"https:\/\/www.csj-emballages.com\/pt-pt\/wp-json\/wp\/v2\/media\/239229"}],"wp:attachment":[{"href":"https:\/\/www.csj-emballages.com\/pt-pt\/wp-json\/wp\/v2\/media?parent=18927"}],"wp:term":[{"taxonomy":"product_brand","embeddable":true,"href":"https:\/\/www.csj-emballages.com\/pt-pt\/wp-json\/wp\/v2\/product_brand?post=18927"},{"taxonomy":"product_cat","embeddable":true,"href":"https:\/\/www.csj-emballages.com\/pt-pt\/wp-json\/wp\/v2\/product_cat?post=18927"},{"taxonomy":"product_tag","embeddable":true,"href":"https:\/\/www.csj-emballages.com\/pt-pt\/wp-json\/wp\/v2\/product_tag?post=18927"}],"curies":[{"name":"wp","href":"https:\/\/api.w.org\/{rel}","templated":true}]}}