{"id":18863,"date":"2024-03-01T16:59:13","date_gmt":"2024-03-01T15:59:13","guid":{"rendered":"https:\/\/u15jnbdpoq.preview.infomaniak.website\/produit\/caderno-de-notas-sem-carbono-50-com-tres-dobras-210-x-140-mm\/"},"modified":"2026-04-03T02:12:07","modified_gmt":"2026-04-03T00:12:07","slug":"caderno-de-notas-sem-carbono-50-com-tres-dobras-210-x-140-mm","status":"publish","type":"product","link":"https:\/\/www.csj-emballages.com\/pt-pt\/produit\/caderno-de-notas-sem-carbono-50-com-tres-dobras-210-x-140-mm\/","title":{"rendered":"50 cadernos de notas sem carbono com tr\u00eas dobras quadradas 210 x 140 mm"},"content":{"rendered":"<h2 class=\"p1\">Bloco de notas quadrado sem carbono<\/h2>\n<hr>\n<h3>Descri\u00e7\u00e3o do nosso caderno quadrado autocopiativo 50 triplo 210 x 140 mm<\/h3>\n<p><!--more--><\/p>\n<div class=\"flex-shrink-0 flex flex-col relative items-end\">\n<div class=\"pt-0.5 juice:pt-0\">\n<div class=\"gizmo-bot-avatar flex h-6 w-6 items-center justify-center overflow-hidden rounded-full juice:h-8 juice:w-8\">\n<div class=\"relative p-1 rounded-sm flex items-center justify-center bg-token-main-surface-primary text-token-text-primary h-8 w-8\">\n<p class=\"\" data-start=\"217\" data-end=\"671\">Concebido para profissionais que necessitam de manter um registo fi\u00e1vel e organizado dos seus escritos, este <strong data-start=\"325\" data-end=\"371\">bloco de notas sem carbono quadrado 5&#215;5 com tr\u00eas dobras<\/strong> \u00e9 essencial para o dia a dia. Quer se trate de acompanhar o trabalho, de gerir ordens de compra, de fazer declara\u00e7\u00f5es t\u00e9cnicas ou de elaborar relat\u00f3rios de obra, poder\u00e1 tomar notas r\u00e1pidas e claras, duplicando automaticamente os seus dados em triplicado. <\/p>\n<p class=\"\" data-start=\"673\" data-end=\"759\">Este <strong>caderno<\/strong> cont\u00e9m <strong>50 folhas<\/strong> <strong>numeradas<\/strong>, cada uma dividida em <strong>tr\u00eas sec\u00e7\u00f5es<\/strong><\/p>\n<ul data-start=\"760\" data-end=\"1178\">\n<li class=\"\" data-start=\"760\" data-end=\"898\">\n<p class=\"\" data-start=\"762\" data-end=\"898\">A <strong data-start=\"765\" data-end=\"790\">primeira folha (CB),<\/strong> feita de papel de 56 g\/m\u00b2, \u00e9 impressa com <strong data-start=\"838\" data-end=\"853\">tinta azul<\/strong> para uma leitura clara e profissional.<\/p>\n<\/li>\n<li class=\"\" data-start=\"899\" data-end=\"1046\">\n<p class=\"\" data-start=\"901\" data-end=\"1046\">A <strong data-start=\"904\" data-end=\"931\">segunda folha (CFB)<\/strong>, ligeiramente mais fina (53 g\/m\u00b2), \u00e9 impressa a <strong data-start=\"979\" data-end=\"988\">vermelho<\/strong>, o que facilita a classifica\u00e7\u00e3o e a diferencia\u00e7\u00e3o r\u00e1pida.<\/p>\n<\/li>\n<li class=\"\" data-start=\"1047\" data-end=\"1178\">\n<p class=\"\" data-start=\"1049\" data-end=\"1178\">Por fim, o <strong data-start=\"1059\" data-end=\"1086\">terceiro folheto (CF)<\/strong>, em 57 g\/m\u00b2, \u00e9 impresso a <strong data-start=\"1115\" data-end=\"1123\">verde<\/strong>, acrescentando uma \u00faltima camada de organiza\u00e7\u00e3o visual.<\/p>\n<\/li>\n<\/ul>\n<p class=\"\" data-start=\"1180\" data-end=\"1466\">Al\u00e9m disso, o seu <strong data-start=\"1184\" data-end=\"1215\">formato compacto de 210 x 140 mm<\/strong> facilita a sua coloca\u00e7\u00e3o na mala ou na gaveta, oferecendo ao mesmo tempo um amplo espa\u00e7o de escrita gra\u00e7as \u00e0 grelha 5&#215;5. Em suma, \u00e9 uma ferramenta de campo pr\u00e1tica, robusta e leg\u00edvel, concebida para registar os seus dias atarefados sem nunca falhar. <\/p>\n<p data-start=\"1180\" data-end=\"1466\">\n<\/div>\n<\/div>\n<\/div>\n<\/div>\n<p><!--more--><\/p>\n<p><strong>As suas vantagens:<\/strong><\/p>\n<ul>\n<li><strong>Tripli<\/strong>: 3 exemplares por folheto para uma rastreabilidade total.<\/li>\n<li>Este bloco de notas quadrado sem carbono \u00e9 numerado em cada p\u00e1gina para um controlo preciso.<\/li>\n<li><strong>Impress\u00e3o a tr\u00eas cores<\/strong>: azul, vermelho e verde para uma identifica\u00e7\u00e3o f\u00e1cil.<\/li>\n<li>A sua grelha 5&#215;5 torna-a ideal para diagramas, tabelas e anota\u00e7\u00f5es precisas.<\/li>\n<li>Formato pr\u00e1tico e f\u00e1cil de transportar.<\/li>\n<\/ul>\n<p>&nbsp;<\/p>\n<p><!--more--><\/p>\n<h4>Outras informa\u00e7\u00f5es :<\/h4>\n<ul>\n<li><strong>Embalagem<\/strong>: Vendido individualmente<\/li>\n<li><strong>Dimens\u00f5es<\/strong>: 210 x 140 (C x L em mm).<\/li>\n<li><strong>N\u00famero de p\u00e1ginas<\/strong>: 50 tripli<\/li>\n<li><strong>Material<\/strong>: Papel<\/li>\n<\/ul>\n<p>&nbsp;<\/p>\n<p><!--more--><\/p>\n<p>Este tipo de caderno em 210 x 140 mm tamb\u00e9m est\u00e1 dispon\u00edvel em 1 duplicado: <span style=\"color: #d12727\"><a style=\"color: #d12727\" href=\"https:\/\/www.csj-emballages.com\/es\/produit\/cuaderno-autocopiativo-50-dupli-210-x-140-mm\/\">2133<\/a><\/span><\/p>\n<p>&nbsp;<\/p>\n<p><!--more--><\/p>\n<p><a href=\"https:\/\/www.csj-emballages.com\/pt-pt\/categorie-produit\/embalagem-de-alimentos\/loja-e-armazem\/artigos-de-papelaria-e-pequenos-artigos\/cadernos\/\">Ver o resto da nossa gama de computadores port\u00e1teis<\/a><\/p>\n","protected":false},"excerpt":{"rendered":"<p>Bloco de notas quadrado sem carbono Descri\u00e7\u00e3o do nosso caderno quadrado autocopiativo 50 triplo 210 x 140 mm<\/p>\n","protected":false},"featured_media":231573,"template":"","meta":{"_acf_changed":false},"product_brand":[],"product_cat":[1482,1927,1944],"product_tag":[],"class_list":{"0":"post-18863","1":"product","2":"type-product","3":"status-publish","4":"has-post-thumbnail","6":"product_cat-loja-e-armazem","7":"product_cat-artigos-de-papelaria-e-pequenos-artigos","8":"product_cat-cadernos-de-notas-sem-carbono","10":"first","11":"instock","12":"taxable","13":"shipping-taxable","14":"purchasable","15":"product-type-simple"},"acf":[],"yoast_head":"<!-- This site is optimized with the Yoast SEO Premium plugin v26.6 (Yoast SEO v26.6) - https:\/\/yoast.com\/wordpress\/plugins\/seo\/ -->\n<title>Caderno autocopiador quadriculado 50 com tr\u00eas dobras 210 x 140 mm<\/title>\n<meta name=\"description\" content=\"Bloco de notas triplo quadrado sem carbono de 210 x 140 mm - 50 folhas numeradas com impress\u00e3o azul, vermelha e verde. Pr\u00e1tico, robusto e profissional.\" \/>\n<meta name=\"robots\" content=\"index, follow, max-snippet:-1, max-image-preview:large, max-video-preview:-1\" \/>\n<link rel=\"canonical\" href=\"https:\/\/www.csj-emballages.com\/pt-pt\/produit\/caderno-de-notas-sem-carbono-50-com-tres-dobras-210-x-140-mm\/\" \/>\n<meta property=\"og:locale\" content=\"pt_PT\" \/>\n<meta property=\"og:type\" content=\"article\" \/>\n<meta property=\"og:title\" content=\"50 cadernos de notas sem carbono com tr\u00eas dobras quadradas 210 x 140 mm\" \/>\n<meta property=\"og:description\" content=\"Bloco de notas triplo quadrado sem carbono de 210 x 140 mm - 50 folhas numeradas com impress\u00e3o azul, vermelha e verde. Pr\u00e1tico, robusto e profissional.\" \/>\n<meta property=\"og:url\" content=\"https:\/\/www.csj-emballages.com\/pt-pt\/produit\/caderno-de-notas-sem-carbono-50-com-tres-dobras-210-x-140-mm\/\" \/>\n<meta property=\"og:site_name\" content=\"CSJ Emballages\" \/>\n<meta property=\"article:publisher\" content=\"https:\/\/www.facebook.com\/csjemballages\" \/>\n<meta property=\"article:modified_time\" content=\"2026-04-03T00:12:07+00:00\" \/>\n<meta property=\"og:image\" content=\"https:\/\/www.csj-emballages.com\/wp-content\/uploads\/2024\/03\/2134.webp\" \/>\n\t<meta property=\"og:image:width\" content=\"800\" \/>\n\t<meta property=\"og:image:height\" content=\"800\" \/>\n\t<meta property=\"og:image:type\" content=\"image\/webp\" \/>\n<meta name=\"twitter:card\" content=\"summary_large_image\" \/>\n<meta name=\"twitter:label1\" content=\"Tempo estimado de leitura\" \/>\n\t<meta name=\"twitter:data1\" content=\"2 minutos\" \/>\n<script type=\"application\/ld+json\" class=\"yoast-schema-graph\">{\"@context\":\"https:\/\/schema.org\",\"@graph\":[{\"@type\":\"WebPage\",\"@id\":\"https:\/\/www.csj-emballages.com\/pt-pt\/produit\/caderno-de-notas-sem-carbono-50-com-tres-dobras-210-x-140-mm\/\",\"url\":\"https:\/\/www.csj-emballages.com\/pt-pt\/produit\/caderno-de-notas-sem-carbono-50-com-tres-dobras-210-x-140-mm\/\",\"name\":\"Caderno autocopiador quadriculado 50 com tr\u00eas dobras 210 x 140 mm\",\"isPartOf\":{\"@id\":\"https:\/\/www.csj-emballages.com\/pt-pt\/#website\"},\"primaryImageOfPage\":{\"@id\":\"https:\/\/www.csj-emballages.com\/pt-pt\/produit\/caderno-de-notas-sem-carbono-50-com-tres-dobras-210-x-140-mm\/#primaryimage\"},\"image\":{\"@id\":\"https:\/\/www.csj-emballages.com\/pt-pt\/produit\/caderno-de-notas-sem-carbono-50-com-tres-dobras-210-x-140-mm\/#primaryimage\"},\"thumbnailUrl\":\"https:\/\/www.csj-emballages.com\/wp-content\/uploads\/2024\/03\/2134.webp\",\"datePublished\":\"2024-03-01T15:59:13+00:00\",\"dateModified\":\"2026-04-03T00:12:07+00:00\",\"description\":\"Bloco de notas triplo quadrado sem carbono de 210 x 140 mm - 50 folhas numeradas com impress\u00e3o azul, vermelha e verde. Pr\u00e1tico, robusto e profissional.\",\"breadcrumb\":{\"@id\":\"https:\/\/www.csj-emballages.com\/pt-pt\/produit\/caderno-de-notas-sem-carbono-50-com-tres-dobras-210-x-140-mm\/#breadcrumb\"},\"inLanguage\":\"pt-PT\",\"potentialAction\":[{\"@type\":\"ReadAction\",\"target\":[\"https:\/\/www.csj-emballages.com\/pt-pt\/produit\/caderno-de-notas-sem-carbono-50-com-tres-dobras-210-x-140-mm\/\"]}]},{\"@type\":\"ImageObject\",\"inLanguage\":\"pt-PT\",\"@id\":\"https:\/\/www.csj-emballages.com\/pt-pt\/produit\/caderno-de-notas-sem-carbono-50-com-tres-dobras-210-x-140-mm\/#primaryimage\",\"url\":\"https:\/\/www.csj-emballages.com\/wp-content\/uploads\/2024\/03\/2134.webp\",\"contentUrl\":\"https:\/\/www.csj-emballages.com\/wp-content\/uploads\/2024\/03\/2134.webp\",\"width\":800,\"height\":800,\"caption\":\"carnet autocopiant quadrill\u00e9\"},{\"@type\":\"BreadcrumbList\",\"@id\":\"https:\/\/www.csj-emballages.com\/pt-pt\/produit\/caderno-de-notas-sem-carbono-50-com-tres-dobras-210-x-140-mm\/#breadcrumb\",\"itemListElement\":[{\"@type\":\"ListItem\",\"position\":1,\"name\":\"Acolhimento\",\"item\":\"https:\/\/www.csj-emballages.com\/pt-pt\/universo-das-embalagens-alimentares\/\"},{\"@type\":\"ListItem\",\"position\":2,\"name\":\"Shop\",\"item\":\"https:\/\/www.csj-emballages.com\/shop\/\"},{\"@type\":\"ListItem\",\"position\":3,\"name\":\"50 cadernos de notas sem carbono com tr\u00eas dobras quadradas 210 x 140 mm\"}]},{\"@type\":\"WebSite\",\"@id\":\"https:\/\/www.csj-emballages.com\/pt-pt\/#website\",\"url\":\"https:\/\/www.csj-emballages.com\/pt-pt\/\",\"name\":\"CSJ Emballages\",\"description\":\"\",\"publisher\":{\"@id\":\"https:\/\/www.csj-emballages.com\/pt-pt\/#organization\"},\"potentialAction\":[{\"@type\":\"SearchAction\",\"target\":{\"@type\":\"EntryPoint\",\"urlTemplate\":\"https:\/\/www.csj-emballages.com\/pt-pt\/?s={search_term_string}\"},\"query-input\":{\"@type\":\"PropertyValueSpecification\",\"valueRequired\":true,\"valueName\":\"search_term_string\"}}],\"inLanguage\":\"pt-PT\"},{\"@type\":\"Organization\",\"@id\":\"https:\/\/www.csj-emballages.com\/pt-pt\/#Organization\/\",\"name\":\"CSJ Emballages\",\"url\":\"https:\/\/www.csj-emballages.com\/pt-pt\/\",\"logo\":{\"@type\":\"ImageObject\",\"inLanguage\":\"pt-PT\",\"@id\":\"https:\/\/www.csj-emballages.com\/pt-pt\/#\/schema\/logo\/image\/\",\"url\":\"https:\/\/www.csj-emballages.com\/wp-content\/uploads\/2023\/10\/logo_csj.webp\",\"contentUrl\":\"https:\/\/www.csj-emballages.com\/wp-content\/uploads\/2023\/10\/logo_csj.webp\",\"width\":250,\"height\":95,\"caption\":\"CSJ Emballages\"},\"image\":{\"@id\":\"https:\/\/www.csj-emballages.com\/pt-pt\/#\/schema\/logo\/image\/\"},\"sameAs\":[\"https:\/\/www.facebook.com\/csjemballages\"],\"address\":{\"@type\":\"PostalAddress\",\"streetAddress\":\"ZI La Lechere\",\"addressLocality\":\"Patornay\",\"postalCode\":\"39130\",\"addressCountry\":\"FR\"},\"contactPoint\":[{\"@type\":\"ContactPoint\",\"contactType\":\"Service client\",\"telephone\":\"0384254272\",\"email\":\"contact@csj-emballages.com\"}]}]}<\/script>\n<!-- \/ Yoast SEO Premium plugin. -->","yoast_head_json":{"title":"Caderno autocopiador quadriculado 50 com tr\u00eas dobras 210 x 140 mm","description":"Bloco de notas triplo quadrado sem carbono de 210 x 140 mm - 50 folhas numeradas com impress\u00e3o azul, vermelha e verde. Pr\u00e1tico, robusto e profissional.","robots":{"index":"index","follow":"follow","max-snippet":"max-snippet:-1","max-image-preview":"max-image-preview:large","max-video-preview":"max-video-preview:-1"},"canonical":"https:\/\/www.csj-emballages.com\/pt-pt\/produit\/caderno-de-notas-sem-carbono-50-com-tres-dobras-210-x-140-mm\/","og_locale":"pt_PT","og_type":"article","og_title":"50 cadernos de notas sem carbono com tr\u00eas dobras quadradas 210 x 140 mm","og_description":"Bloco de notas triplo quadrado sem carbono de 210 x 140 mm - 50 folhas numeradas com impress\u00e3o azul, vermelha e verde. Pr\u00e1tico, robusto e profissional.","og_url":"https:\/\/www.csj-emballages.com\/pt-pt\/produit\/caderno-de-notas-sem-carbono-50-com-tres-dobras-210-x-140-mm\/","og_site_name":"CSJ Emballages","article_publisher":"https:\/\/www.facebook.com\/csjemballages","article_modified_time":"2026-04-03T00:12:07+00:00","og_image":[{"width":800,"height":800,"url":"https:\/\/www.csj-emballages.com\/wp-content\/uploads\/2024\/03\/2134.webp","type":"image\/webp"}],"twitter_card":"summary_large_image","twitter_misc":{"Tempo estimado de leitura":"2 minutos"},"schema":{"@context":"https:\/\/schema.org","@graph":[{"@type":"WebPage","@id":"https:\/\/www.csj-emballages.com\/pt-pt\/produit\/caderno-de-notas-sem-carbono-50-com-tres-dobras-210-x-140-mm\/","url":"https:\/\/www.csj-emballages.com\/pt-pt\/produit\/caderno-de-notas-sem-carbono-50-com-tres-dobras-210-x-140-mm\/","name":"Caderno autocopiador quadriculado 50 com tr\u00eas dobras 210 x 140 mm","isPartOf":{"@id":"https:\/\/www.csj-emballages.com\/pt-pt\/#website"},"primaryImageOfPage":{"@id":"https:\/\/www.csj-emballages.com\/pt-pt\/produit\/caderno-de-notas-sem-carbono-50-com-tres-dobras-210-x-140-mm\/#primaryimage"},"image":{"@id":"https:\/\/www.csj-emballages.com\/pt-pt\/produit\/caderno-de-notas-sem-carbono-50-com-tres-dobras-210-x-140-mm\/#primaryimage"},"thumbnailUrl":"https:\/\/www.csj-emballages.com\/wp-content\/uploads\/2024\/03\/2134.webp","datePublished":"2024-03-01T15:59:13+00:00","dateModified":"2026-04-03T00:12:07+00:00","description":"Bloco de notas triplo quadrado sem carbono de 210 x 140 mm - 50 folhas numeradas com impress\u00e3o azul, vermelha e verde. Pr\u00e1tico, robusto e profissional.","breadcrumb":{"@id":"https:\/\/www.csj-emballages.com\/pt-pt\/produit\/caderno-de-notas-sem-carbono-50-com-tres-dobras-210-x-140-mm\/#breadcrumb"},"inLanguage":"pt-PT","potentialAction":[{"@type":"ReadAction","target":["https:\/\/www.csj-emballages.com\/pt-pt\/produit\/caderno-de-notas-sem-carbono-50-com-tres-dobras-210-x-140-mm\/"]}]},{"@type":"ImageObject","inLanguage":"pt-PT","@id":"https:\/\/www.csj-emballages.com\/pt-pt\/produit\/caderno-de-notas-sem-carbono-50-com-tres-dobras-210-x-140-mm\/#primaryimage","url":"https:\/\/www.csj-emballages.com\/wp-content\/uploads\/2024\/03\/2134.webp","contentUrl":"https:\/\/www.csj-emballages.com\/wp-content\/uploads\/2024\/03\/2134.webp","width":800,"height":800,"caption":"carnet autocopiant quadrill\u00e9"},{"@type":"BreadcrumbList","@id":"https:\/\/www.csj-emballages.com\/pt-pt\/produit\/caderno-de-notas-sem-carbono-50-com-tres-dobras-210-x-140-mm\/#breadcrumb","itemListElement":[{"@type":"ListItem","position":1,"name":"Acolhimento","item":"https:\/\/www.csj-emballages.com\/pt-pt\/universo-das-embalagens-alimentares\/"},{"@type":"ListItem","position":2,"name":"Shop","item":"https:\/\/www.csj-emballages.com\/shop\/"},{"@type":"ListItem","position":3,"name":"50 cadernos de notas sem carbono com tr\u00eas dobras quadradas 210 x 140 mm"}]},{"@type":"WebSite","@id":"https:\/\/www.csj-emballages.com\/pt-pt\/#website","url":"https:\/\/www.csj-emballages.com\/pt-pt\/","name":"CSJ Emballages","description":"","publisher":{"@id":"https:\/\/www.csj-emballages.com\/pt-pt\/#organization"},"potentialAction":[{"@type":"SearchAction","target":{"@type":"EntryPoint","urlTemplate":"https:\/\/www.csj-emballages.com\/pt-pt\/?s={search_term_string}"},"query-input":{"@type":"PropertyValueSpecification","valueRequired":true,"valueName":"search_term_string"}}],"inLanguage":"pt-PT"},{"@type":"Organization","@id":"https:\/\/www.csj-emballages.com\/pt-pt\/#Organization\/","name":"CSJ Emballages","url":"https:\/\/www.csj-emballages.com\/pt-pt\/","logo":{"@type":"ImageObject","inLanguage":"pt-PT","@id":"https:\/\/www.csj-emballages.com\/pt-pt\/#\/schema\/logo\/image\/","url":"https:\/\/www.csj-emballages.com\/wp-content\/uploads\/2023\/10\/logo_csj.webp","contentUrl":"https:\/\/www.csj-emballages.com\/wp-content\/uploads\/2023\/10\/logo_csj.webp","width":250,"height":95,"caption":"CSJ Emballages"},"image":{"@id":"https:\/\/www.csj-emballages.com\/pt-pt\/#\/schema\/logo\/image\/"},"sameAs":["https:\/\/www.facebook.com\/csjemballages"],"address":{"@type":"PostalAddress","streetAddress":"ZI La Lechere","addressLocality":"Patornay","postalCode":"39130","addressCountry":"FR"},"contactPoint":[{"@type":"ContactPoint","contactType":"Service client","telephone":"0384254272","email":"contact@csj-emballages.com"}]}]}},"df_price":4.24,"df_sale_price":"","df_regular_price":4.24,"df_image_link":"https:\/\/www.csj-emballages.com\/wp-content\/uploads\/2024\/03\/2134-300x300.webp","tiered_pricing_type":"fixed","tiered_pricing_fixed_rules":[],"tiered_pricing_percentage_rules":[],"tiered_pricing_minimum":1,"tiered_pricing_roles_data":[],"_links":{"self":[{"href":"https:\/\/www.csj-emballages.com\/pt-pt\/wp-json\/wp\/v2\/product\/18863","targetHints":{"allow":["GET"]}}],"collection":[{"href":"https:\/\/www.csj-emballages.com\/pt-pt\/wp-json\/wp\/v2\/product"}],"about":[{"href":"https:\/\/www.csj-emballages.com\/pt-pt\/wp-json\/wp\/v2\/types\/product"}],"wp:featuredmedia":[{"embeddable":true,"href":"https:\/\/www.csj-emballages.com\/pt-pt\/wp-json\/wp\/v2\/media\/231573"}],"wp:attachment":[{"href":"https:\/\/www.csj-emballages.com\/pt-pt\/wp-json\/wp\/v2\/media?parent=18863"}],"wp:term":[{"taxonomy":"product_brand","embeddable":true,"href":"https:\/\/www.csj-emballages.com\/pt-pt\/wp-json\/wp\/v2\/product_brand?post=18863"},{"taxonomy":"product_cat","embeddable":true,"href":"https:\/\/www.csj-emballages.com\/pt-pt\/wp-json\/wp\/v2\/product_cat?post=18863"},{"taxonomy":"product_tag","embeddable":true,"href":"https:\/\/www.csj-emballages.com\/pt-pt\/wp-json\/wp\/v2\/product_tag?post=18863"}],"curies":[{"name":"wp","href":"https:\/\/api.w.org\/{rel}","templated":true}]}}