{"id":18859,"date":"2024-03-01T16:59:12","date_gmt":"2024-03-01T15:59:12","guid":{"rendered":"https:\/\/u15jnbdpoq.preview.infomaniak.website\/produit\/blocos-de-cervejaria-50-tripli-259-x-100-mm\/"},"modified":"2026-04-18T02:11:51","modified_gmt":"2026-04-18T00:11:51","slug":"blocos-de-cervejaria-50-tripli-259-x-100-mm","status":"publish","type":"product","link":"https:\/\/www.csj-emballages.com\/pt-pt\/produit\/blocos-de-cervejaria-50-tripli-259-x-100-mm\/","title":{"rendered":"Bloco de apontamentos para brasserie 50 triplicado 259 x 100 mm"},"content":{"rendered":"<h2>Bloco de brasserie<\/h2>\n<hr>\n<h3>Descubra o nosso bloco de apontamentos para brasserie 50 triplicado 259 x 100 mm<\/h3>\n<p><!--more--><\/p>\n<p data-start=\"246\" data-end=\"522\">Quando o servi\u00e7o come\u00e7a e tudo acelera, \u00e9 preciso poder contar com suportes simples, claros e eficazes. O <strong data-start=\"369\" data-end=\"410\">bloco de apontamentos para brasserie 50 triplicado 259 x 100 mm<\/strong> foi precisamente concebido para acompanhar o ritmo dos caf\u00e9s, brasseries e restaurantes, sem complicar o dia a dia. <\/p>\n<p data-start=\"524\" data-end=\"889\">O seu <strong data-start=\"528\" data-end=\"547\">formato vertical<\/strong>, estreito e pr\u00e1tico, cabe perfeitamente na m\u00e3o ou num bolso de avental. Com as suas dimens\u00f5es <strong data-start=\"646\" data-end=\"664\">A259 x L100 mm<\/strong>, deixa espa\u00e7o suficiente para anotar os pedidos de forma leg\u00edvel, mantendo-se compacto. A <strong>organiza\u00e7\u00e3o clara<\/strong> permite separar facilmente as informa\u00e7\u00f5es, o que limita os erros durante os momentos de maior movimento.  <\/p>\n<p data-start=\"891\" data-end=\"1320\">Gra\u00e7as \u00e0s suas <strong data-start=\"903\" data-end=\"926\">50 folhas triplicadas<\/strong>, cada pedido \u00e9 automaticamente <strong>duplicado em tr\u00eas exemplares<\/strong>. \u00c9 ideal para guardar um registo, transmitir a informa\u00e7\u00e3o na cozinha e garantir o acompanhamento na caixa, tudo sem ter de reescrever. O <strong>papel interior branco<\/strong>, associado a uma <strong data-start=\"1171\" data-end=\"1199\">qualidade de 56-53-57 g\/m\u00b2<\/strong>, oferece um bom equil\u00edbrio: \u00e9 leve o suficiente para escrever facilmente, mas suficientemente resistente para uma utiliza\u00e7\u00e3o intensiva.  <\/p>\n<p data-start=\"1322\" data-end=\"1552\">No que diz respeito ao visual, a associa\u00e7\u00e3o <strong data-start=\"1349\" data-end=\"1366\">branco e verde<\/strong> confere um toque s\u00f3brio e profissional, perfeitamente adaptado ao universo CHR. Este bloco integra-se naturalmente num balc\u00e3o ou na organiza\u00e7\u00e3o do servi\u00e7o, sem exagerar. <\/p>\n<p data-start=\"1554\" data-end=\"1702\">Em resumo, este <strong>bloco de apontamentos para brasserie<\/strong> \u00e9 uma ferramenta fi\u00e1vel, pensada para poupar tempo, manter-se organizado e trabalhar com mais serenidade, servi\u00e7o ap\u00f3s servi\u00e7o.<\/p>\n<p data-start=\"1554\" data-end=\"1652\"><!--more--><\/p>\n<h4 data-start=\"1554\" data-end=\"1652\">Vantagens :<\/h4>\n<ul>\n<li data-start=\"1729\" data-end=\"1770\">Formato vertical pr\u00e1tico e ergon\u00f3mico<\/li>\n<li data-start=\"1773\" data-end=\"1817\"><strong>50 folhas triplicadas<\/strong> para um acompanhamento eficaz<\/li>\n<li data-start=\"1820\" data-end=\"1859\"><strong>Papel leve<\/strong> e agrad\u00e1vel para escrever<\/li>\n<li data-start=\"1862\" data-end=\"1894\">Apresenta\u00e7\u00e3o clara e leg\u00edvel<\/li>\n<li data-start=\"1897\" data-end=\"1941\">Adaptado a bares, brasseries e restaurantes.<\/li>\n<\/ul>\n<p>&nbsp;<\/p>\n<p><!--more--><\/p>\n<h4>Outras informa\u00e7\u00f5es :<\/h4>\n<ul>\n<li><strong>Embalagem<\/strong>: Por unidade<\/li>\n<li><strong>Dimens\u00f5es<\/strong>: 259 x 100 mm<\/li>\n<li><strong>Modelo<\/strong>: Bloco de brasserie<\/li>\n<li><strong>Papel interior<\/strong>: Branco<\/li>\n<li><strong>Gramagem<\/strong>: 56-53-57 gr\/m\u00b2<\/li>\n<li><strong>N\u00famero de p\u00e1ginas &#8211; folhas<\/strong>: 50 triplicadas<\/li>\n<\/ul>\n<p>&nbsp;<\/p>\n<p><!--more--><\/p>\n<p>Encontre tamb\u00e9m o nosso bloco de apontamentos para brasserie duplicado: <span style=\"color: #d12727;\"><a style=\"color: #d12727;\" href=\"https:\/\/www.csj-emballages.com\/es\/produit\/bloques-cerveceros-50-dupli-259-x-100-mm\/\">2208<\/a><\/span><\/p>\n<p>&nbsp;<\/p>\n<p><!--more--><\/p>\n<p><a href=\"https:\/\/www.csj-emballages.com\/pt-pt\/categorie-produit\/embalagem-de-alimentos\/loja-e-armazem\/artigos-de-papelaria-e-pequenos-artigos\/blocos\/\">Consulte o resto da nossa gama de blocos<\/a><\/p>\n","protected":false},"excerpt":{"rendered":"<p>Bloco de brasserie Descubra o nosso bloco de apontamentos para brasserie 50 triplicado 259 x 100 mm<\/p>\n","protected":false},"featured_media":260381,"template":"","meta":{"_acf_changed":false},"product_brand":[],"product_cat":[1141,1482,1927,3924],"product_tag":[],"class_list":{"0":"post-18859","1":"product","2":"type-product","3":"status-publish","4":"has-post-thumbnail","6":"product_cat-embalagem-de-alimentos","7":"product_cat-loja-e-armazem","8":"product_cat-artigos-de-papelaria-e-pequenos-artigos","9":"product_cat-blocos","11":"first","12":"instock","13":"taxable","14":"shipping-taxable","15":"purchasable","16":"product-type-simple"},"acf":[],"yoast_head":"<!-- This site is optimized with the Yoast SEO Premium plugin v26.6 (Yoast SEO v26.6) - https:\/\/yoast.com\/wordpress\/plugins\/seo\/ -->\n<title>Bloco de Apontamentos para Brasserie 50 Triplicado 259 x 100 mm<\/title>\n<meta name=\"description\" content=\"Bloco de apontamentos para brasserie 50 triplicado 259 x 100 mm branco e verde, papel leve e pr\u00e1tico. Ideal para tirar pedidos rapidamente em caf\u00e9s, bares ou restaurantes.\" \/>\n<meta name=\"robots\" content=\"index, follow, max-snippet:-1, max-image-preview:large, max-video-preview:-1\" \/>\n<link rel=\"canonical\" href=\"https:\/\/www.csj-emballages.com\/pt-pt\/produit\/blocos-de-cervejaria-50-tripli-259-x-100-mm\/\" \/>\n<meta property=\"og:locale\" content=\"pt_PT\" \/>\n<meta property=\"og:type\" content=\"article\" \/>\n<meta property=\"og:title\" content=\"Bloco de apontamentos para brasserie 50 triplicado 259 x 100 mm\" \/>\n<meta property=\"og:description\" content=\"Bloco de apontamentos para brasserie 50 triplicado 259 x 100 mm branco e verde, papel leve e pr\u00e1tico. Ideal para tirar pedidos rapidamente em caf\u00e9s, bares ou restaurantes.\" \/>\n<meta property=\"og:url\" content=\"https:\/\/www.csj-emballages.com\/pt-pt\/produit\/blocos-de-cervejaria-50-tripli-259-x-100-mm\/\" \/>\n<meta property=\"og:site_name\" content=\"CSJ Emballages\" \/>\n<meta property=\"article:publisher\" content=\"https:\/\/www.facebook.com\/csjemballages\" \/>\n<meta property=\"article:modified_time\" content=\"2026-04-18T00:11:51+00:00\" \/>\n<meta property=\"og:image\" content=\"https:\/\/www.csj-emballages.com\/wp-content\/uploads\/2024\/03\/2218.webp\" \/>\n\t<meta property=\"og:image:width\" content=\"800\" \/>\n\t<meta property=\"og:image:height\" content=\"800\" \/>\n\t<meta property=\"og:image:type\" content=\"image\/webp\" \/>\n<meta name=\"twitter:card\" content=\"summary_large_image\" \/>\n<meta name=\"twitter:label1\" content=\"Tempo estimado de leitura\" \/>\n\t<meta name=\"twitter:data1\" content=\"2 minutos\" \/>\n<script type=\"application\/ld+json\" class=\"yoast-schema-graph\">{\"@context\":\"https:\/\/schema.org\",\"@graph\":[{\"@type\":\"WebPage\",\"@id\":\"https:\/\/www.csj-emballages.com\/pt-pt\/produit\/blocos-de-cervejaria-50-tripli-259-x-100-mm\/\",\"url\":\"https:\/\/www.csj-emballages.com\/pt-pt\/produit\/blocos-de-cervejaria-50-tripli-259-x-100-mm\/\",\"name\":\"Bloco de Apontamentos para Brasserie 50 Triplicado 259 x 100 mm\",\"isPartOf\":{\"@id\":\"https:\/\/www.csj-emballages.com\/pt-pt\/#website\"},\"primaryImageOfPage\":{\"@id\":\"https:\/\/www.csj-emballages.com\/pt-pt\/produit\/blocos-de-cervejaria-50-tripli-259-x-100-mm\/#primaryimage\"},\"image\":{\"@id\":\"https:\/\/www.csj-emballages.com\/pt-pt\/produit\/blocos-de-cervejaria-50-tripli-259-x-100-mm\/#primaryimage\"},\"thumbnailUrl\":\"https:\/\/www.csj-emballages.com\/wp-content\/uploads\/2024\/03\/2218.webp\",\"datePublished\":\"2024-03-01T15:59:12+00:00\",\"dateModified\":\"2026-04-18T00:11:51+00:00\",\"description\":\"Bloco de apontamentos para brasserie 50 triplicado 259 x 100 mm branco e verde, papel leve e pr\u00e1tico. Ideal para tirar pedidos rapidamente em caf\u00e9s, bares ou restaurantes.\",\"breadcrumb\":{\"@id\":\"https:\/\/www.csj-emballages.com\/pt-pt\/produit\/blocos-de-cervejaria-50-tripli-259-x-100-mm\/#breadcrumb\"},\"inLanguage\":\"pt-PT\",\"potentialAction\":[{\"@type\":\"ReadAction\",\"target\":[\"https:\/\/www.csj-emballages.com\/pt-pt\/produit\/blocos-de-cervejaria-50-tripli-259-x-100-mm\/\"]}]},{\"@type\":\"ImageObject\",\"inLanguage\":\"pt-PT\",\"@id\":\"https:\/\/www.csj-emballages.com\/pt-pt\/produit\/blocos-de-cervejaria-50-tripli-259-x-100-mm\/#primaryimage\",\"url\":\"https:\/\/www.csj-emballages.com\/wp-content\/uploads\/2024\/03\/2218.webp\",\"contentUrl\":\"https:\/\/www.csj-emballages.com\/wp-content\/uploads\/2024\/03\/2218.webp\",\"width\":800,\"height\":800,\"caption\":\"Bloc brasserie\"},{\"@type\":\"BreadcrumbList\",\"@id\":\"https:\/\/www.csj-emballages.com\/pt-pt\/produit\/blocos-de-cervejaria-50-tripli-259-x-100-mm\/#breadcrumb\",\"itemListElement\":[{\"@type\":\"ListItem\",\"position\":1,\"name\":\"Acolhimento\",\"item\":\"https:\/\/www.csj-emballages.com\/pt-pt\/universo-das-embalagens-alimentares\/\"},{\"@type\":\"ListItem\",\"position\":2,\"name\":\"Shop\",\"item\":\"https:\/\/www.csj-emballages.com\/shop\/\"},{\"@type\":\"ListItem\",\"position\":3,\"name\":\"Bloco de apontamentos para brasserie 50 triplicado 259 x 100 mm\"}]},{\"@type\":\"WebSite\",\"@id\":\"https:\/\/www.csj-emballages.com\/pt-pt\/#website\",\"url\":\"https:\/\/www.csj-emballages.com\/pt-pt\/\",\"name\":\"CSJ Emballages\",\"description\":\"\",\"publisher\":{\"@id\":\"https:\/\/www.csj-emballages.com\/pt-pt\/#organization\"},\"potentialAction\":[{\"@type\":\"SearchAction\",\"target\":{\"@type\":\"EntryPoint\",\"urlTemplate\":\"https:\/\/www.csj-emballages.com\/pt-pt\/?s={search_term_string}\"},\"query-input\":{\"@type\":\"PropertyValueSpecification\",\"valueRequired\":true,\"valueName\":\"search_term_string\"}}],\"inLanguage\":\"pt-PT\"},{\"@type\":\"Organization\",\"@id\":\"https:\/\/www.csj-emballages.com\/pt-pt\/#Organization\/\",\"name\":\"CSJ Emballages\",\"url\":\"https:\/\/www.csj-emballages.com\/pt-pt\/\",\"logo\":{\"@type\":\"ImageObject\",\"inLanguage\":\"pt-PT\",\"@id\":\"https:\/\/www.csj-emballages.com\/pt-pt\/#\/schema\/logo\/image\/\",\"url\":\"https:\/\/www.csj-emballages.com\/wp-content\/uploads\/2023\/10\/logo_csj.webp\",\"contentUrl\":\"https:\/\/www.csj-emballages.com\/wp-content\/uploads\/2023\/10\/logo_csj.webp\",\"width\":250,\"height\":95,\"caption\":\"CSJ Emballages\"},\"image\":{\"@id\":\"https:\/\/www.csj-emballages.com\/pt-pt\/#\/schema\/logo\/image\/\"},\"sameAs\":[\"https:\/\/www.facebook.com\/csjemballages\"],\"address\":{\"@type\":\"PostalAddress\",\"streetAddress\":\"ZI La Lechere\",\"addressLocality\":\"Patornay\",\"postalCode\":\"39130\",\"addressCountry\":\"FR\"},\"contactPoint\":[{\"@type\":\"ContactPoint\",\"contactType\":\"Service client\",\"telephone\":\"0384254272\",\"email\":\"contact@csj-emballages.com\"}]}]}<\/script>\n<!-- \/ Yoast SEO Premium plugin. -->","yoast_head_json":{"title":"Bloco de Apontamentos para Brasserie 50 Triplicado 259 x 100 mm","description":"Bloco de apontamentos para brasserie 50 triplicado 259 x 100 mm branco e verde, papel leve e pr\u00e1tico. Ideal para tirar pedidos rapidamente em caf\u00e9s, bares ou restaurantes.","robots":{"index":"index","follow":"follow","max-snippet":"max-snippet:-1","max-image-preview":"max-image-preview:large","max-video-preview":"max-video-preview:-1"},"canonical":"https:\/\/www.csj-emballages.com\/pt-pt\/produit\/blocos-de-cervejaria-50-tripli-259-x-100-mm\/","og_locale":"pt_PT","og_type":"article","og_title":"Bloco de apontamentos para brasserie 50 triplicado 259 x 100 mm","og_description":"Bloco de apontamentos para brasserie 50 triplicado 259 x 100 mm branco e verde, papel leve e pr\u00e1tico. Ideal para tirar pedidos rapidamente em caf\u00e9s, bares ou restaurantes.","og_url":"https:\/\/www.csj-emballages.com\/pt-pt\/produit\/blocos-de-cervejaria-50-tripli-259-x-100-mm\/","og_site_name":"CSJ Emballages","article_publisher":"https:\/\/www.facebook.com\/csjemballages","article_modified_time":"2026-04-18T00:11:51+00:00","og_image":[{"width":800,"height":800,"url":"https:\/\/www.csj-emballages.com\/wp-content\/uploads\/2024\/03\/2218.webp","type":"image\/webp"}],"twitter_card":"summary_large_image","twitter_misc":{"Tempo estimado de leitura":"2 minutos"},"schema":{"@context":"https:\/\/schema.org","@graph":[{"@type":"WebPage","@id":"https:\/\/www.csj-emballages.com\/pt-pt\/produit\/blocos-de-cervejaria-50-tripli-259-x-100-mm\/","url":"https:\/\/www.csj-emballages.com\/pt-pt\/produit\/blocos-de-cervejaria-50-tripli-259-x-100-mm\/","name":"Bloco de Apontamentos para Brasserie 50 Triplicado 259 x 100 mm","isPartOf":{"@id":"https:\/\/www.csj-emballages.com\/pt-pt\/#website"},"primaryImageOfPage":{"@id":"https:\/\/www.csj-emballages.com\/pt-pt\/produit\/blocos-de-cervejaria-50-tripli-259-x-100-mm\/#primaryimage"},"image":{"@id":"https:\/\/www.csj-emballages.com\/pt-pt\/produit\/blocos-de-cervejaria-50-tripli-259-x-100-mm\/#primaryimage"},"thumbnailUrl":"https:\/\/www.csj-emballages.com\/wp-content\/uploads\/2024\/03\/2218.webp","datePublished":"2024-03-01T15:59:12+00:00","dateModified":"2026-04-18T00:11:51+00:00","description":"Bloco de apontamentos para brasserie 50 triplicado 259 x 100 mm branco e verde, papel leve e pr\u00e1tico. Ideal para tirar pedidos rapidamente em caf\u00e9s, bares ou restaurantes.","breadcrumb":{"@id":"https:\/\/www.csj-emballages.com\/pt-pt\/produit\/blocos-de-cervejaria-50-tripli-259-x-100-mm\/#breadcrumb"},"inLanguage":"pt-PT","potentialAction":[{"@type":"ReadAction","target":["https:\/\/www.csj-emballages.com\/pt-pt\/produit\/blocos-de-cervejaria-50-tripli-259-x-100-mm\/"]}]},{"@type":"ImageObject","inLanguage":"pt-PT","@id":"https:\/\/www.csj-emballages.com\/pt-pt\/produit\/blocos-de-cervejaria-50-tripli-259-x-100-mm\/#primaryimage","url":"https:\/\/www.csj-emballages.com\/wp-content\/uploads\/2024\/03\/2218.webp","contentUrl":"https:\/\/www.csj-emballages.com\/wp-content\/uploads\/2024\/03\/2218.webp","width":800,"height":800,"caption":"Bloc brasserie"},{"@type":"BreadcrumbList","@id":"https:\/\/www.csj-emballages.com\/pt-pt\/produit\/blocos-de-cervejaria-50-tripli-259-x-100-mm\/#breadcrumb","itemListElement":[{"@type":"ListItem","position":1,"name":"Acolhimento","item":"https:\/\/www.csj-emballages.com\/pt-pt\/universo-das-embalagens-alimentares\/"},{"@type":"ListItem","position":2,"name":"Shop","item":"https:\/\/www.csj-emballages.com\/shop\/"},{"@type":"ListItem","position":3,"name":"Bloco de apontamentos para brasserie 50 triplicado 259 x 100 mm"}]},{"@type":"WebSite","@id":"https:\/\/www.csj-emballages.com\/pt-pt\/#website","url":"https:\/\/www.csj-emballages.com\/pt-pt\/","name":"CSJ Emballages","description":"","publisher":{"@id":"https:\/\/www.csj-emballages.com\/pt-pt\/#organization"},"potentialAction":[{"@type":"SearchAction","target":{"@type":"EntryPoint","urlTemplate":"https:\/\/www.csj-emballages.com\/pt-pt\/?s={search_term_string}"},"query-input":{"@type":"PropertyValueSpecification","valueRequired":true,"valueName":"search_term_string"}}],"inLanguage":"pt-PT"},{"@type":"Organization","@id":"https:\/\/www.csj-emballages.com\/pt-pt\/#Organization\/","name":"CSJ Emballages","url":"https:\/\/www.csj-emballages.com\/pt-pt\/","logo":{"@type":"ImageObject","inLanguage":"pt-PT","@id":"https:\/\/www.csj-emballages.com\/pt-pt\/#\/schema\/logo\/image\/","url":"https:\/\/www.csj-emballages.com\/wp-content\/uploads\/2023\/10\/logo_csj.webp","contentUrl":"https:\/\/www.csj-emballages.com\/wp-content\/uploads\/2023\/10\/logo_csj.webp","width":250,"height":95,"caption":"CSJ Emballages"},"image":{"@id":"https:\/\/www.csj-emballages.com\/pt-pt\/#\/schema\/logo\/image\/"},"sameAs":["https:\/\/www.facebook.com\/csjemballages"],"address":{"@type":"PostalAddress","streetAddress":"ZI La Lechere","addressLocality":"Patornay","postalCode":"39130","addressCountry":"FR"},"contactPoint":[{"@type":"ContactPoint","contactType":"Service client","telephone":"0384254272","email":"contact@csj-emballages.com"}]}]}},"df_price":3.7,"df_sale_price":"","df_regular_price":3.7,"df_image_link":"https:\/\/www.csj-emballages.com\/wp-content\/uploads\/2024\/03\/2218-300x300.webp","tiered_pricing_type":"fixed","tiered_pricing_fixed_rules":[],"tiered_pricing_percentage_rules":[],"tiered_pricing_minimum":1,"tiered_pricing_roles_data":[],"_links":{"self":[{"href":"https:\/\/www.csj-emballages.com\/pt-pt\/wp-json\/wp\/v2\/product\/18859","targetHints":{"allow":["GET"]}}],"collection":[{"href":"https:\/\/www.csj-emballages.com\/pt-pt\/wp-json\/wp\/v2\/product"}],"about":[{"href":"https:\/\/www.csj-emballages.com\/pt-pt\/wp-json\/wp\/v2\/types\/product"}],"wp:featuredmedia":[{"embeddable":true,"href":"https:\/\/www.csj-emballages.com\/pt-pt\/wp-json\/wp\/v2\/media\/260381"}],"wp:attachment":[{"href":"https:\/\/www.csj-emballages.com\/pt-pt\/wp-json\/wp\/v2\/media?parent=18859"}],"wp:term":[{"taxonomy":"product_brand","embeddable":true,"href":"https:\/\/www.csj-emballages.com\/pt-pt\/wp-json\/wp\/v2\/product_brand?post=18859"},{"taxonomy":"product_cat","embeddable":true,"href":"https:\/\/www.csj-emballages.com\/pt-pt\/wp-json\/wp\/v2\/product_cat?post=18859"},{"taxonomy":"product_tag","embeddable":true,"href":"https:\/\/www.csj-emballages.com\/pt-pt\/wp-json\/wp\/v2\/product_tag?post=18859"}],"curies":[{"name":"wp","href":"https:\/\/api.w.org\/{rel}","templated":true}]}}