{"id":18857,"date":"2024-03-01T16:59:14","date_gmt":"2024-03-01T15:59:14","guid":{"rendered":"https:\/\/u15jnbdpoq.preview.infomaniak.website\/produit\/livro-de-facturas-50-tripli-210-x-140-mm\/"},"modified":"2026-03-31T02:11:04","modified_gmt":"2026-03-31T00:11:04","slug":"livro-de-facturas-50-tripli-210-x-140-mm","status":"publish","type":"product","link":"https:\/\/www.csj-emballages.com\/pt-pt\/produit\/livro-de-facturas-50-tripli-210-x-140-mm\/","title":{"rendered":"Livro de facturas 50 com tr\u00eas dobras 210 x 140 mm"},"content":{"rendered":"<h2 class=\"p1\">Livro de fatura\u00e7\u00e3o<\/h2>\n<hr>\n<h3>Descri\u00e7\u00e3o do nosso caderno de facturas com 50 folhas triplas de 210 x 140 mm<\/h3>\n<p><!--more--><\/p>\n<div class=\"flex-shrink-0 flex flex-col relative items-end\">\n<div class=\"pt-0.5 juice:pt-0\">\n<div class=\"gizmo-bot-avatar flex h-6 w-6 items-center justify-center overflow-hidden rounded-full juice:h-8 juice:w-8\">\n<div class=\"relative p-1 rounded-sm flex items-center justify-center bg-token-main-surface-primary text-token-text-primary h-8 w-8\">\n<p class=\"\" data-start=\"144\" data-end=\"459\">Concebido para profissionais que pretendem manter um registo claro e preciso das suas transac\u00e7\u00f5es, este <strong>livro de facturas<\/strong> <strong>sem carbono<\/strong> \u00e9 essencial para o dia a dia. Compacto<strong>(210 x 140 mm<\/strong>), cabe facilmente numa gaveta, numa pasta ou mesmo no bolso do casaco, para que possa aceder-lhe em qualquer altura. <\/p>\n<p class=\"\" data-start=\"461\" data-end=\"895\">Esta <strong>brochura cont\u00e9m 50 conjuntos de papel autocopiativo<\/strong><strong>(tr\u00eas dobras<\/strong>), numerados sequencialmente para facilitar a localiza\u00e7\u00e3o. Primeira folha CB 56g\/m2 com impress\u00e3o a tinta azul, segunda folha CFB 53g\/m2 com impress\u00e3o a tinta vermelha, terceira folha CF 57g\/m2 com impress\u00e3o a tinta verde. <\/p>\n<p class=\"\" data-start=\"897\" data-end=\"1233\">Em perfeita conformidade com a legisla\u00e7\u00e3o em vigor, este <strong>caderno de facturas<\/strong> foi concebido para responder \u00e0s exig\u00eancias administrativas e fiscais. Quer seja artes\u00e3o, comerciante, prestador de servi\u00e7os independente ou propriet\u00e1rio de um restaurante, este caderno permite-lhe emitir rapidamente facturas ou or\u00e7amentos no terreno, mesmo sem acesso a um sistema inform\u00e1tico. <\/p>\n<p class=\"\" data-start=\"1235\" data-end=\"1408\">Trata-se de uma ferramenta de gest\u00e3o simples, fi\u00e1vel e eficaz, que assegura uma organiza\u00e7\u00e3o rigorosa e inspira confian\u00e7a aos seus clientes gra\u00e7as ao seu aspeto profissional.<\/p>\n<p data-start=\"1235\" data-end=\"1408\">\n<\/div>\n<\/div>\n<\/div>\n<\/div>\n<p><!--more--><\/p>\n<p><strong>As suas vantagens:<\/strong><\/p>\n<ul>\n<li>Formato pr\u00e1tico e f\u00e1cil de transportar (210 x 140 mm).<\/li>\n<li>50 folhas de papel autocopiativo numeradas para um controlo claro.<\/li>\n<li>Impress\u00e3o a azul e vermelho para uma melhor legibilidade.<\/li>\n<li>Este folheto de fatura\u00e7\u00e3o est\u00e1 em conformidade com a legisla\u00e7\u00e3o francesa.<\/li>\n<li>Ideal para actividades itinerantes ou pequenas empresas.<\/li>\n<\/ul>\n<p>&nbsp;<\/p>\n<p><!--more--><\/p>\n<h4>Outras informa\u00e7\u00f5es :<\/h4>\n<ul>\n<li><strong>Embalagem<\/strong>: Vendido individualmente<\/li>\n<li><strong>Dimens\u00f5es<\/strong>: 210 x 140 (C x L em mm).<\/li>\n<li><strong>N\u00famero de folhas<\/strong>: 50 triplas<\/li>\n<li><strong>Material<\/strong>: Papel<\/li>\n<\/ul>\n<p>&nbsp;<\/p>\n<p><!--more--><\/p>\n<p>Este caderno est\u00e1 dispon\u00edvel em diferentes formatos: <span style=\"color: #d12727\"><a style=\"color: #d12727\" href=\"https:\/\/www.csj-emballages.com\/es\/produit\/talonario-de-facturas-50-dupli-140-x-105-mm\/\">50 dupli 140 x 105 mm<\/a><\/span> \/ <span style=\"color: #d12727\"><a style=\"color: #d12727\" href=\"https:\/\/www.csj-emballages.com\/es\/produit\/talonario-de-facturas-50-dupli-210-x-140-mm-elve\/\">50 dupli 210 x 140 mm<\/a><\/span><\/p>\n<p>&nbsp;<\/p>\n<p><!--more--><\/p>\n<p><a href=\"https:\/\/www.csj-emballages.com\/pt-pt\/categorie-produit\/embalagem-de-alimentos\/loja-e-armazem\/artigos-de-papelaria-e-pequenos-artigos\/cadernos\/\">Ver o resto da nossa gama de computadores port\u00e1teis<\/a><\/p>\n","protected":false},"excerpt":{"rendered":"<p>Livro de fatura\u00e7\u00e3o Descri\u00e7\u00e3o do nosso caderno de facturas com 50 folhas triplas de 210 x 140 mm<\/p>\n","protected":false},"featured_media":231680,"template":"","meta":{"_acf_changed":false},"product_brand":[],"product_cat":[1482,1927,1941],"product_tag":[],"class_list":{"0":"post-18857","1":"product","2":"type-product","3":"status-publish","4":"has-post-thumbnail","6":"product_cat-loja-e-armazem","7":"product_cat-artigos-de-papelaria-e-pequenos-artigos","8":"product_cat-livros-de-facturas-facturadores","10":"first","11":"instock","12":"taxable","13":"shipping-taxable","14":"purchasable","15":"product-type-simple"},"acf":[],"yoast_head":"<!-- This site is optimized with the Yoast SEO Premium plugin v26.6 (Yoast SEO v26.6) - https:\/\/yoast.com\/wordpress\/plugins\/seo\/ -->\n<title>Livro de facturas 50 Tripli 210 x 140 mm<\/title>\n<meta name=\"description\" content=\"50 livros de facturas sem carbono com tr\u00eas dobras, 210 x 140 mm. Em conformidade com a lei, \u00e9 ideal para comerciantes e trabalhadores independentes.\" \/>\n<meta name=\"robots\" content=\"index, follow, max-snippet:-1, max-image-preview:large, max-video-preview:-1\" \/>\n<link rel=\"canonical\" href=\"https:\/\/www.csj-emballages.com\/pt-pt\/produit\/livro-de-facturas-50-tripli-210-x-140-mm\/\" \/>\n<meta property=\"og:locale\" content=\"pt_PT\" \/>\n<meta property=\"og:type\" content=\"article\" \/>\n<meta property=\"og:title\" content=\"Livro de facturas 50 com tr\u00eas dobras 210 x 140 mm\" \/>\n<meta property=\"og:description\" content=\"50 livros de facturas sem carbono com tr\u00eas dobras, 210 x 140 mm. Em conformidade com a lei, \u00e9 ideal para comerciantes e trabalhadores independentes.\" \/>\n<meta property=\"og:url\" content=\"https:\/\/www.csj-emballages.com\/pt-pt\/produit\/livro-de-facturas-50-tripli-210-x-140-mm\/\" \/>\n<meta property=\"og:site_name\" content=\"CSJ Emballages\" \/>\n<meta property=\"article:publisher\" content=\"https:\/\/www.facebook.com\/csjemballages\" \/>\n<meta property=\"article:modified_time\" content=\"2026-03-31T00:11:04+00:00\" \/>\n<meta property=\"og:image\" content=\"https:\/\/www.csj-emballages.com\/wp-content\/uploads\/2024\/03\/2122.webp\" \/>\n\t<meta property=\"og:image:width\" content=\"800\" \/>\n\t<meta property=\"og:image:height\" content=\"800\" \/>\n\t<meta property=\"og:image:type\" content=\"image\/webp\" \/>\n<meta name=\"twitter:card\" content=\"summary_large_image\" \/>\n<meta name=\"twitter:label1\" content=\"Tempo estimado de leitura\" \/>\n\t<meta name=\"twitter:data1\" content=\"2 minutos\" \/>\n<script type=\"application\/ld+json\" class=\"yoast-schema-graph\">{\"@context\":\"https:\/\/schema.org\",\"@graph\":[{\"@type\":\"WebPage\",\"@id\":\"https:\/\/www.csj-emballages.com\/pt-pt\/produit\/livro-de-facturas-50-tripli-210-x-140-mm\/\",\"url\":\"https:\/\/www.csj-emballages.com\/pt-pt\/produit\/livro-de-facturas-50-tripli-210-x-140-mm\/\",\"name\":\"Livro de facturas 50 Tripli 210 x 140 mm\",\"isPartOf\":{\"@id\":\"https:\/\/www.csj-emballages.com\/pt-pt\/#website\"},\"primaryImageOfPage\":{\"@id\":\"https:\/\/www.csj-emballages.com\/pt-pt\/produit\/livro-de-facturas-50-tripli-210-x-140-mm\/#primaryimage\"},\"image\":{\"@id\":\"https:\/\/www.csj-emballages.com\/pt-pt\/produit\/livro-de-facturas-50-tripli-210-x-140-mm\/#primaryimage\"},\"thumbnailUrl\":\"https:\/\/www.csj-emballages.com\/wp-content\/uploads\/2024\/03\/2122.webp\",\"datePublished\":\"2024-03-01T15:59:14+00:00\",\"dateModified\":\"2026-03-31T00:11:04+00:00\",\"description\":\"50 livros de facturas sem carbono com tr\u00eas dobras, 210 x 140 mm. Em conformidade com a lei, \u00e9 ideal para comerciantes e trabalhadores independentes.\",\"breadcrumb\":{\"@id\":\"https:\/\/www.csj-emballages.com\/pt-pt\/produit\/livro-de-facturas-50-tripli-210-x-140-mm\/#breadcrumb\"},\"inLanguage\":\"pt-PT\",\"potentialAction\":[{\"@type\":\"ReadAction\",\"target\":[\"https:\/\/www.csj-emballages.com\/pt-pt\/produit\/livro-de-facturas-50-tripli-210-x-140-mm\/\"]}]},{\"@type\":\"ImageObject\",\"inLanguage\":\"pt-PT\",\"@id\":\"https:\/\/www.csj-emballages.com\/pt-pt\/produit\/livro-de-facturas-50-tripli-210-x-140-mm\/#primaryimage\",\"url\":\"https:\/\/www.csj-emballages.com\/wp-content\/uploads\/2024\/03\/2122.webp\",\"contentUrl\":\"https:\/\/www.csj-emballages.com\/wp-content\/uploads\/2024\/03\/2122.webp\",\"width\":800,\"height\":800,\"caption\":\"Carnet facturier\"},{\"@type\":\"BreadcrumbList\",\"@id\":\"https:\/\/www.csj-emballages.com\/pt-pt\/produit\/livro-de-facturas-50-tripli-210-x-140-mm\/#breadcrumb\",\"itemListElement\":[{\"@type\":\"ListItem\",\"position\":1,\"name\":\"Acolhimento\",\"item\":\"https:\/\/www.csj-emballages.com\/pt-pt\/universo-das-embalagens-alimentares\/\"},{\"@type\":\"ListItem\",\"position\":2,\"name\":\"Shop\",\"item\":\"https:\/\/www.csj-emballages.com\/shop\/\"},{\"@type\":\"ListItem\",\"position\":3,\"name\":\"Livro de facturas 50 com tr\u00eas dobras 210 x 140 mm\"}]},{\"@type\":\"WebSite\",\"@id\":\"https:\/\/www.csj-emballages.com\/pt-pt\/#website\",\"url\":\"https:\/\/www.csj-emballages.com\/pt-pt\/\",\"name\":\"CSJ Emballages\",\"description\":\"\",\"publisher\":{\"@id\":\"https:\/\/www.csj-emballages.com\/pt-pt\/#organization\"},\"potentialAction\":[{\"@type\":\"SearchAction\",\"target\":{\"@type\":\"EntryPoint\",\"urlTemplate\":\"https:\/\/www.csj-emballages.com\/pt-pt\/?s={search_term_string}\"},\"query-input\":{\"@type\":\"PropertyValueSpecification\",\"valueRequired\":true,\"valueName\":\"search_term_string\"}}],\"inLanguage\":\"pt-PT\"},{\"@type\":\"Organization\",\"@id\":\"https:\/\/www.csj-emballages.com\/pt-pt\/#Organization\/\",\"name\":\"CSJ Emballages\",\"url\":\"https:\/\/www.csj-emballages.com\/pt-pt\/\",\"logo\":{\"@type\":\"ImageObject\",\"inLanguage\":\"pt-PT\",\"@id\":\"https:\/\/www.csj-emballages.com\/pt-pt\/#\/schema\/logo\/image\/\",\"url\":\"https:\/\/www.csj-emballages.com\/wp-content\/uploads\/2023\/10\/logo_csj.webp\",\"contentUrl\":\"https:\/\/www.csj-emballages.com\/wp-content\/uploads\/2023\/10\/logo_csj.webp\",\"width\":250,\"height\":95,\"caption\":\"CSJ Emballages\"},\"image\":{\"@id\":\"https:\/\/www.csj-emballages.com\/pt-pt\/#\/schema\/logo\/image\/\"},\"sameAs\":[\"https:\/\/www.facebook.com\/csjemballages\"],\"address\":{\"@type\":\"PostalAddress\",\"streetAddress\":\"ZI La Lechere\",\"addressLocality\":\"Patornay\",\"postalCode\":\"39130\",\"addressCountry\":\"FR\"},\"contactPoint\":[{\"@type\":\"ContactPoint\",\"contactType\":\"Service client\",\"telephone\":\"0384254272\",\"email\":\"contact@csj-emballages.com\"}]}]}<\/script>\n<!-- \/ Yoast SEO Premium plugin. -->","yoast_head_json":{"title":"Livro de facturas 50 Tripli 210 x 140 mm","description":"50 livros de facturas sem carbono com tr\u00eas dobras, 210 x 140 mm. Em conformidade com a lei, \u00e9 ideal para comerciantes e trabalhadores independentes.","robots":{"index":"index","follow":"follow","max-snippet":"max-snippet:-1","max-image-preview":"max-image-preview:large","max-video-preview":"max-video-preview:-1"},"canonical":"https:\/\/www.csj-emballages.com\/pt-pt\/produit\/livro-de-facturas-50-tripli-210-x-140-mm\/","og_locale":"pt_PT","og_type":"article","og_title":"Livro de facturas 50 com tr\u00eas dobras 210 x 140 mm","og_description":"50 livros de facturas sem carbono com tr\u00eas dobras, 210 x 140 mm. Em conformidade com a lei, \u00e9 ideal para comerciantes e trabalhadores independentes.","og_url":"https:\/\/www.csj-emballages.com\/pt-pt\/produit\/livro-de-facturas-50-tripli-210-x-140-mm\/","og_site_name":"CSJ Emballages","article_publisher":"https:\/\/www.facebook.com\/csjemballages","article_modified_time":"2026-03-31T00:11:04+00:00","og_image":[{"width":800,"height":800,"url":"https:\/\/www.csj-emballages.com\/wp-content\/uploads\/2024\/03\/2122.webp","type":"image\/webp"}],"twitter_card":"summary_large_image","twitter_misc":{"Tempo estimado de leitura":"2 minutos"},"schema":{"@context":"https:\/\/schema.org","@graph":[{"@type":"WebPage","@id":"https:\/\/www.csj-emballages.com\/pt-pt\/produit\/livro-de-facturas-50-tripli-210-x-140-mm\/","url":"https:\/\/www.csj-emballages.com\/pt-pt\/produit\/livro-de-facturas-50-tripli-210-x-140-mm\/","name":"Livro de facturas 50 Tripli 210 x 140 mm","isPartOf":{"@id":"https:\/\/www.csj-emballages.com\/pt-pt\/#website"},"primaryImageOfPage":{"@id":"https:\/\/www.csj-emballages.com\/pt-pt\/produit\/livro-de-facturas-50-tripli-210-x-140-mm\/#primaryimage"},"image":{"@id":"https:\/\/www.csj-emballages.com\/pt-pt\/produit\/livro-de-facturas-50-tripli-210-x-140-mm\/#primaryimage"},"thumbnailUrl":"https:\/\/www.csj-emballages.com\/wp-content\/uploads\/2024\/03\/2122.webp","datePublished":"2024-03-01T15:59:14+00:00","dateModified":"2026-03-31T00:11:04+00:00","description":"50 livros de facturas sem carbono com tr\u00eas dobras, 210 x 140 mm. Em conformidade com a lei, \u00e9 ideal para comerciantes e trabalhadores independentes.","breadcrumb":{"@id":"https:\/\/www.csj-emballages.com\/pt-pt\/produit\/livro-de-facturas-50-tripli-210-x-140-mm\/#breadcrumb"},"inLanguage":"pt-PT","potentialAction":[{"@type":"ReadAction","target":["https:\/\/www.csj-emballages.com\/pt-pt\/produit\/livro-de-facturas-50-tripli-210-x-140-mm\/"]}]},{"@type":"ImageObject","inLanguage":"pt-PT","@id":"https:\/\/www.csj-emballages.com\/pt-pt\/produit\/livro-de-facturas-50-tripli-210-x-140-mm\/#primaryimage","url":"https:\/\/www.csj-emballages.com\/wp-content\/uploads\/2024\/03\/2122.webp","contentUrl":"https:\/\/www.csj-emballages.com\/wp-content\/uploads\/2024\/03\/2122.webp","width":800,"height":800,"caption":"Carnet facturier"},{"@type":"BreadcrumbList","@id":"https:\/\/www.csj-emballages.com\/pt-pt\/produit\/livro-de-facturas-50-tripli-210-x-140-mm\/#breadcrumb","itemListElement":[{"@type":"ListItem","position":1,"name":"Acolhimento","item":"https:\/\/www.csj-emballages.com\/pt-pt\/universo-das-embalagens-alimentares\/"},{"@type":"ListItem","position":2,"name":"Shop","item":"https:\/\/www.csj-emballages.com\/shop\/"},{"@type":"ListItem","position":3,"name":"Livro de facturas 50 com tr\u00eas dobras 210 x 140 mm"}]},{"@type":"WebSite","@id":"https:\/\/www.csj-emballages.com\/pt-pt\/#website","url":"https:\/\/www.csj-emballages.com\/pt-pt\/","name":"CSJ Emballages","description":"","publisher":{"@id":"https:\/\/www.csj-emballages.com\/pt-pt\/#organization"},"potentialAction":[{"@type":"SearchAction","target":{"@type":"EntryPoint","urlTemplate":"https:\/\/www.csj-emballages.com\/pt-pt\/?s={search_term_string}"},"query-input":{"@type":"PropertyValueSpecification","valueRequired":true,"valueName":"search_term_string"}}],"inLanguage":"pt-PT"},{"@type":"Organization","@id":"https:\/\/www.csj-emballages.com\/pt-pt\/#Organization\/","name":"CSJ Emballages","url":"https:\/\/www.csj-emballages.com\/pt-pt\/","logo":{"@type":"ImageObject","inLanguage":"pt-PT","@id":"https:\/\/www.csj-emballages.com\/pt-pt\/#\/schema\/logo\/image\/","url":"https:\/\/www.csj-emballages.com\/wp-content\/uploads\/2023\/10\/logo_csj.webp","contentUrl":"https:\/\/www.csj-emballages.com\/wp-content\/uploads\/2023\/10\/logo_csj.webp","width":250,"height":95,"caption":"CSJ Emballages"},"image":{"@id":"https:\/\/www.csj-emballages.com\/pt-pt\/#\/schema\/logo\/image\/"},"sameAs":["https:\/\/www.facebook.com\/csjemballages"],"address":{"@type":"PostalAddress","streetAddress":"ZI La Lechere","addressLocality":"Patornay","postalCode":"39130","addressCountry":"FR"},"contactPoint":[{"@type":"ContactPoint","contactType":"Service client","telephone":"0384254272","email":"contact@csj-emballages.com"}]}]}},"df_price":6.76,"df_sale_price":"","df_regular_price":6.76,"df_image_link":"https:\/\/www.csj-emballages.com\/wp-content\/uploads\/2024\/03\/2122-300x300.webp","tiered_pricing_type":"fixed","tiered_pricing_fixed_rules":[],"tiered_pricing_percentage_rules":[],"tiered_pricing_minimum":1,"tiered_pricing_roles_data":[],"_links":{"self":[{"href":"https:\/\/www.csj-emballages.com\/pt-pt\/wp-json\/wp\/v2\/product\/18857","targetHints":{"allow":["GET"]}}],"collection":[{"href":"https:\/\/www.csj-emballages.com\/pt-pt\/wp-json\/wp\/v2\/product"}],"about":[{"href":"https:\/\/www.csj-emballages.com\/pt-pt\/wp-json\/wp\/v2\/types\/product"}],"wp:featuredmedia":[{"embeddable":true,"href":"https:\/\/www.csj-emballages.com\/pt-pt\/wp-json\/wp\/v2\/media\/231680"}],"wp:attachment":[{"href":"https:\/\/www.csj-emballages.com\/pt-pt\/wp-json\/wp\/v2\/media?parent=18857"}],"wp:term":[{"taxonomy":"product_brand","embeddable":true,"href":"https:\/\/www.csj-emballages.com\/pt-pt\/wp-json\/wp\/v2\/product_brand?post=18857"},{"taxonomy":"product_cat","embeddable":true,"href":"https:\/\/www.csj-emballages.com\/pt-pt\/wp-json\/wp\/v2\/product_cat?post=18857"},{"taxonomy":"product_tag","embeddable":true,"href":"https:\/\/www.csj-emballages.com\/pt-pt\/wp-json\/wp\/v2\/product_tag?post=18857"}],"curies":[{"name":"wp","href":"https:\/\/api.w.org\/{rel}","templated":true}]}}