{"id":18829,"date":"2024-03-01T16:59:16","date_gmt":"2024-03-01T15:59:16","guid":{"rendered":"https:\/\/u15jnbdpoq.preview.infomaniak.website\/produit\/livro-de-encomendas-50-com-tres-dobras-297-x-210-mm\/"},"modified":"2026-03-12T16:07:23","modified_gmt":"2026-03-12T15:07:23","slug":"livro-de-encomendas-50-com-tres-dobras-297-x-210-mm","status":"publish","type":"product","link":"https:\/\/www.csj-emballages.com\/pt-pt\/produit\/livro-de-encomendas-50-com-tres-dobras-297-x-210-mm\/","title":{"rendered":"Livro de encomendas 50 com tr\u00eas dobras 297 x 210 mm"},"content":{"rendered":"<h2 class=\"p1\">Livro de encomendas<\/h2>\n<hr>\n<h3>Descri\u00e7\u00e3o do nosso livro de encomendas 50 tripli 297 x 210 mm<\/h3>\n<p><!--more--><\/p>\n<div class=\"flex-shrink-0 flex flex-col relative items-end\">\n<div class=\"pt-0.5 juice:pt-0\">\n<div class=\"gizmo-bot-avatar flex h-6 w-6 items-center justify-center overflow-hidden rounded-full juice:h-8 juice:w-8\">\n<div class=\"relative p-1 rounded-sm flex items-center justify-center bg-token-main-surface-primary text-token-text-primary h-8 w-8\">\n<p class=\"\" data-start=\"319\" data-end=\"602\">Quer seja propriet\u00e1rio de um restaurante, lojista ou artes\u00e3o, o registo das suas encomendas \u00e9 essencial para controlar a sua atividade e evitar esquecimentos. Este <strong data-start=\"474\" data-end=\"515\">livro de encomendas sem papel qu\u00edmico com tr\u00eas dobras<\/strong> \u00e9 a ferramenta perfeita para registar todas as suas encomendas de forma r\u00e1pida e organizada. <\/p>\n<p class=\"\" data-start=\"604\" data-end=\"688\">Cont\u00e9m <strong data-start=\"616\" data-end=\"642\">50 folhas numeradas<\/strong>, cada uma em <strong data-start=\"654\" data-end=\"675\">triplicado<\/strong>:<\/p>\n<ul data-start=\"689\" data-end=\"1092\">\n<li class=\"\" data-start=\"689\" data-end=\"825\">\n<p class=\"\" data-start=\"691\" data-end=\"825\">A <strong data-start=\"694\" data-end=\"714\">primeira folha<\/strong>, em papel CB de 56 g\/m\u00b2 com impress\u00e3o a tinta <strong data-start=\"765\" data-end=\"774\">azul<\/strong>, destina-se a ser guardada ou oferecida ao cliente.<\/p>\n<\/li>\n<li class=\"\" data-start=\"826\" data-end=\"946\">\n<p class=\"\" data-start=\"828\" data-end=\"946\">A <strong data-start=\"831\" data-end=\"852\">segunda folha<\/strong>, feita de papel CFB de 53 g\/m\u00b2 impresso a <strong data-start=\"889\" data-end=\"898\">vermelho<\/strong>, \u00e9 frequentemente utilizada para servir ou cozinhar.<\/p>\n<\/li>\n<li class=\"\" data-start=\"947\" data-end=\"1092\">\n<p class=\"\" data-start=\"949\" data-end=\"1092\">A <strong data-start=\"952\" data-end=\"974\">terceira folha<\/strong>, em papel CF de 57g\/m\u00b2 com impress\u00e3o <strong data-start=\"1019\" data-end=\"1028\">verde<\/strong>, pode ser utilizada internamente para fins contabil\u00edsticos ou de controlo.<\/p>\n<\/li>\n<\/ul>\n<p class=\"\" data-start=\"1094\" data-end=\"1345\">Gra\u00e7as \u00e0 <strong data-start=\"1105\" data-end=\"1133\">tecnologia sem carbono<\/strong>, n\u00e3o precisa de carbono. Basta escrever uma vez e a informa\u00e7\u00e3o \u00e9 automaticamente copiada para as outras duas <strong>folhas<\/strong>. Uma verdadeira poupan\u00e7a de tempo no quotidiano, sobretudo nos per\u00edodos de maior aflu\u00eancia!  <\/p>\n<p class=\"\" data-start=\"1347\" data-end=\"1548\">O seu <strong data-start=\"1350\" data-end=\"1385\">tamanho pr\u00e1tico (297 x 210 mm) <\/strong>facilita o transporte e a utiliza\u00e7\u00e3o, mesmo em espa\u00e7os reduzidos. Em suma, este <strong>livro de encomendas<\/strong> robusto, claro e eficaz tem tudo para agradar aos profissionais exigentes. <\/p>\n<p data-start=\"1347\" data-end=\"1548\">\n<\/div>\n<\/div>\n<\/div>\n<\/div>\n<p><!--more--><\/p>\n<p><strong>As suas vantagens:<\/strong><\/p>\n<ul>\n<li>50 folhas triplas numeradas.<\/li>\n<li>Tr\u00eas cores de tinta para diferenciar as c\u00f3pias.<\/li>\n<li>Economia de tempo e garantia de rastreabilidade.<\/li>\n<li>Este livro de encomendas \u00e9 compat\u00edvel com todos os ambientes empresariais.<\/li>\n<\/ul>\n<p>&nbsp;<\/p>\n<p><!--more--><\/p>\n<h4>Outras informa\u00e7\u00f5es :<\/h4>\n<ul>\n<li><strong>Embalagem<\/strong>: Vendido individualmente<\/li>\n<li><strong>Dimens\u00f5es<\/strong>: 297 x 210 (C x L em mm).<\/li>\n<li><strong>N\u00famero de p\u00e1ginas<\/strong>: 50 tripli<\/li>\n<li><strong>Material<\/strong>: Papel<\/li>\n<\/ul>\n<p>&nbsp;<\/p>\n<p><!--more--><\/p>\n<p>Encontre aqui o nosso livro de encomendas 50 tripli em diferentes formatos: Formato pequeno 210 x 140 mm (<span style=\"color: #d12727\"><a style=\"color: #d12727\" href=\"https:\/\/www.csj-emballages.com\/es\/produit\/talonario-de-pedidos-50-triptico-210-x-140-mm\/\">2116<\/a><\/span>) \/ Quadrado 210 x 210 mm (<span style=\"color: #d12727\"><a style=\"color: #d12727\" href=\"https:\/\/www.csj-emballages.com\/produit\/carnet-commande-50-tripli-210-x-210-mm\/\">2110<\/a><\/span>)<\/p>\n<p>&nbsp;<\/p>\n<p><!--more--><\/p>\n<p><a href=\"https:\/\/www.csj-emballages.com\/pt-pt\/categorie-produit\/embalagem-de-alimentos\/loja-e-armazem\/artigos-de-papelaria-e-pequenos-artigos\/cadernos\/\">Ver o resto da nossa gama de computadores port\u00e1teis<\/a><\/p>\n","protected":false},"excerpt":{"rendered":"<p>Livro de encomendas Descri\u00e7\u00e3o do nosso livro de encomendas 50 tripli 297 x 210 mm<\/p>\n","protected":false},"featured_media":231624,"template":"","meta":{"_acf_changed":false},"product_brand":[],"product_cat":[1482,1927,1949],"product_tag":[],"class_list":{"0":"post-18829","1":"product","2":"type-product","3":"status-publish","4":"has-post-thumbnail","6":"product_cat-loja-e-armazem","7":"product_cat-artigos-de-papelaria-e-pequenos-artigos","8":"product_cat-encomenda-livros","10":"first","11":"instock","12":"taxable","13":"shipping-taxable","14":"purchasable","15":"product-type-simple"},"acf":[],"yoast_head":"<!-- This site is optimized with the Yoast SEO Premium plugin v26.6 (Yoast SEO v26.6) - https:\/\/yoast.com\/wordpress\/plugins\/seo\/ -->\n<title>Livro de encomendas 50 Tripli 297 x 210 mm<\/title>\n<meta name=\"description\" content=\"Livro de encomendas com tr\u00eas dobras e 50 folhas numeradas - ideal para propriet\u00e1rios de restaurantes, artes\u00e3os ou lojistas. Autocopiador, pr\u00e1tico e eficiente.\" \/>\n<meta name=\"robots\" content=\"index, follow, max-snippet:-1, max-image-preview:large, max-video-preview:-1\" \/>\n<link rel=\"canonical\" href=\"https:\/\/www.csj-emballages.com\/pt-pt\/produit\/livro-de-encomendas-50-com-tres-dobras-297-x-210-mm\/\" \/>\n<meta property=\"og:locale\" content=\"pt_PT\" \/>\n<meta property=\"og:type\" content=\"article\" \/>\n<meta property=\"og:title\" content=\"Livro de encomendas 50 com tr\u00eas dobras 297 x 210 mm\" \/>\n<meta property=\"og:description\" content=\"Livro de encomendas com tr\u00eas dobras e 50 folhas numeradas - ideal para propriet\u00e1rios de restaurantes, artes\u00e3os ou lojistas. Autocopiador, pr\u00e1tico e eficiente.\" \/>\n<meta property=\"og:url\" content=\"https:\/\/www.csj-emballages.com\/pt-pt\/produit\/livro-de-encomendas-50-com-tres-dobras-297-x-210-mm\/\" \/>\n<meta property=\"og:site_name\" content=\"CSJ Emballages\" \/>\n<meta property=\"article:publisher\" content=\"https:\/\/www.facebook.com\/csjemballages\" \/>\n<meta property=\"article:modified_time\" content=\"2026-03-12T15:07:23+00:00\" \/>\n<meta property=\"og:image\" content=\"https:\/\/www.csj-emballages.com\/wp-content\/uploads\/2024\/03\/2112.webp\" \/>\n\t<meta property=\"og:image:width\" content=\"800\" \/>\n\t<meta property=\"og:image:height\" content=\"800\" \/>\n\t<meta property=\"og:image:type\" content=\"image\/webp\" \/>\n<meta name=\"twitter:card\" content=\"summary_large_image\" \/>\n<meta name=\"twitter:label1\" content=\"Tempo estimado de leitura\" \/>\n\t<meta name=\"twitter:data1\" content=\"2 minutos\" \/>\n<script type=\"application\/ld+json\" class=\"yoast-schema-graph\">{\"@context\":\"https:\/\/schema.org\",\"@graph\":[{\"@type\":\"WebPage\",\"@id\":\"https:\/\/www.csj-emballages.com\/pt-pt\/produit\/livro-de-encomendas-50-com-tres-dobras-297-x-210-mm\/\",\"url\":\"https:\/\/www.csj-emballages.com\/pt-pt\/produit\/livro-de-encomendas-50-com-tres-dobras-297-x-210-mm\/\",\"name\":\"Livro de encomendas 50 Tripli 297 x 210 mm\",\"isPartOf\":{\"@id\":\"https:\/\/www.csj-emballages.com\/pt-pt\/#website\"},\"primaryImageOfPage\":{\"@id\":\"https:\/\/www.csj-emballages.com\/pt-pt\/produit\/livro-de-encomendas-50-com-tres-dobras-297-x-210-mm\/#primaryimage\"},\"image\":{\"@id\":\"https:\/\/www.csj-emballages.com\/pt-pt\/produit\/livro-de-encomendas-50-com-tres-dobras-297-x-210-mm\/#primaryimage\"},\"thumbnailUrl\":\"https:\/\/www.csj-emballages.com\/wp-content\/uploads\/2024\/03\/2112.webp\",\"datePublished\":\"2024-03-01T15:59:16+00:00\",\"dateModified\":\"2026-03-12T15:07:23+00:00\",\"description\":\"Livro de encomendas com tr\u00eas dobras e 50 folhas numeradas - ideal para propriet\u00e1rios de restaurantes, artes\u00e3os ou lojistas. Autocopiador, pr\u00e1tico e eficiente.\",\"breadcrumb\":{\"@id\":\"https:\/\/www.csj-emballages.com\/pt-pt\/produit\/livro-de-encomendas-50-com-tres-dobras-297-x-210-mm\/#breadcrumb\"},\"inLanguage\":\"pt-PT\",\"potentialAction\":[{\"@type\":\"ReadAction\",\"target\":[\"https:\/\/www.csj-emballages.com\/pt-pt\/produit\/livro-de-encomendas-50-com-tres-dobras-297-x-210-mm\/\"]}]},{\"@type\":\"ImageObject\",\"inLanguage\":\"pt-PT\",\"@id\":\"https:\/\/www.csj-emballages.com\/pt-pt\/produit\/livro-de-encomendas-50-com-tres-dobras-297-x-210-mm\/#primaryimage\",\"url\":\"https:\/\/www.csj-emballages.com\/wp-content\/uploads\/2024\/03\/2112.webp\",\"contentUrl\":\"https:\/\/www.csj-emballages.com\/wp-content\/uploads\/2024\/03\/2112.webp\",\"width\":800,\"height\":800,\"caption\":\"Carnet de commande\"},{\"@type\":\"BreadcrumbList\",\"@id\":\"https:\/\/www.csj-emballages.com\/pt-pt\/produit\/livro-de-encomendas-50-com-tres-dobras-297-x-210-mm\/#breadcrumb\",\"itemListElement\":[{\"@type\":\"ListItem\",\"position\":1,\"name\":\"Acolhimento\",\"item\":\"https:\/\/www.csj-emballages.com\/pt-pt\/universo-das-embalagens-alimentares\/\"},{\"@type\":\"ListItem\",\"position\":2,\"name\":\"Shop\",\"item\":\"https:\/\/www.csj-emballages.com\/shop\/\"},{\"@type\":\"ListItem\",\"position\":3,\"name\":\"Livro de encomendas 50 com tr\u00eas dobras 297 x 210 mm\"}]},{\"@type\":\"WebSite\",\"@id\":\"https:\/\/www.csj-emballages.com\/pt-pt\/#website\",\"url\":\"https:\/\/www.csj-emballages.com\/pt-pt\/\",\"name\":\"CSJ Emballages\",\"description\":\"\",\"publisher\":{\"@id\":\"https:\/\/www.csj-emballages.com\/pt-pt\/#organization\"},\"potentialAction\":[{\"@type\":\"SearchAction\",\"target\":{\"@type\":\"EntryPoint\",\"urlTemplate\":\"https:\/\/www.csj-emballages.com\/pt-pt\/?s={search_term_string}\"},\"query-input\":{\"@type\":\"PropertyValueSpecification\",\"valueRequired\":true,\"valueName\":\"search_term_string\"}}],\"inLanguage\":\"pt-PT\"},{\"@type\":\"Organization\",\"@id\":\"https:\/\/www.csj-emballages.com\/pt-pt\/#Organization\/\",\"name\":\"CSJ Emballages\",\"url\":\"https:\/\/www.csj-emballages.com\/pt-pt\/\",\"logo\":{\"@type\":\"ImageObject\",\"inLanguage\":\"pt-PT\",\"@id\":\"https:\/\/www.csj-emballages.com\/pt-pt\/#\/schema\/logo\/image\/\",\"url\":\"https:\/\/www.csj-emballages.com\/wp-content\/uploads\/2023\/10\/logo_csj.webp\",\"contentUrl\":\"https:\/\/www.csj-emballages.com\/wp-content\/uploads\/2023\/10\/logo_csj.webp\",\"width\":250,\"height\":95,\"caption\":\"CSJ Emballages\"},\"image\":{\"@id\":\"https:\/\/www.csj-emballages.com\/pt-pt\/#\/schema\/logo\/image\/\"},\"sameAs\":[\"https:\/\/www.facebook.com\/csjemballages\"],\"address\":{\"@type\":\"PostalAddress\",\"streetAddress\":\"ZI La Lechere\",\"addressLocality\":\"Patornay\",\"postalCode\":\"39130\",\"addressCountry\":\"FR\"},\"contactPoint\":[{\"@type\":\"ContactPoint\",\"contactType\":\"Service client\",\"telephone\":\"0384254272\",\"email\":\"contact@csj-emballages.com\"}]}]}<\/script>\n<!-- \/ Yoast SEO Premium plugin. -->","yoast_head_json":{"title":"Livro de encomendas 50 Tripli 297 x 210 mm","description":"Livro de encomendas com tr\u00eas dobras e 50 folhas numeradas - ideal para propriet\u00e1rios de restaurantes, artes\u00e3os ou lojistas. Autocopiador, pr\u00e1tico e eficiente.","robots":{"index":"index","follow":"follow","max-snippet":"max-snippet:-1","max-image-preview":"max-image-preview:large","max-video-preview":"max-video-preview:-1"},"canonical":"https:\/\/www.csj-emballages.com\/pt-pt\/produit\/livro-de-encomendas-50-com-tres-dobras-297-x-210-mm\/","og_locale":"pt_PT","og_type":"article","og_title":"Livro de encomendas 50 com tr\u00eas dobras 297 x 210 mm","og_description":"Livro de encomendas com tr\u00eas dobras e 50 folhas numeradas - ideal para propriet\u00e1rios de restaurantes, artes\u00e3os ou lojistas. Autocopiador, pr\u00e1tico e eficiente.","og_url":"https:\/\/www.csj-emballages.com\/pt-pt\/produit\/livro-de-encomendas-50-com-tres-dobras-297-x-210-mm\/","og_site_name":"CSJ Emballages","article_publisher":"https:\/\/www.facebook.com\/csjemballages","article_modified_time":"2026-03-12T15:07:23+00:00","og_image":[{"width":800,"height":800,"url":"https:\/\/www.csj-emballages.com\/wp-content\/uploads\/2024\/03\/2112.webp","type":"image\/webp"}],"twitter_card":"summary_large_image","twitter_misc":{"Tempo estimado de leitura":"2 minutos"},"schema":{"@context":"https:\/\/schema.org","@graph":[{"@type":"WebPage","@id":"https:\/\/www.csj-emballages.com\/pt-pt\/produit\/livro-de-encomendas-50-com-tres-dobras-297-x-210-mm\/","url":"https:\/\/www.csj-emballages.com\/pt-pt\/produit\/livro-de-encomendas-50-com-tres-dobras-297-x-210-mm\/","name":"Livro de encomendas 50 Tripli 297 x 210 mm","isPartOf":{"@id":"https:\/\/www.csj-emballages.com\/pt-pt\/#website"},"primaryImageOfPage":{"@id":"https:\/\/www.csj-emballages.com\/pt-pt\/produit\/livro-de-encomendas-50-com-tres-dobras-297-x-210-mm\/#primaryimage"},"image":{"@id":"https:\/\/www.csj-emballages.com\/pt-pt\/produit\/livro-de-encomendas-50-com-tres-dobras-297-x-210-mm\/#primaryimage"},"thumbnailUrl":"https:\/\/www.csj-emballages.com\/wp-content\/uploads\/2024\/03\/2112.webp","datePublished":"2024-03-01T15:59:16+00:00","dateModified":"2026-03-12T15:07:23+00:00","description":"Livro de encomendas com tr\u00eas dobras e 50 folhas numeradas - ideal para propriet\u00e1rios de restaurantes, artes\u00e3os ou lojistas. Autocopiador, pr\u00e1tico e eficiente.","breadcrumb":{"@id":"https:\/\/www.csj-emballages.com\/pt-pt\/produit\/livro-de-encomendas-50-com-tres-dobras-297-x-210-mm\/#breadcrumb"},"inLanguage":"pt-PT","potentialAction":[{"@type":"ReadAction","target":["https:\/\/www.csj-emballages.com\/pt-pt\/produit\/livro-de-encomendas-50-com-tres-dobras-297-x-210-mm\/"]}]},{"@type":"ImageObject","inLanguage":"pt-PT","@id":"https:\/\/www.csj-emballages.com\/pt-pt\/produit\/livro-de-encomendas-50-com-tres-dobras-297-x-210-mm\/#primaryimage","url":"https:\/\/www.csj-emballages.com\/wp-content\/uploads\/2024\/03\/2112.webp","contentUrl":"https:\/\/www.csj-emballages.com\/wp-content\/uploads\/2024\/03\/2112.webp","width":800,"height":800,"caption":"Carnet de commande"},{"@type":"BreadcrumbList","@id":"https:\/\/www.csj-emballages.com\/pt-pt\/produit\/livro-de-encomendas-50-com-tres-dobras-297-x-210-mm\/#breadcrumb","itemListElement":[{"@type":"ListItem","position":1,"name":"Acolhimento","item":"https:\/\/www.csj-emballages.com\/pt-pt\/universo-das-embalagens-alimentares\/"},{"@type":"ListItem","position":2,"name":"Shop","item":"https:\/\/www.csj-emballages.com\/shop\/"},{"@type":"ListItem","position":3,"name":"Livro de encomendas 50 com tr\u00eas dobras 297 x 210 mm"}]},{"@type":"WebSite","@id":"https:\/\/www.csj-emballages.com\/pt-pt\/#website","url":"https:\/\/www.csj-emballages.com\/pt-pt\/","name":"CSJ Emballages","description":"","publisher":{"@id":"https:\/\/www.csj-emballages.com\/pt-pt\/#organization"},"potentialAction":[{"@type":"SearchAction","target":{"@type":"EntryPoint","urlTemplate":"https:\/\/www.csj-emballages.com\/pt-pt\/?s={search_term_string}"},"query-input":{"@type":"PropertyValueSpecification","valueRequired":true,"valueName":"search_term_string"}}],"inLanguage":"pt-PT"},{"@type":"Organization","@id":"https:\/\/www.csj-emballages.com\/pt-pt\/#Organization\/","name":"CSJ Emballages","url":"https:\/\/www.csj-emballages.com\/pt-pt\/","logo":{"@type":"ImageObject","inLanguage":"pt-PT","@id":"https:\/\/www.csj-emballages.com\/pt-pt\/#\/schema\/logo\/image\/","url":"https:\/\/www.csj-emballages.com\/wp-content\/uploads\/2023\/10\/logo_csj.webp","contentUrl":"https:\/\/www.csj-emballages.com\/wp-content\/uploads\/2023\/10\/logo_csj.webp","width":250,"height":95,"caption":"CSJ Emballages"},"image":{"@id":"https:\/\/www.csj-emballages.com\/pt-pt\/#\/schema\/logo\/image\/"},"sameAs":["https:\/\/www.facebook.com\/csjemballages"],"address":{"@type":"PostalAddress","streetAddress":"ZI La Lechere","addressLocality":"Patornay","postalCode":"39130","addressCountry":"FR"},"contactPoint":[{"@type":"ContactPoint","contactType":"Service client","telephone":"0384254272","email":"contact@csj-emballages.com"}]}]}},"df_price":14.36,"df_sale_price":"","df_regular_price":14.36,"df_image_link":"https:\/\/www.csj-emballages.com\/wp-content\/uploads\/2024\/03\/2112-300x300.webp","tiered_pricing_type":"fixed","tiered_pricing_fixed_rules":[],"tiered_pricing_percentage_rules":[],"tiered_pricing_minimum":1,"tiered_pricing_roles_data":[],"_links":{"self":[{"href":"https:\/\/www.csj-emballages.com\/pt-pt\/wp-json\/wp\/v2\/product\/18829","targetHints":{"allow":["GET"]}}],"collection":[{"href":"https:\/\/www.csj-emballages.com\/pt-pt\/wp-json\/wp\/v2\/product"}],"about":[{"href":"https:\/\/www.csj-emballages.com\/pt-pt\/wp-json\/wp\/v2\/types\/product"}],"wp:featuredmedia":[{"embeddable":true,"href":"https:\/\/www.csj-emballages.com\/pt-pt\/wp-json\/wp\/v2\/media\/231624"}],"wp:attachment":[{"href":"https:\/\/www.csj-emballages.com\/pt-pt\/wp-json\/wp\/v2\/media?parent=18829"}],"wp:term":[{"taxonomy":"product_brand","embeddable":true,"href":"https:\/\/www.csj-emballages.com\/pt-pt\/wp-json\/wp\/v2\/product_brand?post=18829"},{"taxonomy":"product_cat","embeddable":true,"href":"https:\/\/www.csj-emballages.com\/pt-pt\/wp-json\/wp\/v2\/product_cat?post=18829"},{"taxonomy":"product_tag","embeddable":true,"href":"https:\/\/www.csj-emballages.com\/pt-pt\/wp-json\/wp\/v2\/product_tag?post=18829"}],"curies":[{"name":"wp","href":"https:\/\/api.w.org\/{rel}","templated":true}]}}