{"id":18822,"date":"2024-03-01T16:59:18","date_gmt":"2024-03-01T15:59:18","guid":{"rendered":"https:\/\/u15jnbdpoq.preview.infomaniak.website\/produit\/livro-de-entregas-50-com-tres-dobras-210-x-140-mm-elve\/"},"modified":"2026-04-03T02:12:05","modified_gmt":"2026-04-03T00:12:05","slug":"livro-de-entregas-50-com-tres-dobras-210-x-140-mm-elve","status":"publish","type":"product","link":"https:\/\/www.csj-emballages.com\/pt-pt\/produit\/livro-de-entregas-50-com-tres-dobras-210-x-140-mm-elve\/","title":{"rendered":"Bloco de notas de entrega 50 com tr\u00eas dobras 210 x 140 mm ELVE"},"content":{"rendered":"<h2 class=\"p1\">Caderno de entrega<\/h2>\n<hr>\n<h3>Descri\u00e7\u00e3o da nossa entrega caderno 50 tripli 210 x 140 mm ELVE<\/h3>\n<p><!--more--><\/p>\n<div class=\"flex-shrink-0 flex flex-col relative items-end\">\n<div class=\"pt-0.5 juice:pt-0\">\n<div class=\"gizmo-bot-avatar flex h-6 w-6 items-center justify-center overflow-hidden rounded-full juice:h-8 juice:w-8\">\n<div class=\"relative p-1 rounded-sm flex items-center justify-center bg-token-main-surface-primary text-token-text-primary h-8 w-8\">\n<p class=\"\" data-start=\"222\" data-end=\"454\">Concebido para profissionais exigentes que necessitam de manter um registo claro e organizado das suas entregas, este <strong data-start=\"341\" data-end=\"376\">caderno de entregas triplo da ELVE<\/strong> em formato <strong>210 x 140 mm<\/strong> \u00e9 uma ferramenta de trabalho di\u00e1ria essencial.<\/p>\n<p class=\"\" data-start=\"456\" data-end=\"610\">Com as suas <strong data-start=\"465\" data-end=\"504\">50 folhas autocopiativas numeradas<\/strong>, permite uma gest\u00e3o simples e fi\u00e1vel das guias de remessa. Cada ma\u00e7o cont\u00e9m 3 folhas: <\/p>\n<ul data-start=\"611\" data-end=\"912\">\n<li class=\"\" data-start=\"611\" data-end=\"724\">\n<p class=\"\" data-start=\"613\" data-end=\"724\">um original <strong data-start=\"625\" data-end=\"631\">CB<\/strong> (papel branco 56 g\/m\u00b2) impresso a <strong data-start=\"666\" data-end=\"681\">tinta azul<\/strong> para arquivo ou entrega ao cliente,<\/p>\n<\/li>\n<li class=\"\" data-start=\"725\" data-end=\"815\">\n<p class=\"\" data-start=\"727\" data-end=\"815\">um duplicado <strong data-start=\"740\" data-end=\"747\">do CFB<\/strong> (papel cor-de-rosa de 53 g\/m\u00b2) impresso <strong data-start=\"781\" data-end=\"796\">a tinta vermelha<\/strong> para o distribuidor,<\/p>\n<\/li>\n<li class=\"\" data-start=\"816\" data-end=\"912\">\n<p class=\"\" data-start=\"818\" data-end=\"912\">um triplicado <strong data-start=\"832\" data-end=\"838\">de CF<\/strong> (papel verde 57 g\/m\u00b2) impresso <strong data-start=\"872\" data-end=\"887\">a tinta verde<\/strong> para seu pr\u00f3prio controlo.<\/p>\n<\/li>\n<\/ul>\n<p class=\"\" data-start=\"914\" data-end=\"1220\">Gra\u00e7as ao seu <strong data-start=\"926\" data-end=\"959\">papel autocopiativo de alta qualidade<\/strong>, a escrita na primeira folha \u00e9 transferida instantaneamente e sem borr\u00f5es para as duas seguintes. Este <strong>caderno de entrega<\/strong> \u00e9 a solu\u00e7\u00e3o ideal para quem trabalha no terreno, na log\u00edstica, na restaura\u00e7\u00e3o, na entrega de mercadorias ou mesmo no artesanato. <\/p>\n<p class=\"\" data-start=\"1222\" data-end=\"1548\">Compacto, s\u00f3lido e pr\u00e1tico, este bloco de notas cabe facilmente numa pasta, num ve\u00edculo de entregas ou num balc\u00e3o.<br data-start=\"1350\" data-end=\"1353\">Quer seja uma pequena empresa ou um grande retalhista, este bloco de notas ajud\u00e1-lo-\u00e1 a manter-se organizado, a garantir a rastreabilidade das suas entregas e a evitar lit\u00edgios com os seus clientes.<\/p>\n<p data-start=\"1222\" data-end=\"1548\">\n<\/div>\n<\/div>\n<\/div>\n<\/div>\n<p><!--more--><\/p>\n<p><strong>As suas vantagens:<\/strong><\/p>\n<ul>\n<li>Formato pr\u00e1tico e compacto (210 x 140 mm).<\/li>\n<li>Folhas numeradas para um controlo preciso.<\/li>\n<li>Triplicado em autocopiador: 1 original + 2 c\u00f3pias.<\/li>\n<li>Impress\u00e3o a tr\u00eas cores para uma identifica\u00e7\u00e3o r\u00e1pida.<\/li>\n<\/ul>\n<p>&nbsp;<\/p>\n<p><!--more--><\/p>\n<h4>Outras informa\u00e7\u00f5es :<\/h4>\n<ul>\n<li><strong>Embalagem<\/strong>: Vendido individualmente<\/li>\n<li><strong>Dimens\u00f5es<\/strong>: 210 x 140 (C x L em mm).<\/li>\n<li><strong>N\u00famero de p\u00e1ginas<\/strong>: 50 dupli<\/li>\n<li><strong>Material<\/strong>: Papel<\/li>\n<\/ul>\n<p>&nbsp;<\/p>\n<p><!--more--><\/p>\n<p>Encontre aqui o nosso livro de entregas 50 dupli 210 x 210 mm : <span style=\"color: #d12727\"><a style=\"color: #d12727\" href=\"https:\/\/www.csj-emballages.com\/es\/produit\/entrega-de-cuadernillos-50-dupli-210-x-210-mm-elve\/\">2105<\/a><\/span><\/p>\n<p>&nbsp;<\/p>\n<p><!--more--><\/p>\n<p><a href=\"https:\/\/www.csj-emballages.com\/pt-pt\/categorie-produit\/embalagem-de-alimentos\/loja-e-armazem\/artigos-de-papelaria-e-pequenos-artigos\/cadernos\/\">Ver o resto da nossa gama de computadores port\u00e1teis<\/a><\/p>\n","protected":false},"excerpt":{"rendered":"<p>Caderno de entrega Descri\u00e7\u00e3o da nossa entrega caderno 50 tripli 210 x 140 mm ELVE<\/p>\n","protected":false},"featured_media":231730,"template":"","meta":{"_acf_changed":false},"product_brand":[],"product_cat":[1482,1927,1943],"product_tag":[],"class_list":{"0":"post-18822","1":"product","2":"type-product","3":"status-publish","4":"has-post-thumbnail","6":"product_cat-loja-e-armazem","7":"product_cat-artigos-de-papelaria-e-pequenos-artigos","8":"product_cat-notas-de-entrega","10":"first","11":"instock","12":"taxable","13":"shipping-taxable","14":"purchasable","15":"product-type-simple"},"acf":[],"yoast_head":"<!-- This site is optimized with the Yoast SEO Premium plugin v26.6 (Yoast SEO v26.6) - https:\/\/yoast.com\/wordpress\/plugins\/seo\/ -->\n<title>Caderno de entrega 50 Tripli 210 x 140 mm ELVE<\/title>\n<meta name=\"description\" content=\"Caderno de entregas ELVE, 50 folhas triplas, 210 x 140 mm. Autocopiador, numerado, ideal para uma gest\u00e3o simples e eficaz das suas entregas.\" \/>\n<meta name=\"robots\" content=\"index, follow, max-snippet:-1, max-image-preview:large, max-video-preview:-1\" \/>\n<link rel=\"canonical\" href=\"https:\/\/www.csj-emballages.com\/pt-pt\/produit\/livro-de-entregas-50-com-tres-dobras-210-x-140-mm-elve\/\" \/>\n<meta property=\"og:locale\" content=\"pt_PT\" \/>\n<meta property=\"og:type\" content=\"article\" \/>\n<meta property=\"og:title\" content=\"Bloco de notas de entrega 50 com tr\u00eas dobras 210 x 140 mm ELVE\" \/>\n<meta property=\"og:description\" content=\"Caderno de entregas ELVE, 50 folhas triplas, 210 x 140 mm. Autocopiador, numerado, ideal para uma gest\u00e3o simples e eficaz das suas entregas.\" \/>\n<meta property=\"og:url\" content=\"https:\/\/www.csj-emballages.com\/pt-pt\/produit\/livro-de-entregas-50-com-tres-dobras-210-x-140-mm-elve\/\" \/>\n<meta property=\"og:site_name\" content=\"CSJ Emballages\" \/>\n<meta property=\"article:publisher\" content=\"https:\/\/www.facebook.com\/csjemballages\" \/>\n<meta property=\"article:modified_time\" content=\"2026-04-03T00:12:05+00:00\" \/>\n<meta property=\"og:image\" content=\"https:\/\/www.csj-emballages.com\/wp-content\/uploads\/2024\/03\/2108.webp\" \/>\n\t<meta property=\"og:image:width\" content=\"800\" \/>\n\t<meta property=\"og:image:height\" content=\"800\" \/>\n\t<meta property=\"og:image:type\" content=\"image\/webp\" \/>\n<meta name=\"twitter:card\" content=\"summary_large_image\" \/>\n<meta name=\"twitter:label1\" content=\"Tempo estimado de leitura\" \/>\n\t<meta name=\"twitter:data1\" content=\"2 minutos\" \/>\n<script type=\"application\/ld+json\" class=\"yoast-schema-graph\">{\"@context\":\"https:\/\/schema.org\",\"@graph\":[{\"@type\":\"WebPage\",\"@id\":\"https:\/\/www.csj-emballages.com\/pt-pt\/produit\/livro-de-entregas-50-com-tres-dobras-210-x-140-mm-elve\/\",\"url\":\"https:\/\/www.csj-emballages.com\/pt-pt\/produit\/livro-de-entregas-50-com-tres-dobras-210-x-140-mm-elve\/\",\"name\":\"Caderno de entrega 50 Tripli 210 x 140 mm ELVE\",\"isPartOf\":{\"@id\":\"https:\/\/www.csj-emballages.com\/pt-pt\/#website\"},\"primaryImageOfPage\":{\"@id\":\"https:\/\/www.csj-emballages.com\/pt-pt\/produit\/livro-de-entregas-50-com-tres-dobras-210-x-140-mm-elve\/#primaryimage\"},\"image\":{\"@id\":\"https:\/\/www.csj-emballages.com\/pt-pt\/produit\/livro-de-entregas-50-com-tres-dobras-210-x-140-mm-elve\/#primaryimage\"},\"thumbnailUrl\":\"https:\/\/www.csj-emballages.com\/wp-content\/uploads\/2024\/03\/2108.webp\",\"datePublished\":\"2024-03-01T15:59:18+00:00\",\"dateModified\":\"2026-04-03T00:12:05+00:00\",\"description\":\"Caderno de entregas ELVE, 50 folhas triplas, 210 x 140 mm. Autocopiador, numerado, ideal para uma gest\u00e3o simples e eficaz das suas entregas.\",\"breadcrumb\":{\"@id\":\"https:\/\/www.csj-emballages.com\/pt-pt\/produit\/livro-de-entregas-50-com-tres-dobras-210-x-140-mm-elve\/#breadcrumb\"},\"inLanguage\":\"pt-PT\",\"potentialAction\":[{\"@type\":\"ReadAction\",\"target\":[\"https:\/\/www.csj-emballages.com\/pt-pt\/produit\/livro-de-entregas-50-com-tres-dobras-210-x-140-mm-elve\/\"]}]},{\"@type\":\"ImageObject\",\"inLanguage\":\"pt-PT\",\"@id\":\"https:\/\/www.csj-emballages.com\/pt-pt\/produit\/livro-de-entregas-50-com-tres-dobras-210-x-140-mm-elve\/#primaryimage\",\"url\":\"https:\/\/www.csj-emballages.com\/wp-content\/uploads\/2024\/03\/2108.webp\",\"contentUrl\":\"https:\/\/www.csj-emballages.com\/wp-content\/uploads\/2024\/03\/2108.webp\",\"width\":800,\"height\":800,\"caption\":\"Carnet de livraison\"},{\"@type\":\"BreadcrumbList\",\"@id\":\"https:\/\/www.csj-emballages.com\/pt-pt\/produit\/livro-de-entregas-50-com-tres-dobras-210-x-140-mm-elve\/#breadcrumb\",\"itemListElement\":[{\"@type\":\"ListItem\",\"position\":1,\"name\":\"Acolhimento\",\"item\":\"https:\/\/www.csj-emballages.com\/pt-pt\/universo-das-embalagens-alimentares\/\"},{\"@type\":\"ListItem\",\"position\":2,\"name\":\"Shop\",\"item\":\"https:\/\/www.csj-emballages.com\/shop\/\"},{\"@type\":\"ListItem\",\"position\":3,\"name\":\"Bloco de notas de entrega 50 com tr\u00eas dobras 210 x 140 mm ELVE\"}]},{\"@type\":\"WebSite\",\"@id\":\"https:\/\/www.csj-emballages.com\/pt-pt\/#website\",\"url\":\"https:\/\/www.csj-emballages.com\/pt-pt\/\",\"name\":\"CSJ Emballages\",\"description\":\"\",\"publisher\":{\"@id\":\"https:\/\/www.csj-emballages.com\/pt-pt\/#organization\"},\"potentialAction\":[{\"@type\":\"SearchAction\",\"target\":{\"@type\":\"EntryPoint\",\"urlTemplate\":\"https:\/\/www.csj-emballages.com\/pt-pt\/?s={search_term_string}\"},\"query-input\":{\"@type\":\"PropertyValueSpecification\",\"valueRequired\":true,\"valueName\":\"search_term_string\"}}],\"inLanguage\":\"pt-PT\"},{\"@type\":\"Organization\",\"@id\":\"https:\/\/www.csj-emballages.com\/pt-pt\/#Organization\/\",\"name\":\"CSJ Emballages\",\"url\":\"https:\/\/www.csj-emballages.com\/pt-pt\/\",\"logo\":{\"@type\":\"ImageObject\",\"inLanguage\":\"pt-PT\",\"@id\":\"https:\/\/www.csj-emballages.com\/pt-pt\/#\/schema\/logo\/image\/\",\"url\":\"https:\/\/www.csj-emballages.com\/wp-content\/uploads\/2023\/10\/logo_csj.webp\",\"contentUrl\":\"https:\/\/www.csj-emballages.com\/wp-content\/uploads\/2023\/10\/logo_csj.webp\",\"width\":250,\"height\":95,\"caption\":\"CSJ Emballages\"},\"image\":{\"@id\":\"https:\/\/www.csj-emballages.com\/pt-pt\/#\/schema\/logo\/image\/\"},\"sameAs\":[\"https:\/\/www.facebook.com\/csjemballages\"],\"address\":{\"@type\":\"PostalAddress\",\"streetAddress\":\"ZI La Lechere\",\"addressLocality\":\"Patornay\",\"postalCode\":\"39130\",\"addressCountry\":\"FR\"},\"contactPoint\":[{\"@type\":\"ContactPoint\",\"contactType\":\"Service client\",\"telephone\":\"0384254272\",\"email\":\"contact@csj-emballages.com\"}]}]}<\/script>\n<!-- \/ Yoast SEO Premium plugin. -->","yoast_head_json":{"title":"Caderno de entrega 50 Tripli 210 x 140 mm ELVE","description":"Caderno de entregas ELVE, 50 folhas triplas, 210 x 140 mm. Autocopiador, numerado, ideal para uma gest\u00e3o simples e eficaz das suas entregas.","robots":{"index":"index","follow":"follow","max-snippet":"max-snippet:-1","max-image-preview":"max-image-preview:large","max-video-preview":"max-video-preview:-1"},"canonical":"https:\/\/www.csj-emballages.com\/pt-pt\/produit\/livro-de-entregas-50-com-tres-dobras-210-x-140-mm-elve\/","og_locale":"pt_PT","og_type":"article","og_title":"Bloco de notas de entrega 50 com tr\u00eas dobras 210 x 140 mm ELVE","og_description":"Caderno de entregas ELVE, 50 folhas triplas, 210 x 140 mm. Autocopiador, numerado, ideal para uma gest\u00e3o simples e eficaz das suas entregas.","og_url":"https:\/\/www.csj-emballages.com\/pt-pt\/produit\/livro-de-entregas-50-com-tres-dobras-210-x-140-mm-elve\/","og_site_name":"CSJ Emballages","article_publisher":"https:\/\/www.facebook.com\/csjemballages","article_modified_time":"2026-04-03T00:12:05+00:00","og_image":[{"width":800,"height":800,"url":"https:\/\/www.csj-emballages.com\/wp-content\/uploads\/2024\/03\/2108.webp","type":"image\/webp"}],"twitter_card":"summary_large_image","twitter_misc":{"Tempo estimado de leitura":"2 minutos"},"schema":{"@context":"https:\/\/schema.org","@graph":[{"@type":"WebPage","@id":"https:\/\/www.csj-emballages.com\/pt-pt\/produit\/livro-de-entregas-50-com-tres-dobras-210-x-140-mm-elve\/","url":"https:\/\/www.csj-emballages.com\/pt-pt\/produit\/livro-de-entregas-50-com-tres-dobras-210-x-140-mm-elve\/","name":"Caderno de entrega 50 Tripli 210 x 140 mm ELVE","isPartOf":{"@id":"https:\/\/www.csj-emballages.com\/pt-pt\/#website"},"primaryImageOfPage":{"@id":"https:\/\/www.csj-emballages.com\/pt-pt\/produit\/livro-de-entregas-50-com-tres-dobras-210-x-140-mm-elve\/#primaryimage"},"image":{"@id":"https:\/\/www.csj-emballages.com\/pt-pt\/produit\/livro-de-entregas-50-com-tres-dobras-210-x-140-mm-elve\/#primaryimage"},"thumbnailUrl":"https:\/\/www.csj-emballages.com\/wp-content\/uploads\/2024\/03\/2108.webp","datePublished":"2024-03-01T15:59:18+00:00","dateModified":"2026-04-03T00:12:05+00:00","description":"Caderno de entregas ELVE, 50 folhas triplas, 210 x 140 mm. Autocopiador, numerado, ideal para uma gest\u00e3o simples e eficaz das suas entregas.","breadcrumb":{"@id":"https:\/\/www.csj-emballages.com\/pt-pt\/produit\/livro-de-entregas-50-com-tres-dobras-210-x-140-mm-elve\/#breadcrumb"},"inLanguage":"pt-PT","potentialAction":[{"@type":"ReadAction","target":["https:\/\/www.csj-emballages.com\/pt-pt\/produit\/livro-de-entregas-50-com-tres-dobras-210-x-140-mm-elve\/"]}]},{"@type":"ImageObject","inLanguage":"pt-PT","@id":"https:\/\/www.csj-emballages.com\/pt-pt\/produit\/livro-de-entregas-50-com-tres-dobras-210-x-140-mm-elve\/#primaryimage","url":"https:\/\/www.csj-emballages.com\/wp-content\/uploads\/2024\/03\/2108.webp","contentUrl":"https:\/\/www.csj-emballages.com\/wp-content\/uploads\/2024\/03\/2108.webp","width":800,"height":800,"caption":"Carnet de livraison"},{"@type":"BreadcrumbList","@id":"https:\/\/www.csj-emballages.com\/pt-pt\/produit\/livro-de-entregas-50-com-tres-dobras-210-x-140-mm-elve\/#breadcrumb","itemListElement":[{"@type":"ListItem","position":1,"name":"Acolhimento","item":"https:\/\/www.csj-emballages.com\/pt-pt\/universo-das-embalagens-alimentares\/"},{"@type":"ListItem","position":2,"name":"Shop","item":"https:\/\/www.csj-emballages.com\/shop\/"},{"@type":"ListItem","position":3,"name":"Bloco de notas de entrega 50 com tr\u00eas dobras 210 x 140 mm ELVE"}]},{"@type":"WebSite","@id":"https:\/\/www.csj-emballages.com\/pt-pt\/#website","url":"https:\/\/www.csj-emballages.com\/pt-pt\/","name":"CSJ Emballages","description":"","publisher":{"@id":"https:\/\/www.csj-emballages.com\/pt-pt\/#organization"},"potentialAction":[{"@type":"SearchAction","target":{"@type":"EntryPoint","urlTemplate":"https:\/\/www.csj-emballages.com\/pt-pt\/?s={search_term_string}"},"query-input":{"@type":"PropertyValueSpecification","valueRequired":true,"valueName":"search_term_string"}}],"inLanguage":"pt-PT"},{"@type":"Organization","@id":"https:\/\/www.csj-emballages.com\/pt-pt\/#Organization\/","name":"CSJ Emballages","url":"https:\/\/www.csj-emballages.com\/pt-pt\/","logo":{"@type":"ImageObject","inLanguage":"pt-PT","@id":"https:\/\/www.csj-emballages.com\/pt-pt\/#\/schema\/logo\/image\/","url":"https:\/\/www.csj-emballages.com\/wp-content\/uploads\/2023\/10\/logo_csj.webp","contentUrl":"https:\/\/www.csj-emballages.com\/wp-content\/uploads\/2023\/10\/logo_csj.webp","width":250,"height":95,"caption":"CSJ Emballages"},"image":{"@id":"https:\/\/www.csj-emballages.com\/pt-pt\/#\/schema\/logo\/image\/"},"sameAs":["https:\/\/www.facebook.com\/csjemballages"],"address":{"@type":"PostalAddress","streetAddress":"ZI La Lechere","addressLocality":"Patornay","postalCode":"39130","addressCountry":"FR"},"contactPoint":[{"@type":"ContactPoint","contactType":"Service client","telephone":"0384254272","email":"contact@csj-emballages.com"}]}]}},"df_price":7.13,"df_sale_price":"","df_regular_price":7.13,"df_image_link":"https:\/\/www.csj-emballages.com\/wp-content\/uploads\/2024\/03\/2108-300x300.webp","tiered_pricing_type":"fixed","tiered_pricing_fixed_rules":[],"tiered_pricing_percentage_rules":[],"tiered_pricing_minimum":1,"tiered_pricing_roles_data":[],"_links":{"self":[{"href":"https:\/\/www.csj-emballages.com\/pt-pt\/wp-json\/wp\/v2\/product\/18822","targetHints":{"allow":["GET"]}}],"collection":[{"href":"https:\/\/www.csj-emballages.com\/pt-pt\/wp-json\/wp\/v2\/product"}],"about":[{"href":"https:\/\/www.csj-emballages.com\/pt-pt\/wp-json\/wp\/v2\/types\/product"}],"wp:featuredmedia":[{"embeddable":true,"href":"https:\/\/www.csj-emballages.com\/pt-pt\/wp-json\/wp\/v2\/media\/231730"}],"wp:attachment":[{"href":"https:\/\/www.csj-emballages.com\/pt-pt\/wp-json\/wp\/v2\/media?parent=18822"}],"wp:term":[{"taxonomy":"product_brand","embeddable":true,"href":"https:\/\/www.csj-emballages.com\/pt-pt\/wp-json\/wp\/v2\/product_brand?post=18822"},{"taxonomy":"product_cat","embeddable":true,"href":"https:\/\/www.csj-emballages.com\/pt-pt\/wp-json\/wp\/v2\/product_cat?post=18822"},{"taxonomy":"product_tag","embeddable":true,"href":"https:\/\/www.csj-emballages.com\/pt-pt\/wp-json\/wp\/v2\/product_tag?post=18822"}],"curies":[{"name":"wp","href":"https:\/\/api.w.org\/{rel}","templated":true}]}}