{"id":18816,"date":"2024-03-01T16:59:17","date_gmt":"2024-03-01T15:59:17","guid":{"rendered":"https:\/\/u15jnbdpoq.preview.infomaniak.website\/produit\/entrega-de-cadernos-50-dupli-210-x-210-mm-elve\/"},"modified":"2026-04-17T11:00:29","modified_gmt":"2026-04-17T09:00:29","slug":"entrega-de-cadernos-50-dupli-210-x-210-mm-elve","status":"publish","type":"product","link":"https:\/\/www.csj-emballages.com\/pt-pt\/produit\/entrega-de-cadernos-50-dupli-210-x-210-mm-elve\/","title":{"rendered":"Caderno de entrega 50 dupli 210 x 210 mm ELVE"},"content":{"rendered":"<h2 class=\"p1\">Caderno de entrega<\/h2>\n<hr>\n<h3>Descri\u00e7\u00e3o da nossa entrega caderno 50 dupli 210 x 210 mm ELVE<\/h3>\n<p><!--more--><\/p>\n<div class=\"flex-shrink-0 flex flex-col relative items-end\">\n<div class=\"pt-0.5 juice:pt-0\">\n<div class=\"gizmo-bot-avatar flex h-6 w-6 items-center justify-center overflow-hidden rounded-full juice:h-8 juice:w-8\">\n<div class=\"relative p-1 rounded-sm flex items-center justify-center bg-token-main-surface-primary text-token-text-primary h-8 w-8\">\n<p class=\"\" data-start=\"191\" data-end=\"666\">O <strong data-start=\"194\" data-end=\"248\">caderno de entregas ELVE 50 duplicado 210 x 210 mm<\/strong> \u00e9 indispens\u00e1vel para os profissionais que pretendem manter um registo claro, r\u00e1pido e fi\u00e1vel de todas as entregas que efectuam. Compacto mas formidavelmente eficaz, cabe facilmente num bolso ou no porta-luvas de um ve\u00edculo comercial. Este <strong>caderno de entregas sem carbono<\/strong> foi concebido para uma utiliza\u00e7\u00e3o quotidiana no terreno: cont\u00e9m <strong data-start=\"592\" data-end=\"631\">50 folhas numeradas em duplicado<\/strong> para um acompanhamento simples e organizado.  <\/p>\n<p class=\"\" data-start=\"668\" data-end=\"1085\">A primeira folha (CB &#8211; 56g\/m\u00b2) \u00e9 impressa a <strong data-start=\"717\" data-end=\"732\">tinta azul<\/strong>, o que torna a leitura f\u00e1cil e profissional. Ser\u00e1 utilizada para entregar uma c\u00f3pia ao cliente. A segunda folha (CF &#8211; 57g\/m\u00b2), impressa a <strong data-start=\"879\" data-end=\"894\">tinta vermelha<\/strong>, fica no seu bloco <strong>de<\/strong> notas para os seus registos. Gra\u00e7as ao papel autocopiativo, n\u00e3o h\u00e1 necessidade de papel vegetal ou de carbono: cada peda\u00e7o de escrita \u00e9 instantaneamente reproduzido na segunda p\u00e1gina, com clareza.   <\/p>\n<p class=\"\" data-start=\"1087\" data-end=\"1414\">Ideal para entregas de mercadorias, interven\u00e7\u00f5es t\u00e9cnicas ou servi\u00e7os, esta <strong>guia de remessa<\/strong> \u00e9 uma solu\u00e7\u00e3o simples, r\u00e1pida e eficaz para formalizar todas as transac\u00e7\u00f5es. Nome de confian\u00e7a no sector da papelaria profissional, a ELVE garante igualmente uma qualidade de fabrico rigorosa. <\/p>\n<p class=\"\" data-start=\"1416\" data-end=\"1559\">Em suma, este <strong>caderno<\/strong> fi\u00e1vel, claro e bem concebido ajudar\u00e1 os profissionais de todas as \u00e1reas a gerir as suas rondas de entrega sem stress.<\/p>\n<p data-start=\"1416\" data-end=\"1559\">\n<\/div>\n<\/div>\n<\/div>\n<\/div>\n<p><!--more--><\/p>\n<p><strong>As suas vantagens:<\/strong><\/p>\n<ul>\n<li>50 folhas duplicadas e numeradas.<\/li>\n<li>O seu formato compacto de 210 x 210 mm facilita o seu transporte.<\/li>\n<li>Papel autocopiativo: sem carbono, escrita instant\u00e2nea.<\/li>\n<li>A marca ELVE: uma garantia de qualidade e fiabilidade.<\/li>\n<\/ul>\n<p>&nbsp;<\/p>\n<p><!--more--><\/p>\n<h4>Outras informa\u00e7\u00f5es :<\/h4>\n<ul>\n<li><strong>Embalagem<\/strong>: Vendido individualmente<\/li>\n<li><strong>Dimens\u00f5es<\/strong>: 210 x 210 (C x L em mm).<\/li>\n<li><strong>N\u00famero de p\u00e1ginas<\/strong>: 50 dupli<\/li>\n<li><strong>Material<\/strong>: Papel<\/li>\n<\/ul>\n<p>&nbsp;<\/p>\n<p><!--more--><\/p>\n<p>Encontre aqui o nosso caderno de entrega 50 tripli 210 x 140 mm : <span style=\"color: #d12727\"><a style=\"color: #d12727\" href=\"https:\/\/www.csj-emballages.com\/produit\/carnet-livraison-50-tripli-210-x-140-mm-elve\/\">2108<\/a><\/span><\/p>\n<p>&nbsp;<\/p>\n<p><!--more--><\/p>\n<p><a href=\"https:\/\/www.csj-emballages.com\/pt-pt\/categorie-produit\/embalagem-de-alimentos\/loja-e-armazem\/artigos-de-papelaria-e-pequenos-artigos\/cadernos\/\">Ver o resto da nossa gama de computadores port\u00e1teis<\/a><\/p>\n","protected":false},"excerpt":{"rendered":"<p>Caderno de entrega Descri\u00e7\u00e3o da nossa entrega caderno 50 dupli 210 x 210 mm ELVE<\/p>\n","protected":false},"featured_media":231722,"template":"","meta":{"_acf_changed":false},"product_brand":[],"product_cat":[1482,1927,1943],"product_tag":[],"class_list":{"0":"post-18816","1":"product","2":"type-product","3":"status-publish","4":"has-post-thumbnail","6":"product_cat-loja-e-armazem","7":"product_cat-artigos-de-papelaria-e-pequenos-artigos","8":"product_cat-notas-de-entrega","10":"first","11":"instock","12":"taxable","13":"shipping-taxable","14":"purchasable","15":"product-type-simple"},"acf":[],"yoast_head":"<!-- This site is optimized with the Yoast SEO Premium plugin v26.6 (Yoast SEO v26.6) - https:\/\/yoast.com\/wordpress\/plugins\/seo\/ -->\n<title>Bloco de notas de entrega 50 Dupli 210 x 210 mm ELVE<\/title>\n<meta name=\"description\" content=\"Caderno de entregas em duplicado ELVE 50 - ideal para acompanhar as suas entregas de forma fi\u00e1vel e clara. Compacto, sem papel qu\u00edmico e pr\u00e1tico.\" \/>\n<meta name=\"robots\" content=\"index, follow, max-snippet:-1, max-image-preview:large, max-video-preview:-1\" \/>\n<link rel=\"canonical\" href=\"https:\/\/www.csj-emballages.com\/pt-pt\/produit\/entrega-de-cadernos-50-dupli-210-x-210-mm-elve\/\" \/>\n<meta property=\"og:locale\" content=\"pt_PT\" \/>\n<meta property=\"og:type\" content=\"article\" \/>\n<meta property=\"og:title\" content=\"Caderno de entrega 50 dupli 210 x 210 mm ELVE\" \/>\n<meta property=\"og:description\" content=\"Caderno de entregas em duplicado ELVE 50 - ideal para acompanhar as suas entregas de forma fi\u00e1vel e clara. Compacto, sem papel qu\u00edmico e pr\u00e1tico.\" \/>\n<meta property=\"og:url\" content=\"https:\/\/www.csj-emballages.com\/pt-pt\/produit\/entrega-de-cadernos-50-dupli-210-x-210-mm-elve\/\" \/>\n<meta property=\"og:site_name\" content=\"CSJ Emballages\" \/>\n<meta property=\"article:publisher\" content=\"https:\/\/www.facebook.com\/csjemballages\" \/>\n<meta property=\"article:modified_time\" content=\"2026-04-17T09:00:29+00:00\" \/>\n<meta property=\"og:image\" content=\"https:\/\/www.csj-emballages.com\/wp-content\/uploads\/2024\/03\/2105.webp\" \/>\n\t<meta property=\"og:image:width\" content=\"800\" \/>\n\t<meta property=\"og:image:height\" content=\"800\" \/>\n\t<meta property=\"og:image:type\" content=\"image\/jpeg\" \/>\n<meta name=\"twitter:card\" content=\"summary_large_image\" \/>\n<meta name=\"twitter:label1\" content=\"Tempo estimado de leitura\" \/>\n\t<meta name=\"twitter:data1\" content=\"2 minutos\" \/>\n<script type=\"application\/ld+json\" class=\"yoast-schema-graph\">{\"@context\":\"https:\/\/schema.org\",\"@graph\":[{\"@type\":\"WebPage\",\"@id\":\"https:\/\/www.csj-emballages.com\/pt-pt\/produit\/entrega-de-cadernos-50-dupli-210-x-210-mm-elve\/\",\"url\":\"https:\/\/www.csj-emballages.com\/pt-pt\/produit\/entrega-de-cadernos-50-dupli-210-x-210-mm-elve\/\",\"name\":\"Bloco de notas de entrega 50 Dupli 210 x 210 mm ELVE\",\"isPartOf\":{\"@id\":\"https:\/\/www.csj-emballages.com\/pt-pt\/#website\"},\"primaryImageOfPage\":{\"@id\":\"https:\/\/www.csj-emballages.com\/pt-pt\/produit\/entrega-de-cadernos-50-dupli-210-x-210-mm-elve\/#primaryimage\"},\"image\":{\"@id\":\"https:\/\/www.csj-emballages.com\/pt-pt\/produit\/entrega-de-cadernos-50-dupli-210-x-210-mm-elve\/#primaryimage\"},\"thumbnailUrl\":\"https:\/\/www.csj-emballages.com\/wp-content\/uploads\/2024\/03\/2105.webp\",\"datePublished\":\"2024-03-01T15:59:17+00:00\",\"dateModified\":\"2026-04-17T09:00:29+00:00\",\"description\":\"Caderno de entregas em duplicado ELVE 50 - ideal para acompanhar as suas entregas de forma fi\u00e1vel e clara. Compacto, sem papel qu\u00edmico e pr\u00e1tico.\",\"breadcrumb\":{\"@id\":\"https:\/\/www.csj-emballages.com\/pt-pt\/produit\/entrega-de-cadernos-50-dupli-210-x-210-mm-elve\/#breadcrumb\"},\"inLanguage\":\"pt-PT\",\"potentialAction\":[{\"@type\":\"ReadAction\",\"target\":[\"https:\/\/www.csj-emballages.com\/pt-pt\/produit\/entrega-de-cadernos-50-dupli-210-x-210-mm-elve\/\"]}]},{\"@type\":\"ImageObject\",\"inLanguage\":\"pt-PT\",\"@id\":\"https:\/\/www.csj-emballages.com\/pt-pt\/produit\/entrega-de-cadernos-50-dupli-210-x-210-mm-elve\/#primaryimage\",\"url\":\"https:\/\/www.csj-emballages.com\/wp-content\/uploads\/2024\/03\/2105.webp\",\"contentUrl\":\"https:\/\/www.csj-emballages.com\/wp-content\/uploads\/2024\/03\/2105.webp\",\"width\":800,\"height\":800,\"caption\":\"Carnet de livraison\"},{\"@type\":\"BreadcrumbList\",\"@id\":\"https:\/\/www.csj-emballages.com\/pt-pt\/produit\/entrega-de-cadernos-50-dupli-210-x-210-mm-elve\/#breadcrumb\",\"itemListElement\":[{\"@type\":\"ListItem\",\"position\":1,\"name\":\"Acolhimento\",\"item\":\"https:\/\/www.csj-emballages.com\/pt-pt\/universo-das-embalagens-alimentares\/\"},{\"@type\":\"ListItem\",\"position\":2,\"name\":\"Shop\",\"item\":\"https:\/\/www.csj-emballages.com\/shop\/\"},{\"@type\":\"ListItem\",\"position\":3,\"name\":\"Caderno de entrega 50 dupli 210 x 210 mm ELVE\"}]},{\"@type\":\"WebSite\",\"@id\":\"https:\/\/www.csj-emballages.com\/pt-pt\/#website\",\"url\":\"https:\/\/www.csj-emballages.com\/pt-pt\/\",\"name\":\"CSJ Emballages\",\"description\":\"\",\"publisher\":{\"@id\":\"https:\/\/www.csj-emballages.com\/pt-pt\/#organization\"},\"potentialAction\":[{\"@type\":\"SearchAction\",\"target\":{\"@type\":\"EntryPoint\",\"urlTemplate\":\"https:\/\/www.csj-emballages.com\/pt-pt\/?s={search_term_string}\"},\"query-input\":{\"@type\":\"PropertyValueSpecification\",\"valueRequired\":true,\"valueName\":\"search_term_string\"}}],\"inLanguage\":\"pt-PT\"},{\"@type\":\"Organization\",\"@id\":\"https:\/\/www.csj-emballages.com\/pt-pt\/#Organization\/\",\"name\":\"CSJ Emballages\",\"url\":\"https:\/\/www.csj-emballages.com\/pt-pt\/\",\"logo\":{\"@type\":\"ImageObject\",\"inLanguage\":\"pt-PT\",\"@id\":\"https:\/\/www.csj-emballages.com\/pt-pt\/#\/schema\/logo\/image\/\",\"url\":\"https:\/\/www.csj-emballages.com\/wp-content\/uploads\/2023\/10\/logo_csj.webp\",\"contentUrl\":\"https:\/\/www.csj-emballages.com\/wp-content\/uploads\/2023\/10\/logo_csj.webp\",\"width\":250,\"height\":95,\"caption\":\"CSJ Emballages\"},\"image\":{\"@id\":\"https:\/\/www.csj-emballages.com\/pt-pt\/#\/schema\/logo\/image\/\"},\"sameAs\":[\"https:\/\/www.facebook.com\/csjemballages\"],\"address\":{\"@type\":\"PostalAddress\",\"streetAddress\":\"ZI La Lechere\",\"addressLocality\":\"Patornay\",\"postalCode\":\"39130\",\"addressCountry\":\"FR\"},\"contactPoint\":[{\"@type\":\"ContactPoint\",\"contactType\":\"Service client\",\"telephone\":\"0384254272\",\"email\":\"contact@csj-emballages.com\"}]}]}<\/script>\n<!-- \/ Yoast SEO Premium plugin. -->","yoast_head_json":{"title":"Bloco de notas de entrega 50 Dupli 210 x 210 mm ELVE","description":"Caderno de entregas em duplicado ELVE 50 - ideal para acompanhar as suas entregas de forma fi\u00e1vel e clara. Compacto, sem papel qu\u00edmico e pr\u00e1tico.","robots":{"index":"index","follow":"follow","max-snippet":"max-snippet:-1","max-image-preview":"max-image-preview:large","max-video-preview":"max-video-preview:-1"},"canonical":"https:\/\/www.csj-emballages.com\/pt-pt\/produit\/entrega-de-cadernos-50-dupli-210-x-210-mm-elve\/","og_locale":"pt_PT","og_type":"article","og_title":"Caderno de entrega 50 dupli 210 x 210 mm ELVE","og_description":"Caderno de entregas em duplicado ELVE 50 - ideal para acompanhar as suas entregas de forma fi\u00e1vel e clara. Compacto, sem papel qu\u00edmico e pr\u00e1tico.","og_url":"https:\/\/www.csj-emballages.com\/pt-pt\/produit\/entrega-de-cadernos-50-dupli-210-x-210-mm-elve\/","og_site_name":"CSJ Emballages","article_publisher":"https:\/\/www.facebook.com\/csjemballages","article_modified_time":"2026-04-17T09:00:29+00:00","og_image":[{"width":800,"height":800,"url":"https:\/\/www.csj-emballages.com\/wp-content\/uploads\/2024\/03\/2105.webp","type":"image\/jpeg"}],"twitter_card":"summary_large_image","twitter_misc":{"Tempo estimado de leitura":"2 minutos"},"schema":{"@context":"https:\/\/schema.org","@graph":[{"@type":"WebPage","@id":"https:\/\/www.csj-emballages.com\/pt-pt\/produit\/entrega-de-cadernos-50-dupli-210-x-210-mm-elve\/","url":"https:\/\/www.csj-emballages.com\/pt-pt\/produit\/entrega-de-cadernos-50-dupli-210-x-210-mm-elve\/","name":"Bloco de notas de entrega 50 Dupli 210 x 210 mm ELVE","isPartOf":{"@id":"https:\/\/www.csj-emballages.com\/pt-pt\/#website"},"primaryImageOfPage":{"@id":"https:\/\/www.csj-emballages.com\/pt-pt\/produit\/entrega-de-cadernos-50-dupli-210-x-210-mm-elve\/#primaryimage"},"image":{"@id":"https:\/\/www.csj-emballages.com\/pt-pt\/produit\/entrega-de-cadernos-50-dupli-210-x-210-mm-elve\/#primaryimage"},"thumbnailUrl":"https:\/\/www.csj-emballages.com\/wp-content\/uploads\/2024\/03\/2105.webp","datePublished":"2024-03-01T15:59:17+00:00","dateModified":"2026-04-17T09:00:29+00:00","description":"Caderno de entregas em duplicado ELVE 50 - ideal para acompanhar as suas entregas de forma fi\u00e1vel e clara. Compacto, sem papel qu\u00edmico e pr\u00e1tico.","breadcrumb":{"@id":"https:\/\/www.csj-emballages.com\/pt-pt\/produit\/entrega-de-cadernos-50-dupli-210-x-210-mm-elve\/#breadcrumb"},"inLanguage":"pt-PT","potentialAction":[{"@type":"ReadAction","target":["https:\/\/www.csj-emballages.com\/pt-pt\/produit\/entrega-de-cadernos-50-dupli-210-x-210-mm-elve\/"]}]},{"@type":"ImageObject","inLanguage":"pt-PT","@id":"https:\/\/www.csj-emballages.com\/pt-pt\/produit\/entrega-de-cadernos-50-dupli-210-x-210-mm-elve\/#primaryimage","url":"https:\/\/www.csj-emballages.com\/wp-content\/uploads\/2024\/03\/2105.webp","contentUrl":"https:\/\/www.csj-emballages.com\/wp-content\/uploads\/2024\/03\/2105.webp","width":800,"height":800,"caption":"Carnet de livraison"},{"@type":"BreadcrumbList","@id":"https:\/\/www.csj-emballages.com\/pt-pt\/produit\/entrega-de-cadernos-50-dupli-210-x-210-mm-elve\/#breadcrumb","itemListElement":[{"@type":"ListItem","position":1,"name":"Acolhimento","item":"https:\/\/www.csj-emballages.com\/pt-pt\/universo-das-embalagens-alimentares\/"},{"@type":"ListItem","position":2,"name":"Shop","item":"https:\/\/www.csj-emballages.com\/shop\/"},{"@type":"ListItem","position":3,"name":"Caderno de entrega 50 dupli 210 x 210 mm ELVE"}]},{"@type":"WebSite","@id":"https:\/\/www.csj-emballages.com\/pt-pt\/#website","url":"https:\/\/www.csj-emballages.com\/pt-pt\/","name":"CSJ Emballages","description":"","publisher":{"@id":"https:\/\/www.csj-emballages.com\/pt-pt\/#organization"},"potentialAction":[{"@type":"SearchAction","target":{"@type":"EntryPoint","urlTemplate":"https:\/\/www.csj-emballages.com\/pt-pt\/?s={search_term_string}"},"query-input":{"@type":"PropertyValueSpecification","valueRequired":true,"valueName":"search_term_string"}}],"inLanguage":"pt-PT"},{"@type":"Organization","@id":"https:\/\/www.csj-emballages.com\/pt-pt\/#Organization\/","name":"CSJ Emballages","url":"https:\/\/www.csj-emballages.com\/pt-pt\/","logo":{"@type":"ImageObject","inLanguage":"pt-PT","@id":"https:\/\/www.csj-emballages.com\/pt-pt\/#\/schema\/logo\/image\/","url":"https:\/\/www.csj-emballages.com\/wp-content\/uploads\/2023\/10\/logo_csj.webp","contentUrl":"https:\/\/www.csj-emballages.com\/wp-content\/uploads\/2023\/10\/logo_csj.webp","width":250,"height":95,"caption":"CSJ Emballages"},"image":{"@id":"https:\/\/www.csj-emballages.com\/pt-pt\/#\/schema\/logo\/image\/"},"sameAs":["https:\/\/www.facebook.com\/csjemballages"],"address":{"@type":"PostalAddress","streetAddress":"ZI La Lechere","addressLocality":"Patornay","postalCode":"39130","addressCountry":"FR"},"contactPoint":[{"@type":"ContactPoint","contactType":"Service client","telephone":"0384254272","email":"contact@csj-emballages.com"}]}]}},"df_price":5.93,"df_sale_price":"","df_regular_price":5.93,"df_image_link":"https:\/\/www.csj-emballages.com\/wp-content\/uploads\/2024\/03\/2105-300x300.webp","tiered_pricing_type":"fixed","tiered_pricing_fixed_rules":[],"tiered_pricing_percentage_rules":[],"tiered_pricing_minimum":1,"tiered_pricing_roles_data":[],"_links":{"self":[{"href":"https:\/\/www.csj-emballages.com\/pt-pt\/wp-json\/wp\/v2\/product\/18816","targetHints":{"allow":["GET"]}}],"collection":[{"href":"https:\/\/www.csj-emballages.com\/pt-pt\/wp-json\/wp\/v2\/product"}],"about":[{"href":"https:\/\/www.csj-emballages.com\/pt-pt\/wp-json\/wp\/v2\/types\/product"}],"wp:featuredmedia":[{"embeddable":true,"href":"https:\/\/www.csj-emballages.com\/pt-pt\/wp-json\/wp\/v2\/media\/231722"}],"wp:attachment":[{"href":"https:\/\/www.csj-emballages.com\/pt-pt\/wp-json\/wp\/v2\/media?parent=18816"}],"wp:term":[{"taxonomy":"product_brand","embeddable":true,"href":"https:\/\/www.csj-emballages.com\/pt-pt\/wp-json\/wp\/v2\/product_brand?post=18816"},{"taxonomy":"product_cat","embeddable":true,"href":"https:\/\/www.csj-emballages.com\/pt-pt\/wp-json\/wp\/v2\/product_cat?post=18816"},{"taxonomy":"product_tag","embeddable":true,"href":"https:\/\/www.csj-emballages.com\/pt-pt\/wp-json\/wp\/v2\/product_tag?post=18816"}],"curies":[{"name":"wp","href":"https:\/\/api.w.org\/{rel}","templated":true}]}}