{"id":18779,"date":"2024-03-01T16:59:20","date_gmt":"2024-03-01T15:59:20","guid":{"rendered":"https:\/\/u15jnbdpoq.preview.infomaniak.website\/produit\/duplicado-do-registo-de-compras-para-empresarios-independentes-sem-iva-297-x-210-mm-elve\/"},"modified":"2026-04-01T02:11:08","modified_gmt":"2026-04-01T00:11:08","slug":"duplicado-do-registo-de-compras-para-empresarios-independentes-sem-iva-297-x-210-mm-elve","status":"publish","type":"product","link":"https:\/\/www.csj-emballages.com\/pt-pt\/produit\/duplicado-do-registo-de-compras-para-empresarios-independentes-sem-iva-297-x-210-mm-elve\/","title":{"rendered":"Registo de compras 40 duplicados de auto-empres\u00e1rio sem IVA 297 x 210 mm ELVE"},"content":{"rendered":"<h2>Registo de compras<\/h2>\n<hr>\n<h3>Descri\u00e7\u00e3o do nosso registo de compras 40 dupli auto-empres\u00e1rio sem IVA 297 x 210 mm ELVE<\/h3>\n<p><!--more--><\/p>\n<div class=\"flex-shrink-0 flex flex-col relative items-end\">\n<div class=\"pt-0.5 juice:pt-0\">\n<div class=\"gizmo-bot-avatar flex h-6 w-6 items-center justify-center overflow-hidden rounded-full juice:h-8 juice:w-8\">\n<div class=\"relative p-1 rounded-sm flex items-center justify-center bg-token-main-surface-primary text-token-text-primary h-8 w-8\">\n<p class=\"\" data-start=\"209\" data-end=\"493\">Quando se \u00e9 um <strong>empres\u00e1rio independente<\/strong> ou um <strong>microempres\u00e1rio<\/strong>, \u00e9 essencial ter um <strong>registo de compras<\/strong> claro e bem mantido que cumpra os requisitos legais. O <strong data-start=\"364\" data-end=\"390\">registo de compras ELVE<\/strong> foi concebido para simplificar a sua administra\u00e7\u00e3o di\u00e1ria sem o afogar em papelada desnecess\u00e1ria. <\/p>\n<p class=\"\" data-start=\"495\" data-end=\"800\">Este bloco <strong>de notas sem carbono<\/strong> cont\u00e9m <strong data-start=\"526\" data-end=\"552\">40 folhas<\/strong> duplicadas <strong data-start=\"526\" data-end=\"552\">numeradas<\/strong>, perfeitas para registar as suas despesas profissionais. Cada compra \u00e9 facilmente rastre\u00e1vel gra\u00e7as \u00e0 <strong data-start=\"665\" data-end=\"686\">c\u00f3pia dupla<\/strong>: um original para si, uma c\u00f3pia para os seus registos ou para futuros controlos. As folhas s\u00e3o cuidadosamente concebidas:  <\/p>\n<ul data-start=\"801\" data-end=\"1031\">\n<li class=\"\" data-start=\"801\" data-end=\"911\">\n<p class=\"\" data-start=\"803\" data-end=\"911\">A <strong data-start=\"806\" data-end=\"827\">1\u00aa folha (CB)<\/strong> \u00e9 feita de papel de 56g\/m\u00b2, impresso a azul para um aspeto limpo e profissional.<\/p>\n<\/li>\n<li class=\"\" data-start=\"912\" data-end=\"1031\">\n<p class=\"\" data-start=\"914\" data-end=\"1031\">A <strong data-start=\"917\" data-end=\"937\">2\u00aa folha (CF)<\/strong>, em papel de 57g\/m\u00b2, \u00e9 impressa a vermelho para distinguir claramente a c\u00f3pia do original.<\/p>\n<\/li>\n<\/ul>\n<p class=\"\" data-start=\"1033\" data-end=\"1201\">O formato <strong data-start=\"1043\" data-end=\"1064\">A4 (297 x 210 mm)<\/strong> \u00e9 ideal para escrever confortavelmente e a encaderna\u00e7\u00e3o \u00e9 resistente, pelo que o bloco de notas durar\u00e1 muito tempo, mesmo com uma utiliza\u00e7\u00e3o regular.<\/p>\n<p class=\"\" data-start=\"1203\" data-end=\"1504\">Isento de IVA, este <strong>registo de compras<\/strong> est\u00e1 em conformidade com os regimes dos trabalhadores independentes e das microempresas, o que lhe permite manter-se dentro dos limites da contabilidade simplificada. Trata-se de uma ferramenta essencial para <strong data-start=\"1404\" data-end=\"1443\">justificar as compras da sua empresa<\/strong>, manter um registo limpo e organizado e evitar quaisquer descuidos. <\/p>\n<p data-start=\"1203\" data-end=\"1504\">\n<\/div>\n<\/div>\n<\/div>\n<\/div>\n<p><!--more--><\/p>\n<p><strong>As suas vantagens:<\/strong><\/p>\n<ul>\n<li>40 folhas duplicadas e numeradas.<\/li>\n<li>Folhas de papel autocopiativo com tintas separadas (azul\/vermelho).<\/li>\n<li>Papel leve mas resistente (56g e 57g).<\/li>\n<li>Formato A4 pr\u00e1tico para tomar notas.<\/li>\n<li>Respeita as obriga\u00e7\u00f5es legais dos auto-empres\u00e1rios.<\/li>\n<li>Ideal para registar as suas despesas sem IVA.<\/li>\n<\/ul>\n<p>&nbsp;<\/p>\n<p><!--more--><\/p>\n<h4>Outras informa\u00e7\u00f5es :<\/h4>\n<ul>\n<li><strong>Embalagem<\/strong>: Vendido individualmente<\/li>\n<li><strong>Dimens\u00f5es<\/strong>: 297 x 210 (C x L em mm).<\/li>\n<li><strong>N\u00famero de p\u00e1ginas<\/strong>: 40 dupli<\/li>\n<li><strong>Material<\/strong>: Papel<\/li>\n<\/ul>\n<p>&nbsp;<\/p>\n<p><!--more--><\/p>\n<p>Clique aqui para aceder ao nosso caderno de receitas e despesas: <span style=\"color: #d12727\"><a style=\"color: #d12727\" href=\"https:\/\/www.csj-emballages.com\/pt-pt\/produit\/caderno-de-recibos-de-despesas-220-x-170-mm-elve\/\">1329<\/a><\/span><\/p>\n<p>&nbsp;<\/p>\n<p><!--more--><\/p>\n<p><a href=\"https:\/\/www.csj-emballages.com\/pt-pt\/categorie-produit\/embalagem-de-alimentos\/loja-e-armazem\/artigos-de-papelaria-e-pequenos-artigos\/cadernos\/\">Ver o resto da nossa gama de computadores port\u00e1teis<\/a><\/p>\n","protected":false},"excerpt":{"rendered":"<p>Registo de compras Descri\u00e7\u00e3o do nosso registo de compras 40 dupli auto-empres\u00e1rio sem IVA 297 x 210 mm ELVE<\/p>\n","protected":false},"featured_media":231637,"template":"","meta":{"_acf_changed":false},"product_brand":[],"product_cat":[1482,1927,1941],"product_tag":[],"class_list":{"0":"post-18779","1":"product","2":"type-product","3":"status-publish","4":"has-post-thumbnail","6":"product_cat-loja-e-armazem","7":"product_cat-artigos-de-papelaria-e-pequenos-artigos","8":"product_cat-livros-de-facturas-facturadores","10":"first","11":"instock","12":"taxable","13":"shipping-taxable","14":"purchasable","15":"product-type-simple"},"acf":[],"yoast_head":"<!-- This site is optimized with the Yoast SEO Premium plugin v26.6 (Yoast SEO v26.6) - https:\/\/yoast.com\/wordpress\/plugins\/seo\/ -->\n<title>Registo de compras 40 Dupli Trabalhadores independentes sem IVA<\/title>\n<meta name=\"description\" content=\"Registo de compras ELVE para auto-empres\u00e1rios sem IVA - 40 duplicados em formato A4 - caderno autocopiador ideal para uma contabilidade clara e simples.\" \/>\n<meta name=\"robots\" content=\"index, follow, max-snippet:-1, max-image-preview:large, max-video-preview:-1\" \/>\n<link rel=\"canonical\" href=\"https:\/\/www.csj-emballages.com\/pt-pt\/produit\/duplicado-do-registo-de-compras-para-empresarios-independentes-sem-iva-297-x-210-mm-elve\/\" \/>\n<meta property=\"og:locale\" content=\"pt_PT\" \/>\n<meta property=\"og:type\" content=\"article\" \/>\n<meta property=\"og:title\" content=\"Registo de compras 40 duplicados de auto-empres\u00e1rio sem IVA 297 x 210 mm ELVE\" \/>\n<meta property=\"og:description\" content=\"Registo de compras ELVE para auto-empres\u00e1rios sem IVA - 40 duplicados em formato A4 - caderno autocopiador ideal para uma contabilidade clara e simples.\" \/>\n<meta property=\"og:url\" content=\"https:\/\/www.csj-emballages.com\/pt-pt\/produit\/duplicado-do-registo-de-compras-para-empresarios-independentes-sem-iva-297-x-210-mm-elve\/\" \/>\n<meta property=\"og:site_name\" content=\"CSJ Emballages\" \/>\n<meta property=\"article:publisher\" content=\"https:\/\/www.facebook.com\/csjemballages\" \/>\n<meta property=\"article:modified_time\" content=\"2026-04-01T00:11:08+00:00\" \/>\n<meta property=\"og:image\" content=\"https:\/\/www.csj-emballages.com\/wp-content\/uploads\/2024\/03\/19546.webp\" \/>\n\t<meta property=\"og:image:width\" content=\"800\" \/>\n\t<meta property=\"og:image:height\" content=\"800\" \/>\n\t<meta property=\"og:image:type\" content=\"image\/webp\" \/>\n<meta name=\"twitter:card\" content=\"summary_large_image\" \/>\n<meta name=\"twitter:label1\" content=\"Tempo estimado de leitura\" \/>\n\t<meta name=\"twitter:data1\" content=\"2 minutos\" \/>\n<script type=\"application\/ld+json\" class=\"yoast-schema-graph\">{\"@context\":\"https:\/\/schema.org\",\"@graph\":[{\"@type\":\"WebPage\",\"@id\":\"https:\/\/www.csj-emballages.com\/pt-pt\/produit\/duplicado-do-registo-de-compras-para-empresarios-independentes-sem-iva-297-x-210-mm-elve\/\",\"url\":\"https:\/\/www.csj-emballages.com\/pt-pt\/produit\/duplicado-do-registo-de-compras-para-empresarios-independentes-sem-iva-297-x-210-mm-elve\/\",\"name\":\"Registo de compras 40 Dupli Trabalhadores independentes sem IVA\",\"isPartOf\":{\"@id\":\"https:\/\/www.csj-emballages.com\/pt-pt\/#website\"},\"primaryImageOfPage\":{\"@id\":\"https:\/\/www.csj-emballages.com\/pt-pt\/produit\/duplicado-do-registo-de-compras-para-empresarios-independentes-sem-iva-297-x-210-mm-elve\/#primaryimage\"},\"image\":{\"@id\":\"https:\/\/www.csj-emballages.com\/pt-pt\/produit\/duplicado-do-registo-de-compras-para-empresarios-independentes-sem-iva-297-x-210-mm-elve\/#primaryimage\"},\"thumbnailUrl\":\"https:\/\/www.csj-emballages.com\/wp-content\/uploads\/2024\/03\/19546.webp\",\"datePublished\":\"2024-03-01T15:59:20+00:00\",\"dateModified\":\"2026-04-01T00:11:08+00:00\",\"description\":\"Registo de compras ELVE para auto-empres\u00e1rios sem IVA - 40 duplicados em formato A4 - caderno autocopiador ideal para uma contabilidade clara e simples.\",\"breadcrumb\":{\"@id\":\"https:\/\/www.csj-emballages.com\/pt-pt\/produit\/duplicado-do-registo-de-compras-para-empresarios-independentes-sem-iva-297-x-210-mm-elve\/#breadcrumb\"},\"inLanguage\":\"pt-PT\",\"potentialAction\":[{\"@type\":\"ReadAction\",\"target\":[\"https:\/\/www.csj-emballages.com\/pt-pt\/produit\/duplicado-do-registo-de-compras-para-empresarios-independentes-sem-iva-297-x-210-mm-elve\/\"]}]},{\"@type\":\"ImageObject\",\"inLanguage\":\"pt-PT\",\"@id\":\"https:\/\/www.csj-emballages.com\/pt-pt\/produit\/duplicado-do-registo-de-compras-para-empresarios-independentes-sem-iva-297-x-210-mm-elve\/#primaryimage\",\"url\":\"https:\/\/www.csj-emballages.com\/wp-content\/uploads\/2024\/03\/19546.webp\",\"contentUrl\":\"https:\/\/www.csj-emballages.com\/wp-content\/uploads\/2024\/03\/19546.webp\",\"width\":800,\"height\":800,\"caption\":\"registre d'achats\"},{\"@type\":\"BreadcrumbList\",\"@id\":\"https:\/\/www.csj-emballages.com\/pt-pt\/produit\/duplicado-do-registo-de-compras-para-empresarios-independentes-sem-iva-297-x-210-mm-elve\/#breadcrumb\",\"itemListElement\":[{\"@type\":\"ListItem\",\"position\":1,\"name\":\"Acolhimento\",\"item\":\"https:\/\/www.csj-emballages.com\/pt-pt\/universo-das-embalagens-alimentares\/\"},{\"@type\":\"ListItem\",\"position\":2,\"name\":\"Shop\",\"item\":\"https:\/\/www.csj-emballages.com\/shop\/\"},{\"@type\":\"ListItem\",\"position\":3,\"name\":\"Registo de compras 40 duplicados de auto-empres\u00e1rio sem IVA 297 x 210 mm ELVE\"}]},{\"@type\":\"WebSite\",\"@id\":\"https:\/\/www.csj-emballages.com\/pt-pt\/#website\",\"url\":\"https:\/\/www.csj-emballages.com\/pt-pt\/\",\"name\":\"CSJ Emballages\",\"description\":\"\",\"publisher\":{\"@id\":\"https:\/\/www.csj-emballages.com\/pt-pt\/#organization\"},\"potentialAction\":[{\"@type\":\"SearchAction\",\"target\":{\"@type\":\"EntryPoint\",\"urlTemplate\":\"https:\/\/www.csj-emballages.com\/pt-pt\/?s={search_term_string}\"},\"query-input\":{\"@type\":\"PropertyValueSpecification\",\"valueRequired\":true,\"valueName\":\"search_term_string\"}}],\"inLanguage\":\"pt-PT\"},{\"@type\":\"Organization\",\"@id\":\"https:\/\/www.csj-emballages.com\/pt-pt\/#Organization\/\",\"name\":\"CSJ Emballages\",\"url\":\"https:\/\/www.csj-emballages.com\/pt-pt\/\",\"logo\":{\"@type\":\"ImageObject\",\"inLanguage\":\"pt-PT\",\"@id\":\"https:\/\/www.csj-emballages.com\/pt-pt\/#\/schema\/logo\/image\/\",\"url\":\"https:\/\/www.csj-emballages.com\/wp-content\/uploads\/2023\/10\/logo_csj.webp\",\"contentUrl\":\"https:\/\/www.csj-emballages.com\/wp-content\/uploads\/2023\/10\/logo_csj.webp\",\"width\":250,\"height\":95,\"caption\":\"CSJ Emballages\"},\"image\":{\"@id\":\"https:\/\/www.csj-emballages.com\/pt-pt\/#\/schema\/logo\/image\/\"},\"sameAs\":[\"https:\/\/www.facebook.com\/csjemballages\"],\"address\":{\"@type\":\"PostalAddress\",\"streetAddress\":\"ZI La Lechere\",\"addressLocality\":\"Patornay\",\"postalCode\":\"39130\",\"addressCountry\":\"FR\"},\"contactPoint\":[{\"@type\":\"ContactPoint\",\"contactType\":\"Service client\",\"telephone\":\"0384254272\",\"email\":\"contact@csj-emballages.com\"}]}]}<\/script>\n<!-- \/ Yoast SEO Premium plugin. -->","yoast_head_json":{"title":"Registo de compras 40 Dupli Trabalhadores independentes sem IVA","description":"Registo de compras ELVE para auto-empres\u00e1rios sem IVA - 40 duplicados em formato A4 - caderno autocopiador ideal para uma contabilidade clara e simples.","robots":{"index":"index","follow":"follow","max-snippet":"max-snippet:-1","max-image-preview":"max-image-preview:large","max-video-preview":"max-video-preview:-1"},"canonical":"https:\/\/www.csj-emballages.com\/pt-pt\/produit\/duplicado-do-registo-de-compras-para-empresarios-independentes-sem-iva-297-x-210-mm-elve\/","og_locale":"pt_PT","og_type":"article","og_title":"Registo de compras 40 duplicados de auto-empres\u00e1rio sem IVA 297 x 210 mm ELVE","og_description":"Registo de compras ELVE para auto-empres\u00e1rios sem IVA - 40 duplicados em formato A4 - caderno autocopiador ideal para uma contabilidade clara e simples.","og_url":"https:\/\/www.csj-emballages.com\/pt-pt\/produit\/duplicado-do-registo-de-compras-para-empresarios-independentes-sem-iva-297-x-210-mm-elve\/","og_site_name":"CSJ Emballages","article_publisher":"https:\/\/www.facebook.com\/csjemballages","article_modified_time":"2026-04-01T00:11:08+00:00","og_image":[{"width":800,"height":800,"url":"https:\/\/www.csj-emballages.com\/wp-content\/uploads\/2024\/03\/19546.webp","type":"image\/webp"}],"twitter_card":"summary_large_image","twitter_misc":{"Tempo estimado de leitura":"2 minutos"},"schema":{"@context":"https:\/\/schema.org","@graph":[{"@type":"WebPage","@id":"https:\/\/www.csj-emballages.com\/pt-pt\/produit\/duplicado-do-registo-de-compras-para-empresarios-independentes-sem-iva-297-x-210-mm-elve\/","url":"https:\/\/www.csj-emballages.com\/pt-pt\/produit\/duplicado-do-registo-de-compras-para-empresarios-independentes-sem-iva-297-x-210-mm-elve\/","name":"Registo de compras 40 Dupli Trabalhadores independentes sem IVA","isPartOf":{"@id":"https:\/\/www.csj-emballages.com\/pt-pt\/#website"},"primaryImageOfPage":{"@id":"https:\/\/www.csj-emballages.com\/pt-pt\/produit\/duplicado-do-registo-de-compras-para-empresarios-independentes-sem-iva-297-x-210-mm-elve\/#primaryimage"},"image":{"@id":"https:\/\/www.csj-emballages.com\/pt-pt\/produit\/duplicado-do-registo-de-compras-para-empresarios-independentes-sem-iva-297-x-210-mm-elve\/#primaryimage"},"thumbnailUrl":"https:\/\/www.csj-emballages.com\/wp-content\/uploads\/2024\/03\/19546.webp","datePublished":"2024-03-01T15:59:20+00:00","dateModified":"2026-04-01T00:11:08+00:00","description":"Registo de compras ELVE para auto-empres\u00e1rios sem IVA - 40 duplicados em formato A4 - caderno autocopiador ideal para uma contabilidade clara e simples.","breadcrumb":{"@id":"https:\/\/www.csj-emballages.com\/pt-pt\/produit\/duplicado-do-registo-de-compras-para-empresarios-independentes-sem-iva-297-x-210-mm-elve\/#breadcrumb"},"inLanguage":"pt-PT","potentialAction":[{"@type":"ReadAction","target":["https:\/\/www.csj-emballages.com\/pt-pt\/produit\/duplicado-do-registo-de-compras-para-empresarios-independentes-sem-iva-297-x-210-mm-elve\/"]}]},{"@type":"ImageObject","inLanguage":"pt-PT","@id":"https:\/\/www.csj-emballages.com\/pt-pt\/produit\/duplicado-do-registo-de-compras-para-empresarios-independentes-sem-iva-297-x-210-mm-elve\/#primaryimage","url":"https:\/\/www.csj-emballages.com\/wp-content\/uploads\/2024\/03\/19546.webp","contentUrl":"https:\/\/www.csj-emballages.com\/wp-content\/uploads\/2024\/03\/19546.webp","width":800,"height":800,"caption":"registre d'achats"},{"@type":"BreadcrumbList","@id":"https:\/\/www.csj-emballages.com\/pt-pt\/produit\/duplicado-do-registo-de-compras-para-empresarios-independentes-sem-iva-297-x-210-mm-elve\/#breadcrumb","itemListElement":[{"@type":"ListItem","position":1,"name":"Acolhimento","item":"https:\/\/www.csj-emballages.com\/pt-pt\/universo-das-embalagens-alimentares\/"},{"@type":"ListItem","position":2,"name":"Shop","item":"https:\/\/www.csj-emballages.com\/shop\/"},{"@type":"ListItem","position":3,"name":"Registo de compras 40 duplicados de auto-empres\u00e1rio sem IVA 297 x 210 mm ELVE"}]},{"@type":"WebSite","@id":"https:\/\/www.csj-emballages.com\/pt-pt\/#website","url":"https:\/\/www.csj-emballages.com\/pt-pt\/","name":"CSJ Emballages","description":"","publisher":{"@id":"https:\/\/www.csj-emballages.com\/pt-pt\/#organization"},"potentialAction":[{"@type":"SearchAction","target":{"@type":"EntryPoint","urlTemplate":"https:\/\/www.csj-emballages.com\/pt-pt\/?s={search_term_string}"},"query-input":{"@type":"PropertyValueSpecification","valueRequired":true,"valueName":"search_term_string"}}],"inLanguage":"pt-PT"},{"@type":"Organization","@id":"https:\/\/www.csj-emballages.com\/pt-pt\/#Organization\/","name":"CSJ Emballages","url":"https:\/\/www.csj-emballages.com\/pt-pt\/","logo":{"@type":"ImageObject","inLanguage":"pt-PT","@id":"https:\/\/www.csj-emballages.com\/pt-pt\/#\/schema\/logo\/image\/","url":"https:\/\/www.csj-emballages.com\/wp-content\/uploads\/2023\/10\/logo_csj.webp","contentUrl":"https:\/\/www.csj-emballages.com\/wp-content\/uploads\/2023\/10\/logo_csj.webp","width":250,"height":95,"caption":"CSJ Emballages"},"image":{"@id":"https:\/\/www.csj-emballages.com\/pt-pt\/#\/schema\/logo\/image\/"},"sameAs":["https:\/\/www.facebook.com\/csjemballages"],"address":{"@type":"PostalAddress","streetAddress":"ZI La Lechere","addressLocality":"Patornay","postalCode":"39130","addressCountry":"FR"},"contactPoint":[{"@type":"ContactPoint","contactType":"Service client","telephone":"0384254272","email":"contact@csj-emballages.com"}]}]}},"df_price":7.62,"df_sale_price":"","df_regular_price":7.62,"df_image_link":"https:\/\/www.csj-emballages.com\/wp-content\/uploads\/2024\/03\/19546-300x300.webp","tiered_pricing_type":"fixed","tiered_pricing_fixed_rules":[],"tiered_pricing_percentage_rules":[],"tiered_pricing_minimum":1,"tiered_pricing_roles_data":[],"_links":{"self":[{"href":"https:\/\/www.csj-emballages.com\/pt-pt\/wp-json\/wp\/v2\/product\/18779","targetHints":{"allow":["GET"]}}],"collection":[{"href":"https:\/\/www.csj-emballages.com\/pt-pt\/wp-json\/wp\/v2\/product"}],"about":[{"href":"https:\/\/www.csj-emballages.com\/pt-pt\/wp-json\/wp\/v2\/types\/product"}],"wp:featuredmedia":[{"embeddable":true,"href":"https:\/\/www.csj-emballages.com\/pt-pt\/wp-json\/wp\/v2\/media\/231637"}],"wp:attachment":[{"href":"https:\/\/www.csj-emballages.com\/pt-pt\/wp-json\/wp\/v2\/media?parent=18779"}],"wp:term":[{"taxonomy":"product_brand","embeddable":true,"href":"https:\/\/www.csj-emballages.com\/pt-pt\/wp-json\/wp\/v2\/product_brand?post=18779"},{"taxonomy":"product_cat","embeddable":true,"href":"https:\/\/www.csj-emballages.com\/pt-pt\/wp-json\/wp\/v2\/product_cat?post=18779"},{"taxonomy":"product_tag","embeddable":true,"href":"https:\/\/www.csj-emballages.com\/pt-pt\/wp-json\/wp\/v2\/product_tag?post=18779"}],"curies":[{"name":"wp","href":"https:\/\/api.w.org\/{rel}","templated":true}]}}