{"id":18775,"date":"2024-03-01T16:59:19","date_gmt":"2024-03-01T15:59:19","guid":{"rendered":"https:\/\/u15jnbdpoq.preview.infomaniak.website\/produit\/200-toalhetes-desinfectantes-para-alimentos-sem-enxaguamento\/"},"modified":"2026-03-12T16:07:11","modified_gmt":"2026-03-12T15:07:11","slug":"200-toalhetes-desinfectantes-para-alimentos-sem-enxaguamento","status":"publish","type":"product","link":"https:\/\/www.csj-emballages.com\/pt-pt\/produit\/200-toalhetes-desinfectantes-para-alimentos-sem-enxaguamento\/","title":{"rendered":"Toalhetes desinfectantes para alimentos, sem enxaguamento, 200 unidades"},"content":{"rendered":"<h2 class=\"p1\">Toalhete desinfetante<\/h2>\n<hr>\n<h3>Descri\u00e7\u00e3o do nosso toalhete desinfetante alimentar sem enxaguamento \u201cdeterquat al\u201d, embalagem de 200<\/h3>\n<p><!--more--><\/p>\n<p class=\"\" data-start=\"238\" data-end=\"725\">O <strong>toalhete desinfetante alimentar sem enxaguamento<\/strong> <strong data-start=\"289\" data-end=\"305\">Deterquat AL<\/strong> \u00e9 a ferramenta indispens\u00e1vel para os profissionais do sector alimentar: donos de restaurantes, fornecedores de refei\u00e7\u00f5es, empresas de catering, padeiros, pasteleiros&#8230; mas tamb\u00e9m para os particulares que desejam uma higiene impec\u00e1vel nas suas cozinhas. Pronto a utilizar, limpa de forma r\u00e1pida e eficaz todas as superf\u00edcies em contacto com os alimentos: superf\u00edcies de trabalho, utens\u00edlios, balan\u00e7as, vitrinas, mesas de prepara\u00e7\u00e3o, etc. <g id=\"gid_3\">O<\/g> <g id=\"gid_2\">toalhete desinfetante<\/g> <g id=\"gid_3\">Deterquat AL<\/g> elimina rapidamente as bact\u00e9rias, as leveduras e os bolores, deixando as superf\u00edcies limpas e sem riscos. Sem perfume nem corantes, cumpre as normas de higiene e <strong data-start=\"1019\" data-end=\"1035\">n\u00e3o necessita de ser enxaguado<\/strong>, o que lhe permite poupar tempo precioso todos os dias.  <\/p>\n<p class=\"\" data-start=\"1094\" data-end=\"1334\">Embalado em <strong>caixas de<\/strong> <strong>200 toalhetes<\/strong>, \u00e9 ideal para uma utiliza\u00e7\u00e3o regular num ambiente profissional exigente. Compacta e com fecho herm\u00e9tico, a caixa \u00e9 f\u00e1cil de transportar e mant\u00e9m os toalhetes h\u00famidos durante mais tempo. <\/p>\n<p class=\"\" data-start=\"1336\" data-end=\"1637\">Quer o utilize na cozinha, na sala de jantar, num food truck ou mesmo em casa, <strong>os toalhetes Deterquat AL<\/strong> s\u00e3o <strong data-start=\"1455\" data-end=\"1492\">pr\u00e1ticos, eficazes e seguros<\/strong>. Porque a limpeza n\u00e3o deixa nada ao acaso, confie numa solu\u00e7\u00e3o profissional concebida para os constrangimentos do terreno. <\/p>\n<p>&nbsp;<\/p>\n<p><!--more--><\/p>\n<h4>Instru\u00e7\u00f5es de utiliza\u00e7\u00e3o :<\/h4>\n<ul>\n<li>Pulveriza o produto puro<\/li>\n<li>Deixa o tempo que for necess\u00e1rio<\/li>\n<li>Limpa com um pano limpo<\/li>\n<li>N\u00e3o \u00e9 necess\u00e1rio enxaguar<\/li>\n<\/ul>\n<p>&nbsp;<\/p>\n<p><!--more--><\/p>\n<h4>Outras informa\u00e7\u00f5es :<\/h4>\n<ul>\n<li><strong>Embalagem<\/strong>: Caixa de 200<\/li>\n<li><strong>Utiliza\u00e7\u00e3o<\/strong>: Desinfetante de superf\u00edcies alimentares<\/li>\n<\/ul>\n<p>&nbsp;<\/p>\n<p><!--more--><\/p>\n<p>Descubra o nosso Detergente AL em forma de recipiente aqui: <span style=\"color: #d12727\"><a style=\"color: #d12727\" href=\"https:\/\/www.csj-emballages.com\/es\/produit\/desinfectante-alimentario-deterquat-al-sin-aclarado-en-5-litros\/\">Desinfetante 5L AL lata <\/a><\/span> <\/p>\n<p>&nbsp;<\/p>\n<p><!--more--><\/p>\n<p><a href=\"https:\/\/www.csj-emballages.com\/pt-pt\/categorie-produit\/higiene-e-manutencao\/produtos-de-limpeza\/cozinha\/\">V\u00ea o resto da nossa gama de produtos de cozinha<\/a><\/p>\n","protected":false},"excerpt":{"rendered":"<p>Toalhete desinfetante Descri\u00e7\u00e3o do nosso toalhete desinfetante alimentar sem enxaguamento \u201cdeterquat al\u201d, embalagem de 200<\/p>\n","protected":false},"featured_media":233153,"template":"","meta":{"_acf_changed":false},"product_brand":[],"product_cat":[1222,1223,1348],"product_tag":[],"class_list":{"0":"post-18775","1":"product","2":"type-product","3":"status-publish","4":"has-post-thumbnail","6":"product_cat-higiene-e-manutencao","7":"product_cat-produtos-de-limpeza","8":"product_cat-cozinha","10":"first","11":"outofstock","12":"taxable","13":"shipping-taxable","14":"purchasable","15":"product-type-simple"},"acf":[],"yoast_head":"<!-- This site is optimized with the Yoast SEO Premium plugin v26.6 (Yoast SEO v26.6) - https:\/\/yoast.com\/wordpress\/plugins\/seo\/ -->\n<title>Deterquat Al&quot; Toalhete desinfetante alimentar sem enxaguamento<\/title>\n<meta name=\"description\" content=\"Toalhetes desinfectantes alimentares sem enxaguamento Deterquat AL (x200): limpe as superf\u00edcies da sua cozinha de forma r\u00e1pida, eficaz e segura.\" \/>\n<meta name=\"robots\" content=\"index, follow, max-snippet:-1, max-image-preview:large, max-video-preview:-1\" \/>\n<link rel=\"canonical\" href=\"https:\/\/www.csj-emballages.com\/pt-pt\/produit\/200-toalhetes-desinfectantes-para-alimentos-sem-enxaguamento\/\" \/>\n<meta property=\"og:locale\" content=\"pt_PT\" \/>\n<meta property=\"og:type\" content=\"article\" \/>\n<meta property=\"og:title\" content=\"Toalhetes desinfectantes para alimentos, sem enxaguamento, 200 unidades\" \/>\n<meta property=\"og:description\" content=\"Toalhetes desinfectantes alimentares sem enxaguamento Deterquat AL (x200): limpe as superf\u00edcies da sua cozinha de forma r\u00e1pida, eficaz e segura.\" \/>\n<meta property=\"og:url\" content=\"https:\/\/www.csj-emballages.com\/pt-pt\/produit\/200-toalhetes-desinfectantes-para-alimentos-sem-enxaguamento\/\" \/>\n<meta property=\"og:site_name\" content=\"CSJ Emballages\" \/>\n<meta property=\"article:publisher\" content=\"https:\/\/www.facebook.com\/csjemballages\" \/>\n<meta property=\"article:modified_time\" content=\"2026-03-12T15:07:11+00:00\" \/>\n<meta property=\"og:image\" content=\"https:\/\/www.csj-emballages.com\/wp-content\/uploads\/2024\/03\/1976LIN.webp\" \/>\n\t<meta property=\"og:image:width\" content=\"800\" \/>\n\t<meta property=\"og:image:height\" content=\"800\" \/>\n\t<meta property=\"og:image:type\" content=\"image\/webp\" \/>\n<meta name=\"twitter:card\" content=\"summary_large_image\" \/>\n<meta name=\"twitter:label1\" content=\"Tempo estimado de leitura\" \/>\n\t<meta name=\"twitter:data1\" content=\"1 minuto\" \/>\n<script type=\"application\/ld+json\" class=\"yoast-schema-graph\">{\"@context\":\"https:\/\/schema.org\",\"@graph\":[{\"@type\":\"WebPage\",\"@id\":\"https:\/\/www.csj-emballages.com\/pt-pt\/produit\/200-toalhetes-desinfectantes-para-alimentos-sem-enxaguamento\/\",\"url\":\"https:\/\/www.csj-emballages.com\/pt-pt\/produit\/200-toalhetes-desinfectantes-para-alimentos-sem-enxaguamento\/\",\"name\":\"Deterquat Al\\\" Toalhete desinfetante alimentar sem enxaguamento\",\"isPartOf\":{\"@id\":\"https:\/\/www.csj-emballages.com\/pt-pt\/#website\"},\"primaryImageOfPage\":{\"@id\":\"https:\/\/www.csj-emballages.com\/pt-pt\/produit\/200-toalhetes-desinfectantes-para-alimentos-sem-enxaguamento\/#primaryimage\"},\"image\":{\"@id\":\"https:\/\/www.csj-emballages.com\/pt-pt\/produit\/200-toalhetes-desinfectantes-para-alimentos-sem-enxaguamento\/#primaryimage\"},\"thumbnailUrl\":\"https:\/\/www.csj-emballages.com\/wp-content\/uploads\/2024\/03\/1976LIN.webp\",\"datePublished\":\"2024-03-01T15:59:19+00:00\",\"dateModified\":\"2026-03-12T15:07:11+00:00\",\"description\":\"Toalhetes desinfectantes alimentares sem enxaguamento Deterquat AL (x200): limpe as superf\u00edcies da sua cozinha de forma r\u00e1pida, eficaz e segura.\",\"breadcrumb\":{\"@id\":\"https:\/\/www.csj-emballages.com\/pt-pt\/produit\/200-toalhetes-desinfectantes-para-alimentos-sem-enxaguamento\/#breadcrumb\"},\"inLanguage\":\"pt-PT\",\"potentialAction\":[{\"@type\":\"ReadAction\",\"target\":[\"https:\/\/www.csj-emballages.com\/pt-pt\/produit\/200-toalhetes-desinfectantes-para-alimentos-sem-enxaguamento\/\"]}]},{\"@type\":\"ImageObject\",\"inLanguage\":\"pt-PT\",\"@id\":\"https:\/\/www.csj-emballages.com\/pt-pt\/produit\/200-toalhetes-desinfectantes-para-alimentos-sem-enxaguamento\/#primaryimage\",\"url\":\"https:\/\/www.csj-emballages.com\/wp-content\/uploads\/2024\/03\/1976LIN.webp\",\"contentUrl\":\"https:\/\/www.csj-emballages.com\/wp-content\/uploads\/2024\/03\/1976LIN.webp\",\"width\":800,\"height\":800,\"caption\":\"Lingette d\u00e9sinfectante\"},{\"@type\":\"BreadcrumbList\",\"@id\":\"https:\/\/www.csj-emballages.com\/pt-pt\/produit\/200-toalhetes-desinfectantes-para-alimentos-sem-enxaguamento\/#breadcrumb\",\"itemListElement\":[{\"@type\":\"ListItem\",\"position\":1,\"name\":\"Acolhimento\",\"item\":\"https:\/\/www.csj-emballages.com\/pt-pt\/universo-das-embalagens-alimentares\/\"},{\"@type\":\"ListItem\",\"position\":2,\"name\":\"Shop\",\"item\":\"https:\/\/www.csj-emballages.com\/shop\/\"},{\"@type\":\"ListItem\",\"position\":3,\"name\":\"Toalhetes desinfectantes para alimentos, sem enxaguamento, 200 unidades\"}]},{\"@type\":\"WebSite\",\"@id\":\"https:\/\/www.csj-emballages.com\/pt-pt\/#website\",\"url\":\"https:\/\/www.csj-emballages.com\/pt-pt\/\",\"name\":\"CSJ Emballages\",\"description\":\"\",\"publisher\":{\"@id\":\"https:\/\/www.csj-emballages.com\/pt-pt\/#organization\"},\"potentialAction\":[{\"@type\":\"SearchAction\",\"target\":{\"@type\":\"EntryPoint\",\"urlTemplate\":\"https:\/\/www.csj-emballages.com\/pt-pt\/?s={search_term_string}\"},\"query-input\":{\"@type\":\"PropertyValueSpecification\",\"valueRequired\":true,\"valueName\":\"search_term_string\"}}],\"inLanguage\":\"pt-PT\"},{\"@type\":\"Organization\",\"@id\":\"https:\/\/www.csj-emballages.com\/pt-pt\/#Organization\/\",\"name\":\"CSJ Emballages\",\"url\":\"https:\/\/www.csj-emballages.com\/pt-pt\/\",\"logo\":{\"@type\":\"ImageObject\",\"inLanguage\":\"pt-PT\",\"@id\":\"https:\/\/www.csj-emballages.com\/pt-pt\/#\/schema\/logo\/image\/\",\"url\":\"https:\/\/www.csj-emballages.com\/wp-content\/uploads\/2023\/10\/logo_csj.webp\",\"contentUrl\":\"https:\/\/www.csj-emballages.com\/wp-content\/uploads\/2023\/10\/logo_csj.webp\",\"width\":250,\"height\":95,\"caption\":\"CSJ Emballages\"},\"image\":{\"@id\":\"https:\/\/www.csj-emballages.com\/pt-pt\/#\/schema\/logo\/image\/\"},\"sameAs\":[\"https:\/\/www.facebook.com\/csjemballages\"],\"address\":{\"@type\":\"PostalAddress\",\"streetAddress\":\"ZI La Lechere\",\"addressLocality\":\"Patornay\",\"postalCode\":\"39130\",\"addressCountry\":\"FR\"},\"contactPoint\":[{\"@type\":\"ContactPoint\",\"contactType\":\"Service client\",\"telephone\":\"0384254272\",\"email\":\"contact@csj-emballages.com\"}]}]}<\/script>\n<!-- \/ Yoast SEO Premium plugin. -->","yoast_head_json":{"title":"Deterquat Al\" Toalhete desinfetante alimentar sem enxaguamento","description":"Toalhetes desinfectantes alimentares sem enxaguamento Deterquat AL (x200): limpe as superf\u00edcies da sua cozinha de forma r\u00e1pida, eficaz e segura.","robots":{"index":"index","follow":"follow","max-snippet":"max-snippet:-1","max-image-preview":"max-image-preview:large","max-video-preview":"max-video-preview:-1"},"canonical":"https:\/\/www.csj-emballages.com\/pt-pt\/produit\/200-toalhetes-desinfectantes-para-alimentos-sem-enxaguamento\/","og_locale":"pt_PT","og_type":"article","og_title":"Toalhetes desinfectantes para alimentos, sem enxaguamento, 200 unidades","og_description":"Toalhetes desinfectantes alimentares sem enxaguamento Deterquat AL (x200): limpe as superf\u00edcies da sua cozinha de forma r\u00e1pida, eficaz e segura.","og_url":"https:\/\/www.csj-emballages.com\/pt-pt\/produit\/200-toalhetes-desinfectantes-para-alimentos-sem-enxaguamento\/","og_site_name":"CSJ Emballages","article_publisher":"https:\/\/www.facebook.com\/csjemballages","article_modified_time":"2026-03-12T15:07:11+00:00","og_image":[{"width":800,"height":800,"url":"https:\/\/www.csj-emballages.com\/wp-content\/uploads\/2024\/03\/1976LIN.webp","type":"image\/webp"}],"twitter_card":"summary_large_image","twitter_misc":{"Tempo estimado de leitura":"1 minuto"},"schema":{"@context":"https:\/\/schema.org","@graph":[{"@type":"WebPage","@id":"https:\/\/www.csj-emballages.com\/pt-pt\/produit\/200-toalhetes-desinfectantes-para-alimentos-sem-enxaguamento\/","url":"https:\/\/www.csj-emballages.com\/pt-pt\/produit\/200-toalhetes-desinfectantes-para-alimentos-sem-enxaguamento\/","name":"Deterquat Al\" Toalhete desinfetante alimentar sem enxaguamento","isPartOf":{"@id":"https:\/\/www.csj-emballages.com\/pt-pt\/#website"},"primaryImageOfPage":{"@id":"https:\/\/www.csj-emballages.com\/pt-pt\/produit\/200-toalhetes-desinfectantes-para-alimentos-sem-enxaguamento\/#primaryimage"},"image":{"@id":"https:\/\/www.csj-emballages.com\/pt-pt\/produit\/200-toalhetes-desinfectantes-para-alimentos-sem-enxaguamento\/#primaryimage"},"thumbnailUrl":"https:\/\/www.csj-emballages.com\/wp-content\/uploads\/2024\/03\/1976LIN.webp","datePublished":"2024-03-01T15:59:19+00:00","dateModified":"2026-03-12T15:07:11+00:00","description":"Toalhetes desinfectantes alimentares sem enxaguamento Deterquat AL (x200): limpe as superf\u00edcies da sua cozinha de forma r\u00e1pida, eficaz e segura.","breadcrumb":{"@id":"https:\/\/www.csj-emballages.com\/pt-pt\/produit\/200-toalhetes-desinfectantes-para-alimentos-sem-enxaguamento\/#breadcrumb"},"inLanguage":"pt-PT","potentialAction":[{"@type":"ReadAction","target":["https:\/\/www.csj-emballages.com\/pt-pt\/produit\/200-toalhetes-desinfectantes-para-alimentos-sem-enxaguamento\/"]}]},{"@type":"ImageObject","inLanguage":"pt-PT","@id":"https:\/\/www.csj-emballages.com\/pt-pt\/produit\/200-toalhetes-desinfectantes-para-alimentos-sem-enxaguamento\/#primaryimage","url":"https:\/\/www.csj-emballages.com\/wp-content\/uploads\/2024\/03\/1976LIN.webp","contentUrl":"https:\/\/www.csj-emballages.com\/wp-content\/uploads\/2024\/03\/1976LIN.webp","width":800,"height":800,"caption":"Lingette d\u00e9sinfectante"},{"@type":"BreadcrumbList","@id":"https:\/\/www.csj-emballages.com\/pt-pt\/produit\/200-toalhetes-desinfectantes-para-alimentos-sem-enxaguamento\/#breadcrumb","itemListElement":[{"@type":"ListItem","position":1,"name":"Acolhimento","item":"https:\/\/www.csj-emballages.com\/pt-pt\/universo-das-embalagens-alimentares\/"},{"@type":"ListItem","position":2,"name":"Shop","item":"https:\/\/www.csj-emballages.com\/shop\/"},{"@type":"ListItem","position":3,"name":"Toalhetes desinfectantes para alimentos, sem enxaguamento, 200 unidades"}]},{"@type":"WebSite","@id":"https:\/\/www.csj-emballages.com\/pt-pt\/#website","url":"https:\/\/www.csj-emballages.com\/pt-pt\/","name":"CSJ Emballages","description":"","publisher":{"@id":"https:\/\/www.csj-emballages.com\/pt-pt\/#organization"},"potentialAction":[{"@type":"SearchAction","target":{"@type":"EntryPoint","urlTemplate":"https:\/\/www.csj-emballages.com\/pt-pt\/?s={search_term_string}"},"query-input":{"@type":"PropertyValueSpecification","valueRequired":true,"valueName":"search_term_string"}}],"inLanguage":"pt-PT"},{"@type":"Organization","@id":"https:\/\/www.csj-emballages.com\/pt-pt\/#Organization\/","name":"CSJ Emballages","url":"https:\/\/www.csj-emballages.com\/pt-pt\/","logo":{"@type":"ImageObject","inLanguage":"pt-PT","@id":"https:\/\/www.csj-emballages.com\/pt-pt\/#\/schema\/logo\/image\/","url":"https:\/\/www.csj-emballages.com\/wp-content\/uploads\/2023\/10\/logo_csj.webp","contentUrl":"https:\/\/www.csj-emballages.com\/wp-content\/uploads\/2023\/10\/logo_csj.webp","width":250,"height":95,"caption":"CSJ Emballages"},"image":{"@id":"https:\/\/www.csj-emballages.com\/pt-pt\/#\/schema\/logo\/image\/"},"sameAs":["https:\/\/www.facebook.com\/csjemballages"],"address":{"@type":"PostalAddress","streetAddress":"ZI La Lechere","addressLocality":"Patornay","postalCode":"39130","addressCountry":"FR"},"contactPoint":[{"@type":"ContactPoint","contactType":"Service client","telephone":"0384254272","email":"contact@csj-emballages.com"}]}]}},"df_price":16.69,"df_sale_price":"","df_regular_price":16.69,"df_image_link":"https:\/\/www.csj-emballages.com\/wp-content\/uploads\/2024\/03\/1976LIN-300x300.webp","tiered_pricing_type":"fixed","tiered_pricing_fixed_rules":[],"tiered_pricing_percentage_rules":[],"tiered_pricing_minimum":1,"tiered_pricing_roles_data":[],"_links":{"self":[{"href":"https:\/\/www.csj-emballages.com\/pt-pt\/wp-json\/wp\/v2\/product\/18775","targetHints":{"allow":["GET"]}}],"collection":[{"href":"https:\/\/www.csj-emballages.com\/pt-pt\/wp-json\/wp\/v2\/product"}],"about":[{"href":"https:\/\/www.csj-emballages.com\/pt-pt\/wp-json\/wp\/v2\/types\/product"}],"wp:featuredmedia":[{"embeddable":true,"href":"https:\/\/www.csj-emballages.com\/pt-pt\/wp-json\/wp\/v2\/media\/233153"}],"wp:attachment":[{"href":"https:\/\/www.csj-emballages.com\/pt-pt\/wp-json\/wp\/v2\/media?parent=18775"}],"wp:term":[{"taxonomy":"product_brand","embeddable":true,"href":"https:\/\/www.csj-emballages.com\/pt-pt\/wp-json\/wp\/v2\/product_brand?post=18775"},{"taxonomy":"product_cat","embeddable":true,"href":"https:\/\/www.csj-emballages.com\/pt-pt\/wp-json\/wp\/v2\/product_cat?post=18775"},{"taxonomy":"product_tag","embeddable":true,"href":"https:\/\/www.csj-emballages.com\/pt-pt\/wp-json\/wp\/v2\/product_tag?post=18775"}],"curies":[{"name":"wp","href":"https:\/\/api.w.org\/{rel}","templated":true}]}}