{"id":18762,"date":"2024-03-01T16:59:19","date_gmt":"2024-03-01T15:59:19","guid":{"rendered":"https:\/\/u15jnbdpoq.preview.infomaniak.website\/produit\/detergente-ecologico-com-aroma-a-oceano-5-litros\/"},"modified":"2026-04-24T02:10:52","modified_gmt":"2026-04-24T00:10:52","slug":"detergente-ecologico-com-aroma-a-oceano-5-litros","status":"publish","type":"product","link":"https:\/\/www.csj-emballages.com\/pt-pt\/produit\/detergente-ecologico-com-aroma-a-oceano-5-litros\/","title":{"rendered":"Limpa-pavimentos ecol\u00f3gico com aroma a oceano 5 litros"},"content":{"rendered":"<h2 class=\"p1\">Limpa o ch\u00e3o<\/h2>\n<hr>\n<h3>Descri\u00e7\u00e3o do nosso limpador de ch\u00e3o ecol\u00f3gico fragr\u00e2ncia oce\u00e2nica 5 litros<\/h3>\n<p><!--more--><\/p>\n<p data-start=\"215\" data-end=\"594\">Este produto de <strong>limpeza ecol\u00f3gico para pavimentos<\/strong>, com o seu <strong data-start=\"254\" data-end=\"278\">aroma fresco a mar<\/strong>, \u00e9 indispens\u00e1vel para a manuten\u00e7\u00e3o di\u00e1ria em todos os tipos de ambientes, profissionais ou dom\u00e9sticos. O seu <g id=\"gid_2\">pH neutro<\/g> torna-o particularmente suave mesmo nas superf\u00edcies mais delicadas, mantendo-se formidavelmente eficaz contra a sujidade quotidiana. Gra\u00e7as \u00e0 sua f\u00f3rmula equilibrada, n\u00e3o \u00e9 necess\u00e1rio enxaguar (exceto na ind\u00fastria alimentar), o que permite poupar tempo e melhorar a efic\u00e1cia no dia a dia.  <\/p>\n<p data-start=\"932\" data-end=\"1260\">\u00c9 a escolha segura para os profissionais que se preocupam com a higiene e o ambiente. Este produto \u00e9 <strong data-start=\"1047\" data-end=\"1087\">adequado para a ind\u00fastria alimentar<\/strong>, o que o torna a solu\u00e7\u00e3o ideal para cozinhas comerciais, restaurantes, catering, laborat\u00f3rios ou qualquer ambiente sens\u00edvel onde a higiene deva ser irrepreens\u00edvel. <\/p>\n<p data-start=\"1262\" data-end=\"1537\">O seu perfume discreto mas agrad\u00e1vel deixa uma <strong data-start=\"1306\" data-end=\"1339\">sensa\u00e7\u00e3o de frescura marinha<\/strong> ap\u00f3s cada utiliza\u00e7\u00e3o. Dispon\u00edvel em <g id=\"gid_1\">embalagens<\/g> econ\u00f3micas <g id=\"gid_2\">de 5 litros<\/g>, combina desempenho, durabilidade e conformidade com as normas sanit\u00e1rias. Um verdadeiro aliado para uma limpeza ecol\u00f3gica sem comprometer a efic\u00e1cia.  <\/p>\n<p><!--more--><\/p>\n<h4><strong>Vantagens:<\/strong><\/h4>\n<ul>\n<li>Fragr\u00e2ncia agrad\u00e1vel e fresca do oceano.<\/li>\n<li><strong>pH neutro<\/strong>: suave para todas as superf\u00edcies.<\/li>\n<li>F\u00f3rmula ecol\u00f3gica, mais segura para o utilizador e para o ambiente.<\/li>\n<li>Adequado para ambientes de processamento de alimentos.<\/li>\n<li><strong>Econ\u00f3mica<\/strong>: lata de 5L para utiliza\u00e7\u00e3o regular e profissional.<\/li>\n<\/ul>\n<p>&nbsp;<\/p>\n<p><!--more--><\/p>\n<h4>Outras informa\u00e7\u00f5es :<\/h4>\n<ul>\n<li><strong>Embalagem<\/strong>: Por unidade<\/li>\n<li><strong>Utiliza\u00e7\u00e3o<\/strong>: Limpador de pavimentos<\/li>\n<li><strong>Volume<\/strong>: 5 litros<\/li>\n<\/ul>\n<p>&nbsp;<\/p>\n<p><!--more--><\/p>\n<p>Encontre aqui o nosso gel de sab\u00e3o para as m\u00e3os com r\u00f3tulo ecol\u00f3gico de 5 litros: <span style=\"color: #d12727;\"><a style=\"color: #d12727;\" href=\"https:\/\/www.csj-emballages.com\/es\/produit\/jabon-de-manos-en-gel-ecologico-5-litros\/\">00705<\/a><\/span><\/p>\n<p>&nbsp;<\/p>\n<p><!--more--><\/p>\n<p><a href=\"https:\/\/www.csj-emballages.com\/pt-pt\/categorie-produit\/embalagem-de-alimentos\/gama-biologica\/produtos-biologicos-pt-pt\/\">Ver o resto da nossa gama de produtos de limpeza biol\u00f3gicos<\/a><\/p>\n","protected":false},"excerpt":{"rendered":"<p>Limpa o ch\u00e3o Descri\u00e7\u00e3o do nosso limpador de ch\u00e3o ecol\u00f3gico fragr\u00e2ncia oce\u00e2nica 5 litros<\/p>\n","protected":false},"featured_media":235462,"template":"","meta":{"_acf_changed":false},"product_brand":[],"product_cat":[1141,1152,6982,1222,1223,1412,1394],"product_tag":[],"class_list":{"0":"post-18762","1":"product","2":"type-product","3":"status-publish","4":"has-post-thumbnail","6":"product_cat-embalagem-de-alimentos","7":"product_cat-gama-biologica","8":"product_cat-produtos-biologicos-pt-pt","9":"product_cat-higiene-e-manutencao","10":"product_cat-produtos-de-limpeza","11":"product_cat-area-ecologica","12":"product_cat-solo","13":"product_shipping_class-nao-e-permitido-em-reles","15":"first","16":"instock","17":"taxable","18":"shipping-taxable","19":"purchasable","20":"product-type-simple"},"acf":[],"yoast_head":"<!-- This site is optimized with the Yoast SEO Premium plugin v26.6 (Yoast SEO v26.6) - https:\/\/yoast.com\/wordpress\/plugins\/seo\/ -->\n<title>Detergente ecol\u00f3gico para pavimentos com aroma a oceano 5 litros<\/title>\n<meta name=\"description\" content=\"Produto de limpeza ecol\u00f3gico para pavimentos com aroma a mar - 5L. Ideal para pavimentos e superf\u00edcies. pH neutro, compat\u00edvel com a ind\u00fastria alimentar. Eficaz, fresco e suave.\" \/>\n<meta name=\"robots\" content=\"index, follow, max-snippet:-1, max-image-preview:large, max-video-preview:-1\" \/>\n<link rel=\"canonical\" href=\"https:\/\/www.csj-emballages.com\/pt-pt\/produit\/detergente-ecologico-com-aroma-a-oceano-5-litros\/\" \/>\n<meta property=\"og:locale\" content=\"pt_PT\" \/>\n<meta property=\"og:type\" content=\"article\" \/>\n<meta property=\"og:title\" content=\"Limpa-pavimentos ecol\u00f3gico com aroma a oceano 5 litros\" \/>\n<meta property=\"og:description\" content=\"Produto de limpeza ecol\u00f3gico para pavimentos com aroma a mar - 5L. Ideal para pavimentos e superf\u00edcies. pH neutro, compat\u00edvel com a ind\u00fastria alimentar. Eficaz, fresco e suave.\" \/>\n<meta property=\"og:url\" content=\"https:\/\/www.csj-emballages.com\/pt-pt\/produit\/detergente-ecologico-com-aroma-a-oceano-5-litros\/\" \/>\n<meta property=\"og:site_name\" content=\"CSJ Emballages\" \/>\n<meta property=\"article:publisher\" content=\"https:\/\/www.facebook.com\/csjemballages\" \/>\n<meta property=\"article:modified_time\" content=\"2026-04-24T00:10:52+00:00\" \/>\n<meta property=\"og:image\" content=\"https:\/\/www.csj-emballages.com\/wp-content\/uploads\/2024\/03\/18395.webp\" \/>\n\t<meta property=\"og:image:width\" content=\"800\" \/>\n\t<meta property=\"og:image:height\" content=\"800\" \/>\n\t<meta property=\"og:image:type\" content=\"image\/webp\" \/>\n<meta name=\"twitter:card\" content=\"summary_large_image\" \/>\n<meta name=\"twitter:label1\" content=\"Tempo estimado de leitura\" \/>\n\t<meta name=\"twitter:data1\" content=\"1 minuto\" \/>\n<script type=\"application\/ld+json\" class=\"yoast-schema-graph\">{\"@context\":\"https:\/\/schema.org\",\"@graph\":[{\"@type\":\"WebPage\",\"@id\":\"https:\/\/www.csj-emballages.com\/pt-pt\/produit\/detergente-ecologico-com-aroma-a-oceano-5-litros\/\",\"url\":\"https:\/\/www.csj-emballages.com\/pt-pt\/produit\/detergente-ecologico-com-aroma-a-oceano-5-litros\/\",\"name\":\"Detergente ecol\u00f3gico para pavimentos com aroma a oceano 5 litros\",\"isPartOf\":{\"@id\":\"https:\/\/www.csj-emballages.com\/pt-pt\/#website\"},\"primaryImageOfPage\":{\"@id\":\"https:\/\/www.csj-emballages.com\/pt-pt\/produit\/detergente-ecologico-com-aroma-a-oceano-5-litros\/#primaryimage\"},\"image\":{\"@id\":\"https:\/\/www.csj-emballages.com\/pt-pt\/produit\/detergente-ecologico-com-aroma-a-oceano-5-litros\/#primaryimage\"},\"thumbnailUrl\":\"https:\/\/www.csj-emballages.com\/wp-content\/uploads\/2024\/03\/18395.webp\",\"datePublished\":\"2024-03-01T15:59:19+00:00\",\"dateModified\":\"2026-04-24T00:10:52+00:00\",\"description\":\"Produto de limpeza ecol\u00f3gico para pavimentos com aroma a mar - 5L. Ideal para pavimentos e superf\u00edcies. pH neutro, compat\u00edvel com a ind\u00fastria alimentar. Eficaz, fresco e suave.\",\"breadcrumb\":{\"@id\":\"https:\/\/www.csj-emballages.com\/pt-pt\/produit\/detergente-ecologico-com-aroma-a-oceano-5-litros\/#breadcrumb\"},\"inLanguage\":\"pt-PT\",\"potentialAction\":[{\"@type\":\"ReadAction\",\"target\":[\"https:\/\/www.csj-emballages.com\/pt-pt\/produit\/detergente-ecologico-com-aroma-a-oceano-5-litros\/\"]}]},{\"@type\":\"ImageObject\",\"inLanguage\":\"pt-PT\",\"@id\":\"https:\/\/www.csj-emballages.com\/pt-pt\/produit\/detergente-ecologico-com-aroma-a-oceano-5-litros\/#primaryimage\",\"url\":\"https:\/\/www.csj-emballages.com\/wp-content\/uploads\/2024\/03\/18395.webp\",\"contentUrl\":\"https:\/\/www.csj-emballages.com\/wp-content\/uploads\/2024\/03\/18395.webp\",\"width\":800,\"height\":800,\"caption\":\"Nettoyant de surfaces \u00e9cologique\u00a0\"},{\"@type\":\"BreadcrumbList\",\"@id\":\"https:\/\/www.csj-emballages.com\/pt-pt\/produit\/detergente-ecologico-com-aroma-a-oceano-5-litros\/#breadcrumb\",\"itemListElement\":[{\"@type\":\"ListItem\",\"position\":1,\"name\":\"Acolhimento\",\"item\":\"https:\/\/www.csj-emballages.com\/pt-pt\/universo-das-embalagens-alimentares\/\"},{\"@type\":\"ListItem\",\"position\":2,\"name\":\"Shop\",\"item\":\"https:\/\/www.csj-emballages.com\/shop\/\"},{\"@type\":\"ListItem\",\"position\":3,\"name\":\"Limpa-pavimentos ecol\u00f3gico com aroma a oceano 5 litros\"}]},{\"@type\":\"WebSite\",\"@id\":\"https:\/\/www.csj-emballages.com\/pt-pt\/#website\",\"url\":\"https:\/\/www.csj-emballages.com\/pt-pt\/\",\"name\":\"CSJ Emballages\",\"description\":\"\",\"publisher\":{\"@id\":\"https:\/\/www.csj-emballages.com\/pt-pt\/#organization\"},\"potentialAction\":[{\"@type\":\"SearchAction\",\"target\":{\"@type\":\"EntryPoint\",\"urlTemplate\":\"https:\/\/www.csj-emballages.com\/pt-pt\/?s={search_term_string}\"},\"query-input\":{\"@type\":\"PropertyValueSpecification\",\"valueRequired\":true,\"valueName\":\"search_term_string\"}}],\"inLanguage\":\"pt-PT\"},{\"@type\":\"Organization\",\"@id\":\"https:\/\/www.csj-emballages.com\/pt-pt\/#Organization\/\",\"name\":\"CSJ Emballages\",\"url\":\"https:\/\/www.csj-emballages.com\/pt-pt\/\",\"logo\":{\"@type\":\"ImageObject\",\"inLanguage\":\"pt-PT\",\"@id\":\"https:\/\/www.csj-emballages.com\/pt-pt\/#\/schema\/logo\/image\/\",\"url\":\"https:\/\/www.csj-emballages.com\/wp-content\/uploads\/2023\/10\/logo_csj.webp\",\"contentUrl\":\"https:\/\/www.csj-emballages.com\/wp-content\/uploads\/2023\/10\/logo_csj.webp\",\"width\":250,\"height\":95,\"caption\":\"CSJ Emballages\"},\"image\":{\"@id\":\"https:\/\/www.csj-emballages.com\/pt-pt\/#\/schema\/logo\/image\/\"},\"sameAs\":[\"https:\/\/www.facebook.com\/csjemballages\"],\"address\":{\"@type\":\"PostalAddress\",\"streetAddress\":\"ZI La Lechere\",\"addressLocality\":\"Patornay\",\"postalCode\":\"39130\",\"addressCountry\":\"FR\"},\"contactPoint\":[{\"@type\":\"ContactPoint\",\"contactType\":\"Service client\",\"telephone\":\"0384254272\",\"email\":\"contact@csj-emballages.com\"}]}]}<\/script>\n<!-- \/ Yoast SEO Premium plugin. -->","yoast_head_json":{"title":"Detergente ecol\u00f3gico para pavimentos com aroma a oceano 5 litros","description":"Produto de limpeza ecol\u00f3gico para pavimentos com aroma a mar - 5L. Ideal para pavimentos e superf\u00edcies. pH neutro, compat\u00edvel com a ind\u00fastria alimentar. Eficaz, fresco e suave.","robots":{"index":"index","follow":"follow","max-snippet":"max-snippet:-1","max-image-preview":"max-image-preview:large","max-video-preview":"max-video-preview:-1"},"canonical":"https:\/\/www.csj-emballages.com\/pt-pt\/produit\/detergente-ecologico-com-aroma-a-oceano-5-litros\/","og_locale":"pt_PT","og_type":"article","og_title":"Limpa-pavimentos ecol\u00f3gico com aroma a oceano 5 litros","og_description":"Produto de limpeza ecol\u00f3gico para pavimentos com aroma a mar - 5L. Ideal para pavimentos e superf\u00edcies. pH neutro, compat\u00edvel com a ind\u00fastria alimentar. Eficaz, fresco e suave.","og_url":"https:\/\/www.csj-emballages.com\/pt-pt\/produit\/detergente-ecologico-com-aroma-a-oceano-5-litros\/","og_site_name":"CSJ Emballages","article_publisher":"https:\/\/www.facebook.com\/csjemballages","article_modified_time":"2026-04-24T00:10:52+00:00","og_image":[{"width":800,"height":800,"url":"https:\/\/www.csj-emballages.com\/wp-content\/uploads\/2024\/03\/18395.webp","type":"image\/webp"}],"twitter_card":"summary_large_image","twitter_misc":{"Tempo estimado de leitura":"1 minuto"},"schema":{"@context":"https:\/\/schema.org","@graph":[{"@type":"WebPage","@id":"https:\/\/www.csj-emballages.com\/pt-pt\/produit\/detergente-ecologico-com-aroma-a-oceano-5-litros\/","url":"https:\/\/www.csj-emballages.com\/pt-pt\/produit\/detergente-ecologico-com-aroma-a-oceano-5-litros\/","name":"Detergente ecol\u00f3gico para pavimentos com aroma a oceano 5 litros","isPartOf":{"@id":"https:\/\/www.csj-emballages.com\/pt-pt\/#website"},"primaryImageOfPage":{"@id":"https:\/\/www.csj-emballages.com\/pt-pt\/produit\/detergente-ecologico-com-aroma-a-oceano-5-litros\/#primaryimage"},"image":{"@id":"https:\/\/www.csj-emballages.com\/pt-pt\/produit\/detergente-ecologico-com-aroma-a-oceano-5-litros\/#primaryimage"},"thumbnailUrl":"https:\/\/www.csj-emballages.com\/wp-content\/uploads\/2024\/03\/18395.webp","datePublished":"2024-03-01T15:59:19+00:00","dateModified":"2026-04-24T00:10:52+00:00","description":"Produto de limpeza ecol\u00f3gico para pavimentos com aroma a mar - 5L. Ideal para pavimentos e superf\u00edcies. pH neutro, compat\u00edvel com a ind\u00fastria alimentar. Eficaz, fresco e suave.","breadcrumb":{"@id":"https:\/\/www.csj-emballages.com\/pt-pt\/produit\/detergente-ecologico-com-aroma-a-oceano-5-litros\/#breadcrumb"},"inLanguage":"pt-PT","potentialAction":[{"@type":"ReadAction","target":["https:\/\/www.csj-emballages.com\/pt-pt\/produit\/detergente-ecologico-com-aroma-a-oceano-5-litros\/"]}]},{"@type":"ImageObject","inLanguage":"pt-PT","@id":"https:\/\/www.csj-emballages.com\/pt-pt\/produit\/detergente-ecologico-com-aroma-a-oceano-5-litros\/#primaryimage","url":"https:\/\/www.csj-emballages.com\/wp-content\/uploads\/2024\/03\/18395.webp","contentUrl":"https:\/\/www.csj-emballages.com\/wp-content\/uploads\/2024\/03\/18395.webp","width":800,"height":800,"caption":"Nettoyant de surfaces \u00e9cologique\u00a0"},{"@type":"BreadcrumbList","@id":"https:\/\/www.csj-emballages.com\/pt-pt\/produit\/detergente-ecologico-com-aroma-a-oceano-5-litros\/#breadcrumb","itemListElement":[{"@type":"ListItem","position":1,"name":"Acolhimento","item":"https:\/\/www.csj-emballages.com\/pt-pt\/universo-das-embalagens-alimentares\/"},{"@type":"ListItem","position":2,"name":"Shop","item":"https:\/\/www.csj-emballages.com\/shop\/"},{"@type":"ListItem","position":3,"name":"Limpa-pavimentos ecol\u00f3gico com aroma a oceano 5 litros"}]},{"@type":"WebSite","@id":"https:\/\/www.csj-emballages.com\/pt-pt\/#website","url":"https:\/\/www.csj-emballages.com\/pt-pt\/","name":"CSJ Emballages","description":"","publisher":{"@id":"https:\/\/www.csj-emballages.com\/pt-pt\/#organization"},"potentialAction":[{"@type":"SearchAction","target":{"@type":"EntryPoint","urlTemplate":"https:\/\/www.csj-emballages.com\/pt-pt\/?s={search_term_string}"},"query-input":{"@type":"PropertyValueSpecification","valueRequired":true,"valueName":"search_term_string"}}],"inLanguage":"pt-PT"},{"@type":"Organization","@id":"https:\/\/www.csj-emballages.com\/pt-pt\/#Organization\/","name":"CSJ Emballages","url":"https:\/\/www.csj-emballages.com\/pt-pt\/","logo":{"@type":"ImageObject","inLanguage":"pt-PT","@id":"https:\/\/www.csj-emballages.com\/pt-pt\/#\/schema\/logo\/image\/","url":"https:\/\/www.csj-emballages.com\/wp-content\/uploads\/2023\/10\/logo_csj.webp","contentUrl":"https:\/\/www.csj-emballages.com\/wp-content\/uploads\/2023\/10\/logo_csj.webp","width":250,"height":95,"caption":"CSJ Emballages"},"image":{"@id":"https:\/\/www.csj-emballages.com\/pt-pt\/#\/schema\/logo\/image\/"},"sameAs":["https:\/\/www.facebook.com\/csjemballages"],"address":{"@type":"PostalAddress","streetAddress":"ZI La Lechere","addressLocality":"Patornay","postalCode":"39130","addressCountry":"FR"},"contactPoint":[{"@type":"ContactPoint","contactType":"Service client","telephone":"0384254272","email":"contact@csj-emballages.com"}]}]}},"df_price":7.66,"df_sale_price":"","df_regular_price":7.66,"df_image_link":"https:\/\/www.csj-emballages.com\/wp-content\/uploads\/2024\/03\/18395-300x300.webp","tiered_pricing_type":"fixed","tiered_pricing_fixed_rules":[],"tiered_pricing_percentage_rules":[],"tiered_pricing_minimum":1,"tiered_pricing_roles_data":[],"_links":{"self":[{"href":"https:\/\/www.csj-emballages.com\/pt-pt\/wp-json\/wp\/v2\/product\/18762","targetHints":{"allow":["GET"]}}],"collection":[{"href":"https:\/\/www.csj-emballages.com\/pt-pt\/wp-json\/wp\/v2\/product"}],"about":[{"href":"https:\/\/www.csj-emballages.com\/pt-pt\/wp-json\/wp\/v2\/types\/product"}],"wp:featuredmedia":[{"embeddable":true,"href":"https:\/\/www.csj-emballages.com\/pt-pt\/wp-json\/wp\/v2\/media\/235462"}],"wp:attachment":[{"href":"https:\/\/www.csj-emballages.com\/pt-pt\/wp-json\/wp\/v2\/media?parent=18762"}],"wp:term":[{"taxonomy":"product_brand","embeddable":true,"href":"https:\/\/www.csj-emballages.com\/pt-pt\/wp-json\/wp\/v2\/product_brand?post=18762"},{"taxonomy":"product_cat","embeddable":true,"href":"https:\/\/www.csj-emballages.com\/pt-pt\/wp-json\/wp\/v2\/product_cat?post=18762"},{"taxonomy":"product_tag","embeddable":true,"href":"https:\/\/www.csj-emballages.com\/pt-pt\/wp-json\/wp\/v2\/product_tag?post=18762"}],"curies":[{"name":"wp","href":"https:\/\/api.w.org\/{rel}","templated":true}]}}