{"id":18730,"date":"2024-03-01T16:59:22","date_gmt":"2024-03-01T15:59:22","guid":{"rendered":"https:\/\/u15jnbdpoq.preview.infomaniak.website\/produit\/registo-unico-do-pessoal-e-dos-estagiarios-210-x-297-mm-elve\/"},"modified":"2026-05-04T02:10:16","modified_gmt":"2026-05-04T00:10:16","slug":"registo-unico-do-pessoal-e-dos-estagiarios-210-x-297-mm-elve","status":"publish","type":"product","link":"https:\/\/www.csj-emballages.com\/pt-pt\/produit\/registo-unico-do-pessoal-e-dos-estagiarios-210-x-297-mm-elve\/","title":{"rendered":"Registo \u00fanico do pessoal e dos estagi\u00e1rios 210 x 297 mm ELVE"},"content":{"rendered":"<h2>Registo de pessoal<\/h2>\n<hr>\n<h3>Descubra o nosso registo \u00fanico de pessoal e de estagi\u00e1rios 210 x 297 mm ELVE<\/h3>\n<p><!--more--><\/p>\n<p data-start=\"280\" data-end=\"630\">Gerir significa tamb\u00e9m saber manter-se organizado e em conformidade com a regulamenta\u00e7\u00e3o, sem perder horas. O <strong data-start=\"397\" data-end=\"452\">registo \u00fanico de pessoal e de estagi\u00e1rios ELVE<\/strong> foi concebido para lhe simplificar a tarefa, pura e simplesmente. Claro, leg\u00edvel e pronto a utilizar, permite centralizar todas as informa\u00e7\u00f5es obrigat\u00f3rias num \u00fanico documento.  <\/p>\n<p data-start=\"632\" data-end=\"960\">Gra\u00e7as ao seu <strong data-start=\"644\" data-end=\"672\">formato A4 (210 x 297 mm)<\/strong>, este registo oferece um conforto de escrita ideal. As p\u00e1ginas s\u00e3o bem estruturadas, o que facilita a leitura e as atualiza\u00e7\u00f5es regulares. Quer receba um novo funcion\u00e1rio, um estagi\u00e1rio ou um aprendiz, pode registar as informa\u00e7\u00f5es essenciais de forma r\u00e1pida e sem risco de esquecimento.  <\/p>\n<p data-start=\"962\" data-end=\"1281\">O seu <strong data-start=\"966\" data-end=\"1004\">papel interior branco de 100 g\/m\u00b2<\/strong> proporciona uma boa resist\u00eancia \u00e0 escrita, sem transpar\u00eancia nem borr\u00f5es. Pode, portanto, utilizar canetas ou marcadores sem preocupa\u00e7\u00f5es. Com as suas <strong data-start=\"1137\" data-end=\"1149\">52 p\u00e1ginas<\/strong>, o registo permite um acompanhamento a longo prazo, mantendo-se compacto e f\u00e1cil de guardar num escrit\u00f3rio ou num arquivo administrativo.  <\/p>\n<p data-start=\"1283\" data-end=\"1606\">No que diz respeito \u00e0 apresenta\u00e7\u00e3o, o design <strong data-start=\"1312\" data-end=\"1329\">branco e azul<\/strong> mant\u00e9m-se s\u00f3brio e profissional. Integra-se perfeitamente em todos os ambientes de trabalho, desde as pequenas estruturas \u00e0s empresas mais estabelecidas. A <strong>capa identifica<\/strong> claramente o documento, o que evita qualquer confus\u00e3o durante um controlo ou uma consulta r\u00e1pida.  <\/p>\n<p data-start=\"1608\" data-end=\"1777\">Em resumo, este <strong>registo de pessoal ELVE<\/strong> n\u00e3o \u00e9 apenas uma obriga\u00e7\u00e3o legal: \u00e9 uma ferramenta pr\u00e1tica, fi\u00e1vel e tranquilizadora para gerir o seu pessoal com toda a serenidade, no dia a dia.<\/p>\n<p data-start=\"1608\" data-end=\"1777\">\n<p data-start=\"1608\" data-end=\"1777\"><!--more--><\/p>\n<h4 data-start=\"1608\" data-end=\"1777\">Vantagens :<\/h4>\n<ul>\n<li data-start=\"1805\" data-end=\"1846\">Em conformidade com a regulamenta\u00e7\u00e3o em vigor<\/li>\n<li data-start=\"1849\" data-end=\"1883\"><strong>Formato A4<\/strong> confort\u00e1vel e leg\u00edvel<\/li>\n<li data-start=\"1886\" data-end=\"1914\"><strong>Papel de 100 g\/m\u00b2<\/strong> de qualidade<\/li>\n<li data-start=\"1917\" data-end=\"1955\">Organiza\u00e7\u00e3o clara das informa\u00e7\u00f5es<\/li>\n<li data-start=\"1958\" data-end=\"1989\">Design s\u00f3brio e profissional<\/li>\n<li data-start=\"1992\" data-end=\"2027\">Ideal para <strong>funcion\u00e1rios e estagi\u00e1rios<\/strong>.<\/li>\n<\/ul>\n<p>&nbsp;<\/p>\n<p><!--more--><\/p>\n<h4>Outras informa\u00e7\u00f5es :<\/h4>\n<ul>\n<li><strong>Embalagem<\/strong>: Por unidade<\/li>\n<li><strong>Dimens\u00f5es<\/strong>: 210 x 297 mm<\/li>\n<li><strong>Modelo<\/strong>: Registo de pessoal e de estagi\u00e1rios<\/li>\n<li><strong>Papel interior<\/strong>: Branco<\/li>\n<li><strong>Gramagem<\/strong>: 100 g\/m\u00b2<\/li>\n<li><strong>N\u00famero de p\u00e1ginas<\/strong>: 52<\/li>\n<\/ul>\n<p>&nbsp;<\/p>\n<p><!--more--><\/p>\n<p><a href=\"https:\/\/www.csj-emballages.com\/pt-pt\/categorie-produit\/embalagem-de-alimentos\/loja-e-armazem\/artigos-de-papelaria-e-pequenos-artigos\/\">  Consulte o resto da nossa gama de artigos de papelaria e pequenos materiais de escrit\u00f3rio  <\/a><\/p>\n","protected":false},"excerpt":{"rendered":"<p>Registo de pessoal Descubra o nosso registo \u00fanico de pessoal e de estagi\u00e1rios 210 x 297 mm ELVE<\/p>\n","protected":false},"featured_media":260443,"template":"","meta":{"_acf_changed":false},"product_brand":[],"product_cat":[1482,1927,1930],"product_tag":[],"class_list":{"0":"post-18730","1":"product","2":"type-product","3":"status-publish","4":"has-post-thumbnail","6":"product_cat-loja-e-armazem","7":"product_cat-artigos-de-papelaria-e-pequenos-artigos","8":"product_cat-outros","10":"first","11":"instock","12":"taxable","13":"shipping-taxable","14":"purchasable","15":"product-type-simple"},"acf":[],"yoast_head":"<!-- This site is optimized with the Yoast SEO Premium plugin v26.6 (Yoast SEO v26.6) - https:\/\/yoast.com\/wordpress\/plugins\/seo\/ -->\n<title>Registo \u00danico de Pessoal e Estagi\u00e1rios 210 x 297 mm<\/title>\n<meta name=\"description\" content=\"Registo \u00fanico de pessoal e de estagi\u00e1rios ELVE A4. 52 p\u00e1ginas, papel de 100 g\/m\u00b2, branco e azul. Claro, pr\u00e1tico e em conformidade com a regulamenta\u00e7\u00e3o.\" \/>\n<meta name=\"robots\" content=\"index, follow, max-snippet:-1, max-image-preview:large, max-video-preview:-1\" \/>\n<link rel=\"canonical\" href=\"https:\/\/www.csj-emballages.com\/pt-pt\/produit\/registo-unico-do-pessoal-e-dos-estagiarios-210-x-297-mm-elve\/\" \/>\n<meta property=\"og:locale\" content=\"pt_PT\" \/>\n<meta property=\"og:type\" content=\"article\" \/>\n<meta property=\"og:title\" content=\"Registo \u00fanico do pessoal e dos estagi\u00e1rios 210 x 297 mm ELVE\" \/>\n<meta property=\"og:description\" content=\"Registo \u00fanico de pessoal e de estagi\u00e1rios ELVE A4. 52 p\u00e1ginas, papel de 100 g\/m\u00b2, branco e azul. Claro, pr\u00e1tico e em conformidade com a regulamenta\u00e7\u00e3o.\" \/>\n<meta property=\"og:url\" content=\"https:\/\/www.csj-emballages.com\/pt-pt\/produit\/registo-unico-do-pessoal-e-dos-estagiarios-210-x-297-mm-elve\/\" \/>\n<meta property=\"og:site_name\" content=\"CSJ Emballages\" \/>\n<meta property=\"article:publisher\" content=\"https:\/\/www.facebook.com\/csjemballages\" \/>\n<meta property=\"article:modified_time\" content=\"2026-05-04T00:10:16+00:00\" \/>\n<meta property=\"og:image\" content=\"https:\/\/www.csj-emballages.com\/wp-content\/uploads\/2024\/03\/1464.webp\" \/>\n\t<meta property=\"og:image:width\" content=\"800\" \/>\n\t<meta property=\"og:image:height\" content=\"800\" \/>\n\t<meta property=\"og:image:type\" content=\"image\/webp\" \/>\n<meta name=\"twitter:card\" content=\"summary_large_image\" \/>\n<meta name=\"twitter:label1\" content=\"Tempo estimado de leitura\" \/>\n\t<meta name=\"twitter:data1\" content=\"2 minutos\" \/>\n<script type=\"application\/ld+json\" class=\"yoast-schema-graph\">{\"@context\":\"https:\/\/schema.org\",\"@graph\":[{\"@type\":\"WebPage\",\"@id\":\"https:\/\/www.csj-emballages.com\/pt-pt\/produit\/registo-unico-do-pessoal-e-dos-estagiarios-210-x-297-mm-elve\/\",\"url\":\"https:\/\/www.csj-emballages.com\/pt-pt\/produit\/registo-unico-do-pessoal-e-dos-estagiarios-210-x-297-mm-elve\/\",\"name\":\"Registo \u00danico de Pessoal e Estagi\u00e1rios 210 x 297 mm\",\"isPartOf\":{\"@id\":\"https:\/\/www.csj-emballages.com\/pt-pt\/#website\"},\"primaryImageOfPage\":{\"@id\":\"https:\/\/www.csj-emballages.com\/pt-pt\/produit\/registo-unico-do-pessoal-e-dos-estagiarios-210-x-297-mm-elve\/#primaryimage\"},\"image\":{\"@id\":\"https:\/\/www.csj-emballages.com\/pt-pt\/produit\/registo-unico-do-pessoal-e-dos-estagiarios-210-x-297-mm-elve\/#primaryimage\"},\"thumbnailUrl\":\"https:\/\/www.csj-emballages.com\/wp-content\/uploads\/2024\/03\/1464.webp\",\"datePublished\":\"2024-03-01T15:59:22+00:00\",\"dateModified\":\"2026-05-04T00:10:16+00:00\",\"description\":\"Registo \u00fanico de pessoal e de estagi\u00e1rios ELVE A4. 52 p\u00e1ginas, papel de 100 g\/m\u00b2, branco e azul. Claro, pr\u00e1tico e em conformidade com a regulamenta\u00e7\u00e3o.\",\"breadcrumb\":{\"@id\":\"https:\/\/www.csj-emballages.com\/pt-pt\/produit\/registo-unico-do-pessoal-e-dos-estagiarios-210-x-297-mm-elve\/#breadcrumb\"},\"inLanguage\":\"pt-PT\",\"potentialAction\":[{\"@type\":\"ReadAction\",\"target\":[\"https:\/\/www.csj-emballages.com\/pt-pt\/produit\/registo-unico-do-pessoal-e-dos-estagiarios-210-x-297-mm-elve\/\"]}]},{\"@type\":\"ImageObject\",\"inLanguage\":\"pt-PT\",\"@id\":\"https:\/\/www.csj-emballages.com\/pt-pt\/produit\/registo-unico-do-pessoal-e-dos-estagiarios-210-x-297-mm-elve\/#primaryimage\",\"url\":\"https:\/\/www.csj-emballages.com\/wp-content\/uploads\/2024\/03\/1464.webp\",\"contentUrl\":\"https:\/\/www.csj-emballages.com\/wp-content\/uploads\/2024\/03\/1464.webp\",\"width\":800,\"height\":800,\"caption\":\"Registre du personnel\u00a0\"},{\"@type\":\"BreadcrumbList\",\"@id\":\"https:\/\/www.csj-emballages.com\/pt-pt\/produit\/registo-unico-do-pessoal-e-dos-estagiarios-210-x-297-mm-elve\/#breadcrumb\",\"itemListElement\":[{\"@type\":\"ListItem\",\"position\":1,\"name\":\"Acolhimento\",\"item\":\"https:\/\/www.csj-emballages.com\/pt-pt\/universo-das-embalagens-alimentares\/\"},{\"@type\":\"ListItem\",\"position\":2,\"name\":\"Shop\",\"item\":\"https:\/\/www.csj-emballages.com\/shop\/\"},{\"@type\":\"ListItem\",\"position\":3,\"name\":\"Registo \u00fanico do pessoal e dos estagi\u00e1rios 210 x 297 mm ELVE\"}]},{\"@type\":\"WebSite\",\"@id\":\"https:\/\/www.csj-emballages.com\/pt-pt\/#website\",\"url\":\"https:\/\/www.csj-emballages.com\/pt-pt\/\",\"name\":\"CSJ Emballages\",\"description\":\"\",\"publisher\":{\"@id\":\"https:\/\/www.csj-emballages.com\/pt-pt\/#organization\"},\"potentialAction\":[{\"@type\":\"SearchAction\",\"target\":{\"@type\":\"EntryPoint\",\"urlTemplate\":\"https:\/\/www.csj-emballages.com\/pt-pt\/?s={search_term_string}\"},\"query-input\":{\"@type\":\"PropertyValueSpecification\",\"valueRequired\":true,\"valueName\":\"search_term_string\"}}],\"inLanguage\":\"pt-PT\"},{\"@type\":\"Organization\",\"@id\":\"https:\/\/www.csj-emballages.com\/pt-pt\/#Organization\/\",\"name\":\"CSJ Emballages\",\"url\":\"https:\/\/www.csj-emballages.com\/pt-pt\/\",\"logo\":{\"@type\":\"ImageObject\",\"inLanguage\":\"pt-PT\",\"@id\":\"https:\/\/www.csj-emballages.com\/pt-pt\/#\/schema\/logo\/image\/\",\"url\":\"https:\/\/www.csj-emballages.com\/wp-content\/uploads\/2023\/10\/logo_csj.webp\",\"contentUrl\":\"https:\/\/www.csj-emballages.com\/wp-content\/uploads\/2023\/10\/logo_csj.webp\",\"width\":250,\"height\":95,\"caption\":\"CSJ Emballages\"},\"image\":{\"@id\":\"https:\/\/www.csj-emballages.com\/pt-pt\/#\/schema\/logo\/image\/\"},\"sameAs\":[\"https:\/\/www.facebook.com\/csjemballages\"],\"address\":{\"@type\":\"PostalAddress\",\"streetAddress\":\"ZI La Lechere\",\"addressLocality\":\"Patornay\",\"postalCode\":\"39130\",\"addressCountry\":\"FR\"},\"contactPoint\":[{\"@type\":\"ContactPoint\",\"contactType\":\"Service client\",\"telephone\":\"0384254272\",\"email\":\"contact@csj-emballages.com\"}]}]}<\/script>\n<!-- \/ Yoast SEO Premium plugin. -->","yoast_head_json":{"title":"Registo \u00danico de Pessoal e Estagi\u00e1rios 210 x 297 mm","description":"Registo \u00fanico de pessoal e de estagi\u00e1rios ELVE A4. 52 p\u00e1ginas, papel de 100 g\/m\u00b2, branco e azul. Claro, pr\u00e1tico e em conformidade com a regulamenta\u00e7\u00e3o.","robots":{"index":"index","follow":"follow","max-snippet":"max-snippet:-1","max-image-preview":"max-image-preview:large","max-video-preview":"max-video-preview:-1"},"canonical":"https:\/\/www.csj-emballages.com\/pt-pt\/produit\/registo-unico-do-pessoal-e-dos-estagiarios-210-x-297-mm-elve\/","og_locale":"pt_PT","og_type":"article","og_title":"Registo \u00fanico do pessoal e dos estagi\u00e1rios 210 x 297 mm ELVE","og_description":"Registo \u00fanico de pessoal e de estagi\u00e1rios ELVE A4. 52 p\u00e1ginas, papel de 100 g\/m\u00b2, branco e azul. Claro, pr\u00e1tico e em conformidade com a regulamenta\u00e7\u00e3o.","og_url":"https:\/\/www.csj-emballages.com\/pt-pt\/produit\/registo-unico-do-pessoal-e-dos-estagiarios-210-x-297-mm-elve\/","og_site_name":"CSJ Emballages","article_publisher":"https:\/\/www.facebook.com\/csjemballages","article_modified_time":"2026-05-04T00:10:16+00:00","og_image":[{"width":800,"height":800,"url":"https:\/\/www.csj-emballages.com\/wp-content\/uploads\/2024\/03\/1464.webp","type":"image\/webp"}],"twitter_card":"summary_large_image","twitter_misc":{"Tempo estimado de leitura":"2 minutos"},"schema":{"@context":"https:\/\/schema.org","@graph":[{"@type":"WebPage","@id":"https:\/\/www.csj-emballages.com\/pt-pt\/produit\/registo-unico-do-pessoal-e-dos-estagiarios-210-x-297-mm-elve\/","url":"https:\/\/www.csj-emballages.com\/pt-pt\/produit\/registo-unico-do-pessoal-e-dos-estagiarios-210-x-297-mm-elve\/","name":"Registo \u00danico de Pessoal e Estagi\u00e1rios 210 x 297 mm","isPartOf":{"@id":"https:\/\/www.csj-emballages.com\/pt-pt\/#website"},"primaryImageOfPage":{"@id":"https:\/\/www.csj-emballages.com\/pt-pt\/produit\/registo-unico-do-pessoal-e-dos-estagiarios-210-x-297-mm-elve\/#primaryimage"},"image":{"@id":"https:\/\/www.csj-emballages.com\/pt-pt\/produit\/registo-unico-do-pessoal-e-dos-estagiarios-210-x-297-mm-elve\/#primaryimage"},"thumbnailUrl":"https:\/\/www.csj-emballages.com\/wp-content\/uploads\/2024\/03\/1464.webp","datePublished":"2024-03-01T15:59:22+00:00","dateModified":"2026-05-04T00:10:16+00:00","description":"Registo \u00fanico de pessoal e de estagi\u00e1rios ELVE A4. 52 p\u00e1ginas, papel de 100 g\/m\u00b2, branco e azul. Claro, pr\u00e1tico e em conformidade com a regulamenta\u00e7\u00e3o.","breadcrumb":{"@id":"https:\/\/www.csj-emballages.com\/pt-pt\/produit\/registo-unico-do-pessoal-e-dos-estagiarios-210-x-297-mm-elve\/#breadcrumb"},"inLanguage":"pt-PT","potentialAction":[{"@type":"ReadAction","target":["https:\/\/www.csj-emballages.com\/pt-pt\/produit\/registo-unico-do-pessoal-e-dos-estagiarios-210-x-297-mm-elve\/"]}]},{"@type":"ImageObject","inLanguage":"pt-PT","@id":"https:\/\/www.csj-emballages.com\/pt-pt\/produit\/registo-unico-do-pessoal-e-dos-estagiarios-210-x-297-mm-elve\/#primaryimage","url":"https:\/\/www.csj-emballages.com\/wp-content\/uploads\/2024\/03\/1464.webp","contentUrl":"https:\/\/www.csj-emballages.com\/wp-content\/uploads\/2024\/03\/1464.webp","width":800,"height":800,"caption":"Registre du personnel\u00a0"},{"@type":"BreadcrumbList","@id":"https:\/\/www.csj-emballages.com\/pt-pt\/produit\/registo-unico-do-pessoal-e-dos-estagiarios-210-x-297-mm-elve\/#breadcrumb","itemListElement":[{"@type":"ListItem","position":1,"name":"Acolhimento","item":"https:\/\/www.csj-emballages.com\/pt-pt\/universo-das-embalagens-alimentares\/"},{"@type":"ListItem","position":2,"name":"Shop","item":"https:\/\/www.csj-emballages.com\/shop\/"},{"@type":"ListItem","position":3,"name":"Registo \u00fanico do pessoal e dos estagi\u00e1rios 210 x 297 mm ELVE"}]},{"@type":"WebSite","@id":"https:\/\/www.csj-emballages.com\/pt-pt\/#website","url":"https:\/\/www.csj-emballages.com\/pt-pt\/","name":"CSJ Emballages","description":"","publisher":{"@id":"https:\/\/www.csj-emballages.com\/pt-pt\/#organization"},"potentialAction":[{"@type":"SearchAction","target":{"@type":"EntryPoint","urlTemplate":"https:\/\/www.csj-emballages.com\/pt-pt\/?s={search_term_string}"},"query-input":{"@type":"PropertyValueSpecification","valueRequired":true,"valueName":"search_term_string"}}],"inLanguage":"pt-PT"},{"@type":"Organization","@id":"https:\/\/www.csj-emballages.com\/pt-pt\/#Organization\/","name":"CSJ Emballages","url":"https:\/\/www.csj-emballages.com\/pt-pt\/","logo":{"@type":"ImageObject","inLanguage":"pt-PT","@id":"https:\/\/www.csj-emballages.com\/pt-pt\/#\/schema\/logo\/image\/","url":"https:\/\/www.csj-emballages.com\/wp-content\/uploads\/2023\/10\/logo_csj.webp","contentUrl":"https:\/\/www.csj-emballages.com\/wp-content\/uploads\/2023\/10\/logo_csj.webp","width":250,"height":95,"caption":"CSJ Emballages"},"image":{"@id":"https:\/\/www.csj-emballages.com\/pt-pt\/#\/schema\/logo\/image\/"},"sameAs":["https:\/\/www.facebook.com\/csjemballages"],"address":{"@type":"PostalAddress","streetAddress":"ZI La Lechere","addressLocality":"Patornay","postalCode":"39130","addressCountry":"FR"},"contactPoint":[{"@type":"ContactPoint","contactType":"Service client","telephone":"0384254272","email":"contact@csj-emballages.com"}]}]}},"df_price":21.6,"df_sale_price":"","df_regular_price":21.6,"df_image_link":"https:\/\/www.csj-emballages.com\/wp-content\/uploads\/2024\/03\/1464-300x300.webp","tiered_pricing_type":"fixed","tiered_pricing_fixed_rules":[],"tiered_pricing_percentage_rules":[],"tiered_pricing_minimum":1,"tiered_pricing_roles_data":[],"_links":{"self":[{"href":"https:\/\/www.csj-emballages.com\/pt-pt\/wp-json\/wp\/v2\/product\/18730","targetHints":{"allow":["GET"]}}],"collection":[{"href":"https:\/\/www.csj-emballages.com\/pt-pt\/wp-json\/wp\/v2\/product"}],"about":[{"href":"https:\/\/www.csj-emballages.com\/pt-pt\/wp-json\/wp\/v2\/types\/product"}],"wp:featuredmedia":[{"embeddable":true,"href":"https:\/\/www.csj-emballages.com\/pt-pt\/wp-json\/wp\/v2\/media\/260443"}],"wp:attachment":[{"href":"https:\/\/www.csj-emballages.com\/pt-pt\/wp-json\/wp\/v2\/media?parent=18730"}],"wp:term":[{"taxonomy":"product_brand","embeddable":true,"href":"https:\/\/www.csj-emballages.com\/pt-pt\/wp-json\/wp\/v2\/product_brand?post=18730"},{"taxonomy":"product_cat","embeddable":true,"href":"https:\/\/www.csj-emballages.com\/pt-pt\/wp-json\/wp\/v2\/product_cat?post=18730"},{"taxonomy":"product_tag","embeddable":true,"href":"https:\/\/www.csj-emballages.com\/pt-pt\/wp-json\/wp\/v2\/product_tag?post=18730"}],"curies":[{"name":"wp","href":"https:\/\/api.w.org\/{rel}","templated":true}]}}