{"id":18719,"date":"2024-03-01T16:59:22","date_gmt":"2024-03-01T15:59:22","guid":{"rendered":"https:\/\/u15jnbdpoq.preview.infomaniak.website\/produit\/fita-adesiva-de-pvc-transparente-de-19-mm-x-100-m\/"},"modified":"2026-04-18T02:11:22","modified_gmt":"2026-04-18T00:11:22","slug":"fita-adesiva-de-pvc-transparente-de-19-mm-x-100-m","status":"publish","type":"product","link":"https:\/\/www.csj-emballages.com\/pt-pt\/produit\/fita-adesiva-de-pvc-transparente-de-19-mm-x-100-m\/","title":{"rendered":"Fita adesiva de PVC transparente 19mm x 66m"},"content":{"rendered":"<h2>Fita adesiva transparente<\/h2>\n<hr>\n<h3>Descubra a nossa fita adesiva transparente PVC 19 mm x 66 m<\/h3>\n<p><!--more--><\/p>\n<p data-start=\"263\" data-end=\"655\">A <strong>fita adesiva transparente PVC 19 mm x 66 m<\/strong> \u00e9 indispens\u00e1vel para todas as opera\u00e7\u00f5es de embalagem, fecho e fixa\u00e7\u00e3o leve, tanto em ambiente profissional como para uso quotidiano. Concebida a partir de um <strong>filme de PVC<\/strong> de qualidade, oferece uma excelente combina\u00e7\u00e3o entre resist\u00eancia, flexibilidade e ader\u00eancia, garantindo uma utiliza\u00e7\u00e3o fi\u00e1vel em diversas situa\u00e7\u00f5es. <\/p>\n<p data-start=\"657\" data-end=\"1005\">Com efeito, a sua <strong>transpar\u00eancia<\/strong> permite um acabamento <strong>limpo e discreto<\/strong>, sem ocultar as informa\u00e7\u00f5es presentes nas caixas de cart\u00e3o, documentos ou embalagens. \u00c9 particularmente apreciada para <strong>envios de encomendas, prepara\u00e7\u00e3o de pedidos, organiza\u00e7\u00e3o em armaz\u00e9m, escrit\u00f3rios ou com\u00e9rcios<\/strong> que pretendem manter uma apresenta\u00e7\u00e3o cuidada e profissional. <\/p>\n<p data-start=\"1007\" data-end=\"1339\">Com uma <strong>largura de 19 mm<\/strong>, esta <strong>fita adesiva<\/strong> \u00e9 ideal para <strong>fechos precisos<\/strong>, pequenas embalagens, caixas de cart\u00e3o leves a m\u00e9dias, bem como trabalhos de manuten\u00e7\u00e3o ou montagem tempor\u00e1ria. O seu <strong>comprimento de 66 metros<\/strong> garante uma boa autonomia de utiliza\u00e7\u00e3o. <\/p>\n<p data-start=\"1341\" data-end=\"1661\">O desenrolamento \u00e9 fluido e silencioso, o que melhora o conforto de utiliza\u00e7\u00e3o no dia a dia, principalmente durante o uso repetitivo. O seu adesivo de alto desempenho garante uma ader\u00eancia r\u00e1pida na maioria das superf\u00edcies comuns, como <strong>cart\u00e3o, papel ou pl\u00e1stico<\/strong>, oferecendo ao mesmo tempo uma fixa\u00e7\u00e3o fi\u00e1vel ao longo do tempo. <\/p>\n<p data-start=\"1663\" data-end=\"1875\">Em resumo, a <strong>fita adesiva transparente PVC 19 mm x 66 m<\/strong> responde perfeitamente \u00e0s exig\u00eancias dos profissionais da log\u00edstica, do com\u00e9rcio, da ind\u00fastria ou dos servi\u00e7os administrativos.<\/p>\n<p data-start=\"1663\" data-end=\"1875\">\n<p data-start=\"1663\" data-end=\"1875\"><!--more--><\/p>\n<h4 data-start=\"1663\" data-end=\"1875\">Vantagens :<\/h4>\n<ul>\n<li data-start=\"1913\" data-end=\"1968\"><strong>Transpar\u00eancia ideal<\/strong> para um resultado discreto e cuidado.<\/li>\n<li data-start=\"1971\" data-end=\"2022\"><strong>Filme de PVC<\/strong> resistente a rasg\u00f5es e \u00e0 humidade.<\/li>\n<li data-start=\"2025\" data-end=\"2070\">Excelente ader\u00eancia em superf\u00edcies comuns.<\/li>\n<li data-start=\"2073\" data-end=\"2107\">Desenrolamento fluido e silencioso.<\/li>\n<li data-start=\"2110\" data-end=\"2165\">Formato pr\u00e1tico para uma <strong>utiliza\u00e7\u00e3o precisa<\/strong> e profissional.<\/li>\n<li data-start=\"2168\" data-end=\"2228\">Adequado tanto para profissionais como para particulares.<\/li>\n<\/ul>\n<p>&nbsp;<\/p>\n<p><!--more--><\/p>\n<h4>Outras informa\u00e7\u00f5es :<\/h4>\n<ul>\n<li><strong>Embalagem<\/strong>: Por unidade<\/li>\n<li><strong>Largura<\/strong>: 19 mm<\/li>\n<li><strong>Comprimento<\/strong>: 66 m<\/li>\n<li><strong>Cor<\/strong>: Transparente<\/li>\n<li><strong>Material<\/strong>: PVC<\/li>\n<\/ul>\n<p>&nbsp;<\/p>\n<p><!--more--><\/p>\n<p>Encontre aqui a nossa fita adesiva castanha PVC 48 mm x 126 m: <span style=\"color: #d12727;\"><a style=\"color: #d12727;\" href=\"https:\/\/www.csj-emballages.com\/es\/produit\/cinta-adhesiva-bopp-marron-48-mm-x-126-m\/\">SCOTCHPVC<\/a><\/span><\/p>\n<p>&nbsp;<\/p>\n<p><!--more--><\/p>\n<p><a href=\"https:\/\/www.csj-emballages.com\/pt-pt\/categorie-produit\/embalagens-industriais\/bobinas-e-fitas\/\">Consulte a restante gama de dispensadores e fitas adesivas<\/a><\/p>\n<p>&nbsp;<\/p>\n","protected":false},"excerpt":{"rendered":"<p>Fita adesiva transparente Descubra a nossa fita adesiva transparente PVC 19 mm x 66 m<\/p>\n","protected":false},"featured_media":263395,"template":"","meta":{"_acf_changed":false},"product_brand":[],"product_cat":[1141,1208,1922],"product_tag":[],"class_list":{"0":"post-18719","1":"product","2":"type-product","3":"status-publish","4":"has-post-thumbnail","6":"product_cat-embalagem-de-alimentos","7":"product_cat-embalagens-industriais","8":"product_cat-bobinas-e-fitas","10":"first","11":"instock","12":"taxable","13":"shipping-taxable","14":"purchasable","15":"product-type-simple"},"acf":[],"yoast_head":"<!-- This site is optimized with the Yoast SEO Premium plugin v26.6 (Yoast SEO v26.6) - https:\/\/yoast.com\/wordpress\/plugins\/seo\/ -->\n<title>Fita Adesiva Transparente PVC 19 mm x 66 m<\/title>\n<meta name=\"description\" content=\"Fita adesiva transparente PVC 19 mm x 66 m, resistente e discreta. Ideal para embalagem, fecho de embalagens e uso profissional ou de escrit\u00f3rio.\" \/>\n<meta name=\"robots\" content=\"index, follow, max-snippet:-1, max-image-preview:large, max-video-preview:-1\" \/>\n<link rel=\"canonical\" href=\"https:\/\/www.csj-emballages.com\/pt-pt\/produit\/fita-adesiva-de-pvc-transparente-de-19-mm-x-100-m\/\" \/>\n<meta property=\"og:locale\" content=\"pt_PT\" \/>\n<meta property=\"og:type\" content=\"article\" \/>\n<meta property=\"og:title\" content=\"Fita adesiva de PVC transparente 19mm x 66m\" \/>\n<meta property=\"og:description\" content=\"Fita adesiva transparente PVC 19 mm x 66 m, resistente e discreta. Ideal para embalagem, fecho de embalagens e uso profissional ou de escrit\u00f3rio.\" \/>\n<meta property=\"og:url\" content=\"https:\/\/www.csj-emballages.com\/pt-pt\/produit\/fita-adesiva-de-pvc-transparente-de-19-mm-x-100-m\/\" \/>\n<meta property=\"og:site_name\" content=\"CSJ Emballages\" \/>\n<meta property=\"article:publisher\" content=\"https:\/\/www.facebook.com\/csjemballages\" \/>\n<meta property=\"article:modified_time\" content=\"2026-04-18T00:11:22+00:00\" \/>\n<meta property=\"og:image\" content=\"https:\/\/www.csj-emballages.com\/wp-content\/uploads\/2024\/03\/13520.webp\" \/>\n\t<meta property=\"og:image:width\" content=\"800\" \/>\n\t<meta property=\"og:image:height\" content=\"800\" \/>\n\t<meta property=\"og:image:type\" content=\"image\/webp\" \/>\n<meta name=\"twitter:card\" content=\"summary_large_image\" \/>\n<meta name=\"twitter:label1\" content=\"Tempo estimado de leitura\" \/>\n\t<meta name=\"twitter:data1\" content=\"2 minutos\" \/>\n<script type=\"application\/ld+json\" class=\"yoast-schema-graph\">{\"@context\":\"https:\/\/schema.org\",\"@graph\":[{\"@type\":\"WebPage\",\"@id\":\"https:\/\/www.csj-emballages.com\/pt-pt\/produit\/fita-adesiva-de-pvc-transparente-de-19-mm-x-100-m\/\",\"url\":\"https:\/\/www.csj-emballages.com\/pt-pt\/produit\/fita-adesiva-de-pvc-transparente-de-19-mm-x-100-m\/\",\"name\":\"Fita Adesiva Transparente PVC 19 mm x 66 m\",\"isPartOf\":{\"@id\":\"https:\/\/www.csj-emballages.com\/pt-pt\/#website\"},\"primaryImageOfPage\":{\"@id\":\"https:\/\/www.csj-emballages.com\/pt-pt\/produit\/fita-adesiva-de-pvc-transparente-de-19-mm-x-100-m\/#primaryimage\"},\"image\":{\"@id\":\"https:\/\/www.csj-emballages.com\/pt-pt\/produit\/fita-adesiva-de-pvc-transparente-de-19-mm-x-100-m\/#primaryimage\"},\"thumbnailUrl\":\"https:\/\/www.csj-emballages.com\/wp-content\/uploads\/2024\/03\/13520.webp\",\"datePublished\":\"2024-03-01T15:59:22+00:00\",\"dateModified\":\"2026-04-18T00:11:22+00:00\",\"description\":\"Fita adesiva transparente PVC 19 mm x 66 m, resistente e discreta. Ideal para embalagem, fecho de embalagens e uso profissional ou de escrit\u00f3rio.\",\"breadcrumb\":{\"@id\":\"https:\/\/www.csj-emballages.com\/pt-pt\/produit\/fita-adesiva-de-pvc-transparente-de-19-mm-x-100-m\/#breadcrumb\"},\"inLanguage\":\"pt-PT\",\"potentialAction\":[{\"@type\":\"ReadAction\",\"target\":[\"https:\/\/www.csj-emballages.com\/pt-pt\/produit\/fita-adesiva-de-pvc-transparente-de-19-mm-x-100-m\/\"]}]},{\"@type\":\"ImageObject\",\"inLanguage\":\"pt-PT\",\"@id\":\"https:\/\/www.csj-emballages.com\/pt-pt\/produit\/fita-adesiva-de-pvc-transparente-de-19-mm-x-100-m\/#primaryimage\",\"url\":\"https:\/\/www.csj-emballages.com\/wp-content\/uploads\/2024\/03\/13520.webp\",\"contentUrl\":\"https:\/\/www.csj-emballages.com\/wp-content\/uploads\/2024\/03\/13520.webp\",\"width\":800,\"height\":800,\"caption\":\"Ruban adh\u00e9sif transparent\"},{\"@type\":\"BreadcrumbList\",\"@id\":\"https:\/\/www.csj-emballages.com\/pt-pt\/produit\/fita-adesiva-de-pvc-transparente-de-19-mm-x-100-m\/#breadcrumb\",\"itemListElement\":[{\"@type\":\"ListItem\",\"position\":1,\"name\":\"Acolhimento\",\"item\":\"https:\/\/www.csj-emballages.com\/pt-pt\/universo-das-embalagens-alimentares\/\"},{\"@type\":\"ListItem\",\"position\":2,\"name\":\"Shop\",\"item\":\"https:\/\/www.csj-emballages.com\/shop\/\"},{\"@type\":\"ListItem\",\"position\":3,\"name\":\"Fita adesiva de PVC transparente 19mm x 66m\"}]},{\"@type\":\"WebSite\",\"@id\":\"https:\/\/www.csj-emballages.com\/pt-pt\/#website\",\"url\":\"https:\/\/www.csj-emballages.com\/pt-pt\/\",\"name\":\"CSJ Emballages\",\"description\":\"\",\"publisher\":{\"@id\":\"https:\/\/www.csj-emballages.com\/pt-pt\/#organization\"},\"potentialAction\":[{\"@type\":\"SearchAction\",\"target\":{\"@type\":\"EntryPoint\",\"urlTemplate\":\"https:\/\/www.csj-emballages.com\/pt-pt\/?s={search_term_string}\"},\"query-input\":{\"@type\":\"PropertyValueSpecification\",\"valueRequired\":true,\"valueName\":\"search_term_string\"}}],\"inLanguage\":\"pt-PT\"},{\"@type\":\"Organization\",\"@id\":\"https:\/\/www.csj-emballages.com\/pt-pt\/#Organization\/\",\"name\":\"CSJ Emballages\",\"url\":\"https:\/\/www.csj-emballages.com\/pt-pt\/\",\"logo\":{\"@type\":\"ImageObject\",\"inLanguage\":\"pt-PT\",\"@id\":\"https:\/\/www.csj-emballages.com\/pt-pt\/#\/schema\/logo\/image\/\",\"url\":\"https:\/\/www.csj-emballages.com\/wp-content\/uploads\/2023\/10\/logo_csj.webp\",\"contentUrl\":\"https:\/\/www.csj-emballages.com\/wp-content\/uploads\/2023\/10\/logo_csj.webp\",\"width\":250,\"height\":95,\"caption\":\"CSJ Emballages\"},\"image\":{\"@id\":\"https:\/\/www.csj-emballages.com\/pt-pt\/#\/schema\/logo\/image\/\"},\"sameAs\":[\"https:\/\/www.facebook.com\/csjemballages\"],\"address\":{\"@type\":\"PostalAddress\",\"streetAddress\":\"ZI La Lechere\",\"addressLocality\":\"Patornay\",\"postalCode\":\"39130\",\"addressCountry\":\"FR\"},\"contactPoint\":[{\"@type\":\"ContactPoint\",\"contactType\":\"Service client\",\"telephone\":\"0384254272\",\"email\":\"contact@csj-emballages.com\"}]}]}<\/script>\n<!-- \/ Yoast SEO Premium plugin. -->","yoast_head_json":{"title":"Fita Adesiva Transparente PVC 19 mm x 66 m","description":"Fita adesiva transparente PVC 19 mm x 66 m, resistente e discreta. Ideal para embalagem, fecho de embalagens e uso profissional ou de escrit\u00f3rio.","robots":{"index":"index","follow":"follow","max-snippet":"max-snippet:-1","max-image-preview":"max-image-preview:large","max-video-preview":"max-video-preview:-1"},"canonical":"https:\/\/www.csj-emballages.com\/pt-pt\/produit\/fita-adesiva-de-pvc-transparente-de-19-mm-x-100-m\/","og_locale":"pt_PT","og_type":"article","og_title":"Fita adesiva de PVC transparente 19mm x 66m","og_description":"Fita adesiva transparente PVC 19 mm x 66 m, resistente e discreta. Ideal para embalagem, fecho de embalagens e uso profissional ou de escrit\u00f3rio.","og_url":"https:\/\/www.csj-emballages.com\/pt-pt\/produit\/fita-adesiva-de-pvc-transparente-de-19-mm-x-100-m\/","og_site_name":"CSJ Emballages","article_publisher":"https:\/\/www.facebook.com\/csjemballages","article_modified_time":"2026-04-18T00:11:22+00:00","og_image":[{"width":800,"height":800,"url":"https:\/\/www.csj-emballages.com\/wp-content\/uploads\/2024\/03\/13520.webp","type":"image\/webp"}],"twitter_card":"summary_large_image","twitter_misc":{"Tempo estimado de leitura":"2 minutos"},"schema":{"@context":"https:\/\/schema.org","@graph":[{"@type":"WebPage","@id":"https:\/\/www.csj-emballages.com\/pt-pt\/produit\/fita-adesiva-de-pvc-transparente-de-19-mm-x-100-m\/","url":"https:\/\/www.csj-emballages.com\/pt-pt\/produit\/fita-adesiva-de-pvc-transparente-de-19-mm-x-100-m\/","name":"Fita Adesiva Transparente PVC 19 mm x 66 m","isPartOf":{"@id":"https:\/\/www.csj-emballages.com\/pt-pt\/#website"},"primaryImageOfPage":{"@id":"https:\/\/www.csj-emballages.com\/pt-pt\/produit\/fita-adesiva-de-pvc-transparente-de-19-mm-x-100-m\/#primaryimage"},"image":{"@id":"https:\/\/www.csj-emballages.com\/pt-pt\/produit\/fita-adesiva-de-pvc-transparente-de-19-mm-x-100-m\/#primaryimage"},"thumbnailUrl":"https:\/\/www.csj-emballages.com\/wp-content\/uploads\/2024\/03\/13520.webp","datePublished":"2024-03-01T15:59:22+00:00","dateModified":"2026-04-18T00:11:22+00:00","description":"Fita adesiva transparente PVC 19 mm x 66 m, resistente e discreta. Ideal para embalagem, fecho de embalagens e uso profissional ou de escrit\u00f3rio.","breadcrumb":{"@id":"https:\/\/www.csj-emballages.com\/pt-pt\/produit\/fita-adesiva-de-pvc-transparente-de-19-mm-x-100-m\/#breadcrumb"},"inLanguage":"pt-PT","potentialAction":[{"@type":"ReadAction","target":["https:\/\/www.csj-emballages.com\/pt-pt\/produit\/fita-adesiva-de-pvc-transparente-de-19-mm-x-100-m\/"]}]},{"@type":"ImageObject","inLanguage":"pt-PT","@id":"https:\/\/www.csj-emballages.com\/pt-pt\/produit\/fita-adesiva-de-pvc-transparente-de-19-mm-x-100-m\/#primaryimage","url":"https:\/\/www.csj-emballages.com\/wp-content\/uploads\/2024\/03\/13520.webp","contentUrl":"https:\/\/www.csj-emballages.com\/wp-content\/uploads\/2024\/03\/13520.webp","width":800,"height":800,"caption":"Ruban adh\u00e9sif transparent"},{"@type":"BreadcrumbList","@id":"https:\/\/www.csj-emballages.com\/pt-pt\/produit\/fita-adesiva-de-pvc-transparente-de-19-mm-x-100-m\/#breadcrumb","itemListElement":[{"@type":"ListItem","position":1,"name":"Acolhimento","item":"https:\/\/www.csj-emballages.com\/pt-pt\/universo-das-embalagens-alimentares\/"},{"@type":"ListItem","position":2,"name":"Shop","item":"https:\/\/www.csj-emballages.com\/shop\/"},{"@type":"ListItem","position":3,"name":"Fita adesiva de PVC transparente 19mm x 66m"}]},{"@type":"WebSite","@id":"https:\/\/www.csj-emballages.com\/pt-pt\/#website","url":"https:\/\/www.csj-emballages.com\/pt-pt\/","name":"CSJ Emballages","description":"","publisher":{"@id":"https:\/\/www.csj-emballages.com\/pt-pt\/#organization"},"potentialAction":[{"@type":"SearchAction","target":{"@type":"EntryPoint","urlTemplate":"https:\/\/www.csj-emballages.com\/pt-pt\/?s={search_term_string}"},"query-input":{"@type":"PropertyValueSpecification","valueRequired":true,"valueName":"search_term_string"}}],"inLanguage":"pt-PT"},{"@type":"Organization","@id":"https:\/\/www.csj-emballages.com\/pt-pt\/#Organization\/","name":"CSJ Emballages","url":"https:\/\/www.csj-emballages.com\/pt-pt\/","logo":{"@type":"ImageObject","inLanguage":"pt-PT","@id":"https:\/\/www.csj-emballages.com\/pt-pt\/#\/schema\/logo\/image\/","url":"https:\/\/www.csj-emballages.com\/wp-content\/uploads\/2023\/10\/logo_csj.webp","contentUrl":"https:\/\/www.csj-emballages.com\/wp-content\/uploads\/2023\/10\/logo_csj.webp","width":250,"height":95,"caption":"CSJ Emballages"},"image":{"@id":"https:\/\/www.csj-emballages.com\/pt-pt\/#\/schema\/logo\/image\/"},"sameAs":["https:\/\/www.facebook.com\/csjemballages"],"address":{"@type":"PostalAddress","streetAddress":"ZI La Lechere","addressLocality":"Patornay","postalCode":"39130","addressCountry":"FR"},"contactPoint":[{"@type":"ContactPoint","contactType":"Service client","telephone":"0384254272","email":"contact@csj-emballages.com"}]}]}},"df_price":1.74,"df_sale_price":"","df_regular_price":1.74,"df_image_link":"https:\/\/www.csj-emballages.com\/wp-content\/uploads\/2024\/03\/13520-300x300.webp","tiered_pricing_type":"fixed","tiered_pricing_fixed_rules":[],"tiered_pricing_percentage_rules":[],"tiered_pricing_minimum":1,"tiered_pricing_roles_data":[],"_links":{"self":[{"href":"https:\/\/www.csj-emballages.com\/pt-pt\/wp-json\/wp\/v2\/product\/18719","targetHints":{"allow":["GET"]}}],"collection":[{"href":"https:\/\/www.csj-emballages.com\/pt-pt\/wp-json\/wp\/v2\/product"}],"about":[{"href":"https:\/\/www.csj-emballages.com\/pt-pt\/wp-json\/wp\/v2\/types\/product"}],"wp:featuredmedia":[{"embeddable":true,"href":"https:\/\/www.csj-emballages.com\/pt-pt\/wp-json\/wp\/v2\/media\/263395"}],"wp:attachment":[{"href":"https:\/\/www.csj-emballages.com\/pt-pt\/wp-json\/wp\/v2\/media?parent=18719"}],"wp:term":[{"taxonomy":"product_brand","embeddable":true,"href":"https:\/\/www.csj-emballages.com\/pt-pt\/wp-json\/wp\/v2\/product_brand?post=18719"},{"taxonomy":"product_cat","embeddable":true,"href":"https:\/\/www.csj-emballages.com\/pt-pt\/wp-json\/wp\/v2\/product_cat?post=18719"},{"taxonomy":"product_tag","embeddable":true,"href":"https:\/\/www.csj-emballages.com\/pt-pt\/wp-json\/wp\/v2\/product_tag?post=18719"}],"curies":[{"name":"wp","href":"https:\/\/api.w.org\/{rel}","templated":true}]}}