{"id":18704,"date":"2024-03-01T16:59:21","date_gmt":"2024-03-01T15:59:21","guid":{"rendered":"https:\/\/u15jnbdpoq.preview.infomaniak.website\/produit\/liquido-de-lavagem-de-vidros-1-l-dispensador-orlav\/"},"modified":"2026-05-01T02:10:32","modified_gmt":"2026-05-01T00:10:32","slug":"liquido-de-lavagem-de-vidros-1-l-dispensador-orlav","status":"publish","type":"product","link":"https:\/\/www.csj-emballages.com\/pt-pt\/produit\/liquido-de-lavagem-de-vidros-1-l-dispensador-orlav\/","title":{"rendered":"ORLAV l\u00edquido para lavagem de vidros Dispensador de 1 L"},"content":{"rendered":"<h2>L\u00edquido de lavagem de vidros<\/h2>\n<div style=\"font-family: Roboto, sans-serif\">\n<div style=\"font-family: Roboto, sans-serif\">\n<div style=\"font-family: Roboto, sans-serif\">\n<div style=\"font-family: Roboto, sans-serif\">\n<div style=\"font-family: Roboto, sans-serif\">\n<div style=\"font-family: Roboto, sans-serif\">\n<hr>\n<h3>Descri\u00e7\u00e3o do nosso l\u00edquido para lavagem de vidros 1 L dispensador ORLAV<\/h3>\n<p><!--more--><\/p>\n<p class=\"\" data-start=\"313\" data-end=\"662\"><strong data-start=\"316\" data-end=\"367\">O l\u00edquido para lavagem de copos ORLAV 1L com doseador incorporado<\/strong> foi concebido para satisfazer as necessidades dos profissionais dos sectores da restaura\u00e7\u00e3o, hotelaria e catering. A sua f\u00f3rmula potente mas suave garante uma limpeza \u00f3ptima dos seus copos, sem deixar marcas ou res\u00edduos, mesmo ap\u00f3s repetidas lavagens intensivas. <\/p>\n<p class=\"\" data-start=\"664\" data-end=\"1014\">Adequado para todos os tipos de <strong>m\u00e1quinas de lavar vidros<\/strong>, funciona eficazmente mesmo a baixas temperaturas. Elimina facilmente as n\u00f3doas de vinho, de calc\u00e1rio ou de detergente mal lavado. Este produto \u00e9 particularmente apreciado nos estabelecimentos de grande movimento, onde todos os pormenores contam: copos limpos e brilhantes, sem qualquer vest\u00edgio de n\u00e9voa esbranqui\u00e7ada ou de pel\u00edcula gordurosa.  <\/p>\n<p class=\"\" data-start=\"1016\" data-end=\"1203\">Da mesma forma, o seu <strong data-start=\"1020\" data-end=\"1038\">doseador incorporado<\/strong> facilita uma utiliza\u00e7\u00e3o precisa e econ\u00f3mica: utiliza a quantidade certa de cada vez, evitando desperd\u00edcios e optimizando o desempenho da lavagem.<\/p>\n<p class=\"\" data-start=\"1205\" data-end=\"1511\">Quer seja propriet\u00e1rio de um restaurante, um barman ou mesmo um cliente privado exigente, este <strong>l\u00edquido para lavagem de copos<\/strong> permite-lhe poupar tempo e garantir resultados impec\u00e1veis. Em suma, com <strong>ORLAV<\/strong>, est\u00e1 a escolher uma marca reconhecida pela sua fiabilidade, efic\u00e1cia e cumprimento das normas de higiene. <\/p>\n<p data-start=\"1205\" data-end=\"1511\">\n<\/div>\n<\/div>\n<\/div>\n<\/div>\n<\/div>\n<\/div>\n<p><!--more--><\/p>\n<div style=\"font-family: Roboto, sans-serif\">\n<div style=\"font-family: Roboto, sans-serif\">\n<div style=\"font-family: Roboto, sans-serif\">\n<div style=\"font-family: Roboto, sans-serif\">\n<div style=\"font-family: Roboto, sans-serif\">\n<div style=\"font-family: Roboto, sans-serif\">\n<p><strong>Vantagens:<\/strong><\/p>\n<ul>\n<li>Limpeza potente mesmo a baixas temperaturas.<\/li>\n<li>N\u00e3o deixa vest\u00edgios nem res\u00edduos.<\/li>\n<li>Pr\u00e1tico: tampa doseadora para utiliza\u00e7\u00e3o controlada.<\/li>\n<li>Adequado tanto para profissionais como para propriet\u00e1rios exigentes.<\/li>\n<li>Compat\u00edvel com todas as m\u00e1quinas de lavar vidros.<\/li>\n<\/ul>\n<\/div>\n<div style=\"font-family: Roboto, sans-serif\">\n<p>&nbsp;<\/p>\n<\/div>\n<\/div>\n<\/div>\n<\/div>\n<\/div>\n<\/div>\n<p><!--more--><\/p>\n<h4>Outras informa\u00e7\u00f5es :<\/h4>\n<ul>\n<li><strong>Embalagem<\/strong>: Por unidade<\/li>\n<li><strong>Volume<\/strong>: 1 litro<\/li>\n<li><strong>Aplica\u00e7\u00e3o<\/strong>: Lavador de vidros<\/li>\n<\/ul>\n<p>&nbsp;<\/p>\n<p><!--more--><\/p>\n<p>O nosso l\u00edquido para lavagem autom\u00e1tica de vidros tamb\u00e9m est\u00e1 dispon\u00edvel em 5 litros: <span style=\"color: #d12727\"><a style=\"color: #d12727\" href=\"https:\/\/www.csj-emballages.com\/produit\/liquide-lave-verre-automatique-5-litres\/\">02165<\/a><\/span><\/p>\n<p>&nbsp;<\/p>\n<p><!--more--><\/p>\n<p>Da gama ORLAV, descubra o nosso sal regenerador em blocos de 5 kg para m\u00e1quina de lavar lou\u00e7a: <span style=\"color: #d12727\"><a style=\"color: #d12727\" href=\"https:\/\/www.csj-emballages.com\/es\/produit\/sal-regeneradora-en-bloques-lavavajillas-5-kg-orlav\/\">01295<\/a><\/span><\/p>\n<p>&nbsp;<\/p>\n<p><!--more--><\/p>\n<p><a href=\"\/?product_cat=lave-vaiselle\">V\u00ea o resto da nossa gama de produtos para m\u00e1quinas de lavar lou\u00e7a aqui<\/a><\/p>\n","protected":false},"excerpt":{"rendered":"<p>L\u00edquido de lavagem de vidros Descri\u00e7\u00e3o do nosso l\u00edquido para lavagem de vidros 1 L dispensador ORLAV<\/p>\n","protected":false},"featured_media":233355,"template":"","meta":{"_acf_changed":false},"product_brand":[],"product_cat":[1222,1223,1224,1381],"product_tag":[],"class_list":{"0":"post-18704","1":"product","2":"type-product","3":"status-publish","4":"has-post-thumbnail","6":"product_cat-higiene-e-manutencao","7":"product_cat-produtos-de-limpeza","8":"product_cat-cuidados-com-a-loica","9":"product_cat-maquina-de-lavar-louca","11":"first","12":"instock","13":"taxable","14":"shipping-taxable","15":"purchasable","16":"product-type-simple"},"acf":[],"yoast_head":"<!-- This site is optimized with the Yoast SEO Premium plugin v26.6 (Yoast SEO v26.6) - https:\/\/yoast.com\/wordpress\/plugins\/seo\/ -->\n<title>L\u00edquido para lavagem de vidros 1 L Dispensador ORLAV<\/title>\n<meta name=\"description\" content=\"ORLAV l\u00edquido para lavagem de vidros 1L - brilho perfeito, sem res\u00edduos. Ideal para m\u00e1quinas profissionais. Inclui uma pr\u00e1tica tampa de medi\u00e7\u00e3o.\" \/>\n<meta name=\"robots\" content=\"index, follow, max-snippet:-1, max-image-preview:large, max-video-preview:-1\" \/>\n<link rel=\"canonical\" href=\"https:\/\/www.csj-emballages.com\/pt-pt\/produit\/liquido-de-lavagem-de-vidros-1-l-dispensador-orlav\/\" \/>\n<meta property=\"og:locale\" content=\"pt_PT\" \/>\n<meta property=\"og:type\" content=\"article\" \/>\n<meta property=\"og:title\" content=\"ORLAV l\u00edquido para lavagem de vidros Dispensador de 1 L\" \/>\n<meta property=\"og:description\" content=\"ORLAV l\u00edquido para lavagem de vidros 1L - brilho perfeito, sem res\u00edduos. Ideal para m\u00e1quinas profissionais. Inclui uma pr\u00e1tica tampa de medi\u00e7\u00e3o.\" \/>\n<meta property=\"og:url\" content=\"https:\/\/www.csj-emballages.com\/pt-pt\/produit\/liquido-de-lavagem-de-vidros-1-l-dispensador-orlav\/\" \/>\n<meta property=\"og:site_name\" content=\"CSJ Emballages\" \/>\n<meta property=\"article:publisher\" content=\"https:\/\/www.facebook.com\/csjemballages\" \/>\n<meta property=\"article:modified_time\" content=\"2026-05-01T00:10:32+00:00\" \/>\n<meta property=\"og:image\" content=\"https:\/\/www.csj-emballages.com\/wp-content\/uploads\/2024\/03\/16821.webp\" \/>\n\t<meta property=\"og:image:width\" content=\"800\" \/>\n\t<meta property=\"og:image:height\" content=\"800\" \/>\n\t<meta property=\"og:image:type\" content=\"image\/webp\" \/>\n<meta name=\"twitter:card\" content=\"summary_large_image\" \/>\n<meta name=\"twitter:label1\" content=\"Tempo estimado de leitura\" \/>\n\t<meta name=\"twitter:data1\" content=\"2 minutos\" \/>\n<script type=\"application\/ld+json\" class=\"yoast-schema-graph\">{\"@context\":\"https:\/\/schema.org\",\"@graph\":[{\"@type\":\"WebPage\",\"@id\":\"https:\/\/www.csj-emballages.com\/pt-pt\/produit\/liquido-de-lavagem-de-vidros-1-l-dispensador-orlav\/\",\"url\":\"https:\/\/www.csj-emballages.com\/pt-pt\/produit\/liquido-de-lavagem-de-vidros-1-l-dispensador-orlav\/\",\"name\":\"L\u00edquido para lavagem de vidros 1 L Dispensador ORLAV\",\"isPartOf\":{\"@id\":\"https:\/\/www.csj-emballages.com\/pt-pt\/#website\"},\"primaryImageOfPage\":{\"@id\":\"https:\/\/www.csj-emballages.com\/pt-pt\/produit\/liquido-de-lavagem-de-vidros-1-l-dispensador-orlav\/#primaryimage\"},\"image\":{\"@id\":\"https:\/\/www.csj-emballages.com\/pt-pt\/produit\/liquido-de-lavagem-de-vidros-1-l-dispensador-orlav\/#primaryimage\"},\"thumbnailUrl\":\"https:\/\/www.csj-emballages.com\/wp-content\/uploads\/2024\/03\/16821.webp\",\"datePublished\":\"2024-03-01T15:59:21+00:00\",\"dateModified\":\"2026-05-01T00:10:32+00:00\",\"description\":\"ORLAV l\u00edquido para lavagem de vidros 1L - brilho perfeito, sem res\u00edduos. Ideal para m\u00e1quinas profissionais. Inclui uma pr\u00e1tica tampa de medi\u00e7\u00e3o.\",\"breadcrumb\":{\"@id\":\"https:\/\/www.csj-emballages.com\/pt-pt\/produit\/liquido-de-lavagem-de-vidros-1-l-dispensador-orlav\/#breadcrumb\"},\"inLanguage\":\"pt-PT\",\"potentialAction\":[{\"@type\":\"ReadAction\",\"target\":[\"https:\/\/www.csj-emballages.com\/pt-pt\/produit\/liquido-de-lavagem-de-vidros-1-l-dispensador-orlav\/\"]}]},{\"@type\":\"ImageObject\",\"inLanguage\":\"pt-PT\",\"@id\":\"https:\/\/www.csj-emballages.com\/pt-pt\/produit\/liquido-de-lavagem-de-vidros-1-l-dispensador-orlav\/#primaryimage\",\"url\":\"https:\/\/www.csj-emballages.com\/wp-content\/uploads\/2024\/03\/16821.webp\",\"contentUrl\":\"https:\/\/www.csj-emballages.com\/wp-content\/uploads\/2024\/03\/16821.webp\",\"width\":800,\"height\":800,\"caption\":\"Liquide lave verre\"},{\"@type\":\"BreadcrumbList\",\"@id\":\"https:\/\/www.csj-emballages.com\/pt-pt\/produit\/liquido-de-lavagem-de-vidros-1-l-dispensador-orlav\/#breadcrumb\",\"itemListElement\":[{\"@type\":\"ListItem\",\"position\":1,\"name\":\"Acolhimento\",\"item\":\"https:\/\/www.csj-emballages.com\/pt-pt\/universo-das-embalagens-alimentares\/\"},{\"@type\":\"ListItem\",\"position\":2,\"name\":\"Shop\",\"item\":\"https:\/\/www.csj-emballages.com\/shop\/\"},{\"@type\":\"ListItem\",\"position\":3,\"name\":\"ORLAV l\u00edquido para lavagem de vidros Dispensador de 1 L\"}]},{\"@type\":\"WebSite\",\"@id\":\"https:\/\/www.csj-emballages.com\/pt-pt\/#website\",\"url\":\"https:\/\/www.csj-emballages.com\/pt-pt\/\",\"name\":\"CSJ Emballages\",\"description\":\"\",\"publisher\":{\"@id\":\"https:\/\/www.csj-emballages.com\/pt-pt\/#organization\"},\"potentialAction\":[{\"@type\":\"SearchAction\",\"target\":{\"@type\":\"EntryPoint\",\"urlTemplate\":\"https:\/\/www.csj-emballages.com\/pt-pt\/?s={search_term_string}\"},\"query-input\":{\"@type\":\"PropertyValueSpecification\",\"valueRequired\":true,\"valueName\":\"search_term_string\"}}],\"inLanguage\":\"pt-PT\"},{\"@type\":\"Organization\",\"@id\":\"https:\/\/www.csj-emballages.com\/pt-pt\/#Organization\/\",\"name\":\"CSJ Emballages\",\"url\":\"https:\/\/www.csj-emballages.com\/pt-pt\/\",\"logo\":{\"@type\":\"ImageObject\",\"inLanguage\":\"pt-PT\",\"@id\":\"https:\/\/www.csj-emballages.com\/pt-pt\/#\/schema\/logo\/image\/\",\"url\":\"https:\/\/www.csj-emballages.com\/wp-content\/uploads\/2023\/10\/logo_csj.webp\",\"contentUrl\":\"https:\/\/www.csj-emballages.com\/wp-content\/uploads\/2023\/10\/logo_csj.webp\",\"width\":250,\"height\":95,\"caption\":\"CSJ Emballages\"},\"image\":{\"@id\":\"https:\/\/www.csj-emballages.com\/pt-pt\/#\/schema\/logo\/image\/\"},\"sameAs\":[\"https:\/\/www.facebook.com\/csjemballages\"],\"address\":{\"@type\":\"PostalAddress\",\"streetAddress\":\"ZI La Lechere\",\"addressLocality\":\"Patornay\",\"postalCode\":\"39130\",\"addressCountry\":\"FR\"},\"contactPoint\":[{\"@type\":\"ContactPoint\",\"contactType\":\"Service client\",\"telephone\":\"0384254272\",\"email\":\"contact@csj-emballages.com\"}]}]}<\/script>\n<!-- \/ Yoast SEO Premium plugin. -->","yoast_head_json":{"title":"L\u00edquido para lavagem de vidros 1 L Dispensador ORLAV","description":"ORLAV l\u00edquido para lavagem de vidros 1L - brilho perfeito, sem res\u00edduos. Ideal para m\u00e1quinas profissionais. Inclui uma pr\u00e1tica tampa de medi\u00e7\u00e3o.","robots":{"index":"index","follow":"follow","max-snippet":"max-snippet:-1","max-image-preview":"max-image-preview:large","max-video-preview":"max-video-preview:-1"},"canonical":"https:\/\/www.csj-emballages.com\/pt-pt\/produit\/liquido-de-lavagem-de-vidros-1-l-dispensador-orlav\/","og_locale":"pt_PT","og_type":"article","og_title":"ORLAV l\u00edquido para lavagem de vidros Dispensador de 1 L","og_description":"ORLAV l\u00edquido para lavagem de vidros 1L - brilho perfeito, sem res\u00edduos. Ideal para m\u00e1quinas profissionais. Inclui uma pr\u00e1tica tampa de medi\u00e7\u00e3o.","og_url":"https:\/\/www.csj-emballages.com\/pt-pt\/produit\/liquido-de-lavagem-de-vidros-1-l-dispensador-orlav\/","og_site_name":"CSJ Emballages","article_publisher":"https:\/\/www.facebook.com\/csjemballages","article_modified_time":"2026-05-01T00:10:32+00:00","og_image":[{"width":800,"height":800,"url":"https:\/\/www.csj-emballages.com\/wp-content\/uploads\/2024\/03\/16821.webp","type":"image\/webp"}],"twitter_card":"summary_large_image","twitter_misc":{"Tempo estimado de leitura":"2 minutos"},"schema":{"@context":"https:\/\/schema.org","@graph":[{"@type":"WebPage","@id":"https:\/\/www.csj-emballages.com\/pt-pt\/produit\/liquido-de-lavagem-de-vidros-1-l-dispensador-orlav\/","url":"https:\/\/www.csj-emballages.com\/pt-pt\/produit\/liquido-de-lavagem-de-vidros-1-l-dispensador-orlav\/","name":"L\u00edquido para lavagem de vidros 1 L Dispensador ORLAV","isPartOf":{"@id":"https:\/\/www.csj-emballages.com\/pt-pt\/#website"},"primaryImageOfPage":{"@id":"https:\/\/www.csj-emballages.com\/pt-pt\/produit\/liquido-de-lavagem-de-vidros-1-l-dispensador-orlav\/#primaryimage"},"image":{"@id":"https:\/\/www.csj-emballages.com\/pt-pt\/produit\/liquido-de-lavagem-de-vidros-1-l-dispensador-orlav\/#primaryimage"},"thumbnailUrl":"https:\/\/www.csj-emballages.com\/wp-content\/uploads\/2024\/03\/16821.webp","datePublished":"2024-03-01T15:59:21+00:00","dateModified":"2026-05-01T00:10:32+00:00","description":"ORLAV l\u00edquido para lavagem de vidros 1L - brilho perfeito, sem res\u00edduos. Ideal para m\u00e1quinas profissionais. Inclui uma pr\u00e1tica tampa de medi\u00e7\u00e3o.","breadcrumb":{"@id":"https:\/\/www.csj-emballages.com\/pt-pt\/produit\/liquido-de-lavagem-de-vidros-1-l-dispensador-orlav\/#breadcrumb"},"inLanguage":"pt-PT","potentialAction":[{"@type":"ReadAction","target":["https:\/\/www.csj-emballages.com\/pt-pt\/produit\/liquido-de-lavagem-de-vidros-1-l-dispensador-orlav\/"]}]},{"@type":"ImageObject","inLanguage":"pt-PT","@id":"https:\/\/www.csj-emballages.com\/pt-pt\/produit\/liquido-de-lavagem-de-vidros-1-l-dispensador-orlav\/#primaryimage","url":"https:\/\/www.csj-emballages.com\/wp-content\/uploads\/2024\/03\/16821.webp","contentUrl":"https:\/\/www.csj-emballages.com\/wp-content\/uploads\/2024\/03\/16821.webp","width":800,"height":800,"caption":"Liquide lave verre"},{"@type":"BreadcrumbList","@id":"https:\/\/www.csj-emballages.com\/pt-pt\/produit\/liquido-de-lavagem-de-vidros-1-l-dispensador-orlav\/#breadcrumb","itemListElement":[{"@type":"ListItem","position":1,"name":"Acolhimento","item":"https:\/\/www.csj-emballages.com\/pt-pt\/universo-das-embalagens-alimentares\/"},{"@type":"ListItem","position":2,"name":"Shop","item":"https:\/\/www.csj-emballages.com\/shop\/"},{"@type":"ListItem","position":3,"name":"ORLAV l\u00edquido para lavagem de vidros Dispensador de 1 L"}]},{"@type":"WebSite","@id":"https:\/\/www.csj-emballages.com\/pt-pt\/#website","url":"https:\/\/www.csj-emballages.com\/pt-pt\/","name":"CSJ Emballages","description":"","publisher":{"@id":"https:\/\/www.csj-emballages.com\/pt-pt\/#organization"},"potentialAction":[{"@type":"SearchAction","target":{"@type":"EntryPoint","urlTemplate":"https:\/\/www.csj-emballages.com\/pt-pt\/?s={search_term_string}"},"query-input":{"@type":"PropertyValueSpecification","valueRequired":true,"valueName":"search_term_string"}}],"inLanguage":"pt-PT"},{"@type":"Organization","@id":"https:\/\/www.csj-emballages.com\/pt-pt\/#Organization\/","name":"CSJ Emballages","url":"https:\/\/www.csj-emballages.com\/pt-pt\/","logo":{"@type":"ImageObject","inLanguage":"pt-PT","@id":"https:\/\/www.csj-emballages.com\/pt-pt\/#\/schema\/logo\/image\/","url":"https:\/\/www.csj-emballages.com\/wp-content\/uploads\/2023\/10\/logo_csj.webp","contentUrl":"https:\/\/www.csj-emballages.com\/wp-content\/uploads\/2023\/10\/logo_csj.webp","width":250,"height":95,"caption":"CSJ Emballages"},"image":{"@id":"https:\/\/www.csj-emballages.com\/pt-pt\/#\/schema\/logo\/image\/"},"sameAs":["https:\/\/www.facebook.com\/csjemballages"],"address":{"@type":"PostalAddress","streetAddress":"ZI La Lechere","addressLocality":"Patornay","postalCode":"39130","addressCountry":"FR"},"contactPoint":[{"@type":"ContactPoint","contactType":"Service client","telephone":"0384254272","email":"contact@csj-emballages.com"}]}]}},"df_price":6.62,"df_sale_price":"","df_regular_price":6.62,"df_image_link":"https:\/\/www.csj-emballages.com\/wp-content\/uploads\/2024\/03\/16821-300x300.webp","tiered_pricing_type":"fixed","tiered_pricing_fixed_rules":[],"tiered_pricing_percentage_rules":[],"tiered_pricing_minimum":1,"tiered_pricing_roles_data":[],"_links":{"self":[{"href":"https:\/\/www.csj-emballages.com\/pt-pt\/wp-json\/wp\/v2\/product\/18704","targetHints":{"allow":["GET"]}}],"collection":[{"href":"https:\/\/www.csj-emballages.com\/pt-pt\/wp-json\/wp\/v2\/product"}],"about":[{"href":"https:\/\/www.csj-emballages.com\/pt-pt\/wp-json\/wp\/v2\/types\/product"}],"wp:featuredmedia":[{"embeddable":true,"href":"https:\/\/www.csj-emballages.com\/pt-pt\/wp-json\/wp\/v2\/media\/233355"}],"wp:attachment":[{"href":"https:\/\/www.csj-emballages.com\/pt-pt\/wp-json\/wp\/v2\/media?parent=18704"}],"wp:term":[{"taxonomy":"product_brand","embeddable":true,"href":"https:\/\/www.csj-emballages.com\/pt-pt\/wp-json\/wp\/v2\/product_brand?post=18704"},{"taxonomy":"product_cat","embeddable":true,"href":"https:\/\/www.csj-emballages.com\/pt-pt\/wp-json\/wp\/v2\/product_cat?post=18704"},{"taxonomy":"product_tag","embeddable":true,"href":"https:\/\/www.csj-emballages.com\/pt-pt\/wp-json\/wp\/v2\/product_tag?post=18704"}],"curies":[{"name":"wp","href":"https:\/\/api.w.org\/{rel}","templated":true}]}}