{"id":18698,"date":"2024-03-01T16:57:39","date_gmt":"2024-03-01T15:57:39","guid":{"rendered":"https:\/\/u15jnbdpoq.preview.infomaniak.website\/produit\/descalcificador-para-maquinas-de-lavar-louca-automaticas\/"},"modified":"2026-03-31T02:11:15","modified_gmt":"2026-03-31T00:11:15","slug":"descalcificador-para-maquinas-de-lavar-louca-automaticas","status":"publish","type":"product","link":"https:\/\/www.csj-emballages.com\/pt-pt\/produit\/descalcificador-para-maquinas-de-lavar-louca-automaticas\/","title":{"rendered":"Descalcificador para m\u00e1quinas de lavar lou\u00e7a autom\u00e1ticas 5 litros"},"content":{"rendered":"<h2 class=\"ai-optimize-35\">Descalcificador<\/h2>\n<hr>\n<h3 class=\"ai-optimize-36\">Descri\u00e7\u00e3o do nosso desincrustante para m\u00e1quinas de lavar lou\u00e7a autom\u00e1ticas, 5 litros<\/h3>\n<p><!--more--><\/p>\n<p class=\"ai-optimize-37 ai-optimize-introduction\" data-start=\"276\" data-end=\"649\">Concebido para os profissionais da restaura\u00e7\u00e3o e para os ambientes mais exigentes, este <strong data-start=\"361\" data-end=\"421\">desincrustante para m\u00e1quinas de lavar lou\u00e7a autom\u00e1ticas<\/strong> \u00e9 um formid\u00e1vel aliado contra o calc\u00e1rio e os dep\u00f3sitos persistentes. Gra\u00e7as \u00e0 sua <strong data-start=\"497\" data-end=\"524\">poderosa f\u00f3rmula \u00e1cida<\/strong>, elimina eficazmente os res\u00edduos de calc\u00e1rio e as incrusta\u00e7\u00f5es minerais que prejudicam o desempenho das suas m\u00e1quinas. <\/p>\n<p class=\"ai-optimize-38\" data-start=\"651\" data-end=\"1032\">Foi especialmente formulado para uma utiliza\u00e7\u00e3o regular em <strong>m\u00e1quinas de lavar lou\u00e7a<\/strong> profissionais, m\u00e1quinas de lavar em t\u00fanel e m\u00e1quinas com exaustor. Este produto cont\u00e9m potentes <strong data-start=\"816\" data-end=\"844\">inibidores de corros\u00e3o<\/strong> que proporcionam uma prote\u00e7\u00e3o \u00f3ptima das partes met\u00e1licas do seu equipamento (resist\u00eancias, dep\u00f3sitos, bra\u00e7os de lavagem, etc.), evitando qualquer risco de deteriora\u00e7\u00e3o prematura. <\/p>\n<p class=\"ai-optimize-39\" data-start=\"1034\" data-end=\"1271\">F\u00e1cil de dosear, este <strong>desincrustante<\/strong> actua rapidamente para <strong data-start=\"1088\" data-end=\"1144\">restaurar a efic\u00e1cia da sua m\u00e1quina de lavar lou\u00e7a<\/strong>. A manuten\u00e7\u00e3o regular com este produto prolongar\u00e1 a vida \u00fatil das suas m\u00e1quinas, mantendo uma higiene impec\u00e1vel. <\/p>\n<p class=\"ai-optimize-40\" data-start=\"1273\" data-end=\"1433\">Ideal para institui\u00e7\u00f5es, restaurantes, cantinas ou cozinhas de produ\u00e7\u00e3o, este <strong data-start=\"1355\" data-end=\"1387\">recipiente econ\u00f3mico de 5 litros<\/strong> \u00e9 ideal para rotinas de limpeza intensivas.<\/p>\n<p class=\"ai-optimize-41\" data-start=\"1435\" data-end=\"1581\"><strong data-start=\"1435\" data-end=\"1462\">Sugest\u00e3o de utiliza\u00e7\u00e3o:<\/strong> utilizar numa m\u00e1quina vazia, tal como recomendado pelo fabricante. N\u00e3o misturar com outros produtos qu\u00edmicos. <\/p>\n<p>&nbsp;<\/p>\n<p><!--more--><\/p>\n<h4 class=\"ai-optimize-42\"><strong>As suas vantagens:<\/strong><\/h4>\n<ul>\n<li class=\"ai-optimize-43\">F\u00f3rmula \u00e1cida potente e de a\u00e7\u00e3o r\u00e1pida.<\/li>\n<li class=\"ai-optimize-44\">Dissolve eficazmente o t\u00e1rtaro e as incrusta\u00e7\u00f5es.<\/li>\n<li class=\"ai-optimize-45\">Protege as pe\u00e7as met\u00e1licas gra\u00e7as aos seus inibidores.<\/li>\n<li class=\"ai-optimize-46\">Prolonga a vida \u00fatil do seu equipamento.<\/li>\n<\/ul>\n<p>&nbsp;<\/p>\n<p><!--more--><\/p>\n<h4 class=\"ai-optimize-47\">Outras informa\u00e7\u00f5es :<\/h4>\n<ul>\n<li class=\"ai-optimize-48\"><strong>Embalagem<\/strong>: Por unidade<\/li>\n<li class=\"ai-optimize-49\"><b>Volume<\/b>: 5 litros<\/li>\n<li class=\"ai-optimize-50\"><strong>Utiliza\u00e7\u00e3o<\/strong>: Descalcificador<\/li>\n<\/ul>\n<p>&nbsp;<\/p>\n<p><!--more--><br \/>\nEncontre tamb\u00e9m o nosso detergente de 20 litros para m\u00e1quinas de lavar loi\u00e7a com \u00e1gua dura: <span style=\"color: #d12727;\"><a style=\"color: #d12727;\" href=\"https:\/\/www.csj-emballages.com\/es\/produit\/lavavajillas-de-20-litros-para-aguas-duras\/\">045620<\/a><\/span><\/p>\n<p>&nbsp;<\/p>\n<p><!--more--><\/p>\n<p class=\"ai-optimize-51\"><a href=\"\/?product_cat=lave-vaiselle\">V\u00ea o resto da nossa gama de produtos para a m\u00e1quina de lavar lou\u00e7a<\/a><\/p>\n","protected":false},"excerpt":{"rendered":"<p>Descalcificador Descri\u00e7\u00e3o do nosso desincrustante para m\u00e1quinas de lavar lou\u00e7a autom\u00e1ticas, 5 litros<\/p>\n","protected":false},"featured_media":233498,"template":"","meta":{"_acf_changed":false},"product_brand":[],"product_cat":[1222,1223,1224,1381],"product_tag":[],"class_list":{"0":"post-18698","1":"product","2":"type-product","3":"status-publish","4":"has-post-thumbnail","6":"product_cat-higiene-e-manutencao","7":"product_cat-produtos-de-limpeza","8":"product_cat-cuidados-com-a-loica","9":"product_cat-maquina-de-lavar-louca","10":"product_shipping_class-nao-e-permitido-em-reles","12":"first","13":"instock","14":"taxable","15":"shipping-taxable","16":"purchasable","17":"product-type-simple"},"acf":[],"yoast_head":"<!-- This site is optimized with the Yoast SEO Premium plugin v26.6 (Yoast SEO v26.6) - https:\/\/yoast.com\/wordpress\/plugins\/seo\/ -->\n<title>Descalcificador para m\u00e1quinas de lavar lou\u00e7a autom\u00e1ticas 5 litros<\/title>\n<meta name=\"description\" content=\"Desincrustante para m\u00e1quinas de lavar lou\u00e7a: elimina o calc\u00e1rio e os res\u00edduos, prolonga a vida \u00fatil, f\u00e1cil de utilizar, compat\u00edvel com todos os modelos.\" \/>\n<meta name=\"robots\" content=\"index, follow, max-snippet:-1, max-image-preview:large, max-video-preview:-1\" \/>\n<link rel=\"canonical\" href=\"https:\/\/www.csj-emballages.com\/pt-pt\/produit\/descalcificador-para-maquinas-de-lavar-louca-automaticas\/\" \/>\n<meta property=\"og:locale\" content=\"pt_PT\" \/>\n<meta property=\"og:type\" content=\"article\" \/>\n<meta property=\"og:title\" content=\"Descalcificador para m\u00e1quinas de lavar lou\u00e7a autom\u00e1ticas 5 litros\" \/>\n<meta property=\"og:description\" content=\"Desincrustante para m\u00e1quinas de lavar lou\u00e7a: elimina o calc\u00e1rio e os res\u00edduos, prolonga a vida \u00fatil, f\u00e1cil de utilizar, compat\u00edvel com todos os modelos.\" \/>\n<meta property=\"og:url\" content=\"https:\/\/www.csj-emballages.com\/pt-pt\/produit\/descalcificador-para-maquinas-de-lavar-louca-automaticas\/\" \/>\n<meta property=\"og:site_name\" content=\"CSJ Emballages\" \/>\n<meta property=\"article:publisher\" content=\"https:\/\/www.facebook.com\/csjemballages\" \/>\n<meta property=\"article:modified_time\" content=\"2026-03-31T00:11:15+00:00\" \/>\n<meta property=\"og:image\" content=\"https:\/\/www.csj-emballages.com\/wp-content\/uploads\/2024\/03\/62355.webp\" \/>\n\t<meta property=\"og:image:width\" content=\"800\" \/>\n\t<meta property=\"og:image:height\" content=\"800\" \/>\n\t<meta property=\"og:image:type\" content=\"image\/webp\" \/>\n<meta name=\"twitter:card\" content=\"summary_large_image\" \/>\n<meta name=\"twitter:label1\" content=\"Tempo estimado de leitura\" \/>\n\t<meta name=\"twitter:data1\" content=\"2 minutos\" \/>\n<script type=\"application\/ld+json\" class=\"yoast-schema-graph\">{\"@context\":\"https:\/\/schema.org\",\"@graph\":[{\"@type\":\"WebPage\",\"@id\":\"https:\/\/www.csj-emballages.com\/pt-pt\/produit\/descalcificador-para-maquinas-de-lavar-louca-automaticas\/\",\"url\":\"https:\/\/www.csj-emballages.com\/pt-pt\/produit\/descalcificador-para-maquinas-de-lavar-louca-automaticas\/\",\"name\":\"Descalcificador para m\u00e1quinas de lavar lou\u00e7a autom\u00e1ticas 5 litros\",\"isPartOf\":{\"@id\":\"https:\/\/www.csj-emballages.com\/pt-pt\/#website\"},\"primaryImageOfPage\":{\"@id\":\"https:\/\/www.csj-emballages.com\/pt-pt\/produit\/descalcificador-para-maquinas-de-lavar-louca-automaticas\/#primaryimage\"},\"image\":{\"@id\":\"https:\/\/www.csj-emballages.com\/pt-pt\/produit\/descalcificador-para-maquinas-de-lavar-louca-automaticas\/#primaryimage\"},\"thumbnailUrl\":\"https:\/\/www.csj-emballages.com\/wp-content\/uploads\/2024\/03\/62355.webp\",\"datePublished\":\"2024-03-01T15:57:39+00:00\",\"dateModified\":\"2026-03-31T00:11:15+00:00\",\"description\":\"Desincrustante para m\u00e1quinas de lavar lou\u00e7a: elimina o calc\u00e1rio e os res\u00edduos, prolonga a vida \u00fatil, f\u00e1cil de utilizar, compat\u00edvel com todos os modelos.\",\"breadcrumb\":{\"@id\":\"https:\/\/www.csj-emballages.com\/pt-pt\/produit\/descalcificador-para-maquinas-de-lavar-louca-automaticas\/#breadcrumb\"},\"inLanguage\":\"pt-PT\",\"potentialAction\":[{\"@type\":\"ReadAction\",\"target\":[\"https:\/\/www.csj-emballages.com\/pt-pt\/produit\/descalcificador-para-maquinas-de-lavar-louca-automaticas\/\"]}]},{\"@type\":\"ImageObject\",\"inLanguage\":\"pt-PT\",\"@id\":\"https:\/\/www.csj-emballages.com\/pt-pt\/produit\/descalcificador-para-maquinas-de-lavar-louca-automaticas\/#primaryimage\",\"url\":\"https:\/\/www.csj-emballages.com\/wp-content\/uploads\/2024\/03\/62355.webp\",\"contentUrl\":\"https:\/\/www.csj-emballages.com\/wp-content\/uploads\/2024\/03\/62355.webp\",\"width\":800,\"height\":800,\"caption\":\"D\u00e9sincrustant d\u00e9tartrant\u00a0\"},{\"@type\":\"BreadcrumbList\",\"@id\":\"https:\/\/www.csj-emballages.com\/pt-pt\/produit\/descalcificador-para-maquinas-de-lavar-louca-automaticas\/#breadcrumb\",\"itemListElement\":[{\"@type\":\"ListItem\",\"position\":1,\"name\":\"Acolhimento\",\"item\":\"https:\/\/www.csj-emballages.com\/pt-pt\/universo-das-embalagens-alimentares\/\"},{\"@type\":\"ListItem\",\"position\":2,\"name\":\"Shop\",\"item\":\"https:\/\/www.csj-emballages.com\/shop\/\"},{\"@type\":\"ListItem\",\"position\":3,\"name\":\"Descalcificador para m\u00e1quinas de lavar lou\u00e7a autom\u00e1ticas 5 litros\"}]},{\"@type\":\"WebSite\",\"@id\":\"https:\/\/www.csj-emballages.com\/pt-pt\/#website\",\"url\":\"https:\/\/www.csj-emballages.com\/pt-pt\/\",\"name\":\"CSJ Emballages\",\"description\":\"\",\"publisher\":{\"@id\":\"https:\/\/www.csj-emballages.com\/pt-pt\/#organization\"},\"potentialAction\":[{\"@type\":\"SearchAction\",\"target\":{\"@type\":\"EntryPoint\",\"urlTemplate\":\"https:\/\/www.csj-emballages.com\/pt-pt\/?s={search_term_string}\"},\"query-input\":{\"@type\":\"PropertyValueSpecification\",\"valueRequired\":true,\"valueName\":\"search_term_string\"}}],\"inLanguage\":\"pt-PT\"},{\"@type\":\"Organization\",\"@id\":\"https:\/\/www.csj-emballages.com\/pt-pt\/#Organization\/\",\"name\":\"CSJ Emballages\",\"url\":\"https:\/\/www.csj-emballages.com\/pt-pt\/\",\"logo\":{\"@type\":\"ImageObject\",\"inLanguage\":\"pt-PT\",\"@id\":\"https:\/\/www.csj-emballages.com\/pt-pt\/#\/schema\/logo\/image\/\",\"url\":\"https:\/\/www.csj-emballages.com\/wp-content\/uploads\/2023\/10\/logo_csj.webp\",\"contentUrl\":\"https:\/\/www.csj-emballages.com\/wp-content\/uploads\/2023\/10\/logo_csj.webp\",\"width\":250,\"height\":95,\"caption\":\"CSJ Emballages\"},\"image\":{\"@id\":\"https:\/\/www.csj-emballages.com\/pt-pt\/#\/schema\/logo\/image\/\"},\"sameAs\":[\"https:\/\/www.facebook.com\/csjemballages\"],\"address\":{\"@type\":\"PostalAddress\",\"streetAddress\":\"ZI La Lechere\",\"addressLocality\":\"Patornay\",\"postalCode\":\"39130\",\"addressCountry\":\"FR\"},\"contactPoint\":[{\"@type\":\"ContactPoint\",\"contactType\":\"Service client\",\"telephone\":\"0384254272\",\"email\":\"contact@csj-emballages.com\"}]}]}<\/script>\n<!-- \/ Yoast SEO Premium plugin. -->","yoast_head_json":{"title":"Descalcificador para m\u00e1quinas de lavar lou\u00e7a autom\u00e1ticas 5 litros","description":"Desincrustante para m\u00e1quinas de lavar lou\u00e7a: elimina o calc\u00e1rio e os res\u00edduos, prolonga a vida \u00fatil, f\u00e1cil de utilizar, compat\u00edvel com todos os modelos.","robots":{"index":"index","follow":"follow","max-snippet":"max-snippet:-1","max-image-preview":"max-image-preview:large","max-video-preview":"max-video-preview:-1"},"canonical":"https:\/\/www.csj-emballages.com\/pt-pt\/produit\/descalcificador-para-maquinas-de-lavar-louca-automaticas\/","og_locale":"pt_PT","og_type":"article","og_title":"Descalcificador para m\u00e1quinas de lavar lou\u00e7a autom\u00e1ticas 5 litros","og_description":"Desincrustante para m\u00e1quinas de lavar lou\u00e7a: elimina o calc\u00e1rio e os res\u00edduos, prolonga a vida \u00fatil, f\u00e1cil de utilizar, compat\u00edvel com todos os modelos.","og_url":"https:\/\/www.csj-emballages.com\/pt-pt\/produit\/descalcificador-para-maquinas-de-lavar-louca-automaticas\/","og_site_name":"CSJ Emballages","article_publisher":"https:\/\/www.facebook.com\/csjemballages","article_modified_time":"2026-03-31T00:11:15+00:00","og_image":[{"width":800,"height":800,"url":"https:\/\/www.csj-emballages.com\/wp-content\/uploads\/2024\/03\/62355.webp","type":"image\/webp"}],"twitter_card":"summary_large_image","twitter_misc":{"Tempo estimado de leitura":"2 minutos"},"schema":{"@context":"https:\/\/schema.org","@graph":[{"@type":"WebPage","@id":"https:\/\/www.csj-emballages.com\/pt-pt\/produit\/descalcificador-para-maquinas-de-lavar-louca-automaticas\/","url":"https:\/\/www.csj-emballages.com\/pt-pt\/produit\/descalcificador-para-maquinas-de-lavar-louca-automaticas\/","name":"Descalcificador para m\u00e1quinas de lavar lou\u00e7a autom\u00e1ticas 5 litros","isPartOf":{"@id":"https:\/\/www.csj-emballages.com\/pt-pt\/#website"},"primaryImageOfPage":{"@id":"https:\/\/www.csj-emballages.com\/pt-pt\/produit\/descalcificador-para-maquinas-de-lavar-louca-automaticas\/#primaryimage"},"image":{"@id":"https:\/\/www.csj-emballages.com\/pt-pt\/produit\/descalcificador-para-maquinas-de-lavar-louca-automaticas\/#primaryimage"},"thumbnailUrl":"https:\/\/www.csj-emballages.com\/wp-content\/uploads\/2024\/03\/62355.webp","datePublished":"2024-03-01T15:57:39+00:00","dateModified":"2026-03-31T00:11:15+00:00","description":"Desincrustante para m\u00e1quinas de lavar lou\u00e7a: elimina o calc\u00e1rio e os res\u00edduos, prolonga a vida \u00fatil, f\u00e1cil de utilizar, compat\u00edvel com todos os modelos.","breadcrumb":{"@id":"https:\/\/www.csj-emballages.com\/pt-pt\/produit\/descalcificador-para-maquinas-de-lavar-louca-automaticas\/#breadcrumb"},"inLanguage":"pt-PT","potentialAction":[{"@type":"ReadAction","target":["https:\/\/www.csj-emballages.com\/pt-pt\/produit\/descalcificador-para-maquinas-de-lavar-louca-automaticas\/"]}]},{"@type":"ImageObject","inLanguage":"pt-PT","@id":"https:\/\/www.csj-emballages.com\/pt-pt\/produit\/descalcificador-para-maquinas-de-lavar-louca-automaticas\/#primaryimage","url":"https:\/\/www.csj-emballages.com\/wp-content\/uploads\/2024\/03\/62355.webp","contentUrl":"https:\/\/www.csj-emballages.com\/wp-content\/uploads\/2024\/03\/62355.webp","width":800,"height":800,"caption":"D\u00e9sincrustant d\u00e9tartrant\u00a0"},{"@type":"BreadcrumbList","@id":"https:\/\/www.csj-emballages.com\/pt-pt\/produit\/descalcificador-para-maquinas-de-lavar-louca-automaticas\/#breadcrumb","itemListElement":[{"@type":"ListItem","position":1,"name":"Acolhimento","item":"https:\/\/www.csj-emballages.com\/pt-pt\/universo-das-embalagens-alimentares\/"},{"@type":"ListItem","position":2,"name":"Shop","item":"https:\/\/www.csj-emballages.com\/shop\/"},{"@type":"ListItem","position":3,"name":"Descalcificador para m\u00e1quinas de lavar lou\u00e7a autom\u00e1ticas 5 litros"}]},{"@type":"WebSite","@id":"https:\/\/www.csj-emballages.com\/pt-pt\/#website","url":"https:\/\/www.csj-emballages.com\/pt-pt\/","name":"CSJ Emballages","description":"","publisher":{"@id":"https:\/\/www.csj-emballages.com\/pt-pt\/#organization"},"potentialAction":[{"@type":"SearchAction","target":{"@type":"EntryPoint","urlTemplate":"https:\/\/www.csj-emballages.com\/pt-pt\/?s={search_term_string}"},"query-input":{"@type":"PropertyValueSpecification","valueRequired":true,"valueName":"search_term_string"}}],"inLanguage":"pt-PT"},{"@type":"Organization","@id":"https:\/\/www.csj-emballages.com\/pt-pt\/#Organization\/","name":"CSJ Emballages","url":"https:\/\/www.csj-emballages.com\/pt-pt\/","logo":{"@type":"ImageObject","inLanguage":"pt-PT","@id":"https:\/\/www.csj-emballages.com\/pt-pt\/#\/schema\/logo\/image\/","url":"https:\/\/www.csj-emballages.com\/wp-content\/uploads\/2023\/10\/logo_csj.webp","contentUrl":"https:\/\/www.csj-emballages.com\/wp-content\/uploads\/2023\/10\/logo_csj.webp","width":250,"height":95,"caption":"CSJ Emballages"},"image":{"@id":"https:\/\/www.csj-emballages.com\/pt-pt\/#\/schema\/logo\/image\/"},"sameAs":["https:\/\/www.facebook.com\/csjemballages"],"address":{"@type":"PostalAddress","streetAddress":"ZI La Lechere","addressLocality":"Patornay","postalCode":"39130","addressCountry":"FR"},"contactPoint":[{"@type":"ContactPoint","contactType":"Service client","telephone":"0384254272","email":"contact@csj-emballages.com"}]}]}},"df_price":13.52,"df_sale_price":"","df_regular_price":13.52,"df_image_link":"https:\/\/www.csj-emballages.com\/wp-content\/uploads\/2024\/03\/62355-300x300.webp","tiered_pricing_type":"fixed","tiered_pricing_fixed_rules":[],"tiered_pricing_percentage_rules":[],"tiered_pricing_minimum":1,"tiered_pricing_roles_data":[],"_links":{"self":[{"href":"https:\/\/www.csj-emballages.com\/pt-pt\/wp-json\/wp\/v2\/product\/18698","targetHints":{"allow":["GET"]}}],"collection":[{"href":"https:\/\/www.csj-emballages.com\/pt-pt\/wp-json\/wp\/v2\/product"}],"about":[{"href":"https:\/\/www.csj-emballages.com\/pt-pt\/wp-json\/wp\/v2\/types\/product"}],"wp:featuredmedia":[{"embeddable":true,"href":"https:\/\/www.csj-emballages.com\/pt-pt\/wp-json\/wp\/v2\/media\/233498"}],"wp:attachment":[{"href":"https:\/\/www.csj-emballages.com\/pt-pt\/wp-json\/wp\/v2\/media?parent=18698"}],"wp:term":[{"taxonomy":"product_brand","embeddable":true,"href":"https:\/\/www.csj-emballages.com\/pt-pt\/wp-json\/wp\/v2\/product_brand?post=18698"},{"taxonomy":"product_cat","embeddable":true,"href":"https:\/\/www.csj-emballages.com\/pt-pt\/wp-json\/wp\/v2\/product_cat?post=18698"},{"taxonomy":"product_tag","embeddable":true,"href":"https:\/\/www.csj-emballages.com\/pt-pt\/wp-json\/wp\/v2\/product_tag?post=18698"}],"curies":[{"name":"wp","href":"https:\/\/api.w.org\/{rel}","templated":true}]}}