{"id":18688,"date":"2024-03-01T16:57:39","date_gmt":"2024-03-01T15:57:39","guid":{"rendered":"https:\/\/u15jnbdpoq.preview.infomaniak.website\/produit\/franja-de-microfibra-azul-de-40-cm-com-bolsos-e-lingua-com-orificio\/"},"modified":"2026-05-06T02:11:04","modified_gmt":"2026-05-06T00:11:04","slug":"franja-de-microfibra-azul-de-40-cm-com-bolsos-e-lingua-com-orificio","status":"publish","type":"product","link":"https:\/\/www.csj-emballages.com\/pt-pt\/produit\/franja-de-microfibra-azul-de-40-cm-com-bolsos-e-lingua-com-orificio\/","title":{"rendered":"Franja de microfibra azul de 40 cm com bolsos e l\u00edngua com orif\u00edcio"},"content":{"rendered":"<h2>Franja em microfibra<\/h2>\n<hr>\n<h3>Descri\u00e7\u00e3o da nossa franja de microfibra azul 40 cm com bolsos e l\u00edngua com orif\u00edcio<!--more--><\/h3>\n<div class=\"flex max-w-full flex-col flex-grow\">\n<div class=\"min-h-8 text-message flex w-full flex-col items-end gap-2 whitespace-normal break-words text-start [.text-message+&amp;]:mt-5\" dir=\"auto\" data-message-author-role=\"assistant\" data-message-id=\"266ca6f3-5e07-4948-bd20-80ac5e6da4a5\" data-message-model-slug=\"gpt-4o\">\n<div class=\"flex w-full flex-col gap-1 empty:hidden first:pt-[3px]\">\n<div class=\"markdown prose w-full break-words dark:prose-invert dark\">\n<p data-start=\"309\" data-end=\"699\">Esta <strong>mopa de microfibra azul<\/strong> de <strong data-start=\"342\" data-end=\"351\">40 cm<\/strong> foi concebida para simplificar a limpeza di\u00e1ria, oferecendo ao mesmo tempo um verdadeiro conforto de utiliza\u00e7\u00e3o. Desde a primeira passagem, capta eficazmente o p\u00f3, a sujidade e a humidade, mesmo nos pavimentos mais utilizados. Gra\u00e7as \u00e0 microfibra, a limpeza torna-se mais r\u00e1pida e, sobretudo, mais limpa, sem deixar marcas.<\/p>\n<p data-start=\"701\" data-end=\"1149\">O seu sistema <strong data-start=\"713\" data-end=\"759\">de bolsas combinado com uma lingueta com orif\u00edcio<\/strong> permite uma fixa\u00e7\u00e3o f\u00e1cil e est\u00e1vel no suporte. A mopa mant\u00e9m-se bem no lugar durante a utiliza\u00e7\u00e3o, o que evita ajustes constantes e poupa um tempo precioso. Al\u00e9m disso, as <strong>linguetas coloridas<\/strong> facilitam a implementa\u00e7\u00e3o de um <strong>c\u00f3digo de cores<\/strong>, ideal para respeitar as regras de higiene e evitar a contamina\u00e7\u00e3o cruzada, especialmente em ambientes profissionais.<\/p>\n<p data-start=\"1151\" data-end=\"1484\">Al\u00e9m disso, o seu formato de <strong>40 cm<\/strong> oferece uma boa superf\u00edcie de limpeza, o que permite cobrir mais pavimento em menos passagens. Adapta-se tanto a escrit\u00f3rios como a lojas, espa\u00e7os coletivos ou estabelecimentos de restaura\u00e7\u00e3o. Resistente e duradoura, esta mopa suporta lavagens repetidas, mantendo o seu desempenho.  <\/p>\n<p data-start=\"1486\" data-end=\"1741\">Em resumo, esta <strong>mopa de microfibra<\/strong> combina efic\u00e1cia, praticidade e higiene. \u00c9 perfeita para profissionais e utilizadores exigentes que procuram um material fi\u00e1vel, simples de utilizar e concebido para a limpeza regular de pavimentos. <\/p>\n<h3><\/h3>\n<\/div>\n<\/div>\n<\/div>\n<\/div>\n<p><!--more--><\/p>\n<h4>Vantagens :<\/h4>\n<ul>\n<li data-start=\"168\" data-end=\"231\">Capta eficazmente o <strong>p\u00f3, a sujidade e a humidade<\/strong>.<\/li>\n<li data-start=\"234\" data-end=\"289\">Microfibra de alto desempenho para uma limpeza sem rastos.<\/li>\n<li data-start=\"292\" data-end=\"359\">Sistema de bolsas e lingueta com orif\u00edcio para uma fixa\u00e7\u00e3o est\u00e1vel.<\/li>\n<li data-start=\"362\" data-end=\"429\"><strong>Linguetas coloridas<\/strong> ideais para o cumprimento das regras de higiene.<\/li>\n<li data-start=\"432\" data-end=\"493\"><strong>Largura de 40 cm<\/strong> para limpar mais depressa e de forma mais eficaz.<\/li>\n<li data-start=\"496\" data-end=\"544\">Resistente a lavagens repetidas, utiliza\u00e7\u00e3o duradoura.<\/li>\n<li data-start=\"547\" data-end=\"604\">Adequada para ambientes profissionais e coletivos.<\/li>\n<\/ul>\n<p>&nbsp;<\/p>\n<p><!--more--><\/p>\n<h4>Outras informa\u00e7\u00f5es :<\/h4>\n<ul>\n<li><strong>Embalagem<\/strong>: Vendido individualmente<\/li>\n<li><b>Comprimento: <\/b>40 cm<\/li>\n<li><b>Cor: <\/b>azul<\/li>\n<\/ul>\n<p>&nbsp;<\/p>\n<p><!--more--><\/p>\n<p>Encontre aqui a nossa franja de microfibra com lingueta: <span style=\"color: #d12727;\"><a style=\"color: #d12727;\" href=\"https:\/\/www.csj-emballages.com\/es\/produit\/mopa-de-microfibra-azul-de-40-cm-con-lengueta\/\">6263<\/a><\/span><\/p>\n<p>&nbsp;<\/p>\n<p><!--more--><\/p>\n<p><a href=\"https:\/\/www.csj-emballages.com\/pt-pt\/categorie-produit\/higiene-e-manutencao\/escovas-e-vassouras\/vassoura-escova-espanador-de-penas\/gama-speedy\/\">Consulte o resto da nossa gama Speedy<\/a><\/p>\n","protected":false},"excerpt":{"rendered":"<p>Franja em microfibra Descri\u00e7\u00e3o da nossa franja de microfibra azul 40 cm com bolsos e l\u00edngua com orif\u00edcio<\/p>\n","protected":false},"featured_media":263664,"template":"","meta":{"_acf_changed":false},"product_brand":[],"product_cat":[1222,1456,1821,1907],"product_tag":[],"class_list":{"0":"post-18688","1":"product","2":"type-product","3":"status-publish","4":"has-post-thumbnail","6":"product_cat-higiene-e-manutencao","7":"product_cat-escovas-e-vassouras","8":"product_cat-vassoura-escova-espanador-de-penas","9":"product_cat-gama-speedy","11":"first","12":"instock","13":"taxable","14":"shipping-taxable","15":"purchasable","16":"product-type-simple"},"acf":[],"yoast_head":"<!-- This site is optimized with the Yoast SEO Premium plugin v26.6 (Yoast SEO v26.6) - https:\/\/yoast.com\/wordpress\/plugins\/seo\/ -->\n<title>Franja de microfibra azul de 40 cm com bolsos e l\u00edngua com orif\u00edcio<\/title>\n<meta name=\"description\" content=\"Franja de microfibra azul de 40 cm com bolsos e l\u00edngua com orif\u00edcio. Ideal para uma limpeza eficaz, capta o p\u00f3.\" \/>\n<meta name=\"robots\" content=\"index, follow, max-snippet:-1, max-image-preview:large, max-video-preview:-1\" \/>\n<link rel=\"canonical\" href=\"https:\/\/www.csj-emballages.com\/pt-pt\/produit\/franja-de-microfibra-azul-de-40-cm-com-bolsos-e-lingua-com-orificio\/\" \/>\n<meta property=\"og:locale\" content=\"pt_PT\" \/>\n<meta property=\"og:type\" content=\"article\" \/>\n<meta property=\"og:title\" content=\"Franja de microfibra azul de 40 cm com bolsos e l\u00edngua com orif\u00edcio\" \/>\n<meta property=\"og:description\" content=\"Franja de microfibra azul de 40 cm com bolsos e l\u00edngua com orif\u00edcio. Ideal para uma limpeza eficaz, capta o p\u00f3.\" \/>\n<meta property=\"og:url\" content=\"https:\/\/www.csj-emballages.com\/pt-pt\/produit\/franja-de-microfibra-azul-de-40-cm-com-bolsos-e-lingua-com-orificio\/\" \/>\n<meta property=\"og:site_name\" content=\"CSJ Emballages\" \/>\n<meta property=\"article:publisher\" content=\"https:\/\/www.facebook.com\/csjemballages\" \/>\n<meta property=\"article:modified_time\" content=\"2026-05-06T00:11:04+00:00\" \/>\n<meta property=\"og:image\" content=\"https:\/\/www.csj-emballages.com\/wp-content\/uploads\/2026\/02\/6263.webp\" \/>\n\t<meta property=\"og:image:width\" content=\"800\" \/>\n\t<meta property=\"og:image:height\" content=\"800\" \/>\n\t<meta property=\"og:image:type\" content=\"image\/webp\" \/>\n<meta name=\"twitter:card\" content=\"summary_large_image\" \/>\n<meta name=\"twitter:label1\" content=\"Tempo estimado de leitura\" \/>\n\t<meta name=\"twitter:data1\" content=\"2 minutos\" \/>\n<script type=\"application\/ld+json\" class=\"yoast-schema-graph\">{\"@context\":\"https:\/\/schema.org\",\"@graph\":[{\"@type\":\"WebPage\",\"@id\":\"https:\/\/www.csj-emballages.com\/pt-pt\/produit\/franja-de-microfibra-azul-de-40-cm-com-bolsos-e-lingua-com-orificio\/\",\"url\":\"https:\/\/www.csj-emballages.com\/pt-pt\/produit\/franja-de-microfibra-azul-de-40-cm-com-bolsos-e-lingua-com-orificio\/\",\"name\":\"Franja de microfibra azul de 40 cm com bolsos e l\u00edngua com orif\u00edcio\",\"isPartOf\":{\"@id\":\"https:\/\/www.csj-emballages.com\/pt-pt\/#website\"},\"primaryImageOfPage\":{\"@id\":\"https:\/\/www.csj-emballages.com\/pt-pt\/produit\/franja-de-microfibra-azul-de-40-cm-com-bolsos-e-lingua-com-orificio\/#primaryimage\"},\"image\":{\"@id\":\"https:\/\/www.csj-emballages.com\/pt-pt\/produit\/franja-de-microfibra-azul-de-40-cm-com-bolsos-e-lingua-com-orificio\/#primaryimage\"},\"thumbnailUrl\":\"https:\/\/www.csj-emballages.com\/wp-content\/uploads\/2026\/02\/6263.webp\",\"datePublished\":\"2024-03-01T15:57:39+00:00\",\"dateModified\":\"2026-05-06T00:11:04+00:00\",\"description\":\"Franja de microfibra azul de 40 cm com bolsos e l\u00edngua com orif\u00edcio. Ideal para uma limpeza eficaz, capta o p\u00f3.\",\"breadcrumb\":{\"@id\":\"https:\/\/www.csj-emballages.com\/pt-pt\/produit\/franja-de-microfibra-azul-de-40-cm-com-bolsos-e-lingua-com-orificio\/#breadcrumb\"},\"inLanguage\":\"pt-PT\",\"potentialAction\":[{\"@type\":\"ReadAction\",\"target\":[\"https:\/\/www.csj-emballages.com\/pt-pt\/produit\/franja-de-microfibra-azul-de-40-cm-com-bolsos-e-lingua-com-orificio\/\"]}]},{\"@type\":\"ImageObject\",\"inLanguage\":\"pt-PT\",\"@id\":\"https:\/\/www.csj-emballages.com\/pt-pt\/produit\/franja-de-microfibra-azul-de-40-cm-com-bolsos-e-lingua-com-orificio\/#primaryimage\",\"url\":\"https:\/\/www.csj-emballages.com\/wp-content\/uploads\/2026\/02\/6263.webp\",\"contentUrl\":\"https:\/\/www.csj-emballages.com\/wp-content\/uploads\/2026\/02\/6263.webp\",\"width\":800,\"height\":800,\"caption\":\"Frange microfibre\"},{\"@type\":\"BreadcrumbList\",\"@id\":\"https:\/\/www.csj-emballages.com\/pt-pt\/produit\/franja-de-microfibra-azul-de-40-cm-com-bolsos-e-lingua-com-orificio\/#breadcrumb\",\"itemListElement\":[{\"@type\":\"ListItem\",\"position\":1,\"name\":\"Acolhimento\",\"item\":\"https:\/\/www.csj-emballages.com\/pt-pt\/universo-das-embalagens-alimentares\/\"},{\"@type\":\"ListItem\",\"position\":2,\"name\":\"Shop\",\"item\":\"https:\/\/www.csj-emballages.com\/shop\/\"},{\"@type\":\"ListItem\",\"position\":3,\"name\":\"Franja de microfibra azul de 40 cm com bolsos e l\u00edngua com orif\u00edcio\"}]},{\"@type\":\"WebSite\",\"@id\":\"https:\/\/www.csj-emballages.com\/pt-pt\/#website\",\"url\":\"https:\/\/www.csj-emballages.com\/pt-pt\/\",\"name\":\"CSJ Emballages\",\"description\":\"\",\"publisher\":{\"@id\":\"https:\/\/www.csj-emballages.com\/pt-pt\/#organization\"},\"potentialAction\":[{\"@type\":\"SearchAction\",\"target\":{\"@type\":\"EntryPoint\",\"urlTemplate\":\"https:\/\/www.csj-emballages.com\/pt-pt\/?s={search_term_string}\"},\"query-input\":{\"@type\":\"PropertyValueSpecification\",\"valueRequired\":true,\"valueName\":\"search_term_string\"}}],\"inLanguage\":\"pt-PT\"},{\"@type\":\"Organization\",\"@id\":\"https:\/\/www.csj-emballages.com\/pt-pt\/#Organization\/\",\"name\":\"CSJ Emballages\",\"url\":\"https:\/\/www.csj-emballages.com\/pt-pt\/\",\"logo\":{\"@type\":\"ImageObject\",\"inLanguage\":\"pt-PT\",\"@id\":\"https:\/\/www.csj-emballages.com\/pt-pt\/#\/schema\/logo\/image\/\",\"url\":\"https:\/\/www.csj-emballages.com\/wp-content\/uploads\/2023\/10\/logo_csj.webp\",\"contentUrl\":\"https:\/\/www.csj-emballages.com\/wp-content\/uploads\/2023\/10\/logo_csj.webp\",\"width\":250,\"height\":95,\"caption\":\"CSJ Emballages\"},\"image\":{\"@id\":\"https:\/\/www.csj-emballages.com\/pt-pt\/#\/schema\/logo\/image\/\"},\"sameAs\":[\"https:\/\/www.facebook.com\/csjemballages\"],\"address\":{\"@type\":\"PostalAddress\",\"streetAddress\":\"ZI La Lechere\",\"addressLocality\":\"Patornay\",\"postalCode\":\"39130\",\"addressCountry\":\"FR\"},\"contactPoint\":[{\"@type\":\"ContactPoint\",\"contactType\":\"Service client\",\"telephone\":\"0384254272\",\"email\":\"contact@csj-emballages.com\"}]}]}<\/script>\n<!-- \/ Yoast SEO Premium plugin. -->","yoast_head_json":{"title":"Franja de microfibra azul de 40 cm com bolsos e l\u00edngua com orif\u00edcio","description":"Franja de microfibra azul de 40 cm com bolsos e l\u00edngua com orif\u00edcio. Ideal para uma limpeza eficaz, capta o p\u00f3.","robots":{"index":"index","follow":"follow","max-snippet":"max-snippet:-1","max-image-preview":"max-image-preview:large","max-video-preview":"max-video-preview:-1"},"canonical":"https:\/\/www.csj-emballages.com\/pt-pt\/produit\/franja-de-microfibra-azul-de-40-cm-com-bolsos-e-lingua-com-orificio\/","og_locale":"pt_PT","og_type":"article","og_title":"Franja de microfibra azul de 40 cm com bolsos e l\u00edngua com orif\u00edcio","og_description":"Franja de microfibra azul de 40 cm com bolsos e l\u00edngua com orif\u00edcio. Ideal para uma limpeza eficaz, capta o p\u00f3.","og_url":"https:\/\/www.csj-emballages.com\/pt-pt\/produit\/franja-de-microfibra-azul-de-40-cm-com-bolsos-e-lingua-com-orificio\/","og_site_name":"CSJ Emballages","article_publisher":"https:\/\/www.facebook.com\/csjemballages","article_modified_time":"2026-05-06T00:11:04+00:00","og_image":[{"width":800,"height":800,"url":"https:\/\/www.csj-emballages.com\/wp-content\/uploads\/2026\/02\/6263.webp","type":"image\/webp"}],"twitter_card":"summary_large_image","twitter_misc":{"Tempo estimado de leitura":"2 minutos"},"schema":{"@context":"https:\/\/schema.org","@graph":[{"@type":"WebPage","@id":"https:\/\/www.csj-emballages.com\/pt-pt\/produit\/franja-de-microfibra-azul-de-40-cm-com-bolsos-e-lingua-com-orificio\/","url":"https:\/\/www.csj-emballages.com\/pt-pt\/produit\/franja-de-microfibra-azul-de-40-cm-com-bolsos-e-lingua-com-orificio\/","name":"Franja de microfibra azul de 40 cm com bolsos e l\u00edngua com orif\u00edcio","isPartOf":{"@id":"https:\/\/www.csj-emballages.com\/pt-pt\/#website"},"primaryImageOfPage":{"@id":"https:\/\/www.csj-emballages.com\/pt-pt\/produit\/franja-de-microfibra-azul-de-40-cm-com-bolsos-e-lingua-com-orificio\/#primaryimage"},"image":{"@id":"https:\/\/www.csj-emballages.com\/pt-pt\/produit\/franja-de-microfibra-azul-de-40-cm-com-bolsos-e-lingua-com-orificio\/#primaryimage"},"thumbnailUrl":"https:\/\/www.csj-emballages.com\/wp-content\/uploads\/2026\/02\/6263.webp","datePublished":"2024-03-01T15:57:39+00:00","dateModified":"2026-05-06T00:11:04+00:00","description":"Franja de microfibra azul de 40 cm com bolsos e l\u00edngua com orif\u00edcio. Ideal para uma limpeza eficaz, capta o p\u00f3.","breadcrumb":{"@id":"https:\/\/www.csj-emballages.com\/pt-pt\/produit\/franja-de-microfibra-azul-de-40-cm-com-bolsos-e-lingua-com-orificio\/#breadcrumb"},"inLanguage":"pt-PT","potentialAction":[{"@type":"ReadAction","target":["https:\/\/www.csj-emballages.com\/pt-pt\/produit\/franja-de-microfibra-azul-de-40-cm-com-bolsos-e-lingua-com-orificio\/"]}]},{"@type":"ImageObject","inLanguage":"pt-PT","@id":"https:\/\/www.csj-emballages.com\/pt-pt\/produit\/franja-de-microfibra-azul-de-40-cm-com-bolsos-e-lingua-com-orificio\/#primaryimage","url":"https:\/\/www.csj-emballages.com\/wp-content\/uploads\/2026\/02\/6263.webp","contentUrl":"https:\/\/www.csj-emballages.com\/wp-content\/uploads\/2026\/02\/6263.webp","width":800,"height":800,"caption":"Frange microfibre"},{"@type":"BreadcrumbList","@id":"https:\/\/www.csj-emballages.com\/pt-pt\/produit\/franja-de-microfibra-azul-de-40-cm-com-bolsos-e-lingua-com-orificio\/#breadcrumb","itemListElement":[{"@type":"ListItem","position":1,"name":"Acolhimento","item":"https:\/\/www.csj-emballages.com\/pt-pt\/universo-das-embalagens-alimentares\/"},{"@type":"ListItem","position":2,"name":"Shop","item":"https:\/\/www.csj-emballages.com\/shop\/"},{"@type":"ListItem","position":3,"name":"Franja de microfibra azul de 40 cm com bolsos e l\u00edngua com orif\u00edcio"}]},{"@type":"WebSite","@id":"https:\/\/www.csj-emballages.com\/pt-pt\/#website","url":"https:\/\/www.csj-emballages.com\/pt-pt\/","name":"CSJ Emballages","description":"","publisher":{"@id":"https:\/\/www.csj-emballages.com\/pt-pt\/#organization"},"potentialAction":[{"@type":"SearchAction","target":{"@type":"EntryPoint","urlTemplate":"https:\/\/www.csj-emballages.com\/pt-pt\/?s={search_term_string}"},"query-input":{"@type":"PropertyValueSpecification","valueRequired":true,"valueName":"search_term_string"}}],"inLanguage":"pt-PT"},{"@type":"Organization","@id":"https:\/\/www.csj-emballages.com\/pt-pt\/#Organization\/","name":"CSJ Emballages","url":"https:\/\/www.csj-emballages.com\/pt-pt\/","logo":{"@type":"ImageObject","inLanguage":"pt-PT","@id":"https:\/\/www.csj-emballages.com\/pt-pt\/#\/schema\/logo\/image\/","url":"https:\/\/www.csj-emballages.com\/wp-content\/uploads\/2023\/10\/logo_csj.webp","contentUrl":"https:\/\/www.csj-emballages.com\/wp-content\/uploads\/2023\/10\/logo_csj.webp","width":250,"height":95,"caption":"CSJ Emballages"},"image":{"@id":"https:\/\/www.csj-emballages.com\/pt-pt\/#\/schema\/logo\/image\/"},"sameAs":["https:\/\/www.facebook.com\/csjemballages"],"address":{"@type":"PostalAddress","streetAddress":"ZI La Lechere","addressLocality":"Patornay","postalCode":"39130","addressCountry":"FR"},"contactPoint":[{"@type":"ContactPoint","contactType":"Service client","telephone":"0384254272","email":"contact@csj-emballages.com"}]}]}},"df_price":2.39,"df_sale_price":"","df_regular_price":2.39,"df_image_link":"https:\/\/www.csj-emballages.com\/wp-content\/uploads\/2026\/02\/6263-300x300.webp","tiered_pricing_type":"fixed","tiered_pricing_fixed_rules":[],"tiered_pricing_percentage_rules":[],"tiered_pricing_minimum":1,"tiered_pricing_roles_data":[],"_links":{"self":[{"href":"https:\/\/www.csj-emballages.com\/pt-pt\/wp-json\/wp\/v2\/product\/18688","targetHints":{"allow":["GET"]}}],"collection":[{"href":"https:\/\/www.csj-emballages.com\/pt-pt\/wp-json\/wp\/v2\/product"}],"about":[{"href":"https:\/\/www.csj-emballages.com\/pt-pt\/wp-json\/wp\/v2\/types\/product"}],"wp:featuredmedia":[{"embeddable":true,"href":"https:\/\/www.csj-emballages.com\/pt-pt\/wp-json\/wp\/v2\/media\/263664"}],"wp:attachment":[{"href":"https:\/\/www.csj-emballages.com\/pt-pt\/wp-json\/wp\/v2\/media?parent=18688"}],"wp:term":[{"taxonomy":"product_brand","embeddable":true,"href":"https:\/\/www.csj-emballages.com\/pt-pt\/wp-json\/wp\/v2\/product_brand?post=18688"},{"taxonomy":"product_cat","embeddable":true,"href":"https:\/\/www.csj-emballages.com\/pt-pt\/wp-json\/wp\/v2\/product_cat?post=18688"},{"taxonomy":"product_tag","embeddable":true,"href":"https:\/\/www.csj-emballages.com\/pt-pt\/wp-json\/wp\/v2\/product_tag?post=18688"}],"curies":[{"name":"wp","href":"https:\/\/api.w.org\/{rel}","templated":true}]}}